{"id":52197,"date":"2016-01-25T12:37:28","date_gmt":"2016-01-25T11:37:28","guid":{"rendered":"https:\/\/www.comprarmejor.es\/producto\/the-fantastic-four-excelsior-library-collection-marvel\/"},"modified":"2019-08-30T16:22:07","modified_gmt":"2019-08-30T14:22:07","slug":"the-fantastic-four-excelsior-library-collection-marvel","status":"publish","type":"product","link":"https:\/\/www.comprarmejor.es\/en\/product\/the-fantastic-four-excelsior-library-collection-marvel\/","title":{"rendered":"The Fantastic Four, Excelsior Library collection Marvel"},"content":{"rendered":"<p style=\"text-align:justify;\"><span id=\"result_box\" lang=\"en\" xml:lang=\"en\"><span title=\"Colecci\u00f3n completa de la Biblioteca Marvel Excelsior de Los 4 Fant\u00e1sticos que Comics Forum public\u00f3 en espa\u00f1ol entre mayo de 2001 y junio de 2003 en 35 tomos de 15 x 21 cm de 160 p\u00e1ginas cada uno de ellos.\">Complete Collection of the Library of Excelsior Marvel Fantastic 4 Comics Forum which published in Spanish between May 2001 and June 2003 in 35 volumes of 15 x 21 cm 160 pages each. <\/span><span title=\"Portadas a todo color con espectaculares dibujos, ilustraciones interiores en blanco y negro.\">Full color covers with spectacular drawings, interior black and white illustrations. <\/span><span title=\"Tomos en perfecto estado, como nuevos.\">Volumes in perfect condition, as new. <\/span><span title=\"Peso total de la colecci\u00f3n: 7.887 gramos.\">Total weight of the collection: 7,887 grams.<\/p>\n<p><\/span><span title=\"Una excelente oportunidad de tener todo el material publicado en USA, y por orden cronol\u00f3gico, desde que apareci\u00f3 all\u00e1 por 1961 hasta 1981 (el material de la revista The Fantastic Four concluye en el n\u00famero 231 de junio 1981) de uno de los grupos del universo\">An excellent opportunity to have all the material published in USA, and by chronological order, since it appeared back in 1961-1981 (the material issue of The Fantastic Four concludes at number 231, June 1981) of one of the groups of the universe <\/span><span title=\"Marvel que m\u00e1s seguidores ha tenido a lo largo de su evoluci\u00f3n.\">Marvel has more followers throughout its evolution. <\/span><span title=\"Incluye material in\u00e9dito en Espa\u00f1a, especiales y anuales, as\u00ed como todos los grandes artistas y maestros del comic USA que han pasado por sus historias y que han ido dejando sus huellas e improntas en los personajes m\u00e1s famosos de Marvel.\">It includes unpublished material in Spain, special and annual as well as all the great masters of comic artists and USA who have gone through their stories and have left their traces and imprints in the most famous Marvel characters. <\/span><span title=\"Es la edici\u00f3n m\u00e1s completa jam\u00e1s publicada del cuarteto de h\u00e9roes.\">It is the most comprehensive ever published edition of the quartet of heroes.<\/p>\n<p><\/span><span title=\"\u201cEste volumen contiene los comics de Stan Lee y Jack Kirby que dieron lugar al inicio de la Era Marvel.\">&#8220;This volume contains comics of Stan Lee and Jack Kirby that led to the beginning of the Age Marvel. <\/span><span title=\"A su vez, suponen un antes y un despu\u00e9s en la historia del comic, por el tratamiento veros\u00edmil de sus personajes.\">In turn, represent a before and after in the history of comics, for the treatment of his characters believable. <\/span><span title=\"Por eso, su valor creativo es inconmensurable.\">Therefore, its value is immeasurable creative. <\/span><span title=\"En ellos tiene lugar la primera aparici\u00f3n de Los 4 Fant\u00e1sticos, un cuarteto de aventureros con incre\u00edbles superpoderes que vivir\u00e1n todo tipo de aventuras en un cosmos de ficci\u00f3n que a\u00fan est\u00e1 por descubrir.\">In them the first appearance of Fantastic 4, a quartet of adventurers with amazing superpowers that live all kinds of adventures in a fictional universe that is yet to discover takes place. <\/span><span title=\"En resumen, este volumen representa un momento esencial de la historia del comic univesal.\u201d\">In short, this volume represents a pivotal moment in the history of comic univesal. &#8220;<\/p>\n<p><\/span><span title=\"\u00a1Con este art\u00edculo se REGALA un \u00e1lbum de fotos de madera en formato libro!\">With this article a\u00a0<a href=\"http:\/\/comprarmejor.es\/en\/divers\/300-wood-photo-album-with-a-book\" target=\"_blank\" rel=\"noopener noreferrer\">photo album<\/a> GIVE wood in book form!<\/p>\n<p><\/span><span title=\"Gastos de env\u00edo por cuenta del comprador, seg\u00fan pedido y destino.\">Shipping by the buyer, upon request and destination.\u00a0<\/span><span title=\"Cons\u00faltenos cualquier duda, as\u00ed como por cualquier otro art\u00edculo que est\u00e9 buscando.\"><a class=\"btn btn-default\" href=\"http:\/\/comprarmejor.es\/en\/contact\">Ask us<\/a> any questions as well as any other items you are looking for.<\/span><\/span><\/p>\n","protected":false},"excerpt":{"rendered":"<p style=\"text-align:justify;\"><span id=\"result_box\" lang=\"en\" xml:lang=\"en\"><span title=\"Colecci\u00f3n completa de la Biblioteca Marvel Excelsior de Los 4 Fant\u00e1sticos que Comics Forum public\u00f3 en espa\u00f1ol entre mayo de 2001 y junio de 2003 en 35 tomos de 15 x 21 cm de 160 p\u00e1ginas cada uno de ellos.\">Complete Collection of the Library of Excelsior Marvel Fantastic 4 Comics Forum which published in Spanish between May 2001 and June 2003 in 35 volumes of 15 x 21 cm 160 pages each.<\/span><\/span><\/p>\n","protected":false},"featured_media":52185,"template":"","meta":[],"product_brand":[],"product_cat":[2192,2218],"product_tag":[4456,4457],"class_list":{"0":"post-52197","1":"product","2":"type-product","3":"status-publish","4":"has-post-thumbnail","6":"product_cat-collecting","7":"product_cat-comics-and-cartoons","8":"product_tag-forum-en-2","9":"product_tag-marvel-en","10":"product_shipping_class-from-2-to-5-kg","11":"description-off","13":"first","14":"instock","15":"taxable","16":"shipping-taxable","17":"purchasable","18":"product-type-simple"},"yoast_head":"<!-- This site is optimized with the Yoast SEO plugin v27.3 - https:\/\/yoast.com\/product\/yoast-seo-wordpress\/ -->\n<title>The Fantastic Four, Excelsior Library collection Marvel - ComprarMejor<\/title>\n<meta name=\"robots\" content=\"index, follow, max-snippet:-1, max-image-preview:large, max-video-preview:-1\" \/>\n<link rel=\"canonical\" href=\"https:\/\/www.comprarmejor.es\/en\/product\/the-fantastic-four-excelsior-library-collection-marvel\/\" \/>\n<meta property=\"og:locale\" content=\"en_US\" \/>\n<meta property=\"og:type\" content=\"article\" \/>\n<meta property=\"og:title\" content=\"The Fantastic Four, Excelsior Library collection Marvel - ComprarMejor\" \/>\n<meta property=\"og:description\" content=\"Complete Collection of the Library of Excelsior Marvel Fantastic 4 Comics Forum which published in Spanish between May 2001 and June 2003 in 35 volumes of 15 x 21 cm 160 pages each.\" \/>\n<meta property=\"og:url\" content=\"https:\/\/www.comprarmejor.es\/en\/product\/the-fantastic-four-excelsior-library-collection-marvel\/\" \/>\n<meta property=\"og:site_name\" content=\"ComprarMejor\" \/>\n<meta property=\"article:modified_time\" content=\"2019-08-30T14:22:07+00:00\" \/>\n<meta property=\"og:image\" content=\"https:\/\/www.comprarmejor.es\/wp-content\/uploads\/2016\/01\/p_2_7_9_1_2791-Los-4-Fantasticos-coleccion-Excelsior-Biblioteca-Marvel.jpg\" \/>\n\t<meta property=\"og:image:width\" content=\"599\" \/>\n\t<meta property=\"og:image:height\" content=\"549\" \/>\n\t<meta property=\"og:image:type\" content=\"image\/jpeg\" \/>\n<meta name=\"twitter:card\" content=\"summary_large_image\" \/>\n<meta name=\"twitter:label1\" content=\"Est. reading time\" \/>\n\t<meta name=\"twitter:data1\" content=\"1 minute\" \/>\n<script type=\"application\/ld+json\" class=\"yoast-schema-graph\">{\"@context\":\"https:\\\/\\\/schema.org\",\"@graph\":[{\"@type\":\"WebPage\",\"@id\":\"https:\\\/\\\/www.comprarmejor.es\\\/en\\\/product\\\/the-fantastic-four-excelsior-library-collection-marvel\\\/\",\"url\":\"https:\\\/\\\/www.comprarmejor.es\\\/en\\\/product\\\/the-fantastic-four-excelsior-library-collection-marvel\\\/\",\"name\":\"The Fantastic Four, Excelsior Library collection Marvel - ComprarMejor\",\"isPartOf\":{\"@id\":\"https:\\\/\\\/www.comprarmejor.es\\\/en\\\/#website\"},\"primaryImageOfPage\":{\"@id\":\"https:\\\/\\\/www.comprarmejor.es\\\/en\\\/product\\\/the-fantastic-four-excelsior-library-collection-marvel\\\/#primaryimage\"},\"image\":{\"@id\":\"https:\\\/\\\/www.comprarmejor.es\\\/en\\\/product\\\/the-fantastic-four-excelsior-library-collection-marvel\\\/#primaryimage\"},\"thumbnailUrl\":\"https:\\\/\\\/www.comprarmejor.es\\\/wp-content\\\/uploads\\\/2016\\\/01\\\/p_2_7_9_1_2791-Los-4-Fantasticos-coleccion-Excelsior-Biblioteca-Marvel.jpg\",\"datePublished\":\"2016-01-25T11:37:28+00:00\",\"dateModified\":\"2019-08-30T14:22:07+00:00\",\"breadcrumb\":{\"@id\":\"https:\\\/\\\/www.comprarmejor.es\\\/en\\\/product\\\/the-fantastic-four-excelsior-library-collection-marvel\\\/#breadcrumb\"},\"inLanguage\":\"en-US\",\"potentialAction\":[{\"@type\":\"ReadAction\",\"target\":[\"https:\\\/\\\/www.comprarmejor.es\\\/en\\\/product\\\/the-fantastic-four-excelsior-library-collection-marvel\\\/\"]}]},{\"@type\":\"ImageObject\",\"inLanguage\":\"en-US\",\"@id\":\"https:\\\/\\\/www.comprarmejor.es\\\/en\\\/product\\\/the-fantastic-four-excelsior-library-collection-marvel\\\/#primaryimage\",\"url\":\"https:\\\/\\\/www.comprarmejor.es\\\/wp-content\\\/uploads\\\/2016\\\/01\\\/p_2_7_9_1_2791-Los-4-Fantasticos-coleccion-Excelsior-Biblioteca-Marvel.jpg\",\"contentUrl\":\"https:\\\/\\\/www.comprarmejor.es\\\/wp-content\\\/uploads\\\/2016\\\/01\\\/p_2_7_9_1_2791-Los-4-Fantasticos-coleccion-Excelsior-Biblioteca-Marvel.jpg\",\"width\":599,\"height\":549},{\"@type\":\"BreadcrumbList\",\"@id\":\"https:\\\/\\\/www.comprarmejor.es\\\/en\\\/product\\\/the-fantastic-four-excelsior-library-collection-marvel\\\/#breadcrumb\",\"itemListElement\":[{\"@type\":\"ListItem\",\"position\":1,\"name\":\"Portada\",\"item\":\"https:\\\/\\\/www.comprarmejor.es\\\/en\\\/\"},{\"@type\":\"ListItem\",\"position\":2,\"name\":\"Shop\",\"item\":\"https:\\\/\\\/www.comprarmejor.es\\\/en\\\/shop\\\/\"},{\"@type\":\"ListItem\",\"position\":3,\"name\":\"The Fantastic Four, Excelsior Library collection Marvel\"}]},{\"@type\":\"WebSite\",\"@id\":\"https:\\\/\\\/www.comprarmejor.es\\\/en\\\/#website\",\"url\":\"https:\\\/\\\/www.comprarmejor.es\\\/en\\\/\",\"name\":\"ComprarMejor\",\"description\":\"ComprarMejor\",\"publisher\":{\"@id\":\"https:\\\/\\\/www.comprarmejor.es\\\/en\\\/#organization\"},\"potentialAction\":[{\"@type\":\"SearchAction\",\"target\":{\"@type\":\"EntryPoint\",\"urlTemplate\":\"https:\\\/\\\/www.comprarmejor.es\\\/en\\\/?s={search_term_string}\"},\"query-input\":{\"@type\":\"PropertyValueSpecification\",\"valueRequired\":true,\"valueName\":\"search_term_string\"}}],\"inLanguage\":\"en-US\"},{\"@type\":\"Organization\",\"@id\":\"https:\\\/\\\/www.comprarmejor.es\\\/en\\\/#organization\",\"name\":\"COMPRAR MEJOR\",\"url\":\"https:\\\/\\\/www.comprarmejor.es\\\/en\\\/\",\"logo\":{\"@type\":\"ImageObject\",\"inLanguage\":\"en-US\",\"@id\":\"https:\\\/\\\/www.comprarmejor.es\\\/en\\\/#\\\/schema\\\/logo\\\/image\\\/\",\"url\":\"https:\\\/\\\/www.comprarmejor.es\\\/wp-content\\\/uploads\\\/2025\\\/09\\\/comprarmejortrinidad.jpg\",\"contentUrl\":\"https:\\\/\\\/www.comprarmejor.es\\\/wp-content\\\/uploads\\\/2025\\\/09\\\/comprarmejortrinidad.jpg\",\"width\":1022,\"height\":1380,\"caption\":\"COMPRAR MEJOR\"},\"image\":{\"@id\":\"https:\\\/\\\/www.comprarmejor.es\\\/en\\\/#\\\/schema\\\/logo\\\/image\\\/\"},\"sameAs\":[\"https:\\\/\\\/www.instagram.com\\\/amigosdelcodice\"]}]}<\/script>\n<!-- \/ Yoast SEO plugin. -->","yoast_head_json":{"title":"The Fantastic Four, Excelsior Library collection Marvel - ComprarMejor","robots":{"index":"index","follow":"follow","max-snippet":"max-snippet:-1","max-image-preview":"max-image-preview:large","max-video-preview":"max-video-preview:-1"},"canonical":"https:\/\/www.comprarmejor.es\/en\/product\/the-fantastic-four-excelsior-library-collection-marvel\/","og_locale":"en_US","og_type":"article","og_title":"The Fantastic Four, Excelsior Library collection Marvel - ComprarMejor","og_description":"Complete Collection of the Library of Excelsior Marvel Fantastic 4 Comics Forum which published in Spanish between May 2001 and June 2003 in 35 volumes of 15 x 21 cm 160 pages each.","og_url":"https:\/\/www.comprarmejor.es\/en\/product\/the-fantastic-four-excelsior-library-collection-marvel\/","og_site_name":"ComprarMejor","article_modified_time":"2019-08-30T14:22:07+00:00","og_image":[{"width":599,"height":549,"url":"https:\/\/www.comprarmejor.es\/wp-content\/uploads\/2016\/01\/p_2_7_9_1_2791-Los-4-Fantasticos-coleccion-Excelsior-Biblioteca-Marvel.jpg","type":"image\/jpeg"}],"twitter_card":"summary_large_image","twitter_misc":{"Est. reading time":"1 minute"},"schema":{"@context":"https:\/\/schema.org","@graph":[{"@type":"WebPage","@id":"https:\/\/www.comprarmejor.es\/en\/product\/the-fantastic-four-excelsior-library-collection-marvel\/","url":"https:\/\/www.comprarmejor.es\/en\/product\/the-fantastic-four-excelsior-library-collection-marvel\/","name":"The Fantastic Four, Excelsior Library collection Marvel - ComprarMejor","isPartOf":{"@id":"https:\/\/www.comprarmejor.es\/en\/#website"},"primaryImageOfPage":{"@id":"https:\/\/www.comprarmejor.es\/en\/product\/the-fantastic-four-excelsior-library-collection-marvel\/#primaryimage"},"image":{"@id":"https:\/\/www.comprarmejor.es\/en\/product\/the-fantastic-four-excelsior-library-collection-marvel\/#primaryimage"},"thumbnailUrl":"https:\/\/www.comprarmejor.es\/wp-content\/uploads\/2016\/01\/p_2_7_9_1_2791-Los-4-Fantasticos-coleccion-Excelsior-Biblioteca-Marvel.jpg","datePublished":"2016-01-25T11:37:28+00:00","dateModified":"2019-08-30T14:22:07+00:00","breadcrumb":{"@id":"https:\/\/www.comprarmejor.es\/en\/product\/the-fantastic-four-excelsior-library-collection-marvel\/#breadcrumb"},"inLanguage":"en-US","potentialAction":[{"@type":"ReadAction","target":["https:\/\/www.comprarmejor.es\/en\/product\/the-fantastic-four-excelsior-library-collection-marvel\/"]}]},{"@type":"ImageObject","inLanguage":"en-US","@id":"https:\/\/www.comprarmejor.es\/en\/product\/the-fantastic-four-excelsior-library-collection-marvel\/#primaryimage","url":"https:\/\/www.comprarmejor.es\/wp-content\/uploads\/2016\/01\/p_2_7_9_1_2791-Los-4-Fantasticos-coleccion-Excelsior-Biblioteca-Marvel.jpg","contentUrl":"https:\/\/www.comprarmejor.es\/wp-content\/uploads\/2016\/01\/p_2_7_9_1_2791-Los-4-Fantasticos-coleccion-Excelsior-Biblioteca-Marvel.jpg","width":599,"height":549},{"@type":"BreadcrumbList","@id":"https:\/\/www.comprarmejor.es\/en\/product\/the-fantastic-four-excelsior-library-collection-marvel\/#breadcrumb","itemListElement":[{"@type":"ListItem","position":1,"name":"Portada","item":"https:\/\/www.comprarmejor.es\/en\/"},{"@type":"ListItem","position":2,"name":"Shop","item":"https:\/\/www.comprarmejor.es\/en\/shop\/"},{"@type":"ListItem","position":3,"name":"The Fantastic Four, Excelsior Library collection Marvel"}]},{"@type":"WebSite","@id":"https:\/\/www.comprarmejor.es\/en\/#website","url":"https:\/\/www.comprarmejor.es\/en\/","name":"ComprarMejor","description":"ComprarMejor","publisher":{"@id":"https:\/\/www.comprarmejor.es\/en\/#organization"},"potentialAction":[{"@type":"SearchAction","target":{"@type":"EntryPoint","urlTemplate":"https:\/\/www.comprarmejor.es\/en\/?s={search_term_string}"},"query-input":{"@type":"PropertyValueSpecification","valueRequired":true,"valueName":"search_term_string"}}],"inLanguage":"en-US"},{"@type":"Organization","@id":"https:\/\/www.comprarmejor.es\/en\/#organization","name":"COMPRAR MEJOR","url":"https:\/\/www.comprarmejor.es\/en\/","logo":{"@type":"ImageObject","inLanguage":"en-US","@id":"https:\/\/www.comprarmejor.es\/en\/#\/schema\/logo\/image\/","url":"https:\/\/www.comprarmejor.es\/wp-content\/uploads\/2025\/09\/comprarmejortrinidad.jpg","contentUrl":"https:\/\/www.comprarmejor.es\/wp-content\/uploads\/2025\/09\/comprarmejortrinidad.jpg","width":1022,"height":1380,"caption":"COMPRAR MEJOR"},"image":{"@id":"https:\/\/www.comprarmejor.es\/en\/#\/schema\/logo\/image\/"},"sameAs":["https:\/\/www.instagram.com\/amigosdelcodice"]}]}},"_links":{"self":[{"href":"https:\/\/www.comprarmejor.es\/en\/wp-json\/wp\/v2\/product\/52197","targetHints":{"allow":["GET"]}}],"collection":[{"href":"https:\/\/www.comprarmejor.es\/en\/wp-json\/wp\/v2\/product"}],"about":[{"href":"https:\/\/www.comprarmejor.es\/en\/wp-json\/wp\/v2\/types\/product"}],"wp:featuredmedia":[{"embeddable":true,"href":"https:\/\/www.comprarmejor.es\/en\/wp-json\/wp\/v2\/media\/52185"}],"wp:attachment":[{"href":"https:\/\/www.comprarmejor.es\/en\/wp-json\/wp\/v2\/media?parent=52197"}],"wp:term":[{"taxonomy":"product_brand","embeddable":true,"href":"https:\/\/www.comprarmejor.es\/en\/wp-json\/wp\/v2\/product_brand?post=52197"},{"taxonomy":"product_cat","embeddable":true,"href":"https:\/\/www.comprarmejor.es\/en\/wp-json\/wp\/v2\/product_cat?post=52197"},{"taxonomy":"product_tag","embeddable":true,"href":"https:\/\/www.comprarmejor.es\/en\/wp-json\/wp\/v2\/product_tag?post=52197"}],"curies":[{"name":"wp","href":"https:\/\/api.w.org\/{rel}","templated":true}]}}