{"id":52221,"date":"2016-01-25T16:54:09","date_gmt":"2016-01-25T15:54:09","guid":{"rendered":"https:\/\/www.comprarmejor.es\/producto\/templar-dagger-gold-color-blade-23-cm-tole10\/"},"modified":"2020-05-09T23:16:34","modified_gmt":"2020-05-09T21:16:34","slug":"templar-dagger-gold-color-blade-23-cm-tole10","status":"publish","type":"product","link":"https:\/\/www.comprarmejor.es\/en\/product\/templar-dagger-gold-color-blade-23-cm-tole10\/","title":{"rendered":"Templar dagger gold color, blade 23 cm, Tole10"},"content":{"rendered":"<p style=\"text-align: justify;\"><span id=\"result_box\" lang=\"en\" xml:lang=\"en\"><span lang=\"en\" xml:lang=\"en\"><span title=\"Hermosa daga templaria, color oro, de la marca Tole10 Imperial, con funda y caja de presentaci\u00f3n.\">Beautiful Templar dagger, gold color, Tole10 Imperial brand, with case and presentation box.<\/span><\/span><\/span><\/p>\n<p style=\"text-align: justify;\"><span title=\"Hoja de 23 cm fabricada en acero inoxidable, mango de aluminio.\">23 cm blade made of stainless steel, aluminum handle. <\/span><span title=\"Tama\u00f1o total, con funda, de 40,5 cm, sin funda de 36 cm.\">Total size, with case, 40.5 cm, without 36 cm case. <\/span><span title=\"Caja presentaci\u00f3n formato 43,5 x 13 x 2,5 cm, interior en seda amarilla.\">Presentation box format 43.5 x 13 x 2.5 cm, yellow silk interior.<\/span><\/p>\n<p style=\"text-align: justify;\"><span title=\"Art\u00edculo nuevo, a estrenar, en su embalaje original.\">New item, brand new, in its original packaging.<\/span><\/p>\n<p style=\"text-align: justify;\"><span title=\"Art\u00edculo de ornato y de coleccionismo, s\u00f3lo para venta a personas mayores de edad.\">Article of ornament and collecting, only for sale to people of legal age.<\/span><\/p>\n<p style=\"text-align: justify;\"><span title=\"\u201cEste arma blanca est\u00e1 incluida en la categor\u00eda 5\u00aa.1, seg\u00fan lo dispuesto en el art.\">&#8220;This white weapon is included in the category 5\u00aa.1, according to the arranged thing in the art. <\/span><span title=\"3 del R. D. 137\/1993.\">3 of R. D. 137\/1993. <\/span><span title=\"Seg\u00fan el art.\">According to art. <\/span><span title=\"106 est\u00e1 prohibida su tenencia y\/o exhibici\u00f3n en lugares p\u00fablicos.\">106 its possession and \/ or exhibition in public places is prohibited. <\/span><span title=\"Solamente est\u00e1 autorizada su tenencia en el propio domicilio para ornato y\/o coleccionismo.\">Only his possession at his own home is authorized for decoration and \/ or collecting. <\/span><span title=\"Venta autorizada a mayores de 18 a\u00f1os.\u201d\">Authorized sale to persons over 18 years of age. &#8220;<\/span><\/p>\n<p style=\"text-align: justify;\"><span class=\"hps\">Shipping<\/span> <span class=\"hps\">by the buyer<\/span>, <span class=\"hps\">upon request<\/span> <span class=\"hps\">and destination.<\/span>\u00a0<span class=\"hps\"><a class=\"btn btn-default\" href=\"https:\/\/comprarmejor.es\/en\/contact\">Ask us<\/a><\/span> <span class=\"hps\"><span lang=\"en\" xml:lang=\"en\"><span title=\"Cons\u00faltenos sin compromiso (indicando la referencia del art\u00edculo) cualquier duda, as\u00ed como por cualquier otro art\u00edculo que est\u00e9 buscando.\">without obligation (indicating the reference of the article) any doubt.<br \/>\n<\/span><\/span><\/span><\/p>\n","protected":false},"excerpt":{"rendered":"<p style=\"text-align: justify;\"><span id=\"result_box\" lang=\"en\" xml:lang=\"en\"><span lang=\"en\" xml:lang=\"en\"><span title=\"Primera edici\u00f3n, primera reimpresi\u00f3n, enero 2005 (aunque en la sobrecubierta pone segunda edici\u00f3n).\"><span lang=\"en\" xml:lang=\"en\"><span title=\"Hermosa daga templaria, color oro, de la marca Tole10 Imperial, con funda y caja de presentaci\u00f3n.\">Beautiful Templar dagger, gold color, Tole10 Imperial brand, with case and presentation box.<\/span><\/span><\/span><\/span><br \/>\n<\/span><\/p>\n","protected":false},"featured_media":52213,"template":"","meta":[],"product_brand":[],"product_cat":[2196,2192],"product_tag":[4200],"class_list":{"0":"post-52221","1":"product","2":"type-product","3":"status-publish","4":"has-post-thumbnail","6":"product_cat-collectables-en","7":"product_cat-collecting","8":"product_tag-temple-en","9":"product_shipping_class-from-0-to-1-kg","10":"description-off","12":"first","13":"instock","14":"taxable","15":"shipping-taxable","16":"purchasable","17":"product-type-simple"},"yoast_head":"<!-- This site is optimized with the Yoast SEO plugin v27.3 - https:\/\/yoast.com\/product\/yoast-seo-wordpress\/ -->\n<title>Templar dagger gold color, blade 23 cm, Tole10<\/title>\n<meta name=\"description\" content=\"Beautiful Templar dagger, gold color, Tole10 Imperial brand, with case and presentation box.\" \/>\n<meta name=\"robots\" content=\"index, follow, max-snippet:-1, max-image-preview:large, max-video-preview:-1\" \/>\n<link rel=\"canonical\" href=\"https:\/\/www.comprarmejor.es\/en\/product\/templar-dagger-gold-color-blade-23-cm-tole10\/\" \/>\n<meta property=\"og:locale\" content=\"en_US\" \/>\n<meta property=\"og:type\" content=\"article\" \/>\n<meta property=\"og:title\" content=\"Templar dagger gold color, blade 23 cm, Tole10\" \/>\n<meta property=\"og:description\" content=\"Beautiful Templar dagger, gold color, Tole10 Imperial brand, with case and presentation box.\" \/>\n<meta property=\"og:url\" content=\"https:\/\/www.comprarmejor.es\/en\/product\/templar-dagger-gold-color-blade-23-cm-tole10\/\" \/>\n<meta property=\"og:site_name\" content=\"ComprarMejor\" \/>\n<meta property=\"article:modified_time\" content=\"2020-05-09T21:16:34+00:00\" \/>\n<meta property=\"og:image\" content=\"https:\/\/www.comprarmejor.es\/wp-content\/uploads\/2016\/01\/p_7_3_5_7_7357-Daga-templaria-color-oro-hoja-23-cm-Tole10.jpg\" \/>\n\t<meta property=\"og:image:width\" content=\"599\" \/>\n\t<meta property=\"og:image:height\" content=\"414\" \/>\n\t<meta property=\"og:image:type\" content=\"image\/jpeg\" \/>\n<meta name=\"twitter:card\" content=\"summary_large_image\" \/>\n<meta name=\"twitter:label1\" content=\"Est. reading time\" \/>\n\t<meta name=\"twitter:data1\" content=\"1 minute\" \/>\n<script type=\"application\/ld+json\" class=\"yoast-schema-graph\">{\"@context\":\"https:\\\/\\\/schema.org\",\"@graph\":[{\"@type\":\"WebPage\",\"@id\":\"https:\\\/\\\/www.comprarmejor.es\\\/en\\\/product\\\/templar-dagger-gold-color-blade-23-cm-tole10\\\/\",\"url\":\"https:\\\/\\\/www.comprarmejor.es\\\/en\\\/product\\\/templar-dagger-gold-color-blade-23-cm-tole10\\\/\",\"name\":\"Templar dagger gold color, blade 23 cm, Tole10\",\"isPartOf\":{\"@id\":\"https:\\\/\\\/www.comprarmejor.es\\\/en\\\/#website\"},\"primaryImageOfPage\":{\"@id\":\"https:\\\/\\\/www.comprarmejor.es\\\/en\\\/product\\\/templar-dagger-gold-color-blade-23-cm-tole10\\\/#primaryimage\"},\"image\":{\"@id\":\"https:\\\/\\\/www.comprarmejor.es\\\/en\\\/product\\\/templar-dagger-gold-color-blade-23-cm-tole10\\\/#primaryimage\"},\"thumbnailUrl\":\"https:\\\/\\\/www.comprarmejor.es\\\/wp-content\\\/uploads\\\/2016\\\/01\\\/p_7_3_5_7_7357-Daga-templaria-color-oro-hoja-23-cm-Tole10.jpg\",\"datePublished\":\"2016-01-25T15:54:09+00:00\",\"dateModified\":\"2020-05-09T21:16:34+00:00\",\"description\":\"Beautiful Templar dagger, gold color, Tole10 Imperial brand, with case and presentation box.\",\"breadcrumb\":{\"@id\":\"https:\\\/\\\/www.comprarmejor.es\\\/en\\\/product\\\/templar-dagger-gold-color-blade-23-cm-tole10\\\/#breadcrumb\"},\"inLanguage\":\"en-US\",\"potentialAction\":[{\"@type\":\"ReadAction\",\"target\":[\"https:\\\/\\\/www.comprarmejor.es\\\/en\\\/product\\\/templar-dagger-gold-color-blade-23-cm-tole10\\\/\"]}]},{\"@type\":\"ImageObject\",\"inLanguage\":\"en-US\",\"@id\":\"https:\\\/\\\/www.comprarmejor.es\\\/en\\\/product\\\/templar-dagger-gold-color-blade-23-cm-tole10\\\/#primaryimage\",\"url\":\"https:\\\/\\\/www.comprarmejor.es\\\/wp-content\\\/uploads\\\/2016\\\/01\\\/p_7_3_5_7_7357-Daga-templaria-color-oro-hoja-23-cm-Tole10.jpg\",\"contentUrl\":\"https:\\\/\\\/www.comprarmejor.es\\\/wp-content\\\/uploads\\\/2016\\\/01\\\/p_7_3_5_7_7357-Daga-templaria-color-oro-hoja-23-cm-Tole10.jpg\",\"width\":599,\"height\":414},{\"@type\":\"BreadcrumbList\",\"@id\":\"https:\\\/\\\/www.comprarmejor.es\\\/en\\\/product\\\/templar-dagger-gold-color-blade-23-cm-tole10\\\/#breadcrumb\",\"itemListElement\":[{\"@type\":\"ListItem\",\"position\":1,\"name\":\"Portada\",\"item\":\"https:\\\/\\\/www.comprarmejor.es\\\/en\\\/\"},{\"@type\":\"ListItem\",\"position\":2,\"name\":\"Shop\",\"item\":\"https:\\\/\\\/www.comprarmejor.es\\\/en\\\/shop\\\/\"},{\"@type\":\"ListItem\",\"position\":3,\"name\":\"Templar dagger gold color, blade 23 cm, Tole10\"}]},{\"@type\":\"WebSite\",\"@id\":\"https:\\\/\\\/www.comprarmejor.es\\\/en\\\/#website\",\"url\":\"https:\\\/\\\/www.comprarmejor.es\\\/en\\\/\",\"name\":\"ComprarMejor\",\"description\":\"ComprarMejor\",\"publisher\":{\"@id\":\"https:\\\/\\\/www.comprarmejor.es\\\/en\\\/#organization\"},\"potentialAction\":[{\"@type\":\"SearchAction\",\"target\":{\"@type\":\"EntryPoint\",\"urlTemplate\":\"https:\\\/\\\/www.comprarmejor.es\\\/en\\\/?s={search_term_string}\"},\"query-input\":{\"@type\":\"PropertyValueSpecification\",\"valueRequired\":true,\"valueName\":\"search_term_string\"}}],\"inLanguage\":\"en-US\"},{\"@type\":\"Organization\",\"@id\":\"https:\\\/\\\/www.comprarmejor.es\\\/en\\\/#organization\",\"name\":\"COMPRAR MEJOR\",\"url\":\"https:\\\/\\\/www.comprarmejor.es\\\/en\\\/\",\"logo\":{\"@type\":\"ImageObject\",\"inLanguage\":\"en-US\",\"@id\":\"https:\\\/\\\/www.comprarmejor.es\\\/en\\\/#\\\/schema\\\/logo\\\/image\\\/\",\"url\":\"https:\\\/\\\/www.comprarmejor.es\\\/wp-content\\\/uploads\\\/2025\\\/09\\\/comprarmejortrinidad.jpg\",\"contentUrl\":\"https:\\\/\\\/www.comprarmejor.es\\\/wp-content\\\/uploads\\\/2025\\\/09\\\/comprarmejortrinidad.jpg\",\"width\":1022,\"height\":1380,\"caption\":\"COMPRAR MEJOR\"},\"image\":{\"@id\":\"https:\\\/\\\/www.comprarmejor.es\\\/en\\\/#\\\/schema\\\/logo\\\/image\\\/\"},\"sameAs\":[\"https:\\\/\\\/www.instagram.com\\\/amigosdelcodice\"]}]}<\/script>\n<!-- \/ Yoast SEO plugin. -->","yoast_head_json":{"title":"Templar dagger gold color, blade 23 cm, Tole10","description":"Beautiful Templar dagger, gold color, Tole10 Imperial brand, with case and presentation box.","robots":{"index":"index","follow":"follow","max-snippet":"max-snippet:-1","max-image-preview":"max-image-preview:large","max-video-preview":"max-video-preview:-1"},"canonical":"https:\/\/www.comprarmejor.es\/en\/product\/templar-dagger-gold-color-blade-23-cm-tole10\/","og_locale":"en_US","og_type":"article","og_title":"Templar dagger gold color, blade 23 cm, Tole10","og_description":"Beautiful Templar dagger, gold color, Tole10 Imperial brand, with case and presentation box.","og_url":"https:\/\/www.comprarmejor.es\/en\/product\/templar-dagger-gold-color-blade-23-cm-tole10\/","og_site_name":"ComprarMejor","article_modified_time":"2020-05-09T21:16:34+00:00","og_image":[{"width":599,"height":414,"url":"https:\/\/www.comprarmejor.es\/wp-content\/uploads\/2016\/01\/p_7_3_5_7_7357-Daga-templaria-color-oro-hoja-23-cm-Tole10.jpg","type":"image\/jpeg"}],"twitter_card":"summary_large_image","twitter_misc":{"Est. reading time":"1 minute"},"schema":{"@context":"https:\/\/schema.org","@graph":[{"@type":"WebPage","@id":"https:\/\/www.comprarmejor.es\/en\/product\/templar-dagger-gold-color-blade-23-cm-tole10\/","url":"https:\/\/www.comprarmejor.es\/en\/product\/templar-dagger-gold-color-blade-23-cm-tole10\/","name":"Templar dagger gold color, blade 23 cm, Tole10","isPartOf":{"@id":"https:\/\/www.comprarmejor.es\/en\/#website"},"primaryImageOfPage":{"@id":"https:\/\/www.comprarmejor.es\/en\/product\/templar-dagger-gold-color-blade-23-cm-tole10\/#primaryimage"},"image":{"@id":"https:\/\/www.comprarmejor.es\/en\/product\/templar-dagger-gold-color-blade-23-cm-tole10\/#primaryimage"},"thumbnailUrl":"https:\/\/www.comprarmejor.es\/wp-content\/uploads\/2016\/01\/p_7_3_5_7_7357-Daga-templaria-color-oro-hoja-23-cm-Tole10.jpg","datePublished":"2016-01-25T15:54:09+00:00","dateModified":"2020-05-09T21:16:34+00:00","description":"Beautiful Templar dagger, gold color, Tole10 Imperial brand, with case and presentation box.","breadcrumb":{"@id":"https:\/\/www.comprarmejor.es\/en\/product\/templar-dagger-gold-color-blade-23-cm-tole10\/#breadcrumb"},"inLanguage":"en-US","potentialAction":[{"@type":"ReadAction","target":["https:\/\/www.comprarmejor.es\/en\/product\/templar-dagger-gold-color-blade-23-cm-tole10\/"]}]},{"@type":"ImageObject","inLanguage":"en-US","@id":"https:\/\/www.comprarmejor.es\/en\/product\/templar-dagger-gold-color-blade-23-cm-tole10\/#primaryimage","url":"https:\/\/www.comprarmejor.es\/wp-content\/uploads\/2016\/01\/p_7_3_5_7_7357-Daga-templaria-color-oro-hoja-23-cm-Tole10.jpg","contentUrl":"https:\/\/www.comprarmejor.es\/wp-content\/uploads\/2016\/01\/p_7_3_5_7_7357-Daga-templaria-color-oro-hoja-23-cm-Tole10.jpg","width":599,"height":414},{"@type":"BreadcrumbList","@id":"https:\/\/www.comprarmejor.es\/en\/product\/templar-dagger-gold-color-blade-23-cm-tole10\/#breadcrumb","itemListElement":[{"@type":"ListItem","position":1,"name":"Portada","item":"https:\/\/www.comprarmejor.es\/en\/"},{"@type":"ListItem","position":2,"name":"Shop","item":"https:\/\/www.comprarmejor.es\/en\/shop\/"},{"@type":"ListItem","position":3,"name":"Templar dagger gold color, blade 23 cm, Tole10"}]},{"@type":"WebSite","@id":"https:\/\/www.comprarmejor.es\/en\/#website","url":"https:\/\/www.comprarmejor.es\/en\/","name":"ComprarMejor","description":"ComprarMejor","publisher":{"@id":"https:\/\/www.comprarmejor.es\/en\/#organization"},"potentialAction":[{"@type":"SearchAction","target":{"@type":"EntryPoint","urlTemplate":"https:\/\/www.comprarmejor.es\/en\/?s={search_term_string}"},"query-input":{"@type":"PropertyValueSpecification","valueRequired":true,"valueName":"search_term_string"}}],"inLanguage":"en-US"},{"@type":"Organization","@id":"https:\/\/www.comprarmejor.es\/en\/#organization","name":"COMPRAR MEJOR","url":"https:\/\/www.comprarmejor.es\/en\/","logo":{"@type":"ImageObject","inLanguage":"en-US","@id":"https:\/\/www.comprarmejor.es\/en\/#\/schema\/logo\/image\/","url":"https:\/\/www.comprarmejor.es\/wp-content\/uploads\/2025\/09\/comprarmejortrinidad.jpg","contentUrl":"https:\/\/www.comprarmejor.es\/wp-content\/uploads\/2025\/09\/comprarmejortrinidad.jpg","width":1022,"height":1380,"caption":"COMPRAR MEJOR"},"image":{"@id":"https:\/\/www.comprarmejor.es\/en\/#\/schema\/logo\/image\/"},"sameAs":["https:\/\/www.instagram.com\/amigosdelcodice"]}]}},"_links":{"self":[{"href":"https:\/\/www.comprarmejor.es\/en\/wp-json\/wp\/v2\/product\/52221","targetHints":{"allow":["GET"]}}],"collection":[{"href":"https:\/\/www.comprarmejor.es\/en\/wp-json\/wp\/v2\/product"}],"about":[{"href":"https:\/\/www.comprarmejor.es\/en\/wp-json\/wp\/v2\/types\/product"}],"wp:featuredmedia":[{"embeddable":true,"href":"https:\/\/www.comprarmejor.es\/en\/wp-json\/wp\/v2\/media\/52213"}],"wp:attachment":[{"href":"https:\/\/www.comprarmejor.es\/en\/wp-json\/wp\/v2\/media?parent=52221"}],"wp:term":[{"taxonomy":"product_brand","embeddable":true,"href":"https:\/\/www.comprarmejor.es\/en\/wp-json\/wp\/v2\/product_brand?post=52221"},{"taxonomy":"product_cat","embeddable":true,"href":"https:\/\/www.comprarmejor.es\/en\/wp-json\/wp\/v2\/product_cat?post=52221"},{"taxonomy":"product_tag","embeddable":true,"href":"https:\/\/www.comprarmejor.es\/en\/wp-json\/wp\/v2\/product_tag?post=52221"}],"curies":[{"name":"wp","href":"https:\/\/api.w.org\/{rel}","templated":true}]}}