{"id":52341,"date":"2016-01-26T18:13:25","date_gmt":"2016-01-26T17:13:25","guid":{"rendered":"https:\/\/www.comprarmejor.es\/producto\/the-quest-for-the-holy-grail-s-xv\/"},"modified":"2019-08-29T17:07:52","modified_gmt":"2019-08-29T15:07:52","slug":"the-quest-for-the-holy-grail-s-xv","status":"publish","type":"product","link":"https:\/\/www.comprarmejor.es\/en\/product\/the-quest-for-the-holy-grail-s-xv\/","title":{"rendered":"The Quest for the Holy Grail, s. XV"},"content":{"rendered":"<p style=\"text-align:justify;\"><span id=\"result_box\" lang=\"en\" xml:lang=\"en\"><span title=\"Edici\u00f3n facs\u00edmile del manuscrito del s.\">Facsimile edition of the manuscript of s. <\/span><span title=\"XV Ms. 527, La B\u00fasqueda del Santo Grial (Roman de la Qu\u00eate du Graal), cuyo original se conserva en la Biblioteca Municipal de la Villa de Dijon, capital de la Borgo\u00f1a, Francia.\">Ms. XV 527, The Quest for the Holy Grail (Roman de la Qu\u00eate du Graal), original of which is preserved in the Municipal Library of the town of Dijon, capital of Burgundy, France. <\/span><span title=\"Este ejemplar corresponde a un n\u00famero bajo inferior a 15 de la edici\u00f3n limitada a 870 ejemplares venales, numerada y certificada notarialmente.\">This corresponds to a low copy number less than 15 of the limited edition of 870 venal copies, numbered and notarized.<\/p>\n<p><\/span><span title=\"Facs\u00edmile encuadernado en piel sobre tabla con grabados en oro, lomos dorados.\">Leather-bound facsimile on table with gold engraving, gold backs. <\/span><span title=\"34,5 x 43,5 cm.\">34.5 x 43.5 cm.<\/p>\n<p><\/span><span title=\"Libro estudio complementario encuadernado en lomo piel.\">Book bound back up study skin. <\/span><span title=\"30 x 40,5 cm.\">30 x 40.5 cm. <\/span><span title=\"Estudio literario y traducci\u00f3n por Carlos Alvar, de la Universidad de Alcal\u00e1.\">Literary study and translation by Carlos Alvar, from the University of Alcal\u00e1. <\/span><span title=\"Estudio estil\u00edstico de las miniaturas por Fran\u00e7ois Avril, de la Biblioteca Nacional de Francia.\">Stylistic study of miniatures by Francois Avril, the National Library of France.<\/p>\n<p><\/span><span title=\"Facs\u00edmile y libro estudio se presentan en una caja-estuche guardapolvo a juego.\">Facsimile and study book are presented in a box-case overall matching. <\/span><span title=\"Formato 35 x 45 cm.\">35 x 45 cm format. <\/span><span title=\"Peso total: 9,1 kgs.\">Total weight: 9.1 kgs.<\/p>\n<p><\/span><span title=\"El manuscrito 527 de la Biblioteca Municipal de Dijon es uno de los m\u00e1s hermosos gracias a sus 46 miniaturas, a su cuidada letra cursiva, a la calidad de cada uno de sus folios, que refleja que su destinatario era amante de los libros, de los\">The manuscript 527 of the Municipal Library of Dijon is one of the most beautiful thanks to its 46 miniatures, in careful cursive, the quality of each of their pages, reflecting that the recipient was a lover of books, <\/span><span title=\"libros m\u00e1s hermosos, en una \u00e9poca (mediados del siglo XV) en que la afici\u00f3n bibli\u00f3fila de los reyes y la alta nobleza francesa produjo obras de arte, como la de este c\u00f3dice.\">most beautiful books at a time (mid-fifteenth century) in which bibliophile hobby of kings and high French nobility produced works of art, like this codex.<\/p>\n<p><\/span><span title=\"Aunque el origen del libro no resulta demasiado claro, todo parece indicar que fue realizado en el oeste de Francia durante el siglo XV, 163 folios de pergamino escritos a doble columna.\">Although the origin of the book is not very clear, it seems that it was done in western France during the fifteenth century, 163 folios of parchment written in two columns. <\/span><span title=\"El texto contiene la versi\u00f3n \u00edntegra de la B\u00fasqueda o Demanda del Santo Grial, m\u00e1s una parte de la tercera versi\u00f3n del Trist\u00e1n en prosa.\">The text contains the full version of the Quest or Quest of the Holy Grail, and a share of the third version of Tristan in prose.<\/p>\n<p><\/span><span title=\"Gastos de env\u00edo por cuenta del comprador, seg\u00fan pedido y destino.\">Shipping by the buyer, upon request and destination. <\/span><span title=\"Cons\u00faltenos cualquier duda, as\u00ed como por cualquier otro facs\u00edmile o art\u00edculo que est\u00e9 buscando.\">Ask us any questions and facsimile or any other item he seeks.<\/span><\/span><\/p>\n","protected":false},"excerpt":{"rendered":"<p style=\"text-align:justify;\"><span id=\"result_box\" lang=\"en\" xml:lang=\"en\"><span title=\"Edici\u00f3n facs\u00edmile del manuscrito del s.\">Facsimile edition of the manuscript of s. <\/span><span title=\"XV Ms. 527, La B\u00fasqueda del Santo Grial (Roman de la Qu\u00eate du Graal), cuyo original se conserva en la Biblioteca Municipal de la Villa de Dijon, capital de la Borgo\u00f1a, Francia.\">Ms. XV 527, The Quest for the Holy Grail (Roman de la Qu\u00eate du Graal), original of which is preserved in the Municipal Library of the town of Dijon, capital of Burgundy, France.<\/span><\/span><\/p>\n","protected":false},"featured_media":52327,"template":"","meta":[],"product_brand":[],"product_cat":[2250],"product_tag":[4514,4014],"class_list":{"0":"post-52341","1":"product","2":"type-product","3":"status-publish","4":"has-post-thumbnail","6":"product_cat-other-facsimiles","7":"product_tag-dijon-en","8":"product_tag-grial-en-2","9":"product_shipping_class-from-6-to-10-kg","10":"description-off","12":"first","13":"instock","14":"sale","15":"taxable","16":"shipping-taxable","17":"purchasable","18":"product-type-simple"},"yoast_head":"<!-- This site is optimized with the Yoast SEO plugin v27.3 - https:\/\/yoast.com\/product\/yoast-seo-wordpress\/ -->\n<title>The Quest for the Holy Grail, s. XV<\/title>\n<meta name=\"description\" content=\"Facsimile edition of The Quest for the Holy Grail (the Qu\u00eate Roman du Graal), original of which is preserved in the Library of the town of Dijon, France.\" \/>\n<meta name=\"robots\" content=\"index, follow, max-snippet:-1, max-image-preview:large, max-video-preview:-1\" \/>\n<link rel=\"canonical\" href=\"https:\/\/www.comprarmejor.es\/en\/product\/the-quest-for-the-holy-grail-s-xv\/\" \/>\n<meta property=\"og:locale\" content=\"en_US\" \/>\n<meta property=\"og:type\" content=\"article\" \/>\n<meta property=\"og:title\" content=\"The Quest for the Holy Grail, s. XV\" \/>\n<meta property=\"og:description\" content=\"Facsimile edition of The Quest for the Holy Grail (the Qu\u00eate Roman du Graal), original of which is preserved in the Library of the town of Dijon, France.\" \/>\n<meta property=\"og:url\" content=\"https:\/\/www.comprarmejor.es\/en\/product\/the-quest-for-the-holy-grail-s-xv\/\" \/>\n<meta property=\"og:site_name\" content=\"ComprarMejor\" \/>\n<meta property=\"article:modified_time\" content=\"2019-08-29T15:07:52+00:00\" \/>\n<meta property=\"og:image\" content=\"https:\/\/www.comprarmejor.es\/wp-content\/uploads\/2016\/01\/p_2_8_4_5_2845-La-Busqueda-del-Santo-Grial-s.-XV.jpg\" \/>\n\t<meta property=\"og:image:width\" content=\"454\" \/>\n\t<meta property=\"og:image:height\" content=\"595\" \/>\n\t<meta property=\"og:image:type\" content=\"image\/jpeg\" \/>\n<meta name=\"twitter:card\" content=\"summary_large_image\" \/>\n<meta name=\"twitter:label1\" content=\"Est. reading time\" \/>\n\t<meta name=\"twitter:data1\" content=\"1 minute\" \/>\n<script type=\"application\/ld+json\" class=\"yoast-schema-graph\">{\"@context\":\"https:\\\/\\\/schema.org\",\"@graph\":[{\"@type\":\"WebPage\",\"@id\":\"https:\\\/\\\/www.comprarmejor.es\\\/en\\\/product\\\/the-quest-for-the-holy-grail-s-xv\\\/\",\"url\":\"https:\\\/\\\/www.comprarmejor.es\\\/en\\\/product\\\/the-quest-for-the-holy-grail-s-xv\\\/\",\"name\":\"The Quest for the Holy Grail, s. XV\",\"isPartOf\":{\"@id\":\"https:\\\/\\\/www.comprarmejor.es\\\/en\\\/#website\"},\"primaryImageOfPage\":{\"@id\":\"https:\\\/\\\/www.comprarmejor.es\\\/en\\\/product\\\/the-quest-for-the-holy-grail-s-xv\\\/#primaryimage\"},\"image\":{\"@id\":\"https:\\\/\\\/www.comprarmejor.es\\\/en\\\/product\\\/the-quest-for-the-holy-grail-s-xv\\\/#primaryimage\"},\"thumbnailUrl\":\"https:\\\/\\\/www.comprarmejor.es\\\/wp-content\\\/uploads\\\/2016\\\/01\\\/p_2_8_4_5_2845-La-Busqueda-del-Santo-Grial-s.-XV.jpg\",\"datePublished\":\"2016-01-26T17:13:25+00:00\",\"dateModified\":\"2019-08-29T15:07:52+00:00\",\"description\":\"Facsimile edition of The Quest for the Holy Grail (the Qu\u00eate Roman du Graal), original of which is preserved in the Library of the town of Dijon, France.\",\"breadcrumb\":{\"@id\":\"https:\\\/\\\/www.comprarmejor.es\\\/en\\\/product\\\/the-quest-for-the-holy-grail-s-xv\\\/#breadcrumb\"},\"inLanguage\":\"en-US\",\"potentialAction\":[{\"@type\":\"ReadAction\",\"target\":[\"https:\\\/\\\/www.comprarmejor.es\\\/en\\\/product\\\/the-quest-for-the-holy-grail-s-xv\\\/\"]}]},{\"@type\":\"ImageObject\",\"inLanguage\":\"en-US\",\"@id\":\"https:\\\/\\\/www.comprarmejor.es\\\/en\\\/product\\\/the-quest-for-the-holy-grail-s-xv\\\/#primaryimage\",\"url\":\"https:\\\/\\\/www.comprarmejor.es\\\/wp-content\\\/uploads\\\/2016\\\/01\\\/p_2_8_4_5_2845-La-Busqueda-del-Santo-Grial-s.-XV.jpg\",\"contentUrl\":\"https:\\\/\\\/www.comprarmejor.es\\\/wp-content\\\/uploads\\\/2016\\\/01\\\/p_2_8_4_5_2845-La-Busqueda-del-Santo-Grial-s.-XV.jpg\",\"width\":454,\"height\":595},{\"@type\":\"BreadcrumbList\",\"@id\":\"https:\\\/\\\/www.comprarmejor.es\\\/en\\\/product\\\/the-quest-for-the-holy-grail-s-xv\\\/#breadcrumb\",\"itemListElement\":[{\"@type\":\"ListItem\",\"position\":1,\"name\":\"Portada\",\"item\":\"https:\\\/\\\/www.comprarmejor.es\\\/en\\\/\"},{\"@type\":\"ListItem\",\"position\":2,\"name\":\"Shop\",\"item\":\"https:\\\/\\\/www.comprarmejor.es\\\/en\\\/shop\\\/\"},{\"@type\":\"ListItem\",\"position\":3,\"name\":\"The Quest for the Holy Grail, s. XV\"}]},{\"@type\":\"WebSite\",\"@id\":\"https:\\\/\\\/www.comprarmejor.es\\\/en\\\/#website\",\"url\":\"https:\\\/\\\/www.comprarmejor.es\\\/en\\\/\",\"name\":\"ComprarMejor\",\"description\":\"ComprarMejor\",\"publisher\":{\"@id\":\"https:\\\/\\\/www.comprarmejor.es\\\/en\\\/#organization\"},\"potentialAction\":[{\"@type\":\"SearchAction\",\"target\":{\"@type\":\"EntryPoint\",\"urlTemplate\":\"https:\\\/\\\/www.comprarmejor.es\\\/en\\\/?s={search_term_string}\"},\"query-input\":{\"@type\":\"PropertyValueSpecification\",\"valueRequired\":true,\"valueName\":\"search_term_string\"}}],\"inLanguage\":\"en-US\"},{\"@type\":\"Organization\",\"@id\":\"https:\\\/\\\/www.comprarmejor.es\\\/en\\\/#organization\",\"name\":\"COMPRAR MEJOR\",\"url\":\"https:\\\/\\\/www.comprarmejor.es\\\/en\\\/\",\"logo\":{\"@type\":\"ImageObject\",\"inLanguage\":\"en-US\",\"@id\":\"https:\\\/\\\/www.comprarmejor.es\\\/en\\\/#\\\/schema\\\/logo\\\/image\\\/\",\"url\":\"https:\\\/\\\/www.comprarmejor.es\\\/wp-content\\\/uploads\\\/2025\\\/09\\\/comprarmejortrinidad.jpg\",\"contentUrl\":\"https:\\\/\\\/www.comprarmejor.es\\\/wp-content\\\/uploads\\\/2025\\\/09\\\/comprarmejortrinidad.jpg\",\"width\":1022,\"height\":1380,\"caption\":\"COMPRAR MEJOR\"},\"image\":{\"@id\":\"https:\\\/\\\/www.comprarmejor.es\\\/en\\\/#\\\/schema\\\/logo\\\/image\\\/\"},\"sameAs\":[\"https:\\\/\\\/www.instagram.com\\\/amigosdelcodice\"]}]}<\/script>\n<!-- \/ Yoast SEO plugin. -->","yoast_head_json":{"title":"The Quest for the Holy Grail, s. XV","description":"Facsimile edition of The Quest for the Holy Grail (the Qu\u00eate Roman du Graal), original of which is preserved in the Library of the town of Dijon, France.","robots":{"index":"index","follow":"follow","max-snippet":"max-snippet:-1","max-image-preview":"max-image-preview:large","max-video-preview":"max-video-preview:-1"},"canonical":"https:\/\/www.comprarmejor.es\/en\/product\/the-quest-for-the-holy-grail-s-xv\/","og_locale":"en_US","og_type":"article","og_title":"The Quest for the Holy Grail, s. XV","og_description":"Facsimile edition of The Quest for the Holy Grail (the Qu\u00eate Roman du Graal), original of which is preserved in the Library of the town of Dijon, France.","og_url":"https:\/\/www.comprarmejor.es\/en\/product\/the-quest-for-the-holy-grail-s-xv\/","og_site_name":"ComprarMejor","article_modified_time":"2019-08-29T15:07:52+00:00","og_image":[{"width":454,"height":595,"url":"https:\/\/www.comprarmejor.es\/wp-content\/uploads\/2016\/01\/p_2_8_4_5_2845-La-Busqueda-del-Santo-Grial-s.-XV.jpg","type":"image\/jpeg"}],"twitter_card":"summary_large_image","twitter_misc":{"Est. reading time":"1 minute"},"schema":{"@context":"https:\/\/schema.org","@graph":[{"@type":"WebPage","@id":"https:\/\/www.comprarmejor.es\/en\/product\/the-quest-for-the-holy-grail-s-xv\/","url":"https:\/\/www.comprarmejor.es\/en\/product\/the-quest-for-the-holy-grail-s-xv\/","name":"The Quest for the Holy Grail, s. XV","isPartOf":{"@id":"https:\/\/www.comprarmejor.es\/en\/#website"},"primaryImageOfPage":{"@id":"https:\/\/www.comprarmejor.es\/en\/product\/the-quest-for-the-holy-grail-s-xv\/#primaryimage"},"image":{"@id":"https:\/\/www.comprarmejor.es\/en\/product\/the-quest-for-the-holy-grail-s-xv\/#primaryimage"},"thumbnailUrl":"https:\/\/www.comprarmejor.es\/wp-content\/uploads\/2016\/01\/p_2_8_4_5_2845-La-Busqueda-del-Santo-Grial-s.-XV.jpg","datePublished":"2016-01-26T17:13:25+00:00","dateModified":"2019-08-29T15:07:52+00:00","description":"Facsimile edition of The Quest for the Holy Grail (the Qu\u00eate Roman du Graal), original of which is preserved in the Library of the town of Dijon, France.","breadcrumb":{"@id":"https:\/\/www.comprarmejor.es\/en\/product\/the-quest-for-the-holy-grail-s-xv\/#breadcrumb"},"inLanguage":"en-US","potentialAction":[{"@type":"ReadAction","target":["https:\/\/www.comprarmejor.es\/en\/product\/the-quest-for-the-holy-grail-s-xv\/"]}]},{"@type":"ImageObject","inLanguage":"en-US","@id":"https:\/\/www.comprarmejor.es\/en\/product\/the-quest-for-the-holy-grail-s-xv\/#primaryimage","url":"https:\/\/www.comprarmejor.es\/wp-content\/uploads\/2016\/01\/p_2_8_4_5_2845-La-Busqueda-del-Santo-Grial-s.-XV.jpg","contentUrl":"https:\/\/www.comprarmejor.es\/wp-content\/uploads\/2016\/01\/p_2_8_4_5_2845-La-Busqueda-del-Santo-Grial-s.-XV.jpg","width":454,"height":595},{"@type":"BreadcrumbList","@id":"https:\/\/www.comprarmejor.es\/en\/product\/the-quest-for-the-holy-grail-s-xv\/#breadcrumb","itemListElement":[{"@type":"ListItem","position":1,"name":"Portada","item":"https:\/\/www.comprarmejor.es\/en\/"},{"@type":"ListItem","position":2,"name":"Shop","item":"https:\/\/www.comprarmejor.es\/en\/shop\/"},{"@type":"ListItem","position":3,"name":"The Quest for the Holy Grail, s. XV"}]},{"@type":"WebSite","@id":"https:\/\/www.comprarmejor.es\/en\/#website","url":"https:\/\/www.comprarmejor.es\/en\/","name":"ComprarMejor","description":"ComprarMejor","publisher":{"@id":"https:\/\/www.comprarmejor.es\/en\/#organization"},"potentialAction":[{"@type":"SearchAction","target":{"@type":"EntryPoint","urlTemplate":"https:\/\/www.comprarmejor.es\/en\/?s={search_term_string}"},"query-input":{"@type":"PropertyValueSpecification","valueRequired":true,"valueName":"search_term_string"}}],"inLanguage":"en-US"},{"@type":"Organization","@id":"https:\/\/www.comprarmejor.es\/en\/#organization","name":"COMPRAR MEJOR","url":"https:\/\/www.comprarmejor.es\/en\/","logo":{"@type":"ImageObject","inLanguage":"en-US","@id":"https:\/\/www.comprarmejor.es\/en\/#\/schema\/logo\/image\/","url":"https:\/\/www.comprarmejor.es\/wp-content\/uploads\/2025\/09\/comprarmejortrinidad.jpg","contentUrl":"https:\/\/www.comprarmejor.es\/wp-content\/uploads\/2025\/09\/comprarmejortrinidad.jpg","width":1022,"height":1380,"caption":"COMPRAR MEJOR"},"image":{"@id":"https:\/\/www.comprarmejor.es\/en\/#\/schema\/logo\/image\/"},"sameAs":["https:\/\/www.instagram.com\/amigosdelcodice"]}]}},"_links":{"self":[{"href":"https:\/\/www.comprarmejor.es\/en\/wp-json\/wp\/v2\/product\/52341","targetHints":{"allow":["GET"]}}],"collection":[{"href":"https:\/\/www.comprarmejor.es\/en\/wp-json\/wp\/v2\/product"}],"about":[{"href":"https:\/\/www.comprarmejor.es\/en\/wp-json\/wp\/v2\/types\/product"}],"wp:featuredmedia":[{"embeddable":true,"href":"https:\/\/www.comprarmejor.es\/en\/wp-json\/wp\/v2\/media\/52327"}],"wp:attachment":[{"href":"https:\/\/www.comprarmejor.es\/en\/wp-json\/wp\/v2\/media?parent=52341"}],"wp:term":[{"taxonomy":"product_brand","embeddable":true,"href":"https:\/\/www.comprarmejor.es\/en\/wp-json\/wp\/v2\/product_brand?post=52341"},{"taxonomy":"product_cat","embeddable":true,"href":"https:\/\/www.comprarmejor.es\/en\/wp-json\/wp\/v2\/product_cat?post=52341"},{"taxonomy":"product_tag","embeddable":true,"href":"https:\/\/www.comprarmejor.es\/en\/wp-json\/wp\/v2\/product_tag?post=52341"}],"curies":[{"name":"wp","href":"https:\/\/api.w.org\/{rel}","templated":true}]}}