{"id":52367,"date":"2016-01-26T23:56:47","date_gmt":"2016-01-26T22:56:47","guid":{"rendered":"https:\/\/www.comprarmejor.es\/producto\/theatrum-illustriores-hispaniae-urbes-1657\/"},"modified":"2019-08-29T16:12:29","modified_gmt":"2019-08-29T14:12:29","slug":"theatrum-illustriores-hispaniae-urbes-1657","status":"publish","type":"product","link":"https:\/\/www.comprarmejor.es\/en\/product\/theatrum-illustriores-hispaniae-urbes-1657\/","title":{"rendered":"Theatrum illustriores Hispaniae urbes, 1657"},"content":{"rendered":"<p style=\"text-align:justify;\"><span id=\"result_box\" lang=\"en\" xml:lang=\"en\"><span title=\"Impresionante facs\u00edmile realizado en 1996 de la obra Theatrum illustriores Hispaniae Urbes (Teatro de las m\u00e1s ilustres ciudades de Espa\u00f1a y Portugal), un volumen que form\u00f3 parte de la colecci\u00f3n Civitates Orbis Terrarum, siglo XVI, y que se edit\u00f3 \u00fanicamente con la parte dedicada a\">Impressive facsimile in 1996 of the work Theatrum illustriores Hispaniae Urbes (Theatre of the most famous cities in Spain and Portugal), a volume that was part of the Orbis Civitates Terrarum, XVI century collection, which was published only in the part devoted to <\/span><span title=\"Espa\u00f1a y algo de Portugal.\">Spain and some of Portugal.<\/p>\n<p><\/span><span title=\"Edici\u00f3n limitada a 980 ejemplares numerados.\">Limited edition of 980 numbered copies. <\/span><span title=\"Dibujos realizados por Georg Hoefnagel (pintor de miniaturas del emperador Rodolfo II) entre 1563 y 1567 y grabados por Frans Hogenberg y editados en diferentes tomos del \u201cCivitates Orbis Terrarum\u201d entre 1572 y 1597, recopilados posteriormente en 1657 por Johannes Janssonius en un solo volumen\">Drawings by Georg Hoefnagel (miniature painter of Emperor Rudolph II) between 1563 and 1567 and recorded by Frans Hogenberg and edited in different volumes of &#8220;Orbis Civitates Terrarum&#8221; between 1572 and 1597, later collected in 1657 by Johannes Janssonius in one volume <\/span><span title=\", cuyo ejemplar se reproduce en esta edici\u00f3n.\">whose copy is reproduced in this edition.<\/p>\n<p><\/span><span title=\"Facs\u00edmile de la obra original conservada en la Biblioteca Nacional de Espa\u00f1a, conteniendo m\u00e1s de 40 grabados de ciudades espa\u00f1olas y portuguesas a todo color.\">Facsimile of the original work preserved in the National Library of Spain, containing over 40 engravings of Spanish and Portuguese cities in full color. <\/span><span title=\"Encuadernado en plena piel y nervios, formato 30 x 45 cm, 148 p\u00e1ginas en papel especial de alto gramaje.\">Bound in full skin and nerves, format 30 x 45 cm, 148 pages especially heavy paper. <\/span><span title=\"Ejemplar correspondiente a un n\u00famero bajo de la primera centena.\">Corresponding to a low copy number of the first hundred. <\/span><span title=\"En perfecto estado.\">In perfect state.<\/p>\n<p><\/span><span title=\"Libro estudio encuadernado en carton\u00e9, formato 21,2 x 29,7 cm, 128 p\u00e1ginas.\">Study book bound in hardback format 21.2 x 29.7 cm, 128 pages. <\/span><span title=\"En perfecto estado.\">In perfect state. <\/span><span title=\"Contiene un estudio de la obra realizado por Elena Santiago P\u00e1ez y la traducci\u00f3n del texto original en lat\u00edn al espa\u00f1ol realizada por Mauricio Wacquez.\">It contains a study of the work done by Elena Santiago Paez and translation of the original Latin text into Spanish by Mauricio Wacquez.<\/p>\n<p><\/span><span title=\"Ambos libros se incluyen en una caja estuche en tela, formato 31,5 x 47,2 en buen estado, aunque presenta efectos del tiempo, pero sin gran importancia.\">Both books are included in a box in fabric case, format 31.5 x 47.2 in good condition, but has effects of time, but of no great importance. <\/span><span title=\"Peso total: 4.682 grs.\">Total weight: 4,682 grams.<\/p>\n<p><\/span><span title=\"Esta obra se vende en algunas librer\u00edas y p\u00e1ginas webs en 4.200 euros y se pone como fecha de creaci\u00f3n 1563, siendo en realidad el ejemplar que se reproduce el editado en 1657 y que contiene todos los mapas y textos de las ciudades espa\u00f1olas y portuguesas del Civitates\">This work is sold in some bookstores and websites in 4,200 euros and sets 1563 as the date of creation, being actually the edited copy is played in 1657 and contains all the maps and texts of the Spanish and Portuguese cities Civitates <\/span><span title=\"Orbis Terrarum.\">Orbis Terrarum. <\/span><span title=\"Edici\u00f3n agotada hace tiempo, revalorizada y muy dif\u00edcil de encontrar.\">Long out of print, it revalued and very hard to find.<\/p>\n<p><\/span><span title=\"Un bello ejemplar para todo buen coleccionista de mapas, cartograf\u00edas, viajes y costumbres antiguas.\">One copy for every good collector of maps, maps, travel and beautiful ancient customs.<\/p>\n<p><\/span><span title=\"Gastos de env\u00edo por cuenta del comprador, seg\u00fan pedido y destino.\">Shipping by the buyer, upon request and destination.\u00a0<\/span><span title=\"Cons\u00faltenos cualquier duda, as\u00ed como por cualquier otro facs\u00edmile o art\u00edculo que est\u00e9 buscando.\"><a class=\"btn btn-default\" href=\"http:\/\/comprarmejor.es\/en\/contact\">Ask us<\/a> any questions and facsimile or any other item he seeks.<\/span><\/span><\/p>\n","protected":false},"excerpt":{"rendered":"<p style=\"text-align:justify;\"><span id=\"result_box\" lang=\"en\" xml:lang=\"en\"><span title=\"Impresionante facs\u00edmile realizado en 1996 de la obra Theatrum illustriores Hispaniae Urbes (Teatro de las m\u00e1s ilustres ciudades de Espa\u00f1a y Portugal), un volumen que form\u00f3 parte de la colecci\u00f3n Civitates Orbis Terrarum, siglo XVI, y que se edit\u00f3 \u00fanicamente con la parte dedicada a\">Impressive facsimile in 1996 of the work Theatrum illustriores Hispaniae Urbes (Theatre of the most famous cities in Spain and Portugal), a volume that was part of the Orbis Civitates Terrarum, XVI century collection, which was published only in the part devoted to <\/span><span title=\"Espa\u00f1a y algo de Portugal.\">Spain and some of Portugal.<\/span><\/span><\/p>\n","protected":false},"featured_media":52353,"template":"","meta":[],"product_brand":[],"product_cat":[2184,2250,2220],"product_tag":[4104,4510],"class_list":{"0":"post-52367","1":"product","2":"type-product","3":"status-publish","4":"has-post-thumbnail","6":"product_cat-facsimiles-editions","7":"product_cat-other-facsimiles","8":"product_cat-special-offers","9":"product_tag-bne-en","10":"product_tag-civitates-en","11":"product_shipping_class-from-2-to-5-kg","12":"description-off","14":"first","15":"instock","16":"sale","17":"taxable","18":"shipping-taxable","19":"purchasable","20":"product-type-simple"},"yoast_head":"<!-- This site is optimized with the Yoast SEO plugin v27.3 - https:\/\/yoast.com\/product\/yoast-seo-wordpress\/ -->\n<title>Theatrum illustriores Hispaniae urbes, 1657<\/title>\n<meta name=\"description\" content=\"Impressive facsimile in 1996 of the work Theatrum illustriores Hispaniae Urbes (Theatre of the most famous cities in Spain and Portugal), a volume that was part\" \/>\n<meta name=\"robots\" content=\"index, follow, max-snippet:-1, max-image-preview:large, max-video-preview:-1\" \/>\n<link rel=\"canonical\" href=\"https:\/\/www.comprarmejor.es\/en\/product\/theatrum-illustriores-hispaniae-urbes-1657\/\" \/>\n<meta property=\"og:locale\" content=\"en_US\" \/>\n<meta property=\"og:type\" content=\"article\" \/>\n<meta property=\"og:title\" content=\"Theatrum illustriores Hispaniae urbes, 1657\" \/>\n<meta property=\"og:description\" content=\"Impressive facsimile in 1996 of the work Theatrum illustriores Hispaniae Urbes (Theatre of the most famous cities in Spain and Portugal), a volume that was part\" \/>\n<meta property=\"og:url\" content=\"https:\/\/www.comprarmejor.es\/en\/product\/theatrum-illustriores-hispaniae-urbes-1657\/\" \/>\n<meta property=\"og:site_name\" content=\"ComprarMejor\" \/>\n<meta property=\"article:modified_time\" content=\"2019-08-29T14:12:29+00:00\" \/>\n<meta property=\"og:image\" content=\"https:\/\/www.comprarmejor.es\/wp-content\/uploads\/2016\/01\/p_2_8_6_0_2860-Theatrum-illustriores-Hispaniae-urbes-ano-1657.jpg\" \/>\n\t<meta property=\"og:image:width\" content=\"450\" \/>\n\t<meta property=\"og:image:height\" content=\"600\" \/>\n\t<meta property=\"og:image:type\" content=\"image\/jpeg\" \/>\n<meta name=\"twitter:card\" content=\"summary_large_image\" \/>\n<meta name=\"twitter:label1\" content=\"Est. reading time\" \/>\n\t<meta name=\"twitter:data1\" content=\"1 minute\" \/>\n<script type=\"application\/ld+json\" class=\"yoast-schema-graph\">{\"@context\":\"https:\\\/\\\/schema.org\",\"@graph\":[{\"@type\":\"WebPage\",\"@id\":\"https:\\\/\\\/www.comprarmejor.es\\\/en\\\/product\\\/theatrum-illustriores-hispaniae-urbes-1657\\\/\",\"url\":\"https:\\\/\\\/www.comprarmejor.es\\\/en\\\/product\\\/theatrum-illustriores-hispaniae-urbes-1657\\\/\",\"name\":\"Theatrum illustriores Hispaniae urbes, 1657\",\"isPartOf\":{\"@id\":\"https:\\\/\\\/www.comprarmejor.es\\\/en\\\/#website\"},\"primaryImageOfPage\":{\"@id\":\"https:\\\/\\\/www.comprarmejor.es\\\/en\\\/product\\\/theatrum-illustriores-hispaniae-urbes-1657\\\/#primaryimage\"},\"image\":{\"@id\":\"https:\\\/\\\/www.comprarmejor.es\\\/en\\\/product\\\/theatrum-illustriores-hispaniae-urbes-1657\\\/#primaryimage\"},\"thumbnailUrl\":\"https:\\\/\\\/www.comprarmejor.es\\\/wp-content\\\/uploads\\\/2016\\\/01\\\/p_2_8_6_0_2860-Theatrum-illustriores-Hispaniae-urbes-ano-1657.jpg\",\"datePublished\":\"2016-01-26T22:56:47+00:00\",\"dateModified\":\"2019-08-29T14:12:29+00:00\",\"description\":\"Impressive facsimile in 1996 of the work Theatrum illustriores Hispaniae Urbes (Theatre of the most famous cities in Spain and Portugal), a volume that was part\",\"breadcrumb\":{\"@id\":\"https:\\\/\\\/www.comprarmejor.es\\\/en\\\/product\\\/theatrum-illustriores-hispaniae-urbes-1657\\\/#breadcrumb\"},\"inLanguage\":\"en-US\",\"potentialAction\":[{\"@type\":\"ReadAction\",\"target\":[\"https:\\\/\\\/www.comprarmejor.es\\\/en\\\/product\\\/theatrum-illustriores-hispaniae-urbes-1657\\\/\"]}]},{\"@type\":\"ImageObject\",\"inLanguage\":\"en-US\",\"@id\":\"https:\\\/\\\/www.comprarmejor.es\\\/en\\\/product\\\/theatrum-illustriores-hispaniae-urbes-1657\\\/#primaryimage\",\"url\":\"https:\\\/\\\/www.comprarmejor.es\\\/wp-content\\\/uploads\\\/2016\\\/01\\\/p_2_8_6_0_2860-Theatrum-illustriores-Hispaniae-urbes-ano-1657.jpg\",\"contentUrl\":\"https:\\\/\\\/www.comprarmejor.es\\\/wp-content\\\/uploads\\\/2016\\\/01\\\/p_2_8_6_0_2860-Theatrum-illustriores-Hispaniae-urbes-ano-1657.jpg\",\"width\":450,\"height\":600},{\"@type\":\"BreadcrumbList\",\"@id\":\"https:\\\/\\\/www.comprarmejor.es\\\/en\\\/product\\\/theatrum-illustriores-hispaniae-urbes-1657\\\/#breadcrumb\",\"itemListElement\":[{\"@type\":\"ListItem\",\"position\":1,\"name\":\"Portada\",\"item\":\"https:\\\/\\\/www.comprarmejor.es\\\/en\\\/\"},{\"@type\":\"ListItem\",\"position\":2,\"name\":\"Shop\",\"item\":\"https:\\\/\\\/www.comprarmejor.es\\\/en\\\/shop\\\/\"},{\"@type\":\"ListItem\",\"position\":3,\"name\":\"Theatrum illustriores Hispaniae urbes, 1657\"}]},{\"@type\":\"WebSite\",\"@id\":\"https:\\\/\\\/www.comprarmejor.es\\\/en\\\/#website\",\"url\":\"https:\\\/\\\/www.comprarmejor.es\\\/en\\\/\",\"name\":\"ComprarMejor\",\"description\":\"ComprarMejor\",\"publisher\":{\"@id\":\"https:\\\/\\\/www.comprarmejor.es\\\/en\\\/#organization\"},\"potentialAction\":[{\"@type\":\"SearchAction\",\"target\":{\"@type\":\"EntryPoint\",\"urlTemplate\":\"https:\\\/\\\/www.comprarmejor.es\\\/en\\\/?s={search_term_string}\"},\"query-input\":{\"@type\":\"PropertyValueSpecification\",\"valueRequired\":true,\"valueName\":\"search_term_string\"}}],\"inLanguage\":\"en-US\"},{\"@type\":\"Organization\",\"@id\":\"https:\\\/\\\/www.comprarmejor.es\\\/en\\\/#organization\",\"name\":\"COMPRAR MEJOR\",\"url\":\"https:\\\/\\\/www.comprarmejor.es\\\/en\\\/\",\"logo\":{\"@type\":\"ImageObject\",\"inLanguage\":\"en-US\",\"@id\":\"https:\\\/\\\/www.comprarmejor.es\\\/en\\\/#\\\/schema\\\/logo\\\/image\\\/\",\"url\":\"https:\\\/\\\/www.comprarmejor.es\\\/wp-content\\\/uploads\\\/2025\\\/09\\\/comprarmejortrinidad.jpg\",\"contentUrl\":\"https:\\\/\\\/www.comprarmejor.es\\\/wp-content\\\/uploads\\\/2025\\\/09\\\/comprarmejortrinidad.jpg\",\"width\":1022,\"height\":1380,\"caption\":\"COMPRAR MEJOR\"},\"image\":{\"@id\":\"https:\\\/\\\/www.comprarmejor.es\\\/en\\\/#\\\/schema\\\/logo\\\/image\\\/\"},\"sameAs\":[\"https:\\\/\\\/www.instagram.com\\\/amigosdelcodice\"]}]}<\/script>\n<!-- \/ Yoast SEO plugin. -->","yoast_head_json":{"title":"Theatrum illustriores Hispaniae urbes, 1657","description":"Impressive facsimile in 1996 of the work Theatrum illustriores Hispaniae Urbes (Theatre of the most famous cities in Spain and Portugal), a volume that was part","robots":{"index":"index","follow":"follow","max-snippet":"max-snippet:-1","max-image-preview":"max-image-preview:large","max-video-preview":"max-video-preview:-1"},"canonical":"https:\/\/www.comprarmejor.es\/en\/product\/theatrum-illustriores-hispaniae-urbes-1657\/","og_locale":"en_US","og_type":"article","og_title":"Theatrum illustriores Hispaniae urbes, 1657","og_description":"Impressive facsimile in 1996 of the work Theatrum illustriores Hispaniae Urbes (Theatre of the most famous cities in Spain and Portugal), a volume that was part","og_url":"https:\/\/www.comprarmejor.es\/en\/product\/theatrum-illustriores-hispaniae-urbes-1657\/","og_site_name":"ComprarMejor","article_modified_time":"2019-08-29T14:12:29+00:00","og_image":[{"width":450,"height":600,"url":"https:\/\/www.comprarmejor.es\/wp-content\/uploads\/2016\/01\/p_2_8_6_0_2860-Theatrum-illustriores-Hispaniae-urbes-ano-1657.jpg","type":"image\/jpeg"}],"twitter_card":"summary_large_image","twitter_misc":{"Est. reading time":"1 minute"},"schema":{"@context":"https:\/\/schema.org","@graph":[{"@type":"WebPage","@id":"https:\/\/www.comprarmejor.es\/en\/product\/theatrum-illustriores-hispaniae-urbes-1657\/","url":"https:\/\/www.comprarmejor.es\/en\/product\/theatrum-illustriores-hispaniae-urbes-1657\/","name":"Theatrum illustriores Hispaniae urbes, 1657","isPartOf":{"@id":"https:\/\/www.comprarmejor.es\/en\/#website"},"primaryImageOfPage":{"@id":"https:\/\/www.comprarmejor.es\/en\/product\/theatrum-illustriores-hispaniae-urbes-1657\/#primaryimage"},"image":{"@id":"https:\/\/www.comprarmejor.es\/en\/product\/theatrum-illustriores-hispaniae-urbes-1657\/#primaryimage"},"thumbnailUrl":"https:\/\/www.comprarmejor.es\/wp-content\/uploads\/2016\/01\/p_2_8_6_0_2860-Theatrum-illustriores-Hispaniae-urbes-ano-1657.jpg","datePublished":"2016-01-26T22:56:47+00:00","dateModified":"2019-08-29T14:12:29+00:00","description":"Impressive facsimile in 1996 of the work Theatrum illustriores Hispaniae Urbes (Theatre of the most famous cities in Spain and Portugal), a volume that was part","breadcrumb":{"@id":"https:\/\/www.comprarmejor.es\/en\/product\/theatrum-illustriores-hispaniae-urbes-1657\/#breadcrumb"},"inLanguage":"en-US","potentialAction":[{"@type":"ReadAction","target":["https:\/\/www.comprarmejor.es\/en\/product\/theatrum-illustriores-hispaniae-urbes-1657\/"]}]},{"@type":"ImageObject","inLanguage":"en-US","@id":"https:\/\/www.comprarmejor.es\/en\/product\/theatrum-illustriores-hispaniae-urbes-1657\/#primaryimage","url":"https:\/\/www.comprarmejor.es\/wp-content\/uploads\/2016\/01\/p_2_8_6_0_2860-Theatrum-illustriores-Hispaniae-urbes-ano-1657.jpg","contentUrl":"https:\/\/www.comprarmejor.es\/wp-content\/uploads\/2016\/01\/p_2_8_6_0_2860-Theatrum-illustriores-Hispaniae-urbes-ano-1657.jpg","width":450,"height":600},{"@type":"BreadcrumbList","@id":"https:\/\/www.comprarmejor.es\/en\/product\/theatrum-illustriores-hispaniae-urbes-1657\/#breadcrumb","itemListElement":[{"@type":"ListItem","position":1,"name":"Portada","item":"https:\/\/www.comprarmejor.es\/en\/"},{"@type":"ListItem","position":2,"name":"Shop","item":"https:\/\/www.comprarmejor.es\/en\/shop\/"},{"@type":"ListItem","position":3,"name":"Theatrum illustriores Hispaniae urbes, 1657"}]},{"@type":"WebSite","@id":"https:\/\/www.comprarmejor.es\/en\/#website","url":"https:\/\/www.comprarmejor.es\/en\/","name":"ComprarMejor","description":"ComprarMejor","publisher":{"@id":"https:\/\/www.comprarmejor.es\/en\/#organization"},"potentialAction":[{"@type":"SearchAction","target":{"@type":"EntryPoint","urlTemplate":"https:\/\/www.comprarmejor.es\/en\/?s={search_term_string}"},"query-input":{"@type":"PropertyValueSpecification","valueRequired":true,"valueName":"search_term_string"}}],"inLanguage":"en-US"},{"@type":"Organization","@id":"https:\/\/www.comprarmejor.es\/en\/#organization","name":"COMPRAR MEJOR","url":"https:\/\/www.comprarmejor.es\/en\/","logo":{"@type":"ImageObject","inLanguage":"en-US","@id":"https:\/\/www.comprarmejor.es\/en\/#\/schema\/logo\/image\/","url":"https:\/\/www.comprarmejor.es\/wp-content\/uploads\/2025\/09\/comprarmejortrinidad.jpg","contentUrl":"https:\/\/www.comprarmejor.es\/wp-content\/uploads\/2025\/09\/comprarmejortrinidad.jpg","width":1022,"height":1380,"caption":"COMPRAR MEJOR"},"image":{"@id":"https:\/\/www.comprarmejor.es\/en\/#\/schema\/logo\/image\/"},"sameAs":["https:\/\/www.instagram.com\/amigosdelcodice"]}]}},"_links":{"self":[{"href":"https:\/\/www.comprarmejor.es\/en\/wp-json\/wp\/v2\/product\/52367","targetHints":{"allow":["GET"]}}],"collection":[{"href":"https:\/\/www.comprarmejor.es\/en\/wp-json\/wp\/v2\/product"}],"about":[{"href":"https:\/\/www.comprarmejor.es\/en\/wp-json\/wp\/v2\/types\/product"}],"wp:featuredmedia":[{"embeddable":true,"href":"https:\/\/www.comprarmejor.es\/en\/wp-json\/wp\/v2\/media\/52353"}],"wp:attachment":[{"href":"https:\/\/www.comprarmejor.es\/en\/wp-json\/wp\/v2\/media?parent=52367"}],"wp:term":[{"taxonomy":"product_brand","embeddable":true,"href":"https:\/\/www.comprarmejor.es\/en\/wp-json\/wp\/v2\/product_brand?post=52367"},{"taxonomy":"product_cat","embeddable":true,"href":"https:\/\/www.comprarmejor.es\/en\/wp-json\/wp\/v2\/product_cat?post=52367"},{"taxonomy":"product_tag","embeddable":true,"href":"https:\/\/www.comprarmejor.es\/en\/wp-json\/wp\/v2\/product_tag?post=52367"}],"curies":[{"name":"wp","href":"https:\/\/api.w.org\/{rel}","templated":true}]}}