{"id":52377,"date":"2016-01-27T10:50:16","date_gmt":"2016-01-27T09:50:16","guid":{"rendered":"https:\/\/www.comprarmejor.es\/producto\/1964-us-mint-in-philadelphia\/"},"modified":"2024-11-04T11:56:52","modified_gmt":"2024-11-04T10:56:52","slug":"el-cid-2007-junta-de-castilla-y-leon-viii-centenario","status":"publish","type":"product","link":"https:\/\/www.comprarmejor.es\/en\/product\/el-cid-2007-junta-de-castilla-y-leon-viii-centenario\/","title":{"rendered":"El Cid. 2007, Junta de Castilla y Le\u00f3n, VIII Centenario"},"content":{"rendered":"<p style=\"text-align: justify;\">Extraordinary commemorative edition of the VIII Centenary of the death of Don Rodrigo D\u00edaz de Vivar, El Cid, published in 2007 by the Education Department of the Junta de Castilla y Le\u00f3n, composed of:<\/p>\n<p style=\"text-align: justify;\">&#8211; Book \u201cCantar de M\u00edo Cid\u201d, bound in suede with dry embossed decorations, ribbed spine, guide tape, format 24.5 x 35 cm. 164 pages profusely illustrated in color, on 180 gram old laid paper.<br \/>\nReproduction of the text of the Cantar de M\u00edo Cid from the paleographic transcription made by Timoteo Ria\u00f1o Rodr\u00edguez and Carmen Aja Guti\u00e9rrez, and with the handwriting of the manuscript. The illustrations and ornamental motifs, inspired by medieval beatus, are original by Manuel V. Tamariz S\u00e1enz.<\/p>\n<p style=\"text-align: justify;\">&#8211; Book \u201cCantares del Cid\u201d, bound in Dutch leather with decorated paper covers, guide tape, format 24.5 x 35 cm. 256 pages.<\/p>\n<p style=\"text-align: justify;\">&#8211; Folder \u201cRuta del Cid\u201d, unopened, with the sealed seal unbroken.<\/p>\n<p style=\"text-align: justify;\">All presented in a folder-case of 3 different formats:<br \/>\nClosed: 31 x 40.5 x 8.5 cm.<br \/>\nPartially opened: 69 x 40.5 x 4.5 cm.<br \/>\nCompletely opened: 137.5 x 40.5 x 4 cm.<\/p>\n<p style=\"text-align: justify;\">Numbered edition limited to 500 copies. Complete copy in perfect condition.<\/p>\n<p style=\"text-align: justify;\">Free shipping costs for this item<span class=\"hps\">.<\/span>\u00a0<a class=\"btn btn-default\" href=\"https:\/\/www.comprarmejor.es\/en\/contact\">Ask us<\/a>\u00a0<span class=\"HwtZe\" lang=\"en\"><span class=\"jCAhz ChMk0b\"><span class=\"ryNqvb\">any questions, indicating the item reference.<\/span><\/span><\/span><\/p>\n","protected":false},"excerpt":{"rendered":"<p style=\"text-align: justify;\"><span id=\"result_box\" lang=\"en\" xml:lang=\"en\"><span class=\"HwtZe\" lang=\"en\"><span class=\"jCAhz ChMk0b\"><span class=\"ryNqvb\">Extraordinary commemorative edition of the VIII Centenary of the death of Don Rodrigo D\u00edaz de Vivar, El Cid, published in 2007 by the Education Department of the Junta de Castilla y Le\u00f3n<\/span><\/span><\/span><br \/>\n<\/span><\/p>\n","protected":false},"featured_media":99030,"template":"","meta":[],"product_brand":[],"product_cat":[2210],"product_tag":[5822,4736,5120],"class_list":{"0":"post-52377","1":"product","2":"type-product","3":"status-publish","4":"has-post-thumbnail","6":"product_cat-bibliophilia","7":"product_tag-bibliofilia-en","8":"product_tag-cid-en","9":"product_tag-history-en","10":"description-off","12":"first","13":"instock","14":"taxable","15":"shipping-taxable","16":"purchasable","17":"product-type-simple"},"yoast_head":"<!-- This site is optimized with the Yoast SEO plugin v27.3 - https:\/\/yoast.com\/product\/yoast-seo-wordpress\/ -->\n<title>El Cid. 2007, Junta de Castilla y Le\u00f3n, VIII Centenario<\/title>\n<meta name=\"description\" content=\"Commemorative edition of the VIII Centenary of the death of Don Rodrigo D\u00edaz de Vivar, El Cid, published in 2007 by the Junta de Castilla y Le\u00f3n\" \/>\n<meta name=\"robots\" content=\"index, follow, max-snippet:-1, max-image-preview:large, max-video-preview:-1\" \/>\n<link rel=\"canonical\" href=\"https:\/\/www.comprarmejor.es\/en\/product\/el-cid-2007-junta-de-castilla-y-leon-viii-centenario\/\" \/>\n<meta property=\"og:locale\" content=\"en_US\" \/>\n<meta property=\"og:type\" content=\"article\" \/>\n<meta property=\"og:title\" content=\"El Cid. 2007, Junta de Castilla y Le\u00f3n, VIII Centenario\" \/>\n<meta property=\"og:description\" content=\"Commemorative edition of the VIII Centenary of the death of Don Rodrigo D\u00edaz de Vivar, El Cid, published in 2007 by the Junta de Castilla y Le\u00f3n\" \/>\n<meta property=\"og:url\" content=\"https:\/\/www.comprarmejor.es\/en\/product\/el-cid-2007-junta-de-castilla-y-leon-viii-centenario\/\" \/>\n<meta property=\"og:site_name\" content=\"ComprarMejor\" \/>\n<meta property=\"article:modified_time\" content=\"2024-11-04T10:56:52+00:00\" \/>\n<meta property=\"og:image\" content=\"https:\/\/www.comprarmejor.es\/wp-content\/uploads\/2016\/01\/CidCyL-2.jpg\" \/>\n\t<meta property=\"og:image:width\" content=\"753\" \/>\n\t<meta property=\"og:image:height\" content=\"457\" \/>\n\t<meta property=\"og:image:type\" content=\"image\/jpeg\" \/>\n<meta name=\"twitter:card\" content=\"summary_large_image\" \/>\n<meta name=\"twitter:label1\" content=\"Est. reading time\" \/>\n\t<meta name=\"twitter:data1\" content=\"2 minutes\" \/>\n<script type=\"application\/ld+json\" class=\"yoast-schema-graph\">{\"@context\":\"https:\\\/\\\/schema.org\",\"@graph\":[{\"@type\":\"WebPage\",\"@id\":\"https:\\\/\\\/www.comprarmejor.es\\\/en\\\/product\\\/el-cid-2007-junta-de-castilla-y-leon-viii-centenario\\\/\",\"url\":\"https:\\\/\\\/www.comprarmejor.es\\\/en\\\/product\\\/el-cid-2007-junta-de-castilla-y-leon-viii-centenario\\\/\",\"name\":\"El Cid. 2007, Junta de Castilla y Le\u00f3n, VIII Centenario\",\"isPartOf\":{\"@id\":\"https:\\\/\\\/www.comprarmejor.es\\\/en\\\/#website\"},\"primaryImageOfPage\":{\"@id\":\"https:\\\/\\\/www.comprarmejor.es\\\/en\\\/product\\\/el-cid-2007-junta-de-castilla-y-leon-viii-centenario\\\/#primaryimage\"},\"image\":{\"@id\":\"https:\\\/\\\/www.comprarmejor.es\\\/en\\\/product\\\/el-cid-2007-junta-de-castilla-y-leon-viii-centenario\\\/#primaryimage\"},\"thumbnailUrl\":\"https:\\\/\\\/www.comprarmejor.es\\\/wp-content\\\/uploads\\\/2016\\\/01\\\/CidCyL-2.jpg\",\"datePublished\":\"2016-01-27T09:50:16+00:00\",\"dateModified\":\"2024-11-04T10:56:52+00:00\",\"description\":\"Commemorative edition of the VIII Centenary of the death of Don Rodrigo D\u00edaz de Vivar, El Cid, published in 2007 by the Junta de Castilla y Le\u00f3n\",\"breadcrumb\":{\"@id\":\"https:\\\/\\\/www.comprarmejor.es\\\/en\\\/product\\\/el-cid-2007-junta-de-castilla-y-leon-viii-centenario\\\/#breadcrumb\"},\"inLanguage\":\"en-US\",\"potentialAction\":[{\"@type\":\"ReadAction\",\"target\":[\"https:\\\/\\\/www.comprarmejor.es\\\/en\\\/product\\\/el-cid-2007-junta-de-castilla-y-leon-viii-centenario\\\/\"]}]},{\"@type\":\"ImageObject\",\"inLanguage\":\"en-US\",\"@id\":\"https:\\\/\\\/www.comprarmejor.es\\\/en\\\/product\\\/el-cid-2007-junta-de-castilla-y-leon-viii-centenario\\\/#primaryimage\",\"url\":\"https:\\\/\\\/www.comprarmejor.es\\\/wp-content\\\/uploads\\\/2016\\\/01\\\/CidCyL-2.jpg\",\"contentUrl\":\"https:\\\/\\\/www.comprarmejor.es\\\/wp-content\\\/uploads\\\/2016\\\/01\\\/CidCyL-2.jpg\",\"width\":753,\"height\":457},{\"@type\":\"BreadcrumbList\",\"@id\":\"https:\\\/\\\/www.comprarmejor.es\\\/en\\\/product\\\/el-cid-2007-junta-de-castilla-y-leon-viii-centenario\\\/#breadcrumb\",\"itemListElement\":[{\"@type\":\"ListItem\",\"position\":1,\"name\":\"Portada\",\"item\":\"https:\\\/\\\/www.comprarmejor.es\\\/en\\\/\"},{\"@type\":\"ListItem\",\"position\":2,\"name\":\"Shop\",\"item\":\"https:\\\/\\\/www.comprarmejor.es\\\/en\\\/shop\\\/\"},{\"@type\":\"ListItem\",\"position\":3,\"name\":\"El Cid. 2007, Junta de Castilla y Le\u00f3n, VIII Centenario\"}]},{\"@type\":\"WebSite\",\"@id\":\"https:\\\/\\\/www.comprarmejor.es\\\/en\\\/#website\",\"url\":\"https:\\\/\\\/www.comprarmejor.es\\\/en\\\/\",\"name\":\"ComprarMejor\",\"description\":\"ComprarMejor\",\"publisher\":{\"@id\":\"https:\\\/\\\/www.comprarmejor.es\\\/en\\\/#organization\"},\"potentialAction\":[{\"@type\":\"SearchAction\",\"target\":{\"@type\":\"EntryPoint\",\"urlTemplate\":\"https:\\\/\\\/www.comprarmejor.es\\\/en\\\/?s={search_term_string}\"},\"query-input\":{\"@type\":\"PropertyValueSpecification\",\"valueRequired\":true,\"valueName\":\"search_term_string\"}}],\"inLanguage\":\"en-US\"},{\"@type\":\"Organization\",\"@id\":\"https:\\\/\\\/www.comprarmejor.es\\\/en\\\/#organization\",\"name\":\"COMPRAR MEJOR\",\"url\":\"https:\\\/\\\/www.comprarmejor.es\\\/en\\\/\",\"logo\":{\"@type\":\"ImageObject\",\"inLanguage\":\"en-US\",\"@id\":\"https:\\\/\\\/www.comprarmejor.es\\\/en\\\/#\\\/schema\\\/logo\\\/image\\\/\",\"url\":\"https:\\\/\\\/www.comprarmejor.es\\\/wp-content\\\/uploads\\\/2025\\\/09\\\/comprarmejortrinidad.jpg\",\"contentUrl\":\"https:\\\/\\\/www.comprarmejor.es\\\/wp-content\\\/uploads\\\/2025\\\/09\\\/comprarmejortrinidad.jpg\",\"width\":1022,\"height\":1380,\"caption\":\"COMPRAR MEJOR\"},\"image\":{\"@id\":\"https:\\\/\\\/www.comprarmejor.es\\\/en\\\/#\\\/schema\\\/logo\\\/image\\\/\"},\"sameAs\":[\"https:\\\/\\\/www.instagram.com\\\/amigosdelcodice\"]}]}<\/script>\n<!-- \/ Yoast SEO plugin. -->","yoast_head_json":{"title":"El Cid. 2007, Junta de Castilla y Le\u00f3n, VIII Centenario","description":"Commemorative edition of the VIII Centenary of the death of Don Rodrigo D\u00edaz de Vivar, El Cid, published in 2007 by the Junta de Castilla y Le\u00f3n","robots":{"index":"index","follow":"follow","max-snippet":"max-snippet:-1","max-image-preview":"max-image-preview:large","max-video-preview":"max-video-preview:-1"},"canonical":"https:\/\/www.comprarmejor.es\/en\/product\/el-cid-2007-junta-de-castilla-y-leon-viii-centenario\/","og_locale":"en_US","og_type":"article","og_title":"El Cid. 2007, Junta de Castilla y Le\u00f3n, VIII Centenario","og_description":"Commemorative edition of the VIII Centenary of the death of Don Rodrigo D\u00edaz de Vivar, El Cid, published in 2007 by the Junta de Castilla y Le\u00f3n","og_url":"https:\/\/www.comprarmejor.es\/en\/product\/el-cid-2007-junta-de-castilla-y-leon-viii-centenario\/","og_site_name":"ComprarMejor","article_modified_time":"2024-11-04T10:56:52+00:00","og_image":[{"width":753,"height":457,"url":"https:\/\/www.comprarmejor.es\/wp-content\/uploads\/2016\/01\/CidCyL-2.jpg","type":"image\/jpeg"}],"twitter_card":"summary_large_image","twitter_misc":{"Est. reading time":"2 minutes"},"schema":{"@context":"https:\/\/schema.org","@graph":[{"@type":"WebPage","@id":"https:\/\/www.comprarmejor.es\/en\/product\/el-cid-2007-junta-de-castilla-y-leon-viii-centenario\/","url":"https:\/\/www.comprarmejor.es\/en\/product\/el-cid-2007-junta-de-castilla-y-leon-viii-centenario\/","name":"El Cid. 2007, Junta de Castilla y Le\u00f3n, VIII Centenario","isPartOf":{"@id":"https:\/\/www.comprarmejor.es\/en\/#website"},"primaryImageOfPage":{"@id":"https:\/\/www.comprarmejor.es\/en\/product\/el-cid-2007-junta-de-castilla-y-leon-viii-centenario\/#primaryimage"},"image":{"@id":"https:\/\/www.comprarmejor.es\/en\/product\/el-cid-2007-junta-de-castilla-y-leon-viii-centenario\/#primaryimage"},"thumbnailUrl":"https:\/\/www.comprarmejor.es\/wp-content\/uploads\/2016\/01\/CidCyL-2.jpg","datePublished":"2016-01-27T09:50:16+00:00","dateModified":"2024-11-04T10:56:52+00:00","description":"Commemorative edition of the VIII Centenary of the death of Don Rodrigo D\u00edaz de Vivar, El Cid, published in 2007 by the Junta de Castilla y Le\u00f3n","breadcrumb":{"@id":"https:\/\/www.comprarmejor.es\/en\/product\/el-cid-2007-junta-de-castilla-y-leon-viii-centenario\/#breadcrumb"},"inLanguage":"en-US","potentialAction":[{"@type":"ReadAction","target":["https:\/\/www.comprarmejor.es\/en\/product\/el-cid-2007-junta-de-castilla-y-leon-viii-centenario\/"]}]},{"@type":"ImageObject","inLanguage":"en-US","@id":"https:\/\/www.comprarmejor.es\/en\/product\/el-cid-2007-junta-de-castilla-y-leon-viii-centenario\/#primaryimage","url":"https:\/\/www.comprarmejor.es\/wp-content\/uploads\/2016\/01\/CidCyL-2.jpg","contentUrl":"https:\/\/www.comprarmejor.es\/wp-content\/uploads\/2016\/01\/CidCyL-2.jpg","width":753,"height":457},{"@type":"BreadcrumbList","@id":"https:\/\/www.comprarmejor.es\/en\/product\/el-cid-2007-junta-de-castilla-y-leon-viii-centenario\/#breadcrumb","itemListElement":[{"@type":"ListItem","position":1,"name":"Portada","item":"https:\/\/www.comprarmejor.es\/en\/"},{"@type":"ListItem","position":2,"name":"Shop","item":"https:\/\/www.comprarmejor.es\/en\/shop\/"},{"@type":"ListItem","position":3,"name":"El Cid. 2007, Junta de Castilla y Le\u00f3n, VIII Centenario"}]},{"@type":"WebSite","@id":"https:\/\/www.comprarmejor.es\/en\/#website","url":"https:\/\/www.comprarmejor.es\/en\/","name":"ComprarMejor","description":"ComprarMejor","publisher":{"@id":"https:\/\/www.comprarmejor.es\/en\/#organization"},"potentialAction":[{"@type":"SearchAction","target":{"@type":"EntryPoint","urlTemplate":"https:\/\/www.comprarmejor.es\/en\/?s={search_term_string}"},"query-input":{"@type":"PropertyValueSpecification","valueRequired":true,"valueName":"search_term_string"}}],"inLanguage":"en-US"},{"@type":"Organization","@id":"https:\/\/www.comprarmejor.es\/en\/#organization","name":"COMPRAR MEJOR","url":"https:\/\/www.comprarmejor.es\/en\/","logo":{"@type":"ImageObject","inLanguage":"en-US","@id":"https:\/\/www.comprarmejor.es\/en\/#\/schema\/logo\/image\/","url":"https:\/\/www.comprarmejor.es\/wp-content\/uploads\/2025\/09\/comprarmejortrinidad.jpg","contentUrl":"https:\/\/www.comprarmejor.es\/wp-content\/uploads\/2025\/09\/comprarmejortrinidad.jpg","width":1022,"height":1380,"caption":"COMPRAR MEJOR"},"image":{"@id":"https:\/\/www.comprarmejor.es\/en\/#\/schema\/logo\/image\/"},"sameAs":["https:\/\/www.instagram.com\/amigosdelcodice"]}]}},"_links":{"self":[{"href":"https:\/\/www.comprarmejor.es\/en\/wp-json\/wp\/v2\/product\/52377","targetHints":{"allow":["GET"]}}],"collection":[{"href":"https:\/\/www.comprarmejor.es\/en\/wp-json\/wp\/v2\/product"}],"about":[{"href":"https:\/\/www.comprarmejor.es\/en\/wp-json\/wp\/v2\/types\/product"}],"wp:featuredmedia":[{"embeddable":true,"href":"https:\/\/www.comprarmejor.es\/en\/wp-json\/wp\/v2\/media\/99030"}],"wp:attachment":[{"href":"https:\/\/www.comprarmejor.es\/en\/wp-json\/wp\/v2\/media?parent=52377"}],"wp:term":[{"taxonomy":"product_brand","embeddable":true,"href":"https:\/\/www.comprarmejor.es\/en\/wp-json\/wp\/v2\/product_brand?post=52377"},{"taxonomy":"product_cat","embeddable":true,"href":"https:\/\/www.comprarmejor.es\/en\/wp-json\/wp\/v2\/product_cat?post=52377"},{"taxonomy":"product_tag","embeddable":true,"href":"https:\/\/www.comprarmejor.es\/en\/wp-json\/wp\/v2\/product_tag?post=52377"}],"curies":[{"name":"wp","href":"https:\/\/api.w.org\/{rel}","templated":true}]}}