{"id":52423,"date":"2016-01-27T12:15:18","date_gmt":"2016-01-27T11:15:18","guid":{"rendered":"https:\/\/www.comprarmejor.es\/producto\/theriaka-and-alexipharmaka-nicandro-s-x\/"},"modified":"2020-08-13T11:45:14","modified_gmt":"2020-08-13T09:45:14","slug":"theriaka-and-alexipharmaka-nicandro-s-x","status":"publish","type":"product","link":"https:\/\/www.comprarmejor.es\/en\/product\/theriaka-and-alexipharmaka-nicandro-s-x\/","title":{"rendered":"Theriaka and Alexipharmaka, Nicandro, s. X"},"content":{"rendered":"<p style=\"text-align: justify;\"><span class=\"tlid-translation translation\" lang=\"en\">Facsimile edition made in 1997 of the Th\u00eariaka and Alexipharmaka codex, according to the version made in the 10th century of Nicandro&#8217;s work, the original of which is kept in the National Library of France, under the signature Suppl\u00e9ment grec 247, commonly called Nicandro de Paris. It contains the oldest known Greek text on toxicology, and is considered by many specialists as the most beautiful codex of the Byzantine Renaissance.<\/span><\/p>\n<p style=\"text-align: justify;\">Copy in perfect condition, of the numbered edition and limited to 987 venal copies, according to the original notarial certificate of ownership of the copy, which is attached.<\/p>\n<p style=\"text-align: justify;\">Facsimile of the original codex reproduced in all its details, with a great profusion of drawings, on parchment paper and bound by hand in leather and gold, the same as the original binding of the codex, golden edges of the skin and edged in gold. All this faithfully following the original codex. It comes in a beautiful book case imitating the binding of the codex.<\/p>\n<p style=\"text-align: justify;\">Facsimile format 13.3 x 16.3 cm. 100 pages.<br \/>\nCase format 16 x 19 cm.<\/p>\n<p style=\"text-align: justify;\">Accompanied by a great study book that includes translations of the original and a comprehensive codicological study. Format 22 x 30.50 cm., 372 pages.<\/p>\n<p style=\"text-align: justify;\">This manuscript, considered the oldest and the only illustrated one of the works of the Alexandrian poet Nicandro de Colof\u00f3n, contains two didactic poems: one, the Theriaka, dedicated to the bites of poisonous animals, such as snakes and insects, and their remedies; the other, the Alexipharmaka, deals with poisons of plant and mineral origin and their antidotes.<\/p>\n<p style=\"text-align: justify;\">A spectacular codex and a true gem of science, culture and history. An exceptional and unique opportunity to obtain one of the reproductions of this beautiful manuscript, difficult to obtain because the edition has been out of print for many years.<\/p>\n<p style=\"text-align: justify;\">Complete copy and in perfect condition.<\/p>\n<p style=\"text-align: justify;\"><span title=\"Gastos de env\u00edo por cuenta del comprador, seg\u00fan pedido y destino.\">Shipping by the buyer, upon request and destination.\u00a0<\/span><span title=\"Cons\u00faltenos cualquier duda, as\u00ed como por cualquier otro facs\u00edmile o art\u00edculo que est\u00e9 buscando.\"><a class=\"btn btn-default\" href=\"https:\/\/www.comprarmejor.es\/en\/contact\">Ask us<\/a> any questions and facsimile or any other item he seeks.<\/span><\/p>\n","protected":false},"excerpt":{"rendered":"<p style=\"text-align: justify;\"><span id=\"result_box\" lang=\"en\" xml:lang=\"en\"><span title=\"El c\u00f3dice m\u00e1s bello del Renacimiento bizantino, con el texto griego sobre toxicolog\u00eda m\u00e1s antiguo que se conoce.\">The most beautiful codex of the Byzantine Renaissance, with the Greek text on oldest toxicology known.<\/span><\/span><\/p>\n","protected":false},"featured_media":52413,"template":"","meta":[],"product_brand":[],"product_cat":[2250],"product_tag":[3975,4624,4017,4502,4337],"class_list":{"0":"post-52423","1":"product","2":"type-product","3":"status-publish","4":"has-post-thumbnail","6":"product_cat-other-facsimiles","7":"product_tag-bnf-en","8":"product_tag-medicina-en","9":"product_tag-moleiro-en","10":"product_tag-nicandri-en","11":"product_tag-theriaca-en","12":"product_shipping_class-from-2-to-5-kg","13":"description-off","15":"first","16":"instock","17":"taxable","18":"shipping-taxable","19":"purchasable","20":"product-type-simple"},"yoast_head":"<!-- This site is optimized with the Yoast SEO plugin v27.3 - https:\/\/yoast.com\/product\/yoast-seo-wordpress\/ -->\n<title>Theriaka and Alexipharmaka, Nicandro, s. X, facsimile<\/title>\n<meta name=\"description\" content=\"Facsimile edition made in 1997 of the Th\u00eariaka and Alexipharmaka codex, according to the version made in the 10th century of Nicandro&#039;s work,\" \/>\n<meta name=\"robots\" content=\"index, follow, max-snippet:-1, max-image-preview:large, max-video-preview:-1\" \/>\n<link rel=\"canonical\" href=\"https:\/\/www.comprarmejor.es\/en\/product\/theriaka-and-alexipharmaka-nicandro-s-x\/\" \/>\n<meta property=\"og:locale\" content=\"en_US\" \/>\n<meta property=\"og:type\" content=\"article\" \/>\n<meta property=\"og:title\" content=\"Theriaka and Alexipharmaka, Nicandro, s. X, facsimile\" \/>\n<meta property=\"og:description\" content=\"Facsimile edition made in 1997 of the Th\u00eariaka and Alexipharmaka codex, according to the version made in the 10th century of Nicandro&#039;s work,\" \/>\n<meta property=\"og:url\" content=\"https:\/\/www.comprarmejor.es\/en\/product\/theriaka-and-alexipharmaka-nicandro-s-x\/\" \/>\n<meta property=\"og:site_name\" content=\"ComprarMejor\" \/>\n<meta property=\"article:modified_time\" content=\"2020-08-13T09:45:14+00:00\" \/>\n<meta property=\"og:image\" content=\"https:\/\/www.comprarmejor.es\/wp-content\/uploads\/2016\/01\/p_2_8_8_5_2885-Theriaka-y-Alexipharmaka-de-Nicandro-s.-X.jpg\" \/>\n\t<meta property=\"og:image:width\" content=\"600\" \/>\n\t<meta property=\"og:image:height\" content=\"459\" \/>\n\t<meta property=\"og:image:type\" content=\"image\/jpeg\" \/>\n<meta name=\"twitter:card\" content=\"summary_large_image\" \/>\n<meta name=\"twitter:label1\" content=\"Est. reading time\" \/>\n\t<meta name=\"twitter:data1\" content=\"2 minutes\" \/>\n<script type=\"application\/ld+json\" class=\"yoast-schema-graph\">{\"@context\":\"https:\\\/\\\/schema.org\",\"@graph\":[{\"@type\":\"WebPage\",\"@id\":\"https:\\\/\\\/www.comprarmejor.es\\\/en\\\/product\\\/theriaka-and-alexipharmaka-nicandro-s-x\\\/\",\"url\":\"https:\\\/\\\/www.comprarmejor.es\\\/en\\\/product\\\/theriaka-and-alexipharmaka-nicandro-s-x\\\/\",\"name\":\"Theriaka and Alexipharmaka, Nicandro, s. X, facsimile\",\"isPartOf\":{\"@id\":\"https:\\\/\\\/www.comprarmejor.es\\\/en\\\/#website\"},\"primaryImageOfPage\":{\"@id\":\"https:\\\/\\\/www.comprarmejor.es\\\/en\\\/product\\\/theriaka-and-alexipharmaka-nicandro-s-x\\\/#primaryimage\"},\"image\":{\"@id\":\"https:\\\/\\\/www.comprarmejor.es\\\/en\\\/product\\\/theriaka-and-alexipharmaka-nicandro-s-x\\\/#primaryimage\"},\"thumbnailUrl\":\"https:\\\/\\\/www.comprarmejor.es\\\/wp-content\\\/uploads\\\/2016\\\/01\\\/p_2_8_8_5_2885-Theriaka-y-Alexipharmaka-de-Nicandro-s.-X.jpg\",\"datePublished\":\"2016-01-27T11:15:18+00:00\",\"dateModified\":\"2020-08-13T09:45:14+00:00\",\"description\":\"Facsimile edition made in 1997 of the Th\u00eariaka and Alexipharmaka codex, according to the version made in the 10th century of Nicandro's work,\",\"breadcrumb\":{\"@id\":\"https:\\\/\\\/www.comprarmejor.es\\\/en\\\/product\\\/theriaka-and-alexipharmaka-nicandro-s-x\\\/#breadcrumb\"},\"inLanguage\":\"en-US\",\"potentialAction\":[{\"@type\":\"ReadAction\",\"target\":[\"https:\\\/\\\/www.comprarmejor.es\\\/en\\\/product\\\/theriaka-and-alexipharmaka-nicandro-s-x\\\/\"]}]},{\"@type\":\"ImageObject\",\"inLanguage\":\"en-US\",\"@id\":\"https:\\\/\\\/www.comprarmejor.es\\\/en\\\/product\\\/theriaka-and-alexipharmaka-nicandro-s-x\\\/#primaryimage\",\"url\":\"https:\\\/\\\/www.comprarmejor.es\\\/wp-content\\\/uploads\\\/2016\\\/01\\\/p_2_8_8_5_2885-Theriaka-y-Alexipharmaka-de-Nicandro-s.-X.jpg\",\"contentUrl\":\"https:\\\/\\\/www.comprarmejor.es\\\/wp-content\\\/uploads\\\/2016\\\/01\\\/p_2_8_8_5_2885-Theriaka-y-Alexipharmaka-de-Nicandro-s.-X.jpg\",\"width\":600,\"height\":459},{\"@type\":\"BreadcrumbList\",\"@id\":\"https:\\\/\\\/www.comprarmejor.es\\\/en\\\/product\\\/theriaka-and-alexipharmaka-nicandro-s-x\\\/#breadcrumb\",\"itemListElement\":[{\"@type\":\"ListItem\",\"position\":1,\"name\":\"Portada\",\"item\":\"https:\\\/\\\/www.comprarmejor.es\\\/en\\\/\"},{\"@type\":\"ListItem\",\"position\":2,\"name\":\"Shop\",\"item\":\"https:\\\/\\\/www.comprarmejor.es\\\/en\\\/shop\\\/\"},{\"@type\":\"ListItem\",\"position\":3,\"name\":\"Theriaka and Alexipharmaka, Nicandro, s. X\"}]},{\"@type\":\"WebSite\",\"@id\":\"https:\\\/\\\/www.comprarmejor.es\\\/en\\\/#website\",\"url\":\"https:\\\/\\\/www.comprarmejor.es\\\/en\\\/\",\"name\":\"ComprarMejor\",\"description\":\"ComprarMejor\",\"publisher\":{\"@id\":\"https:\\\/\\\/www.comprarmejor.es\\\/en\\\/#organization\"},\"potentialAction\":[{\"@type\":\"SearchAction\",\"target\":{\"@type\":\"EntryPoint\",\"urlTemplate\":\"https:\\\/\\\/www.comprarmejor.es\\\/en\\\/?s={search_term_string}\"},\"query-input\":{\"@type\":\"PropertyValueSpecification\",\"valueRequired\":true,\"valueName\":\"search_term_string\"}}],\"inLanguage\":\"en-US\"},{\"@type\":\"Organization\",\"@id\":\"https:\\\/\\\/www.comprarmejor.es\\\/en\\\/#organization\",\"name\":\"COMPRAR MEJOR\",\"url\":\"https:\\\/\\\/www.comprarmejor.es\\\/en\\\/\",\"logo\":{\"@type\":\"ImageObject\",\"inLanguage\":\"en-US\",\"@id\":\"https:\\\/\\\/www.comprarmejor.es\\\/en\\\/#\\\/schema\\\/logo\\\/image\\\/\",\"url\":\"https:\\\/\\\/www.comprarmejor.es\\\/wp-content\\\/uploads\\\/2025\\\/09\\\/comprarmejortrinidad.jpg\",\"contentUrl\":\"https:\\\/\\\/www.comprarmejor.es\\\/wp-content\\\/uploads\\\/2025\\\/09\\\/comprarmejortrinidad.jpg\",\"width\":1022,\"height\":1380,\"caption\":\"COMPRAR MEJOR\"},\"image\":{\"@id\":\"https:\\\/\\\/www.comprarmejor.es\\\/en\\\/#\\\/schema\\\/logo\\\/image\\\/\"},\"sameAs\":[\"https:\\\/\\\/www.instagram.com\\\/amigosdelcodice\"]}]}<\/script>\n<!-- \/ Yoast SEO plugin. -->","yoast_head_json":{"title":"Theriaka and Alexipharmaka, Nicandro, s. X, facsimile","description":"Facsimile edition made in 1997 of the Th\u00eariaka and Alexipharmaka codex, according to the version made in the 10th century of Nicandro's work,","robots":{"index":"index","follow":"follow","max-snippet":"max-snippet:-1","max-image-preview":"max-image-preview:large","max-video-preview":"max-video-preview:-1"},"canonical":"https:\/\/www.comprarmejor.es\/en\/product\/theriaka-and-alexipharmaka-nicandro-s-x\/","og_locale":"en_US","og_type":"article","og_title":"Theriaka and Alexipharmaka, Nicandro, s. X, facsimile","og_description":"Facsimile edition made in 1997 of the Th\u00eariaka and Alexipharmaka codex, according to the version made in the 10th century of Nicandro's work,","og_url":"https:\/\/www.comprarmejor.es\/en\/product\/theriaka-and-alexipharmaka-nicandro-s-x\/","og_site_name":"ComprarMejor","article_modified_time":"2020-08-13T09:45:14+00:00","og_image":[{"width":600,"height":459,"url":"https:\/\/www.comprarmejor.es\/wp-content\/uploads\/2016\/01\/p_2_8_8_5_2885-Theriaka-y-Alexipharmaka-de-Nicandro-s.-X.jpg","type":"image\/jpeg"}],"twitter_card":"summary_large_image","twitter_misc":{"Est. reading time":"2 minutes"},"schema":{"@context":"https:\/\/schema.org","@graph":[{"@type":"WebPage","@id":"https:\/\/www.comprarmejor.es\/en\/product\/theriaka-and-alexipharmaka-nicandro-s-x\/","url":"https:\/\/www.comprarmejor.es\/en\/product\/theriaka-and-alexipharmaka-nicandro-s-x\/","name":"Theriaka and Alexipharmaka, Nicandro, s. X, facsimile","isPartOf":{"@id":"https:\/\/www.comprarmejor.es\/en\/#website"},"primaryImageOfPage":{"@id":"https:\/\/www.comprarmejor.es\/en\/product\/theriaka-and-alexipharmaka-nicandro-s-x\/#primaryimage"},"image":{"@id":"https:\/\/www.comprarmejor.es\/en\/product\/theriaka-and-alexipharmaka-nicandro-s-x\/#primaryimage"},"thumbnailUrl":"https:\/\/www.comprarmejor.es\/wp-content\/uploads\/2016\/01\/p_2_8_8_5_2885-Theriaka-y-Alexipharmaka-de-Nicandro-s.-X.jpg","datePublished":"2016-01-27T11:15:18+00:00","dateModified":"2020-08-13T09:45:14+00:00","description":"Facsimile edition made in 1997 of the Th\u00eariaka and Alexipharmaka codex, according to the version made in the 10th century of Nicandro's work,","breadcrumb":{"@id":"https:\/\/www.comprarmejor.es\/en\/product\/theriaka-and-alexipharmaka-nicandro-s-x\/#breadcrumb"},"inLanguage":"en-US","potentialAction":[{"@type":"ReadAction","target":["https:\/\/www.comprarmejor.es\/en\/product\/theriaka-and-alexipharmaka-nicandro-s-x\/"]}]},{"@type":"ImageObject","inLanguage":"en-US","@id":"https:\/\/www.comprarmejor.es\/en\/product\/theriaka-and-alexipharmaka-nicandro-s-x\/#primaryimage","url":"https:\/\/www.comprarmejor.es\/wp-content\/uploads\/2016\/01\/p_2_8_8_5_2885-Theriaka-y-Alexipharmaka-de-Nicandro-s.-X.jpg","contentUrl":"https:\/\/www.comprarmejor.es\/wp-content\/uploads\/2016\/01\/p_2_8_8_5_2885-Theriaka-y-Alexipharmaka-de-Nicandro-s.-X.jpg","width":600,"height":459},{"@type":"BreadcrumbList","@id":"https:\/\/www.comprarmejor.es\/en\/product\/theriaka-and-alexipharmaka-nicandro-s-x\/#breadcrumb","itemListElement":[{"@type":"ListItem","position":1,"name":"Portada","item":"https:\/\/www.comprarmejor.es\/en\/"},{"@type":"ListItem","position":2,"name":"Shop","item":"https:\/\/www.comprarmejor.es\/en\/shop\/"},{"@type":"ListItem","position":3,"name":"Theriaka and Alexipharmaka, Nicandro, s. X"}]},{"@type":"WebSite","@id":"https:\/\/www.comprarmejor.es\/en\/#website","url":"https:\/\/www.comprarmejor.es\/en\/","name":"ComprarMejor","description":"ComprarMejor","publisher":{"@id":"https:\/\/www.comprarmejor.es\/en\/#organization"},"potentialAction":[{"@type":"SearchAction","target":{"@type":"EntryPoint","urlTemplate":"https:\/\/www.comprarmejor.es\/en\/?s={search_term_string}"},"query-input":{"@type":"PropertyValueSpecification","valueRequired":true,"valueName":"search_term_string"}}],"inLanguage":"en-US"},{"@type":"Organization","@id":"https:\/\/www.comprarmejor.es\/en\/#organization","name":"COMPRAR MEJOR","url":"https:\/\/www.comprarmejor.es\/en\/","logo":{"@type":"ImageObject","inLanguage":"en-US","@id":"https:\/\/www.comprarmejor.es\/en\/#\/schema\/logo\/image\/","url":"https:\/\/www.comprarmejor.es\/wp-content\/uploads\/2025\/09\/comprarmejortrinidad.jpg","contentUrl":"https:\/\/www.comprarmejor.es\/wp-content\/uploads\/2025\/09\/comprarmejortrinidad.jpg","width":1022,"height":1380,"caption":"COMPRAR MEJOR"},"image":{"@id":"https:\/\/www.comprarmejor.es\/en\/#\/schema\/logo\/image\/"},"sameAs":["https:\/\/www.instagram.com\/amigosdelcodice"]}]}},"_links":{"self":[{"href":"https:\/\/www.comprarmejor.es\/en\/wp-json\/wp\/v2\/product\/52423","targetHints":{"allow":["GET"]}}],"collection":[{"href":"https:\/\/www.comprarmejor.es\/en\/wp-json\/wp\/v2\/product"}],"about":[{"href":"https:\/\/www.comprarmejor.es\/en\/wp-json\/wp\/v2\/types\/product"}],"wp:featuredmedia":[{"embeddable":true,"href":"https:\/\/www.comprarmejor.es\/en\/wp-json\/wp\/v2\/media\/52413"}],"wp:attachment":[{"href":"https:\/\/www.comprarmejor.es\/en\/wp-json\/wp\/v2\/media?parent=52423"}],"wp:term":[{"taxonomy":"product_brand","embeddable":true,"href":"https:\/\/www.comprarmejor.es\/en\/wp-json\/wp\/v2\/product_brand?post=52423"},{"taxonomy":"product_cat","embeddable":true,"href":"https:\/\/www.comprarmejor.es\/en\/wp-json\/wp\/v2\/product_cat?post=52423"},{"taxonomy":"product_tag","embeddable":true,"href":"https:\/\/www.comprarmejor.es\/en\/wp-json\/wp\/v2\/product_tag?post=52423"}],"curies":[{"name":"wp","href":"https:\/\/api.w.org\/{rel}","templated":true}]}}