{"id":52433,"date":"2016-01-27T12:38:11","date_gmt":"2016-01-27T11:38:11","guid":{"rendered":"https:\/\/www.comprarmejor.es\/producto\/malaga-guilds-i-13-silver-medals-1996\/"},"modified":"2025-02-11T15:30:31","modified_gmt":"2025-02-11T14:30:31","slug":"gil-blas-de-santillana-lesage-3-volumes-circulo-del-bibliofilo-1980","status":"publish","type":"product","link":"https:\/\/www.comprarmejor.es\/en\/product\/gil-blas-de-santillana-lesage-3-volumes-circulo-del-bibliofilo-1980\/","title":{"rendered":"Gil Blas de Santillana. Lesage. 3 volumes. C\u00edrculo del Bibli\u00f3filo, 1980"},"content":{"rendered":"<p style=\"text-align: justify;\">Facsimile edition of \u201cGil Blas de Santillana\u201d by Alain-Ren\u00e9 Lesage, according to the Madrid edition of 1840, by the C\u00edrculo del Bibli\u00f3filo, 1980. Complete, 3 volumes. Texts in Spanish.<\/p>\n<p style=\"text-align: justify;\">Adventures of Gil Blas de Santillana. Illustrated edition with 500 woodcut plates and vignettes, drawn and engraved by Spanish artists. With notes that demonstrate the Spanish origin of the work, taken from the critical observations that the priest Don Juan Antonio Llorente wrote in Paris and presented to the French Institute on this ingenious romance.<\/p>\n<p style=\"text-align: justify;\">Common features:<br \/>\nBinding in gilded and decorated leather, guide tape, gilded top edge, laid paper with the C\u00edrculo watermark. Format 14.5 x 21 cm.<br \/>\nLimited edition of 1,499 numbered and certified copies.<br \/>\nInterior of all volumes in perfect condition, bindings with the defects listed below, plans in perfect condition and of great beauty.<\/p>\n<p style=\"text-align: justify;\">Volume I: 464 pages plus full-page illustrations outside the pagination.<br \/>\nSlight scuffing on the edges of the spine.<\/p>\n<p style=\"text-align: justify;\">Volume II: 436 pages plus full-page illustrations outside the pagination.<br \/>\nSlight scuffing on the edges of the spine.<\/p>\n<p style=\"text-align: justify;\">Volume III: 454 pages plus full-page illustrations outside the pagination.<br \/>\nScuffing on the upper edge of the spine with restorations.<\/p>\n<p style=\"text-align: justify;\">Shipping costs according to order and destination<span title=\"Gastos de env\u00edo por cuenta del comprador, seg\u00fan pedido y destino.\">.\u00a0<\/span><span title=\"Cons\u00faltenos cualquier duda, as\u00ed como por cualquier otro art\u00edculo que est\u00e9 buscando.\"><a class=\"btn btn-default\" href=\"https:\/\/www.comprarmejor.es\/en\/contact\">Ask us<\/a> <span class=\"HwtZe\" lang=\"en\"><span class=\"jCAhz ChMk0b\"><span class=\"ryNqvb\">any questions, indicating the item reference.<\/span><\/span><\/span><br \/>\n<\/span><\/p>\n","protected":false},"excerpt":{"rendered":"<p style=\"text-align: justify;\"><span id=\"result_box\" lang=\"en\" xml:lang=\"en\"><span class=\"HwtZe\" lang=\"en\"><span class=\"jCAhz ChMk0b\"><span class=\"ryNqvb\">Facsimile edition of \u201cGil Blas de Santillana\u201d by Alain-Ren\u00e9 Lesage, according to the Madrid edition of 1840, by the C\u00edrculo del Bibli\u00f3filo, 1980.<\/span><\/span><\/span><br \/>\n<\/span><\/p>\n","protected":false},"featured_media":100782,"template":"","meta":[],"product_brand":[],"product_cat":[2210],"product_tag":[5822],"class_list":{"0":"post-52433","1":"product","2":"type-product","3":"status-publish","4":"has-post-thumbnail","6":"product_cat-bibliophilia","7":"product_tag-bibliofilia-en","8":"product_shipping_class-from-6-to-10-kg","9":"description-off","11":"first","12":"instock","13":"taxable","14":"shipping-taxable","15":"purchasable","16":"product-type-simple"},"yoast_head":"<!-- This site is optimized with the Yoast SEO plugin v27.3 - https:\/\/yoast.com\/product\/yoast-seo-wordpress\/ -->\n<title>Gil Blas de Santillana. Lesage. 3 volumes. C\u00edrculo del Bibli\u00f3filo,<\/title>\n<meta name=\"description\" content=\"Facsimile edition of \u201cGil Blas de Santillana\u201d by Alain-Ren\u00e9 Lesage, according to the Madrid edition of 1840, by the C\u00edrculo del Bibli\u00f3filo, 1980. Complete,\" \/>\n<meta name=\"robots\" content=\"index, follow, max-snippet:-1, max-image-preview:large, max-video-preview:-1\" \/>\n<link rel=\"canonical\" href=\"https:\/\/www.comprarmejor.es\/en\/product\/gil-blas-de-santillana-lesage-3-volumes-circulo-del-bibliofilo-1980\/\" \/>\n<meta property=\"og:locale\" content=\"en_US\" \/>\n<meta property=\"og:type\" content=\"article\" \/>\n<meta property=\"og:title\" content=\"Gil Blas de Santillana. Lesage. 3 volumes. C\u00edrculo del Bibli\u00f3filo,\" \/>\n<meta property=\"og:description\" content=\"Facsimile edition of \u201cGil Blas de Santillana\u201d by Alain-Ren\u00e9 Lesage, according to the Madrid edition of 1840, by the C\u00edrculo del Bibli\u00f3filo, 1980. Complete,\" \/>\n<meta property=\"og:url\" content=\"https:\/\/www.comprarmejor.es\/en\/product\/gil-blas-de-santillana-lesage-3-volumes-circulo-del-bibliofilo-1980\/\" \/>\n<meta property=\"og:site_name\" content=\"ComprarMejor\" \/>\n<meta property=\"article:modified_time\" content=\"2025-02-11T14:30:31+00:00\" \/>\n<meta property=\"og:image\" content=\"https:\/\/www.comprarmejor.es\/wp-content\/uploads\/2016\/01\/GBdS-1-scaled.jpg\" \/>\n\t<meta property=\"og:image:width\" content=\"2560\" \/>\n\t<meta property=\"og:image:height\" content=\"1377\" \/>\n\t<meta property=\"og:image:type\" content=\"image\/jpeg\" \/>\n<meta name=\"twitter:card\" content=\"summary_large_image\" \/>\n<meta name=\"twitter:label1\" content=\"Est. reading time\" \/>\n\t<meta name=\"twitter:data1\" content=\"2 minutes\" \/>\n<script type=\"application\/ld+json\" class=\"yoast-schema-graph\">{\"@context\":\"https:\\\/\\\/schema.org\",\"@graph\":[{\"@type\":\"WebPage\",\"@id\":\"https:\\\/\\\/www.comprarmejor.es\\\/en\\\/product\\\/gil-blas-de-santillana-lesage-3-volumes-circulo-del-bibliofilo-1980\\\/\",\"url\":\"https:\\\/\\\/www.comprarmejor.es\\\/en\\\/product\\\/gil-blas-de-santillana-lesage-3-volumes-circulo-del-bibliofilo-1980\\\/\",\"name\":\"Gil Blas de Santillana. Lesage. 3 volumes. C\u00edrculo del Bibli\u00f3filo,\",\"isPartOf\":{\"@id\":\"https:\\\/\\\/www.comprarmejor.es\\\/en\\\/#website\"},\"primaryImageOfPage\":{\"@id\":\"https:\\\/\\\/www.comprarmejor.es\\\/en\\\/product\\\/gil-blas-de-santillana-lesage-3-volumes-circulo-del-bibliofilo-1980\\\/#primaryimage\"},\"image\":{\"@id\":\"https:\\\/\\\/www.comprarmejor.es\\\/en\\\/product\\\/gil-blas-de-santillana-lesage-3-volumes-circulo-del-bibliofilo-1980\\\/#primaryimage\"},\"thumbnailUrl\":\"https:\\\/\\\/www.comprarmejor.es\\\/wp-content\\\/uploads\\\/2016\\\/01\\\/GBdS-1-1.jpg\",\"datePublished\":\"2016-01-27T11:38:11+00:00\",\"dateModified\":\"2025-02-11T14:30:31+00:00\",\"description\":\"Facsimile edition of \u201cGil Blas de Santillana\u201d by Alain-Ren\u00e9 Lesage, according to the Madrid edition of 1840, by the C\u00edrculo del Bibli\u00f3filo, 1980. Complete,\",\"breadcrumb\":{\"@id\":\"https:\\\/\\\/www.comprarmejor.es\\\/en\\\/product\\\/gil-blas-de-santillana-lesage-3-volumes-circulo-del-bibliofilo-1980\\\/#breadcrumb\"},\"inLanguage\":\"en-US\",\"potentialAction\":[{\"@type\":\"ReadAction\",\"target\":[\"https:\\\/\\\/www.comprarmejor.es\\\/en\\\/product\\\/gil-blas-de-santillana-lesage-3-volumes-circulo-del-bibliofilo-1980\\\/\"]}]},{\"@type\":\"ImageObject\",\"inLanguage\":\"en-US\",\"@id\":\"https:\\\/\\\/www.comprarmejor.es\\\/en\\\/product\\\/gil-blas-de-santillana-lesage-3-volumes-circulo-del-bibliofilo-1980\\\/#primaryimage\",\"url\":\"https:\\\/\\\/www.comprarmejor.es\\\/wp-content\\\/uploads\\\/2016\\\/01\\\/GBdS-1-1.jpg\",\"contentUrl\":\"https:\\\/\\\/www.comprarmejor.es\\\/wp-content\\\/uploads\\\/2016\\\/01\\\/GBdS-1-1.jpg\",\"width\":753,\"height\":405},{\"@type\":\"BreadcrumbList\",\"@id\":\"https:\\\/\\\/www.comprarmejor.es\\\/en\\\/product\\\/gil-blas-de-santillana-lesage-3-volumes-circulo-del-bibliofilo-1980\\\/#breadcrumb\",\"itemListElement\":[{\"@type\":\"ListItem\",\"position\":1,\"name\":\"Portada\",\"item\":\"https:\\\/\\\/www.comprarmejor.es\\\/en\\\/\"},{\"@type\":\"ListItem\",\"position\":2,\"name\":\"Shop\",\"item\":\"https:\\\/\\\/www.comprarmejor.es\\\/en\\\/shop\\\/\"},{\"@type\":\"ListItem\",\"position\":3,\"name\":\"Gil Blas de Santillana. Lesage. 3 volumes. C\u00edrculo del Bibli\u00f3filo, 1980\"}]},{\"@type\":\"WebSite\",\"@id\":\"https:\\\/\\\/www.comprarmejor.es\\\/en\\\/#website\",\"url\":\"https:\\\/\\\/www.comprarmejor.es\\\/en\\\/\",\"name\":\"ComprarMejor\",\"description\":\"ComprarMejor\",\"publisher\":{\"@id\":\"https:\\\/\\\/www.comprarmejor.es\\\/en\\\/#organization\"},\"potentialAction\":[{\"@type\":\"SearchAction\",\"target\":{\"@type\":\"EntryPoint\",\"urlTemplate\":\"https:\\\/\\\/www.comprarmejor.es\\\/en\\\/?s={search_term_string}\"},\"query-input\":{\"@type\":\"PropertyValueSpecification\",\"valueRequired\":true,\"valueName\":\"search_term_string\"}}],\"inLanguage\":\"en-US\"},{\"@type\":\"Organization\",\"@id\":\"https:\\\/\\\/www.comprarmejor.es\\\/en\\\/#organization\",\"name\":\"COMPRAR MEJOR\",\"url\":\"https:\\\/\\\/www.comprarmejor.es\\\/en\\\/\",\"logo\":{\"@type\":\"ImageObject\",\"inLanguage\":\"en-US\",\"@id\":\"https:\\\/\\\/www.comprarmejor.es\\\/en\\\/#\\\/schema\\\/logo\\\/image\\\/\",\"url\":\"https:\\\/\\\/www.comprarmejor.es\\\/wp-content\\\/uploads\\\/2025\\\/09\\\/comprarmejortrinidad.jpg\",\"contentUrl\":\"https:\\\/\\\/www.comprarmejor.es\\\/wp-content\\\/uploads\\\/2025\\\/09\\\/comprarmejortrinidad.jpg\",\"width\":1022,\"height\":1380,\"caption\":\"COMPRAR MEJOR\"},\"image\":{\"@id\":\"https:\\\/\\\/www.comprarmejor.es\\\/en\\\/#\\\/schema\\\/logo\\\/image\\\/\"},\"sameAs\":[\"https:\\\/\\\/www.instagram.com\\\/amigosdelcodice\"]}]}<\/script>\n<!-- \/ Yoast SEO plugin. -->","yoast_head_json":{"title":"Gil Blas de Santillana. Lesage. 3 volumes. C\u00edrculo del Bibli\u00f3filo,","description":"Facsimile edition of \u201cGil Blas de Santillana\u201d by Alain-Ren\u00e9 Lesage, according to the Madrid edition of 1840, by the C\u00edrculo del Bibli\u00f3filo, 1980. Complete,","robots":{"index":"index","follow":"follow","max-snippet":"max-snippet:-1","max-image-preview":"max-image-preview:large","max-video-preview":"max-video-preview:-1"},"canonical":"https:\/\/www.comprarmejor.es\/en\/product\/gil-blas-de-santillana-lesage-3-volumes-circulo-del-bibliofilo-1980\/","og_locale":"en_US","og_type":"article","og_title":"Gil Blas de Santillana. Lesage. 3 volumes. C\u00edrculo del Bibli\u00f3filo,","og_description":"Facsimile edition of \u201cGil Blas de Santillana\u201d by Alain-Ren\u00e9 Lesage, according to the Madrid edition of 1840, by the C\u00edrculo del Bibli\u00f3filo, 1980. Complete,","og_url":"https:\/\/www.comprarmejor.es\/en\/product\/gil-blas-de-santillana-lesage-3-volumes-circulo-del-bibliofilo-1980\/","og_site_name":"ComprarMejor","article_modified_time":"2025-02-11T14:30:31+00:00","og_image":[{"width":2560,"height":1377,"url":"https:\/\/www.comprarmejor.es\/wp-content\/uploads\/2016\/01\/GBdS-1-scaled.jpg","type":"image\/jpeg"}],"twitter_card":"summary_large_image","twitter_misc":{"Est. reading time":"2 minutes"},"schema":{"@context":"https:\/\/schema.org","@graph":[{"@type":"WebPage","@id":"https:\/\/www.comprarmejor.es\/en\/product\/gil-blas-de-santillana-lesage-3-volumes-circulo-del-bibliofilo-1980\/","url":"https:\/\/www.comprarmejor.es\/en\/product\/gil-blas-de-santillana-lesage-3-volumes-circulo-del-bibliofilo-1980\/","name":"Gil Blas de Santillana. Lesage. 3 volumes. C\u00edrculo del Bibli\u00f3filo,","isPartOf":{"@id":"https:\/\/www.comprarmejor.es\/en\/#website"},"primaryImageOfPage":{"@id":"https:\/\/www.comprarmejor.es\/en\/product\/gil-blas-de-santillana-lesage-3-volumes-circulo-del-bibliofilo-1980\/#primaryimage"},"image":{"@id":"https:\/\/www.comprarmejor.es\/en\/product\/gil-blas-de-santillana-lesage-3-volumes-circulo-del-bibliofilo-1980\/#primaryimage"},"thumbnailUrl":"https:\/\/www.comprarmejor.es\/wp-content\/uploads\/2016\/01\/GBdS-1-1.jpg","datePublished":"2016-01-27T11:38:11+00:00","dateModified":"2025-02-11T14:30:31+00:00","description":"Facsimile edition of \u201cGil Blas de Santillana\u201d by Alain-Ren\u00e9 Lesage, according to the Madrid edition of 1840, by the C\u00edrculo del Bibli\u00f3filo, 1980. Complete,","breadcrumb":{"@id":"https:\/\/www.comprarmejor.es\/en\/product\/gil-blas-de-santillana-lesage-3-volumes-circulo-del-bibliofilo-1980\/#breadcrumb"},"inLanguage":"en-US","potentialAction":[{"@type":"ReadAction","target":["https:\/\/www.comprarmejor.es\/en\/product\/gil-blas-de-santillana-lesage-3-volumes-circulo-del-bibliofilo-1980\/"]}]},{"@type":"ImageObject","inLanguage":"en-US","@id":"https:\/\/www.comprarmejor.es\/en\/product\/gil-blas-de-santillana-lesage-3-volumes-circulo-del-bibliofilo-1980\/#primaryimage","url":"https:\/\/www.comprarmejor.es\/wp-content\/uploads\/2016\/01\/GBdS-1-1.jpg","contentUrl":"https:\/\/www.comprarmejor.es\/wp-content\/uploads\/2016\/01\/GBdS-1-1.jpg","width":753,"height":405},{"@type":"BreadcrumbList","@id":"https:\/\/www.comprarmejor.es\/en\/product\/gil-blas-de-santillana-lesage-3-volumes-circulo-del-bibliofilo-1980\/#breadcrumb","itemListElement":[{"@type":"ListItem","position":1,"name":"Portada","item":"https:\/\/www.comprarmejor.es\/en\/"},{"@type":"ListItem","position":2,"name":"Shop","item":"https:\/\/www.comprarmejor.es\/en\/shop\/"},{"@type":"ListItem","position":3,"name":"Gil Blas de Santillana. Lesage. 3 volumes. C\u00edrculo del Bibli\u00f3filo, 1980"}]},{"@type":"WebSite","@id":"https:\/\/www.comprarmejor.es\/en\/#website","url":"https:\/\/www.comprarmejor.es\/en\/","name":"ComprarMejor","description":"ComprarMejor","publisher":{"@id":"https:\/\/www.comprarmejor.es\/en\/#organization"},"potentialAction":[{"@type":"SearchAction","target":{"@type":"EntryPoint","urlTemplate":"https:\/\/www.comprarmejor.es\/en\/?s={search_term_string}"},"query-input":{"@type":"PropertyValueSpecification","valueRequired":true,"valueName":"search_term_string"}}],"inLanguage":"en-US"},{"@type":"Organization","@id":"https:\/\/www.comprarmejor.es\/en\/#organization","name":"COMPRAR MEJOR","url":"https:\/\/www.comprarmejor.es\/en\/","logo":{"@type":"ImageObject","inLanguage":"en-US","@id":"https:\/\/www.comprarmejor.es\/en\/#\/schema\/logo\/image\/","url":"https:\/\/www.comprarmejor.es\/wp-content\/uploads\/2025\/09\/comprarmejortrinidad.jpg","contentUrl":"https:\/\/www.comprarmejor.es\/wp-content\/uploads\/2025\/09\/comprarmejortrinidad.jpg","width":1022,"height":1380,"caption":"COMPRAR MEJOR"},"image":{"@id":"https:\/\/www.comprarmejor.es\/en\/#\/schema\/logo\/image\/"},"sameAs":["https:\/\/www.instagram.com\/amigosdelcodice"]}]}},"_links":{"self":[{"href":"https:\/\/www.comprarmejor.es\/en\/wp-json\/wp\/v2\/product\/52433","targetHints":{"allow":["GET"]}}],"collection":[{"href":"https:\/\/www.comprarmejor.es\/en\/wp-json\/wp\/v2\/product"}],"about":[{"href":"https:\/\/www.comprarmejor.es\/en\/wp-json\/wp\/v2\/types\/product"}],"wp:featuredmedia":[{"embeddable":true,"href":"https:\/\/www.comprarmejor.es\/en\/wp-json\/wp\/v2\/media\/100782"}],"wp:attachment":[{"href":"https:\/\/www.comprarmejor.es\/en\/wp-json\/wp\/v2\/media?parent=52433"}],"wp:term":[{"taxonomy":"product_brand","embeddable":true,"href":"https:\/\/www.comprarmejor.es\/en\/wp-json\/wp\/v2\/product_brand?post=52433"},{"taxonomy":"product_cat","embeddable":true,"href":"https:\/\/www.comprarmejor.es\/en\/wp-json\/wp\/v2\/product_cat?post=52433"},{"taxonomy":"product_tag","embeddable":true,"href":"https:\/\/www.comprarmejor.es\/en\/wp-json\/wp\/v2\/product_tag?post=52433"}],"curies":[{"name":"wp","href":"https:\/\/api.w.org\/{rel}","templated":true}]}}