{"id":52443,"date":"2016-01-27T13:01:48","date_gmt":"2016-01-27T12:01:48","guid":{"rendered":"https:\/\/www.comprarmejor.es\/producto\/malaga-guilds-ii-13-silver-medals-1997\/"},"modified":"2026-01-22T12:12:51","modified_gmt":"2026-01-22T11:12:51","slug":"works-by-calderon-de-la-barca-2-volumes-circulo-del-bibliofilo-1981","status":"publish","type":"product","link":"https:\/\/www.comprarmejor.es\/en\/product\/works-by-calderon-de-la-barca-2-volumes-circulo-del-bibliofilo-1981\/","title":{"rendered":"Works by Calder\u00f3n de la Barca. 2 volumes. C\u00edrculo del Bibli\u00f3filo, 1981"},"content":{"rendered":"<p style=\"text-align: justify;\">Works by Calder\u00f3n de la Barca. Edition of the C\u00edrculo del Bibli\u00f3filo, 1981, in 2 volumes, enriched with 1 frontispiece and 18 plates drawn and lithographed by A. Moreau and F. Mialhe.<\/p>\n<p style=\"text-align: justify;\">Common characteristics:<br \/>\nBinding in gilded leather, guide tape, gilded top edge, laid paper with the C\u00edrculo watermark. Format 15 x 21 cm. Texts in two columns. Texts in Spanish.<br \/>\nLimited edition of 1,499 numbered and certified copies.<br \/>\nCopy in perfect condition.<\/p>\n<p style=\"text-align: justify;\">Volume I: 568 pages plus full-page illustrations outside the pagination.<br \/>\nWorks contained in this volume:<br \/>\nLife is a Dream<br \/>\nA House with Two Doors is Hard to Keep<br \/>\nThe Great Cenobia<br \/>\nThe Devotion of the Cross<br \/>\nKnowing the Good and the Evil<br \/>\nThe Elf Lady<br \/>\nThe Phantom Gallant<br \/>\nThe Mayor of Zalamea<br \/>\nThe Prodigious Magician<br \/>\nLove and Fortune Deals<br \/>\nIt&#8217;s Worse Than It Was<br \/>\nThe Open Secret<\/p>\n<p style=\"text-align: justify;\">Volume II: 556 pages plus full-page illustrations outside the pagination.<br \/>\nWorks contained in this volume:<br \/>\nThe doctor of his honour<br \/>\nThe greatest monster, jealousy<br \/>\nA poor man, everything is traces<br \/>\nA secret grievance, secret revenge<br \/>\nThe three greatest prodigies<br \/>\nIn this life everything is true, and everything is a lie<br \/>\nThe children of fortune, Theagenes and Chariclea<br \/>\nAffections of hate and love<br \/>\nThere are no jokes with love<br \/>\nThe fake Astrologer<br \/>\nLove, honour and power<\/p>\n<p style=\"text-align: justify;\">Shipping costs according to order and destination<span title=\"Gastos de env\u00edo por cuenta del comprador, seg\u00fan pedido y destino.\">.\u00a0<\/span><span title=\"Cons\u00faltenos cualquier duda, as\u00ed como por cualquier otro art\u00edculo que est\u00e9 buscando.\"><a class=\"btn btn-default\" href=\"https:\/\/www.comprarmejor.es\/en\/contact\/\">Ask us<\/a> <span class=\"HwtZe\" lang=\"en\"><span class=\"jCAhz ChMk0b\"><span class=\"ryNqvb\">any questions, indicating the reference of the article.<\/span><\/span><\/span><br \/>\n<\/span><\/p>\n","protected":false},"excerpt":{"rendered":"<p style=\"text-align: justify;\"><span id=\"result_box\" lang=\"en\" xml:lang=\"en\"><span class=\"HwtZe\" lang=\"en\"><span class=\"jCAhz ChMk0b\"><span class=\"ryNqvb\">Works by Calder\u00f3n de la Barca.<\/span><\/span> <span class=\"jCAhz ChMk0b\"><span class=\"ryNqvb\">Edition of the C\u00edrculo del Bibli\u00f3filo, 1981, in 2 volumes, enriched with 1 frontispiece and 18 plates drawn and lithographed by A. Moreau and F. Mialhe.<\/span><\/span><\/span><br \/>\n<\/span><\/p>\n","protected":false},"featured_media":100742,"template":"","meta":[],"product_brand":[],"product_cat":[2210],"product_tag":[5822],"class_list":{"0":"post-52443","1":"product","2":"type-product","3":"status-publish","4":"has-post-thumbnail","6":"product_cat-bibliophilia","7":"product_tag-bibliofilia-en","8":"product_shipping_class-from-2-to-5-kg","9":"description-off","11":"first","12":"instock","13":"taxable","14":"shipping-taxable","15":"purchasable","16":"product-type-simple"},"yoast_head":"<!-- This site is optimized with the Yoast SEO plugin v27.3 - https:\/\/yoast.com\/product\/yoast-seo-wordpress\/ -->\n<title>Works by Calder\u00f3n de la Barca. 2 volumes. C\u00edrculo del Bibli\u00f3filo,<\/title>\n<meta name=\"description\" content=\"Calder\u00f3n de la Barca. C\u00edrculo del Bibli\u00f3filo, 1981, in 2 volumes, enriched with 1 frontispiece and 18 plates drawn and lithographed by A Moreau and F Mialhe\" \/>\n<meta name=\"robots\" content=\"index, follow, max-snippet:-1, max-image-preview:large, max-video-preview:-1\" \/>\n<link rel=\"canonical\" href=\"https:\/\/www.comprarmejor.es\/en\/product\/works-by-calderon-de-la-barca-2-volumes-circulo-del-bibliofilo-1981\/\" \/>\n<meta property=\"og:locale\" content=\"en_US\" \/>\n<meta property=\"og:type\" content=\"article\" \/>\n<meta property=\"og:title\" content=\"Works by Calder\u00f3n de la Barca. 2 volumes. C\u00edrculo del Bibli\u00f3filo,\" \/>\n<meta property=\"og:description\" content=\"Calder\u00f3n de la Barca. C\u00edrculo del Bibli\u00f3filo, 1981, in 2 volumes, enriched with 1 frontispiece and 18 plates drawn and lithographed by A Moreau and F Mialhe\" \/>\n<meta property=\"og:url\" content=\"https:\/\/www.comprarmejor.es\/en\/product\/works-by-calderon-de-la-barca-2-volumes-circulo-del-bibliofilo-1981\/\" \/>\n<meta property=\"og:site_name\" content=\"ComprarMejor\" \/>\n<meta property=\"article:modified_time\" content=\"2026-01-22T11:12:51+00:00\" \/>\n<meta property=\"og:image\" content=\"https:\/\/www.comprarmejor.es\/wp-content\/uploads\/2016\/01\/OdCdlB-1.jpg\" \/>\n\t<meta property=\"og:image:width\" content=\"751\" \/>\n\t<meta property=\"og:image:height\" content=\"507\" \/>\n\t<meta property=\"og:image:type\" content=\"image\/jpeg\" \/>\n<meta name=\"twitter:card\" content=\"summary_large_image\" \/>\n<meta name=\"twitter:label1\" content=\"Est. reading time\" \/>\n\t<meta name=\"twitter:data1\" content=\"2 minutes\" \/>\n<script type=\"application\/ld+json\" class=\"yoast-schema-graph\">{\"@context\":\"https:\\\/\\\/schema.org\",\"@graph\":[{\"@type\":\"WebPage\",\"@id\":\"https:\\\/\\\/www.comprarmejor.es\\\/en\\\/product\\\/works-by-calderon-de-la-barca-2-volumes-circulo-del-bibliofilo-1981\\\/\",\"url\":\"https:\\\/\\\/www.comprarmejor.es\\\/en\\\/product\\\/works-by-calderon-de-la-barca-2-volumes-circulo-del-bibliofilo-1981\\\/\",\"name\":\"Works by Calder\u00f3n de la Barca. 2 volumes. C\u00edrculo del Bibli\u00f3filo,\",\"isPartOf\":{\"@id\":\"https:\\\/\\\/www.comprarmejor.es\\\/en\\\/#website\"},\"primaryImageOfPage\":{\"@id\":\"https:\\\/\\\/www.comprarmejor.es\\\/en\\\/product\\\/works-by-calderon-de-la-barca-2-volumes-circulo-del-bibliofilo-1981\\\/#primaryimage\"},\"image\":{\"@id\":\"https:\\\/\\\/www.comprarmejor.es\\\/en\\\/product\\\/works-by-calderon-de-la-barca-2-volumes-circulo-del-bibliofilo-1981\\\/#primaryimage\"},\"thumbnailUrl\":\"https:\\\/\\\/www.comprarmejor.es\\\/wp-content\\\/uploads\\\/2016\\\/01\\\/OdCdlB-1.jpg\",\"datePublished\":\"2016-01-27T12:01:48+00:00\",\"dateModified\":\"2026-01-22T11:12:51+00:00\",\"description\":\"Calder\u00f3n de la Barca. C\u00edrculo del Bibli\u00f3filo, 1981, in 2 volumes, enriched with 1 frontispiece and 18 plates drawn and lithographed by A Moreau and F Mialhe\",\"breadcrumb\":{\"@id\":\"https:\\\/\\\/www.comprarmejor.es\\\/en\\\/product\\\/works-by-calderon-de-la-barca-2-volumes-circulo-del-bibliofilo-1981\\\/#breadcrumb\"},\"inLanguage\":\"en-US\",\"potentialAction\":[{\"@type\":\"ReadAction\",\"target\":[\"https:\\\/\\\/www.comprarmejor.es\\\/en\\\/product\\\/works-by-calderon-de-la-barca-2-volumes-circulo-del-bibliofilo-1981\\\/\"]}]},{\"@type\":\"ImageObject\",\"inLanguage\":\"en-US\",\"@id\":\"https:\\\/\\\/www.comprarmejor.es\\\/en\\\/product\\\/works-by-calderon-de-la-barca-2-volumes-circulo-del-bibliofilo-1981\\\/#primaryimage\",\"url\":\"https:\\\/\\\/www.comprarmejor.es\\\/wp-content\\\/uploads\\\/2016\\\/01\\\/OdCdlB-1.jpg\",\"contentUrl\":\"https:\\\/\\\/www.comprarmejor.es\\\/wp-content\\\/uploads\\\/2016\\\/01\\\/OdCdlB-1.jpg\",\"width\":751,\"height\":507},{\"@type\":\"BreadcrumbList\",\"@id\":\"https:\\\/\\\/www.comprarmejor.es\\\/en\\\/product\\\/works-by-calderon-de-la-barca-2-volumes-circulo-del-bibliofilo-1981\\\/#breadcrumb\",\"itemListElement\":[{\"@type\":\"ListItem\",\"position\":1,\"name\":\"Portada\",\"item\":\"https:\\\/\\\/www.comprarmejor.es\\\/en\\\/\"},{\"@type\":\"ListItem\",\"position\":2,\"name\":\"Shop\",\"item\":\"https:\\\/\\\/www.comprarmejor.es\\\/en\\\/shop\\\/\"},{\"@type\":\"ListItem\",\"position\":3,\"name\":\"Works by Calder\u00f3n de la Barca. 2 volumes. C\u00edrculo del Bibli\u00f3filo, 1981\"}]},{\"@type\":\"WebSite\",\"@id\":\"https:\\\/\\\/www.comprarmejor.es\\\/en\\\/#website\",\"url\":\"https:\\\/\\\/www.comprarmejor.es\\\/en\\\/\",\"name\":\"ComprarMejor\",\"description\":\"ComprarMejor\",\"publisher\":{\"@id\":\"https:\\\/\\\/www.comprarmejor.es\\\/en\\\/#organization\"},\"potentialAction\":[{\"@type\":\"SearchAction\",\"target\":{\"@type\":\"EntryPoint\",\"urlTemplate\":\"https:\\\/\\\/www.comprarmejor.es\\\/en\\\/?s={search_term_string}\"},\"query-input\":{\"@type\":\"PropertyValueSpecification\",\"valueRequired\":true,\"valueName\":\"search_term_string\"}}],\"inLanguage\":\"en-US\"},{\"@type\":\"Organization\",\"@id\":\"https:\\\/\\\/www.comprarmejor.es\\\/en\\\/#organization\",\"name\":\"COMPRAR MEJOR\",\"url\":\"https:\\\/\\\/www.comprarmejor.es\\\/en\\\/\",\"logo\":{\"@type\":\"ImageObject\",\"inLanguage\":\"en-US\",\"@id\":\"https:\\\/\\\/www.comprarmejor.es\\\/en\\\/#\\\/schema\\\/logo\\\/image\\\/\",\"url\":\"https:\\\/\\\/www.comprarmejor.es\\\/wp-content\\\/uploads\\\/2025\\\/09\\\/comprarmejortrinidad.jpg\",\"contentUrl\":\"https:\\\/\\\/www.comprarmejor.es\\\/wp-content\\\/uploads\\\/2025\\\/09\\\/comprarmejortrinidad.jpg\",\"width\":1022,\"height\":1380,\"caption\":\"COMPRAR MEJOR\"},\"image\":{\"@id\":\"https:\\\/\\\/www.comprarmejor.es\\\/en\\\/#\\\/schema\\\/logo\\\/image\\\/\"},\"sameAs\":[\"https:\\\/\\\/www.instagram.com\\\/amigosdelcodice\"]}]}<\/script>\n<!-- \/ Yoast SEO plugin. -->","yoast_head_json":{"title":"Works by Calder\u00f3n de la Barca. 2 volumes. C\u00edrculo del Bibli\u00f3filo,","description":"Calder\u00f3n de la Barca. C\u00edrculo del Bibli\u00f3filo, 1981, in 2 volumes, enriched with 1 frontispiece and 18 plates drawn and lithographed by A Moreau and F Mialhe","robots":{"index":"index","follow":"follow","max-snippet":"max-snippet:-1","max-image-preview":"max-image-preview:large","max-video-preview":"max-video-preview:-1"},"canonical":"https:\/\/www.comprarmejor.es\/en\/product\/works-by-calderon-de-la-barca-2-volumes-circulo-del-bibliofilo-1981\/","og_locale":"en_US","og_type":"article","og_title":"Works by Calder\u00f3n de la Barca. 2 volumes. C\u00edrculo del Bibli\u00f3filo,","og_description":"Calder\u00f3n de la Barca. C\u00edrculo del Bibli\u00f3filo, 1981, in 2 volumes, enriched with 1 frontispiece and 18 plates drawn and lithographed by A Moreau and F Mialhe","og_url":"https:\/\/www.comprarmejor.es\/en\/product\/works-by-calderon-de-la-barca-2-volumes-circulo-del-bibliofilo-1981\/","og_site_name":"ComprarMejor","article_modified_time":"2026-01-22T11:12:51+00:00","og_image":[{"width":751,"height":507,"url":"https:\/\/www.comprarmejor.es\/wp-content\/uploads\/2016\/01\/OdCdlB-1.jpg","type":"image\/jpeg"}],"twitter_card":"summary_large_image","twitter_misc":{"Est. reading time":"2 minutes"},"schema":{"@context":"https:\/\/schema.org","@graph":[{"@type":"WebPage","@id":"https:\/\/www.comprarmejor.es\/en\/product\/works-by-calderon-de-la-barca-2-volumes-circulo-del-bibliofilo-1981\/","url":"https:\/\/www.comprarmejor.es\/en\/product\/works-by-calderon-de-la-barca-2-volumes-circulo-del-bibliofilo-1981\/","name":"Works by Calder\u00f3n de la Barca. 2 volumes. C\u00edrculo del Bibli\u00f3filo,","isPartOf":{"@id":"https:\/\/www.comprarmejor.es\/en\/#website"},"primaryImageOfPage":{"@id":"https:\/\/www.comprarmejor.es\/en\/product\/works-by-calderon-de-la-barca-2-volumes-circulo-del-bibliofilo-1981\/#primaryimage"},"image":{"@id":"https:\/\/www.comprarmejor.es\/en\/product\/works-by-calderon-de-la-barca-2-volumes-circulo-del-bibliofilo-1981\/#primaryimage"},"thumbnailUrl":"https:\/\/www.comprarmejor.es\/wp-content\/uploads\/2016\/01\/OdCdlB-1.jpg","datePublished":"2016-01-27T12:01:48+00:00","dateModified":"2026-01-22T11:12:51+00:00","description":"Calder\u00f3n de la Barca. C\u00edrculo del Bibli\u00f3filo, 1981, in 2 volumes, enriched with 1 frontispiece and 18 plates drawn and lithographed by A Moreau and F Mialhe","breadcrumb":{"@id":"https:\/\/www.comprarmejor.es\/en\/product\/works-by-calderon-de-la-barca-2-volumes-circulo-del-bibliofilo-1981\/#breadcrumb"},"inLanguage":"en-US","potentialAction":[{"@type":"ReadAction","target":["https:\/\/www.comprarmejor.es\/en\/product\/works-by-calderon-de-la-barca-2-volumes-circulo-del-bibliofilo-1981\/"]}]},{"@type":"ImageObject","inLanguage":"en-US","@id":"https:\/\/www.comprarmejor.es\/en\/product\/works-by-calderon-de-la-barca-2-volumes-circulo-del-bibliofilo-1981\/#primaryimage","url":"https:\/\/www.comprarmejor.es\/wp-content\/uploads\/2016\/01\/OdCdlB-1.jpg","contentUrl":"https:\/\/www.comprarmejor.es\/wp-content\/uploads\/2016\/01\/OdCdlB-1.jpg","width":751,"height":507},{"@type":"BreadcrumbList","@id":"https:\/\/www.comprarmejor.es\/en\/product\/works-by-calderon-de-la-barca-2-volumes-circulo-del-bibliofilo-1981\/#breadcrumb","itemListElement":[{"@type":"ListItem","position":1,"name":"Portada","item":"https:\/\/www.comprarmejor.es\/en\/"},{"@type":"ListItem","position":2,"name":"Shop","item":"https:\/\/www.comprarmejor.es\/en\/shop\/"},{"@type":"ListItem","position":3,"name":"Works by Calder\u00f3n de la Barca. 2 volumes. C\u00edrculo del Bibli\u00f3filo, 1981"}]},{"@type":"WebSite","@id":"https:\/\/www.comprarmejor.es\/en\/#website","url":"https:\/\/www.comprarmejor.es\/en\/","name":"ComprarMejor","description":"ComprarMejor","publisher":{"@id":"https:\/\/www.comprarmejor.es\/en\/#organization"},"potentialAction":[{"@type":"SearchAction","target":{"@type":"EntryPoint","urlTemplate":"https:\/\/www.comprarmejor.es\/en\/?s={search_term_string}"},"query-input":{"@type":"PropertyValueSpecification","valueRequired":true,"valueName":"search_term_string"}}],"inLanguage":"en-US"},{"@type":"Organization","@id":"https:\/\/www.comprarmejor.es\/en\/#organization","name":"COMPRAR MEJOR","url":"https:\/\/www.comprarmejor.es\/en\/","logo":{"@type":"ImageObject","inLanguage":"en-US","@id":"https:\/\/www.comprarmejor.es\/en\/#\/schema\/logo\/image\/","url":"https:\/\/www.comprarmejor.es\/wp-content\/uploads\/2025\/09\/comprarmejortrinidad.jpg","contentUrl":"https:\/\/www.comprarmejor.es\/wp-content\/uploads\/2025\/09\/comprarmejortrinidad.jpg","width":1022,"height":1380,"caption":"COMPRAR MEJOR"},"image":{"@id":"https:\/\/www.comprarmejor.es\/en\/#\/schema\/logo\/image\/"},"sameAs":["https:\/\/www.instagram.com\/amigosdelcodice"]}]}},"_links":{"self":[{"href":"https:\/\/www.comprarmejor.es\/en\/wp-json\/wp\/v2\/product\/52443","targetHints":{"allow":["GET"]}}],"collection":[{"href":"https:\/\/www.comprarmejor.es\/en\/wp-json\/wp\/v2\/product"}],"about":[{"href":"https:\/\/www.comprarmejor.es\/en\/wp-json\/wp\/v2\/types\/product"}],"wp:featuredmedia":[{"embeddable":true,"href":"https:\/\/www.comprarmejor.es\/en\/wp-json\/wp\/v2\/media\/100742"}],"wp:attachment":[{"href":"https:\/\/www.comprarmejor.es\/en\/wp-json\/wp\/v2\/media?parent=52443"}],"wp:term":[{"taxonomy":"product_brand","embeddable":true,"href":"https:\/\/www.comprarmejor.es\/en\/wp-json\/wp\/v2\/product_brand?post=52443"},{"taxonomy":"product_cat","embeddable":true,"href":"https:\/\/www.comprarmejor.es\/en\/wp-json\/wp\/v2\/product_cat?post=52443"},{"taxonomy":"product_tag","embeddable":true,"href":"https:\/\/www.comprarmejor.es\/en\/wp-json\/wp\/v2\/product_tag?post=52443"}],"curies":[{"name":"wp","href":"https:\/\/api.w.org\/{rel}","templated":true}]}}