{"id":52475,"date":"2016-02-02T17:40:25","date_gmt":"2016-02-02T16:40:25","guid":{"rendered":"https:\/\/www.comprarmejor.es\/producto\/ordinations-of-pedro-iv-of-aragon-1353-number-1\/"},"modified":"2020-05-07T19:39:08","modified_gmt":"2020-05-07T17:39:08","slug":"ordinations-of-pedro-iv-of-aragon-1353-number-1","status":"publish","type":"product","link":"https:\/\/www.comprarmejor.es\/en\/product\/ordinations-of-pedro-iv-of-aragon-1353-number-1\/","title":{"rendered":"Ordinations of Pedro IV of Aragon, 1353 (Number 1) (5*)"},"content":{"rendered":"<p style=\"text-align: justify;\"><span id=\"result_box\" lang=\"en\" xml:lang=\"en\"><span title=\"En 1344 el Rey Pedro IV de Arag\u00f3n, III de Barcelona, II de Valencia, I de Mallorca, que ocup\u00f3 el trono de 1336 a 1387, dispuso que se redactaran las &quot;Ordenaciones de su Casa y Corte&quot; siguiendo el modelo de las &quot;Leyes\">In 1344 King Pedro IV of Aragon, Barcelona III, II of Valencia, Mallorca I, who reigned from 1336-1387, provided that the &#8220;Ordinances of the House and Cuts&#8221; were drafted along the lines of the &#8220;Laws <\/span><span title=\"Palatinas&quot; de Jaime III de Mallorca.\">Palatine &#8220;Jaime III of Mallorca. <\/span><span title=\"Concluido en Valencia, el nuevo libro que recog\u00eda las Ordenaciones y el Ceremonial, colm\u00f3 los prop\u00f3sitos del monarca y del mismo se hicieron 3 copias en lengua vern\u00e1cula, destinados a las sedes de Zaragoza, Barcelona y Valencia.\">They concluded in Valencia, the new book collecting Ordinations and Ceremonial, broke the purposes of the monarch and the same 3 copies were made in the vernacular, for the headquarters of Zaragoza, Barcelona and Valencia.<\/span><\/span><\/p>\n<p style=\"text-align: justify;\"><span title=\"El C\u00f3dice comienza con las Ordenaciones de la Casa Real que se estructuran en base a los cuatro oficios principales de la misma: Mayordomo, Canciller, Maestre Racional y Camarlengo.\">The Codex starts with the Ordinances of the Royal House that are structured based on four main offices of the same: Butler, Chancellor, Master Rational and Camerlengo. <\/span><span title=\"En ellas se incluyen los m\u00e1s m\u00ednimos detalles de la vida privada del Rey y de su Casa.\">They include the smallest details of private life of King and his house. <\/span><span title=\"El apartado introductorio del Ceremonial est\u00e1 escrito en romance.\">The introductory paragraph of Ceremonial is written in romance. <\/span><span title=\"Se cierra con la siguiente inscripci\u00f3n: \u201cDatum en Valencia a XX d\u00edas de ianero en el anyo de la nativitat de nuestro senyor MCCCos cinquanta III es\u201d.\">It closes with the following inscription: &#8220;Datum in Valencia XX days ianero in anyo of our senyor MCCCos Nativitat cinquanta III&#8221;. <\/span><span title=\"Se relatan los preparativos de la v\u00edspera, y a continuaci\u00f3n se describe c\u00f3mo transcurre la Ceremonia.\">Eve preparations are described, and then describes how the ceremony takes place. <\/span><span title=\"El segundo apartado del Ceremonial se refiere a la Consagraci\u00f3n y Coronaci\u00f3n de la Reina.\">The second paragraph of Ceremonial refers to the Consecration and Coronation of the Queen.<\/span><\/p>\n<p style=\"text-align: justify;\"><span title=\"El volumen facs\u00edmile, cuyo original se conserva en la Biblioteca de la Fundaci\u00f3n Bartolom\u00e9 March, se compone de 116 folios de pergaminos, escrito por ambas caras, encuadernado en tabla forrada en piel, con clavos dorados y cierres met\u00e1licos, y unas dimensiones de 30 x\">The facsimile volume, original of which is preserved in the Library of the Bartolom\u00e9 March Foundation, consists of 116 folios of parchment, written on both sides, bound in leather-wrapped table with golden nails and metal closures, and a size of 30 x <\/span><span title=\"39 cms.\">39 cms. <\/span><span title=\"A lo largo de su historia ha recibido los nombres de Manuscrito de San Miguel de los Reyes y Manuscrito Phillips.\">Throughout its history it has received the names of Manuscript of San Miguel de los Reyes and Manuscript Phillips. <\/span><span title=\"\u00a1Un 5 estrellas en toda gran Biblioteca!\">A 5 star in every great library!<\/span><\/p>\n<p style=\"text-align: justify;\"><span title=\"28,5 x 38,5 cm.\"><span lang=\"en\" xml:lang=\"en\">As usual, the facsimile edition, made in 1994, is complemented by a codicological volume made, in this case, by Dr. Bonifacio Palacios Mart\u00edn. Bound in fabric and spine skin matching the codex. 28.5 x 38.5 cm. 232 pages.<\/span><\/span><\/p>\n<p style=\"text-align: justify;\"><span title=\"Contenido del libro estudio:\">Study contents of the book:<br \/>\n<\/span><span title=\"Pr\u00f3logo por S. A. R. Don Carlos de Borb\u00f3n, Duque de Calabria.\">Foreword by S. A. R. Don Carlos of Bourbon, Duke of Calabria.<br \/>\n<\/span><span title=\"El Manuscrito Phillips.\">Manuscript Phillips. <\/span><span title=\"Historia.\">History.<br \/>\n<\/span><span title=\"Raz\u00f3n de ser del Manuscrito.\">Manuscript rationale.<br \/>\n<\/span><span title=\"El texto: Las Ordenaciones de la Casa Real y la Consagraci\u00f3n de los Reyes.\">The text: Ordinations of the Royal Household and the Consecration of the Kings.<br \/>\n<\/span><span title=\"La Casa y Corte del Rey.\">The House and King&#8217;s Court.<br \/>\n<\/span><span title=\"Consagraci\u00f3n y Coronaci\u00f3n del Rey y la Reina.\">Consecration and Coronation of the King and Queen.<br \/>\n<\/span><span title=\"Traducci\u00f3n del texto al espa\u00f1ol.\">Text translation into Spanish.<\/span><\/p>\n<p style=\"text-align: justify;\"><span title=\"Ambos, facs\u00edmile y libro estudio, se presentan en un estuche guardapolvo con dos compartimentos que incorporan cintas para un mejor manejo de los mismos.\">Both facsimile and study book are presented in a dust box with two compartments that incorporate ribbons for better management of them. <\/span><span title=\"30,5 x 40,5 x 10 cm., peso total de 6,8 kgs.\">30.5 x 40.5 x 10 cm., Total weight of 6.8 kg.<\/span><\/p>\n<p style=\"text-align: justify;\"><span title=\"El ejemplar que aqu\u00ed se vende corresponde al exclusivo n\u00famero 1 de la edici\u00f3n limitada y numerada de 599 ejemplares, autentificada notarialmente.\">The issue here is for the exclusive sale No.1 Limited and numbered edition of 599 copies, authenticated by a notary. <\/span><span title=\"Su precio, por tanto, est\u00e1 en consonancia con el valor numerol\u00f3gico y coleccionista que le corresponde.\">Its price, therefore, is consistent with the numerological value and collector where it belongs.<\/span><\/p>\n<p style=\"text-align: justify;\"><span title=\"Gastos de env\u00edo por cuenta del comprador, seg\u00fan pedido y destino.\">Shipping by the buyer, upon request and destination.\u00a0<\/span><span title=\"Cons\u00faltenos cualquier duda, as\u00ed como por cualquier otro facs\u00edmile o art\u00edculo que est\u00e9 buscando.\"><a class=\"btn btn-default\" href=\"http:\/\/comprarmejor.es\/en\/contact\">Ask us<\/a> any questions and facsimile or any other item he seeks.<\/span><\/p>\n","protected":false},"excerpt":{"rendered":"<p style=\"text-align: justify;\"><span id=\"result_box\" lang=\"en\" xml:lang=\"en\"><span title=\"Palatinas&quot; de Jaime III de Mallorca.\"><span lang=\"en\" xml:lang=\"en\">This facsimile is part of the <strong>Spectacular Library<\/strong>.<br \/>\nIn 1344 King Pedro IV of Aragon, III of Barcelona, II of Valencia, I of Mallorca, who occupied the throne from 1336 to 1387, ordered that the &#8220;Ordinations of his House and Court&#8221; be drawn up.<\/span><\/span><\/span><\/p>\n","protected":false},"featured_media":52467,"template":"","meta":[],"product_brand":[],"product_cat":[2250,2200],"product_tag":[5786,3985],"class_list":{"0":"post-52475","1":"product","2":"type-product","3":"status-publish","4":"has-post-thumbnail","6":"product_cat-other-facsimiles","7":"product_cat-spectacular-library","8":"product_tag-aragon-en","9":"product_tag-scriptorium-en","10":"product_shipping_class-from-0-to-1-kg","11":"description-off","13":"first","14":"instock","15":"sale","16":"taxable","17":"shipping-taxable","18":"purchasable","19":"product-type-simple"},"yoast_head":"<!-- This site is optimized with the Yoast SEO plugin v27.3 - https:\/\/yoast.com\/product\/yoast-seo-wordpress\/ -->\n<title>Ordinations of Pedro IV of Aragon, 1353 (Number 1) *****<\/title>\n<meta name=\"description\" content=\"In 1344 King Pedro IV of Aragon provided that the &quot;Ordinances of the House and Cuts&quot; were drafted along the lines of the &quot;Laws Palatine &quot;Jaime III of Mallorca.\" \/>\n<meta name=\"robots\" content=\"index, follow, max-snippet:-1, max-image-preview:large, max-video-preview:-1\" \/>\n<link rel=\"canonical\" href=\"https:\/\/www.comprarmejor.es\/en\/product\/ordinations-of-pedro-iv-of-aragon-1353-number-1\/\" \/>\n<meta property=\"og:locale\" content=\"en_US\" \/>\n<meta property=\"og:type\" content=\"article\" \/>\n<meta property=\"og:title\" content=\"Ordinations of Pedro IV of Aragon, 1353 (Number 1) *****\" \/>\n<meta property=\"og:description\" content=\"In 1344 King Pedro IV of Aragon provided that the &quot;Ordinances of the House and Cuts&quot; were drafted along the lines of the &quot;Laws Palatine &quot;Jaime III of Mallorca.\" \/>\n<meta property=\"og:url\" content=\"https:\/\/www.comprarmejor.es\/en\/product\/ordinations-of-pedro-iv-of-aragon-1353-number-1\/\" \/>\n<meta property=\"og:site_name\" content=\"ComprarMejor\" \/>\n<meta property=\"article:modified_time\" content=\"2020-05-07T17:39:08+00:00\" \/>\n<meta property=\"og:image\" content=\"https:\/\/www.comprarmejor.es\/wp-content\/uploads\/2016\/02\/p_2_9_0_8_2908-Las-Ordenaciones-de-Pedro-IV-de-Aragon1353-Numero-1.jpg\" \/>\n\t<meta property=\"og:image:width\" content=\"600\" \/>\n\t<meta property=\"og:image:height\" content=\"456\" \/>\n\t<meta property=\"og:image:type\" content=\"image\/jpeg\" \/>\n<meta name=\"twitter:card\" content=\"summary_large_image\" \/>\n<meta name=\"twitter:label1\" content=\"Est. reading time\" \/>\n\t<meta name=\"twitter:data1\" content=\"2 minutes\" \/>\n<script type=\"application\/ld+json\" class=\"yoast-schema-graph\">{\"@context\":\"https:\\\/\\\/schema.org\",\"@graph\":[{\"@type\":\"WebPage\",\"@id\":\"https:\\\/\\\/www.comprarmejor.es\\\/en\\\/product\\\/ordinations-of-pedro-iv-of-aragon-1353-number-1\\\/\",\"url\":\"https:\\\/\\\/www.comprarmejor.es\\\/en\\\/product\\\/ordinations-of-pedro-iv-of-aragon-1353-number-1\\\/\",\"name\":\"Ordinations of Pedro IV of Aragon, 1353 (Number 1) *****\",\"isPartOf\":{\"@id\":\"https:\\\/\\\/www.comprarmejor.es\\\/en\\\/#website\"},\"primaryImageOfPage\":{\"@id\":\"https:\\\/\\\/www.comprarmejor.es\\\/en\\\/product\\\/ordinations-of-pedro-iv-of-aragon-1353-number-1\\\/#primaryimage\"},\"image\":{\"@id\":\"https:\\\/\\\/www.comprarmejor.es\\\/en\\\/product\\\/ordinations-of-pedro-iv-of-aragon-1353-number-1\\\/#primaryimage\"},\"thumbnailUrl\":\"https:\\\/\\\/www.comprarmejor.es\\\/wp-content\\\/uploads\\\/2016\\\/02\\\/p_2_9_0_8_2908-Las-Ordenaciones-de-Pedro-IV-de-Aragon1353-Numero-1.jpg\",\"datePublished\":\"2016-02-02T16:40:25+00:00\",\"dateModified\":\"2020-05-07T17:39:08+00:00\",\"description\":\"In 1344 King Pedro IV of Aragon provided that the \\\"Ordinances of the House and Cuts\\\" were drafted along the lines of the \\\"Laws Palatine \\\"Jaime III of Mallorca.\",\"breadcrumb\":{\"@id\":\"https:\\\/\\\/www.comprarmejor.es\\\/en\\\/product\\\/ordinations-of-pedro-iv-of-aragon-1353-number-1\\\/#breadcrumb\"},\"inLanguage\":\"en-US\",\"potentialAction\":[{\"@type\":\"ReadAction\",\"target\":[\"https:\\\/\\\/www.comprarmejor.es\\\/en\\\/product\\\/ordinations-of-pedro-iv-of-aragon-1353-number-1\\\/\"]}]},{\"@type\":\"ImageObject\",\"inLanguage\":\"en-US\",\"@id\":\"https:\\\/\\\/www.comprarmejor.es\\\/en\\\/product\\\/ordinations-of-pedro-iv-of-aragon-1353-number-1\\\/#primaryimage\",\"url\":\"https:\\\/\\\/www.comprarmejor.es\\\/wp-content\\\/uploads\\\/2016\\\/02\\\/p_2_9_0_8_2908-Las-Ordenaciones-de-Pedro-IV-de-Aragon1353-Numero-1.jpg\",\"contentUrl\":\"https:\\\/\\\/www.comprarmejor.es\\\/wp-content\\\/uploads\\\/2016\\\/02\\\/p_2_9_0_8_2908-Las-Ordenaciones-de-Pedro-IV-de-Aragon1353-Numero-1.jpg\",\"width\":600,\"height\":456},{\"@type\":\"BreadcrumbList\",\"@id\":\"https:\\\/\\\/www.comprarmejor.es\\\/en\\\/product\\\/ordinations-of-pedro-iv-of-aragon-1353-number-1\\\/#breadcrumb\",\"itemListElement\":[{\"@type\":\"ListItem\",\"position\":1,\"name\":\"Portada\",\"item\":\"https:\\\/\\\/www.comprarmejor.es\\\/en\\\/\"},{\"@type\":\"ListItem\",\"position\":2,\"name\":\"Shop\",\"item\":\"https:\\\/\\\/www.comprarmejor.es\\\/en\\\/shop\\\/\"},{\"@type\":\"ListItem\",\"position\":3,\"name\":\"Ordinations of Pedro IV of Aragon, 1353 (Number 1) (5*)\"}]},{\"@type\":\"WebSite\",\"@id\":\"https:\\\/\\\/www.comprarmejor.es\\\/en\\\/#website\",\"url\":\"https:\\\/\\\/www.comprarmejor.es\\\/en\\\/\",\"name\":\"ComprarMejor\",\"description\":\"ComprarMejor\",\"publisher\":{\"@id\":\"https:\\\/\\\/www.comprarmejor.es\\\/en\\\/#organization\"},\"potentialAction\":[{\"@type\":\"SearchAction\",\"target\":{\"@type\":\"EntryPoint\",\"urlTemplate\":\"https:\\\/\\\/www.comprarmejor.es\\\/en\\\/?s={search_term_string}\"},\"query-input\":{\"@type\":\"PropertyValueSpecification\",\"valueRequired\":true,\"valueName\":\"search_term_string\"}}],\"inLanguage\":\"en-US\"},{\"@type\":\"Organization\",\"@id\":\"https:\\\/\\\/www.comprarmejor.es\\\/en\\\/#organization\",\"name\":\"COMPRAR MEJOR\",\"url\":\"https:\\\/\\\/www.comprarmejor.es\\\/en\\\/\",\"logo\":{\"@type\":\"ImageObject\",\"inLanguage\":\"en-US\",\"@id\":\"https:\\\/\\\/www.comprarmejor.es\\\/en\\\/#\\\/schema\\\/logo\\\/image\\\/\",\"url\":\"https:\\\/\\\/www.comprarmejor.es\\\/wp-content\\\/uploads\\\/2025\\\/09\\\/comprarmejortrinidad.jpg\",\"contentUrl\":\"https:\\\/\\\/www.comprarmejor.es\\\/wp-content\\\/uploads\\\/2025\\\/09\\\/comprarmejortrinidad.jpg\",\"width\":1022,\"height\":1380,\"caption\":\"COMPRAR MEJOR\"},\"image\":{\"@id\":\"https:\\\/\\\/www.comprarmejor.es\\\/en\\\/#\\\/schema\\\/logo\\\/image\\\/\"},\"sameAs\":[\"https:\\\/\\\/www.instagram.com\\\/amigosdelcodice\"]}]}<\/script>\n<!-- \/ Yoast SEO plugin. -->","yoast_head_json":{"title":"Ordinations of Pedro IV of Aragon, 1353 (Number 1) *****","description":"In 1344 King Pedro IV of Aragon provided that the \"Ordinances of the House and Cuts\" were drafted along the lines of the \"Laws Palatine \"Jaime III of Mallorca.","robots":{"index":"index","follow":"follow","max-snippet":"max-snippet:-1","max-image-preview":"max-image-preview:large","max-video-preview":"max-video-preview:-1"},"canonical":"https:\/\/www.comprarmejor.es\/en\/product\/ordinations-of-pedro-iv-of-aragon-1353-number-1\/","og_locale":"en_US","og_type":"article","og_title":"Ordinations of Pedro IV of Aragon, 1353 (Number 1) *****","og_description":"In 1344 King Pedro IV of Aragon provided that the \"Ordinances of the House and Cuts\" were drafted along the lines of the \"Laws Palatine \"Jaime III of Mallorca.","og_url":"https:\/\/www.comprarmejor.es\/en\/product\/ordinations-of-pedro-iv-of-aragon-1353-number-1\/","og_site_name":"ComprarMejor","article_modified_time":"2020-05-07T17:39:08+00:00","og_image":[{"width":600,"height":456,"url":"https:\/\/www.comprarmejor.es\/wp-content\/uploads\/2016\/02\/p_2_9_0_8_2908-Las-Ordenaciones-de-Pedro-IV-de-Aragon1353-Numero-1.jpg","type":"image\/jpeg"}],"twitter_card":"summary_large_image","twitter_misc":{"Est. reading time":"2 minutes"},"schema":{"@context":"https:\/\/schema.org","@graph":[{"@type":"WebPage","@id":"https:\/\/www.comprarmejor.es\/en\/product\/ordinations-of-pedro-iv-of-aragon-1353-number-1\/","url":"https:\/\/www.comprarmejor.es\/en\/product\/ordinations-of-pedro-iv-of-aragon-1353-number-1\/","name":"Ordinations of Pedro IV of Aragon, 1353 (Number 1) *****","isPartOf":{"@id":"https:\/\/www.comprarmejor.es\/en\/#website"},"primaryImageOfPage":{"@id":"https:\/\/www.comprarmejor.es\/en\/product\/ordinations-of-pedro-iv-of-aragon-1353-number-1\/#primaryimage"},"image":{"@id":"https:\/\/www.comprarmejor.es\/en\/product\/ordinations-of-pedro-iv-of-aragon-1353-number-1\/#primaryimage"},"thumbnailUrl":"https:\/\/www.comprarmejor.es\/wp-content\/uploads\/2016\/02\/p_2_9_0_8_2908-Las-Ordenaciones-de-Pedro-IV-de-Aragon1353-Numero-1.jpg","datePublished":"2016-02-02T16:40:25+00:00","dateModified":"2020-05-07T17:39:08+00:00","description":"In 1344 King Pedro IV of Aragon provided that the \"Ordinances of the House and Cuts\" were drafted along the lines of the \"Laws Palatine \"Jaime III of Mallorca.","breadcrumb":{"@id":"https:\/\/www.comprarmejor.es\/en\/product\/ordinations-of-pedro-iv-of-aragon-1353-number-1\/#breadcrumb"},"inLanguage":"en-US","potentialAction":[{"@type":"ReadAction","target":["https:\/\/www.comprarmejor.es\/en\/product\/ordinations-of-pedro-iv-of-aragon-1353-number-1\/"]}]},{"@type":"ImageObject","inLanguage":"en-US","@id":"https:\/\/www.comprarmejor.es\/en\/product\/ordinations-of-pedro-iv-of-aragon-1353-number-1\/#primaryimage","url":"https:\/\/www.comprarmejor.es\/wp-content\/uploads\/2016\/02\/p_2_9_0_8_2908-Las-Ordenaciones-de-Pedro-IV-de-Aragon1353-Numero-1.jpg","contentUrl":"https:\/\/www.comprarmejor.es\/wp-content\/uploads\/2016\/02\/p_2_9_0_8_2908-Las-Ordenaciones-de-Pedro-IV-de-Aragon1353-Numero-1.jpg","width":600,"height":456},{"@type":"BreadcrumbList","@id":"https:\/\/www.comprarmejor.es\/en\/product\/ordinations-of-pedro-iv-of-aragon-1353-number-1\/#breadcrumb","itemListElement":[{"@type":"ListItem","position":1,"name":"Portada","item":"https:\/\/www.comprarmejor.es\/en\/"},{"@type":"ListItem","position":2,"name":"Shop","item":"https:\/\/www.comprarmejor.es\/en\/shop\/"},{"@type":"ListItem","position":3,"name":"Ordinations of Pedro IV of Aragon, 1353 (Number 1) (5*)"}]},{"@type":"WebSite","@id":"https:\/\/www.comprarmejor.es\/en\/#website","url":"https:\/\/www.comprarmejor.es\/en\/","name":"ComprarMejor","description":"ComprarMejor","publisher":{"@id":"https:\/\/www.comprarmejor.es\/en\/#organization"},"potentialAction":[{"@type":"SearchAction","target":{"@type":"EntryPoint","urlTemplate":"https:\/\/www.comprarmejor.es\/en\/?s={search_term_string}"},"query-input":{"@type":"PropertyValueSpecification","valueRequired":true,"valueName":"search_term_string"}}],"inLanguage":"en-US"},{"@type":"Organization","@id":"https:\/\/www.comprarmejor.es\/en\/#organization","name":"COMPRAR MEJOR","url":"https:\/\/www.comprarmejor.es\/en\/","logo":{"@type":"ImageObject","inLanguage":"en-US","@id":"https:\/\/www.comprarmejor.es\/en\/#\/schema\/logo\/image\/","url":"https:\/\/www.comprarmejor.es\/wp-content\/uploads\/2025\/09\/comprarmejortrinidad.jpg","contentUrl":"https:\/\/www.comprarmejor.es\/wp-content\/uploads\/2025\/09\/comprarmejortrinidad.jpg","width":1022,"height":1380,"caption":"COMPRAR MEJOR"},"image":{"@id":"https:\/\/www.comprarmejor.es\/en\/#\/schema\/logo\/image\/"},"sameAs":["https:\/\/www.instagram.com\/amigosdelcodice"]}]}},"_links":{"self":[{"href":"https:\/\/www.comprarmejor.es\/en\/wp-json\/wp\/v2\/product\/52475","targetHints":{"allow":["GET"]}}],"collection":[{"href":"https:\/\/www.comprarmejor.es\/en\/wp-json\/wp\/v2\/product"}],"about":[{"href":"https:\/\/www.comprarmejor.es\/en\/wp-json\/wp\/v2\/types\/product"}],"wp:featuredmedia":[{"embeddable":true,"href":"https:\/\/www.comprarmejor.es\/en\/wp-json\/wp\/v2\/media\/52467"}],"wp:attachment":[{"href":"https:\/\/www.comprarmejor.es\/en\/wp-json\/wp\/v2\/media?parent=52475"}],"wp:term":[{"taxonomy":"product_brand","embeddable":true,"href":"https:\/\/www.comprarmejor.es\/en\/wp-json\/wp\/v2\/product_brand?post=52475"},{"taxonomy":"product_cat","embeddable":true,"href":"https:\/\/www.comprarmejor.es\/en\/wp-json\/wp\/v2\/product_cat?post=52475"},{"taxonomy":"product_tag","embeddable":true,"href":"https:\/\/www.comprarmejor.es\/en\/wp-json\/wp\/v2\/product_tag?post=52475"}],"curies":[{"name":"wp","href":"https:\/\/api.w.org\/{rel}","templated":true}]}}