{"id":52533,"date":"2016-02-06T12:50:37","date_gmt":"2016-02-06T11:50:37","guid":{"rendered":"https:\/\/www.comprarmejor.es\/producto\/site-nature-and-properties-of-the-city-of-mexico-diego-cisneros-1618\/"},"modified":"2019-10-04T17:01:29","modified_gmt":"2019-10-04T15:01:29","slug":"site-nature-and-properties-of-the-city-of-mexico-diego-cisneros-1618","status":"publish","type":"product","link":"https:\/\/www.comprarmejor.es\/en\/product\/site-nature-and-properties-of-the-city-of-mexico-diego-cisneros-1618\/","title":{"rendered":"Site, Nature and Properties of the City of Mexico, Diego Cisneros, 1618"},"content":{"rendered":"<p style=\"text-align: justify;\"><span id=\"result_box\" lang=\"en\" xml:lang=\"en\"><span title=\"Edici\u00f3n perteneciente a la Biblioteca de Cl\u00e1sicos de la Medicina Espa\u00f1ola, coeditada en 1992 por la Fundaci\u00f3n de Ciencias de la Salud y la Sociedad Estatal Quinto Centenario.\">Edition belonging to the Library Classics of Spanish Medicine, published jointly in 1992 by the Foundation for Health Sciences and Sociedad Estatal Quinto Centenario.<\/span><\/span><\/p>\n<p style=\"text-align: justify;\"><span title=\"Facs\u00edmile del original de 1618 impreso en M\u00e9xico y escrito por el Dr. Diego Cisneros, que se conserva en la Biblioteca de la Universidad Complutense de Madrid, precedido por un estudio del Dr. Jos\u00e9 Luis Peset.\">Facsimile of the original 1618 printed in Mexico and written by Dr. Diego Cisneros, which is preserved in the library of the Complutense University of Madrid, preceded by a study by Dr. Jos\u00e9 Luis Peset.<\/span><\/p>\n<p style=\"text-align: justify;\"><span title=\"Ejemplar en perfecto estado.\">Copy in perfect condition. <\/span><span title=\"Formato 16,3 x 22,3 cm.\">16.3 x 22.3 cm format. <\/span><span title=\"20 p\u00e1ginas de estudio m\u00e1s 336 p\u00e1ginas del facs\u00edmile.\">20 pages of study over 336 pages of fax. <\/span><span title=\"Encuadernado en tapa dura con impresiones en tinta negra.\">Bound in hardcover with prints in black ink.<\/span><\/p>\n<p style=\"text-align: justify;\"><span title=\"Sitio, Naturaleza y Propiedades de la Ciudad de M\u00e9xico.\">Place, nature and properties of Mexico City. <\/span><span title=\"Aguas y vientos a que est\u00e1 sujeta;\">Waters and winds it is subject; <\/span><span title=\"y Tiempos del A\u00f1o.\">and Times of the Year. <\/span><span title=\"Necesidad de su conocimiento para el ejercicio de la Medicina, su incertidumbre y dificultad, as\u00ed para la curaci\u00f3n como para los pron\u00f3sticos.\">Need your knowledge to the practice of medicine, its uncertainty and difficulty, and for healing and for forecasts.<\/span><\/p>\n<p style=\"text-align: justify;\"><span title=\"Con esta obra el m\u00e9dico comenzar\u00e1 a separar ciencia y creencia, admitiendo influencias naturales sobre los hombres, que corresponden a la medicina y a los saberes que con ella colaboran.\">With this work the doctor will begin to separate science and belief, natural influences on admitting men, corresponding to medicine and knowledge to collaborate with her. <\/span><span title=\"Muestra un camino hacia la ciencia moderna que en el siglo XVII se conocer\u00e1 bien en personajes de la categor\u00eda de Sig\u00fcenza y G\u00f3ngora o Juana In\u00e9s de la Cruz.\">It shows a path to modern science in the seventeenth century well known characters in the category of Siguenza or Juana Ines de la Cruz. <\/span><span title=\"Afirmar\u00e1 la libertad del ser humano, acabando con la astrolog\u00eda medieval, que condenaba y encadenaba al ser humano, e incluso pod\u00eda servir para predeterminar la voluntad divina.\">It will affirm the freedom of human beings, ending the medieval astrology, condemning and chained to humans, and could even serve to predetermine the divine will. <\/span><span title=\"La medicina entrar\u00e1 en una nueva etapa, con dos caracter\u00edsticas de inter\u00e9s.\">The drug will enter a new stage, with two characteristics of interest. <\/span><span title=\"Por un lado, se apoyar\u00e1 en la ciencia permitiendo un conocimiento amplio de los adelantos cient\u00edficos, que la contagian y permiten alcanzar, al menos, un grado de objetividad y de rigor cl\u00ednico importante.\">On the one hand, it will rely on science enabling a broad knowledge of scientific advances, the spread and allow to reach at least a degree of objectivity and important clinical rigor. <\/span><span title=\"Por otro, la medicina se convierte en tarea p\u00fablica (y privada) que buscar\u00e1 evitar la enfermedad y procurar\u00e1 conservar la salud.\">On the other, medicine becomes public (and private) task that seek to prevent the disease and seek to maintain health.<\/span><\/p>\n<p style=\"text-align: justify;\"><span title=\"Puede descargarse un fichero .pdf de la Universidad Nacional Aut\u00f3noma de M\u00e9xico de un estudio realizado por el Dr. Carlos Viesca Trevi\u00f1o sobre esta obra, pulsando aqu\u00ed mismo.\">You can download a .pdf file of the National Autonomous University of Mexico from a study by Dr. Carlos Viesca Trevino about this work, <a href=\"http:\/\/publicaciones.iib.unam.mx\/index.php\/boletin\/article\/viewFile\/596\/585\" target=\"_blank\" rel=\"noopener noreferrer\">by clicking right here<\/a>.<br \/>\n<\/span><span title=\"http:\/\/publicaciones.iib.unam.mx\/index.php\/boletin\/article\/viewFile\/596\/585\"><br \/>\n<\/span><span title=\"Gastos de env\u00edo por cuenta del comprador, seg\u00fan pedido y destino.\">Shipping by the buyer, upon request and destination.\u00a0<\/span><span title=\"Cons\u00faltenos cualquier duda, as\u00ed como por cualquier otro facs\u00edmile o art\u00edculo que est\u00e9 buscando.\"><a class=\"btn btn-default\" href=\"http:\/\/comprarmejor.es\/en\/contact\">Ask us<\/a> any questions and by facsimile or any other item he seeks.<\/span><\/p>\n","protected":false},"excerpt":{"rendered":"<p style=\"text-align: justify;\"><span id=\"result_box\" lang=\"en\" xml:lang=\"en\"><span title=\"Sitio, Naturaleza y Propiedades de la Ciudad de M\u00e9xico.\">Place, nature and properties of Mexico City. <\/span><span title=\"Aguas y vientos a que est\u00e1 sujeta;\">Waters and winds it is subject; <\/span><span title=\"y Tiempos del A\u00f1o.\">and Times of the Year. <\/span><span title=\"Necesidad de su conocimiento para el ejercicio de la Medicina, su incertidumbre y dificultad, as\u00ed para la curaci\u00f3n como para los pron\u00f3sticos.\">Need your knowledge to the practice of medicine, its uncertainty and difficulty, and for healing and for forecasts.<\/span><\/span><\/p>\n","protected":false},"featured_media":52527,"template":"","meta":[],"product_brand":[],"product_cat":[2210,2188,2186,2232],"product_tag":[4498,4624],"class_list":{"0":"post-52533","1":"product","2":"type-product","3":"status-publish","4":"has-post-thumbnail","6":"product_cat-bibliophilia","7":"product_cat-books","8":"product_cat-collections","9":"product_cat-medicine","10":"product_tag-cisneros-en","11":"product_tag-medicina-en","12":"product_shipping_class-from-0-to-1-kg","13":"description-off","15":"first","16":"instock","17":"taxable","18":"shipping-taxable","19":"purchasable","20":"product-type-simple"},"yoast_head":"<!-- This site is optimized with the Yoast SEO plugin v27.3 - https:\/\/yoast.com\/product\/yoast-seo-wordpress\/ -->\n<title>Site, Nature and Properties of the City Mexico, Diego Cisneros, 1618<\/title>\n<meta name=\"description\" content=\"Place, nature and properties of Mexico City. Waters and winds it is subject; and Times of the Year. Need your knowledge to the practice of medicine, its\" \/>\n<meta name=\"robots\" content=\"index, follow, max-snippet:-1, max-image-preview:large, max-video-preview:-1\" \/>\n<link rel=\"canonical\" href=\"https:\/\/www.comprarmejor.es\/en\/product\/site-nature-and-properties-of-the-city-of-mexico-diego-cisneros-1618\/\" \/>\n<meta property=\"og:locale\" content=\"en_US\" \/>\n<meta property=\"og:type\" content=\"article\" \/>\n<meta property=\"og:title\" content=\"Site, Nature and Properties of the City Mexico, Diego Cisneros, 1618\" \/>\n<meta property=\"og:description\" content=\"Place, nature and properties of Mexico City. Waters and winds it is subject; and Times of the Year. Need your knowledge to the practice of medicine, its\" \/>\n<meta property=\"og:url\" content=\"https:\/\/www.comprarmejor.es\/en\/product\/site-nature-and-properties-of-the-city-of-mexico-diego-cisneros-1618\/\" \/>\n<meta property=\"og:site_name\" content=\"ComprarMejor\" \/>\n<meta property=\"article:modified_time\" content=\"2019-10-04T15:01:29+00:00\" \/>\n<meta property=\"og:image\" content=\"https:\/\/www.comprarmejor.es\/wp-content\/uploads\/2016\/02\/p_2_9_3_2_2932-Sitio-Naturaleza-y-Propiedades-de-la-Ciudad-de-Mexico-Diego-Cisneros-1618.jpg\" \/>\n\t<meta property=\"og:image:width\" content=\"502\" \/>\n\t<meta property=\"og:image:height\" content=\"600\" \/>\n\t<meta property=\"og:image:type\" content=\"image\/jpeg\" \/>\n<meta name=\"twitter:card\" content=\"summary_large_image\" \/>\n<meta name=\"twitter:label1\" content=\"Est. reading time\" \/>\n\t<meta name=\"twitter:data1\" content=\"2 minutes\" \/>\n<script type=\"application\/ld+json\" class=\"yoast-schema-graph\">{\"@context\":\"https:\\\/\\\/schema.org\",\"@graph\":[{\"@type\":\"WebPage\",\"@id\":\"https:\\\/\\\/www.comprarmejor.es\\\/en\\\/product\\\/site-nature-and-properties-of-the-city-of-mexico-diego-cisneros-1618\\\/\",\"url\":\"https:\\\/\\\/www.comprarmejor.es\\\/en\\\/product\\\/site-nature-and-properties-of-the-city-of-mexico-diego-cisneros-1618\\\/\",\"name\":\"Site, Nature and Properties of the City Mexico, Diego Cisneros, 1618\",\"isPartOf\":{\"@id\":\"https:\\\/\\\/www.comprarmejor.es\\\/en\\\/#website\"},\"primaryImageOfPage\":{\"@id\":\"https:\\\/\\\/www.comprarmejor.es\\\/en\\\/product\\\/site-nature-and-properties-of-the-city-of-mexico-diego-cisneros-1618\\\/#primaryimage\"},\"image\":{\"@id\":\"https:\\\/\\\/www.comprarmejor.es\\\/en\\\/product\\\/site-nature-and-properties-of-the-city-of-mexico-diego-cisneros-1618\\\/#primaryimage\"},\"thumbnailUrl\":\"https:\\\/\\\/www.comprarmejor.es\\\/wp-content\\\/uploads\\\/2016\\\/02\\\/p_2_9_3_2_2932-Sitio-Naturaleza-y-Propiedades-de-la-Ciudad-de-Mexico-Diego-Cisneros-1618.jpg\",\"datePublished\":\"2016-02-06T11:50:37+00:00\",\"dateModified\":\"2019-10-04T15:01:29+00:00\",\"description\":\"Place, nature and properties of Mexico City. Waters and winds it is subject; and Times of the Year. Need your knowledge to the practice of medicine, its\",\"breadcrumb\":{\"@id\":\"https:\\\/\\\/www.comprarmejor.es\\\/en\\\/product\\\/site-nature-and-properties-of-the-city-of-mexico-diego-cisneros-1618\\\/#breadcrumb\"},\"inLanguage\":\"en-US\",\"potentialAction\":[{\"@type\":\"ReadAction\",\"target\":[\"https:\\\/\\\/www.comprarmejor.es\\\/en\\\/product\\\/site-nature-and-properties-of-the-city-of-mexico-diego-cisneros-1618\\\/\"]}]},{\"@type\":\"ImageObject\",\"inLanguage\":\"en-US\",\"@id\":\"https:\\\/\\\/www.comprarmejor.es\\\/en\\\/product\\\/site-nature-and-properties-of-the-city-of-mexico-diego-cisneros-1618\\\/#primaryimage\",\"url\":\"https:\\\/\\\/www.comprarmejor.es\\\/wp-content\\\/uploads\\\/2016\\\/02\\\/p_2_9_3_2_2932-Sitio-Naturaleza-y-Propiedades-de-la-Ciudad-de-Mexico-Diego-Cisneros-1618.jpg\",\"contentUrl\":\"https:\\\/\\\/www.comprarmejor.es\\\/wp-content\\\/uploads\\\/2016\\\/02\\\/p_2_9_3_2_2932-Sitio-Naturaleza-y-Propiedades-de-la-Ciudad-de-Mexico-Diego-Cisneros-1618.jpg\",\"width\":502,\"height\":600},{\"@type\":\"BreadcrumbList\",\"@id\":\"https:\\\/\\\/www.comprarmejor.es\\\/en\\\/product\\\/site-nature-and-properties-of-the-city-of-mexico-diego-cisneros-1618\\\/#breadcrumb\",\"itemListElement\":[{\"@type\":\"ListItem\",\"position\":1,\"name\":\"Portada\",\"item\":\"https:\\\/\\\/www.comprarmejor.es\\\/en\\\/\"},{\"@type\":\"ListItem\",\"position\":2,\"name\":\"Shop\",\"item\":\"https:\\\/\\\/www.comprarmejor.es\\\/en\\\/shop\\\/\"},{\"@type\":\"ListItem\",\"position\":3,\"name\":\"Site, Nature and Properties of the City of Mexico, Diego Cisneros, 1618\"}]},{\"@type\":\"WebSite\",\"@id\":\"https:\\\/\\\/www.comprarmejor.es\\\/en\\\/#website\",\"url\":\"https:\\\/\\\/www.comprarmejor.es\\\/en\\\/\",\"name\":\"ComprarMejor\",\"description\":\"ComprarMejor\",\"publisher\":{\"@id\":\"https:\\\/\\\/www.comprarmejor.es\\\/en\\\/#organization\"},\"potentialAction\":[{\"@type\":\"SearchAction\",\"target\":{\"@type\":\"EntryPoint\",\"urlTemplate\":\"https:\\\/\\\/www.comprarmejor.es\\\/en\\\/?s={search_term_string}\"},\"query-input\":{\"@type\":\"PropertyValueSpecification\",\"valueRequired\":true,\"valueName\":\"search_term_string\"}}],\"inLanguage\":\"en-US\"},{\"@type\":\"Organization\",\"@id\":\"https:\\\/\\\/www.comprarmejor.es\\\/en\\\/#organization\",\"name\":\"COMPRAR MEJOR\",\"url\":\"https:\\\/\\\/www.comprarmejor.es\\\/en\\\/\",\"logo\":{\"@type\":\"ImageObject\",\"inLanguage\":\"en-US\",\"@id\":\"https:\\\/\\\/www.comprarmejor.es\\\/en\\\/#\\\/schema\\\/logo\\\/image\\\/\",\"url\":\"https:\\\/\\\/www.comprarmejor.es\\\/wp-content\\\/uploads\\\/2025\\\/09\\\/comprarmejortrinidad.jpg\",\"contentUrl\":\"https:\\\/\\\/www.comprarmejor.es\\\/wp-content\\\/uploads\\\/2025\\\/09\\\/comprarmejortrinidad.jpg\",\"width\":1022,\"height\":1380,\"caption\":\"COMPRAR MEJOR\"},\"image\":{\"@id\":\"https:\\\/\\\/www.comprarmejor.es\\\/en\\\/#\\\/schema\\\/logo\\\/image\\\/\"},\"sameAs\":[\"https:\\\/\\\/www.instagram.com\\\/amigosdelcodice\"]}]}<\/script>\n<!-- \/ Yoast SEO plugin. -->","yoast_head_json":{"title":"Site, Nature and Properties of the City Mexico, Diego Cisneros, 1618","description":"Place, nature and properties of Mexico City. Waters and winds it is subject; and Times of the Year. Need your knowledge to the practice of medicine, its","robots":{"index":"index","follow":"follow","max-snippet":"max-snippet:-1","max-image-preview":"max-image-preview:large","max-video-preview":"max-video-preview:-1"},"canonical":"https:\/\/www.comprarmejor.es\/en\/product\/site-nature-and-properties-of-the-city-of-mexico-diego-cisneros-1618\/","og_locale":"en_US","og_type":"article","og_title":"Site, Nature and Properties of the City Mexico, Diego Cisneros, 1618","og_description":"Place, nature and properties of Mexico City. Waters and winds it is subject; and Times of the Year. Need your knowledge to the practice of medicine, its","og_url":"https:\/\/www.comprarmejor.es\/en\/product\/site-nature-and-properties-of-the-city-of-mexico-diego-cisneros-1618\/","og_site_name":"ComprarMejor","article_modified_time":"2019-10-04T15:01:29+00:00","og_image":[{"width":502,"height":600,"url":"https:\/\/www.comprarmejor.es\/wp-content\/uploads\/2016\/02\/p_2_9_3_2_2932-Sitio-Naturaleza-y-Propiedades-de-la-Ciudad-de-Mexico-Diego-Cisneros-1618.jpg","type":"image\/jpeg"}],"twitter_card":"summary_large_image","twitter_misc":{"Est. reading time":"2 minutes"},"schema":{"@context":"https:\/\/schema.org","@graph":[{"@type":"WebPage","@id":"https:\/\/www.comprarmejor.es\/en\/product\/site-nature-and-properties-of-the-city-of-mexico-diego-cisneros-1618\/","url":"https:\/\/www.comprarmejor.es\/en\/product\/site-nature-and-properties-of-the-city-of-mexico-diego-cisneros-1618\/","name":"Site, Nature and Properties of the City Mexico, Diego Cisneros, 1618","isPartOf":{"@id":"https:\/\/www.comprarmejor.es\/en\/#website"},"primaryImageOfPage":{"@id":"https:\/\/www.comprarmejor.es\/en\/product\/site-nature-and-properties-of-the-city-of-mexico-diego-cisneros-1618\/#primaryimage"},"image":{"@id":"https:\/\/www.comprarmejor.es\/en\/product\/site-nature-and-properties-of-the-city-of-mexico-diego-cisneros-1618\/#primaryimage"},"thumbnailUrl":"https:\/\/www.comprarmejor.es\/wp-content\/uploads\/2016\/02\/p_2_9_3_2_2932-Sitio-Naturaleza-y-Propiedades-de-la-Ciudad-de-Mexico-Diego-Cisneros-1618.jpg","datePublished":"2016-02-06T11:50:37+00:00","dateModified":"2019-10-04T15:01:29+00:00","description":"Place, nature and properties of Mexico City. Waters and winds it is subject; and Times of the Year. Need your knowledge to the practice of medicine, its","breadcrumb":{"@id":"https:\/\/www.comprarmejor.es\/en\/product\/site-nature-and-properties-of-the-city-of-mexico-diego-cisneros-1618\/#breadcrumb"},"inLanguage":"en-US","potentialAction":[{"@type":"ReadAction","target":["https:\/\/www.comprarmejor.es\/en\/product\/site-nature-and-properties-of-the-city-of-mexico-diego-cisneros-1618\/"]}]},{"@type":"ImageObject","inLanguage":"en-US","@id":"https:\/\/www.comprarmejor.es\/en\/product\/site-nature-and-properties-of-the-city-of-mexico-diego-cisneros-1618\/#primaryimage","url":"https:\/\/www.comprarmejor.es\/wp-content\/uploads\/2016\/02\/p_2_9_3_2_2932-Sitio-Naturaleza-y-Propiedades-de-la-Ciudad-de-Mexico-Diego-Cisneros-1618.jpg","contentUrl":"https:\/\/www.comprarmejor.es\/wp-content\/uploads\/2016\/02\/p_2_9_3_2_2932-Sitio-Naturaleza-y-Propiedades-de-la-Ciudad-de-Mexico-Diego-Cisneros-1618.jpg","width":502,"height":600},{"@type":"BreadcrumbList","@id":"https:\/\/www.comprarmejor.es\/en\/product\/site-nature-and-properties-of-the-city-of-mexico-diego-cisneros-1618\/#breadcrumb","itemListElement":[{"@type":"ListItem","position":1,"name":"Portada","item":"https:\/\/www.comprarmejor.es\/en\/"},{"@type":"ListItem","position":2,"name":"Shop","item":"https:\/\/www.comprarmejor.es\/en\/shop\/"},{"@type":"ListItem","position":3,"name":"Site, Nature and Properties of the City of Mexico, Diego Cisneros, 1618"}]},{"@type":"WebSite","@id":"https:\/\/www.comprarmejor.es\/en\/#website","url":"https:\/\/www.comprarmejor.es\/en\/","name":"ComprarMejor","description":"ComprarMejor","publisher":{"@id":"https:\/\/www.comprarmejor.es\/en\/#organization"},"potentialAction":[{"@type":"SearchAction","target":{"@type":"EntryPoint","urlTemplate":"https:\/\/www.comprarmejor.es\/en\/?s={search_term_string}"},"query-input":{"@type":"PropertyValueSpecification","valueRequired":true,"valueName":"search_term_string"}}],"inLanguage":"en-US"},{"@type":"Organization","@id":"https:\/\/www.comprarmejor.es\/en\/#organization","name":"COMPRAR MEJOR","url":"https:\/\/www.comprarmejor.es\/en\/","logo":{"@type":"ImageObject","inLanguage":"en-US","@id":"https:\/\/www.comprarmejor.es\/en\/#\/schema\/logo\/image\/","url":"https:\/\/www.comprarmejor.es\/wp-content\/uploads\/2025\/09\/comprarmejortrinidad.jpg","contentUrl":"https:\/\/www.comprarmejor.es\/wp-content\/uploads\/2025\/09\/comprarmejortrinidad.jpg","width":1022,"height":1380,"caption":"COMPRAR MEJOR"},"image":{"@id":"https:\/\/www.comprarmejor.es\/en\/#\/schema\/logo\/image\/"},"sameAs":["https:\/\/www.instagram.com\/amigosdelcodice"]}]}},"_links":{"self":[{"href":"https:\/\/www.comprarmejor.es\/en\/wp-json\/wp\/v2\/product\/52533","targetHints":{"allow":["GET"]}}],"collection":[{"href":"https:\/\/www.comprarmejor.es\/en\/wp-json\/wp\/v2\/product"}],"about":[{"href":"https:\/\/www.comprarmejor.es\/en\/wp-json\/wp\/v2\/types\/product"}],"wp:featuredmedia":[{"embeddable":true,"href":"https:\/\/www.comprarmejor.es\/en\/wp-json\/wp\/v2\/media\/52527"}],"wp:attachment":[{"href":"https:\/\/www.comprarmejor.es\/en\/wp-json\/wp\/v2\/media?parent=52533"}],"wp:term":[{"taxonomy":"product_brand","embeddable":true,"href":"https:\/\/www.comprarmejor.es\/en\/wp-json\/wp\/v2\/product_brand?post=52533"},{"taxonomy":"product_cat","embeddable":true,"href":"https:\/\/www.comprarmejor.es\/en\/wp-json\/wp\/v2\/product_cat?post=52533"},{"taxonomy":"product_tag","embeddable":true,"href":"https:\/\/www.comprarmejor.es\/en\/wp-json\/wp\/v2\/product_tag?post=52533"}],"curies":[{"name":"wp","href":"https:\/\/api.w.org\/{rel}","templated":true}]}}