{"id":52575,"date":"2016-02-06T23:34:26","date_gmt":"2016-02-06T22:34:26","guid":{"rendered":"https:\/\/www.comprarmejor.es\/producto\/colombian-documents-in-the-general-archive-of-simancas\/"},"modified":"2020-05-07T17:12:45","modified_gmt":"2020-05-07T15:12:45","slug":"colombian-documents-in-the-general-archive-of-simancas","status":"publish","type":"product","link":"https:\/\/www.comprarmejor.es\/en\/product\/colombian-documents-in-the-general-archive-of-simancas\/","title":{"rendered":"Colombian documents in the General Archive of Simancas"},"content":{"rendered":"<p style=\"text-align: justify;\"><span id=\"result_box\" lang=\"en\" xml:lang=\"en\"><span class=\"hps\"><span lang=\"en\" xml:lang=\"en\"><span lang=\"en\" xml:lang=\"en\"><span title=\"Documentos colombinos en el Archivo General de Simancas, siglos XV y XVI.\">Colombian documents in the General Archive of Simancas, XV and XVI centuries. <\/span><span title=\"Edici\u00f3n conmemorativa del V Centenario de la muerte de Crist\u00f3bal Col\u00f3n.\">Commemorative edition of the V Centenary of the death of Christopher Columbus.<\/span><\/span><\/span><\/span><\/span><\/p>\n<p style=\"text-align: justify;\"><span title=\"Fiel edici\u00f3n facs\u00edmile realizada en Madrid en 2006 de una serie de documentos hist\u00f3ricos sobre la figura del Almirante Crist\u00f3bal Col\u00f3n, propiedad del Estado Espa\u00f1ol y conservados en el Archivo General de Simancas.\">A true facsimile edition held in Madrid in 2006 of a series of historical documents on the figure of Admiral Crist\u00f3bal Col\u00f3n, property of the Spanish State and preserved in the General Archive of Simancas.<\/span><\/p>\n<p style=\"text-align: justify;\"><span title=\"La relaci\u00f3n de los documentos que se entregan en 7 carpetas dentro de la caja-estuche es la siguiente:\">The list of documents that are delivered in 7 folders within the box-case is as follows:<\/span><\/p>\n<p style=\"text-align: justify;\"><span title=\"I. Carta aut\u00f3grafa de Crist\u00f3bal Col\u00f3n a la reina Isabel La Cat\u00f3lica, sobre asuntos de Indias y suyos personales.\">I. Letter autograph of Christopher Columbus to Queen Isabella the Catholic, on matters of the Indies and his personal ones.<br \/>\n<\/span><span title=\"II.\">II. <\/span><span title=\"Carta de Col\u00f3n dirigida al escribano de raci\u00f3n de SS.\">Letter of Columbus addressed to the scribe of SS ration. <\/span><span title=\"MM.\">MM. <\/span><span title=\"D\u00e1ndole cuenta de su primer viaje a las Indias.\">Telling him of his first trip to the Indies.<br \/>\n<\/span><span title=\"III.\">III. <\/span><span title=\"Perd\u00f3n a Bartolom\u00e9 Torres, criminal, por haber ido en el primer viaje de Col\u00f3n.\">Sorry for Bartholomew Torres, criminal, for having gone on the first trip of Columbus.<br \/>\n<\/span><span title=\"IV.\">IV. <\/span><span title=\"Relaci\u00f3n de la gente que acompa\u00f1\u00f3 a Col\u00f3n en el segundo viaje.\">List of people who accompanied Columbus on the second trip.<br \/>\n<\/span><span title=\"V. Pago de deudas de Col\u00f3n por la traves\u00eda del tercer viaje.\">V. Payment of debts of Columbus for the trip of the third trip.<br \/>\n<\/span><span title=\"VI.\">SAW. <\/span><span title=\"Relaci\u00f3n de la gente y nav\u00edos que Col\u00f3n llev\u00f3 en el cuarto viaje.\">List of people and ships that Columbus carried on the fourth voyage.<br \/>\n<\/span><span title=\"VII.\">VII. <\/span><span title=\"Testamento de Crist\u00f3bal Col\u00f3n.\">Testament of Christopher Columbus. <\/span><span title=\"Traslado autorizado de la escritura de testamento y fundaci\u00f3n de mayorazgo que otorg\u00f3 Col\u00f3n en Segovia a 25 de agosto de 1505.\">Authorized transfer of the deed of writing and foundation of mayorazgo that granted Col\u00f3n in Segovia to 25 of August of 1505.<\/span><\/p>\n<p style=\"text-align: justify;\"><span title=\"Presentaci\u00f3n de todos los documentos en una caja-estuche forrada de terciopelo fino negro con cierre y t\u00edtulos dorados, formato 30 x 38,5 x 6 cm, conteniendo:\">Presentation of all documents in a box-lined black velvet case with clasp and gold titles, format 30 x 38.5 x 6 cm, containing:<br \/>\n<\/span><span title=\"Las 7 carpetas con los documentos, fielmente reproducidos en papel envejecido y manipulado de forma totalmente artesanal.\">The 7 folders with the documents, faithfully reproduced in paper aged and handled in a totally handmade way.<br \/>\n<\/span><span title=\"Un libro estudio, encuadernado en tapa dura entelada con sobrecubierta, formato 21 x 29,5 cm, 150 p\u00e1ginas.\">A study book, bound in hardcover covered with dust jacket, format 21 x 29.5 cm, 150 pages. <\/span><span title=\"Contiene la transcripci\u00f3n de todos los documentos.\">Contains the transcript of all documents.<br \/>\n<\/span><span title=\"Acta notarial certificando la originalidad de la edici\u00f3n, numerada y limitada a 500 ejemplares.\">Notarial certificate certifying the originality of the edition, numbered and limited to 500 copies.<\/span><\/p>\n<p style=\"text-align: justify;\"><span title=\"Ejemplar en perfecto estado.\">Exemplary in perfect condition<\/span>.<\/p>\n<p style=\"text-align: justify;\"><span class=\"hps\">Shipping<\/span> <span class=\"hps\">by the buyer<\/span>, <span class=\"hps\">upon request<\/span> <span class=\"hps\">and destination.<\/span>\u00a0<span class=\"hps\"><a class=\"btn btn-default\" href=\"http:\/\/comprarmejor.es\/en\/contact\">Ask us<\/a><\/span> <span class=\"hps\"><span lang=\"en\" xml:lang=\"en\"><span title=\"Cons\u00faltenos sin compromiso cualquier duda, as\u00ed como por cualquier otro facs\u00edmile o art\u00edculo que est\u00e9 buscando.\">without any questions, as well as any other facsimile or article you are looking for.<\/span><\/span><\/span><\/p>\n","protected":false},"excerpt":{"rendered":"<p style=\"text-align: justify;\"><span id=\"result_box\" lang=\"en\" xml:lang=\"en\"><span class=\"hps\"><span lang=\"en\" xml:lang=\"en\"><span lang=\"en\" xml:lang=\"en\"><span title=\"Documentos colombinos en el Archivo General de Simancas, siglos XV y XVI.\">Colombian documents in the General Archive of Simancas, XV and XVI centuries. <\/span><span title=\"Edici\u00f3n conmemorativa del V Centenario de la muerte de Crist\u00f3bal Col\u00f3n.\">Commemorative edition of the V Centenary of the death of Christopher Columbus.<\/span><\/span><\/span><\/span><\/span><\/p>\n","protected":false},"featured_media":52565,"template":"","meta":[],"product_brand":[],"product_cat":[2250],"product_tag":[5254,4519,4496,4090],"class_list":{"0":"post-52575","1":"product","2":"type-product","3":"status-publish","4":"has-post-thumbnail","6":"product_cat-other-facsimiles","7":"product_tag-colon-en","8":"product_tag-libraria-en-2","9":"product_tag-simancas-en","10":"product_tag-taberna-en","11":"product_shipping_class-from-2-to-5-kg","12":"description-off","14":"first","15":"instock","16":"taxable","17":"shipping-taxable","18":"purchasable","19":"product-type-simple"},"yoast_head":"<!-- This site is optimized with the Yoast SEO plugin v27.3 - https:\/\/yoast.com\/product\/yoast-seo-wordpress\/ -->\n<title>Colombian documents in the General Archive of Simancas<\/title>\n<meta name=\"description\" content=\"Colombian documents in the General Archive of Simancas, XV and XVI centuries. Commemorative edition of the V Centenary of the death of Christopher Columbus.\" \/>\n<meta name=\"robots\" content=\"index, follow, max-snippet:-1, max-image-preview:large, max-video-preview:-1\" \/>\n<link rel=\"canonical\" href=\"https:\/\/www.comprarmejor.es\/en\/product\/colombian-documents-in-the-general-archive-of-simancas\/\" \/>\n<meta property=\"og:locale\" content=\"en_US\" \/>\n<meta property=\"og:type\" content=\"article\" \/>\n<meta property=\"og:title\" content=\"Colombian documents in the General Archive of Simancas\" \/>\n<meta property=\"og:description\" content=\"Colombian documents in the General Archive of Simancas, XV and XVI centuries. Commemorative edition of the V Centenary of the death of Christopher Columbus.\" \/>\n<meta property=\"og:url\" content=\"https:\/\/www.comprarmejor.es\/en\/product\/colombian-documents-in-the-general-archive-of-simancas\/\" \/>\n<meta property=\"og:site_name\" content=\"ComprarMejor\" \/>\n<meta property=\"article:modified_time\" content=\"2020-05-07T15:12:45+00:00\" \/>\n<meta property=\"og:image\" content=\"https:\/\/www.comprarmejor.es\/wp-content\/uploads\/2016\/02\/p_6_5_9_6_6596-Documentos-colombinos-en-el-Archivo-General-de-Simancas.jpg\" \/>\n\t<meta property=\"og:image:width\" content=\"449\" \/>\n\t<meta property=\"og:image:height\" content=\"599\" \/>\n\t<meta property=\"og:image:type\" content=\"image\/jpeg\" \/>\n<meta name=\"twitter:card\" content=\"summary_large_image\" \/>\n<meta name=\"twitter:label1\" content=\"Est. reading time\" \/>\n\t<meta name=\"twitter:data1\" content=\"1 minute\" \/>\n<script type=\"application\/ld+json\" class=\"yoast-schema-graph\">{\"@context\":\"https:\\\/\\\/schema.org\",\"@graph\":[{\"@type\":\"WebPage\",\"@id\":\"https:\\\/\\\/www.comprarmejor.es\\\/en\\\/product\\\/colombian-documents-in-the-general-archive-of-simancas\\\/\",\"url\":\"https:\\\/\\\/www.comprarmejor.es\\\/en\\\/product\\\/colombian-documents-in-the-general-archive-of-simancas\\\/\",\"name\":\"Colombian documents in the General Archive of Simancas\",\"isPartOf\":{\"@id\":\"https:\\\/\\\/www.comprarmejor.es\\\/en\\\/#website\"},\"primaryImageOfPage\":{\"@id\":\"https:\\\/\\\/www.comprarmejor.es\\\/en\\\/product\\\/colombian-documents-in-the-general-archive-of-simancas\\\/#primaryimage\"},\"image\":{\"@id\":\"https:\\\/\\\/www.comprarmejor.es\\\/en\\\/product\\\/colombian-documents-in-the-general-archive-of-simancas\\\/#primaryimage\"},\"thumbnailUrl\":\"https:\\\/\\\/www.comprarmejor.es\\\/wp-content\\\/uploads\\\/2016\\\/02\\\/p_6_5_9_6_6596-Documentos-colombinos-en-el-Archivo-General-de-Simancas.jpg\",\"datePublished\":\"2016-02-06T22:34:26+00:00\",\"dateModified\":\"2020-05-07T15:12:45+00:00\",\"description\":\"Colombian documents in the General Archive of Simancas, XV and XVI centuries. Commemorative edition of the V Centenary of the death of Christopher Columbus.\",\"breadcrumb\":{\"@id\":\"https:\\\/\\\/www.comprarmejor.es\\\/en\\\/product\\\/colombian-documents-in-the-general-archive-of-simancas\\\/#breadcrumb\"},\"inLanguage\":\"en-US\",\"potentialAction\":[{\"@type\":\"ReadAction\",\"target\":[\"https:\\\/\\\/www.comprarmejor.es\\\/en\\\/product\\\/colombian-documents-in-the-general-archive-of-simancas\\\/\"]}]},{\"@type\":\"ImageObject\",\"inLanguage\":\"en-US\",\"@id\":\"https:\\\/\\\/www.comprarmejor.es\\\/en\\\/product\\\/colombian-documents-in-the-general-archive-of-simancas\\\/#primaryimage\",\"url\":\"https:\\\/\\\/www.comprarmejor.es\\\/wp-content\\\/uploads\\\/2016\\\/02\\\/p_6_5_9_6_6596-Documentos-colombinos-en-el-Archivo-General-de-Simancas.jpg\",\"contentUrl\":\"https:\\\/\\\/www.comprarmejor.es\\\/wp-content\\\/uploads\\\/2016\\\/02\\\/p_6_5_9_6_6596-Documentos-colombinos-en-el-Archivo-General-de-Simancas.jpg\",\"width\":449,\"height\":599},{\"@type\":\"BreadcrumbList\",\"@id\":\"https:\\\/\\\/www.comprarmejor.es\\\/en\\\/product\\\/colombian-documents-in-the-general-archive-of-simancas\\\/#breadcrumb\",\"itemListElement\":[{\"@type\":\"ListItem\",\"position\":1,\"name\":\"Portada\",\"item\":\"https:\\\/\\\/www.comprarmejor.es\\\/en\\\/\"},{\"@type\":\"ListItem\",\"position\":2,\"name\":\"Shop\",\"item\":\"https:\\\/\\\/www.comprarmejor.es\\\/en\\\/shop\\\/\"},{\"@type\":\"ListItem\",\"position\":3,\"name\":\"Colombian documents in the General Archive of Simancas\"}]},{\"@type\":\"WebSite\",\"@id\":\"https:\\\/\\\/www.comprarmejor.es\\\/en\\\/#website\",\"url\":\"https:\\\/\\\/www.comprarmejor.es\\\/en\\\/\",\"name\":\"ComprarMejor\",\"description\":\"ComprarMejor\",\"publisher\":{\"@id\":\"https:\\\/\\\/www.comprarmejor.es\\\/en\\\/#organization\"},\"potentialAction\":[{\"@type\":\"SearchAction\",\"target\":{\"@type\":\"EntryPoint\",\"urlTemplate\":\"https:\\\/\\\/www.comprarmejor.es\\\/en\\\/?s={search_term_string}\"},\"query-input\":{\"@type\":\"PropertyValueSpecification\",\"valueRequired\":true,\"valueName\":\"search_term_string\"}}],\"inLanguage\":\"en-US\"},{\"@type\":\"Organization\",\"@id\":\"https:\\\/\\\/www.comprarmejor.es\\\/en\\\/#organization\",\"name\":\"COMPRAR MEJOR\",\"url\":\"https:\\\/\\\/www.comprarmejor.es\\\/en\\\/\",\"logo\":{\"@type\":\"ImageObject\",\"inLanguage\":\"en-US\",\"@id\":\"https:\\\/\\\/www.comprarmejor.es\\\/en\\\/#\\\/schema\\\/logo\\\/image\\\/\",\"url\":\"https:\\\/\\\/www.comprarmejor.es\\\/wp-content\\\/uploads\\\/2025\\\/09\\\/comprarmejortrinidad.jpg\",\"contentUrl\":\"https:\\\/\\\/www.comprarmejor.es\\\/wp-content\\\/uploads\\\/2025\\\/09\\\/comprarmejortrinidad.jpg\",\"width\":1022,\"height\":1380,\"caption\":\"COMPRAR MEJOR\"},\"image\":{\"@id\":\"https:\\\/\\\/www.comprarmejor.es\\\/en\\\/#\\\/schema\\\/logo\\\/image\\\/\"},\"sameAs\":[\"https:\\\/\\\/www.instagram.com\\\/amigosdelcodice\"]}]}<\/script>\n<!-- \/ Yoast SEO plugin. -->","yoast_head_json":{"title":"Colombian documents in the General Archive of Simancas","description":"Colombian documents in the General Archive of Simancas, XV and XVI centuries. Commemorative edition of the V Centenary of the death of Christopher Columbus.","robots":{"index":"index","follow":"follow","max-snippet":"max-snippet:-1","max-image-preview":"max-image-preview:large","max-video-preview":"max-video-preview:-1"},"canonical":"https:\/\/www.comprarmejor.es\/en\/product\/colombian-documents-in-the-general-archive-of-simancas\/","og_locale":"en_US","og_type":"article","og_title":"Colombian documents in the General Archive of Simancas","og_description":"Colombian documents in the General Archive of Simancas, XV and XVI centuries. Commemorative edition of the V Centenary of the death of Christopher Columbus.","og_url":"https:\/\/www.comprarmejor.es\/en\/product\/colombian-documents-in-the-general-archive-of-simancas\/","og_site_name":"ComprarMejor","article_modified_time":"2020-05-07T15:12:45+00:00","og_image":[{"width":449,"height":599,"url":"https:\/\/www.comprarmejor.es\/wp-content\/uploads\/2016\/02\/p_6_5_9_6_6596-Documentos-colombinos-en-el-Archivo-General-de-Simancas.jpg","type":"image\/jpeg"}],"twitter_card":"summary_large_image","twitter_misc":{"Est. reading time":"1 minute"},"schema":{"@context":"https:\/\/schema.org","@graph":[{"@type":"WebPage","@id":"https:\/\/www.comprarmejor.es\/en\/product\/colombian-documents-in-the-general-archive-of-simancas\/","url":"https:\/\/www.comprarmejor.es\/en\/product\/colombian-documents-in-the-general-archive-of-simancas\/","name":"Colombian documents in the General Archive of Simancas","isPartOf":{"@id":"https:\/\/www.comprarmejor.es\/en\/#website"},"primaryImageOfPage":{"@id":"https:\/\/www.comprarmejor.es\/en\/product\/colombian-documents-in-the-general-archive-of-simancas\/#primaryimage"},"image":{"@id":"https:\/\/www.comprarmejor.es\/en\/product\/colombian-documents-in-the-general-archive-of-simancas\/#primaryimage"},"thumbnailUrl":"https:\/\/www.comprarmejor.es\/wp-content\/uploads\/2016\/02\/p_6_5_9_6_6596-Documentos-colombinos-en-el-Archivo-General-de-Simancas.jpg","datePublished":"2016-02-06T22:34:26+00:00","dateModified":"2020-05-07T15:12:45+00:00","description":"Colombian documents in the General Archive of Simancas, XV and XVI centuries. Commemorative edition of the V Centenary of the death of Christopher Columbus.","breadcrumb":{"@id":"https:\/\/www.comprarmejor.es\/en\/product\/colombian-documents-in-the-general-archive-of-simancas\/#breadcrumb"},"inLanguage":"en-US","potentialAction":[{"@type":"ReadAction","target":["https:\/\/www.comprarmejor.es\/en\/product\/colombian-documents-in-the-general-archive-of-simancas\/"]}]},{"@type":"ImageObject","inLanguage":"en-US","@id":"https:\/\/www.comprarmejor.es\/en\/product\/colombian-documents-in-the-general-archive-of-simancas\/#primaryimage","url":"https:\/\/www.comprarmejor.es\/wp-content\/uploads\/2016\/02\/p_6_5_9_6_6596-Documentos-colombinos-en-el-Archivo-General-de-Simancas.jpg","contentUrl":"https:\/\/www.comprarmejor.es\/wp-content\/uploads\/2016\/02\/p_6_5_9_6_6596-Documentos-colombinos-en-el-Archivo-General-de-Simancas.jpg","width":449,"height":599},{"@type":"BreadcrumbList","@id":"https:\/\/www.comprarmejor.es\/en\/product\/colombian-documents-in-the-general-archive-of-simancas\/#breadcrumb","itemListElement":[{"@type":"ListItem","position":1,"name":"Portada","item":"https:\/\/www.comprarmejor.es\/en\/"},{"@type":"ListItem","position":2,"name":"Shop","item":"https:\/\/www.comprarmejor.es\/en\/shop\/"},{"@type":"ListItem","position":3,"name":"Colombian documents in the General Archive of Simancas"}]},{"@type":"WebSite","@id":"https:\/\/www.comprarmejor.es\/en\/#website","url":"https:\/\/www.comprarmejor.es\/en\/","name":"ComprarMejor","description":"ComprarMejor","publisher":{"@id":"https:\/\/www.comprarmejor.es\/en\/#organization"},"potentialAction":[{"@type":"SearchAction","target":{"@type":"EntryPoint","urlTemplate":"https:\/\/www.comprarmejor.es\/en\/?s={search_term_string}"},"query-input":{"@type":"PropertyValueSpecification","valueRequired":true,"valueName":"search_term_string"}}],"inLanguage":"en-US"},{"@type":"Organization","@id":"https:\/\/www.comprarmejor.es\/en\/#organization","name":"COMPRAR MEJOR","url":"https:\/\/www.comprarmejor.es\/en\/","logo":{"@type":"ImageObject","inLanguage":"en-US","@id":"https:\/\/www.comprarmejor.es\/en\/#\/schema\/logo\/image\/","url":"https:\/\/www.comprarmejor.es\/wp-content\/uploads\/2025\/09\/comprarmejortrinidad.jpg","contentUrl":"https:\/\/www.comprarmejor.es\/wp-content\/uploads\/2025\/09\/comprarmejortrinidad.jpg","width":1022,"height":1380,"caption":"COMPRAR MEJOR"},"image":{"@id":"https:\/\/www.comprarmejor.es\/en\/#\/schema\/logo\/image\/"},"sameAs":["https:\/\/www.instagram.com\/amigosdelcodice"]}]}},"_links":{"self":[{"href":"https:\/\/www.comprarmejor.es\/en\/wp-json\/wp\/v2\/product\/52575","targetHints":{"allow":["GET"]}}],"collection":[{"href":"https:\/\/www.comprarmejor.es\/en\/wp-json\/wp\/v2\/product"}],"about":[{"href":"https:\/\/www.comprarmejor.es\/en\/wp-json\/wp\/v2\/types\/product"}],"wp:featuredmedia":[{"embeddable":true,"href":"https:\/\/www.comprarmejor.es\/en\/wp-json\/wp\/v2\/media\/52565"}],"wp:attachment":[{"href":"https:\/\/www.comprarmejor.es\/en\/wp-json\/wp\/v2\/media?parent=52575"}],"wp:term":[{"taxonomy":"product_brand","embeddable":true,"href":"https:\/\/www.comprarmejor.es\/en\/wp-json\/wp\/v2\/product_brand?post=52575"},{"taxonomy":"product_cat","embeddable":true,"href":"https:\/\/www.comprarmejor.es\/en\/wp-json\/wp\/v2\/product_cat?post=52575"},{"taxonomy":"product_tag","embeddable":true,"href":"https:\/\/www.comprarmejor.es\/en\/wp-json\/wp\/v2\/product_tag?post=52575"}],"curies":[{"name":"wp","href":"https:\/\/api.w.org\/{rel}","templated":true}]}}