{"id":52609,"date":"2016-02-07T12:42:03","date_gmt":"2016-02-07T11:42:03","guid":{"rendered":"https:\/\/www.comprarmejor.es\/producto\/don-quijote-of-la-mancha-the-alba-would-be-cervantes-and-dore\/"},"modified":"2022-08-23T11:32:50","modified_gmt":"2022-08-23T09:32:50","slug":"don-quijote-of-la-mancha-the-alba-would-be-cervantes-and-dore","status":"publish","type":"product","link":"https:\/\/www.comprarmejor.es\/en\/product\/don-quijote-of-la-mancha-the-alba-would-be-cervantes-and-dore\/","title":{"rendered":"2005 Don Quijote of La Mancha. The Alba would be. Cervantes and Dor\u00e9"},"content":{"rendered":"<p style=\"text-align: justify;\"><span lang=\"en\" xml:lang=\"en\"><span id=\"result_box\" lang=\"en\" xml:lang=\"en\"><span title=\"Miguel de Cervantes: Don Quijote de La Mancha, la del Alba ser\u00eda.\">Miguel de Cervantes: Don Quixote of La Mancha, the Alba would be. <\/span><span title=\"Ilustraciones de Gustave Dor\u00e9.\">Illustrations by Gustave Dor\u00e9. <\/span><span title=\"Edici\u00f3n al cuidado de J. Leyva.\">Editing to the care of J. Leyva. <\/span><span title=\"Ejemplar de la primera edici\u00f3n, abril 2005. Laminario conmemorativo 1605-2005.\">Copy of the first edition, April 2005. Commemorative laminaria 1605-2005.<\/span><\/span><\/span><\/p>\n<p style=\"text-align: justify;\"><span title=\"Gustave Dor\u00e9 realiz\u00f3 380 dibujos, 120 de ellos en gran formato, para ilustrar la universal obra de Miguel de Cervantes, Don Quijote de La Mancha.\">Gustave Dor\u00e9 made 380 drawings, 120 of them in large format, to illustrate the universal work of Miguel de Cervantes, Don Quixote de La Mancha. <\/span><span title=\"Es raro encontrar una edici\u00f3n ilustrada por Dor\u00e9 que contenga todos sus dibujos.\">It is rare to find an edition illustrated by Dor\u00e9 containing all his drawings.<\/span><\/p>\n<p style=\"text-align: justify;\"><span title=\"Esta edici\u00f3n es un homenaje tanto a la obra de Cervantes como a la de Gustavo Dor\u00e9.\">T<\/span><span title=\"No sabemos si se trat\u00f3 de un error o cu\u00e1l fue el motivo, pero en el libro se indica que son 80 las ilustraciones.\"><span lang=\"en\" xml:lang=\"en\"><span title=\"Esta edici\u00f3n es un homenaje tanto a la obra de Cervantes como a la de Gustavo Dor\u00e9.\">his edition is a tribute to both the work of Cervantes and Gustavo Dor\u00e9. <\/span><span title=\"Se trata de una recopilaci\u00f3n de 74 de sus mejores grabados, acompa\u00f1ados por un breve texto (en espa\u00f1ol) en el que se hace menci\u00f3n al motivo ilustrado.\">This is a compilation of 74 of his best engravings, accompanied by a short text (in Spanish) in which mention is made of the illustrated motif. <\/span><span title=\"No sabemos si se trat\u00f3 de un error o cu\u00e1l fue el motivo, pero en el libro se indica que son 80 las ilustraciones.\">We do not know if it was an error or what was the reason, but the book indicates that there are 80 illustrations<\/span><\/span>.<\/span><\/p>\n<p style=\"text-align: justify;\"><span title=\"Miguel de Unamuno, en su obra \u201cEl caballero de la Triste Figura\u201d dice: \u201cTarea es la de pintar a don Quijote harto m\u00e1s dif\u00edcil que la de hinchar un perro, y empresa de las m\u00e1s dignas de pintor alguno.\">Miguel de Unamuno, in his work &#8220;The Knight of the Sad Figure&#8221; says: &#8220;It is the task of painting Don Quixote much more difficult than that of swelling a dog, and a company of the most worthy of any painter. <\/span><span title=\"No se trata de \u201cilustrar\u201d la obra imperecedera de Cervantes, sino de vestir de carne visible y concreta un esp\u00edritu individual y vivo, no mera idea abstracta.\u201d\">It is not a matter of &#8220;illustrating&#8221; Cervantes&#8217;s imperishable work, but of dressing visible and concrete flesh an individual and living spirit, not mere abstract idea. &#8220;<\/span><\/p>\n<p style=\"text-align: justify;\"><span title=\"Edici\u00f3n en r\u00fastica en gran formato 24,7 x 33,4 cm.\">Paperback in large format 24.7 x 33.4 cm. <\/span><span title=\"160 p\u00e1ginas.\">160 pages.<\/span><\/p>\n<p style=\"text-align: justify;\">Shipping costs for the account of the buyer, according to order and destination. <span title=\"Cons\u00faltenos cualquier duda, as\u00ed como por cualquier otro facs\u00edmile o art\u00edculo que est\u00e9 buscando.\"><a class=\"btn btn-default\" href=\"https:\/\/www.comprarmejor.es\/en\/contact\">Ask us<\/a> <span lang=\"en\" xml:lang=\"en\">without obligation (indicating the reference of the article) any doubt.<\/span><br \/>\n<\/span><\/p>\n","protected":false},"excerpt":{"rendered":"<p style=\"text-align: justify;\"><span id=\"result_box\" lang=\"en\" xml:lang=\"en\"><span lang=\"en\" xml:lang=\"en\"><span title=\"Miguel de Cervantes: Don Quijote de La Mancha, la del Alba ser\u00eda.\">Miguel de Cervantes: Don Quixote of La Mancha, the Alba would be. <\/span><span title=\"Ilustraciones de Gustave Dor\u00e9.\">Illustrations by Gustave Dor\u00e9. <\/span><span title=\"Edici\u00f3n al cuidado de J. Leyva.\">Editing to the care of J. Leyva. <\/span><span title=\"Ejemplar de la primera edici\u00f3n, abril 2005. Laminario conmemorativo 1605-2005.\">Copy of the first edition, April 2005. Commemorative laminaria 1605-2005.<\/span><\/span><\/span><\/p>\n","protected":false},"featured_media":52603,"template":"","meta":[],"product_brand":[],"product_cat":[2242,2228],"product_tag":[4041,5129],"class_list":{"0":"post-52609","1":"product","2":"type-product","3":"status-publish","4":"has-post-thumbnail","6":"product_cat-first-editions","7":"product_cat-quijotes-en","8":"product_tag-cervantes-en","9":"product_tag-quixote-en","10":"product_shipping_class-from-2-to-5-kg","11":"description-off","13":"first","14":"instock","15":"taxable","16":"shipping-taxable","17":"purchasable","18":"product-type-simple"},"yoast_head":"<!-- This site is optimized with the Yoast SEO plugin v27.3 - https:\/\/yoast.com\/product\/yoast-seo-wordpress\/ -->\n<title>Don Quijote of La Mancha. The Alba would be. Cervantes and Dor\u00e9<\/title>\n<meta name=\"description\" content=\"Miguel de Cervantes: Don Quixote of La Mancha, the Alba would be. Illustrations by Gustave Dor\u00e9. Editing to the care of J. Leyva.\" \/>\n<meta name=\"robots\" content=\"index, follow, max-snippet:-1, max-image-preview:large, max-video-preview:-1\" \/>\n<link rel=\"canonical\" href=\"https:\/\/www.comprarmejor.es\/en\/product\/don-quijote-of-la-mancha-the-alba-would-be-cervantes-and-dore\/\" \/>\n<meta property=\"og:locale\" content=\"en_US\" \/>\n<meta property=\"og:type\" content=\"article\" \/>\n<meta property=\"og:title\" content=\"Don Quijote of La Mancha. The Alba would be. Cervantes and Dor\u00e9\" \/>\n<meta property=\"og:description\" content=\"Miguel de Cervantes: Don Quixote of La Mancha, the Alba would be. Illustrations by Gustave Dor\u00e9. Editing to the care of J. Leyva.\" \/>\n<meta property=\"og:url\" content=\"https:\/\/www.comprarmejor.es\/en\/product\/don-quijote-of-la-mancha-the-alba-would-be-cervantes-and-dore\/\" \/>\n<meta property=\"og:site_name\" content=\"ComprarMejor\" \/>\n<meta property=\"article:modified_time\" content=\"2022-08-23T09:32:50+00:00\" \/>\n<meta property=\"og:image\" content=\"https:\/\/www.comprarmejor.es\/wp-content\/uploads\/2016\/02\/p_7_0_3_9_7039-Don-Quijote-de-La-Mancha.-La-del-Alba-seria.-Cervantes-y-Dore.jpg\" \/>\n\t<meta property=\"og:image:width\" content=\"507\" \/>\n\t<meta property=\"og:image:height\" content=\"600\" \/>\n\t<meta property=\"og:image:type\" content=\"image\/jpeg\" \/>\n<meta name=\"twitter:card\" content=\"summary_large_image\" \/>\n<meta name=\"twitter:label1\" content=\"Est. reading time\" \/>\n\t<meta name=\"twitter:data1\" content=\"1 minute\" \/>\n<script type=\"application\/ld+json\" class=\"yoast-schema-graph\">{\"@context\":\"https:\\\/\\\/schema.org\",\"@graph\":[{\"@type\":\"WebPage\",\"@id\":\"https:\\\/\\\/www.comprarmejor.es\\\/en\\\/product\\\/don-quijote-of-la-mancha-the-alba-would-be-cervantes-and-dore\\\/\",\"url\":\"https:\\\/\\\/www.comprarmejor.es\\\/en\\\/product\\\/don-quijote-of-la-mancha-the-alba-would-be-cervantes-and-dore\\\/\",\"name\":\"Don Quijote of La Mancha. The Alba would be. Cervantes and Dor\u00e9\",\"isPartOf\":{\"@id\":\"https:\\\/\\\/www.comprarmejor.es\\\/en\\\/#website\"},\"primaryImageOfPage\":{\"@id\":\"https:\\\/\\\/www.comprarmejor.es\\\/en\\\/product\\\/don-quijote-of-la-mancha-the-alba-would-be-cervantes-and-dore\\\/#primaryimage\"},\"image\":{\"@id\":\"https:\\\/\\\/www.comprarmejor.es\\\/en\\\/product\\\/don-quijote-of-la-mancha-the-alba-would-be-cervantes-and-dore\\\/#primaryimage\"},\"thumbnailUrl\":\"https:\\\/\\\/www.comprarmejor.es\\\/wp-content\\\/uploads\\\/2016\\\/02\\\/p_7_0_3_9_7039-Don-Quijote-de-La-Mancha.-La-del-Alba-seria.-Cervantes-y-Dore.jpg\",\"datePublished\":\"2016-02-07T11:42:03+00:00\",\"dateModified\":\"2022-08-23T09:32:50+00:00\",\"description\":\"Miguel de Cervantes: Don Quixote of La Mancha, the Alba would be. Illustrations by Gustave Dor\u00e9. Editing to the care of J. Leyva.\",\"breadcrumb\":{\"@id\":\"https:\\\/\\\/www.comprarmejor.es\\\/en\\\/product\\\/don-quijote-of-la-mancha-the-alba-would-be-cervantes-and-dore\\\/#breadcrumb\"},\"inLanguage\":\"en-US\",\"potentialAction\":[{\"@type\":\"ReadAction\",\"target\":[\"https:\\\/\\\/www.comprarmejor.es\\\/en\\\/product\\\/don-quijote-of-la-mancha-the-alba-would-be-cervantes-and-dore\\\/\"]}]},{\"@type\":\"ImageObject\",\"inLanguage\":\"en-US\",\"@id\":\"https:\\\/\\\/www.comprarmejor.es\\\/en\\\/product\\\/don-quijote-of-la-mancha-the-alba-would-be-cervantes-and-dore\\\/#primaryimage\",\"url\":\"https:\\\/\\\/www.comprarmejor.es\\\/wp-content\\\/uploads\\\/2016\\\/02\\\/p_7_0_3_9_7039-Don-Quijote-de-La-Mancha.-La-del-Alba-seria.-Cervantes-y-Dore.jpg\",\"contentUrl\":\"https:\\\/\\\/www.comprarmejor.es\\\/wp-content\\\/uploads\\\/2016\\\/02\\\/p_7_0_3_9_7039-Don-Quijote-de-La-Mancha.-La-del-Alba-seria.-Cervantes-y-Dore.jpg\",\"width\":507,\"height\":600},{\"@type\":\"BreadcrumbList\",\"@id\":\"https:\\\/\\\/www.comprarmejor.es\\\/en\\\/product\\\/don-quijote-of-la-mancha-the-alba-would-be-cervantes-and-dore\\\/#breadcrumb\",\"itemListElement\":[{\"@type\":\"ListItem\",\"position\":1,\"name\":\"Portada\",\"item\":\"https:\\\/\\\/www.comprarmejor.es\\\/en\\\/\"},{\"@type\":\"ListItem\",\"position\":2,\"name\":\"Shop\",\"item\":\"https:\\\/\\\/www.comprarmejor.es\\\/en\\\/shop\\\/\"},{\"@type\":\"ListItem\",\"position\":3,\"name\":\"2005 Don Quijote of La Mancha. The Alba would be. Cervantes and Dor\u00e9\"}]},{\"@type\":\"WebSite\",\"@id\":\"https:\\\/\\\/www.comprarmejor.es\\\/en\\\/#website\",\"url\":\"https:\\\/\\\/www.comprarmejor.es\\\/en\\\/\",\"name\":\"ComprarMejor\",\"description\":\"ComprarMejor\",\"publisher\":{\"@id\":\"https:\\\/\\\/www.comprarmejor.es\\\/en\\\/#organization\"},\"potentialAction\":[{\"@type\":\"SearchAction\",\"target\":{\"@type\":\"EntryPoint\",\"urlTemplate\":\"https:\\\/\\\/www.comprarmejor.es\\\/en\\\/?s={search_term_string}\"},\"query-input\":{\"@type\":\"PropertyValueSpecification\",\"valueRequired\":true,\"valueName\":\"search_term_string\"}}],\"inLanguage\":\"en-US\"},{\"@type\":\"Organization\",\"@id\":\"https:\\\/\\\/www.comprarmejor.es\\\/en\\\/#organization\",\"name\":\"COMPRAR MEJOR\",\"url\":\"https:\\\/\\\/www.comprarmejor.es\\\/en\\\/\",\"logo\":{\"@type\":\"ImageObject\",\"inLanguage\":\"en-US\",\"@id\":\"https:\\\/\\\/www.comprarmejor.es\\\/en\\\/#\\\/schema\\\/logo\\\/image\\\/\",\"url\":\"https:\\\/\\\/www.comprarmejor.es\\\/wp-content\\\/uploads\\\/2025\\\/09\\\/comprarmejortrinidad.jpg\",\"contentUrl\":\"https:\\\/\\\/www.comprarmejor.es\\\/wp-content\\\/uploads\\\/2025\\\/09\\\/comprarmejortrinidad.jpg\",\"width\":1022,\"height\":1380,\"caption\":\"COMPRAR MEJOR\"},\"image\":{\"@id\":\"https:\\\/\\\/www.comprarmejor.es\\\/en\\\/#\\\/schema\\\/logo\\\/image\\\/\"},\"sameAs\":[\"https:\\\/\\\/www.instagram.com\\\/amigosdelcodice\"]}]}<\/script>\n<!-- \/ Yoast SEO plugin. -->","yoast_head_json":{"title":"Don Quijote of La Mancha. The Alba would be. Cervantes and Dor\u00e9","description":"Miguel de Cervantes: Don Quixote of La Mancha, the Alba would be. Illustrations by Gustave Dor\u00e9. Editing to the care of J. Leyva.","robots":{"index":"index","follow":"follow","max-snippet":"max-snippet:-1","max-image-preview":"max-image-preview:large","max-video-preview":"max-video-preview:-1"},"canonical":"https:\/\/www.comprarmejor.es\/en\/product\/don-quijote-of-la-mancha-the-alba-would-be-cervantes-and-dore\/","og_locale":"en_US","og_type":"article","og_title":"Don Quijote of La Mancha. The Alba would be. Cervantes and Dor\u00e9","og_description":"Miguel de Cervantes: Don Quixote of La Mancha, the Alba would be. Illustrations by Gustave Dor\u00e9. Editing to the care of J. Leyva.","og_url":"https:\/\/www.comprarmejor.es\/en\/product\/don-quijote-of-la-mancha-the-alba-would-be-cervantes-and-dore\/","og_site_name":"ComprarMejor","article_modified_time":"2022-08-23T09:32:50+00:00","og_image":[{"width":507,"height":600,"url":"https:\/\/www.comprarmejor.es\/wp-content\/uploads\/2016\/02\/p_7_0_3_9_7039-Don-Quijote-de-La-Mancha.-La-del-Alba-seria.-Cervantes-y-Dore.jpg","type":"image\/jpeg"}],"twitter_card":"summary_large_image","twitter_misc":{"Est. reading time":"1 minute"},"schema":{"@context":"https:\/\/schema.org","@graph":[{"@type":"WebPage","@id":"https:\/\/www.comprarmejor.es\/en\/product\/don-quijote-of-la-mancha-the-alba-would-be-cervantes-and-dore\/","url":"https:\/\/www.comprarmejor.es\/en\/product\/don-quijote-of-la-mancha-the-alba-would-be-cervantes-and-dore\/","name":"Don Quijote of La Mancha. The Alba would be. Cervantes and Dor\u00e9","isPartOf":{"@id":"https:\/\/www.comprarmejor.es\/en\/#website"},"primaryImageOfPage":{"@id":"https:\/\/www.comprarmejor.es\/en\/product\/don-quijote-of-la-mancha-the-alba-would-be-cervantes-and-dore\/#primaryimage"},"image":{"@id":"https:\/\/www.comprarmejor.es\/en\/product\/don-quijote-of-la-mancha-the-alba-would-be-cervantes-and-dore\/#primaryimage"},"thumbnailUrl":"https:\/\/www.comprarmejor.es\/wp-content\/uploads\/2016\/02\/p_7_0_3_9_7039-Don-Quijote-de-La-Mancha.-La-del-Alba-seria.-Cervantes-y-Dore.jpg","datePublished":"2016-02-07T11:42:03+00:00","dateModified":"2022-08-23T09:32:50+00:00","description":"Miguel de Cervantes: Don Quixote of La Mancha, the Alba would be. Illustrations by Gustave Dor\u00e9. Editing to the care of J. Leyva.","breadcrumb":{"@id":"https:\/\/www.comprarmejor.es\/en\/product\/don-quijote-of-la-mancha-the-alba-would-be-cervantes-and-dore\/#breadcrumb"},"inLanguage":"en-US","potentialAction":[{"@type":"ReadAction","target":["https:\/\/www.comprarmejor.es\/en\/product\/don-quijote-of-la-mancha-the-alba-would-be-cervantes-and-dore\/"]}]},{"@type":"ImageObject","inLanguage":"en-US","@id":"https:\/\/www.comprarmejor.es\/en\/product\/don-quijote-of-la-mancha-the-alba-would-be-cervantes-and-dore\/#primaryimage","url":"https:\/\/www.comprarmejor.es\/wp-content\/uploads\/2016\/02\/p_7_0_3_9_7039-Don-Quijote-de-La-Mancha.-La-del-Alba-seria.-Cervantes-y-Dore.jpg","contentUrl":"https:\/\/www.comprarmejor.es\/wp-content\/uploads\/2016\/02\/p_7_0_3_9_7039-Don-Quijote-de-La-Mancha.-La-del-Alba-seria.-Cervantes-y-Dore.jpg","width":507,"height":600},{"@type":"BreadcrumbList","@id":"https:\/\/www.comprarmejor.es\/en\/product\/don-quijote-of-la-mancha-the-alba-would-be-cervantes-and-dore\/#breadcrumb","itemListElement":[{"@type":"ListItem","position":1,"name":"Portada","item":"https:\/\/www.comprarmejor.es\/en\/"},{"@type":"ListItem","position":2,"name":"Shop","item":"https:\/\/www.comprarmejor.es\/en\/shop\/"},{"@type":"ListItem","position":3,"name":"2005 Don Quijote of La Mancha. The Alba would be. Cervantes and Dor\u00e9"}]},{"@type":"WebSite","@id":"https:\/\/www.comprarmejor.es\/en\/#website","url":"https:\/\/www.comprarmejor.es\/en\/","name":"ComprarMejor","description":"ComprarMejor","publisher":{"@id":"https:\/\/www.comprarmejor.es\/en\/#organization"},"potentialAction":[{"@type":"SearchAction","target":{"@type":"EntryPoint","urlTemplate":"https:\/\/www.comprarmejor.es\/en\/?s={search_term_string}"},"query-input":{"@type":"PropertyValueSpecification","valueRequired":true,"valueName":"search_term_string"}}],"inLanguage":"en-US"},{"@type":"Organization","@id":"https:\/\/www.comprarmejor.es\/en\/#organization","name":"COMPRAR MEJOR","url":"https:\/\/www.comprarmejor.es\/en\/","logo":{"@type":"ImageObject","inLanguage":"en-US","@id":"https:\/\/www.comprarmejor.es\/en\/#\/schema\/logo\/image\/","url":"https:\/\/www.comprarmejor.es\/wp-content\/uploads\/2025\/09\/comprarmejortrinidad.jpg","contentUrl":"https:\/\/www.comprarmejor.es\/wp-content\/uploads\/2025\/09\/comprarmejortrinidad.jpg","width":1022,"height":1380,"caption":"COMPRAR MEJOR"},"image":{"@id":"https:\/\/www.comprarmejor.es\/en\/#\/schema\/logo\/image\/"},"sameAs":["https:\/\/www.instagram.com\/amigosdelcodice"]}]}},"_links":{"self":[{"href":"https:\/\/www.comprarmejor.es\/en\/wp-json\/wp\/v2\/product\/52609","targetHints":{"allow":["GET"]}}],"collection":[{"href":"https:\/\/www.comprarmejor.es\/en\/wp-json\/wp\/v2\/product"}],"about":[{"href":"https:\/\/www.comprarmejor.es\/en\/wp-json\/wp\/v2\/types\/product"}],"wp:featuredmedia":[{"embeddable":true,"href":"https:\/\/www.comprarmejor.es\/en\/wp-json\/wp\/v2\/media\/52603"}],"wp:attachment":[{"href":"https:\/\/www.comprarmejor.es\/en\/wp-json\/wp\/v2\/media?parent=52609"}],"wp:term":[{"taxonomy":"product_brand","embeddable":true,"href":"https:\/\/www.comprarmejor.es\/en\/wp-json\/wp\/v2\/product_brand?post=52609"},{"taxonomy":"product_cat","embeddable":true,"href":"https:\/\/www.comprarmejor.es\/en\/wp-json\/wp\/v2\/product_cat?post=52609"},{"taxonomy":"product_tag","embeddable":true,"href":"https:\/\/www.comprarmejor.es\/en\/wp-json\/wp\/v2\/product_tag?post=52609"}],"curies":[{"name":"wp","href":"https:\/\/api.w.org\/{rel}","templated":true}]}}