{"id":52715,"date":"2016-02-08T19:06:43","date_gmt":"2016-02-08T18:06:43","guid":{"rendered":"https:\/\/www.comprarmejor.es\/producto\/1494-of-the-illustrious-women-romance-boccaccio\/"},"modified":"2019-09-11T11:05:52","modified_gmt":"2019-09-11T09:05:52","slug":"1494-of-the-illustrious-women-romance-boccaccio","status":"publish","type":"product","link":"https:\/\/www.comprarmejor.es\/en\/product\/1494-of-the-illustrious-women-romance-boccaccio\/","title":{"rendered":"1494 Of the illustrious women romance, Boccaccio"},"content":{"rendered":"<p style=\"text-align:justify;\"><span id=\"result_box\" lang=\"en\" xml:lang=\"en\"><span title=\"Facs\u00edmile del incunable editado en 1494 en Zaragoza bajo el t\u00edtulo de &quot;De las claras, excelentes y m\u00e1s famosas Damas&quot;, de la obra de Giovanni Boccaccio, De las mujeres ilustres en romance (De claris mulieribus), cuyo original se conserva en la Biblioteca\">Facsimile of incunabula published in 1494 in Zaragoza under the title of &#8220;the clear, excellent and famous Damas&#8221;, the work of Giovanni Boccaccio, of the illustrious women in romance (Claris mulieribus), whose original is kept in the Library <\/span><span title=\"Nacional de Espa\u00f1a.\">Nacional of Spain. <\/span><span title=\"Textos en espa\u00f1ol medieval.\">Spanish medieval texts.<\/p>\n<p><\/span><span title=\"Encuadernado en pergamino con estuche de pl\u00e1stico negro con el anagrama del editor en dorado.\">Bound in parchment with black plastic case with the logo of the editor in gold. <\/span><span title=\"Libro en perfecto estado, estuche con se\u00f1ales de uso sin mucha importancia.\">Book in perfect condition, box with wear and tear without much importance.<\/p>\n<p><\/span><span title=\"Formato libro 20,5 x 29,3 cm., 220 p\u00e1ginas.\">Book format 20.5 x 29.3 cm., 220 pages. <\/span><span title=\"Formato estuche 21,5 x 29,5 cm.\">Case format 21.5 x 29.5 cm.<\/p>\n<p><\/span><span title=\"Espl\u00e9ndida edici\u00f3n limitada y numerada de Vicent Garc\u00eda realizada en 1994, firmada por el editor y por notario.\">Superb limited and numbered edition of Vicent Garcia conducted in 1994, signed by the editor and notary.<\/p>\n<p><\/span><span title=\"Gastos de env\u00edo por cuenta del comprador, seg\u00fan pedido y destino.\">Shipping by the buyer, upon request and destination.\u00a0<\/span><span title=\"Cons\u00faltenos cualquier duda, as\u00ed como por cualquier otro facs\u00edmile o art\u00edculo que est\u00e9 buscando.\"><a class=\"btn btn-default\" href=\"http:\/\/comprarmejor.es\/en\/contact\">Ask us<\/a> any questions and by facsimile or any other item he seeks.<\/span><\/span><\/p>\n","protected":false},"excerpt":{"rendered":"<p style=\"text-align:justify;\"><span id=\"result_box\" lang=\"en\" xml:lang=\"en\"><span title=\"Facs\u00edmile del incunable editado en 1494 en Zaragoza bajo el t\u00edtulo de &quot;De las claras, excelentes y m\u00e1s famosas Damas&quot;, de la obra de Giovanni Boccaccio, De las mujeres ilustres en romance (De claris mulieribus), cuyo original se conserva en la Biblioteca\">Facsimile of incunabula published in 1494 in Zaragoza under the title of &#8220;the clear, excellent and famous Damas&#8221;, the work of Giovanni Boccaccio, of the illustrious women in romance (Claris mulieribus), whose original is kept in the Library <\/span><span title=\"Nacional de Espa\u00f1a.\">Nacional of Spain. <\/span><span title=\"Textos en espa\u00f1ol medieval.\">Spanish medieval texts.<\/span><\/span><\/p>\n","protected":false},"featured_media":52705,"template":"","meta":[],"product_brand":[],"product_cat":[2244,2220],"product_tag":[4104,4247,4286],"class_list":{"0":"post-52715","1":"product","2":"type-product","3":"status-publish","4":"has-post-thumbnail","6":"product_cat-incunables-en","7":"product_cat-special-offers","8":"product_tag-bne-en","9":"product_tag-boccaccio-en","10":"product_tag-incunable-en-2","11":"product_shipping_class-from-0-to-1-kg","12":"description-off","14":"first","15":"instock","16":"sale","17":"taxable","18":"shipping-taxable","19":"purchasable","20":"product-type-simple"},"yoast_head":"<!-- This site is optimized with the Yoast SEO plugin v27.3 - https:\/\/yoast.com\/product\/yoast-seo-wordpress\/ -->\n<title>Of the illustrious women romance, Boccaccio, 1494<\/title>\n<meta name=\"description\" content=\"Facsimile of incunabula of 1494 &quot;the clear, excellent and famous Damas&quot;, the work of Giovanni Boccaccio, of the illustrious women in romance (Claris mulieribus)\" \/>\n<meta name=\"robots\" content=\"index, follow, max-snippet:-1, max-image-preview:large, max-video-preview:-1\" \/>\n<link rel=\"canonical\" href=\"https:\/\/www.comprarmejor.es\/en\/product\/1494-of-the-illustrious-women-romance-boccaccio\/\" \/>\n<meta property=\"og:locale\" content=\"en_US\" \/>\n<meta property=\"og:type\" content=\"article\" \/>\n<meta property=\"og:title\" content=\"Of the illustrious women romance, Boccaccio, 1494\" \/>\n<meta property=\"og:description\" content=\"Facsimile of incunabula of 1494 &quot;the clear, excellent and famous Damas&quot;, the work of Giovanni Boccaccio, of the illustrious women in romance (Claris mulieribus)\" \/>\n<meta property=\"og:url\" content=\"https:\/\/www.comprarmejor.es\/en\/product\/1494-of-the-illustrious-women-romance-boccaccio\/\" \/>\n<meta property=\"og:site_name\" content=\"ComprarMejor\" \/>\n<meta property=\"article:modified_time\" content=\"2019-09-11T09:05:52+00:00\" \/>\n<meta property=\"og:image\" content=\"https:\/\/www.comprarmejor.es\/wp-content\/uploads\/2016\/02\/p_6_4_6_2_6462-1494-De-las-mujeres-ilustres-en-romance-Boccaccio.jpg\" \/>\n\t<meta property=\"og:image:width\" content=\"600\" \/>\n\t<meta property=\"og:image:height\" content=\"451\" \/>\n\t<meta property=\"og:image:type\" content=\"image\/jpeg\" \/>\n<meta name=\"twitter:card\" content=\"summary_large_image\" \/>\n<meta name=\"twitter:label1\" content=\"Est. reading time\" \/>\n\t<meta name=\"twitter:data1\" content=\"1 minute\" \/>\n<script type=\"application\/ld+json\" class=\"yoast-schema-graph\">{\"@context\":\"https:\\\/\\\/schema.org\",\"@graph\":[{\"@type\":\"WebPage\",\"@id\":\"https:\\\/\\\/www.comprarmejor.es\\\/en\\\/product\\\/1494-of-the-illustrious-women-romance-boccaccio\\\/\",\"url\":\"https:\\\/\\\/www.comprarmejor.es\\\/en\\\/product\\\/1494-of-the-illustrious-women-romance-boccaccio\\\/\",\"name\":\"Of the illustrious women romance, Boccaccio, 1494\",\"isPartOf\":{\"@id\":\"https:\\\/\\\/www.comprarmejor.es\\\/en\\\/#website\"},\"primaryImageOfPage\":{\"@id\":\"https:\\\/\\\/www.comprarmejor.es\\\/en\\\/product\\\/1494-of-the-illustrious-women-romance-boccaccio\\\/#primaryimage\"},\"image\":{\"@id\":\"https:\\\/\\\/www.comprarmejor.es\\\/en\\\/product\\\/1494-of-the-illustrious-women-romance-boccaccio\\\/#primaryimage\"},\"thumbnailUrl\":\"https:\\\/\\\/www.comprarmejor.es\\\/wp-content\\\/uploads\\\/2016\\\/02\\\/p_6_4_6_2_6462-1494-De-las-mujeres-ilustres-en-romance-Boccaccio.jpg\",\"datePublished\":\"2016-02-08T18:06:43+00:00\",\"dateModified\":\"2019-09-11T09:05:52+00:00\",\"description\":\"Facsimile of incunabula of 1494 \\\"the clear, excellent and famous Damas\\\", the work of Giovanni Boccaccio, of the illustrious women in romance (Claris mulieribus)\",\"breadcrumb\":{\"@id\":\"https:\\\/\\\/www.comprarmejor.es\\\/en\\\/product\\\/1494-of-the-illustrious-women-romance-boccaccio\\\/#breadcrumb\"},\"inLanguage\":\"en-US\",\"potentialAction\":[{\"@type\":\"ReadAction\",\"target\":[\"https:\\\/\\\/www.comprarmejor.es\\\/en\\\/product\\\/1494-of-the-illustrious-women-romance-boccaccio\\\/\"]}]},{\"@type\":\"ImageObject\",\"inLanguage\":\"en-US\",\"@id\":\"https:\\\/\\\/www.comprarmejor.es\\\/en\\\/product\\\/1494-of-the-illustrious-women-romance-boccaccio\\\/#primaryimage\",\"url\":\"https:\\\/\\\/www.comprarmejor.es\\\/wp-content\\\/uploads\\\/2016\\\/02\\\/p_6_4_6_2_6462-1494-De-las-mujeres-ilustres-en-romance-Boccaccio.jpg\",\"contentUrl\":\"https:\\\/\\\/www.comprarmejor.es\\\/wp-content\\\/uploads\\\/2016\\\/02\\\/p_6_4_6_2_6462-1494-De-las-mujeres-ilustres-en-romance-Boccaccio.jpg\",\"width\":600,\"height\":451},{\"@type\":\"BreadcrumbList\",\"@id\":\"https:\\\/\\\/www.comprarmejor.es\\\/en\\\/product\\\/1494-of-the-illustrious-women-romance-boccaccio\\\/#breadcrumb\",\"itemListElement\":[{\"@type\":\"ListItem\",\"position\":1,\"name\":\"Portada\",\"item\":\"https:\\\/\\\/www.comprarmejor.es\\\/en\\\/\"},{\"@type\":\"ListItem\",\"position\":2,\"name\":\"Shop\",\"item\":\"https:\\\/\\\/www.comprarmejor.es\\\/en\\\/shop\\\/\"},{\"@type\":\"ListItem\",\"position\":3,\"name\":\"1494 Of the illustrious women romance, Boccaccio\"}]},{\"@type\":\"WebSite\",\"@id\":\"https:\\\/\\\/www.comprarmejor.es\\\/en\\\/#website\",\"url\":\"https:\\\/\\\/www.comprarmejor.es\\\/en\\\/\",\"name\":\"ComprarMejor\",\"description\":\"ComprarMejor\",\"publisher\":{\"@id\":\"https:\\\/\\\/www.comprarmejor.es\\\/en\\\/#organization\"},\"potentialAction\":[{\"@type\":\"SearchAction\",\"target\":{\"@type\":\"EntryPoint\",\"urlTemplate\":\"https:\\\/\\\/www.comprarmejor.es\\\/en\\\/?s={search_term_string}\"},\"query-input\":{\"@type\":\"PropertyValueSpecification\",\"valueRequired\":true,\"valueName\":\"search_term_string\"}}],\"inLanguage\":\"en-US\"},{\"@type\":\"Organization\",\"@id\":\"https:\\\/\\\/www.comprarmejor.es\\\/en\\\/#organization\",\"name\":\"COMPRAR MEJOR\",\"url\":\"https:\\\/\\\/www.comprarmejor.es\\\/en\\\/\",\"logo\":{\"@type\":\"ImageObject\",\"inLanguage\":\"en-US\",\"@id\":\"https:\\\/\\\/www.comprarmejor.es\\\/en\\\/#\\\/schema\\\/logo\\\/image\\\/\",\"url\":\"https:\\\/\\\/www.comprarmejor.es\\\/wp-content\\\/uploads\\\/2025\\\/09\\\/comprarmejortrinidad.jpg\",\"contentUrl\":\"https:\\\/\\\/www.comprarmejor.es\\\/wp-content\\\/uploads\\\/2025\\\/09\\\/comprarmejortrinidad.jpg\",\"width\":1022,\"height\":1380,\"caption\":\"COMPRAR MEJOR\"},\"image\":{\"@id\":\"https:\\\/\\\/www.comprarmejor.es\\\/en\\\/#\\\/schema\\\/logo\\\/image\\\/\"},\"sameAs\":[\"https:\\\/\\\/www.instagram.com\\\/amigosdelcodice\"]}]}<\/script>\n<!-- \/ Yoast SEO plugin. -->","yoast_head_json":{"title":"Of the illustrious women romance, Boccaccio, 1494","description":"Facsimile of incunabula of 1494 \"the clear, excellent and famous Damas\", the work of Giovanni Boccaccio, of the illustrious women in romance (Claris mulieribus)","robots":{"index":"index","follow":"follow","max-snippet":"max-snippet:-1","max-image-preview":"max-image-preview:large","max-video-preview":"max-video-preview:-1"},"canonical":"https:\/\/www.comprarmejor.es\/en\/product\/1494-of-the-illustrious-women-romance-boccaccio\/","og_locale":"en_US","og_type":"article","og_title":"Of the illustrious women romance, Boccaccio, 1494","og_description":"Facsimile of incunabula of 1494 \"the clear, excellent and famous Damas\", the work of Giovanni Boccaccio, of the illustrious women in romance (Claris mulieribus)","og_url":"https:\/\/www.comprarmejor.es\/en\/product\/1494-of-the-illustrious-women-romance-boccaccio\/","og_site_name":"ComprarMejor","article_modified_time":"2019-09-11T09:05:52+00:00","og_image":[{"width":600,"height":451,"url":"https:\/\/www.comprarmejor.es\/wp-content\/uploads\/2016\/02\/p_6_4_6_2_6462-1494-De-las-mujeres-ilustres-en-romance-Boccaccio.jpg","type":"image\/jpeg"}],"twitter_card":"summary_large_image","twitter_misc":{"Est. reading time":"1 minute"},"schema":{"@context":"https:\/\/schema.org","@graph":[{"@type":"WebPage","@id":"https:\/\/www.comprarmejor.es\/en\/product\/1494-of-the-illustrious-women-romance-boccaccio\/","url":"https:\/\/www.comprarmejor.es\/en\/product\/1494-of-the-illustrious-women-romance-boccaccio\/","name":"Of the illustrious women romance, Boccaccio, 1494","isPartOf":{"@id":"https:\/\/www.comprarmejor.es\/en\/#website"},"primaryImageOfPage":{"@id":"https:\/\/www.comprarmejor.es\/en\/product\/1494-of-the-illustrious-women-romance-boccaccio\/#primaryimage"},"image":{"@id":"https:\/\/www.comprarmejor.es\/en\/product\/1494-of-the-illustrious-women-romance-boccaccio\/#primaryimage"},"thumbnailUrl":"https:\/\/www.comprarmejor.es\/wp-content\/uploads\/2016\/02\/p_6_4_6_2_6462-1494-De-las-mujeres-ilustres-en-romance-Boccaccio.jpg","datePublished":"2016-02-08T18:06:43+00:00","dateModified":"2019-09-11T09:05:52+00:00","description":"Facsimile of incunabula of 1494 \"the clear, excellent and famous Damas\", the work of Giovanni Boccaccio, of the illustrious women in romance (Claris mulieribus)","breadcrumb":{"@id":"https:\/\/www.comprarmejor.es\/en\/product\/1494-of-the-illustrious-women-romance-boccaccio\/#breadcrumb"},"inLanguage":"en-US","potentialAction":[{"@type":"ReadAction","target":["https:\/\/www.comprarmejor.es\/en\/product\/1494-of-the-illustrious-women-romance-boccaccio\/"]}]},{"@type":"ImageObject","inLanguage":"en-US","@id":"https:\/\/www.comprarmejor.es\/en\/product\/1494-of-the-illustrious-women-romance-boccaccio\/#primaryimage","url":"https:\/\/www.comprarmejor.es\/wp-content\/uploads\/2016\/02\/p_6_4_6_2_6462-1494-De-las-mujeres-ilustres-en-romance-Boccaccio.jpg","contentUrl":"https:\/\/www.comprarmejor.es\/wp-content\/uploads\/2016\/02\/p_6_4_6_2_6462-1494-De-las-mujeres-ilustres-en-romance-Boccaccio.jpg","width":600,"height":451},{"@type":"BreadcrumbList","@id":"https:\/\/www.comprarmejor.es\/en\/product\/1494-of-the-illustrious-women-romance-boccaccio\/#breadcrumb","itemListElement":[{"@type":"ListItem","position":1,"name":"Portada","item":"https:\/\/www.comprarmejor.es\/en\/"},{"@type":"ListItem","position":2,"name":"Shop","item":"https:\/\/www.comprarmejor.es\/en\/shop\/"},{"@type":"ListItem","position":3,"name":"1494 Of the illustrious women romance, Boccaccio"}]},{"@type":"WebSite","@id":"https:\/\/www.comprarmejor.es\/en\/#website","url":"https:\/\/www.comprarmejor.es\/en\/","name":"ComprarMejor","description":"ComprarMejor","publisher":{"@id":"https:\/\/www.comprarmejor.es\/en\/#organization"},"potentialAction":[{"@type":"SearchAction","target":{"@type":"EntryPoint","urlTemplate":"https:\/\/www.comprarmejor.es\/en\/?s={search_term_string}"},"query-input":{"@type":"PropertyValueSpecification","valueRequired":true,"valueName":"search_term_string"}}],"inLanguage":"en-US"},{"@type":"Organization","@id":"https:\/\/www.comprarmejor.es\/en\/#organization","name":"COMPRAR MEJOR","url":"https:\/\/www.comprarmejor.es\/en\/","logo":{"@type":"ImageObject","inLanguage":"en-US","@id":"https:\/\/www.comprarmejor.es\/en\/#\/schema\/logo\/image\/","url":"https:\/\/www.comprarmejor.es\/wp-content\/uploads\/2025\/09\/comprarmejortrinidad.jpg","contentUrl":"https:\/\/www.comprarmejor.es\/wp-content\/uploads\/2025\/09\/comprarmejortrinidad.jpg","width":1022,"height":1380,"caption":"COMPRAR MEJOR"},"image":{"@id":"https:\/\/www.comprarmejor.es\/en\/#\/schema\/logo\/image\/"},"sameAs":["https:\/\/www.instagram.com\/amigosdelcodice"]}]}},"_links":{"self":[{"href":"https:\/\/www.comprarmejor.es\/en\/wp-json\/wp\/v2\/product\/52715","targetHints":{"allow":["GET"]}}],"collection":[{"href":"https:\/\/www.comprarmejor.es\/en\/wp-json\/wp\/v2\/product"}],"about":[{"href":"https:\/\/www.comprarmejor.es\/en\/wp-json\/wp\/v2\/types\/product"}],"wp:featuredmedia":[{"embeddable":true,"href":"https:\/\/www.comprarmejor.es\/en\/wp-json\/wp\/v2\/media\/52705"}],"wp:attachment":[{"href":"https:\/\/www.comprarmejor.es\/en\/wp-json\/wp\/v2\/media?parent=52715"}],"wp:term":[{"taxonomy":"product_brand","embeddable":true,"href":"https:\/\/www.comprarmejor.es\/en\/wp-json\/wp\/v2\/product_brand?post=52715"},{"taxonomy":"product_cat","embeddable":true,"href":"https:\/\/www.comprarmejor.es\/en\/wp-json\/wp\/v2\/product_cat?post=52715"},{"taxonomy":"product_tag","embeddable":true,"href":"https:\/\/www.comprarmejor.es\/en\/wp-json\/wp\/v2\/product_tag?post=52715"}],"curies":[{"name":"wp","href":"https:\/\/api.w.org\/{rel}","templated":true}]}}