{"id":52725,"date":"2016-02-09T10:28:36","date_gmt":"2016-02-09T09:28:36","guid":{"rendered":"https:\/\/www.comprarmejor.es\/producto\/lost-symbols-joel-levy-2010\/"},"modified":"2020-05-11T22:55:05","modified_gmt":"2020-05-11T20:55:05","slug":"lost-symbols-joel-levy-2010","status":"publish","type":"product","link":"https:\/\/www.comprarmejor.es\/en\/product\/lost-symbols-joel-levy-2010\/","title":{"rendered":"Lost symbols, Joel Levy, 2010"},"content":{"rendered":"<p style=\"text-align: justify;\"><span id=\"result_box\" lang=\"en\" xml:lang=\"en\"><span title=\"Portadora de Tormentas\"><span lang=\"en\" xml:lang=\"en\"><span title=\"Primera edici\u00f3n en espa\u00f1ol, en 2010, de la obra de Joel Levy: S\u00edmbolos Perdidos, en busca de los misterios m\u00e1s c\u00e9lebres del Mundo.\">First published in Spanish in 2010, the work of Joel Levy: Lost Symbols in search of the most famous mysteries of the world.<\/span><\/span><\/span><\/span><\/p>\n<p style=\"text-align: justify;\"><span title=\"Libro en r\u00fastica, tapas a color, formato 16 x 23,5 cm.\">Paperback, caps color, 16 x 23.5 cm format. <\/span><span title=\"350 p\u00e1ginas.\">350 pages. <\/span><span title=\"Ejemplar nuevo, a estrenar.\">Exemplary new, brand new.<\/span><\/p>\n<p style=\"text-align: justify;\"><span title=\"En los rincones sombr\u00edos de la historia se encuentran multitud de s\u00edmbolos y tesoros a\u00fan por descubrir.\">In the dark corners of history multitude of symbols and treasures they are yet to be discovered. <\/span><span title=\"Engullidos por las arenas y los mares del tiempo, han quedado atr\u00e1s mitos y leyendas que han tentado a cientos de arque\u00f3logos, expertos y buscadores de fortuna durante a\u00f1os.\">Swallowed by the sands and seas of time, gone are myths and legends that have tempted hundreds of archaeologists, experts and fortune seekers for years. <\/span><span title=\"En &quot;S\u00edmbolos perdidos&quot;, Joel Levy investiga, analiza y disecciona algunos de estos grandes misterios de la historia, aquellos que han dejado una huella indeleble de generaci\u00f3n en generaci\u00f3n.\">In &#8220;Lost Symbols&#8221; Joel Levy investigates, analyzes and dissects some of these great mysteries of history, those who have left an indelible mark on generations. <\/span><span title=\"Levy explica su naturaleza, explora su contexto, debate qu\u00e9 elementos podr\u00edan seguir ocultos, estudia los avances ya realizados y proporciona pruebas para obtener una respuesta satisfactoria, porque... \u00bfD\u00f3nde est\u00e1 el Santo Grial?\">Levy explains its nature, explore its context, a debate which could still hidden elements, studying the progress already achieved and provides evidence for a satisfactory answer, because &#8230; Where is the Holy Grail? <\/span><span title=\"\u00bfQu\u00e9 fue de El Dorado?\">What happened to El Dorado? <\/span><span title=\"\u00bfEncontraremos alguna vez las obras perdidas de Arist\u00f3teles y Shakespeare?\">Will we ever find the lost works of Aristotle and Shakespeare? <\/span><span title=\"\u00bfDescubriremos d\u00f3nde descansan los restos mortales de Gengis Jan?\">Will we find where lie the mortal remains of Genghis Khan? <\/span><span title=\"\u00bfExisti\u00f3 la m\u00edtica ciudad de la Atl\u00e1ntida?\">Was there the mythical city of Atlantis? <\/span><span title=\"\u00bfQu\u00e9 misterio envuelve al Templo de Salom\u00f3n?\">What mystery surrounds the Temple of Solomon?<\/span><\/p>\n<p style=\"text-align: justify;\"><span title=\"Levy, en un esfuerzo tit\u00e1nico, separa la verdad del mito y nos desvela una parte de la historia que nunca nos hab\u00edamos detenido a analizar.\">Levy, in a titanic effort, separates truth from myth and reveals part of the story we had never stopped to analyze.<\/span><\/p>\n<p style=\"text-align: justify;\"><span title=\"Un libro riguroso que no cae en las trampas de la pseudohistoria.\">A rigorous book falls into the traps of pseudo-history.<\/span><\/p>\n<p style=\"text-align: justify;\"><span title=\"Gastos de env\u00edo por cuenta del comprador, seg\u00fan pedido y destino.\">Shipping by the buyer, upon request and destination.\u00a0<\/span><span title=\"Cons\u00faltenos cualquier duda, as\u00ed como por cualquier otro art\u00edculo que est\u00e9 buscando.\"><a class=\"btn btn-default\" href=\"http:\/\/comprarmejor.es\/en\/contact\">Ask us<\/a> any questions, as well as any other items you are seeking.<\/span><\/p>\n","protected":false},"excerpt":{"rendered":"<p style=\"text-align: justify;\"><span id=\"result_box\" lang=\"en\" xml:lang=\"en\"><span title=\", el amor, la inmortalidad\u2026\"><span lang=\"en\" xml:lang=\"en\"><span title=\"Primera edici\u00f3n en espa\u00f1ol, en 2010, de la obra de Joel Levy: S\u00edmbolos Perdidos, en busca de los misterios m\u00e1s c\u00e9lebres del Mundo.\">First published in Spanish in 2010, the work of Joel Levy: Lost Symbols in search of the most famous mysteries of the world.<\/span><\/span><\/span><\/span><\/p>\n","protected":false},"featured_media":52721,"template":"","meta":[],"product_brand":[],"product_cat":[2256,2242],"product_tag":[4480],"class_list":{"0":"post-52725","1":"product","2":"type-product","3":"status-publish","4":"has-post-thumbnail","6":"product_cat-books-in-general","7":"product_cat-first-editions","8":"product_tag-levy-en-2","9":"product_shipping_class-from-0-to-1-kg","10":"description-off","12":"first","13":"instock","14":"sale","15":"taxable","16":"shipping-taxable","17":"purchasable","18":"product-type-simple"},"yoast_head":"<!-- This site is optimized with the Yoast SEO plugin v27.3 - https:\/\/yoast.com\/product\/yoast-seo-wordpress\/ -->\n<title>Lost symbols, Joel Levy, 2010<\/title>\n<meta name=\"description\" content=\"First published in Spanish in 2010, the work of Joel Levy: Lost Symbols in search of the most famous mysteries of the world.\" \/>\n<meta name=\"robots\" content=\"index, follow, max-snippet:-1, max-image-preview:large, max-video-preview:-1\" \/>\n<link rel=\"canonical\" href=\"https:\/\/www.comprarmejor.es\/en\/product\/lost-symbols-joel-levy-2010\/\" \/>\n<meta property=\"og:locale\" content=\"en_US\" \/>\n<meta property=\"og:type\" content=\"article\" \/>\n<meta property=\"og:title\" content=\"Lost symbols, Joel Levy, 2010\" \/>\n<meta property=\"og:description\" content=\"First published in Spanish in 2010, the work of Joel Levy: Lost Symbols in search of the most famous mysteries of the world.\" \/>\n<meta property=\"og:url\" content=\"https:\/\/www.comprarmejor.es\/en\/product\/lost-symbols-joel-levy-2010\/\" \/>\n<meta property=\"og:site_name\" content=\"ComprarMejor\" \/>\n<meta property=\"article:modified_time\" content=\"2020-05-11T20:55:05+00:00\" \/>\n<meta property=\"og:image\" content=\"https:\/\/www.comprarmejor.es\/wp-content\/uploads\/2016\/02\/p_7_0_7_2_7072-Simbolos-perdidos-Joel-Levy-2010.jpg\" \/>\n\t<meta property=\"og:image:width\" content=\"388\" \/>\n\t<meta property=\"og:image:height\" content=\"578\" \/>\n\t<meta property=\"og:image:type\" content=\"image\/jpeg\" \/>\n<meta name=\"twitter:card\" content=\"summary_large_image\" \/>\n<meta name=\"twitter:label1\" content=\"Est. reading time\" \/>\n\t<meta name=\"twitter:data1\" content=\"1 minute\" \/>\n<script type=\"application\/ld+json\" class=\"yoast-schema-graph\">{\"@context\":\"https:\\\/\\\/schema.org\",\"@graph\":[{\"@type\":\"WebPage\",\"@id\":\"https:\\\/\\\/www.comprarmejor.es\\\/en\\\/product\\\/lost-symbols-joel-levy-2010\\\/\",\"url\":\"https:\\\/\\\/www.comprarmejor.es\\\/en\\\/product\\\/lost-symbols-joel-levy-2010\\\/\",\"name\":\"Lost symbols, Joel Levy, 2010\",\"isPartOf\":{\"@id\":\"https:\\\/\\\/www.comprarmejor.es\\\/en\\\/#website\"},\"primaryImageOfPage\":{\"@id\":\"https:\\\/\\\/www.comprarmejor.es\\\/en\\\/product\\\/lost-symbols-joel-levy-2010\\\/#primaryimage\"},\"image\":{\"@id\":\"https:\\\/\\\/www.comprarmejor.es\\\/en\\\/product\\\/lost-symbols-joel-levy-2010\\\/#primaryimage\"},\"thumbnailUrl\":\"https:\\\/\\\/www.comprarmejor.es\\\/wp-content\\\/uploads\\\/2016\\\/02\\\/p_7_0_7_2_7072-Simbolos-perdidos-Joel-Levy-2010.jpg\",\"datePublished\":\"2016-02-09T09:28:36+00:00\",\"dateModified\":\"2020-05-11T20:55:05+00:00\",\"description\":\"First published in Spanish in 2010, the work of Joel Levy: Lost Symbols in search of the most famous mysteries of the world.\",\"breadcrumb\":{\"@id\":\"https:\\\/\\\/www.comprarmejor.es\\\/en\\\/product\\\/lost-symbols-joel-levy-2010\\\/#breadcrumb\"},\"inLanguage\":\"en-US\",\"potentialAction\":[{\"@type\":\"ReadAction\",\"target\":[\"https:\\\/\\\/www.comprarmejor.es\\\/en\\\/product\\\/lost-symbols-joel-levy-2010\\\/\"]}]},{\"@type\":\"ImageObject\",\"inLanguage\":\"en-US\",\"@id\":\"https:\\\/\\\/www.comprarmejor.es\\\/en\\\/product\\\/lost-symbols-joel-levy-2010\\\/#primaryimage\",\"url\":\"https:\\\/\\\/www.comprarmejor.es\\\/wp-content\\\/uploads\\\/2016\\\/02\\\/p_7_0_7_2_7072-Simbolos-perdidos-Joel-Levy-2010.jpg\",\"contentUrl\":\"https:\\\/\\\/www.comprarmejor.es\\\/wp-content\\\/uploads\\\/2016\\\/02\\\/p_7_0_7_2_7072-Simbolos-perdidos-Joel-Levy-2010.jpg\",\"width\":388,\"height\":578},{\"@type\":\"BreadcrumbList\",\"@id\":\"https:\\\/\\\/www.comprarmejor.es\\\/en\\\/product\\\/lost-symbols-joel-levy-2010\\\/#breadcrumb\",\"itemListElement\":[{\"@type\":\"ListItem\",\"position\":1,\"name\":\"Portada\",\"item\":\"https:\\\/\\\/www.comprarmejor.es\\\/en\\\/\"},{\"@type\":\"ListItem\",\"position\":2,\"name\":\"Shop\",\"item\":\"https:\\\/\\\/www.comprarmejor.es\\\/en\\\/shop\\\/\"},{\"@type\":\"ListItem\",\"position\":3,\"name\":\"Lost symbols, Joel Levy, 2010\"}]},{\"@type\":\"WebSite\",\"@id\":\"https:\\\/\\\/www.comprarmejor.es\\\/en\\\/#website\",\"url\":\"https:\\\/\\\/www.comprarmejor.es\\\/en\\\/\",\"name\":\"ComprarMejor\",\"description\":\"ComprarMejor\",\"publisher\":{\"@id\":\"https:\\\/\\\/www.comprarmejor.es\\\/en\\\/#organization\"},\"potentialAction\":[{\"@type\":\"SearchAction\",\"target\":{\"@type\":\"EntryPoint\",\"urlTemplate\":\"https:\\\/\\\/www.comprarmejor.es\\\/en\\\/?s={search_term_string}\"},\"query-input\":{\"@type\":\"PropertyValueSpecification\",\"valueRequired\":true,\"valueName\":\"search_term_string\"}}],\"inLanguage\":\"en-US\"},{\"@type\":\"Organization\",\"@id\":\"https:\\\/\\\/www.comprarmejor.es\\\/en\\\/#organization\",\"name\":\"COMPRAR MEJOR\",\"url\":\"https:\\\/\\\/www.comprarmejor.es\\\/en\\\/\",\"logo\":{\"@type\":\"ImageObject\",\"inLanguage\":\"en-US\",\"@id\":\"https:\\\/\\\/www.comprarmejor.es\\\/en\\\/#\\\/schema\\\/logo\\\/image\\\/\",\"url\":\"https:\\\/\\\/www.comprarmejor.es\\\/wp-content\\\/uploads\\\/2025\\\/09\\\/comprarmejortrinidad.jpg\",\"contentUrl\":\"https:\\\/\\\/www.comprarmejor.es\\\/wp-content\\\/uploads\\\/2025\\\/09\\\/comprarmejortrinidad.jpg\",\"width\":1022,\"height\":1380,\"caption\":\"COMPRAR MEJOR\"},\"image\":{\"@id\":\"https:\\\/\\\/www.comprarmejor.es\\\/en\\\/#\\\/schema\\\/logo\\\/image\\\/\"},\"sameAs\":[\"https:\\\/\\\/www.instagram.com\\\/amigosdelcodice\"]}]}<\/script>\n<!-- \/ Yoast SEO plugin. -->","yoast_head_json":{"title":"Lost symbols, Joel Levy, 2010","description":"First published in Spanish in 2010, the work of Joel Levy: Lost Symbols in search of the most famous mysteries of the world.","robots":{"index":"index","follow":"follow","max-snippet":"max-snippet:-1","max-image-preview":"max-image-preview:large","max-video-preview":"max-video-preview:-1"},"canonical":"https:\/\/www.comprarmejor.es\/en\/product\/lost-symbols-joel-levy-2010\/","og_locale":"en_US","og_type":"article","og_title":"Lost symbols, Joel Levy, 2010","og_description":"First published in Spanish in 2010, the work of Joel Levy: Lost Symbols in search of the most famous mysteries of the world.","og_url":"https:\/\/www.comprarmejor.es\/en\/product\/lost-symbols-joel-levy-2010\/","og_site_name":"ComprarMejor","article_modified_time":"2020-05-11T20:55:05+00:00","og_image":[{"width":388,"height":578,"url":"https:\/\/www.comprarmejor.es\/wp-content\/uploads\/2016\/02\/p_7_0_7_2_7072-Simbolos-perdidos-Joel-Levy-2010.jpg","type":"image\/jpeg"}],"twitter_card":"summary_large_image","twitter_misc":{"Est. reading time":"1 minute"},"schema":{"@context":"https:\/\/schema.org","@graph":[{"@type":"WebPage","@id":"https:\/\/www.comprarmejor.es\/en\/product\/lost-symbols-joel-levy-2010\/","url":"https:\/\/www.comprarmejor.es\/en\/product\/lost-symbols-joel-levy-2010\/","name":"Lost symbols, Joel Levy, 2010","isPartOf":{"@id":"https:\/\/www.comprarmejor.es\/en\/#website"},"primaryImageOfPage":{"@id":"https:\/\/www.comprarmejor.es\/en\/product\/lost-symbols-joel-levy-2010\/#primaryimage"},"image":{"@id":"https:\/\/www.comprarmejor.es\/en\/product\/lost-symbols-joel-levy-2010\/#primaryimage"},"thumbnailUrl":"https:\/\/www.comprarmejor.es\/wp-content\/uploads\/2016\/02\/p_7_0_7_2_7072-Simbolos-perdidos-Joel-Levy-2010.jpg","datePublished":"2016-02-09T09:28:36+00:00","dateModified":"2020-05-11T20:55:05+00:00","description":"First published in Spanish in 2010, the work of Joel Levy: Lost Symbols in search of the most famous mysteries of the world.","breadcrumb":{"@id":"https:\/\/www.comprarmejor.es\/en\/product\/lost-symbols-joel-levy-2010\/#breadcrumb"},"inLanguage":"en-US","potentialAction":[{"@type":"ReadAction","target":["https:\/\/www.comprarmejor.es\/en\/product\/lost-symbols-joel-levy-2010\/"]}]},{"@type":"ImageObject","inLanguage":"en-US","@id":"https:\/\/www.comprarmejor.es\/en\/product\/lost-symbols-joel-levy-2010\/#primaryimage","url":"https:\/\/www.comprarmejor.es\/wp-content\/uploads\/2016\/02\/p_7_0_7_2_7072-Simbolos-perdidos-Joel-Levy-2010.jpg","contentUrl":"https:\/\/www.comprarmejor.es\/wp-content\/uploads\/2016\/02\/p_7_0_7_2_7072-Simbolos-perdidos-Joel-Levy-2010.jpg","width":388,"height":578},{"@type":"BreadcrumbList","@id":"https:\/\/www.comprarmejor.es\/en\/product\/lost-symbols-joel-levy-2010\/#breadcrumb","itemListElement":[{"@type":"ListItem","position":1,"name":"Portada","item":"https:\/\/www.comprarmejor.es\/en\/"},{"@type":"ListItem","position":2,"name":"Shop","item":"https:\/\/www.comprarmejor.es\/en\/shop\/"},{"@type":"ListItem","position":3,"name":"Lost symbols, Joel Levy, 2010"}]},{"@type":"WebSite","@id":"https:\/\/www.comprarmejor.es\/en\/#website","url":"https:\/\/www.comprarmejor.es\/en\/","name":"ComprarMejor","description":"ComprarMejor","publisher":{"@id":"https:\/\/www.comprarmejor.es\/en\/#organization"},"potentialAction":[{"@type":"SearchAction","target":{"@type":"EntryPoint","urlTemplate":"https:\/\/www.comprarmejor.es\/en\/?s={search_term_string}"},"query-input":{"@type":"PropertyValueSpecification","valueRequired":true,"valueName":"search_term_string"}}],"inLanguage":"en-US"},{"@type":"Organization","@id":"https:\/\/www.comprarmejor.es\/en\/#organization","name":"COMPRAR MEJOR","url":"https:\/\/www.comprarmejor.es\/en\/","logo":{"@type":"ImageObject","inLanguage":"en-US","@id":"https:\/\/www.comprarmejor.es\/en\/#\/schema\/logo\/image\/","url":"https:\/\/www.comprarmejor.es\/wp-content\/uploads\/2025\/09\/comprarmejortrinidad.jpg","contentUrl":"https:\/\/www.comprarmejor.es\/wp-content\/uploads\/2025\/09\/comprarmejortrinidad.jpg","width":1022,"height":1380,"caption":"COMPRAR MEJOR"},"image":{"@id":"https:\/\/www.comprarmejor.es\/en\/#\/schema\/logo\/image\/"},"sameAs":["https:\/\/www.instagram.com\/amigosdelcodice"]}]}},"_links":{"self":[{"href":"https:\/\/www.comprarmejor.es\/en\/wp-json\/wp\/v2\/product\/52725","targetHints":{"allow":["GET"]}}],"collection":[{"href":"https:\/\/www.comprarmejor.es\/en\/wp-json\/wp\/v2\/product"}],"about":[{"href":"https:\/\/www.comprarmejor.es\/en\/wp-json\/wp\/v2\/types\/product"}],"wp:featuredmedia":[{"embeddable":true,"href":"https:\/\/www.comprarmejor.es\/en\/wp-json\/wp\/v2\/media\/52721"}],"wp:attachment":[{"href":"https:\/\/www.comprarmejor.es\/en\/wp-json\/wp\/v2\/media?parent=52725"}],"wp:term":[{"taxonomy":"product_brand","embeddable":true,"href":"https:\/\/www.comprarmejor.es\/en\/wp-json\/wp\/v2\/product_brand?post=52725"},{"taxonomy":"product_cat","embeddable":true,"href":"https:\/\/www.comprarmejor.es\/en\/wp-json\/wp\/v2\/product_cat?post=52725"},{"taxonomy":"product_tag","embeddable":true,"href":"https:\/\/www.comprarmejor.es\/en\/wp-json\/wp\/v2\/product_tag?post=52725"}],"curies":[{"name":"wp","href":"https:\/\/api.w.org\/{rel}","templated":true}]}}