{"id":52761,"date":"2016-02-09T12:45:58","date_gmt":"2016-02-09T11:45:58","guid":{"rendered":"https:\/\/www.comprarmejor.es\/producto\/1466-cosmographia-ptolemy-atlas-borso-d-este\/"},"modified":"2023-12-16T17:21:23","modified_gmt":"2023-12-16T16:21:23","slug":"iconographic-encyclopedia-j-g-heck-2001-luxury-unique-and-exclusive-specimen","status":"publish","type":"product","link":"https:\/\/www.comprarmejor.es\/en\/product\/iconographic-encyclopedia-j-g-heck-2001-luxury-unique-and-exclusive-specimen\/","title":{"rendered":"Iconographic encyclopedia. J.G. Heck. 2001. Luxury, unique and exclusive specimen"},"content":{"rendered":"<p style=\"text-align: justify;\">Iconographic Encyclopedia. Encyclop\u00e9die Visuelle. Bilder Atlas. Iconographic Encyclopedia.<\/p>\n<p style=\"text-align: justify;\">Spectacular copy of the work of J. G. Heck, Iconographic Encyclopedia, published in 2001 by L&#8217;Aventurine, Paris. Texts in English, French, German and Spanish. Handcrafted bound in luxury format.<\/p>\n<p style=\"text-align: justify;\">The 500 plates collected here were published for the first time in 1844, in the \u201cSystematischer Bilder-Atlas zum Conversations-Lexikon, Ikonographische Encyklop\u00e4die der Wissenschaften und K\u00fcnste\u201d by Brockhaus, of Leipzig. This same publisher published a French version in 1849, under the name \u201cAtlas syst\u00e9matique de gravures pour serve au dictionnaire de la conversation, Encyclop\u00e9die iconographique des science et des arts.\u201d In 1851, an English version finally appeared in New York, in the Robert Garrigue publishing house: \u201cIconographic encyclopedia of science, literature and art.\u201d<\/p>\n<p style=\"text-align: justify;\">157 years after the first German edition, 152 years after the first French edition and 150 years after the first English edition, finally, and although not alone, a French publisher produces a new edition integrating all languages previous ones plus Spanish! It is not that there is a lot of text, rather it is little, and the work is a more than laborious and beautiful graphic representation of knowledge, history and European society in the 19th century.<\/p>\n<p style=\"text-align: justify;\">Spectacular graphic encyclopedia in a fabulous volume with handmade half-skin binding with tips, spine with double and triple ribs on the head and foot, very rare to see. Handcrafted gilded piece with author and title in Spanish, and rest of the dry-gilded embossed spine. Landscape format 28 x 23 cm. 584 pages with thousands of illustrations on 500 plates.<\/p>\n<p style=\"text-align: justify;\">Unique and exclusive specimen, in perfect condition.<\/p>\n<p style=\"text-align: justify;\">Free shipping for this item<span title=\"Gastos de env\u00edo por cuenta del comprador, seg\u00fan pedido y destino.\">.\u00a0<\/span><span title=\"Cons\u00faltenos cualquier duda, as\u00ed como por cualquier otro facs\u00edmile o art\u00edculo que est\u00e9 buscando.\"><a class=\"btn btn-default\" href=\"https:\/\/www.comprarmejor.es\/en\/contact\">Ask us<\/a> <span class=\"HwtZe\" lang=\"en\"><span class=\"jCAhz ChMk0b\"><span class=\"ryNqvb\">any questions, indicating the article reference.<\/span><\/span><\/span><br \/>\n<\/span><\/p>\n","protected":false},"excerpt":{"rendered":"<p style=\"text-align: justify;\"><span id=\"result_box\" lang=\"en\" xml:lang=\"en\"><span title=\"La tradici\u00f3n ptolemaica, codificada en los manuscritos griegos, fue descubierta en el siglo XV cuando en Florencia, capital intelectual y art\u00edstica, se desarroll\u00f3 la b\u00fasqueda cient\u00edfica y cartogr\u00e1fica que se\u00f1al\u00f3 la era de los grandes descubrimientos geogr\u00e1ficos.\"><span class=\"HwtZe\" lang=\"en\"><span class=\"jCAhz ChMk0b\"><span class=\"ryNqvb\">Iconographic Encyclopedia.<\/span><\/span> <span class=\"jCAhz ChMk0b\"><span class=\"ryNqvb\">Encyclop\u00e9die Visuelle.<\/span><\/span> <span class=\"jCAhz ChMk0b\"><span class=\"ryNqvb\">Bilder Atlas.<\/span><\/span> <span class=\"jCAhz ChMk0b\"><span class=\"ryNqvb\">Iconographic Encyclopedia.<\/span><\/span><span class=\"jCAhz ChMk0b\"><span class=\"ryNqvb\"><br \/>\n<\/span><\/span><\/span><\/span><\/span><\/p>\n","protected":false},"featured_media":91686,"template":"","meta":[],"product_brand":[],"product_cat":[2210,2238],"product_tag":[5790,5791,5792,5120,4624],"class_list":{"0":"post-52761","1":"product","2":"type-product","3":"status-publish","4":"has-post-thumbnail","6":"product_cat-bibliophilia","7":"product_cat-exclusive-copies","8":"product_tag-arquitectura-en","9":"product_tag-arte-en","10":"product_tag-artesanal-en","11":"product_tag-history-en","12":"product_tag-medicina-en","13":"description-off","15":"first","16":"instock","17":"sale","18":"taxable","19":"shipping-taxable","20":"purchasable","21":"product-type-simple"},"yoast_head":"<!-- This site is optimized with the Yoast SEO plugin v27.3 - https:\/\/yoast.com\/product\/yoast-seo-wordpress\/ -->\n<title>Iconographic encyclopedia. J.G. Heck. 2001. Luxury, unique and<\/title>\n<meta name=\"description\" content=\"Iconographic Encyclopedia. Encyclop\u00e9die Visuelle. Bilder Atlas. Iconographic Encyclopedia. Spectacular copy of the work of J. G. Heck,\" \/>\n<meta name=\"robots\" content=\"index, follow, max-snippet:-1, max-image-preview:large, max-video-preview:-1\" \/>\n<link rel=\"canonical\" href=\"https:\/\/www.comprarmejor.es\/en\/product\/iconographic-encyclopedia-j-g-heck-2001-luxury-unique-and-exclusive-specimen\/\" \/>\n<meta property=\"og:locale\" content=\"en_US\" \/>\n<meta property=\"og:type\" content=\"article\" \/>\n<meta property=\"og:title\" content=\"Iconographic encyclopedia. J.G. Heck. 2001. Luxury, unique and\" \/>\n<meta property=\"og:description\" content=\"Iconographic Encyclopedia. Encyclop\u00e9die Visuelle. Bilder Atlas. Iconographic Encyclopedia. Spectacular copy of the work of J. G. Heck,\" \/>\n<meta property=\"og:url\" content=\"https:\/\/www.comprarmejor.es\/en\/product\/iconographic-encyclopedia-j-g-heck-2001-luxury-unique-and-exclusive-specimen\/\" \/>\n<meta property=\"og:site_name\" content=\"ComprarMejor\" \/>\n<meta property=\"article:modified_time\" content=\"2023-12-16T16:21:23+00:00\" \/>\n<meta property=\"og:image\" content=\"https:\/\/www.comprarmejor.es\/wp-content\/uploads\/2016\/02\/01-1.jpg\" \/>\n\t<meta property=\"og:image:width\" content=\"768\" \/>\n\t<meta property=\"og:image:height\" content=\"576\" \/>\n\t<meta property=\"og:image:type\" content=\"image\/jpeg\" \/>\n<meta name=\"twitter:card\" content=\"summary_large_image\" \/>\n<meta name=\"twitter:label1\" content=\"Est. reading time\" \/>\n\t<meta name=\"twitter:data1\" content=\"2 minutes\" \/>\n<script type=\"application\/ld+json\" class=\"yoast-schema-graph\">{\"@context\":\"https:\\\/\\\/schema.org\",\"@graph\":[{\"@type\":\"WebPage\",\"@id\":\"https:\\\/\\\/www.comprarmejor.es\\\/en\\\/product\\\/iconographic-encyclopedia-j-g-heck-2001-luxury-unique-and-exclusive-specimen\\\/\",\"url\":\"https:\\\/\\\/www.comprarmejor.es\\\/en\\\/product\\\/iconographic-encyclopedia-j-g-heck-2001-luxury-unique-and-exclusive-specimen\\\/\",\"name\":\"Iconographic encyclopedia. J.G. Heck. 2001. Luxury, unique and\",\"isPartOf\":{\"@id\":\"https:\\\/\\\/www.comprarmejor.es\\\/en\\\/#website\"},\"primaryImageOfPage\":{\"@id\":\"https:\\\/\\\/www.comprarmejor.es\\\/en\\\/product\\\/iconographic-encyclopedia-j-g-heck-2001-luxury-unique-and-exclusive-specimen\\\/#primaryimage\"},\"image\":{\"@id\":\"https:\\\/\\\/www.comprarmejor.es\\\/en\\\/product\\\/iconographic-encyclopedia-j-g-heck-2001-luxury-unique-and-exclusive-specimen\\\/#primaryimage\"},\"thumbnailUrl\":\"https:\\\/\\\/www.comprarmejor.es\\\/wp-content\\\/uploads\\\/2016\\\/02\\\/01-1.jpg\",\"datePublished\":\"2016-02-09T11:45:58+00:00\",\"dateModified\":\"2023-12-16T16:21:23+00:00\",\"description\":\"Iconographic Encyclopedia. Encyclop\u00e9die Visuelle. Bilder Atlas. Iconographic Encyclopedia. Spectacular copy of the work of J. G. Heck,\",\"breadcrumb\":{\"@id\":\"https:\\\/\\\/www.comprarmejor.es\\\/en\\\/product\\\/iconographic-encyclopedia-j-g-heck-2001-luxury-unique-and-exclusive-specimen\\\/#breadcrumb\"},\"inLanguage\":\"en-US\",\"potentialAction\":[{\"@type\":\"ReadAction\",\"target\":[\"https:\\\/\\\/www.comprarmejor.es\\\/en\\\/product\\\/iconographic-encyclopedia-j-g-heck-2001-luxury-unique-and-exclusive-specimen\\\/\"]}]},{\"@type\":\"ImageObject\",\"inLanguage\":\"en-US\",\"@id\":\"https:\\\/\\\/www.comprarmejor.es\\\/en\\\/product\\\/iconographic-encyclopedia-j-g-heck-2001-luxury-unique-and-exclusive-specimen\\\/#primaryimage\",\"url\":\"https:\\\/\\\/www.comprarmejor.es\\\/wp-content\\\/uploads\\\/2016\\\/02\\\/01-1.jpg\",\"contentUrl\":\"https:\\\/\\\/www.comprarmejor.es\\\/wp-content\\\/uploads\\\/2016\\\/02\\\/01-1.jpg\",\"width\":768,\"height\":576},{\"@type\":\"BreadcrumbList\",\"@id\":\"https:\\\/\\\/www.comprarmejor.es\\\/en\\\/product\\\/iconographic-encyclopedia-j-g-heck-2001-luxury-unique-and-exclusive-specimen\\\/#breadcrumb\",\"itemListElement\":[{\"@type\":\"ListItem\",\"position\":1,\"name\":\"Portada\",\"item\":\"https:\\\/\\\/www.comprarmejor.es\\\/en\\\/\"},{\"@type\":\"ListItem\",\"position\":2,\"name\":\"Shop\",\"item\":\"https:\\\/\\\/www.comprarmejor.es\\\/en\\\/shop\\\/\"},{\"@type\":\"ListItem\",\"position\":3,\"name\":\"Iconographic encyclopedia. J.G. Heck. 2001. Luxury, unique and exclusive specimen\"}]},{\"@type\":\"WebSite\",\"@id\":\"https:\\\/\\\/www.comprarmejor.es\\\/en\\\/#website\",\"url\":\"https:\\\/\\\/www.comprarmejor.es\\\/en\\\/\",\"name\":\"ComprarMejor\",\"description\":\"ComprarMejor\",\"publisher\":{\"@id\":\"https:\\\/\\\/www.comprarmejor.es\\\/en\\\/#organization\"},\"potentialAction\":[{\"@type\":\"SearchAction\",\"target\":{\"@type\":\"EntryPoint\",\"urlTemplate\":\"https:\\\/\\\/www.comprarmejor.es\\\/en\\\/?s={search_term_string}\"},\"query-input\":{\"@type\":\"PropertyValueSpecification\",\"valueRequired\":true,\"valueName\":\"search_term_string\"}}],\"inLanguage\":\"en-US\"},{\"@type\":\"Organization\",\"@id\":\"https:\\\/\\\/www.comprarmejor.es\\\/en\\\/#organization\",\"name\":\"COMPRAR MEJOR\",\"url\":\"https:\\\/\\\/www.comprarmejor.es\\\/en\\\/\",\"logo\":{\"@type\":\"ImageObject\",\"inLanguage\":\"en-US\",\"@id\":\"https:\\\/\\\/www.comprarmejor.es\\\/en\\\/#\\\/schema\\\/logo\\\/image\\\/\",\"url\":\"https:\\\/\\\/www.comprarmejor.es\\\/wp-content\\\/uploads\\\/2025\\\/09\\\/comprarmejortrinidad.jpg\",\"contentUrl\":\"https:\\\/\\\/www.comprarmejor.es\\\/wp-content\\\/uploads\\\/2025\\\/09\\\/comprarmejortrinidad.jpg\",\"width\":1022,\"height\":1380,\"caption\":\"COMPRAR MEJOR\"},\"image\":{\"@id\":\"https:\\\/\\\/www.comprarmejor.es\\\/en\\\/#\\\/schema\\\/logo\\\/image\\\/\"},\"sameAs\":[\"https:\\\/\\\/www.instagram.com\\\/amigosdelcodice\"]}]}<\/script>\n<!-- \/ Yoast SEO plugin. -->","yoast_head_json":{"title":"Iconographic encyclopedia. J.G. Heck. 2001. Luxury, unique and","description":"Iconographic Encyclopedia. Encyclop\u00e9die Visuelle. Bilder Atlas. Iconographic Encyclopedia. Spectacular copy of the work of J. G. Heck,","robots":{"index":"index","follow":"follow","max-snippet":"max-snippet:-1","max-image-preview":"max-image-preview:large","max-video-preview":"max-video-preview:-1"},"canonical":"https:\/\/www.comprarmejor.es\/en\/product\/iconographic-encyclopedia-j-g-heck-2001-luxury-unique-and-exclusive-specimen\/","og_locale":"en_US","og_type":"article","og_title":"Iconographic encyclopedia. J.G. Heck. 2001. Luxury, unique and","og_description":"Iconographic Encyclopedia. Encyclop\u00e9die Visuelle. Bilder Atlas. Iconographic Encyclopedia. Spectacular copy of the work of J. G. Heck,","og_url":"https:\/\/www.comprarmejor.es\/en\/product\/iconographic-encyclopedia-j-g-heck-2001-luxury-unique-and-exclusive-specimen\/","og_site_name":"ComprarMejor","article_modified_time":"2023-12-16T16:21:23+00:00","og_image":[{"width":768,"height":576,"url":"https:\/\/www.comprarmejor.es\/wp-content\/uploads\/2016\/02\/01-1.jpg","type":"image\/jpeg"}],"twitter_card":"summary_large_image","twitter_misc":{"Est. reading time":"2 minutes"},"schema":{"@context":"https:\/\/schema.org","@graph":[{"@type":"WebPage","@id":"https:\/\/www.comprarmejor.es\/en\/product\/iconographic-encyclopedia-j-g-heck-2001-luxury-unique-and-exclusive-specimen\/","url":"https:\/\/www.comprarmejor.es\/en\/product\/iconographic-encyclopedia-j-g-heck-2001-luxury-unique-and-exclusive-specimen\/","name":"Iconographic encyclopedia. J.G. Heck. 2001. Luxury, unique and","isPartOf":{"@id":"https:\/\/www.comprarmejor.es\/en\/#website"},"primaryImageOfPage":{"@id":"https:\/\/www.comprarmejor.es\/en\/product\/iconographic-encyclopedia-j-g-heck-2001-luxury-unique-and-exclusive-specimen\/#primaryimage"},"image":{"@id":"https:\/\/www.comprarmejor.es\/en\/product\/iconographic-encyclopedia-j-g-heck-2001-luxury-unique-and-exclusive-specimen\/#primaryimage"},"thumbnailUrl":"https:\/\/www.comprarmejor.es\/wp-content\/uploads\/2016\/02\/01-1.jpg","datePublished":"2016-02-09T11:45:58+00:00","dateModified":"2023-12-16T16:21:23+00:00","description":"Iconographic Encyclopedia. Encyclop\u00e9die Visuelle. Bilder Atlas. Iconographic Encyclopedia. Spectacular copy of the work of J. G. Heck,","breadcrumb":{"@id":"https:\/\/www.comprarmejor.es\/en\/product\/iconographic-encyclopedia-j-g-heck-2001-luxury-unique-and-exclusive-specimen\/#breadcrumb"},"inLanguage":"en-US","potentialAction":[{"@type":"ReadAction","target":["https:\/\/www.comprarmejor.es\/en\/product\/iconographic-encyclopedia-j-g-heck-2001-luxury-unique-and-exclusive-specimen\/"]}]},{"@type":"ImageObject","inLanguage":"en-US","@id":"https:\/\/www.comprarmejor.es\/en\/product\/iconographic-encyclopedia-j-g-heck-2001-luxury-unique-and-exclusive-specimen\/#primaryimage","url":"https:\/\/www.comprarmejor.es\/wp-content\/uploads\/2016\/02\/01-1.jpg","contentUrl":"https:\/\/www.comprarmejor.es\/wp-content\/uploads\/2016\/02\/01-1.jpg","width":768,"height":576},{"@type":"BreadcrumbList","@id":"https:\/\/www.comprarmejor.es\/en\/product\/iconographic-encyclopedia-j-g-heck-2001-luxury-unique-and-exclusive-specimen\/#breadcrumb","itemListElement":[{"@type":"ListItem","position":1,"name":"Portada","item":"https:\/\/www.comprarmejor.es\/en\/"},{"@type":"ListItem","position":2,"name":"Shop","item":"https:\/\/www.comprarmejor.es\/en\/shop\/"},{"@type":"ListItem","position":3,"name":"Iconographic encyclopedia. J.G. Heck. 2001. Luxury, unique and exclusive specimen"}]},{"@type":"WebSite","@id":"https:\/\/www.comprarmejor.es\/en\/#website","url":"https:\/\/www.comprarmejor.es\/en\/","name":"ComprarMejor","description":"ComprarMejor","publisher":{"@id":"https:\/\/www.comprarmejor.es\/en\/#organization"},"potentialAction":[{"@type":"SearchAction","target":{"@type":"EntryPoint","urlTemplate":"https:\/\/www.comprarmejor.es\/en\/?s={search_term_string}"},"query-input":{"@type":"PropertyValueSpecification","valueRequired":true,"valueName":"search_term_string"}}],"inLanguage":"en-US"},{"@type":"Organization","@id":"https:\/\/www.comprarmejor.es\/en\/#organization","name":"COMPRAR MEJOR","url":"https:\/\/www.comprarmejor.es\/en\/","logo":{"@type":"ImageObject","inLanguage":"en-US","@id":"https:\/\/www.comprarmejor.es\/en\/#\/schema\/logo\/image\/","url":"https:\/\/www.comprarmejor.es\/wp-content\/uploads\/2025\/09\/comprarmejortrinidad.jpg","contentUrl":"https:\/\/www.comprarmejor.es\/wp-content\/uploads\/2025\/09\/comprarmejortrinidad.jpg","width":1022,"height":1380,"caption":"COMPRAR MEJOR"},"image":{"@id":"https:\/\/www.comprarmejor.es\/en\/#\/schema\/logo\/image\/"},"sameAs":["https:\/\/www.instagram.com\/amigosdelcodice"]}]}},"_links":{"self":[{"href":"https:\/\/www.comprarmejor.es\/en\/wp-json\/wp\/v2\/product\/52761","targetHints":{"allow":["GET"]}}],"collection":[{"href":"https:\/\/www.comprarmejor.es\/en\/wp-json\/wp\/v2\/product"}],"about":[{"href":"https:\/\/www.comprarmejor.es\/en\/wp-json\/wp\/v2\/types\/product"}],"wp:featuredmedia":[{"embeddable":true,"href":"https:\/\/www.comprarmejor.es\/en\/wp-json\/wp\/v2\/media\/91686"}],"wp:attachment":[{"href":"https:\/\/www.comprarmejor.es\/en\/wp-json\/wp\/v2\/media?parent=52761"}],"wp:term":[{"taxonomy":"product_brand","embeddable":true,"href":"https:\/\/www.comprarmejor.es\/en\/wp-json\/wp\/v2\/product_brand?post=52761"},{"taxonomy":"product_cat","embeddable":true,"href":"https:\/\/www.comprarmejor.es\/en\/wp-json\/wp\/v2\/product_cat?post=52761"},{"taxonomy":"product_tag","embeddable":true,"href":"https:\/\/www.comprarmejor.es\/en\/wp-json\/wp\/v2\/product_tag?post=52761"}],"curies":[{"name":"wp","href":"https:\/\/api.w.org\/{rel}","templated":true}]}}