{"id":52775,"date":"2016-02-09T17:32:05","date_gmt":"2016-02-09T16:32:05","guid":{"rendered":"https:\/\/www.comprarmejor.es\/producto\/game-book-of-luck-lorenzo-spirito-1515\/"},"modified":"2019-09-16T22:50:15","modified_gmt":"2019-09-16T20:50:15","slug":"game-book-of-luck-lorenzo-spirito-1515","status":"publish","type":"product","link":"https:\/\/www.comprarmejor.es\/en\/product\/game-book-of-luck-lorenzo-spirito-1515\/","title":{"rendered":"Game Book of luck. Lorenzo Spirito. 1515"},"content":{"rendered":"<p style=\"text-align:justify;\"><span id=\"result_box\" lang=\"en\" xml:lang=\"en\"><span title=\"Edici\u00f3n agotada en la editorial y muy buscada.\">F<span lang=\"en\" xml:lang=\"en\"><span title=\"Edici\u00f3n facs\u00edmile del Libro del juego de las suertes, seg\u00fan la edici\u00f3n de Valencia de 1515. Lorenzo Spirito.\">acsimile edition of the Book game of luck, according to the edition of Valencia of 1515. Lorenzo Spirito.<\/p>\n<p><\/span><span title=\"Edici\u00f3n de 1991, numerada y limitada a 666 ejemplares.\">1991 edition, numbered and limited to 666 copies. <\/span><span title=\"Presentada en rama en carpeta editorial carton\u00e9.\">Presented in folder publishing branch in hardback. <\/span><span title=\"Este ejemplar que ofrecemos ha sido encuadernado y est\u00e1 completamente nuevo, por lo que se trata de un ejemplar \u00fanico.\">This issue we offer has been bound and is completely new, so it is unique.<\/p>\n<p><\/span><span title=\"Libro formato 26 x 36 cm.\">Book format 26 x 36 cm. <\/span><span title=\"122 p\u00e1ginas, conteniendo un breve estudio y el facs\u00edmile del libro original.\">122 pages, containing a brief study and the facsimile of the original book. <\/span><span title=\"Encuadernado en tela, cinta gu\u00eda y cantos desiguales, sin guillotinar, respetando la edici\u00f3n.\">Clothbound, tape guide and uneven edges, without guillotining, respecting the issue. <\/span><span title=\"Papel verjurado de alto gramaje y con la marca al agua &quot;Guarro&quot;.\">Heavyweight laid paper with the watermark &#8220;Piggy&#8221;.<\/p>\n<p><\/span><span title=\"Carpeta caja-estuche formato 27,5 x 37,5 x 3,5 cm.\">Folder box-case format 27.5 x 37.5 x 3.5 cm. <\/span><span title=\"Dos lazos exteriores y uno interior.\">Two outer and inner loops.<\/p>\n<p><\/span><span title=\"El juego consiste en adivinar las respuestas a unas serie de preguntas fundamentales sobre la vida, y se propone servir entre otras mil posibilidades para luchar contra la ociosidad.\">The game is to guess the answers to a series of fundamental questions about life, and intends to serve a thousand other possibilities to fight idleness. <\/span><span title=\"Se advierte de ello en el pr\u00f3logo y se adelanta al lector que las respuestas son puras burlas o disparates.\">He is warned of this in the prologue and the reader anticipates that the answers are pure jokes or nonsense. <\/span><span title=\"El libro pas\u00f3, no obstante, al primer \u00cdndice espa\u00f1ol de libros prohibidos, de 1559.\">The book passed, however, the first Spanish Index of Forbidden Books, 1559.<\/span><\/span><\/p>\n<p><\/span><span title=\"Gastos de env\u00edo por cuenta del comprador, seg\u00fan pedido y destino.\">Shipping by the buyer, upon request and destination.\u00a0<\/span><span title=\"Cons\u00faltenos cualquier duda, as\u00ed como por cualquier otro facs\u00edmile o art\u00edculo que est\u00e9 buscando.\"><a class=\"btn btn-default\" href=\"http:\/\/comprarmejor.es\/en\/contact\">Ask us<\/a> any questions and by facsimile or any other item he seeks.<\/span><\/span><\/p>\n","protected":false},"excerpt":{"rendered":"<p style=\"text-align:justify;\"><span id=\"result_box\" lang=\"en\" xml:lang=\"en\"><span title=\"El manuscrito de la Universidad de Valencia (tama\u00f1o: 44.1 x 30.5 cm) es de una singular belleza, compuesto de 216 p\u00e1ginas \u00fatiles, excepto la 104, a dos columnas y 57 l\u00edneas.\">F<\/span><span title=\"Letra del siglo XV, con orlas miniadas en oro y colores, con un \u00e1ngel sosteniendo corona con hueco para escudo, letras capitales en oro y color, t\u00edtulos rojos y reclamos cada diez hojas.\"><span lang=\"en\" xml:lang=\"en\"><span title=\"Edici\u00f3n facs\u00edmile del Libro del juego de las suertes, seg\u00fan la edici\u00f3n de Valencia de 1515. Lorenzo Spirito.\">acsimile edition of the Book game of luck, according to the edition of Valencia of 1515. Lorenzo Spirito.<\/span><\/span><\/span><\/span><\/p>\n","protected":false},"featured_media":52763,"template":"","meta":[],"product_brand":[],"product_cat":[2210,2238,2250],"product_tag":[4470],"class_list":{"0":"post-52775","1":"product","2":"type-product","3":"status-publish","4":"has-post-thumbnail","6":"product_cat-bibliophilia","7":"product_cat-exclusive-copies","8":"product_cat-other-facsimiles","9":"product_tag-spirito-en","10":"product_shipping_class-from-2-to-5-kg","11":"description-off","13":"first","14":"instock","15":"taxable","16":"shipping-taxable","17":"purchasable","18":"product-type-simple"},"yoast_head":"<!-- This site is optimized with the Yoast SEO plugin v27.3 - https:\/\/yoast.com\/product\/yoast-seo-wordpress\/ -->\n<title>Game Book of luck. Lorenzo Spirito. 1515<\/title>\n<meta name=\"description\" content=\"Facsimile edition of the Book game of luck, according to the edition of Valencia of 1515. Lorenzo Spirito.\" \/>\n<meta name=\"robots\" content=\"index, follow, max-snippet:-1, max-image-preview:large, max-video-preview:-1\" \/>\n<link rel=\"canonical\" href=\"https:\/\/www.comprarmejor.es\/en\/product\/game-book-of-luck-lorenzo-spirito-1515\/\" \/>\n<meta property=\"og:locale\" content=\"en_US\" \/>\n<meta property=\"og:type\" content=\"article\" \/>\n<meta property=\"og:title\" content=\"Game Book of luck. Lorenzo Spirito. 1515\" \/>\n<meta property=\"og:description\" content=\"Facsimile edition of the Book game of luck, according to the edition of Valencia of 1515. Lorenzo Spirito.\" \/>\n<meta property=\"og:url\" content=\"https:\/\/www.comprarmejor.es\/en\/product\/game-book-of-luck-lorenzo-spirito-1515\/\" \/>\n<meta property=\"og:site_name\" content=\"ComprarMejor\" \/>\n<meta property=\"article:modified_time\" content=\"2019-09-16T20:50:15+00:00\" \/>\n<meta property=\"og:image\" content=\"https:\/\/www.comprarmejor.es\/wp-content\/uploads\/2016\/02\/p_6_2_0_5_6205-Libro-del-juego-de-las-suertes.-Lorenzo-Spirito.-1515.jpg\" \/>\n\t<meta property=\"og:image:width\" content=\"594\" \/>\n\t<meta property=\"og:image:height\" content=\"589\" \/>\n\t<meta property=\"og:image:type\" content=\"image\/jpeg\" \/>\n<meta name=\"twitter:card\" content=\"summary_large_image\" \/>\n<meta name=\"twitter:label1\" content=\"Est. reading time\" \/>\n\t<meta name=\"twitter:data1\" content=\"1 minute\" \/>\n<script type=\"application\/ld+json\" class=\"yoast-schema-graph\">{\"@context\":\"https:\\\/\\\/schema.org\",\"@graph\":[{\"@type\":\"WebPage\",\"@id\":\"https:\\\/\\\/www.comprarmejor.es\\\/en\\\/product\\\/game-book-of-luck-lorenzo-spirito-1515\\\/\",\"url\":\"https:\\\/\\\/www.comprarmejor.es\\\/en\\\/product\\\/game-book-of-luck-lorenzo-spirito-1515\\\/\",\"name\":\"Game Book of luck. Lorenzo Spirito. 1515\",\"isPartOf\":{\"@id\":\"https:\\\/\\\/www.comprarmejor.es\\\/en\\\/#website\"},\"primaryImageOfPage\":{\"@id\":\"https:\\\/\\\/www.comprarmejor.es\\\/en\\\/product\\\/game-book-of-luck-lorenzo-spirito-1515\\\/#primaryimage\"},\"image\":{\"@id\":\"https:\\\/\\\/www.comprarmejor.es\\\/en\\\/product\\\/game-book-of-luck-lorenzo-spirito-1515\\\/#primaryimage\"},\"thumbnailUrl\":\"https:\\\/\\\/www.comprarmejor.es\\\/wp-content\\\/uploads\\\/2016\\\/02\\\/p_6_2_0_5_6205-Libro-del-juego-de-las-suertes.-Lorenzo-Spirito.-1515.jpg\",\"datePublished\":\"2016-02-09T16:32:05+00:00\",\"dateModified\":\"2019-09-16T20:50:15+00:00\",\"description\":\"Facsimile edition of the Book game of luck, according to the edition of Valencia of 1515. Lorenzo Spirito.\",\"breadcrumb\":{\"@id\":\"https:\\\/\\\/www.comprarmejor.es\\\/en\\\/product\\\/game-book-of-luck-lorenzo-spirito-1515\\\/#breadcrumb\"},\"inLanguage\":\"en-US\",\"potentialAction\":[{\"@type\":\"ReadAction\",\"target\":[\"https:\\\/\\\/www.comprarmejor.es\\\/en\\\/product\\\/game-book-of-luck-lorenzo-spirito-1515\\\/\"]}]},{\"@type\":\"ImageObject\",\"inLanguage\":\"en-US\",\"@id\":\"https:\\\/\\\/www.comprarmejor.es\\\/en\\\/product\\\/game-book-of-luck-lorenzo-spirito-1515\\\/#primaryimage\",\"url\":\"https:\\\/\\\/www.comprarmejor.es\\\/wp-content\\\/uploads\\\/2016\\\/02\\\/p_6_2_0_5_6205-Libro-del-juego-de-las-suertes.-Lorenzo-Spirito.-1515.jpg\",\"contentUrl\":\"https:\\\/\\\/www.comprarmejor.es\\\/wp-content\\\/uploads\\\/2016\\\/02\\\/p_6_2_0_5_6205-Libro-del-juego-de-las-suertes.-Lorenzo-Spirito.-1515.jpg\",\"width\":594,\"height\":589},{\"@type\":\"BreadcrumbList\",\"@id\":\"https:\\\/\\\/www.comprarmejor.es\\\/en\\\/product\\\/game-book-of-luck-lorenzo-spirito-1515\\\/#breadcrumb\",\"itemListElement\":[{\"@type\":\"ListItem\",\"position\":1,\"name\":\"Portada\",\"item\":\"https:\\\/\\\/www.comprarmejor.es\\\/en\\\/\"},{\"@type\":\"ListItem\",\"position\":2,\"name\":\"Shop\",\"item\":\"https:\\\/\\\/www.comprarmejor.es\\\/en\\\/shop\\\/\"},{\"@type\":\"ListItem\",\"position\":3,\"name\":\"Game Book of luck. Lorenzo Spirito. 1515\"}]},{\"@type\":\"WebSite\",\"@id\":\"https:\\\/\\\/www.comprarmejor.es\\\/en\\\/#website\",\"url\":\"https:\\\/\\\/www.comprarmejor.es\\\/en\\\/\",\"name\":\"ComprarMejor\",\"description\":\"ComprarMejor\",\"publisher\":{\"@id\":\"https:\\\/\\\/www.comprarmejor.es\\\/en\\\/#organization\"},\"potentialAction\":[{\"@type\":\"SearchAction\",\"target\":{\"@type\":\"EntryPoint\",\"urlTemplate\":\"https:\\\/\\\/www.comprarmejor.es\\\/en\\\/?s={search_term_string}\"},\"query-input\":{\"@type\":\"PropertyValueSpecification\",\"valueRequired\":true,\"valueName\":\"search_term_string\"}}],\"inLanguage\":\"en-US\"},{\"@type\":\"Organization\",\"@id\":\"https:\\\/\\\/www.comprarmejor.es\\\/en\\\/#organization\",\"name\":\"COMPRAR MEJOR\",\"url\":\"https:\\\/\\\/www.comprarmejor.es\\\/en\\\/\",\"logo\":{\"@type\":\"ImageObject\",\"inLanguage\":\"en-US\",\"@id\":\"https:\\\/\\\/www.comprarmejor.es\\\/en\\\/#\\\/schema\\\/logo\\\/image\\\/\",\"url\":\"https:\\\/\\\/www.comprarmejor.es\\\/wp-content\\\/uploads\\\/2025\\\/09\\\/comprarmejortrinidad.jpg\",\"contentUrl\":\"https:\\\/\\\/www.comprarmejor.es\\\/wp-content\\\/uploads\\\/2025\\\/09\\\/comprarmejortrinidad.jpg\",\"width\":1022,\"height\":1380,\"caption\":\"COMPRAR MEJOR\"},\"image\":{\"@id\":\"https:\\\/\\\/www.comprarmejor.es\\\/en\\\/#\\\/schema\\\/logo\\\/image\\\/\"},\"sameAs\":[\"https:\\\/\\\/www.instagram.com\\\/amigosdelcodice\"]}]}<\/script>\n<!-- \/ Yoast SEO plugin. -->","yoast_head_json":{"title":"Game Book of luck. Lorenzo Spirito. 1515","description":"Facsimile edition of the Book game of luck, according to the edition of Valencia of 1515. Lorenzo Spirito.","robots":{"index":"index","follow":"follow","max-snippet":"max-snippet:-1","max-image-preview":"max-image-preview:large","max-video-preview":"max-video-preview:-1"},"canonical":"https:\/\/www.comprarmejor.es\/en\/product\/game-book-of-luck-lorenzo-spirito-1515\/","og_locale":"en_US","og_type":"article","og_title":"Game Book of luck. Lorenzo Spirito. 1515","og_description":"Facsimile edition of the Book game of luck, according to the edition of Valencia of 1515. Lorenzo Spirito.","og_url":"https:\/\/www.comprarmejor.es\/en\/product\/game-book-of-luck-lorenzo-spirito-1515\/","og_site_name":"ComprarMejor","article_modified_time":"2019-09-16T20:50:15+00:00","og_image":[{"width":594,"height":589,"url":"https:\/\/www.comprarmejor.es\/wp-content\/uploads\/2016\/02\/p_6_2_0_5_6205-Libro-del-juego-de-las-suertes.-Lorenzo-Spirito.-1515.jpg","type":"image\/jpeg"}],"twitter_card":"summary_large_image","twitter_misc":{"Est. reading time":"1 minute"},"schema":{"@context":"https:\/\/schema.org","@graph":[{"@type":"WebPage","@id":"https:\/\/www.comprarmejor.es\/en\/product\/game-book-of-luck-lorenzo-spirito-1515\/","url":"https:\/\/www.comprarmejor.es\/en\/product\/game-book-of-luck-lorenzo-spirito-1515\/","name":"Game Book of luck. Lorenzo Spirito. 1515","isPartOf":{"@id":"https:\/\/www.comprarmejor.es\/en\/#website"},"primaryImageOfPage":{"@id":"https:\/\/www.comprarmejor.es\/en\/product\/game-book-of-luck-lorenzo-spirito-1515\/#primaryimage"},"image":{"@id":"https:\/\/www.comprarmejor.es\/en\/product\/game-book-of-luck-lorenzo-spirito-1515\/#primaryimage"},"thumbnailUrl":"https:\/\/www.comprarmejor.es\/wp-content\/uploads\/2016\/02\/p_6_2_0_5_6205-Libro-del-juego-de-las-suertes.-Lorenzo-Spirito.-1515.jpg","datePublished":"2016-02-09T16:32:05+00:00","dateModified":"2019-09-16T20:50:15+00:00","description":"Facsimile edition of the Book game of luck, according to the edition of Valencia of 1515. Lorenzo Spirito.","breadcrumb":{"@id":"https:\/\/www.comprarmejor.es\/en\/product\/game-book-of-luck-lorenzo-spirito-1515\/#breadcrumb"},"inLanguage":"en-US","potentialAction":[{"@type":"ReadAction","target":["https:\/\/www.comprarmejor.es\/en\/product\/game-book-of-luck-lorenzo-spirito-1515\/"]}]},{"@type":"ImageObject","inLanguage":"en-US","@id":"https:\/\/www.comprarmejor.es\/en\/product\/game-book-of-luck-lorenzo-spirito-1515\/#primaryimage","url":"https:\/\/www.comprarmejor.es\/wp-content\/uploads\/2016\/02\/p_6_2_0_5_6205-Libro-del-juego-de-las-suertes.-Lorenzo-Spirito.-1515.jpg","contentUrl":"https:\/\/www.comprarmejor.es\/wp-content\/uploads\/2016\/02\/p_6_2_0_5_6205-Libro-del-juego-de-las-suertes.-Lorenzo-Spirito.-1515.jpg","width":594,"height":589},{"@type":"BreadcrumbList","@id":"https:\/\/www.comprarmejor.es\/en\/product\/game-book-of-luck-lorenzo-spirito-1515\/#breadcrumb","itemListElement":[{"@type":"ListItem","position":1,"name":"Portada","item":"https:\/\/www.comprarmejor.es\/en\/"},{"@type":"ListItem","position":2,"name":"Shop","item":"https:\/\/www.comprarmejor.es\/en\/shop\/"},{"@type":"ListItem","position":3,"name":"Game Book of luck. Lorenzo Spirito. 1515"}]},{"@type":"WebSite","@id":"https:\/\/www.comprarmejor.es\/en\/#website","url":"https:\/\/www.comprarmejor.es\/en\/","name":"ComprarMejor","description":"ComprarMejor","publisher":{"@id":"https:\/\/www.comprarmejor.es\/en\/#organization"},"potentialAction":[{"@type":"SearchAction","target":{"@type":"EntryPoint","urlTemplate":"https:\/\/www.comprarmejor.es\/en\/?s={search_term_string}"},"query-input":{"@type":"PropertyValueSpecification","valueRequired":true,"valueName":"search_term_string"}}],"inLanguage":"en-US"},{"@type":"Organization","@id":"https:\/\/www.comprarmejor.es\/en\/#organization","name":"COMPRAR MEJOR","url":"https:\/\/www.comprarmejor.es\/en\/","logo":{"@type":"ImageObject","inLanguage":"en-US","@id":"https:\/\/www.comprarmejor.es\/en\/#\/schema\/logo\/image\/","url":"https:\/\/www.comprarmejor.es\/wp-content\/uploads\/2025\/09\/comprarmejortrinidad.jpg","contentUrl":"https:\/\/www.comprarmejor.es\/wp-content\/uploads\/2025\/09\/comprarmejortrinidad.jpg","width":1022,"height":1380,"caption":"COMPRAR MEJOR"},"image":{"@id":"https:\/\/www.comprarmejor.es\/en\/#\/schema\/logo\/image\/"},"sameAs":["https:\/\/www.instagram.com\/amigosdelcodice"]}]}},"_links":{"self":[{"href":"https:\/\/www.comprarmejor.es\/en\/wp-json\/wp\/v2\/product\/52775","targetHints":{"allow":["GET"]}}],"collection":[{"href":"https:\/\/www.comprarmejor.es\/en\/wp-json\/wp\/v2\/product"}],"about":[{"href":"https:\/\/www.comprarmejor.es\/en\/wp-json\/wp\/v2\/types\/product"}],"wp:featuredmedia":[{"embeddable":true,"href":"https:\/\/www.comprarmejor.es\/en\/wp-json\/wp\/v2\/media\/52763"}],"wp:attachment":[{"href":"https:\/\/www.comprarmejor.es\/en\/wp-json\/wp\/v2\/media?parent=52775"}],"wp:term":[{"taxonomy":"product_brand","embeddable":true,"href":"https:\/\/www.comprarmejor.es\/en\/wp-json\/wp\/v2\/product_brand?post=52775"},{"taxonomy":"product_cat","embeddable":true,"href":"https:\/\/www.comprarmejor.es\/en\/wp-json\/wp\/v2\/product_cat?post=52775"},{"taxonomy":"product_tag","embeddable":true,"href":"https:\/\/www.comprarmejor.es\/en\/wp-json\/wp\/v2\/product_tag?post=52775"}],"curies":[{"name":"wp","href":"https:\/\/api.w.org\/{rel}","templated":true}]}}