{"id":52843,"date":"2016-02-13T12:48:23","date_gmt":"2016-02-13T11:48:23","guid":{"rendered":"https:\/\/www.comprarmejor.es\/producto\/radiant-pendulum-wall-clock-for-living-room\/"},"modified":"2019-07-30T00:36:06","modified_gmt":"2019-07-29T22:36:06","slug":"radiant-pendulum-wall-clock-for-living-room","status":"publish","type":"product","link":"https:\/\/www.comprarmejor.es\/en\/product\/radiant-pendulum-wall-clock-for-living-room\/","title":{"rendered":"Radiant pendulum wall clock for living room"},"content":{"rendered":"<p style=\"text-align:justify;\"><span id=\"result_box\" lang=\"en\" xml:lang=\"en\"><span title=\"Reloj de pared pendular original marca Radiant para sal\u00f3n, adquirido en 1998. Toca las medias (1 campanada) y las horas (de 1 a 12 campanadas).\">Pendulum wall clock Signature Radiant Salon, acquired in 1998. Touch the middle (one stroke) and hours (1 to 12 strokes). <\/span><span title=\"Tiene mecanismo para silenciar la campana.\">It has mechanism to silence the bell. <\/span><span title=\"Funciona perfectamente, nunca ha precisado de ninguna reparaci\u00f3n.\">It works perfectly, it has never pointed to any repairs. <\/span><span title=\"No tiene ning\u00fan da\u00f1o en la madera ni en la maquinaria.\">There is no damage to wood or machinery. <\/span><span title=\"\u00danicamente las cadenas y los contrapesos fueron una vez dorados y conservan la p\u00e1tina de antig\u00fcedad.\">Only chains and counterweights were one golden time and retain the patina of age.<\/p>\n<p><\/span><span title=\"Medidas: anchura 35 cm., altura 1 metro sin cadenas y unos 2 metros con cadenas extendidas (en las fotograf\u00edas las cadenas aparecen recogidas).\">Dimensions: width 35 cm, height 1 meter without chains and about 2 meters with extended chains (in photographs chains are set out)..<\/p>\n<p><\/span><span title=\"El reloj nunca ha precisado de limpieza de la maquinaria, funciona perfectamente y siempre ha estado en funcionamiento.\">The clock has never specified cleaning machinery, works perfectly and has always been in operation. <\/span><span title=\"Se entrega tal cual.\">It is delivered as it is.<\/p>\n<p><\/span><span title=\"Art\u00edculo s\u00f3lo para retirada o entrega en el \u00e1rea metropolitana de M\u00e1laga.\">Article only for removal or delivery in the metropolitan area of \u200b\u200bMalaga. <\/span><span title=\"En este art\u00edculo no nos hacemos cargo del riesgo del transporte m\u00e1s all\u00e1 de dicha zona.\">we do not take the risk of transport beyond that zone in this article.<\/p>\n<p><\/span><span title=\"Cons\u00faltenos cualquier duda, as\u00ed como por cualquier otro art\u00edculo que est\u00e9 buscando.\"><a class=\"btn btn-default\" href=\"http:\/\/comprarmejor.es\/en\/contact\">Ask us<\/a>\u00a0any questions, as well as any other items you are seeking.<\/span><\/span><\/p>\n","protected":false},"excerpt":{"rendered":"<p style=\"text-align:justify;\"><span id=\"result_box\" lang=\"en\" xml:lang=\"en\"><span title=\"Reloj de pared pendular original marca Radiant para sal\u00f3n, adquirido en 1998. Toca las medias (1 campanada) y las horas (de 1 a 12 campanadas).\">Pendulum wall clock Signature Radiant Salon, acquired in 1998. Touch the middle (one stroke) and hours (1 to 12 strokes).<\/span><\/span><\/p>\n","protected":false},"featured_media":52835,"template":"","meta":[],"product_brand":[],"product_cat":[5386,2222],"product_tag":[4466],"class_list":{"0":"post-52843","1":"product","2":"type-product","3":"status-publish","4":"has-post-thumbnail","6":"product_cat-home-decoration","7":"product_cat-watches","8":"product_tag-radiant-en","9":"product_shipping_class-more-than-25-kg","10":"description-off","12":"first","13":"instock","14":"taxable","15":"shipping-taxable","16":"purchasable","17":"product-type-simple"},"yoast_head":"<!-- This site is optimized with the Yoast SEO plugin v27.3 - https:\/\/yoast.com\/product\/yoast-seo-wordpress\/ -->\n<title>Radiant pendulum wall clock for living room<\/title>\n<meta name=\"description\" content=\"Pendulum wall clock Signature Radiant Salon, acquired in 1998. Touch the middle (one stroke) and hours (1 to 12 strokes). It has mechanism to silence the bell.\" \/>\n<meta name=\"robots\" content=\"index, follow, max-snippet:-1, max-image-preview:large, max-video-preview:-1\" \/>\n<link rel=\"canonical\" href=\"https:\/\/www.comprarmejor.es\/en\/product\/radiant-pendulum-wall-clock-for-living-room\/\" \/>\n<meta property=\"og:locale\" content=\"en_US\" \/>\n<meta property=\"og:type\" content=\"article\" \/>\n<meta property=\"og:title\" content=\"Radiant pendulum wall clock for living room\" \/>\n<meta property=\"og:description\" content=\"Pendulum wall clock Signature Radiant Salon, acquired in 1998. Touch the middle (one stroke) and hours (1 to 12 strokes). It has mechanism to silence the bell.\" \/>\n<meta property=\"og:url\" content=\"https:\/\/www.comprarmejor.es\/en\/product\/radiant-pendulum-wall-clock-for-living-room\/\" \/>\n<meta property=\"og:site_name\" content=\"ComprarMejor\" \/>\n<meta property=\"article:modified_time\" content=\"2019-07-29T22:36:06+00:00\" \/>\n<meta property=\"og:image\" content=\"https:\/\/www.comprarmejor.es\/wp-content\/uploads\/2016\/02\/p_7_4_0_6_7406-Reloj-de-pared-pendular-Radiant-para-salon.jpg\" \/>\n\t<meta property=\"og:image:width\" content=\"249\" \/>\n\t<meta property=\"og:image:height\" content=\"600\" \/>\n\t<meta property=\"og:image:type\" content=\"image\/jpeg\" \/>\n<meta name=\"twitter:card\" content=\"summary_large_image\" \/>\n<meta name=\"twitter:label1\" content=\"Est. reading time\" \/>\n\t<meta name=\"twitter:data1\" content=\"1 minute\" \/>\n<script type=\"application\/ld+json\" class=\"yoast-schema-graph\">{\"@context\":\"https:\\\/\\\/schema.org\",\"@graph\":[{\"@type\":\"WebPage\",\"@id\":\"https:\\\/\\\/www.comprarmejor.es\\\/en\\\/product\\\/radiant-pendulum-wall-clock-for-living-room\\\/\",\"url\":\"https:\\\/\\\/www.comprarmejor.es\\\/en\\\/product\\\/radiant-pendulum-wall-clock-for-living-room\\\/\",\"name\":\"Radiant pendulum wall clock for living room\",\"isPartOf\":{\"@id\":\"https:\\\/\\\/www.comprarmejor.es\\\/en\\\/#website\"},\"primaryImageOfPage\":{\"@id\":\"https:\\\/\\\/www.comprarmejor.es\\\/en\\\/product\\\/radiant-pendulum-wall-clock-for-living-room\\\/#primaryimage\"},\"image\":{\"@id\":\"https:\\\/\\\/www.comprarmejor.es\\\/en\\\/product\\\/radiant-pendulum-wall-clock-for-living-room\\\/#primaryimage\"},\"thumbnailUrl\":\"https:\\\/\\\/www.comprarmejor.es\\\/wp-content\\\/uploads\\\/2016\\\/02\\\/p_7_4_0_6_7406-Reloj-de-pared-pendular-Radiant-para-salon.jpg\",\"datePublished\":\"2016-02-13T11:48:23+00:00\",\"dateModified\":\"2019-07-29T22:36:06+00:00\",\"description\":\"Pendulum wall clock Signature Radiant Salon, acquired in 1998. Touch the middle (one stroke) and hours (1 to 12 strokes). It has mechanism to silence the bell.\",\"breadcrumb\":{\"@id\":\"https:\\\/\\\/www.comprarmejor.es\\\/en\\\/product\\\/radiant-pendulum-wall-clock-for-living-room\\\/#breadcrumb\"},\"inLanguage\":\"en-US\",\"potentialAction\":[{\"@type\":\"ReadAction\",\"target\":[\"https:\\\/\\\/www.comprarmejor.es\\\/en\\\/product\\\/radiant-pendulum-wall-clock-for-living-room\\\/\"]}]},{\"@type\":\"ImageObject\",\"inLanguage\":\"en-US\",\"@id\":\"https:\\\/\\\/www.comprarmejor.es\\\/en\\\/product\\\/radiant-pendulum-wall-clock-for-living-room\\\/#primaryimage\",\"url\":\"https:\\\/\\\/www.comprarmejor.es\\\/wp-content\\\/uploads\\\/2016\\\/02\\\/p_7_4_0_6_7406-Reloj-de-pared-pendular-Radiant-para-salon.jpg\",\"contentUrl\":\"https:\\\/\\\/www.comprarmejor.es\\\/wp-content\\\/uploads\\\/2016\\\/02\\\/p_7_4_0_6_7406-Reloj-de-pared-pendular-Radiant-para-salon.jpg\",\"width\":249,\"height\":600},{\"@type\":\"BreadcrumbList\",\"@id\":\"https:\\\/\\\/www.comprarmejor.es\\\/en\\\/product\\\/radiant-pendulum-wall-clock-for-living-room\\\/#breadcrumb\",\"itemListElement\":[{\"@type\":\"ListItem\",\"position\":1,\"name\":\"Portada\",\"item\":\"https:\\\/\\\/www.comprarmejor.es\\\/en\\\/\"},{\"@type\":\"ListItem\",\"position\":2,\"name\":\"Shop\",\"item\":\"https:\\\/\\\/www.comprarmejor.es\\\/en\\\/shop\\\/\"},{\"@type\":\"ListItem\",\"position\":3,\"name\":\"Radiant pendulum wall clock for living room\"}]},{\"@type\":\"WebSite\",\"@id\":\"https:\\\/\\\/www.comprarmejor.es\\\/en\\\/#website\",\"url\":\"https:\\\/\\\/www.comprarmejor.es\\\/en\\\/\",\"name\":\"ComprarMejor\",\"description\":\"ComprarMejor\",\"publisher\":{\"@id\":\"https:\\\/\\\/www.comprarmejor.es\\\/en\\\/#organization\"},\"potentialAction\":[{\"@type\":\"SearchAction\",\"target\":{\"@type\":\"EntryPoint\",\"urlTemplate\":\"https:\\\/\\\/www.comprarmejor.es\\\/en\\\/?s={search_term_string}\"},\"query-input\":{\"@type\":\"PropertyValueSpecification\",\"valueRequired\":true,\"valueName\":\"search_term_string\"}}],\"inLanguage\":\"en-US\"},{\"@type\":\"Organization\",\"@id\":\"https:\\\/\\\/www.comprarmejor.es\\\/en\\\/#organization\",\"name\":\"COMPRAR MEJOR\",\"url\":\"https:\\\/\\\/www.comprarmejor.es\\\/en\\\/\",\"logo\":{\"@type\":\"ImageObject\",\"inLanguage\":\"en-US\",\"@id\":\"https:\\\/\\\/www.comprarmejor.es\\\/en\\\/#\\\/schema\\\/logo\\\/image\\\/\",\"url\":\"https:\\\/\\\/www.comprarmejor.es\\\/wp-content\\\/uploads\\\/2025\\\/09\\\/comprarmejortrinidad.jpg\",\"contentUrl\":\"https:\\\/\\\/www.comprarmejor.es\\\/wp-content\\\/uploads\\\/2025\\\/09\\\/comprarmejortrinidad.jpg\",\"width\":1022,\"height\":1380,\"caption\":\"COMPRAR MEJOR\"},\"image\":{\"@id\":\"https:\\\/\\\/www.comprarmejor.es\\\/en\\\/#\\\/schema\\\/logo\\\/image\\\/\"},\"sameAs\":[\"https:\\\/\\\/www.instagram.com\\\/amigosdelcodice\"]}]}<\/script>\n<!-- \/ Yoast SEO plugin. -->","yoast_head_json":{"title":"Radiant pendulum wall clock for living room","description":"Pendulum wall clock Signature Radiant Salon, acquired in 1998. Touch the middle (one stroke) and hours (1 to 12 strokes). It has mechanism to silence the bell.","robots":{"index":"index","follow":"follow","max-snippet":"max-snippet:-1","max-image-preview":"max-image-preview:large","max-video-preview":"max-video-preview:-1"},"canonical":"https:\/\/www.comprarmejor.es\/en\/product\/radiant-pendulum-wall-clock-for-living-room\/","og_locale":"en_US","og_type":"article","og_title":"Radiant pendulum wall clock for living room","og_description":"Pendulum wall clock Signature Radiant Salon, acquired in 1998. Touch the middle (one stroke) and hours (1 to 12 strokes). It has mechanism to silence the bell.","og_url":"https:\/\/www.comprarmejor.es\/en\/product\/radiant-pendulum-wall-clock-for-living-room\/","og_site_name":"ComprarMejor","article_modified_time":"2019-07-29T22:36:06+00:00","og_image":[{"width":249,"height":600,"url":"https:\/\/www.comprarmejor.es\/wp-content\/uploads\/2016\/02\/p_7_4_0_6_7406-Reloj-de-pared-pendular-Radiant-para-salon.jpg","type":"image\/jpeg"}],"twitter_card":"summary_large_image","twitter_misc":{"Est. reading time":"1 minute"},"schema":{"@context":"https:\/\/schema.org","@graph":[{"@type":"WebPage","@id":"https:\/\/www.comprarmejor.es\/en\/product\/radiant-pendulum-wall-clock-for-living-room\/","url":"https:\/\/www.comprarmejor.es\/en\/product\/radiant-pendulum-wall-clock-for-living-room\/","name":"Radiant pendulum wall clock for living room","isPartOf":{"@id":"https:\/\/www.comprarmejor.es\/en\/#website"},"primaryImageOfPage":{"@id":"https:\/\/www.comprarmejor.es\/en\/product\/radiant-pendulum-wall-clock-for-living-room\/#primaryimage"},"image":{"@id":"https:\/\/www.comprarmejor.es\/en\/product\/radiant-pendulum-wall-clock-for-living-room\/#primaryimage"},"thumbnailUrl":"https:\/\/www.comprarmejor.es\/wp-content\/uploads\/2016\/02\/p_7_4_0_6_7406-Reloj-de-pared-pendular-Radiant-para-salon.jpg","datePublished":"2016-02-13T11:48:23+00:00","dateModified":"2019-07-29T22:36:06+00:00","description":"Pendulum wall clock Signature Radiant Salon, acquired in 1998. Touch the middle (one stroke) and hours (1 to 12 strokes). It has mechanism to silence the bell.","breadcrumb":{"@id":"https:\/\/www.comprarmejor.es\/en\/product\/radiant-pendulum-wall-clock-for-living-room\/#breadcrumb"},"inLanguage":"en-US","potentialAction":[{"@type":"ReadAction","target":["https:\/\/www.comprarmejor.es\/en\/product\/radiant-pendulum-wall-clock-for-living-room\/"]}]},{"@type":"ImageObject","inLanguage":"en-US","@id":"https:\/\/www.comprarmejor.es\/en\/product\/radiant-pendulum-wall-clock-for-living-room\/#primaryimage","url":"https:\/\/www.comprarmejor.es\/wp-content\/uploads\/2016\/02\/p_7_4_0_6_7406-Reloj-de-pared-pendular-Radiant-para-salon.jpg","contentUrl":"https:\/\/www.comprarmejor.es\/wp-content\/uploads\/2016\/02\/p_7_4_0_6_7406-Reloj-de-pared-pendular-Radiant-para-salon.jpg","width":249,"height":600},{"@type":"BreadcrumbList","@id":"https:\/\/www.comprarmejor.es\/en\/product\/radiant-pendulum-wall-clock-for-living-room\/#breadcrumb","itemListElement":[{"@type":"ListItem","position":1,"name":"Portada","item":"https:\/\/www.comprarmejor.es\/en\/"},{"@type":"ListItem","position":2,"name":"Shop","item":"https:\/\/www.comprarmejor.es\/en\/shop\/"},{"@type":"ListItem","position":3,"name":"Radiant pendulum wall clock for living room"}]},{"@type":"WebSite","@id":"https:\/\/www.comprarmejor.es\/en\/#website","url":"https:\/\/www.comprarmejor.es\/en\/","name":"ComprarMejor","description":"ComprarMejor","publisher":{"@id":"https:\/\/www.comprarmejor.es\/en\/#organization"},"potentialAction":[{"@type":"SearchAction","target":{"@type":"EntryPoint","urlTemplate":"https:\/\/www.comprarmejor.es\/en\/?s={search_term_string}"},"query-input":{"@type":"PropertyValueSpecification","valueRequired":true,"valueName":"search_term_string"}}],"inLanguage":"en-US"},{"@type":"Organization","@id":"https:\/\/www.comprarmejor.es\/en\/#organization","name":"COMPRAR MEJOR","url":"https:\/\/www.comprarmejor.es\/en\/","logo":{"@type":"ImageObject","inLanguage":"en-US","@id":"https:\/\/www.comprarmejor.es\/en\/#\/schema\/logo\/image\/","url":"https:\/\/www.comprarmejor.es\/wp-content\/uploads\/2025\/09\/comprarmejortrinidad.jpg","contentUrl":"https:\/\/www.comprarmejor.es\/wp-content\/uploads\/2025\/09\/comprarmejortrinidad.jpg","width":1022,"height":1380,"caption":"COMPRAR MEJOR"},"image":{"@id":"https:\/\/www.comprarmejor.es\/en\/#\/schema\/logo\/image\/"},"sameAs":["https:\/\/www.instagram.com\/amigosdelcodice"]}]}},"_links":{"self":[{"href":"https:\/\/www.comprarmejor.es\/en\/wp-json\/wp\/v2\/product\/52843","targetHints":{"allow":["GET"]}}],"collection":[{"href":"https:\/\/www.comprarmejor.es\/en\/wp-json\/wp\/v2\/product"}],"about":[{"href":"https:\/\/www.comprarmejor.es\/en\/wp-json\/wp\/v2\/types\/product"}],"wp:featuredmedia":[{"embeddable":true,"href":"https:\/\/www.comprarmejor.es\/en\/wp-json\/wp\/v2\/media\/52835"}],"wp:attachment":[{"href":"https:\/\/www.comprarmejor.es\/en\/wp-json\/wp\/v2\/media?parent=52843"}],"wp:term":[{"taxonomy":"product_brand","embeddable":true,"href":"https:\/\/www.comprarmejor.es\/en\/wp-json\/wp\/v2\/product_brand?post=52843"},{"taxonomy":"product_cat","embeddable":true,"href":"https:\/\/www.comprarmejor.es\/en\/wp-json\/wp\/v2\/product_cat?post=52843"},{"taxonomy":"product_tag","embeddable":true,"href":"https:\/\/www.comprarmejor.es\/en\/wp-json\/wp\/v2\/product_tag?post=52843"}],"curies":[{"name":"wp","href":"https:\/\/api.w.org\/{rel}","templated":true}]}}