{"id":52981,"date":"2016-02-16T12:42:37","date_gmt":"2016-02-16T11:42:37","guid":{"rendered":"https:\/\/www.comprarmejor.es\/producto\/embassy-to-tamerlane-road-to-samarkand-1403-1406\/"},"modified":"2022-07-21T11:50:11","modified_gmt":"2022-07-21T09:50:11","slug":"galaxies-i-journey-through-the-universe-folio-1994","status":"publish","type":"product","link":"https:\/\/www.comprarmejor.es\/en\/product\/galaxies-i-journey-through-the-universe-folio-1994\/","title":{"rendered":"Galaxies I. Journey through the Universe. Folio, 1994"},"content":{"rendered":"<p style=\"text-align: justify;\"><span class=\"VIiyi\" lang=\"en\"><span class=\"JLqJ4b ChMk0b\" data-language-for-alternatives=\"en\" data-language-to-translate-into=\"es\" data-phrase-index=\"9\" data-number-of-phrases=\"18\"><span class=\"Q4iAWc\">Volume &#8220;Galaxias I&#8221; of the collection &#8220;Journey through the Universe&#8221; that the Folio publishing house published between 1994 and 1996 in 40 volumes for Spanish-language readers.<\/span><\/span> <span class=\"JLqJ4b ChMk0b\" data-language-for-alternatives=\"en\" data-language-to-translate-into=\"es\" data-phrase-index=\"10\" data-number-of-phrases=\"18\"><span class=\"Q4iAWc\">Translation Santo Domingo.<\/span><\/span> <span class=\"JLqJ4b ChMk0b\" data-language-for-alternatives=\"en\" data-language-to-translate-into=\"es\" data-phrase-index=\"11\" data-number-of-phrases=\"18\"><span class=\"Q4iAWc\">Copy in perfect condition, new, without marks, without use.<\/span><\/span><\/span><\/p>\n<p style=\"text-align: justify;\"><span class=\"VIiyi\" lang=\"en\"><span class=\"JLqJ4b ChMk0b\" data-language-for-alternatives=\"en\" data-language-to-translate-into=\"es\" data-phrase-index=\"13\" data-number-of-phrases=\"18\"><span class=\"Q4iAWc\">Illustrated hardcover binding, 24 x 28.5 cm format.<\/span><\/span> <span class=\"JLqJ4b ChMk0b\" data-language-for-alternatives=\"en\" data-language-to-translate-into=\"es\" data-phrase-index=\"14\" data-number-of-phrases=\"18\"><span class=\"Q4iAWc\">80 highly illustrated color pages with impressive images of the Universe.<\/span><\/span><\/span><\/p>\n<p style=\"text-align: justify;\"><span title=\"Gastos de env\u00edo por cuenta del comprador, seg\u00fan pedido y destino.\"><span class=\"VIiyi\" lang=\"en\"><span class=\"JLqJ4b\" data-language-for-alternatives=\"en\" data-language-to-translate-into=\"es\" data-phrase-index=\"0\" data-number-of-phrases=\"1\">Shipping costs paid by the buyer, according to order and destination<\/span><\/span>. <\/span><span title=\"Cons\u00faltenos cualquier duda, as\u00ed como por cualquier otro art\u00edculo que est\u00e9 buscando.\"><a class=\"btn btn-default\" href=\"https:\/\/www.comprarmejor.es\/en\/contact\">Ask us<\/a> <span class=\"VIiyi\" lang=\"en\"><span class=\"JLqJ4b\" data-language-for-alternatives=\"en\" data-language-to-translate-into=\"es\" data-phrase-index=\"0\" data-number-of-phrases=\"1\">without obligation (indicating the reference of the article) any questions.<\/span><\/span><br \/>\n<\/span><\/p>\n","protected":false},"excerpt":{"rendered":"<p style=\"text-align: justify;\"><span id=\"result_box\" lang=\"en\" xml:lang=\"en\"><span title=\"Edici\u00f3n especial de bibli\u00f3filo en Madrid, 2009. Embajada a Tamorl\u00e1n (la ruta a Samarcanda): itinerario y narraci\u00f3n el viaje y relaci\u00f3n que la embajada que\u2026 hizo, por mandato del\u2026 Rey don Enrique Tercero de Castilla, 1403-1406.\"><span class=\"VIiyi\" lang=\"en\"><span class=\"JLqJ4b\" data-language-for-alternatives=\"en\" data-language-to-translate-into=\"es\" data-phrase-index=\"0\" data-number-of-phrases=\"1\"><span class=\"JLqJ4b ChMk0b C1N51c\" data-language-for-alternatives=\"en\" data-language-to-translate-into=\"es\" data-phrase-index=\"9\" data-number-of-phrases=\"18\"><span class=\"Q4iAWc\">Volume &#8220;Galaxias I&#8221; of the collection &#8220;Journey through the Universe&#8221; that the Folio publishing house published between 1994 and 1996 in 40 volumes<br \/>\n<\/span><\/span><\/span><\/span><\/span><\/span><\/p>\n","protected":false},"featured_media":78955,"template":"","meta":[],"product_brand":[],"product_cat":[2256],"product_tag":[],"class_list":{"0":"post-52981","1":"product","2":"type-product","3":"status-publish","4":"has-post-thumbnail","6":"product_cat-books-in-general","7":"product_shipping_class-from-0-to-1-kg","8":"description-off","10":"first","11":"instock","12":"sale","13":"taxable","14":"shipping-taxable","15":"purchasable","16":"product-type-simple"},"yoast_head":"<!-- This site is optimized with the Yoast SEO plugin v27.3 - https:\/\/yoast.com\/product\/yoast-seo-wordpress\/ -->\n<title>Galaxies I. Journey through the Universe. Folio, 1994<\/title>\n<meta name=\"description\" content=\"Volume &quot;Galaxias I&quot; of the collection &quot;Journey through the Universe&quot; that the Folio published between 1994 and 1996 in 40 volumes\" \/>\n<meta name=\"robots\" content=\"index, follow, max-snippet:-1, max-image-preview:large, max-video-preview:-1\" \/>\n<link rel=\"canonical\" href=\"https:\/\/www.comprarmejor.es\/en\/product\/galaxies-i-journey-through-the-universe-folio-1994\/\" \/>\n<meta property=\"og:locale\" content=\"en_US\" \/>\n<meta property=\"og:type\" content=\"article\" \/>\n<meta property=\"og:title\" content=\"Galaxies I. Journey through the Universe. Folio, 1994\" \/>\n<meta property=\"og:description\" content=\"Volume &quot;Galaxias I&quot; of the collection &quot;Journey through the Universe&quot; that the Folio published between 1994 and 1996 in 40 volumes\" \/>\n<meta property=\"og:url\" content=\"https:\/\/www.comprarmejor.es\/en\/product\/galaxies-i-journey-through-the-universe-folio-1994\/\" \/>\n<meta property=\"og:site_name\" content=\"ComprarMejor\" \/>\n<meta property=\"article:modified_time\" content=\"2022-07-21T09:50:11+00:00\" \/>\n<meta property=\"og:image\" content=\"https:\/\/www.comprarmejor.es\/wp-content\/uploads\/2016\/02\/DSC04329.jpg\" \/>\n\t<meta property=\"og:image:width\" content=\"665\" \/>\n\t<meta property=\"og:image:height\" content=\"698\" \/>\n\t<meta property=\"og:image:type\" content=\"image\/jpeg\" \/>\n<meta name=\"twitter:card\" content=\"summary_large_image\" \/>\n<script type=\"application\/ld+json\" class=\"yoast-schema-graph\">{\"@context\":\"https:\\\/\\\/schema.org\",\"@graph\":[{\"@type\":\"WebPage\",\"@id\":\"https:\\\/\\\/www.comprarmejor.es\\\/en\\\/product\\\/galaxies-i-journey-through-the-universe-folio-1994\\\/\",\"url\":\"https:\\\/\\\/www.comprarmejor.es\\\/en\\\/product\\\/galaxies-i-journey-through-the-universe-folio-1994\\\/\",\"name\":\"Galaxies I. Journey through the Universe. Folio, 1994\",\"isPartOf\":{\"@id\":\"https:\\\/\\\/www.comprarmejor.es\\\/en\\\/#website\"},\"primaryImageOfPage\":{\"@id\":\"https:\\\/\\\/www.comprarmejor.es\\\/en\\\/product\\\/galaxies-i-journey-through-the-universe-folio-1994\\\/#primaryimage\"},\"image\":{\"@id\":\"https:\\\/\\\/www.comprarmejor.es\\\/en\\\/product\\\/galaxies-i-journey-through-the-universe-folio-1994\\\/#primaryimage\"},\"thumbnailUrl\":\"https:\\\/\\\/www.comprarmejor.es\\\/wp-content\\\/uploads\\\/2016\\\/02\\\/DSC04329.jpg\",\"datePublished\":\"2016-02-16T11:42:37+00:00\",\"dateModified\":\"2022-07-21T09:50:11+00:00\",\"description\":\"Volume \\\"Galaxias I\\\" of the collection \\\"Journey through the Universe\\\" that the Folio published between 1994 and 1996 in 40 volumes\",\"breadcrumb\":{\"@id\":\"https:\\\/\\\/www.comprarmejor.es\\\/en\\\/product\\\/galaxies-i-journey-through-the-universe-folio-1994\\\/#breadcrumb\"},\"inLanguage\":\"en-US\",\"potentialAction\":[{\"@type\":\"ReadAction\",\"target\":[\"https:\\\/\\\/www.comprarmejor.es\\\/en\\\/product\\\/galaxies-i-journey-through-the-universe-folio-1994\\\/\"]}]},{\"@type\":\"ImageObject\",\"inLanguage\":\"en-US\",\"@id\":\"https:\\\/\\\/www.comprarmejor.es\\\/en\\\/product\\\/galaxies-i-journey-through-the-universe-folio-1994\\\/#primaryimage\",\"url\":\"https:\\\/\\\/www.comprarmejor.es\\\/wp-content\\\/uploads\\\/2016\\\/02\\\/DSC04329.jpg\",\"contentUrl\":\"https:\\\/\\\/www.comprarmejor.es\\\/wp-content\\\/uploads\\\/2016\\\/02\\\/DSC04329.jpg\",\"width\":665,\"height\":698},{\"@type\":\"BreadcrumbList\",\"@id\":\"https:\\\/\\\/www.comprarmejor.es\\\/en\\\/product\\\/galaxies-i-journey-through-the-universe-folio-1994\\\/#breadcrumb\",\"itemListElement\":[{\"@type\":\"ListItem\",\"position\":1,\"name\":\"Portada\",\"item\":\"https:\\\/\\\/www.comprarmejor.es\\\/en\\\/\"},{\"@type\":\"ListItem\",\"position\":2,\"name\":\"Shop\",\"item\":\"https:\\\/\\\/www.comprarmejor.es\\\/en\\\/shop\\\/\"},{\"@type\":\"ListItem\",\"position\":3,\"name\":\"Galaxies I. Journey through the Universe. Folio, 1994\"}]},{\"@type\":\"WebSite\",\"@id\":\"https:\\\/\\\/www.comprarmejor.es\\\/en\\\/#website\",\"url\":\"https:\\\/\\\/www.comprarmejor.es\\\/en\\\/\",\"name\":\"ComprarMejor\",\"description\":\"ComprarMejor\",\"publisher\":{\"@id\":\"https:\\\/\\\/www.comprarmejor.es\\\/en\\\/#organization\"},\"potentialAction\":[{\"@type\":\"SearchAction\",\"target\":{\"@type\":\"EntryPoint\",\"urlTemplate\":\"https:\\\/\\\/www.comprarmejor.es\\\/en\\\/?s={search_term_string}\"},\"query-input\":{\"@type\":\"PropertyValueSpecification\",\"valueRequired\":true,\"valueName\":\"search_term_string\"}}],\"inLanguage\":\"en-US\"},{\"@type\":\"Organization\",\"@id\":\"https:\\\/\\\/www.comprarmejor.es\\\/en\\\/#organization\",\"name\":\"COMPRAR MEJOR\",\"url\":\"https:\\\/\\\/www.comprarmejor.es\\\/en\\\/\",\"logo\":{\"@type\":\"ImageObject\",\"inLanguage\":\"en-US\",\"@id\":\"https:\\\/\\\/www.comprarmejor.es\\\/en\\\/#\\\/schema\\\/logo\\\/image\\\/\",\"url\":\"https:\\\/\\\/www.comprarmejor.es\\\/wp-content\\\/uploads\\\/2025\\\/09\\\/comprarmejortrinidad.jpg\",\"contentUrl\":\"https:\\\/\\\/www.comprarmejor.es\\\/wp-content\\\/uploads\\\/2025\\\/09\\\/comprarmejortrinidad.jpg\",\"width\":1022,\"height\":1380,\"caption\":\"COMPRAR MEJOR\"},\"image\":{\"@id\":\"https:\\\/\\\/www.comprarmejor.es\\\/en\\\/#\\\/schema\\\/logo\\\/image\\\/\"},\"sameAs\":[\"https:\\\/\\\/www.instagram.com\\\/amigosdelcodice\"]}]}<\/script>\n<!-- \/ Yoast SEO plugin. -->","yoast_head_json":{"title":"Galaxies I. Journey through the Universe. Folio, 1994","description":"Volume \"Galaxias I\" of the collection \"Journey through the Universe\" that the Folio published between 1994 and 1996 in 40 volumes","robots":{"index":"index","follow":"follow","max-snippet":"max-snippet:-1","max-image-preview":"max-image-preview:large","max-video-preview":"max-video-preview:-1"},"canonical":"https:\/\/www.comprarmejor.es\/en\/product\/galaxies-i-journey-through-the-universe-folio-1994\/","og_locale":"en_US","og_type":"article","og_title":"Galaxies I. Journey through the Universe. Folio, 1994","og_description":"Volume \"Galaxias I\" of the collection \"Journey through the Universe\" that the Folio published between 1994 and 1996 in 40 volumes","og_url":"https:\/\/www.comprarmejor.es\/en\/product\/galaxies-i-journey-through-the-universe-folio-1994\/","og_site_name":"ComprarMejor","article_modified_time":"2022-07-21T09:50:11+00:00","og_image":[{"width":665,"height":698,"url":"https:\/\/www.comprarmejor.es\/wp-content\/uploads\/2016\/02\/DSC04329.jpg","type":"image\/jpeg"}],"twitter_card":"summary_large_image","schema":{"@context":"https:\/\/schema.org","@graph":[{"@type":"WebPage","@id":"https:\/\/www.comprarmejor.es\/en\/product\/galaxies-i-journey-through-the-universe-folio-1994\/","url":"https:\/\/www.comprarmejor.es\/en\/product\/galaxies-i-journey-through-the-universe-folio-1994\/","name":"Galaxies I. Journey through the Universe. Folio, 1994","isPartOf":{"@id":"https:\/\/www.comprarmejor.es\/en\/#website"},"primaryImageOfPage":{"@id":"https:\/\/www.comprarmejor.es\/en\/product\/galaxies-i-journey-through-the-universe-folio-1994\/#primaryimage"},"image":{"@id":"https:\/\/www.comprarmejor.es\/en\/product\/galaxies-i-journey-through-the-universe-folio-1994\/#primaryimage"},"thumbnailUrl":"https:\/\/www.comprarmejor.es\/wp-content\/uploads\/2016\/02\/DSC04329.jpg","datePublished":"2016-02-16T11:42:37+00:00","dateModified":"2022-07-21T09:50:11+00:00","description":"Volume \"Galaxias I\" of the collection \"Journey through the Universe\" that the Folio published between 1994 and 1996 in 40 volumes","breadcrumb":{"@id":"https:\/\/www.comprarmejor.es\/en\/product\/galaxies-i-journey-through-the-universe-folio-1994\/#breadcrumb"},"inLanguage":"en-US","potentialAction":[{"@type":"ReadAction","target":["https:\/\/www.comprarmejor.es\/en\/product\/galaxies-i-journey-through-the-universe-folio-1994\/"]}]},{"@type":"ImageObject","inLanguage":"en-US","@id":"https:\/\/www.comprarmejor.es\/en\/product\/galaxies-i-journey-through-the-universe-folio-1994\/#primaryimage","url":"https:\/\/www.comprarmejor.es\/wp-content\/uploads\/2016\/02\/DSC04329.jpg","contentUrl":"https:\/\/www.comprarmejor.es\/wp-content\/uploads\/2016\/02\/DSC04329.jpg","width":665,"height":698},{"@type":"BreadcrumbList","@id":"https:\/\/www.comprarmejor.es\/en\/product\/galaxies-i-journey-through-the-universe-folio-1994\/#breadcrumb","itemListElement":[{"@type":"ListItem","position":1,"name":"Portada","item":"https:\/\/www.comprarmejor.es\/en\/"},{"@type":"ListItem","position":2,"name":"Shop","item":"https:\/\/www.comprarmejor.es\/en\/shop\/"},{"@type":"ListItem","position":3,"name":"Galaxies I. Journey through the Universe. Folio, 1994"}]},{"@type":"WebSite","@id":"https:\/\/www.comprarmejor.es\/en\/#website","url":"https:\/\/www.comprarmejor.es\/en\/","name":"ComprarMejor","description":"ComprarMejor","publisher":{"@id":"https:\/\/www.comprarmejor.es\/en\/#organization"},"potentialAction":[{"@type":"SearchAction","target":{"@type":"EntryPoint","urlTemplate":"https:\/\/www.comprarmejor.es\/en\/?s={search_term_string}"},"query-input":{"@type":"PropertyValueSpecification","valueRequired":true,"valueName":"search_term_string"}}],"inLanguage":"en-US"},{"@type":"Organization","@id":"https:\/\/www.comprarmejor.es\/en\/#organization","name":"COMPRAR MEJOR","url":"https:\/\/www.comprarmejor.es\/en\/","logo":{"@type":"ImageObject","inLanguage":"en-US","@id":"https:\/\/www.comprarmejor.es\/en\/#\/schema\/logo\/image\/","url":"https:\/\/www.comprarmejor.es\/wp-content\/uploads\/2025\/09\/comprarmejortrinidad.jpg","contentUrl":"https:\/\/www.comprarmejor.es\/wp-content\/uploads\/2025\/09\/comprarmejortrinidad.jpg","width":1022,"height":1380,"caption":"COMPRAR MEJOR"},"image":{"@id":"https:\/\/www.comprarmejor.es\/en\/#\/schema\/logo\/image\/"},"sameAs":["https:\/\/www.instagram.com\/amigosdelcodice"]}]}},"_links":{"self":[{"href":"https:\/\/www.comprarmejor.es\/en\/wp-json\/wp\/v2\/product\/52981","targetHints":{"allow":["GET"]}}],"collection":[{"href":"https:\/\/www.comprarmejor.es\/en\/wp-json\/wp\/v2\/product"}],"about":[{"href":"https:\/\/www.comprarmejor.es\/en\/wp-json\/wp\/v2\/types\/product"}],"wp:featuredmedia":[{"embeddable":true,"href":"https:\/\/www.comprarmejor.es\/en\/wp-json\/wp\/v2\/media\/78955"}],"wp:attachment":[{"href":"https:\/\/www.comprarmejor.es\/en\/wp-json\/wp\/v2\/media?parent=52981"}],"wp:term":[{"taxonomy":"product_brand","embeddable":true,"href":"https:\/\/www.comprarmejor.es\/en\/wp-json\/wp\/v2\/product_brand?post=52981"},{"taxonomy":"product_cat","embeddable":true,"href":"https:\/\/www.comprarmejor.es\/en\/wp-json\/wp\/v2\/product_cat?post=52981"},{"taxonomy":"product_tag","embeddable":true,"href":"https:\/\/www.comprarmejor.es\/en\/wp-json\/wp\/v2\/product_tag?post=52981"}],"curies":[{"name":"wp","href":"https:\/\/api.w.org\/{rel}","templated":true}]}}