{"id":53073,"date":"2016-02-19T12:57:08","date_gmt":"2016-02-19T11:57:08","guid":{"rendered":"https:\/\/www.comprarmejor.es\/producto\/banner-historic-santa-eulalia-chromolithography-1877\/"},"modified":"2019-08-28T15:41:30","modified_gmt":"2019-08-28T13:41:30","slug":"banner-historic-santa-eulalia-chromolithography-1877","status":"publish","type":"product","link":"https:\/\/www.comprarmejor.es\/en\/product\/banner-historic-santa-eulalia-chromolithography-1877\/","title":{"rendered":"Banner historic Santa Eulalia, chromolithography 1877"},"content":{"rendered":"<p style=\"text-align:justify;\"><span id=\"result_box\" lang=\"en\" xml:lang=\"en\"><span title=\"Hoja suelta del tomo de cromolitograf\u00edas editado en 1877 por Montaner y Sim\u00f3n Editores, Barcelona, correspondiente a la &quot;Historia General de Espa\u00f1a&quot; de Modesto Lafuente y Zamalloa, periodista de fama e historiador oficial por excelencia.\">Cutsheet chromolithographs tome published in 1877 by Montaner and Simon Editores, Barcelona, \u200b\u200bcorresponding to the &#8220;General History of Spain&#8221; from Modesto Lafuente and Zamalloa, renowned journalist and official historian par excellence.<\/p>\n<p><\/span><span title=\"Medidas 231 x 325 mm.\">Measures 231 x 325 mm. <\/span><span title=\"Papel grueso en muy buen estado, aunque denota el paso del tiempo y presenta un peque\u00f1o corte en el lado izquierdo que no afecta para nada a la imagen.\">thick paper in very good condition, although denotes the passage of time and has a small cut on the left side that does not affect the image. <\/span><span title=\"Volumen muy raro de encontrar al completo.\">very rare to find the full volume. <\/span><span title=\"Existen hojas desperdigadas muy buscadas por los historiadores y coleccionistas en general.\">There are scattered leaves much sought after by historians and collectors in general.<\/p>\n<p><\/span><span title=\"Al pie de la reproducci\u00f3n consta la siguiente leyenda: &quot;Copia del Hist\u00f3rico Pend\u00f3n de Santa Eulalia (tal como se conserva actualmente en el Archivo del Ayuntamiento de Barcelona)&quot;.\">At the foot of the reproduction has the following legend: &#8220;Copy of Historic Banner Santa Eulalia (as is currently preserved in the Archives of the City of Barcelona)&#8221;.<\/p>\n<p><\/span><span title=\"La &quot;Historia General de Espa\u00f1a&quot; de Modesto Lafuente fue la primera -Historia Nacional- del liberalismo espa\u00f1ol, y el r\u00e1pido y prolongado \u00e9xito obtenido por la publicaci\u00f3n de su obra hizo de \u00e9l el escritor de Historia m\u00e1s le\u00eddo del siglo XIX, llegando a ser\">The &#8220;General History of Spain&#8221; from Modesto Lafuente was the first -History Nacional- of Spanish liberalism and the rapid and prolonged success of the publication of his work made him the most widely read writer of the nineteenth century history, becoming <\/span><span title=\"considerado como &quot;el padre de la Historia Nacional Espa\u00f1ola&quot;, y siendo el historiador m\u00e1s citado de nuestro siglo XIX.\">considered &#8220;the father of the Spanish National History&#8221;, and being the most quoted historian of our nineteenth century. <\/span><span title=\"Con continuas reediciones y continuaciones que alcanzan la segunda d\u00e9cada del siglo XX, la obra influir\u00e1 decisivamente en la creaci\u00f3n del nuevo g\u00e9nero historiogr\u00e1fico de las -Historias Nacionales-, alcanzando un gran predicamento entre los autores de manuales, cuyos contenidos reproducir\u00e1n la concepci\u00f3n ontol\u00f3gica del pasado\">With continuous reissues and continuations reaching the second decade of the twentieth century, the work will decisively influence the creation of new historiographical genre of Music National-stories, reaching a great prestige among the authors of manuals, the contents played the ontological conception of the past <\/span><span title=\"de la naci\u00f3n espa\u00f1ola, resumida por Lafuente en el \u00abDiscurso preliminar\u00bb y narrada como una secuencia temporal continua en los treinta vol\u00famenes de la obra.\">the Spanish nation, summarized by Lafuente in the &#8220;preliminary Discourse&#8221; and narrated as a continuous time sequence in the thirty volumes of the work.<\/p>\n<p><\/span><span title=\"Gastos de env\u00edo por cuenta del comprador, seg\u00fan pedido y destino.\">Shipping by the buyer, upon request and destination.\u00a0<\/span><span title=\"Cons\u00faltenos cualquier duda, as\u00ed como por cualquier otro art\u00edculo que est\u00e9 buscando.\"><a class=\"btn btn-default\" href=\"http:\/\/comprarmejor.es\/en\/contact\">Ask us<\/a> any questions, as well as any other items you are seeking.<\/span><\/span><\/p>\n","protected":false},"excerpt":{"rendered":"<p style=\"text-align:justify;\"><span id=\"result_box\" lang=\"en\" xml:lang=\"en\"><span title=\"Hoja suelta del tomo de cromolitograf\u00edas editado en 1877 por Montaner y Sim\u00f3n Editores, Barcelona, correspondiente a la &quot;Historia General de Espa\u00f1a&quot; de Modesto Lafuente y Zamalloa, periodista de fama e historiador oficial por excelencia.\">Cutsheet chromolithographs tome published in 1877 by Montaner and Simon Editores, Barcelona, \u200b\u200bcorresponding to the &#8220;General History of Spain&#8221; from Modesto Lafuente and Zamalloa, renowned journalist and official historian par excellence.<\/span><\/span><\/p>\n","protected":false},"featured_media":53071,"template":"","meta":[],"product_brand":[],"product_cat":[2194,2258],"product_tag":[4442,5120],"class_list":{"0":"post-53073","1":"product","2":"type-product","3":"status-publish","4":"has-post-thumbnail","6":"product_cat-miscellany","7":"product_cat-various","8":"product_tag-barcelona-en","9":"product_tag-history-en","10":"product_shipping_class-from-0-to-1-kg","11":"description-off","13":"first","14":"instock","15":"taxable","16":"shipping-taxable","17":"purchasable","18":"product-type-simple"},"yoast_head":"<!-- This site is optimized with the Yoast SEO plugin v27.3 - https:\/\/yoast.com\/product\/yoast-seo-wordpress\/ -->\n<title>Banner historic Santa Eulalia, chromolithography 1877<\/title>\n<meta name=\"description\" content=\"Cutsheet chromolithographs tome published in 1877 by Montaner and Simon Editores, \u200b\u200bcorresponding to the &quot;General History of Spain&quot; from Modesto Lafuente\" \/>\n<meta name=\"robots\" content=\"index, follow, max-snippet:-1, max-image-preview:large, max-video-preview:-1\" \/>\n<link rel=\"canonical\" href=\"https:\/\/www.comprarmejor.es\/en\/product\/banner-historic-santa-eulalia-chromolithography-1877\/\" \/>\n<meta property=\"og:locale\" content=\"en_US\" \/>\n<meta property=\"og:type\" content=\"article\" \/>\n<meta property=\"og:title\" content=\"Banner historic Santa Eulalia, chromolithography 1877\" \/>\n<meta property=\"og:description\" content=\"Cutsheet chromolithographs tome published in 1877 by Montaner and Simon Editores, \u200b\u200bcorresponding to the &quot;General History of Spain&quot; from Modesto Lafuente\" \/>\n<meta property=\"og:url\" content=\"https:\/\/www.comprarmejor.es\/en\/product\/banner-historic-santa-eulalia-chromolithography-1877\/\" \/>\n<meta property=\"og:site_name\" content=\"ComprarMejor\" \/>\n<meta property=\"article:modified_time\" content=\"2019-08-28T13:41:30+00:00\" \/>\n<meta property=\"og:image\" content=\"https:\/\/www.comprarmejor.es\/wp-content\/uploads\/2016\/02\/p_7_4_8_2_7482-Historico-Pendon-de-Santa-Eulalia-cromolitografia-de-1877.jpg\" \/>\n\t<meta property=\"og:image:width\" content=\"460\" \/>\n\t<meta property=\"og:image:height\" content=\"600\" \/>\n\t<meta property=\"og:image:type\" content=\"image\/jpeg\" \/>\n<meta name=\"twitter:card\" content=\"summary_large_image\" \/>\n<meta name=\"twitter:label1\" content=\"Est. reading time\" \/>\n\t<meta name=\"twitter:data1\" content=\"1 minute\" \/>\n<script type=\"application\/ld+json\" class=\"yoast-schema-graph\">{\"@context\":\"https:\\\/\\\/schema.org\",\"@graph\":[{\"@type\":\"WebPage\",\"@id\":\"https:\\\/\\\/www.comprarmejor.es\\\/en\\\/product\\\/banner-historic-santa-eulalia-chromolithography-1877\\\/\",\"url\":\"https:\\\/\\\/www.comprarmejor.es\\\/en\\\/product\\\/banner-historic-santa-eulalia-chromolithography-1877\\\/\",\"name\":\"Banner historic Santa Eulalia, chromolithography 1877\",\"isPartOf\":{\"@id\":\"https:\\\/\\\/www.comprarmejor.es\\\/en\\\/#website\"},\"primaryImageOfPage\":{\"@id\":\"https:\\\/\\\/www.comprarmejor.es\\\/en\\\/product\\\/banner-historic-santa-eulalia-chromolithography-1877\\\/#primaryimage\"},\"image\":{\"@id\":\"https:\\\/\\\/www.comprarmejor.es\\\/en\\\/product\\\/banner-historic-santa-eulalia-chromolithography-1877\\\/#primaryimage\"},\"thumbnailUrl\":\"https:\\\/\\\/www.comprarmejor.es\\\/wp-content\\\/uploads\\\/2016\\\/02\\\/p_7_4_8_2_7482-Historico-Pendon-de-Santa-Eulalia-cromolitografia-de-1877.jpg\",\"datePublished\":\"2016-02-19T11:57:08+00:00\",\"dateModified\":\"2019-08-28T13:41:30+00:00\",\"description\":\"Cutsheet chromolithographs tome published in 1877 by Montaner and Simon Editores, \u200b\u200bcorresponding to the \\\"General History of Spain\\\" from Modesto Lafuente\",\"breadcrumb\":{\"@id\":\"https:\\\/\\\/www.comprarmejor.es\\\/en\\\/product\\\/banner-historic-santa-eulalia-chromolithography-1877\\\/#breadcrumb\"},\"inLanguage\":\"en-US\",\"potentialAction\":[{\"@type\":\"ReadAction\",\"target\":[\"https:\\\/\\\/www.comprarmejor.es\\\/en\\\/product\\\/banner-historic-santa-eulalia-chromolithography-1877\\\/\"]}]},{\"@type\":\"ImageObject\",\"inLanguage\":\"en-US\",\"@id\":\"https:\\\/\\\/www.comprarmejor.es\\\/en\\\/product\\\/banner-historic-santa-eulalia-chromolithography-1877\\\/#primaryimage\",\"url\":\"https:\\\/\\\/www.comprarmejor.es\\\/wp-content\\\/uploads\\\/2016\\\/02\\\/p_7_4_8_2_7482-Historico-Pendon-de-Santa-Eulalia-cromolitografia-de-1877.jpg\",\"contentUrl\":\"https:\\\/\\\/www.comprarmejor.es\\\/wp-content\\\/uploads\\\/2016\\\/02\\\/p_7_4_8_2_7482-Historico-Pendon-de-Santa-Eulalia-cromolitografia-de-1877.jpg\",\"width\":460,\"height\":600},{\"@type\":\"BreadcrumbList\",\"@id\":\"https:\\\/\\\/www.comprarmejor.es\\\/en\\\/product\\\/banner-historic-santa-eulalia-chromolithography-1877\\\/#breadcrumb\",\"itemListElement\":[{\"@type\":\"ListItem\",\"position\":1,\"name\":\"Portada\",\"item\":\"https:\\\/\\\/www.comprarmejor.es\\\/en\\\/\"},{\"@type\":\"ListItem\",\"position\":2,\"name\":\"Shop\",\"item\":\"https:\\\/\\\/www.comprarmejor.es\\\/en\\\/shop\\\/\"},{\"@type\":\"ListItem\",\"position\":3,\"name\":\"Banner historic Santa Eulalia, chromolithography 1877\"}]},{\"@type\":\"WebSite\",\"@id\":\"https:\\\/\\\/www.comprarmejor.es\\\/en\\\/#website\",\"url\":\"https:\\\/\\\/www.comprarmejor.es\\\/en\\\/\",\"name\":\"ComprarMejor\",\"description\":\"ComprarMejor\",\"publisher\":{\"@id\":\"https:\\\/\\\/www.comprarmejor.es\\\/en\\\/#organization\"},\"potentialAction\":[{\"@type\":\"SearchAction\",\"target\":{\"@type\":\"EntryPoint\",\"urlTemplate\":\"https:\\\/\\\/www.comprarmejor.es\\\/en\\\/?s={search_term_string}\"},\"query-input\":{\"@type\":\"PropertyValueSpecification\",\"valueRequired\":true,\"valueName\":\"search_term_string\"}}],\"inLanguage\":\"en-US\"},{\"@type\":\"Organization\",\"@id\":\"https:\\\/\\\/www.comprarmejor.es\\\/en\\\/#organization\",\"name\":\"COMPRAR MEJOR\",\"url\":\"https:\\\/\\\/www.comprarmejor.es\\\/en\\\/\",\"logo\":{\"@type\":\"ImageObject\",\"inLanguage\":\"en-US\",\"@id\":\"https:\\\/\\\/www.comprarmejor.es\\\/en\\\/#\\\/schema\\\/logo\\\/image\\\/\",\"url\":\"https:\\\/\\\/www.comprarmejor.es\\\/wp-content\\\/uploads\\\/2025\\\/09\\\/comprarmejortrinidad.jpg\",\"contentUrl\":\"https:\\\/\\\/www.comprarmejor.es\\\/wp-content\\\/uploads\\\/2025\\\/09\\\/comprarmejortrinidad.jpg\",\"width\":1022,\"height\":1380,\"caption\":\"COMPRAR MEJOR\"},\"image\":{\"@id\":\"https:\\\/\\\/www.comprarmejor.es\\\/en\\\/#\\\/schema\\\/logo\\\/image\\\/\"},\"sameAs\":[\"https:\\\/\\\/www.instagram.com\\\/amigosdelcodice\"]}]}<\/script>\n<!-- \/ Yoast SEO plugin. -->","yoast_head_json":{"title":"Banner historic Santa Eulalia, chromolithography 1877","description":"Cutsheet chromolithographs tome published in 1877 by Montaner and Simon Editores, \u200b\u200bcorresponding to the \"General History of Spain\" from Modesto Lafuente","robots":{"index":"index","follow":"follow","max-snippet":"max-snippet:-1","max-image-preview":"max-image-preview:large","max-video-preview":"max-video-preview:-1"},"canonical":"https:\/\/www.comprarmejor.es\/en\/product\/banner-historic-santa-eulalia-chromolithography-1877\/","og_locale":"en_US","og_type":"article","og_title":"Banner historic Santa Eulalia, chromolithography 1877","og_description":"Cutsheet chromolithographs tome published in 1877 by Montaner and Simon Editores, \u200b\u200bcorresponding to the \"General History of Spain\" from Modesto Lafuente","og_url":"https:\/\/www.comprarmejor.es\/en\/product\/banner-historic-santa-eulalia-chromolithography-1877\/","og_site_name":"ComprarMejor","article_modified_time":"2019-08-28T13:41:30+00:00","og_image":[{"width":460,"height":600,"url":"https:\/\/www.comprarmejor.es\/wp-content\/uploads\/2016\/02\/p_7_4_8_2_7482-Historico-Pendon-de-Santa-Eulalia-cromolitografia-de-1877.jpg","type":"image\/jpeg"}],"twitter_card":"summary_large_image","twitter_misc":{"Est. reading time":"1 minute"},"schema":{"@context":"https:\/\/schema.org","@graph":[{"@type":"WebPage","@id":"https:\/\/www.comprarmejor.es\/en\/product\/banner-historic-santa-eulalia-chromolithography-1877\/","url":"https:\/\/www.comprarmejor.es\/en\/product\/banner-historic-santa-eulalia-chromolithography-1877\/","name":"Banner historic Santa Eulalia, chromolithography 1877","isPartOf":{"@id":"https:\/\/www.comprarmejor.es\/en\/#website"},"primaryImageOfPage":{"@id":"https:\/\/www.comprarmejor.es\/en\/product\/banner-historic-santa-eulalia-chromolithography-1877\/#primaryimage"},"image":{"@id":"https:\/\/www.comprarmejor.es\/en\/product\/banner-historic-santa-eulalia-chromolithography-1877\/#primaryimage"},"thumbnailUrl":"https:\/\/www.comprarmejor.es\/wp-content\/uploads\/2016\/02\/p_7_4_8_2_7482-Historico-Pendon-de-Santa-Eulalia-cromolitografia-de-1877.jpg","datePublished":"2016-02-19T11:57:08+00:00","dateModified":"2019-08-28T13:41:30+00:00","description":"Cutsheet chromolithographs tome published in 1877 by Montaner and Simon Editores, \u200b\u200bcorresponding to the \"General History of Spain\" from Modesto Lafuente","breadcrumb":{"@id":"https:\/\/www.comprarmejor.es\/en\/product\/banner-historic-santa-eulalia-chromolithography-1877\/#breadcrumb"},"inLanguage":"en-US","potentialAction":[{"@type":"ReadAction","target":["https:\/\/www.comprarmejor.es\/en\/product\/banner-historic-santa-eulalia-chromolithography-1877\/"]}]},{"@type":"ImageObject","inLanguage":"en-US","@id":"https:\/\/www.comprarmejor.es\/en\/product\/banner-historic-santa-eulalia-chromolithography-1877\/#primaryimage","url":"https:\/\/www.comprarmejor.es\/wp-content\/uploads\/2016\/02\/p_7_4_8_2_7482-Historico-Pendon-de-Santa-Eulalia-cromolitografia-de-1877.jpg","contentUrl":"https:\/\/www.comprarmejor.es\/wp-content\/uploads\/2016\/02\/p_7_4_8_2_7482-Historico-Pendon-de-Santa-Eulalia-cromolitografia-de-1877.jpg","width":460,"height":600},{"@type":"BreadcrumbList","@id":"https:\/\/www.comprarmejor.es\/en\/product\/banner-historic-santa-eulalia-chromolithography-1877\/#breadcrumb","itemListElement":[{"@type":"ListItem","position":1,"name":"Portada","item":"https:\/\/www.comprarmejor.es\/en\/"},{"@type":"ListItem","position":2,"name":"Shop","item":"https:\/\/www.comprarmejor.es\/en\/shop\/"},{"@type":"ListItem","position":3,"name":"Banner historic Santa Eulalia, chromolithography 1877"}]},{"@type":"WebSite","@id":"https:\/\/www.comprarmejor.es\/en\/#website","url":"https:\/\/www.comprarmejor.es\/en\/","name":"ComprarMejor","description":"ComprarMejor","publisher":{"@id":"https:\/\/www.comprarmejor.es\/en\/#organization"},"potentialAction":[{"@type":"SearchAction","target":{"@type":"EntryPoint","urlTemplate":"https:\/\/www.comprarmejor.es\/en\/?s={search_term_string}"},"query-input":{"@type":"PropertyValueSpecification","valueRequired":true,"valueName":"search_term_string"}}],"inLanguage":"en-US"},{"@type":"Organization","@id":"https:\/\/www.comprarmejor.es\/en\/#organization","name":"COMPRAR MEJOR","url":"https:\/\/www.comprarmejor.es\/en\/","logo":{"@type":"ImageObject","inLanguage":"en-US","@id":"https:\/\/www.comprarmejor.es\/en\/#\/schema\/logo\/image\/","url":"https:\/\/www.comprarmejor.es\/wp-content\/uploads\/2025\/09\/comprarmejortrinidad.jpg","contentUrl":"https:\/\/www.comprarmejor.es\/wp-content\/uploads\/2025\/09\/comprarmejortrinidad.jpg","width":1022,"height":1380,"caption":"COMPRAR MEJOR"},"image":{"@id":"https:\/\/www.comprarmejor.es\/en\/#\/schema\/logo\/image\/"},"sameAs":["https:\/\/www.instagram.com\/amigosdelcodice"]}]}},"_links":{"self":[{"href":"https:\/\/www.comprarmejor.es\/en\/wp-json\/wp\/v2\/product\/53073","targetHints":{"allow":["GET"]}}],"collection":[{"href":"https:\/\/www.comprarmejor.es\/en\/wp-json\/wp\/v2\/product"}],"about":[{"href":"https:\/\/www.comprarmejor.es\/en\/wp-json\/wp\/v2\/types\/product"}],"wp:featuredmedia":[{"embeddable":true,"href":"https:\/\/www.comprarmejor.es\/en\/wp-json\/wp\/v2\/media\/53071"}],"wp:attachment":[{"href":"https:\/\/www.comprarmejor.es\/en\/wp-json\/wp\/v2\/media?parent=53073"}],"wp:term":[{"taxonomy":"product_brand","embeddable":true,"href":"https:\/\/www.comprarmejor.es\/en\/wp-json\/wp\/v2\/product_brand?post=53073"},{"taxonomy":"product_cat","embeddable":true,"href":"https:\/\/www.comprarmejor.es\/en\/wp-json\/wp\/v2\/product_cat?post=53073"},{"taxonomy":"product_tag","embeddable":true,"href":"https:\/\/www.comprarmejor.es\/en\/wp-json\/wp\/v2\/product_tag?post=53073"}],"curies":[{"name":"wp","href":"https:\/\/api.w.org\/{rel}","templated":true}]}}