{"id":53117,"date":"2016-02-19T18:48:02","date_gmt":"2016-02-19T17:48:02","guid":{"rendered":"https:\/\/www.comprarmejor.es\/producto\/journal-of-columbus-book-of-the-first-navigation-s-xvi\/"},"modified":"2019-09-08T14:06:48","modified_gmt":"2019-09-08T12:06:48","slug":"journal-of-columbus-book-of-the-first-navigation-s-xvi","status":"publish","type":"product","link":"https:\/\/www.comprarmejor.es\/en\/product\/journal-of-columbus-book-of-the-first-navigation-s-xvi\/","title":{"rendered":"Journal of Columbus. Book of the first navigation &#8230; s. XVI"},"content":{"rendered":"<p style=\"text-align:justify;\"><span id=\"result_box\" lang=\"en\" xml:lang=\"en\"><span title=\"Diario de Col\u00f3n.\">Journal of Columbus. <\/span><span title=\"Libro de la primera navegaci\u00f3n y descubrimiento de las indias.\">Book of the first navigation and discovery of the pig.<\/p>\n<p><\/span><span title=\"El Libro de la primera navegaci\u00f3n y descubrimiento de las Indias, como llam\u00f3 Fray Bartolom\u00e9 de Las Casas al Diario de Col\u00f3n, es uno de los dos primeros documentos hist\u00f3ricos referentes al descubrimiento de Am\u00e9rica.\">The Book of the first navigation and discovery of the Indies, as called Fray Bartolome de Las Casas the Journal of Columbus, is one of the two first historical documents about the discovery of America. <\/span><span title=\"Col\u00f3n empez\u00f3 a redactarlo el mismo d\u00eda de su salida del puerto de Palos el 3 de agosto de 1492, y lo termin\u00f3 el 15 de marzo de 1493, con su llegada al puerto portugu\u00e9s de Saltes.\">Columbus began to write it on the day of their departure from the port of Palos on August 3, 1492, and ended on March 15, 1493, with arrival at Portuguese port Saltes. <\/span><span title=\"En \u00e9l se refleja el emocionante viaje del navegante genov\u00e9s y de sus compa\u00f1eros a trav\u00e9s del oc\u00e9ano Atl\u00e1ntico por una ruta totalmente desconocida, para llegar a los puertos comerciales de Oriente.\">It reflects the exciting journey the Genoese navigator and his companions across the Atlantic Ocean by a completely unknown route to get to the commercial ports of the East. <\/span><span title=\"Sabemos que el manuscrito original que Col\u00f3n envi\u00f3 a los Reyes Cat\u00f3licos se perdi\u00f3 en el siglo XVI, y hoy lo conocemos gracias a esta copia, no literal, realizada por el Padre Las Casas.\">We know that the original manuscript sent Columbus Catholic Kings was lost in the sixteenth century, and today we know from this copy, not literal, by the Padre Las Casas.<\/p>\n<p><\/span><span title=\"Extraordinaria edici\u00f3n de lujo para bibli\u00f3filos realizada en Madrid en 2005. Formato libros 25 x 34 cm en 2 hermosos vol\u00famenes con estuche (formato 25 x 34,5 x 6 cm).\">Special deluxe edition for bibliophiles held in Madrid in 2005. book format 25 x 34 cm in 2 beautiful volumes with case (format 25 x 34.5 x 6 cm). <\/span><span title=\"Encuadernaci\u00f3n en s\u00edmil-ante de color granate, con estampaciones en seco y en oro;\">Binding simile-ante maroon, with stampings dry and gold; <\/span><span title=\"guardas especialmente dise\u00f1adas para la obra.\">guards specially designed for the work. <\/span><span title=\"Facs\u00edmile: 67 folios que reproducen el manuscrito original de Fray Bartolom\u00e9 de Las Casas, impreso en papel de hilo envejecido.\">Fax: 67 pages that reproduce the original manuscript of Fray Bartolome de Las Casas, printed on paper aged thread. <\/span><span title=\"Cortes dorados.\">golden cuts. <\/span><span title=\"Libro transcripci\u00f3n con XXIII p\u00e1ginas, 1 hoja, 67 folios, 2 hojas, 3 l\u00e1minas a toda p\u00e1gina, 4 dobles en color, y reproducci\u00f3n de grabados antiguos en la presentaci\u00f3n.\">Book XXIII transcription pages, 1 sheet, 67 pages, 2 sheets, 3 sheets full-page, 4 doubles in color, and reproduction of antique prints in the presentation. <\/span><span title=\"Texto con los t\u00edtulos en rojo, acompa\u00f1ado por dibujos marginales tambi\u00e9n en rojo.\">Text with titles in red, accompanied by marginal drawings also in red. <\/span><span title=\"Papel de hilo verjurado ahuesado.\">Laid paper ahuesado thread. <\/span><span title=\"Introducci\u00f3n de Manuel Lucena Giraldo.\">Entering Manuel Lucena Giraldo. <\/span><span title=\"Muy ilustrado.\">Heavily illustrated.<\/p>\n<p><\/span><span title=\"Edici\u00f3n limitada de 750 ejemplares numerados, impresa y encuadernada con t\u00e9cnicas artesanales.\">Limited edition of 750 numbered, printed and bound copies with craftsmanship. <\/span><span title=\"Ejemplar nuevo, a estrenar.\">Exemplary new, brand new.<\/p>\n<p><\/span><span title=\"Esta obra, aunque es independiente, forma parte de la trilog\u00eda del Nuevo Mundo, en formato especial de lujo para bibli\u00f3filos, conjuntamente con las obras Conquista de la Nueva Espa\u00f1a y Viaje de Magallanes y Elcano, tambi\u00e9n disponibles aqu\u00ed.\">This work, although it is independent, is part of the trilogy of the New World, especially fancy formatting for bibliophiles, works in conjunction with the Conquest of New Spain and Travel of Magellan and Elcano, also available here.<\/p>\n<p><\/span><span title=\"Gastos de env\u00edo por cuenta del comprador, seg\u00fan pedido y destino.\">Shipping by the buyer, upon request and destination.\u00a0<\/span><span title=\"Cons\u00faltenos cualquier duda, as\u00ed como por cualquier otro art\u00edculo que est\u00e9 buscando.\"><a class=\"btn btn-default\" href=\"http:\/\/comprarmejor.es\/en\/contact\">Ask us<\/a> any questions, as well as any other items you are seeking.<\/span><\/span><\/p>\n","protected":false},"excerpt":{"rendered":"<p style=\"text-align:justify;\"><span id=\"result_box\" lang=\"en\" xml:lang=\"en\"><span title=\"El Libro de la primera navegaci\u00f3n y descubrimiento de las Indias, como llam\u00f3 Fray Bartolom\u00e9 de Las Casas al Diario de Col\u00f3n, es uno de los dos primeros documentos hist\u00f3ricos referentes al descubrimiento de Am\u00e9rica.\">The Book of the first navigation and discovery of the Indies, as called Fray Bartolome de Las Casas the Journal of Columbus, is one of the two first historical documents about the discovery of America.<\/span><\/span><\/p>\n","protected":false},"featured_media":53107,"template":"","meta":[],"product_brand":[],"product_cat":[2210,5118],"product_tag":[5769,5822,5254,5120],"class_list":{"0":"post-53117","1":"product","2":"type-product","3":"status-publish","4":"has-post-thumbnail","6":"product_cat-bibliophilia","7":"product_cat-bindings","8":"product_tag-america-en","9":"product_tag-bibliofilia-en","10":"product_tag-colon-en","11":"product_tag-history-en","12":"product_shipping_class-from-2-to-5-kg","13":"description-off","15":"first","16":"instock","17":"sale","18":"taxable","19":"shipping-taxable","20":"purchasable","21":"product-type-simple"},"yoast_head":"<!-- This site is optimized with the Yoast SEO plugin v27.3 - https:\/\/yoast.com\/product\/yoast-seo-wordpress\/ -->\n<title>Journal of Columbus. Book of the first navigation ... s. XVI<\/title>\n<meta name=\"description\" content=\"The Book of the first navigation and discovery of the Indies, as called Fray Bartolome de Las Casas the Journal of Columbus, is one of the two first historical\" \/>\n<meta name=\"robots\" content=\"index, follow, max-snippet:-1, max-image-preview:large, max-video-preview:-1\" \/>\n<link rel=\"canonical\" href=\"https:\/\/www.comprarmejor.es\/en\/product\/journal-of-columbus-book-of-the-first-navigation-s-xvi\/\" \/>\n<meta property=\"og:locale\" content=\"en_US\" \/>\n<meta property=\"og:type\" content=\"article\" \/>\n<meta property=\"og:title\" content=\"Journal of Columbus. Book of the first navigation ... s. XVI\" \/>\n<meta property=\"og:description\" content=\"The Book of the first navigation and discovery of the Indies, as called Fray Bartolome de Las Casas the Journal of Columbus, is one of the two first historical\" \/>\n<meta property=\"og:url\" content=\"https:\/\/www.comprarmejor.es\/en\/product\/journal-of-columbus-book-of-the-first-navigation-s-xvi\/\" \/>\n<meta property=\"og:site_name\" content=\"ComprarMejor\" \/>\n<meta property=\"article:modified_time\" content=\"2019-09-08T12:06:48+00:00\" \/>\n<meta property=\"og:image\" content=\"https:\/\/www.comprarmejor.es\/wp-content\/uploads\/2016\/02\/p_7_0_2_0_7020-Diario-de-Colon.-Libro-de-la-primera-navegacion...-s.-XVI.jpg\" \/>\n\t<meta property=\"og:image:width\" content=\"600\" \/>\n\t<meta property=\"og:image:height\" content=\"450\" \/>\n\t<meta property=\"og:image:type\" content=\"image\/jpeg\" \/>\n<meta name=\"twitter:card\" content=\"summary_large_image\" \/>\n<meta name=\"twitter:label1\" content=\"Est. reading time\" \/>\n\t<meta name=\"twitter:data1\" content=\"2 minutes\" \/>\n<script type=\"application\/ld+json\" class=\"yoast-schema-graph\">{\"@context\":\"https:\\\/\\\/schema.org\",\"@graph\":[{\"@type\":\"WebPage\",\"@id\":\"https:\\\/\\\/www.comprarmejor.es\\\/en\\\/product\\\/journal-of-columbus-book-of-the-first-navigation-s-xvi\\\/\",\"url\":\"https:\\\/\\\/www.comprarmejor.es\\\/en\\\/product\\\/journal-of-columbus-book-of-the-first-navigation-s-xvi\\\/\",\"name\":\"Journal of Columbus. Book of the first navigation ... s. XVI\",\"isPartOf\":{\"@id\":\"https:\\\/\\\/www.comprarmejor.es\\\/en\\\/#website\"},\"primaryImageOfPage\":{\"@id\":\"https:\\\/\\\/www.comprarmejor.es\\\/en\\\/product\\\/journal-of-columbus-book-of-the-first-navigation-s-xvi\\\/#primaryimage\"},\"image\":{\"@id\":\"https:\\\/\\\/www.comprarmejor.es\\\/en\\\/product\\\/journal-of-columbus-book-of-the-first-navigation-s-xvi\\\/#primaryimage\"},\"thumbnailUrl\":\"https:\\\/\\\/www.comprarmejor.es\\\/wp-content\\\/uploads\\\/2016\\\/02\\\/p_7_0_2_0_7020-Diario-de-Colon.-Libro-de-la-primera-navegacion...-s.-XVI.jpg\",\"datePublished\":\"2016-02-19T17:48:02+00:00\",\"dateModified\":\"2019-09-08T12:06:48+00:00\",\"description\":\"The Book of the first navigation and discovery of the Indies, as called Fray Bartolome de Las Casas the Journal of Columbus, is one of the two first historical\",\"breadcrumb\":{\"@id\":\"https:\\\/\\\/www.comprarmejor.es\\\/en\\\/product\\\/journal-of-columbus-book-of-the-first-navigation-s-xvi\\\/#breadcrumb\"},\"inLanguage\":\"en-US\",\"potentialAction\":[{\"@type\":\"ReadAction\",\"target\":[\"https:\\\/\\\/www.comprarmejor.es\\\/en\\\/product\\\/journal-of-columbus-book-of-the-first-navigation-s-xvi\\\/\"]}]},{\"@type\":\"ImageObject\",\"inLanguage\":\"en-US\",\"@id\":\"https:\\\/\\\/www.comprarmejor.es\\\/en\\\/product\\\/journal-of-columbus-book-of-the-first-navigation-s-xvi\\\/#primaryimage\",\"url\":\"https:\\\/\\\/www.comprarmejor.es\\\/wp-content\\\/uploads\\\/2016\\\/02\\\/p_7_0_2_0_7020-Diario-de-Colon.-Libro-de-la-primera-navegacion...-s.-XVI.jpg\",\"contentUrl\":\"https:\\\/\\\/www.comprarmejor.es\\\/wp-content\\\/uploads\\\/2016\\\/02\\\/p_7_0_2_0_7020-Diario-de-Colon.-Libro-de-la-primera-navegacion...-s.-XVI.jpg\",\"width\":600,\"height\":450},{\"@type\":\"BreadcrumbList\",\"@id\":\"https:\\\/\\\/www.comprarmejor.es\\\/en\\\/product\\\/journal-of-columbus-book-of-the-first-navigation-s-xvi\\\/#breadcrumb\",\"itemListElement\":[{\"@type\":\"ListItem\",\"position\":1,\"name\":\"Portada\",\"item\":\"https:\\\/\\\/www.comprarmejor.es\\\/en\\\/\"},{\"@type\":\"ListItem\",\"position\":2,\"name\":\"Shop\",\"item\":\"https:\\\/\\\/www.comprarmejor.es\\\/en\\\/shop\\\/\"},{\"@type\":\"ListItem\",\"position\":3,\"name\":\"Journal of Columbus. Book of the first navigation &#8230; s. XVI\"}]},{\"@type\":\"WebSite\",\"@id\":\"https:\\\/\\\/www.comprarmejor.es\\\/en\\\/#website\",\"url\":\"https:\\\/\\\/www.comprarmejor.es\\\/en\\\/\",\"name\":\"ComprarMejor\",\"description\":\"ComprarMejor\",\"publisher\":{\"@id\":\"https:\\\/\\\/www.comprarmejor.es\\\/en\\\/#organization\"},\"potentialAction\":[{\"@type\":\"SearchAction\",\"target\":{\"@type\":\"EntryPoint\",\"urlTemplate\":\"https:\\\/\\\/www.comprarmejor.es\\\/en\\\/?s={search_term_string}\"},\"query-input\":{\"@type\":\"PropertyValueSpecification\",\"valueRequired\":true,\"valueName\":\"search_term_string\"}}],\"inLanguage\":\"en-US\"},{\"@type\":\"Organization\",\"@id\":\"https:\\\/\\\/www.comprarmejor.es\\\/en\\\/#organization\",\"name\":\"COMPRAR MEJOR\",\"url\":\"https:\\\/\\\/www.comprarmejor.es\\\/en\\\/\",\"logo\":{\"@type\":\"ImageObject\",\"inLanguage\":\"en-US\",\"@id\":\"https:\\\/\\\/www.comprarmejor.es\\\/en\\\/#\\\/schema\\\/logo\\\/image\\\/\",\"url\":\"https:\\\/\\\/www.comprarmejor.es\\\/wp-content\\\/uploads\\\/2025\\\/09\\\/comprarmejortrinidad.jpg\",\"contentUrl\":\"https:\\\/\\\/www.comprarmejor.es\\\/wp-content\\\/uploads\\\/2025\\\/09\\\/comprarmejortrinidad.jpg\",\"width\":1022,\"height\":1380,\"caption\":\"COMPRAR MEJOR\"},\"image\":{\"@id\":\"https:\\\/\\\/www.comprarmejor.es\\\/en\\\/#\\\/schema\\\/logo\\\/image\\\/\"},\"sameAs\":[\"https:\\\/\\\/www.instagram.com\\\/amigosdelcodice\"]}]}<\/script>\n<!-- \/ Yoast SEO plugin. -->","yoast_head_json":{"title":"Journal of Columbus. Book of the first navigation ... s. XVI","description":"The Book of the first navigation and discovery of the Indies, as called Fray Bartolome de Las Casas the Journal of Columbus, is one of the two first historical","robots":{"index":"index","follow":"follow","max-snippet":"max-snippet:-1","max-image-preview":"max-image-preview:large","max-video-preview":"max-video-preview:-1"},"canonical":"https:\/\/www.comprarmejor.es\/en\/product\/journal-of-columbus-book-of-the-first-navigation-s-xvi\/","og_locale":"en_US","og_type":"article","og_title":"Journal of Columbus. Book of the first navigation ... s. XVI","og_description":"The Book of the first navigation and discovery of the Indies, as called Fray Bartolome de Las Casas the Journal of Columbus, is one of the two first historical","og_url":"https:\/\/www.comprarmejor.es\/en\/product\/journal-of-columbus-book-of-the-first-navigation-s-xvi\/","og_site_name":"ComprarMejor","article_modified_time":"2019-09-08T12:06:48+00:00","og_image":[{"width":600,"height":450,"url":"https:\/\/www.comprarmejor.es\/wp-content\/uploads\/2016\/02\/p_7_0_2_0_7020-Diario-de-Colon.-Libro-de-la-primera-navegacion...-s.-XVI.jpg","type":"image\/jpeg"}],"twitter_card":"summary_large_image","twitter_misc":{"Est. reading time":"2 minutes"},"schema":{"@context":"https:\/\/schema.org","@graph":[{"@type":"WebPage","@id":"https:\/\/www.comprarmejor.es\/en\/product\/journal-of-columbus-book-of-the-first-navigation-s-xvi\/","url":"https:\/\/www.comprarmejor.es\/en\/product\/journal-of-columbus-book-of-the-first-navigation-s-xvi\/","name":"Journal of Columbus. Book of the first navigation ... s. XVI","isPartOf":{"@id":"https:\/\/www.comprarmejor.es\/en\/#website"},"primaryImageOfPage":{"@id":"https:\/\/www.comprarmejor.es\/en\/product\/journal-of-columbus-book-of-the-first-navigation-s-xvi\/#primaryimage"},"image":{"@id":"https:\/\/www.comprarmejor.es\/en\/product\/journal-of-columbus-book-of-the-first-navigation-s-xvi\/#primaryimage"},"thumbnailUrl":"https:\/\/www.comprarmejor.es\/wp-content\/uploads\/2016\/02\/p_7_0_2_0_7020-Diario-de-Colon.-Libro-de-la-primera-navegacion...-s.-XVI.jpg","datePublished":"2016-02-19T17:48:02+00:00","dateModified":"2019-09-08T12:06:48+00:00","description":"The Book of the first navigation and discovery of the Indies, as called Fray Bartolome de Las Casas the Journal of Columbus, is one of the two first historical","breadcrumb":{"@id":"https:\/\/www.comprarmejor.es\/en\/product\/journal-of-columbus-book-of-the-first-navigation-s-xvi\/#breadcrumb"},"inLanguage":"en-US","potentialAction":[{"@type":"ReadAction","target":["https:\/\/www.comprarmejor.es\/en\/product\/journal-of-columbus-book-of-the-first-navigation-s-xvi\/"]}]},{"@type":"ImageObject","inLanguage":"en-US","@id":"https:\/\/www.comprarmejor.es\/en\/product\/journal-of-columbus-book-of-the-first-navigation-s-xvi\/#primaryimage","url":"https:\/\/www.comprarmejor.es\/wp-content\/uploads\/2016\/02\/p_7_0_2_0_7020-Diario-de-Colon.-Libro-de-la-primera-navegacion...-s.-XVI.jpg","contentUrl":"https:\/\/www.comprarmejor.es\/wp-content\/uploads\/2016\/02\/p_7_0_2_0_7020-Diario-de-Colon.-Libro-de-la-primera-navegacion...-s.-XVI.jpg","width":600,"height":450},{"@type":"BreadcrumbList","@id":"https:\/\/www.comprarmejor.es\/en\/product\/journal-of-columbus-book-of-the-first-navigation-s-xvi\/#breadcrumb","itemListElement":[{"@type":"ListItem","position":1,"name":"Portada","item":"https:\/\/www.comprarmejor.es\/en\/"},{"@type":"ListItem","position":2,"name":"Shop","item":"https:\/\/www.comprarmejor.es\/en\/shop\/"},{"@type":"ListItem","position":3,"name":"Journal of Columbus. Book of the first navigation &#8230; s. XVI"}]},{"@type":"WebSite","@id":"https:\/\/www.comprarmejor.es\/en\/#website","url":"https:\/\/www.comprarmejor.es\/en\/","name":"ComprarMejor","description":"ComprarMejor","publisher":{"@id":"https:\/\/www.comprarmejor.es\/en\/#organization"},"potentialAction":[{"@type":"SearchAction","target":{"@type":"EntryPoint","urlTemplate":"https:\/\/www.comprarmejor.es\/en\/?s={search_term_string}"},"query-input":{"@type":"PropertyValueSpecification","valueRequired":true,"valueName":"search_term_string"}}],"inLanguage":"en-US"},{"@type":"Organization","@id":"https:\/\/www.comprarmejor.es\/en\/#organization","name":"COMPRAR MEJOR","url":"https:\/\/www.comprarmejor.es\/en\/","logo":{"@type":"ImageObject","inLanguage":"en-US","@id":"https:\/\/www.comprarmejor.es\/en\/#\/schema\/logo\/image\/","url":"https:\/\/www.comprarmejor.es\/wp-content\/uploads\/2025\/09\/comprarmejortrinidad.jpg","contentUrl":"https:\/\/www.comprarmejor.es\/wp-content\/uploads\/2025\/09\/comprarmejortrinidad.jpg","width":1022,"height":1380,"caption":"COMPRAR MEJOR"},"image":{"@id":"https:\/\/www.comprarmejor.es\/en\/#\/schema\/logo\/image\/"},"sameAs":["https:\/\/www.instagram.com\/amigosdelcodice"]}]}},"_links":{"self":[{"href":"https:\/\/www.comprarmejor.es\/en\/wp-json\/wp\/v2\/product\/53117","targetHints":{"allow":["GET"]}}],"collection":[{"href":"https:\/\/www.comprarmejor.es\/en\/wp-json\/wp\/v2\/product"}],"about":[{"href":"https:\/\/www.comprarmejor.es\/en\/wp-json\/wp\/v2\/types\/product"}],"wp:featuredmedia":[{"embeddable":true,"href":"https:\/\/www.comprarmejor.es\/en\/wp-json\/wp\/v2\/media\/53107"}],"wp:attachment":[{"href":"https:\/\/www.comprarmejor.es\/en\/wp-json\/wp\/v2\/media?parent=53117"}],"wp:term":[{"taxonomy":"product_brand","embeddable":true,"href":"https:\/\/www.comprarmejor.es\/en\/wp-json\/wp\/v2\/product_brand?post=53117"},{"taxonomy":"product_cat","embeddable":true,"href":"https:\/\/www.comprarmejor.es\/en\/wp-json\/wp\/v2\/product_cat?post=53117"},{"taxonomy":"product_tag","embeddable":true,"href":"https:\/\/www.comprarmejor.es\/en\/wp-json\/wp\/v2\/product_tag?post=53117"}],"curies":[{"name":"wp","href":"https:\/\/api.w.org\/{rel}","templated":true}]}}