{"id":53143,"date":"2016-02-20T10:20:12","date_gmt":"2016-02-20T09:20:12","guid":{"rendered":"https:\/\/www.comprarmejor.es\/producto\/castilian-poems-garcilaso-de-la-vega\/"},"modified":"2019-09-09T22:44:24","modified_gmt":"2019-09-09T20:44:24","slug":"castilian-poems-garcilaso-de-la-vega","status":"publish","type":"product","link":"https:\/\/www.comprarmejor.es\/en\/product\/castilian-poems-garcilaso-de-la-vega\/","title":{"rendered":"Castilian poems, Garcilaso de la Vega"},"content":{"rendered":"<p style=\"text-align:justify;\"><span id=\"result_box\" lang=\"en\" xml:lang=\"en\"><span title=\"Edici\u00f3n especial para bibli\u00f3filos con la obra de Garcilaso de la Vega, \u201cPoes\u00edas Castellanas\u201d, realizada en Madrid en 2008 en edici\u00f3n limitada de 500 ejemplares numerados.\">Special edition for bibliophiles with the work of Garcilaso de la Vega, &#8220;Poems Castellanas&#8221; held in Madrid in 2008 in a limited edition of 500 numbered copies.<\/p>\n<p><\/span><span title=\"Ilustrado con dibujos de \u00c1ngel Roncero, realizados especialmente para esta obra: portada, 13 l\u00e1minas y retrato de Garcilaso, m\u00e1s 4 l\u00e1minas e ilustraciones entre texto en sepia, adornado tambi\u00e9n con cabeceras, capitulares y motivos florales.\">Illustrated with drawings of Angel Roncero, especially made for this work: cover, 13 sheets and portrait of Garcilaso, plus 4 sheets between text and illustrations in sepia, also adorned with headers, drop caps and floral motifs. <\/span><span title=\"Todo ello consigue una bell\u00edsima obra de gran esplendor pl\u00e1stico.\">All this gets a beautiful work of great plastic splendor.<\/p>\n<p><\/span><span title=\"Encuadernaci\u00f3n en seda con orlas doradas y mosaico, formato 25 x 34,5 cm.\">Bound in silk with gold fringes and mosaic format 25 x 34.5 cm. <\/span><span title=\"260 p\u00e1ginas.\">260 pages. <\/span><span title=\"Impreso en papel de hilo verjurado ahuesado.\">Printed on ahuesado Laid thread.<\/p>\n<p><\/span><span title=\"El volumen se complementa con un estuche abierto, tipo guardapolvo, para una mejor conservaci\u00f3n.\">The volume is complemented by an open, type dust, case for better conservation. <\/span><span title=\"Formato 25 x 35,5 x 4,5 cm.\">Format 25 x 35.5 x 4.5 cm.<\/p>\n<p><\/span><span title=\"Libro completamente nuevo, a estrenar, sin desprecintar.\">entirely new book, brand new, without unsealing.<\/p>\n<p><\/span><span title=\"Gastos de env\u00edo por cuenta del comprador, seg\u00fan pedido y destino.\">Shipping by the buyer, upon request and destination.\u00a0<\/span><span title=\"Cons\u00faltenos cualquier duda, as\u00ed como por cualquier otro art\u00edculo que est\u00e9 buscando.\"><a class=\"btn btn-default\" href=\"http:\/\/comprarmejor.es\/en\/contact\">Ask us<\/a> any questions, as well as any other items you are seeking.<\/span><\/span><\/p>\n","protected":false},"excerpt":{"rendered":"<p style=\"text-align:justify;\"><span id=\"result_box\" lang=\"en\" xml:lang=\"en\"><span title=\"Edici\u00f3n especial para bibli\u00f3filos con la obra de Garcilaso de la Vega, \u201cPoes\u00edas Castellanas\u201d, realizada en Madrid en 2008 en edici\u00f3n limitada de 500 ejemplares numerados.\">Special edition for bibliophiles with the work of Garcilaso de la Vega, &#8220;Poems Castellanas&#8221; held in Madrid in 2008 in a limited edition of 500 numbered copies.<\/span><\/span><\/p>\n","protected":false},"featured_media":53137,"template":"","meta":[],"product_brand":[],"product_cat":[2210,5118],"product_tag":[4438,4434],"class_list":{"0":"post-53143","1":"product","2":"type-product","3":"status-publish","4":"has-post-thumbnail","6":"product_cat-bibliophilia","7":"product_cat-bindings","8":"product_tag-garcilaso-en-2","9":"product_tag-roncero-en","10":"product_shipping_class-from-2-to-5-kg","11":"description-off","13":"first","14":"instock","15":"taxable","16":"shipping-taxable","17":"purchasable","18":"product-type-simple"},"yoast_head":"<!-- This site is optimized with the Yoast SEO plugin v27.3 - https:\/\/yoast.com\/product\/yoast-seo-wordpress\/ -->\n<title>Castilian poems, Garcilaso de la Vega, il. by Angel Roncero<\/title>\n<meta name=\"description\" content=\"Special edition for bibliophiles with the work of Garcilaso de la Vega, &quot;Poems Castellanas&quot; held in Madrid in 2008 in a limited edition of 500 numbered copies.\" \/>\n<meta name=\"robots\" content=\"index, follow, max-snippet:-1, max-image-preview:large, max-video-preview:-1\" \/>\n<link rel=\"canonical\" href=\"https:\/\/www.comprarmejor.es\/en\/product\/castilian-poems-garcilaso-de-la-vega\/\" \/>\n<meta property=\"og:locale\" content=\"en_US\" \/>\n<meta property=\"og:type\" content=\"article\" \/>\n<meta property=\"og:title\" content=\"Castilian poems, Garcilaso de la Vega, il. by Angel Roncero\" \/>\n<meta property=\"og:description\" content=\"Special edition for bibliophiles with the work of Garcilaso de la Vega, &quot;Poems Castellanas&quot; held in Madrid in 2008 in a limited edition of 500 numbered copies.\" \/>\n<meta property=\"og:url\" content=\"https:\/\/www.comprarmejor.es\/en\/product\/castilian-poems-garcilaso-de-la-vega\/\" \/>\n<meta property=\"og:site_name\" content=\"ComprarMejor\" \/>\n<meta property=\"article:modified_time\" content=\"2019-09-09T20:44:24+00:00\" \/>\n<meta property=\"og:image\" content=\"https:\/\/www.comprarmejor.es\/wp-content\/uploads\/2016\/02\/p_6_9_7_9_6979-Poesias-Castellanas-Garcilaso-de-la-Vega.jpg\" \/>\n\t<meta property=\"og:image:width\" content=\"600\" \/>\n\t<meta property=\"og:image:height\" content=\"410\" \/>\n\t<meta property=\"og:image:type\" content=\"image\/jpeg\" \/>\n<meta name=\"twitter:card\" content=\"summary_large_image\" \/>\n<meta name=\"twitter:label1\" content=\"Est. reading time\" \/>\n\t<meta name=\"twitter:data1\" content=\"1 minute\" \/>\n<script type=\"application\/ld+json\" class=\"yoast-schema-graph\">{\"@context\":\"https:\\\/\\\/schema.org\",\"@graph\":[{\"@type\":\"WebPage\",\"@id\":\"https:\\\/\\\/www.comprarmejor.es\\\/en\\\/product\\\/castilian-poems-garcilaso-de-la-vega\\\/\",\"url\":\"https:\\\/\\\/www.comprarmejor.es\\\/en\\\/product\\\/castilian-poems-garcilaso-de-la-vega\\\/\",\"name\":\"Castilian poems, Garcilaso de la Vega, il. by Angel Roncero\",\"isPartOf\":{\"@id\":\"https:\\\/\\\/www.comprarmejor.es\\\/en\\\/#website\"},\"primaryImageOfPage\":{\"@id\":\"https:\\\/\\\/www.comprarmejor.es\\\/en\\\/product\\\/castilian-poems-garcilaso-de-la-vega\\\/#primaryimage\"},\"image\":{\"@id\":\"https:\\\/\\\/www.comprarmejor.es\\\/en\\\/product\\\/castilian-poems-garcilaso-de-la-vega\\\/#primaryimage\"},\"thumbnailUrl\":\"https:\\\/\\\/www.comprarmejor.es\\\/wp-content\\\/uploads\\\/2016\\\/02\\\/p_6_9_7_9_6979-Poesias-Castellanas-Garcilaso-de-la-Vega.jpg\",\"datePublished\":\"2016-02-20T09:20:12+00:00\",\"dateModified\":\"2019-09-09T20:44:24+00:00\",\"description\":\"Special edition for bibliophiles with the work of Garcilaso de la Vega, \\\"Poems Castellanas\\\" held in Madrid in 2008 in a limited edition of 500 numbered copies.\",\"breadcrumb\":{\"@id\":\"https:\\\/\\\/www.comprarmejor.es\\\/en\\\/product\\\/castilian-poems-garcilaso-de-la-vega\\\/#breadcrumb\"},\"inLanguage\":\"en-US\",\"potentialAction\":[{\"@type\":\"ReadAction\",\"target\":[\"https:\\\/\\\/www.comprarmejor.es\\\/en\\\/product\\\/castilian-poems-garcilaso-de-la-vega\\\/\"]}]},{\"@type\":\"ImageObject\",\"inLanguage\":\"en-US\",\"@id\":\"https:\\\/\\\/www.comprarmejor.es\\\/en\\\/product\\\/castilian-poems-garcilaso-de-la-vega\\\/#primaryimage\",\"url\":\"https:\\\/\\\/www.comprarmejor.es\\\/wp-content\\\/uploads\\\/2016\\\/02\\\/p_6_9_7_9_6979-Poesias-Castellanas-Garcilaso-de-la-Vega.jpg\",\"contentUrl\":\"https:\\\/\\\/www.comprarmejor.es\\\/wp-content\\\/uploads\\\/2016\\\/02\\\/p_6_9_7_9_6979-Poesias-Castellanas-Garcilaso-de-la-Vega.jpg\",\"width\":600,\"height\":410},{\"@type\":\"BreadcrumbList\",\"@id\":\"https:\\\/\\\/www.comprarmejor.es\\\/en\\\/product\\\/castilian-poems-garcilaso-de-la-vega\\\/#breadcrumb\",\"itemListElement\":[{\"@type\":\"ListItem\",\"position\":1,\"name\":\"Portada\",\"item\":\"https:\\\/\\\/www.comprarmejor.es\\\/en\\\/\"},{\"@type\":\"ListItem\",\"position\":2,\"name\":\"Shop\",\"item\":\"https:\\\/\\\/www.comprarmejor.es\\\/en\\\/shop\\\/\"},{\"@type\":\"ListItem\",\"position\":3,\"name\":\"Castilian poems, Garcilaso de la Vega\"}]},{\"@type\":\"WebSite\",\"@id\":\"https:\\\/\\\/www.comprarmejor.es\\\/en\\\/#website\",\"url\":\"https:\\\/\\\/www.comprarmejor.es\\\/en\\\/\",\"name\":\"ComprarMejor\",\"description\":\"ComprarMejor\",\"publisher\":{\"@id\":\"https:\\\/\\\/www.comprarmejor.es\\\/en\\\/#organization\"},\"potentialAction\":[{\"@type\":\"SearchAction\",\"target\":{\"@type\":\"EntryPoint\",\"urlTemplate\":\"https:\\\/\\\/www.comprarmejor.es\\\/en\\\/?s={search_term_string}\"},\"query-input\":{\"@type\":\"PropertyValueSpecification\",\"valueRequired\":true,\"valueName\":\"search_term_string\"}}],\"inLanguage\":\"en-US\"},{\"@type\":\"Organization\",\"@id\":\"https:\\\/\\\/www.comprarmejor.es\\\/en\\\/#organization\",\"name\":\"COMPRAR MEJOR\",\"url\":\"https:\\\/\\\/www.comprarmejor.es\\\/en\\\/\",\"logo\":{\"@type\":\"ImageObject\",\"inLanguage\":\"en-US\",\"@id\":\"https:\\\/\\\/www.comprarmejor.es\\\/en\\\/#\\\/schema\\\/logo\\\/image\\\/\",\"url\":\"https:\\\/\\\/www.comprarmejor.es\\\/wp-content\\\/uploads\\\/2025\\\/09\\\/comprarmejortrinidad.jpg\",\"contentUrl\":\"https:\\\/\\\/www.comprarmejor.es\\\/wp-content\\\/uploads\\\/2025\\\/09\\\/comprarmejortrinidad.jpg\",\"width\":1022,\"height\":1380,\"caption\":\"COMPRAR MEJOR\"},\"image\":{\"@id\":\"https:\\\/\\\/www.comprarmejor.es\\\/en\\\/#\\\/schema\\\/logo\\\/image\\\/\"},\"sameAs\":[\"https:\\\/\\\/www.instagram.com\\\/amigosdelcodice\"]}]}<\/script>\n<!-- \/ Yoast SEO plugin. -->","yoast_head_json":{"title":"Castilian poems, Garcilaso de la Vega, il. by Angel Roncero","description":"Special edition for bibliophiles with the work of Garcilaso de la Vega, \"Poems Castellanas\" held in Madrid in 2008 in a limited edition of 500 numbered copies.","robots":{"index":"index","follow":"follow","max-snippet":"max-snippet:-1","max-image-preview":"max-image-preview:large","max-video-preview":"max-video-preview:-1"},"canonical":"https:\/\/www.comprarmejor.es\/en\/product\/castilian-poems-garcilaso-de-la-vega\/","og_locale":"en_US","og_type":"article","og_title":"Castilian poems, Garcilaso de la Vega, il. by Angel Roncero","og_description":"Special edition for bibliophiles with the work of Garcilaso de la Vega, \"Poems Castellanas\" held in Madrid in 2008 in a limited edition of 500 numbered copies.","og_url":"https:\/\/www.comprarmejor.es\/en\/product\/castilian-poems-garcilaso-de-la-vega\/","og_site_name":"ComprarMejor","article_modified_time":"2019-09-09T20:44:24+00:00","og_image":[{"width":600,"height":410,"url":"https:\/\/www.comprarmejor.es\/wp-content\/uploads\/2016\/02\/p_6_9_7_9_6979-Poesias-Castellanas-Garcilaso-de-la-Vega.jpg","type":"image\/jpeg"}],"twitter_card":"summary_large_image","twitter_misc":{"Est. reading time":"1 minute"},"schema":{"@context":"https:\/\/schema.org","@graph":[{"@type":"WebPage","@id":"https:\/\/www.comprarmejor.es\/en\/product\/castilian-poems-garcilaso-de-la-vega\/","url":"https:\/\/www.comprarmejor.es\/en\/product\/castilian-poems-garcilaso-de-la-vega\/","name":"Castilian poems, Garcilaso de la Vega, il. by Angel Roncero","isPartOf":{"@id":"https:\/\/www.comprarmejor.es\/en\/#website"},"primaryImageOfPage":{"@id":"https:\/\/www.comprarmejor.es\/en\/product\/castilian-poems-garcilaso-de-la-vega\/#primaryimage"},"image":{"@id":"https:\/\/www.comprarmejor.es\/en\/product\/castilian-poems-garcilaso-de-la-vega\/#primaryimage"},"thumbnailUrl":"https:\/\/www.comprarmejor.es\/wp-content\/uploads\/2016\/02\/p_6_9_7_9_6979-Poesias-Castellanas-Garcilaso-de-la-Vega.jpg","datePublished":"2016-02-20T09:20:12+00:00","dateModified":"2019-09-09T20:44:24+00:00","description":"Special edition for bibliophiles with the work of Garcilaso de la Vega, \"Poems Castellanas\" held in Madrid in 2008 in a limited edition of 500 numbered copies.","breadcrumb":{"@id":"https:\/\/www.comprarmejor.es\/en\/product\/castilian-poems-garcilaso-de-la-vega\/#breadcrumb"},"inLanguage":"en-US","potentialAction":[{"@type":"ReadAction","target":["https:\/\/www.comprarmejor.es\/en\/product\/castilian-poems-garcilaso-de-la-vega\/"]}]},{"@type":"ImageObject","inLanguage":"en-US","@id":"https:\/\/www.comprarmejor.es\/en\/product\/castilian-poems-garcilaso-de-la-vega\/#primaryimage","url":"https:\/\/www.comprarmejor.es\/wp-content\/uploads\/2016\/02\/p_6_9_7_9_6979-Poesias-Castellanas-Garcilaso-de-la-Vega.jpg","contentUrl":"https:\/\/www.comprarmejor.es\/wp-content\/uploads\/2016\/02\/p_6_9_7_9_6979-Poesias-Castellanas-Garcilaso-de-la-Vega.jpg","width":600,"height":410},{"@type":"BreadcrumbList","@id":"https:\/\/www.comprarmejor.es\/en\/product\/castilian-poems-garcilaso-de-la-vega\/#breadcrumb","itemListElement":[{"@type":"ListItem","position":1,"name":"Portada","item":"https:\/\/www.comprarmejor.es\/en\/"},{"@type":"ListItem","position":2,"name":"Shop","item":"https:\/\/www.comprarmejor.es\/en\/shop\/"},{"@type":"ListItem","position":3,"name":"Castilian poems, Garcilaso de la Vega"}]},{"@type":"WebSite","@id":"https:\/\/www.comprarmejor.es\/en\/#website","url":"https:\/\/www.comprarmejor.es\/en\/","name":"ComprarMejor","description":"ComprarMejor","publisher":{"@id":"https:\/\/www.comprarmejor.es\/en\/#organization"},"potentialAction":[{"@type":"SearchAction","target":{"@type":"EntryPoint","urlTemplate":"https:\/\/www.comprarmejor.es\/en\/?s={search_term_string}"},"query-input":{"@type":"PropertyValueSpecification","valueRequired":true,"valueName":"search_term_string"}}],"inLanguage":"en-US"},{"@type":"Organization","@id":"https:\/\/www.comprarmejor.es\/en\/#organization","name":"COMPRAR MEJOR","url":"https:\/\/www.comprarmejor.es\/en\/","logo":{"@type":"ImageObject","inLanguage":"en-US","@id":"https:\/\/www.comprarmejor.es\/en\/#\/schema\/logo\/image\/","url":"https:\/\/www.comprarmejor.es\/wp-content\/uploads\/2025\/09\/comprarmejortrinidad.jpg","contentUrl":"https:\/\/www.comprarmejor.es\/wp-content\/uploads\/2025\/09\/comprarmejortrinidad.jpg","width":1022,"height":1380,"caption":"COMPRAR MEJOR"},"image":{"@id":"https:\/\/www.comprarmejor.es\/en\/#\/schema\/logo\/image\/"},"sameAs":["https:\/\/www.instagram.com\/amigosdelcodice"]}]}},"_links":{"self":[{"href":"https:\/\/www.comprarmejor.es\/en\/wp-json\/wp\/v2\/product\/53143","targetHints":{"allow":["GET"]}}],"collection":[{"href":"https:\/\/www.comprarmejor.es\/en\/wp-json\/wp\/v2\/product"}],"about":[{"href":"https:\/\/www.comprarmejor.es\/en\/wp-json\/wp\/v2\/types\/product"}],"wp:featuredmedia":[{"embeddable":true,"href":"https:\/\/www.comprarmejor.es\/en\/wp-json\/wp\/v2\/media\/53137"}],"wp:attachment":[{"href":"https:\/\/www.comprarmejor.es\/en\/wp-json\/wp\/v2\/media?parent=53143"}],"wp:term":[{"taxonomy":"product_brand","embeddable":true,"href":"https:\/\/www.comprarmejor.es\/en\/wp-json\/wp\/v2\/product_brand?post=53143"},{"taxonomy":"product_cat","embeddable":true,"href":"https:\/\/www.comprarmejor.es\/en\/wp-json\/wp\/v2\/product_cat?post=53143"},{"taxonomy":"product_tag","embeddable":true,"href":"https:\/\/www.comprarmejor.es\/en\/wp-json\/wp\/v2\/product_tag?post=53143"}],"curies":[{"name":"wp","href":"https:\/\/api.w.org\/{rel}","templated":true}]}}