{"id":53151,"date":"2016-02-20T10:46:47","date_gmt":"2016-02-20T09:46:47","guid":{"rendered":"https:\/\/www.comprarmejor.es\/producto\/travel-around-the-world-magallanes-elcano-1519-1522\/"},"modified":"2020-03-04T10:07:46","modified_gmt":"2020-03-04T09:07:46","slug":"travel-around-the-world-magallanes-elcano-1519-1522","status":"publish","type":"product","link":"https:\/\/www.comprarmejor.es\/en\/product\/travel-around-the-world-magallanes-elcano-1519-1522\/","title":{"rendered":"Travel around the World Magallanes-Elcano (1519-1522)"},"content":{"rendered":"<p style=\"text-align:justify;\"><span id=\"result_box\" lang=\"en\" xml:lang=\"en\"><span title=\"La presente edici\u00f3n de lujo, especial para bibli\u00f3filos, incluye dos testimonios \u201cen primera persona\u201d del primer viaje de circunnavegaci\u00f3n terrestre, que llevaron a cabo Fernando de Magallanes y Juan Sebasti\u00e1n Elcano entre 1519 y 1522: por una parte, el del italiano Antonio Pigafetta\">This deluxe edition, especially for bibliophiles, including two witnesses &#8220;first person&#8221; the first voyage of circumnavigation of Earth, who carried out Fernando de Magallanes and Juan Sebastian Elcano between 1519 and 1522: firstly, the Italian Antonio Pigafetta <\/span><span title=\", sobresaliente de la nao \u201cVictoria\u201d, que es el \u00fanico que cuenta el viaje completo;\">, protruding from the ship &#8220;Victoria&#8221;, which is the only thing that counts the entire trip; <\/span><span title=\"por otra, el Derrotero escrito por el marino Francisco Albo.\">on the other, written by Navy Pilot Francisco Albo. <\/span><span title=\"El primero de ellos est\u00e1 repleto de datos tanto de la vida a bordo de las naos, como de las tierras que visitaron, de sus habitantes y sus costumbres, de las especias, etc., mientras que en el segundo predominan los datos n\u00e1uticos y astron\u00f3micos\">The first is filled with data from both the life aboard the ships, as they visited land, its inhabitants and customs, spices, etc., while in the second nautical and astronomical data predominate <\/span><span title=\"de un viaje realizado por mares hasta entonces desconocidos.\">a trip by seas hitherto unknown.<\/p>\n<p><\/span><span title=\"Extraordinaria edici\u00f3n de lujo para bibli\u00f3filos realizada en Madrid en 2007. Formato 24 x 33 cm en 2 hermosos vol\u00famenes con estuche.\">Special deluxe edition for bibliophiles held in Madrid in 2007. Format 24 x 33 cm in 2 beautiful volumes with case. <\/span><span title=\"Encuadernaci\u00f3n en s\u00edmil-ante, con estampaciones en seco y en oro.\">Binding simile-ante, with stampings dry and gold. <\/span><span title=\"Volumen I con XLVII p\u00e1ginas, 150 p\u00e1ginas, 3 hojas, con el texto de Antonio Pigafetta, acompa\u00f1ado por 4 mapas dobles a color de \u00c1ngel Roncero, basados en los realizados por Joan Martines en el siglo XVI y numerosos dibujos y vi\u00f1etas sacados de las obras\">Volume I with XLVII pages, 150 pages, 3 sheets, with text by Antonio Pigafetta, accompanied by 4 double color maps Angel Roncero, based on those by Joan Martines in the sixteenth century and numerous drawings and vignettes drawn works <\/span><span title=\"de Theodore de Bry.\">Theodore de Bry. <\/span><span title=\"Introducci\u00f3n de Manuel Lucena Giraldo, adaptaci\u00f3n del texto y notas por Francisco Calero.\">Entering Manuel Lucena Giraldo, adaptation of the text and notes by Francisco Calero. <\/span><span title=\"Impresi\u00f3n en papel de hilo verjurado ahuesado.\">Printing on ahuesado Laid thread. <\/span><span title=\"Volumen II con 2 hojas, 40 folios impresos en papel envejecido.\">Volume II with 2 leaves, 40 pages printed on aged paper. <\/span><span title=\"M\u00e1rgenes adornados con dibujos n\u00e1uticos y astron\u00f3micos, y los cuatro mapas dobles del primer tomo.\">Margins adorned with nautical and astronomical drawings, and four double maps of the first volume. <\/span><span title=\"Incluye el Derrotero de Francisco Albo, la carta que Elcano escribi\u00f3 al Emperador Carlos V inform\u00e1ndole de la finalizaci\u00f3n del viaje, dos listados con los nombres de los marineros supervivientes y varios vocabularios.\">Includes Course of Francisco Albo, Elcano wrote the letter to the Emperor Charles V informing the completion of travel, two lists with the names of the surviving sailors and several vocabularies.<\/p>\n<p><\/span><span title=\"Edici\u00f3n limitada de 750 ejemplares numerados, impresa y encuadernada con t\u00e9cnicas artesanales.\">Limited edition of 750 numbered, printed and bound copies with craftsmanship. <\/span><span title=\"Ejemplar nuevo, a estrenar.\">Exemplary new, brand new.<\/p>\n<p><\/span><span title=\"Esta obra, aunque es independiente, forma parte de la trilog\u00eda del Nuevo Mundo, en formato especial de lujo para bibli\u00f3filos, conjuntamente con las obras Diario de Col\u00f3n y Conquista de la Nueva Espa\u00f1a, tambi\u00e9n disponibles aqu\u00ed mismo.\">This work, although it is independent, is part of the trilogy of the New World, especially fancy formatting for bibliophiles, together with the Journal of Columbus and Conquest of New Spain works, also available right here.<\/p>\n<p><\/span><span title=\"Gastos de env\u00edo por cuenta del comprador, seg\u00fan pedido y destino.\">Shipping by the buyer, upon request and destination. <\/span><span title=\"Cons\u00faltenos cualquier duda, as\u00ed como por cualquier otro art\u00edculo que est\u00e9 buscando.\"><a class=\"btn btn-default\" href=\"http:\/\/comprarmejor.es\/en\/contact\">Ask us<\/a> any questions, as well as any other items you are seeking.<\/span><\/span><\/p>\n","protected":false},"excerpt":{"rendered":"<p style=\"text-align:justify;\"><span id=\"result_box\" lang=\"en\" xml:lang=\"en\"><span title=\"La presente edici\u00f3n de lujo, especial para bibli\u00f3filos, incluye dos testimonios \u201cen primera persona\u201d del primer viaje de circunnavegaci\u00f3n terrestre, que llevaron a cabo Fernando de Magallanes y Juan Sebasti\u00e1n Elcano entre 1519 y 1522: por una parte, el del italiano Antonio Pigafetta\">This deluxe edition, especially for bibliophiles, including two witnesses &#8220;first person&#8221; the first voyage of circumnavigation of Earth, who carried out Fernando de Magallanes and Juan Sebastian Elcano between 1519 and 1522.<\/span><\/span><\/p>\n","protected":false},"featured_media":53145,"template":"","meta":[],"product_brand":[],"product_cat":[2210,5118],"product_tag":[5822,4436,5120,4435,4434],"class_list":{"0":"post-53151","1":"product","2":"type-product","3":"status-publish","4":"has-post-thumbnail","6":"product_cat-bibliophilia","7":"product_cat-bindings","8":"product_tag-bibliofilia-en","9":"product_tag-elcano-en","10":"product_tag-history-en","11":"product_tag-magallanes-en","12":"product_tag-roncero-en","13":"product_shipping_class-from-2-to-5-kg","14":"description-off","16":"first","17":"instock","18":"sale","19":"taxable","20":"shipping-taxable","21":"purchasable","22":"product-type-simple"},"yoast_head":"<!-- This site is optimized with the Yoast SEO plugin v27.3 - https:\/\/yoast.com\/product\/yoast-seo-wordpress\/ -->\n<title>Travel around the World Magallanes-Elcano (1519-1522)<\/title>\n<meta name=\"description\" content=\"Deluxe edition with the testimonies of the first voyage of circumnavigation Earth Fernando de Magallanes and Juan Sebastian Elcano between 1519 and 1522\" \/>\n<meta name=\"robots\" content=\"index, follow, max-snippet:-1, max-image-preview:large, max-video-preview:-1\" \/>\n<link rel=\"canonical\" href=\"https:\/\/www.comprarmejor.es\/en\/product\/travel-around-the-world-magallanes-elcano-1519-1522\/\" \/>\n<meta property=\"og:locale\" content=\"en_US\" \/>\n<meta property=\"og:type\" content=\"article\" \/>\n<meta property=\"og:title\" content=\"Travel around the World Magallanes-Elcano (1519-1522)\" \/>\n<meta property=\"og:description\" content=\"Deluxe edition with the testimonies of the first voyage of circumnavigation Earth Fernando de Magallanes and Juan Sebastian Elcano between 1519 and 1522\" \/>\n<meta property=\"og:url\" content=\"https:\/\/www.comprarmejor.es\/en\/product\/travel-around-the-world-magallanes-elcano-1519-1522\/\" \/>\n<meta property=\"og:site_name\" content=\"ComprarMejor\" \/>\n<meta property=\"article:modified_time\" content=\"2020-03-04T09:07:46+00:00\" \/>\n<meta property=\"og:image\" content=\"https:\/\/www.comprarmejor.es\/wp-content\/uploads\/2016\/02\/p_7_0_0_9_7009-Viaje-alrededor-del-Mundo-de-Magallanes-Elcano-1519-1522.jpg\" \/>\n\t<meta property=\"og:image:width\" content=\"564\" \/>\n\t<meta property=\"og:image:height\" content=\"600\" \/>\n\t<meta property=\"og:image:type\" content=\"image\/jpeg\" \/>\n<meta name=\"twitter:card\" content=\"summary_large_image\" \/>\n<meta name=\"twitter:label1\" content=\"Est. reading time\" \/>\n\t<meta name=\"twitter:data1\" content=\"2 minutes\" \/>\n<script type=\"application\/ld+json\" class=\"yoast-schema-graph\">{\"@context\":\"https:\\\/\\\/schema.org\",\"@graph\":[{\"@type\":\"WebPage\",\"@id\":\"https:\\\/\\\/www.comprarmejor.es\\\/en\\\/product\\\/travel-around-the-world-magallanes-elcano-1519-1522\\\/\",\"url\":\"https:\\\/\\\/www.comprarmejor.es\\\/en\\\/product\\\/travel-around-the-world-magallanes-elcano-1519-1522\\\/\",\"name\":\"Travel around the World Magallanes-Elcano (1519-1522)\",\"isPartOf\":{\"@id\":\"https:\\\/\\\/www.comprarmejor.es\\\/en\\\/#website\"},\"primaryImageOfPage\":{\"@id\":\"https:\\\/\\\/www.comprarmejor.es\\\/en\\\/product\\\/travel-around-the-world-magallanes-elcano-1519-1522\\\/#primaryimage\"},\"image\":{\"@id\":\"https:\\\/\\\/www.comprarmejor.es\\\/en\\\/product\\\/travel-around-the-world-magallanes-elcano-1519-1522\\\/#primaryimage\"},\"thumbnailUrl\":\"https:\\\/\\\/www.comprarmejor.es\\\/wp-content\\\/uploads\\\/2016\\\/02\\\/p_7_0_0_9_7009-Viaje-alrededor-del-Mundo-de-Magallanes-Elcano-1519-1522.jpg\",\"datePublished\":\"2016-02-20T09:46:47+00:00\",\"dateModified\":\"2020-03-04T09:07:46+00:00\",\"description\":\"Deluxe edition with the testimonies of the first voyage of circumnavigation Earth Fernando de Magallanes and Juan Sebastian Elcano between 1519 and 1522\",\"breadcrumb\":{\"@id\":\"https:\\\/\\\/www.comprarmejor.es\\\/en\\\/product\\\/travel-around-the-world-magallanes-elcano-1519-1522\\\/#breadcrumb\"},\"inLanguage\":\"en-US\",\"potentialAction\":[{\"@type\":\"ReadAction\",\"target\":[\"https:\\\/\\\/www.comprarmejor.es\\\/en\\\/product\\\/travel-around-the-world-magallanes-elcano-1519-1522\\\/\"]}]},{\"@type\":\"ImageObject\",\"inLanguage\":\"en-US\",\"@id\":\"https:\\\/\\\/www.comprarmejor.es\\\/en\\\/product\\\/travel-around-the-world-magallanes-elcano-1519-1522\\\/#primaryimage\",\"url\":\"https:\\\/\\\/www.comprarmejor.es\\\/wp-content\\\/uploads\\\/2016\\\/02\\\/p_7_0_0_9_7009-Viaje-alrededor-del-Mundo-de-Magallanes-Elcano-1519-1522.jpg\",\"contentUrl\":\"https:\\\/\\\/www.comprarmejor.es\\\/wp-content\\\/uploads\\\/2016\\\/02\\\/p_7_0_0_9_7009-Viaje-alrededor-del-Mundo-de-Magallanes-Elcano-1519-1522.jpg\",\"width\":564,\"height\":600},{\"@type\":\"BreadcrumbList\",\"@id\":\"https:\\\/\\\/www.comprarmejor.es\\\/en\\\/product\\\/travel-around-the-world-magallanes-elcano-1519-1522\\\/#breadcrumb\",\"itemListElement\":[{\"@type\":\"ListItem\",\"position\":1,\"name\":\"Portada\",\"item\":\"https:\\\/\\\/www.comprarmejor.es\\\/en\\\/\"},{\"@type\":\"ListItem\",\"position\":2,\"name\":\"Shop\",\"item\":\"https:\\\/\\\/www.comprarmejor.es\\\/en\\\/shop\\\/\"},{\"@type\":\"ListItem\",\"position\":3,\"name\":\"Travel around the World Magallanes-Elcano (1519-1522)\"}]},{\"@type\":\"WebSite\",\"@id\":\"https:\\\/\\\/www.comprarmejor.es\\\/en\\\/#website\",\"url\":\"https:\\\/\\\/www.comprarmejor.es\\\/en\\\/\",\"name\":\"ComprarMejor\",\"description\":\"ComprarMejor\",\"publisher\":{\"@id\":\"https:\\\/\\\/www.comprarmejor.es\\\/en\\\/#organization\"},\"potentialAction\":[{\"@type\":\"SearchAction\",\"target\":{\"@type\":\"EntryPoint\",\"urlTemplate\":\"https:\\\/\\\/www.comprarmejor.es\\\/en\\\/?s={search_term_string}\"},\"query-input\":{\"@type\":\"PropertyValueSpecification\",\"valueRequired\":true,\"valueName\":\"search_term_string\"}}],\"inLanguage\":\"en-US\"},{\"@type\":\"Organization\",\"@id\":\"https:\\\/\\\/www.comprarmejor.es\\\/en\\\/#organization\",\"name\":\"COMPRAR MEJOR\",\"url\":\"https:\\\/\\\/www.comprarmejor.es\\\/en\\\/\",\"logo\":{\"@type\":\"ImageObject\",\"inLanguage\":\"en-US\",\"@id\":\"https:\\\/\\\/www.comprarmejor.es\\\/en\\\/#\\\/schema\\\/logo\\\/image\\\/\",\"url\":\"https:\\\/\\\/www.comprarmejor.es\\\/wp-content\\\/uploads\\\/2025\\\/09\\\/comprarmejortrinidad.jpg\",\"contentUrl\":\"https:\\\/\\\/www.comprarmejor.es\\\/wp-content\\\/uploads\\\/2025\\\/09\\\/comprarmejortrinidad.jpg\",\"width\":1022,\"height\":1380,\"caption\":\"COMPRAR MEJOR\"},\"image\":{\"@id\":\"https:\\\/\\\/www.comprarmejor.es\\\/en\\\/#\\\/schema\\\/logo\\\/image\\\/\"},\"sameAs\":[\"https:\\\/\\\/www.instagram.com\\\/amigosdelcodice\"]}]}<\/script>\n<!-- \/ Yoast SEO plugin. -->","yoast_head_json":{"title":"Travel around the World Magallanes-Elcano (1519-1522)","description":"Deluxe edition with the testimonies of the first voyage of circumnavigation Earth Fernando de Magallanes and Juan Sebastian Elcano between 1519 and 1522","robots":{"index":"index","follow":"follow","max-snippet":"max-snippet:-1","max-image-preview":"max-image-preview:large","max-video-preview":"max-video-preview:-1"},"canonical":"https:\/\/www.comprarmejor.es\/en\/product\/travel-around-the-world-magallanes-elcano-1519-1522\/","og_locale":"en_US","og_type":"article","og_title":"Travel around the World Magallanes-Elcano (1519-1522)","og_description":"Deluxe edition with the testimonies of the first voyage of circumnavigation Earth Fernando de Magallanes and Juan Sebastian Elcano between 1519 and 1522","og_url":"https:\/\/www.comprarmejor.es\/en\/product\/travel-around-the-world-magallanes-elcano-1519-1522\/","og_site_name":"ComprarMejor","article_modified_time":"2020-03-04T09:07:46+00:00","og_image":[{"width":564,"height":600,"url":"https:\/\/www.comprarmejor.es\/wp-content\/uploads\/2016\/02\/p_7_0_0_9_7009-Viaje-alrededor-del-Mundo-de-Magallanes-Elcano-1519-1522.jpg","type":"image\/jpeg"}],"twitter_card":"summary_large_image","twitter_misc":{"Est. reading time":"2 minutes"},"schema":{"@context":"https:\/\/schema.org","@graph":[{"@type":"WebPage","@id":"https:\/\/www.comprarmejor.es\/en\/product\/travel-around-the-world-magallanes-elcano-1519-1522\/","url":"https:\/\/www.comprarmejor.es\/en\/product\/travel-around-the-world-magallanes-elcano-1519-1522\/","name":"Travel around the World Magallanes-Elcano (1519-1522)","isPartOf":{"@id":"https:\/\/www.comprarmejor.es\/en\/#website"},"primaryImageOfPage":{"@id":"https:\/\/www.comprarmejor.es\/en\/product\/travel-around-the-world-magallanes-elcano-1519-1522\/#primaryimage"},"image":{"@id":"https:\/\/www.comprarmejor.es\/en\/product\/travel-around-the-world-magallanes-elcano-1519-1522\/#primaryimage"},"thumbnailUrl":"https:\/\/www.comprarmejor.es\/wp-content\/uploads\/2016\/02\/p_7_0_0_9_7009-Viaje-alrededor-del-Mundo-de-Magallanes-Elcano-1519-1522.jpg","datePublished":"2016-02-20T09:46:47+00:00","dateModified":"2020-03-04T09:07:46+00:00","description":"Deluxe edition with the testimonies of the first voyage of circumnavigation Earth Fernando de Magallanes and Juan Sebastian Elcano between 1519 and 1522","breadcrumb":{"@id":"https:\/\/www.comprarmejor.es\/en\/product\/travel-around-the-world-magallanes-elcano-1519-1522\/#breadcrumb"},"inLanguage":"en-US","potentialAction":[{"@type":"ReadAction","target":["https:\/\/www.comprarmejor.es\/en\/product\/travel-around-the-world-magallanes-elcano-1519-1522\/"]}]},{"@type":"ImageObject","inLanguage":"en-US","@id":"https:\/\/www.comprarmejor.es\/en\/product\/travel-around-the-world-magallanes-elcano-1519-1522\/#primaryimage","url":"https:\/\/www.comprarmejor.es\/wp-content\/uploads\/2016\/02\/p_7_0_0_9_7009-Viaje-alrededor-del-Mundo-de-Magallanes-Elcano-1519-1522.jpg","contentUrl":"https:\/\/www.comprarmejor.es\/wp-content\/uploads\/2016\/02\/p_7_0_0_9_7009-Viaje-alrededor-del-Mundo-de-Magallanes-Elcano-1519-1522.jpg","width":564,"height":600},{"@type":"BreadcrumbList","@id":"https:\/\/www.comprarmejor.es\/en\/product\/travel-around-the-world-magallanes-elcano-1519-1522\/#breadcrumb","itemListElement":[{"@type":"ListItem","position":1,"name":"Portada","item":"https:\/\/www.comprarmejor.es\/en\/"},{"@type":"ListItem","position":2,"name":"Shop","item":"https:\/\/www.comprarmejor.es\/en\/shop\/"},{"@type":"ListItem","position":3,"name":"Travel around the World Magallanes-Elcano (1519-1522)"}]},{"@type":"WebSite","@id":"https:\/\/www.comprarmejor.es\/en\/#website","url":"https:\/\/www.comprarmejor.es\/en\/","name":"ComprarMejor","description":"ComprarMejor","publisher":{"@id":"https:\/\/www.comprarmejor.es\/en\/#organization"},"potentialAction":[{"@type":"SearchAction","target":{"@type":"EntryPoint","urlTemplate":"https:\/\/www.comprarmejor.es\/en\/?s={search_term_string}"},"query-input":{"@type":"PropertyValueSpecification","valueRequired":true,"valueName":"search_term_string"}}],"inLanguage":"en-US"},{"@type":"Organization","@id":"https:\/\/www.comprarmejor.es\/en\/#organization","name":"COMPRAR MEJOR","url":"https:\/\/www.comprarmejor.es\/en\/","logo":{"@type":"ImageObject","inLanguage":"en-US","@id":"https:\/\/www.comprarmejor.es\/en\/#\/schema\/logo\/image\/","url":"https:\/\/www.comprarmejor.es\/wp-content\/uploads\/2025\/09\/comprarmejortrinidad.jpg","contentUrl":"https:\/\/www.comprarmejor.es\/wp-content\/uploads\/2025\/09\/comprarmejortrinidad.jpg","width":1022,"height":1380,"caption":"COMPRAR MEJOR"},"image":{"@id":"https:\/\/www.comprarmejor.es\/en\/#\/schema\/logo\/image\/"},"sameAs":["https:\/\/www.instagram.com\/amigosdelcodice"]}]}},"_links":{"self":[{"href":"https:\/\/www.comprarmejor.es\/en\/wp-json\/wp\/v2\/product\/53151","targetHints":{"allow":["GET"]}}],"collection":[{"href":"https:\/\/www.comprarmejor.es\/en\/wp-json\/wp\/v2\/product"}],"about":[{"href":"https:\/\/www.comprarmejor.es\/en\/wp-json\/wp\/v2\/types\/product"}],"wp:featuredmedia":[{"embeddable":true,"href":"https:\/\/www.comprarmejor.es\/en\/wp-json\/wp\/v2\/media\/53145"}],"wp:attachment":[{"href":"https:\/\/www.comprarmejor.es\/en\/wp-json\/wp\/v2\/media?parent=53151"}],"wp:term":[{"taxonomy":"product_brand","embeddable":true,"href":"https:\/\/www.comprarmejor.es\/en\/wp-json\/wp\/v2\/product_brand?post=53151"},{"taxonomy":"product_cat","embeddable":true,"href":"https:\/\/www.comprarmejor.es\/en\/wp-json\/wp\/v2\/product_cat?post=53151"},{"taxonomy":"product_tag","embeddable":true,"href":"https:\/\/www.comprarmejor.es\/en\/wp-json\/wp\/v2\/product_tag?post=53151"}],"curies":[{"name":"wp","href":"https:\/\/api.w.org\/{rel}","templated":true}]}}