{"id":53161,"date":"2016-02-20T11:05:38","date_gmt":"2016-02-20T10:05:38","guid":{"rendered":"https:\/\/www.comprarmejor.es\/producto\/reproach-of-superstition-and-witchcraft-pedro-sanchez-ciruelo\/"},"modified":"2019-12-25T11:09:28","modified_gmt":"2019-12-25T10:09:28","slug":"reproach-of-superstition-and-witchcraft-pedro-sanchez-ciruelo","status":"publish","type":"product","link":"https:\/\/www.comprarmejor.es\/en\/product\/reproach-of-superstition-and-witchcraft-pedro-sanchez-ciruelo\/","title":{"rendered":"Reproach of superstition and witchcraft, Pedro Sanchez Ciruelo"},"content":{"rendered":"<p style=\"text-align:justify;\"><span id=\"result_box\" lang=\"en\" xml:lang=\"en\"><span title=\"Hermosa edici\u00f3n de la obra de Pedro S\u00e1nchez Ciruelo \u201cReprobaci\u00f3n de las supersticiones y hechicer\u00edas\u201d, seg\u00fan la edici\u00f3n de 1538.\">Beautiful edition of the work of Pedro Sanchez Ciruelo &#8220;Retention of superstition and sorcery,&#8221; according to the edition of 1538.<\/p>\n<p><\/span><span title=\"No es un facs\u00edmile como tal, es una nueva reedici\u00f3n de una obra antigua, realizada en 1952 por Joyas Bibliogr\u00e1ficas y destinada a los bibli\u00f3filos de Am\u00e9rica.\">It is not a facsimile as such, is a new reissue of an old work, made in 1952 by Jewels References and intended for bibliophiles of America. <\/span><span title=\"Edici\u00f3n numerada y limitada a tan s\u00f3lo 250 ejemplares.\">numbered and limited to only 250 copies edition.<\/p>\n<p><\/span><span title=\"Encuadernado en pergamino, con tejuelo y ruedas doradas en los planos;\">Bound in parchment, with tejuelo and golden wheels levels; <\/span><span title=\"cantos irregulares, cortes intonso;\">irregular edges, uncut cuts; <\/span><span title=\"cinta gu\u00eda.\">tape guide. <\/span><span title=\"En perfecto estado.\">In perfect state. <\/span><span title=\"Formato 18,5 x 26 cm.\">Format 18.5 x 26 cm.<\/p>\n<p><\/span><span title=\"Nuestro departamento de encuadernaciones puede realizarles una caja o estuche, si no desea conservar esta joya bibliogr\u00e1fica tal cual est\u00e1.\">Our department bindings can realizarles a box or case, you do not want to keep this book art as it is. <\/span><span title=\"Cons\u00faltenos.\">Consult.<\/p>\n<p><\/span><span title=\"Una ocasi\u00f3n excepcional y a un precio muy especial.\">An exceptional and a very special price occasion.<\/p>\n<p><\/span><span title=\"Gastos de env\u00edo por cuenta del comprador, seg\u00fan pedido y destino.\">Shipping by the buyer, upon request and destination.\u00a0<\/span><span title=\"Cons\u00faltenos cualquier duda, as\u00ed como por cualquier otro art\u00edculo que est\u00e9 buscando.\"><a class=\"btn btn-default\" href=\"http:\/\/comprarmejor.es\/en\/contact\">Ask us<\/a> any questions, as well as any other items you are seeking.<\/span><\/span><\/p>\n","protected":false},"excerpt":{"rendered":"<p style=\"text-align:justify;\"><span id=\"result_box\" lang=\"en\" xml:lang=\"en\"><span title=\"Hermosa edici\u00f3n de la obra de Pedro S\u00e1nchez Ciruelo \u201cReprobaci\u00f3n de las supersticiones y hechicer\u00edas\u201d, seg\u00fan la edici\u00f3n de 1538.\">Beautiful edition of the work of Pedro Sanchez Ciruelo &#8220;Retention of superstition and sorcery,&#8221; according to the edition of 1538.<\/span><\/span><\/p>\n","protected":false},"featured_media":53153,"template":"","meta":[],"product_brand":[],"product_cat":[2210,2188],"product_tag":[4430],"class_list":{"0":"post-53161","1":"product","2":"type-product","3":"status-publish","4":"has-post-thumbnail","6":"product_cat-bibliophilia","7":"product_cat-books","8":"product_tag-ciruelo-en","9":"product_shipping_class-from-0-to-1-kg","10":"description-off","12":"first","13":"instock","14":"sale","15":"taxable","16":"shipping-taxable","17":"purchasable","18":"product-type-simple"},"yoast_head":"<!-- This site is optimized with the Yoast SEO plugin v27.3 - https:\/\/yoast.com\/product\/yoast-seo-wordpress\/ -->\n<title>Reproach of superstition and witchcraft, Pedro S\u00e1nchez Ciruelo<\/title>\n<meta name=\"description\" content=\"Beautiful edition of the work of Pedro Sanchez Ciruelo &quot;Retention of superstition and sorcery,&quot; according to the edition of 1538.\" \/>\n<meta name=\"robots\" content=\"index, follow, max-snippet:-1, max-image-preview:large, max-video-preview:-1\" \/>\n<link rel=\"canonical\" href=\"https:\/\/www.comprarmejor.es\/en\/product\/reproach-of-superstition-and-witchcraft-pedro-sanchez-ciruelo\/\" \/>\n<meta property=\"og:locale\" content=\"en_US\" \/>\n<meta property=\"og:type\" content=\"article\" \/>\n<meta property=\"og:title\" content=\"Reproach of superstition and witchcraft, Pedro S\u00e1nchez Ciruelo\" \/>\n<meta property=\"og:description\" content=\"Beautiful edition of the work of Pedro Sanchez Ciruelo &quot;Retention of superstition and sorcery,&quot; according to the edition of 1538.\" \/>\n<meta property=\"og:url\" content=\"https:\/\/www.comprarmejor.es\/en\/product\/reproach-of-superstition-and-witchcraft-pedro-sanchez-ciruelo\/\" \/>\n<meta property=\"og:site_name\" content=\"ComprarMejor\" \/>\n<meta property=\"article:modified_time\" content=\"2019-12-25T10:09:28+00:00\" \/>\n<meta property=\"og:image\" content=\"https:\/\/www.comprarmejor.es\/wp-content\/uploads\/2016\/02\/p_6_9_7_5_6975-Reprobacion-de-las-supersticiones-y-hechicerias-Pedro-Sanchez-Ciruelo.jpg\" \/>\n\t<meta property=\"og:image:width\" content=\"599\" \/>\n\t<meta property=\"og:image:height\" content=\"449\" \/>\n\t<meta property=\"og:image:type\" content=\"image\/jpeg\" \/>\n<meta name=\"twitter:card\" content=\"summary_large_image\" \/>\n<meta name=\"twitter:label1\" content=\"Est. reading time\" \/>\n\t<meta name=\"twitter:data1\" content=\"1 minute\" \/>\n<script type=\"application\/ld+json\" class=\"yoast-schema-graph\">{\"@context\":\"https:\\\/\\\/schema.org\",\"@graph\":[{\"@type\":\"WebPage\",\"@id\":\"https:\\\/\\\/www.comprarmejor.es\\\/en\\\/product\\\/reproach-of-superstition-and-witchcraft-pedro-sanchez-ciruelo\\\/\",\"url\":\"https:\\\/\\\/www.comprarmejor.es\\\/en\\\/product\\\/reproach-of-superstition-and-witchcraft-pedro-sanchez-ciruelo\\\/\",\"name\":\"Reproach of superstition and witchcraft, Pedro S\u00e1nchez Ciruelo\",\"isPartOf\":{\"@id\":\"https:\\\/\\\/www.comprarmejor.es\\\/en\\\/#website\"},\"primaryImageOfPage\":{\"@id\":\"https:\\\/\\\/www.comprarmejor.es\\\/en\\\/product\\\/reproach-of-superstition-and-witchcraft-pedro-sanchez-ciruelo\\\/#primaryimage\"},\"image\":{\"@id\":\"https:\\\/\\\/www.comprarmejor.es\\\/en\\\/product\\\/reproach-of-superstition-and-witchcraft-pedro-sanchez-ciruelo\\\/#primaryimage\"},\"thumbnailUrl\":\"https:\\\/\\\/www.comprarmejor.es\\\/wp-content\\\/uploads\\\/2016\\\/02\\\/p_6_9_7_5_6975-Reprobacion-de-las-supersticiones-y-hechicerias-Pedro-Sanchez-Ciruelo.jpg\",\"datePublished\":\"2016-02-20T10:05:38+00:00\",\"dateModified\":\"2019-12-25T10:09:28+00:00\",\"description\":\"Beautiful edition of the work of Pedro Sanchez Ciruelo \\\"Retention of superstition and sorcery,\\\" according to the edition of 1538.\",\"breadcrumb\":{\"@id\":\"https:\\\/\\\/www.comprarmejor.es\\\/en\\\/product\\\/reproach-of-superstition-and-witchcraft-pedro-sanchez-ciruelo\\\/#breadcrumb\"},\"inLanguage\":\"en-US\",\"potentialAction\":[{\"@type\":\"ReadAction\",\"target\":[\"https:\\\/\\\/www.comprarmejor.es\\\/en\\\/product\\\/reproach-of-superstition-and-witchcraft-pedro-sanchez-ciruelo\\\/\"]}]},{\"@type\":\"ImageObject\",\"inLanguage\":\"en-US\",\"@id\":\"https:\\\/\\\/www.comprarmejor.es\\\/en\\\/product\\\/reproach-of-superstition-and-witchcraft-pedro-sanchez-ciruelo\\\/#primaryimage\",\"url\":\"https:\\\/\\\/www.comprarmejor.es\\\/wp-content\\\/uploads\\\/2016\\\/02\\\/p_6_9_7_5_6975-Reprobacion-de-las-supersticiones-y-hechicerias-Pedro-Sanchez-Ciruelo.jpg\",\"contentUrl\":\"https:\\\/\\\/www.comprarmejor.es\\\/wp-content\\\/uploads\\\/2016\\\/02\\\/p_6_9_7_5_6975-Reprobacion-de-las-supersticiones-y-hechicerias-Pedro-Sanchez-Ciruelo.jpg\",\"width\":599,\"height\":449},{\"@type\":\"BreadcrumbList\",\"@id\":\"https:\\\/\\\/www.comprarmejor.es\\\/en\\\/product\\\/reproach-of-superstition-and-witchcraft-pedro-sanchez-ciruelo\\\/#breadcrumb\",\"itemListElement\":[{\"@type\":\"ListItem\",\"position\":1,\"name\":\"Portada\",\"item\":\"https:\\\/\\\/www.comprarmejor.es\\\/en\\\/\"},{\"@type\":\"ListItem\",\"position\":2,\"name\":\"Shop\",\"item\":\"https:\\\/\\\/www.comprarmejor.es\\\/en\\\/shop\\\/\"},{\"@type\":\"ListItem\",\"position\":3,\"name\":\"Reproach of superstition and witchcraft, Pedro Sanchez Ciruelo\"}]},{\"@type\":\"WebSite\",\"@id\":\"https:\\\/\\\/www.comprarmejor.es\\\/en\\\/#website\",\"url\":\"https:\\\/\\\/www.comprarmejor.es\\\/en\\\/\",\"name\":\"ComprarMejor\",\"description\":\"ComprarMejor\",\"publisher\":{\"@id\":\"https:\\\/\\\/www.comprarmejor.es\\\/en\\\/#organization\"},\"potentialAction\":[{\"@type\":\"SearchAction\",\"target\":{\"@type\":\"EntryPoint\",\"urlTemplate\":\"https:\\\/\\\/www.comprarmejor.es\\\/en\\\/?s={search_term_string}\"},\"query-input\":{\"@type\":\"PropertyValueSpecification\",\"valueRequired\":true,\"valueName\":\"search_term_string\"}}],\"inLanguage\":\"en-US\"},{\"@type\":\"Organization\",\"@id\":\"https:\\\/\\\/www.comprarmejor.es\\\/en\\\/#organization\",\"name\":\"COMPRAR MEJOR\",\"url\":\"https:\\\/\\\/www.comprarmejor.es\\\/en\\\/\",\"logo\":{\"@type\":\"ImageObject\",\"inLanguage\":\"en-US\",\"@id\":\"https:\\\/\\\/www.comprarmejor.es\\\/en\\\/#\\\/schema\\\/logo\\\/image\\\/\",\"url\":\"https:\\\/\\\/www.comprarmejor.es\\\/wp-content\\\/uploads\\\/2025\\\/09\\\/comprarmejortrinidad.jpg\",\"contentUrl\":\"https:\\\/\\\/www.comprarmejor.es\\\/wp-content\\\/uploads\\\/2025\\\/09\\\/comprarmejortrinidad.jpg\",\"width\":1022,\"height\":1380,\"caption\":\"COMPRAR MEJOR\"},\"image\":{\"@id\":\"https:\\\/\\\/www.comprarmejor.es\\\/en\\\/#\\\/schema\\\/logo\\\/image\\\/\"},\"sameAs\":[\"https:\\\/\\\/www.instagram.com\\\/amigosdelcodice\"]}]}<\/script>\n<!-- \/ Yoast SEO plugin. -->","yoast_head_json":{"title":"Reproach of superstition and witchcraft, Pedro S\u00e1nchez Ciruelo","description":"Beautiful edition of the work of Pedro Sanchez Ciruelo \"Retention of superstition and sorcery,\" according to the edition of 1538.","robots":{"index":"index","follow":"follow","max-snippet":"max-snippet:-1","max-image-preview":"max-image-preview:large","max-video-preview":"max-video-preview:-1"},"canonical":"https:\/\/www.comprarmejor.es\/en\/product\/reproach-of-superstition-and-witchcraft-pedro-sanchez-ciruelo\/","og_locale":"en_US","og_type":"article","og_title":"Reproach of superstition and witchcraft, Pedro S\u00e1nchez Ciruelo","og_description":"Beautiful edition of the work of Pedro Sanchez Ciruelo \"Retention of superstition and sorcery,\" according to the edition of 1538.","og_url":"https:\/\/www.comprarmejor.es\/en\/product\/reproach-of-superstition-and-witchcraft-pedro-sanchez-ciruelo\/","og_site_name":"ComprarMejor","article_modified_time":"2019-12-25T10:09:28+00:00","og_image":[{"width":599,"height":449,"url":"https:\/\/www.comprarmejor.es\/wp-content\/uploads\/2016\/02\/p_6_9_7_5_6975-Reprobacion-de-las-supersticiones-y-hechicerias-Pedro-Sanchez-Ciruelo.jpg","type":"image\/jpeg"}],"twitter_card":"summary_large_image","twitter_misc":{"Est. reading time":"1 minute"},"schema":{"@context":"https:\/\/schema.org","@graph":[{"@type":"WebPage","@id":"https:\/\/www.comprarmejor.es\/en\/product\/reproach-of-superstition-and-witchcraft-pedro-sanchez-ciruelo\/","url":"https:\/\/www.comprarmejor.es\/en\/product\/reproach-of-superstition-and-witchcraft-pedro-sanchez-ciruelo\/","name":"Reproach of superstition and witchcraft, Pedro S\u00e1nchez Ciruelo","isPartOf":{"@id":"https:\/\/www.comprarmejor.es\/en\/#website"},"primaryImageOfPage":{"@id":"https:\/\/www.comprarmejor.es\/en\/product\/reproach-of-superstition-and-witchcraft-pedro-sanchez-ciruelo\/#primaryimage"},"image":{"@id":"https:\/\/www.comprarmejor.es\/en\/product\/reproach-of-superstition-and-witchcraft-pedro-sanchez-ciruelo\/#primaryimage"},"thumbnailUrl":"https:\/\/www.comprarmejor.es\/wp-content\/uploads\/2016\/02\/p_6_9_7_5_6975-Reprobacion-de-las-supersticiones-y-hechicerias-Pedro-Sanchez-Ciruelo.jpg","datePublished":"2016-02-20T10:05:38+00:00","dateModified":"2019-12-25T10:09:28+00:00","description":"Beautiful edition of the work of Pedro Sanchez Ciruelo \"Retention of superstition and sorcery,\" according to the edition of 1538.","breadcrumb":{"@id":"https:\/\/www.comprarmejor.es\/en\/product\/reproach-of-superstition-and-witchcraft-pedro-sanchez-ciruelo\/#breadcrumb"},"inLanguage":"en-US","potentialAction":[{"@type":"ReadAction","target":["https:\/\/www.comprarmejor.es\/en\/product\/reproach-of-superstition-and-witchcraft-pedro-sanchez-ciruelo\/"]}]},{"@type":"ImageObject","inLanguage":"en-US","@id":"https:\/\/www.comprarmejor.es\/en\/product\/reproach-of-superstition-and-witchcraft-pedro-sanchez-ciruelo\/#primaryimage","url":"https:\/\/www.comprarmejor.es\/wp-content\/uploads\/2016\/02\/p_6_9_7_5_6975-Reprobacion-de-las-supersticiones-y-hechicerias-Pedro-Sanchez-Ciruelo.jpg","contentUrl":"https:\/\/www.comprarmejor.es\/wp-content\/uploads\/2016\/02\/p_6_9_7_5_6975-Reprobacion-de-las-supersticiones-y-hechicerias-Pedro-Sanchez-Ciruelo.jpg","width":599,"height":449},{"@type":"BreadcrumbList","@id":"https:\/\/www.comprarmejor.es\/en\/product\/reproach-of-superstition-and-witchcraft-pedro-sanchez-ciruelo\/#breadcrumb","itemListElement":[{"@type":"ListItem","position":1,"name":"Portada","item":"https:\/\/www.comprarmejor.es\/en\/"},{"@type":"ListItem","position":2,"name":"Shop","item":"https:\/\/www.comprarmejor.es\/en\/shop\/"},{"@type":"ListItem","position":3,"name":"Reproach of superstition and witchcraft, Pedro Sanchez Ciruelo"}]},{"@type":"WebSite","@id":"https:\/\/www.comprarmejor.es\/en\/#website","url":"https:\/\/www.comprarmejor.es\/en\/","name":"ComprarMejor","description":"ComprarMejor","publisher":{"@id":"https:\/\/www.comprarmejor.es\/en\/#organization"},"potentialAction":[{"@type":"SearchAction","target":{"@type":"EntryPoint","urlTemplate":"https:\/\/www.comprarmejor.es\/en\/?s={search_term_string}"},"query-input":{"@type":"PropertyValueSpecification","valueRequired":true,"valueName":"search_term_string"}}],"inLanguage":"en-US"},{"@type":"Organization","@id":"https:\/\/www.comprarmejor.es\/en\/#organization","name":"COMPRAR MEJOR","url":"https:\/\/www.comprarmejor.es\/en\/","logo":{"@type":"ImageObject","inLanguage":"en-US","@id":"https:\/\/www.comprarmejor.es\/en\/#\/schema\/logo\/image\/","url":"https:\/\/www.comprarmejor.es\/wp-content\/uploads\/2025\/09\/comprarmejortrinidad.jpg","contentUrl":"https:\/\/www.comprarmejor.es\/wp-content\/uploads\/2025\/09\/comprarmejortrinidad.jpg","width":1022,"height":1380,"caption":"COMPRAR MEJOR"},"image":{"@id":"https:\/\/www.comprarmejor.es\/en\/#\/schema\/logo\/image\/"},"sameAs":["https:\/\/www.instagram.com\/amigosdelcodice"]}]}},"_links":{"self":[{"href":"https:\/\/www.comprarmejor.es\/en\/wp-json\/wp\/v2\/product\/53161","targetHints":{"allow":["GET"]}}],"collection":[{"href":"https:\/\/www.comprarmejor.es\/en\/wp-json\/wp\/v2\/product"}],"about":[{"href":"https:\/\/www.comprarmejor.es\/en\/wp-json\/wp\/v2\/types\/product"}],"wp:featuredmedia":[{"embeddable":true,"href":"https:\/\/www.comprarmejor.es\/en\/wp-json\/wp\/v2\/media\/53153"}],"wp:attachment":[{"href":"https:\/\/www.comprarmejor.es\/en\/wp-json\/wp\/v2\/media?parent=53161"}],"wp:term":[{"taxonomy":"product_brand","embeddable":true,"href":"https:\/\/www.comprarmejor.es\/en\/wp-json\/wp\/v2\/product_brand?post=53161"},{"taxonomy":"product_cat","embeddable":true,"href":"https:\/\/www.comprarmejor.es\/en\/wp-json\/wp\/v2\/product_cat?post=53161"},{"taxonomy":"product_tag","embeddable":true,"href":"https:\/\/www.comprarmejor.es\/en\/wp-json\/wp\/v2\/product_tag?post=53161"}],"curies":[{"name":"wp","href":"https:\/\/api.w.org\/{rel}","templated":true}]}}