{"id":53171,"date":"2016-02-20T11:46:38","date_gmt":"2016-02-20T10:46:38","guid":{"rendered":"https:\/\/www.comprarmejor.es\/producto\/westminster-bestiary-xiii-century\/"},"modified":"2019-10-18T22:59:54","modified_gmt":"2019-10-18T20:59:54","slug":"westminster-bestiary-xiii-century","status":"publish","type":"product","link":"https:\/\/www.comprarmejor.es\/en\/product\/westminster-bestiary-xiii-century\/","title":{"rendered":"Westminster Bestiary, XIII century"},"content":{"rendered":"<p style=\"text-align: justify;\"><span id=\"result_box\" lang=\"en\" xml:lang=\"en\"><span title=\"El Bestiario de Westminster es uno de los bestiarios m\u00e1s hermosos y ricamente decorados del mundo.\">The Bestiary Westminster is one of the most beautiful and richly decorated bestiarios world.<\/span><\/span><\/p>\n<p style=\"text-align: justify;\"><span title=\"El amplio programa iconogr\u00e1fico alcanza tan alta calidad que dif\u00edcilmente se encontrar\u00eda otro c\u00f3dice que se le pudiera comparar.\">The large iconographic program reaches such high quality that hardly another codex that you could compare it would be found. <\/span><span title=\"A pesar de su importancia y belleza son muy pocas las im\u00e1genes que de \u00e9l se han divulgado.\">Despite its importance and beauty are very few images of him they have been reported.<\/span><\/p>\n<p style=\"text-align: justify;\"><span title=\"Sus 130 p\u00e1ginas en pergamino (de 16 x 22 cm), en la m\u00e1s pura tradici\u00f3n de los soberbios bestiarios medievales, est\u00e1n cargadas de todo tipo de suculentas descripciones, leyendas y mitos.\">Its 130 pages in parchment (16 x 22 cm), in the purest tradition of the proud medieval bestiary, are loaded with all kinds of succulent descriptions, legends and myths.<\/span><\/p>\n<p style=\"text-align: justify;\"><span title=\"Contiene un total de 164 fant\u00e1sticas miniaturas en unos particularmente armoniosos tonos rojos y azules.\">It contains a total of 164 fantastic miniatures in a particularly harmonious reds and blues.<\/span><\/p>\n<p style=\"text-align: justify;\"><span title=\"Los Bestiarios medievales fueron los libros m\u00e1s le\u00eddos en toda la Edad Media despu\u00e9s de la Biblia y sus textos, de lectura obligada para los colegiales de la \u00e9poca que -como ocurr\u00eda, por ejemplo, con el physiologus- los deb\u00edan aprender de memoria.\">The medieval bestiary were the most widely read books in the Middle Ages after the Bible and texts must for schoolboys of the time that, as happened, for example, with physiologus- should memorize the reading.<\/span><\/p>\n<p style=\"text-align: justify;\"><span title=\"Sus p\u00e1ginas representan una perfecta radiograf\u00eda de la mentalidad del hombre medieval, en la que quedan patentes todos los miedos y terrores que pueblan su mente.\">Its pages are a perfect ray of the mentality of medieval man, where are evident all fears and terrors that populate his mind.<\/span><\/p>\n<p style=\"text-align: justify;\"><span title=\"Este precioso bestiario, perteneciente a la conocida como Tercera Familia, es considerado como la joya de la biblioteca de la imponente Abad\u00eda de Westminster.\">This beautiful bestiary known as belonging to the third family, is regarded as the jewel in the library of the imposing Westminster Abbey.<\/span><\/p>\n<p style=\"text-align: justify;\"><span title=\"Edici\u00f3n facs\u00edmile de 2013, limitada a 898 ejemplares, numerada y autentificada notarialmente.\">2013 facsimile edition, limited to 898 copies, numbered and authenticated by a notary. <\/span><span title=\"Encuadernado artesanalmente en piel.\">Handmade leather bound. <\/span><span title=\"Presentado el c\u00f3dice en una caja estuche en tela y piel para su mejor conservaci\u00f3n.\">Presented the codex in a box in fabric and leather case for better conservation. <\/span><span title=\"Original conservado en la Abad\u00eda de Westminster de Londres (Ms. 22), datado entre los a\u00f1os 1275 y 1290.\">Original preserved in Westminster Abbey London (Ms. 22), dated between 1275 and 1290.<\/span><\/p>\n<p style=\"text-align: justify;\"><span title=\"En cuanto lo est\u00e9 y dispongamos del mismo, se lo enviaremos sin ning\u00fan tipo de cargo adicional.\"><span class=\"tlid-translation translation\" lang=\"en\"><span title=\"\">Accompanied by the corresponding complementary study book, published in 2019 with great quality, in Spanish-English bilingual edition.<\/span> <span class=\"\" title=\"\">Hardcover bound book with illustrated dust jacket, 25 x 31 cm format.<\/span><\/span><\/span><\/p>\n<p style=\"text-align: justify;\"><span title=\"Gastos de env\u00edo por cuenta del comprador, seg\u00fan pedido y destino.\">Shipping by the buyer, upon request and destination.\u00a0<\/span><span title=\"Cons\u00faltenos cualquier duda, as\u00ed como por cualquier otro facs\u00edmile o art\u00edculo que est\u00e9 buscando.\"><a class=\"btn btn-default\" href=\"http:\/\/comprarmejor.es\/en\/contact\">Ask us<\/a> any questions and by facsimile or any other item he seeks.<\/span><\/p>\n","protected":false},"excerpt":{"rendered":"<p style=\"text-align: justify;\"><span id=\"result_box\" lang=\"en\" xml:lang=\"en\"><span title=\"El Bestiario de Westminster es uno de los bestiarios m\u00e1s hermosos y ricamente decorados del mundo.\">The Bestiary Westminster is one of the most beautiful and richly decorated bestiarios world.<\/span><\/span><\/p>\n","protected":false},"featured_media":57318,"template":"","meta":[],"product_brand":[],"product_cat":[2250],"product_tag":[5821,5119,4428],"class_list":{"0":"post-53171","1":"product","2":"type-product","3":"status-publish","4":"has-post-thumbnail","6":"product_cat-other-facsimiles","7":"product_tag-bestiario-en","8":"product_tag-siloe-en","9":"product_tag-westminster-en","10":"product_shipping_class-from-6-to-10-kg","11":"description-off","13":"first","14":"instock","15":"sale","16":"taxable","17":"shipping-taxable","18":"purchasable","19":"product-type-simple"},"yoast_head":"<!-- This site is optimized with the Yoast SEO plugin v27.3 - https:\/\/yoast.com\/product\/yoast-seo-wordpress\/ -->\n<title>Bestiary of Westminster, 13th century, one of the most beautiful bestiaries<\/title>\n<meta name=\"description\" content=\"The Bestiary of Westminster is one of the most beautiful and richly decorated bestiaries in the world. Its pages are an x-ray of the medieval mentality\" \/>\n<meta name=\"robots\" content=\"index, follow, max-snippet:-1, max-image-preview:large, max-video-preview:-1\" \/>\n<link rel=\"canonical\" href=\"https:\/\/www.comprarmejor.es\/en\/product\/westminster-bestiary-xiii-century\/\" \/>\n<meta property=\"og:locale\" content=\"en_US\" \/>\n<meta property=\"og:type\" content=\"article\" \/>\n<meta property=\"og:title\" content=\"Bestiary of Westminster, 13th century, one of the most beautiful bestiaries\" \/>\n<meta property=\"og:description\" content=\"The Bestiary of Westminster is one of the most beautiful and richly decorated bestiaries in the world. Its pages are an x-ray of the medieval mentality\" \/>\n<meta property=\"og:url\" content=\"https:\/\/www.comprarmejor.es\/en\/product\/westminster-bestiary-xiii-century\/\" \/>\n<meta property=\"og:site_name\" content=\"ComprarMejor\" \/>\n<meta property=\"article:modified_time\" content=\"2019-10-18T20:59:54+00:00\" \/>\n<meta property=\"og:image\" content=\"https:\/\/www.comprarmejor.es\/wp-content\/uploads\/2016\/02\/DSC05515.jpg\" \/>\n\t<meta property=\"og:image:width\" content=\"600\" \/>\n\t<meta property=\"og:image:height\" content=\"461\" \/>\n\t<meta property=\"og:image:type\" content=\"image\/jpeg\" \/>\n<meta name=\"twitter:card\" content=\"summary_large_image\" \/>\n<meta name=\"twitter:label1\" content=\"Est. reading time\" \/>\n\t<meta name=\"twitter:data1\" content=\"1 minute\" \/>\n<script type=\"application\/ld+json\" class=\"yoast-schema-graph\">{\"@context\":\"https:\\\/\\\/schema.org\",\"@graph\":[{\"@type\":\"WebPage\",\"@id\":\"https:\\\/\\\/www.comprarmejor.es\\\/en\\\/product\\\/westminster-bestiary-xiii-century\\\/\",\"url\":\"https:\\\/\\\/www.comprarmejor.es\\\/en\\\/product\\\/westminster-bestiary-xiii-century\\\/\",\"name\":\"Bestiary of Westminster, 13th century, one of the most beautiful bestiaries\",\"isPartOf\":{\"@id\":\"https:\\\/\\\/www.comprarmejor.es\\\/en\\\/#website\"},\"primaryImageOfPage\":{\"@id\":\"https:\\\/\\\/www.comprarmejor.es\\\/en\\\/product\\\/westminster-bestiary-xiii-century\\\/#primaryimage\"},\"image\":{\"@id\":\"https:\\\/\\\/www.comprarmejor.es\\\/en\\\/product\\\/westminster-bestiary-xiii-century\\\/#primaryimage\"},\"thumbnailUrl\":\"https:\\\/\\\/www.comprarmejor.es\\\/wp-content\\\/uploads\\\/2016\\\/02\\\/DSC05515.jpg\",\"datePublished\":\"2016-02-20T10:46:38+00:00\",\"dateModified\":\"2019-10-18T20:59:54+00:00\",\"description\":\"The Bestiary of Westminster is one of the most beautiful and richly decorated bestiaries in the world. Its pages are an x-ray of the medieval mentality\",\"breadcrumb\":{\"@id\":\"https:\\\/\\\/www.comprarmejor.es\\\/en\\\/product\\\/westminster-bestiary-xiii-century\\\/#breadcrumb\"},\"inLanguage\":\"en-US\",\"potentialAction\":[{\"@type\":\"ReadAction\",\"target\":[\"https:\\\/\\\/www.comprarmejor.es\\\/en\\\/product\\\/westminster-bestiary-xiii-century\\\/\"]}]},{\"@type\":\"ImageObject\",\"inLanguage\":\"en-US\",\"@id\":\"https:\\\/\\\/www.comprarmejor.es\\\/en\\\/product\\\/westminster-bestiary-xiii-century\\\/#primaryimage\",\"url\":\"https:\\\/\\\/www.comprarmejor.es\\\/wp-content\\\/uploads\\\/2016\\\/02\\\/DSC05515.jpg\",\"contentUrl\":\"https:\\\/\\\/www.comprarmejor.es\\\/wp-content\\\/uploads\\\/2016\\\/02\\\/DSC05515.jpg\",\"width\":600,\"height\":461},{\"@type\":\"BreadcrumbList\",\"@id\":\"https:\\\/\\\/www.comprarmejor.es\\\/en\\\/product\\\/westminster-bestiary-xiii-century\\\/#breadcrumb\",\"itemListElement\":[{\"@type\":\"ListItem\",\"position\":1,\"name\":\"Portada\",\"item\":\"https:\\\/\\\/www.comprarmejor.es\\\/en\\\/\"},{\"@type\":\"ListItem\",\"position\":2,\"name\":\"Shop\",\"item\":\"https:\\\/\\\/www.comprarmejor.es\\\/en\\\/shop\\\/\"},{\"@type\":\"ListItem\",\"position\":3,\"name\":\"Westminster Bestiary, XIII century\"}]},{\"@type\":\"WebSite\",\"@id\":\"https:\\\/\\\/www.comprarmejor.es\\\/en\\\/#website\",\"url\":\"https:\\\/\\\/www.comprarmejor.es\\\/en\\\/\",\"name\":\"ComprarMejor\",\"description\":\"ComprarMejor\",\"publisher\":{\"@id\":\"https:\\\/\\\/www.comprarmejor.es\\\/en\\\/#organization\"},\"potentialAction\":[{\"@type\":\"SearchAction\",\"target\":{\"@type\":\"EntryPoint\",\"urlTemplate\":\"https:\\\/\\\/www.comprarmejor.es\\\/en\\\/?s={search_term_string}\"},\"query-input\":{\"@type\":\"PropertyValueSpecification\",\"valueRequired\":true,\"valueName\":\"search_term_string\"}}],\"inLanguage\":\"en-US\"},{\"@type\":\"Organization\",\"@id\":\"https:\\\/\\\/www.comprarmejor.es\\\/en\\\/#organization\",\"name\":\"COMPRAR MEJOR\",\"url\":\"https:\\\/\\\/www.comprarmejor.es\\\/en\\\/\",\"logo\":{\"@type\":\"ImageObject\",\"inLanguage\":\"en-US\",\"@id\":\"https:\\\/\\\/www.comprarmejor.es\\\/en\\\/#\\\/schema\\\/logo\\\/image\\\/\",\"url\":\"https:\\\/\\\/www.comprarmejor.es\\\/wp-content\\\/uploads\\\/2025\\\/09\\\/comprarmejortrinidad.jpg\",\"contentUrl\":\"https:\\\/\\\/www.comprarmejor.es\\\/wp-content\\\/uploads\\\/2025\\\/09\\\/comprarmejortrinidad.jpg\",\"width\":1022,\"height\":1380,\"caption\":\"COMPRAR MEJOR\"},\"image\":{\"@id\":\"https:\\\/\\\/www.comprarmejor.es\\\/en\\\/#\\\/schema\\\/logo\\\/image\\\/\"},\"sameAs\":[\"https:\\\/\\\/www.instagram.com\\\/amigosdelcodice\"]}]}<\/script>\n<!-- \/ Yoast SEO plugin. -->","yoast_head_json":{"title":"Bestiary of Westminster, 13th century, one of the most beautiful bestiaries","description":"The Bestiary of Westminster is one of the most beautiful and richly decorated bestiaries in the world. Its pages are an x-ray of the medieval mentality","robots":{"index":"index","follow":"follow","max-snippet":"max-snippet:-1","max-image-preview":"max-image-preview:large","max-video-preview":"max-video-preview:-1"},"canonical":"https:\/\/www.comprarmejor.es\/en\/product\/westminster-bestiary-xiii-century\/","og_locale":"en_US","og_type":"article","og_title":"Bestiary of Westminster, 13th century, one of the most beautiful bestiaries","og_description":"The Bestiary of Westminster is one of the most beautiful and richly decorated bestiaries in the world. Its pages are an x-ray of the medieval mentality","og_url":"https:\/\/www.comprarmejor.es\/en\/product\/westminster-bestiary-xiii-century\/","og_site_name":"ComprarMejor","article_modified_time":"2019-10-18T20:59:54+00:00","og_image":[{"width":600,"height":461,"url":"https:\/\/www.comprarmejor.es\/wp-content\/uploads\/2016\/02\/DSC05515.jpg","type":"image\/jpeg"}],"twitter_card":"summary_large_image","twitter_misc":{"Est. reading time":"1 minute"},"schema":{"@context":"https:\/\/schema.org","@graph":[{"@type":"WebPage","@id":"https:\/\/www.comprarmejor.es\/en\/product\/westminster-bestiary-xiii-century\/","url":"https:\/\/www.comprarmejor.es\/en\/product\/westminster-bestiary-xiii-century\/","name":"Bestiary of Westminster, 13th century, one of the most beautiful bestiaries","isPartOf":{"@id":"https:\/\/www.comprarmejor.es\/en\/#website"},"primaryImageOfPage":{"@id":"https:\/\/www.comprarmejor.es\/en\/product\/westminster-bestiary-xiii-century\/#primaryimage"},"image":{"@id":"https:\/\/www.comprarmejor.es\/en\/product\/westminster-bestiary-xiii-century\/#primaryimage"},"thumbnailUrl":"https:\/\/www.comprarmejor.es\/wp-content\/uploads\/2016\/02\/DSC05515.jpg","datePublished":"2016-02-20T10:46:38+00:00","dateModified":"2019-10-18T20:59:54+00:00","description":"The Bestiary of Westminster is one of the most beautiful and richly decorated bestiaries in the world. Its pages are an x-ray of the medieval mentality","breadcrumb":{"@id":"https:\/\/www.comprarmejor.es\/en\/product\/westminster-bestiary-xiii-century\/#breadcrumb"},"inLanguage":"en-US","potentialAction":[{"@type":"ReadAction","target":["https:\/\/www.comprarmejor.es\/en\/product\/westminster-bestiary-xiii-century\/"]}]},{"@type":"ImageObject","inLanguage":"en-US","@id":"https:\/\/www.comprarmejor.es\/en\/product\/westminster-bestiary-xiii-century\/#primaryimage","url":"https:\/\/www.comprarmejor.es\/wp-content\/uploads\/2016\/02\/DSC05515.jpg","contentUrl":"https:\/\/www.comprarmejor.es\/wp-content\/uploads\/2016\/02\/DSC05515.jpg","width":600,"height":461},{"@type":"BreadcrumbList","@id":"https:\/\/www.comprarmejor.es\/en\/product\/westminster-bestiary-xiii-century\/#breadcrumb","itemListElement":[{"@type":"ListItem","position":1,"name":"Portada","item":"https:\/\/www.comprarmejor.es\/en\/"},{"@type":"ListItem","position":2,"name":"Shop","item":"https:\/\/www.comprarmejor.es\/en\/shop\/"},{"@type":"ListItem","position":3,"name":"Westminster Bestiary, XIII century"}]},{"@type":"WebSite","@id":"https:\/\/www.comprarmejor.es\/en\/#website","url":"https:\/\/www.comprarmejor.es\/en\/","name":"ComprarMejor","description":"ComprarMejor","publisher":{"@id":"https:\/\/www.comprarmejor.es\/en\/#organization"},"potentialAction":[{"@type":"SearchAction","target":{"@type":"EntryPoint","urlTemplate":"https:\/\/www.comprarmejor.es\/en\/?s={search_term_string}"},"query-input":{"@type":"PropertyValueSpecification","valueRequired":true,"valueName":"search_term_string"}}],"inLanguage":"en-US"},{"@type":"Organization","@id":"https:\/\/www.comprarmejor.es\/en\/#organization","name":"COMPRAR MEJOR","url":"https:\/\/www.comprarmejor.es\/en\/","logo":{"@type":"ImageObject","inLanguage":"en-US","@id":"https:\/\/www.comprarmejor.es\/en\/#\/schema\/logo\/image\/","url":"https:\/\/www.comprarmejor.es\/wp-content\/uploads\/2025\/09\/comprarmejortrinidad.jpg","contentUrl":"https:\/\/www.comprarmejor.es\/wp-content\/uploads\/2025\/09\/comprarmejortrinidad.jpg","width":1022,"height":1380,"caption":"COMPRAR MEJOR"},"image":{"@id":"https:\/\/www.comprarmejor.es\/en\/#\/schema\/logo\/image\/"},"sameAs":["https:\/\/www.instagram.com\/amigosdelcodice"]}]}},"_links":{"self":[{"href":"https:\/\/www.comprarmejor.es\/en\/wp-json\/wp\/v2\/product\/53171","targetHints":{"allow":["GET"]}}],"collection":[{"href":"https:\/\/www.comprarmejor.es\/en\/wp-json\/wp\/v2\/product"}],"about":[{"href":"https:\/\/www.comprarmejor.es\/en\/wp-json\/wp\/v2\/types\/product"}],"wp:featuredmedia":[{"embeddable":true,"href":"https:\/\/www.comprarmejor.es\/en\/wp-json\/wp\/v2\/media\/57318"}],"wp:attachment":[{"href":"https:\/\/www.comprarmejor.es\/en\/wp-json\/wp\/v2\/media?parent=53171"}],"wp:term":[{"taxonomy":"product_brand","embeddable":true,"href":"https:\/\/www.comprarmejor.es\/en\/wp-json\/wp\/v2\/product_brand?post=53171"},{"taxonomy":"product_cat","embeddable":true,"href":"https:\/\/www.comprarmejor.es\/en\/wp-json\/wp\/v2\/product_cat?post=53171"},{"taxonomy":"product_tag","embeddable":true,"href":"https:\/\/www.comprarmejor.es\/en\/wp-json\/wp\/v2\/product_tag?post=53171"}],"curies":[{"name":"wp","href":"https:\/\/api.w.org\/{rel}","templated":true}]}}