{"id":53197,"date":"2016-02-20T12:42:59","date_gmt":"2016-02-20T11:42:59","guid":{"rendered":"https:\/\/www.comprarmejor.es\/producto\/txumari-alfaro-la-belleza-entra-por-la-boca\/"},"modified":"2020-05-03T18:08:54","modified_gmt":"2020-05-03T16:08:54","slug":"txumari-alfaro-la-belleza-entra-por-la-boca","status":"publish","type":"product","link":"https:\/\/www.comprarmejor.es\/en\/product\/txumari-alfaro-la-belleza-entra-por-la-boca\/","title":{"rendered":"Txumari Alfaro: La belleza entra por la boca"},"content":{"rendered":"<p style=\"text-align: justify;\"><span id=\"result_box\" lang=\"en\" xml:lang=\"en\"><span title=\"Esta obra fue premiada como el mejor libro editado en Espa\u00f1a en 1990. El regalo ideal para cualquier bot\u00e1nico, bi\u00f3logo y bibli\u00f3filo en general.\"><span lang=\"en\" xml:lang=\"en\"><span title=\"Txumari Alfaro nos brinda el libro definitivo para prestar atenci\u00f3n a nuestro cuidado personal de la forma m\u00e1s natural.\">Txumari Alfaro gives us the definitive book to pay attention to our personal care in the most natural way.<\/span><\/span><\/span><\/span><\/p>\n<p style=\"text-align: justify;\"><span title=\"Consejos y remedios naturales de belleza.\">Advice and natural beauty remedies. <\/span><span title=\"Porque existe una relaci\u00f3n directa entre el cuidado interior, con una alimentaci\u00f3n equilibrada y natural, y el modo en que la salud realza el cuerpo y nuestra belleza.\">Because there is a direct relationship between inner care, with a balanced and natural diet, and the way in which health enhances the body and our beauty.<\/span><\/p>\n<p style=\"text-align: justify;\"><span title=\"Porque, en definitiva, somos lo que comemos y nuestro aspecto exterior lo refleja.\">Because, in short, we are what we eat and our external appearance reflects it.<\/span><\/p>\n<p style=\"text-align: justify;\"><span title=\"Ejemplar correspondiente a la 1\u00aa edici\u00f3n, octubre 2008.\">Exemplary corresponding to the 1st edition, October 2008.<\/span><\/p>\n<p style=\"text-align: justify;\"><span title=\"Txumari Alfaro, viajero incansable, ha recorrido todo el mundo, siempre con el fin de recopilar la sabidur\u00eda popular referida a remedios naturales para la salud.\">Txumari Alfaro, tireless traveler, has traveled all over the world, always in order to collect popular wisdom referring to natural remedies for health. <\/span><span title=\"Suele decir que se considera un notario del pasado que no desea que se pierda una riqueza y una parte m\u00e1s de la cultura tan importante como es la antropolog\u00eda de la medicina popular y los remedios naturales.\">He often says that he considers himself a notary of the past who does not want to lose a wealth and a part of the culture as important as the anthropology of folk medicine and natural remedies. <\/span><span title=\"Podemos asegurar que en esta obra se recogen remedios de todas partes del mundo y de multitud de culturas diferentes.\">We can assure that in this work remedies are collected from all over the world and from a multitude of different cultures. <\/span><span title=\"Remedios que consideramos nuestros por ser cotidianos y que en gran parte fueron tra\u00eddos por los colonizadores.\">Remedies that we consider ours to be daily and that were largely brought by the colonizers. <\/span><span title=\"Asiduo conferenciante en Espa\u00f1a y Am\u00e9rica, escribe en peri\u00f3dicos y revistas siempre acerca de temas relacionados con los remedios populares.\">Regular speaker in Spain and America, he writes in newspapers and magazines always about topics related to folk remedies. <\/span><span title=\"Su pasi\u00f3n por ellos lo llev\u00f3 a doctorarse en Iridolog\u00eda, Naturopat\u00eda y Acupuntura, cursando estudios en Francia, Estados Unidos, Canad\u00e1 y Espa\u00f1a.\">His passion for them led him to get his doctorate in Iridology, Naturopathy and Acupuncture, studying in France, the United States, Canada and Spain.<\/span><\/p>\n<p style=\"text-align: justify;\"><span title=\"Tomo encuadernado en carton\u00e9 ilustrado, formato 20,5 x 26 cm.\">Volume bound in illustrated cardboard, format 20.5 x 26 cm. <\/span><span title=\"464 p\u00e1ginas ilustradas a color.\">464 pages illustrated in color.<\/span><\/p>\n<p style=\"text-align: justify;\"><span title=\"Ejemplar en perfecto estado, salvo por un peque\u00f1o golpe en una esquina por el transporte, sin mucha importancia.\">Exemplary in perfect condition, except for a small blow in a corner by transport, without much importance.<\/span><\/p>\n<p style=\"text-align: justify;\"><span title=\"Gastos de env\u00edo por cuenta del comprador, seg\u00fan pedido y destino.\">Shipping by the buyer, upon request and destination.\u00a0<\/span><span title=\"Cons\u00faltenos cualquier duda, as\u00ed como por cualquier otro facs\u00edmile o art\u00edculo que est\u00e9 buscando.\"><a class=\"btn btn-default\" href=\"http:\/\/comprarmejor.es\/en\/contact\">Ask us<\/a> <span lang=\"en\" xml:lang=\"en\"><span title=\"Cons\u00faltenos sin compromiso (indicando la referencia del art\u00edculo) cualquier duda.\">without obligation (indicating the reference of the article) any doubt.<\/span><\/span><br \/>\n<\/span><\/p>\n","protected":false},"excerpt":{"rendered":"<p style=\"text-align: justify;\"><span id=\"result_box\" lang=\"en\" xml:lang=\"en\"><span title=\"El Atlas de Historia Natural de Felipe II, tambi\u00e9n conocido como c\u00f3dice Pomar, es un manuscrito pict\u00f3rico compuesto por 218 l\u00e1minas en color pintadas sobre papel a una sola cara, las 47 primeras corresponden a la fauna y a partir de la cuarta comienzan las de bot\u00e1nica.\"><span lang=\"en\" xml:lang=\"en\"><span title=\"Salamanca, 1566.\"><span lang=\"en\" xml:lang=\"en\"><span title=\"Txumari Alfaro nos brinda el libro definitivo para prestar atenci\u00f3n a nuestro cuidado personal de la forma m\u00e1s natural.\">Txumari Alfaro gives us the definitive book to pay attention to our personal care in the most natural way.<\/span><\/span><\/span><\/span><\/span><\/span><\/p>\n","protected":false},"featured_media":53185,"template":"","meta":[],"product_brand":[],"product_cat":[2188,2256,2242],"product_tag":[4426,4425],"class_list":{"0":"post-53197","1":"product","2":"type-product","3":"status-publish","4":"has-post-thumbnail","6":"product_cat-books","7":"product_cat-books-in-general","8":"product_cat-first-editions","9":"product_tag-alfaro-en","10":"product_tag-txumari-en","11":"product_shipping_class-from-0-to-1-kg","12":"description-off","14":"first","15":"instock","16":"sale","17":"taxable","18":"shipping-taxable","19":"purchasable","20":"product-type-simple"},"yoast_head":"<!-- This site is optimized with the Yoast SEO plugin v27.3 - https:\/\/yoast.com\/product\/yoast-seo-wordpress\/ -->\n<title>Txumari Alfaro: La belleza entra por la boca<\/title>\n<meta name=\"description\" content=\"Txumari Alfaro gives us the definitive book to pay attention to our personal care in the most natural way.\" \/>\n<meta name=\"robots\" content=\"index, follow, max-snippet:-1, max-image-preview:large, max-video-preview:-1\" \/>\n<link rel=\"canonical\" href=\"https:\/\/www.comprarmejor.es\/en\/product\/txumari-alfaro-la-belleza-entra-por-la-boca\/\" \/>\n<meta property=\"og:locale\" content=\"en_US\" \/>\n<meta property=\"og:type\" content=\"article\" \/>\n<meta property=\"og:title\" content=\"Txumari Alfaro: La belleza entra por la boca\" \/>\n<meta property=\"og:description\" content=\"Txumari Alfaro gives us the definitive book to pay attention to our personal care in the most natural way.\" \/>\n<meta property=\"og:url\" content=\"https:\/\/www.comprarmejor.es\/en\/product\/txumari-alfaro-la-belleza-entra-por-la-boca\/\" \/>\n<meta property=\"og:site_name\" content=\"ComprarMejor\" \/>\n<meta property=\"article:modified_time\" content=\"2020-05-03T16:08:54+00:00\" \/>\n<meta property=\"og:image\" content=\"https:\/\/www.comprarmejor.es\/wp-content\/uploads\/2016\/02\/p_6_7_9_8_6798-Txumari-Alfaro-La-belleza-entra-por-la-boca.jpg\" \/>\n\t<meta property=\"og:image:width\" content=\"547\" \/>\n\t<meta property=\"og:image:height\" content=\"600\" \/>\n\t<meta property=\"og:image:type\" content=\"image\/jpeg\" \/>\n<meta name=\"twitter:card\" content=\"summary_large_image\" \/>\n<meta name=\"twitter:label1\" content=\"Est. reading time\" \/>\n\t<meta name=\"twitter:data1\" content=\"1 minute\" \/>\n<script type=\"application\/ld+json\" class=\"yoast-schema-graph\">{\"@context\":\"https:\\\/\\\/schema.org\",\"@graph\":[{\"@type\":\"WebPage\",\"@id\":\"https:\\\/\\\/www.comprarmejor.es\\\/en\\\/product\\\/txumari-alfaro-la-belleza-entra-por-la-boca\\\/\",\"url\":\"https:\\\/\\\/www.comprarmejor.es\\\/en\\\/product\\\/txumari-alfaro-la-belleza-entra-por-la-boca\\\/\",\"name\":\"Txumari Alfaro: La belleza entra por la boca\",\"isPartOf\":{\"@id\":\"https:\\\/\\\/www.comprarmejor.es\\\/en\\\/#website\"},\"primaryImageOfPage\":{\"@id\":\"https:\\\/\\\/www.comprarmejor.es\\\/en\\\/product\\\/txumari-alfaro-la-belleza-entra-por-la-boca\\\/#primaryimage\"},\"image\":{\"@id\":\"https:\\\/\\\/www.comprarmejor.es\\\/en\\\/product\\\/txumari-alfaro-la-belleza-entra-por-la-boca\\\/#primaryimage\"},\"thumbnailUrl\":\"https:\\\/\\\/www.comprarmejor.es\\\/wp-content\\\/uploads\\\/2016\\\/02\\\/p_6_7_9_8_6798-Txumari-Alfaro-La-belleza-entra-por-la-boca.jpg\",\"datePublished\":\"2016-02-20T11:42:59+00:00\",\"dateModified\":\"2020-05-03T16:08:54+00:00\",\"description\":\"Txumari Alfaro gives us the definitive book to pay attention to our personal care in the most natural way.\",\"breadcrumb\":{\"@id\":\"https:\\\/\\\/www.comprarmejor.es\\\/en\\\/product\\\/txumari-alfaro-la-belleza-entra-por-la-boca\\\/#breadcrumb\"},\"inLanguage\":\"en-US\",\"potentialAction\":[{\"@type\":\"ReadAction\",\"target\":[\"https:\\\/\\\/www.comprarmejor.es\\\/en\\\/product\\\/txumari-alfaro-la-belleza-entra-por-la-boca\\\/\"]}]},{\"@type\":\"ImageObject\",\"inLanguage\":\"en-US\",\"@id\":\"https:\\\/\\\/www.comprarmejor.es\\\/en\\\/product\\\/txumari-alfaro-la-belleza-entra-por-la-boca\\\/#primaryimage\",\"url\":\"https:\\\/\\\/www.comprarmejor.es\\\/wp-content\\\/uploads\\\/2016\\\/02\\\/p_6_7_9_8_6798-Txumari-Alfaro-La-belleza-entra-por-la-boca.jpg\",\"contentUrl\":\"https:\\\/\\\/www.comprarmejor.es\\\/wp-content\\\/uploads\\\/2016\\\/02\\\/p_6_7_9_8_6798-Txumari-Alfaro-La-belleza-entra-por-la-boca.jpg\",\"width\":547,\"height\":600},{\"@type\":\"BreadcrumbList\",\"@id\":\"https:\\\/\\\/www.comprarmejor.es\\\/en\\\/product\\\/txumari-alfaro-la-belleza-entra-por-la-boca\\\/#breadcrumb\",\"itemListElement\":[{\"@type\":\"ListItem\",\"position\":1,\"name\":\"Portada\",\"item\":\"https:\\\/\\\/www.comprarmejor.es\\\/en\\\/\"},{\"@type\":\"ListItem\",\"position\":2,\"name\":\"Shop\",\"item\":\"https:\\\/\\\/www.comprarmejor.es\\\/en\\\/shop\\\/\"},{\"@type\":\"ListItem\",\"position\":3,\"name\":\"Txumari Alfaro: La belleza entra por la boca\"}]},{\"@type\":\"WebSite\",\"@id\":\"https:\\\/\\\/www.comprarmejor.es\\\/en\\\/#website\",\"url\":\"https:\\\/\\\/www.comprarmejor.es\\\/en\\\/\",\"name\":\"ComprarMejor\",\"description\":\"ComprarMejor\",\"publisher\":{\"@id\":\"https:\\\/\\\/www.comprarmejor.es\\\/en\\\/#organization\"},\"potentialAction\":[{\"@type\":\"SearchAction\",\"target\":{\"@type\":\"EntryPoint\",\"urlTemplate\":\"https:\\\/\\\/www.comprarmejor.es\\\/en\\\/?s={search_term_string}\"},\"query-input\":{\"@type\":\"PropertyValueSpecification\",\"valueRequired\":true,\"valueName\":\"search_term_string\"}}],\"inLanguage\":\"en-US\"},{\"@type\":\"Organization\",\"@id\":\"https:\\\/\\\/www.comprarmejor.es\\\/en\\\/#organization\",\"name\":\"COMPRAR MEJOR\",\"url\":\"https:\\\/\\\/www.comprarmejor.es\\\/en\\\/\",\"logo\":{\"@type\":\"ImageObject\",\"inLanguage\":\"en-US\",\"@id\":\"https:\\\/\\\/www.comprarmejor.es\\\/en\\\/#\\\/schema\\\/logo\\\/image\\\/\",\"url\":\"https:\\\/\\\/www.comprarmejor.es\\\/wp-content\\\/uploads\\\/2025\\\/09\\\/comprarmejortrinidad.jpg\",\"contentUrl\":\"https:\\\/\\\/www.comprarmejor.es\\\/wp-content\\\/uploads\\\/2025\\\/09\\\/comprarmejortrinidad.jpg\",\"width\":1022,\"height\":1380,\"caption\":\"COMPRAR MEJOR\"},\"image\":{\"@id\":\"https:\\\/\\\/www.comprarmejor.es\\\/en\\\/#\\\/schema\\\/logo\\\/image\\\/\"},\"sameAs\":[\"https:\\\/\\\/www.instagram.com\\\/amigosdelcodice\"]}]}<\/script>\n<!-- \/ Yoast SEO plugin. -->","yoast_head_json":{"title":"Txumari Alfaro: La belleza entra por la boca","description":"Txumari Alfaro gives us the definitive book to pay attention to our personal care in the most natural way.","robots":{"index":"index","follow":"follow","max-snippet":"max-snippet:-1","max-image-preview":"max-image-preview:large","max-video-preview":"max-video-preview:-1"},"canonical":"https:\/\/www.comprarmejor.es\/en\/product\/txumari-alfaro-la-belleza-entra-por-la-boca\/","og_locale":"en_US","og_type":"article","og_title":"Txumari Alfaro: La belleza entra por la boca","og_description":"Txumari Alfaro gives us the definitive book to pay attention to our personal care in the most natural way.","og_url":"https:\/\/www.comprarmejor.es\/en\/product\/txumari-alfaro-la-belleza-entra-por-la-boca\/","og_site_name":"ComprarMejor","article_modified_time":"2020-05-03T16:08:54+00:00","og_image":[{"width":547,"height":600,"url":"https:\/\/www.comprarmejor.es\/wp-content\/uploads\/2016\/02\/p_6_7_9_8_6798-Txumari-Alfaro-La-belleza-entra-por-la-boca.jpg","type":"image\/jpeg"}],"twitter_card":"summary_large_image","twitter_misc":{"Est. reading time":"1 minute"},"schema":{"@context":"https:\/\/schema.org","@graph":[{"@type":"WebPage","@id":"https:\/\/www.comprarmejor.es\/en\/product\/txumari-alfaro-la-belleza-entra-por-la-boca\/","url":"https:\/\/www.comprarmejor.es\/en\/product\/txumari-alfaro-la-belleza-entra-por-la-boca\/","name":"Txumari Alfaro: La belleza entra por la boca","isPartOf":{"@id":"https:\/\/www.comprarmejor.es\/en\/#website"},"primaryImageOfPage":{"@id":"https:\/\/www.comprarmejor.es\/en\/product\/txumari-alfaro-la-belleza-entra-por-la-boca\/#primaryimage"},"image":{"@id":"https:\/\/www.comprarmejor.es\/en\/product\/txumari-alfaro-la-belleza-entra-por-la-boca\/#primaryimage"},"thumbnailUrl":"https:\/\/www.comprarmejor.es\/wp-content\/uploads\/2016\/02\/p_6_7_9_8_6798-Txumari-Alfaro-La-belleza-entra-por-la-boca.jpg","datePublished":"2016-02-20T11:42:59+00:00","dateModified":"2020-05-03T16:08:54+00:00","description":"Txumari Alfaro gives us the definitive book to pay attention to our personal care in the most natural way.","breadcrumb":{"@id":"https:\/\/www.comprarmejor.es\/en\/product\/txumari-alfaro-la-belleza-entra-por-la-boca\/#breadcrumb"},"inLanguage":"en-US","potentialAction":[{"@type":"ReadAction","target":["https:\/\/www.comprarmejor.es\/en\/product\/txumari-alfaro-la-belleza-entra-por-la-boca\/"]}]},{"@type":"ImageObject","inLanguage":"en-US","@id":"https:\/\/www.comprarmejor.es\/en\/product\/txumari-alfaro-la-belleza-entra-por-la-boca\/#primaryimage","url":"https:\/\/www.comprarmejor.es\/wp-content\/uploads\/2016\/02\/p_6_7_9_8_6798-Txumari-Alfaro-La-belleza-entra-por-la-boca.jpg","contentUrl":"https:\/\/www.comprarmejor.es\/wp-content\/uploads\/2016\/02\/p_6_7_9_8_6798-Txumari-Alfaro-La-belleza-entra-por-la-boca.jpg","width":547,"height":600},{"@type":"BreadcrumbList","@id":"https:\/\/www.comprarmejor.es\/en\/product\/txumari-alfaro-la-belleza-entra-por-la-boca\/#breadcrumb","itemListElement":[{"@type":"ListItem","position":1,"name":"Portada","item":"https:\/\/www.comprarmejor.es\/en\/"},{"@type":"ListItem","position":2,"name":"Shop","item":"https:\/\/www.comprarmejor.es\/en\/shop\/"},{"@type":"ListItem","position":3,"name":"Txumari Alfaro: La belleza entra por la boca"}]},{"@type":"WebSite","@id":"https:\/\/www.comprarmejor.es\/en\/#website","url":"https:\/\/www.comprarmejor.es\/en\/","name":"ComprarMejor","description":"ComprarMejor","publisher":{"@id":"https:\/\/www.comprarmejor.es\/en\/#organization"},"potentialAction":[{"@type":"SearchAction","target":{"@type":"EntryPoint","urlTemplate":"https:\/\/www.comprarmejor.es\/en\/?s={search_term_string}"},"query-input":{"@type":"PropertyValueSpecification","valueRequired":true,"valueName":"search_term_string"}}],"inLanguage":"en-US"},{"@type":"Organization","@id":"https:\/\/www.comprarmejor.es\/en\/#organization","name":"COMPRAR MEJOR","url":"https:\/\/www.comprarmejor.es\/en\/","logo":{"@type":"ImageObject","inLanguage":"en-US","@id":"https:\/\/www.comprarmejor.es\/en\/#\/schema\/logo\/image\/","url":"https:\/\/www.comprarmejor.es\/wp-content\/uploads\/2025\/09\/comprarmejortrinidad.jpg","contentUrl":"https:\/\/www.comprarmejor.es\/wp-content\/uploads\/2025\/09\/comprarmejortrinidad.jpg","width":1022,"height":1380,"caption":"COMPRAR MEJOR"},"image":{"@id":"https:\/\/www.comprarmejor.es\/en\/#\/schema\/logo\/image\/"},"sameAs":["https:\/\/www.instagram.com\/amigosdelcodice"]}]}},"_links":{"self":[{"href":"https:\/\/www.comprarmejor.es\/en\/wp-json\/wp\/v2\/product\/53197","targetHints":{"allow":["GET"]}}],"collection":[{"href":"https:\/\/www.comprarmejor.es\/en\/wp-json\/wp\/v2\/product"}],"about":[{"href":"https:\/\/www.comprarmejor.es\/en\/wp-json\/wp\/v2\/types\/product"}],"wp:featuredmedia":[{"embeddable":true,"href":"https:\/\/www.comprarmejor.es\/en\/wp-json\/wp\/v2\/media\/53185"}],"wp:attachment":[{"href":"https:\/\/www.comprarmejor.es\/en\/wp-json\/wp\/v2\/media?parent=53197"}],"wp:term":[{"taxonomy":"product_brand","embeddable":true,"href":"https:\/\/www.comprarmejor.es\/en\/wp-json\/wp\/v2\/product_brand?post=53197"},{"taxonomy":"product_cat","embeddable":true,"href":"https:\/\/www.comprarmejor.es\/en\/wp-json\/wp\/v2\/product_cat?post=53197"},{"taxonomy":"product_tag","embeddable":true,"href":"https:\/\/www.comprarmejor.es\/en\/wp-json\/wp\/v2\/product_tag?post=53197"}],"curies":[{"name":"wp","href":"https:\/\/api.w.org\/{rel}","templated":true}]}}