{"id":53217,"date":"2016-02-21T12:53:59","date_gmt":"2016-02-21T11:53:59","guid":{"rendered":"https:\/\/www.comprarmejor.es\/producto\/the-occult-science-of-the-old-templars-antonio-galera\/"},"modified":"2020-05-11T22:36:02","modified_gmt":"2020-05-11T20:36:02","slug":"the-occult-science-of-the-old-templars-antonio-galera","status":"publish","type":"product","link":"https:\/\/www.comprarmejor.es\/en\/product\/the-occult-science-of-the-old-templars-antonio-galera\/","title":{"rendered":"The occult science of the old Templars, Antonio Galera"},"content":{"rendered":"<p style=\"text-align: justify;\"><span id=\"result_box\" lang=\"en\" xml:lang=\"en\"><span title=\"Novela hist\u00f3rica de Antonio Galera sobre los templarios, publicada en 2009.\">Antonio Galera historical novel about the Templars, published in 2009.<\/span><\/span><\/p>\n<p style=\"text-align: justify;\"><span title=\"Durante su andadura por los archivos hist\u00f3ricos de toda Espa\u00f1a, y m\u00e1s concretamente en los de la Corona de Arag\u00f3n y del Vaticano, Antonio Galera encontr\u00f3 pistas documentales que hablaban de un caballero templario que huy\u00f3 de la batalla de Fraga presa del miedo y de la cobard\u00eda\">During its journey through the archives in Spain, and more specifically in the Crown of Aragon and the Vatican, Antonio Galera found documentary evidence that has talked of a Knight Templar who fled the battle of Fraga gripped by fear and cowardice <\/span><span title=\".\">. <\/span><span title=\"Tambi\u00e9n pudo verificar que este caballero, adem\u00e1s de ser monje y guerrero, era tambi\u00e9n un consumado poeta.\">It could also check that this gentleman, besides being a monk and warrior, was also an accomplished poet.<\/span><\/p>\n<p style=\"text-align: justify;\"><span title=\"En &quot;La ciencia oculta de los viejos templarios&quot;, y bas\u00e1ndose en las mencionadas fuentes, el autor nos desvela la vida de este caballero medroso, monje, guerrero y poeta;\">In &#8220;The occult science of the old Templars&#8221;, and based on the above sources, the author reveals the life of this fearful knight, monk, warrior and poet; <\/span><span title=\"hijo del conde de Osca, nacido en Montbri\u00f3, hoy conocido como Montbri\u00f3 del Camp, provincia de Tarragona.\">son of the Earl of Osca, born in Montbri\u00f3, now known as Montbri\u00f3 del Camp, Tarragona.<\/span><\/p>\n<p style=\"text-align: justify;\"><span title=\"De igual forma, sirvi\u00e9ndose del &quot;Libro de las Ordenanzas Secretas de la Orden del Templo de Salom\u00f3n&quot;, tambi\u00e9n nos da a conocer la extra\u00f1a e ins\u00f3lita t\u00e9cnica que los caballeros ancianos empleaban para convertir a un caballero cobarde en el m\u00e1s audaz y diestro soldado de\">Similarly, using the &#8220;Secret Book of Ordinances of the Order of the Temple of Solomon&#8221; also reveals the strange and unusual technique employed elderly gentlemen to turn a cowardly knight in the most daring and skillful soldier <\/span><span title=\"las milicias templarias.\">Templar militia.<\/span><\/p>\n<p style=\"text-align: justify;\"><span title=\"Libro en r\u00fastica con cubierta a color, formato 15 x 21 cm.\">Paperback with cover to color, format 15 x 21 cm. <\/span><span title=\"Ejemplar en perfecto estado y precintado.\">Original in perfect condition and sealed.<\/span><\/p>\n<p style=\"text-align: justify;\"><span title=\"Gastos de env\u00edo por cuenta del comprador, seg\u00fan pedido y destino.\">Shipping by the buyer, upon request and destination.\u00a0<\/span><span title=\"Cons\u00faltenos cualquier duda, as\u00ed como por cualquier otro art\u00edculo que est\u00e9 buscando.\"><a class=\"btn btn-default\" href=\"http:\/\/comprarmejor.es\/en\/contact\">Ask us<\/a> any questions, as well as any other items you are seeking.<\/span><\/p>\n","protected":false},"excerpt":{"rendered":"<p style=\"text-align: justify;\"><span id=\"result_box\" lang=\"en\" xml:lang=\"en\"><span title=\"Novela hist\u00f3rica de Antonio Galera sobre los templarios, publicada en 2009.\">Antonio Galera historical novel about the Templars, published in 2009.<\/span><\/span><\/p>\n","protected":false},"featured_media":53213,"template":"","meta":[],"product_brand":[],"product_cat":[2188,2256],"product_tag":[4418],"class_list":{"0":"post-53217","1":"product","2":"type-product","3":"status-publish","4":"has-post-thumbnail","6":"product_cat-books","7":"product_cat-books-in-general","8":"product_tag-galera-en-2","9":"product_shipping_class-from-0-to-1-kg","10":"description-off","12":"first","13":"instock","14":"sale","15":"taxable","16":"shipping-taxable","17":"purchasable","18":"product-type-simple"},"yoast_head":"<!-- This site is optimized with the Yoast SEO plugin v27.3 - https:\/\/yoast.com\/product\/yoast-seo-wordpress\/ -->\n<title>The occult science of the old Templars, Antonio Galera<\/title>\n<meta name=\"description\" content=\"Antonio Galera historical novel about the Templars, published in 2009.\" \/>\n<meta name=\"robots\" content=\"index, follow, max-snippet:-1, max-image-preview:large, max-video-preview:-1\" \/>\n<link rel=\"canonical\" href=\"https:\/\/www.comprarmejor.es\/en\/product\/the-occult-science-of-the-old-templars-antonio-galera\/\" \/>\n<meta property=\"og:locale\" content=\"en_US\" \/>\n<meta property=\"og:type\" content=\"article\" \/>\n<meta property=\"og:title\" content=\"The occult science of the old Templars, Antonio Galera\" \/>\n<meta property=\"og:description\" content=\"Antonio Galera historical novel about the Templars, published in 2009.\" \/>\n<meta property=\"og:url\" content=\"https:\/\/www.comprarmejor.es\/en\/product\/the-occult-science-of-the-old-templars-antonio-galera\/\" \/>\n<meta property=\"og:site_name\" content=\"ComprarMejor\" \/>\n<meta property=\"article:modified_time\" content=\"2020-05-11T20:36:02+00:00\" \/>\n<meta property=\"og:image\" content=\"https:\/\/www.comprarmejor.es\/wp-content\/uploads\/2016\/02\/p_7_0_7_6_7076-La-ciencia-oculta-de-los-viejos-templarios-Antonio-Galera.jpg\" \/>\n\t<meta property=\"og:image:width\" content=\"423\" \/>\n\t<meta property=\"og:image:height\" content=\"587\" \/>\n\t<meta property=\"og:image:type\" content=\"image\/jpeg\" \/>\n<meta name=\"twitter:card\" content=\"summary_large_image\" \/>\n<meta name=\"twitter:label1\" content=\"Est. reading time\" \/>\n\t<meta name=\"twitter:data1\" content=\"1 minute\" \/>\n<script type=\"application\/ld+json\" class=\"yoast-schema-graph\">{\"@context\":\"https:\\\/\\\/schema.org\",\"@graph\":[{\"@type\":\"WebPage\",\"@id\":\"https:\\\/\\\/www.comprarmejor.es\\\/en\\\/product\\\/the-occult-science-of-the-old-templars-antonio-galera\\\/\",\"url\":\"https:\\\/\\\/www.comprarmejor.es\\\/en\\\/product\\\/the-occult-science-of-the-old-templars-antonio-galera\\\/\",\"name\":\"The occult science of the old Templars, Antonio Galera\",\"isPartOf\":{\"@id\":\"https:\\\/\\\/www.comprarmejor.es\\\/en\\\/#website\"},\"primaryImageOfPage\":{\"@id\":\"https:\\\/\\\/www.comprarmejor.es\\\/en\\\/product\\\/the-occult-science-of-the-old-templars-antonio-galera\\\/#primaryimage\"},\"image\":{\"@id\":\"https:\\\/\\\/www.comprarmejor.es\\\/en\\\/product\\\/the-occult-science-of-the-old-templars-antonio-galera\\\/#primaryimage\"},\"thumbnailUrl\":\"https:\\\/\\\/www.comprarmejor.es\\\/wp-content\\\/uploads\\\/2016\\\/02\\\/p_7_0_7_6_7076-La-ciencia-oculta-de-los-viejos-templarios-Antonio-Galera.jpg\",\"datePublished\":\"2016-02-21T11:53:59+00:00\",\"dateModified\":\"2020-05-11T20:36:02+00:00\",\"description\":\"Antonio Galera historical novel about the Templars, published in 2009.\",\"breadcrumb\":{\"@id\":\"https:\\\/\\\/www.comprarmejor.es\\\/en\\\/product\\\/the-occult-science-of-the-old-templars-antonio-galera\\\/#breadcrumb\"},\"inLanguage\":\"en-US\",\"potentialAction\":[{\"@type\":\"ReadAction\",\"target\":[\"https:\\\/\\\/www.comprarmejor.es\\\/en\\\/product\\\/the-occult-science-of-the-old-templars-antonio-galera\\\/\"]}]},{\"@type\":\"ImageObject\",\"inLanguage\":\"en-US\",\"@id\":\"https:\\\/\\\/www.comprarmejor.es\\\/en\\\/product\\\/the-occult-science-of-the-old-templars-antonio-galera\\\/#primaryimage\",\"url\":\"https:\\\/\\\/www.comprarmejor.es\\\/wp-content\\\/uploads\\\/2016\\\/02\\\/p_7_0_7_6_7076-La-ciencia-oculta-de-los-viejos-templarios-Antonio-Galera.jpg\",\"contentUrl\":\"https:\\\/\\\/www.comprarmejor.es\\\/wp-content\\\/uploads\\\/2016\\\/02\\\/p_7_0_7_6_7076-La-ciencia-oculta-de-los-viejos-templarios-Antonio-Galera.jpg\",\"width\":423,\"height\":587},{\"@type\":\"BreadcrumbList\",\"@id\":\"https:\\\/\\\/www.comprarmejor.es\\\/en\\\/product\\\/the-occult-science-of-the-old-templars-antonio-galera\\\/#breadcrumb\",\"itemListElement\":[{\"@type\":\"ListItem\",\"position\":1,\"name\":\"Portada\",\"item\":\"https:\\\/\\\/www.comprarmejor.es\\\/en\\\/\"},{\"@type\":\"ListItem\",\"position\":2,\"name\":\"Shop\",\"item\":\"https:\\\/\\\/www.comprarmejor.es\\\/en\\\/shop\\\/\"},{\"@type\":\"ListItem\",\"position\":3,\"name\":\"The occult science of the old Templars, Antonio Galera\"}]},{\"@type\":\"WebSite\",\"@id\":\"https:\\\/\\\/www.comprarmejor.es\\\/en\\\/#website\",\"url\":\"https:\\\/\\\/www.comprarmejor.es\\\/en\\\/\",\"name\":\"ComprarMejor\",\"description\":\"ComprarMejor\",\"publisher\":{\"@id\":\"https:\\\/\\\/www.comprarmejor.es\\\/en\\\/#organization\"},\"potentialAction\":[{\"@type\":\"SearchAction\",\"target\":{\"@type\":\"EntryPoint\",\"urlTemplate\":\"https:\\\/\\\/www.comprarmejor.es\\\/en\\\/?s={search_term_string}\"},\"query-input\":{\"@type\":\"PropertyValueSpecification\",\"valueRequired\":true,\"valueName\":\"search_term_string\"}}],\"inLanguage\":\"en-US\"},{\"@type\":\"Organization\",\"@id\":\"https:\\\/\\\/www.comprarmejor.es\\\/en\\\/#organization\",\"name\":\"COMPRAR MEJOR\",\"url\":\"https:\\\/\\\/www.comprarmejor.es\\\/en\\\/\",\"logo\":{\"@type\":\"ImageObject\",\"inLanguage\":\"en-US\",\"@id\":\"https:\\\/\\\/www.comprarmejor.es\\\/en\\\/#\\\/schema\\\/logo\\\/image\\\/\",\"url\":\"https:\\\/\\\/www.comprarmejor.es\\\/wp-content\\\/uploads\\\/2025\\\/09\\\/comprarmejortrinidad.jpg\",\"contentUrl\":\"https:\\\/\\\/www.comprarmejor.es\\\/wp-content\\\/uploads\\\/2025\\\/09\\\/comprarmejortrinidad.jpg\",\"width\":1022,\"height\":1380,\"caption\":\"COMPRAR MEJOR\"},\"image\":{\"@id\":\"https:\\\/\\\/www.comprarmejor.es\\\/en\\\/#\\\/schema\\\/logo\\\/image\\\/\"},\"sameAs\":[\"https:\\\/\\\/www.instagram.com\\\/amigosdelcodice\"]}]}<\/script>\n<!-- \/ Yoast SEO plugin. -->","yoast_head_json":{"title":"The occult science of the old Templars, Antonio Galera","description":"Antonio Galera historical novel about the Templars, published in 2009.","robots":{"index":"index","follow":"follow","max-snippet":"max-snippet:-1","max-image-preview":"max-image-preview:large","max-video-preview":"max-video-preview:-1"},"canonical":"https:\/\/www.comprarmejor.es\/en\/product\/the-occult-science-of-the-old-templars-antonio-galera\/","og_locale":"en_US","og_type":"article","og_title":"The occult science of the old Templars, Antonio Galera","og_description":"Antonio Galera historical novel about the Templars, published in 2009.","og_url":"https:\/\/www.comprarmejor.es\/en\/product\/the-occult-science-of-the-old-templars-antonio-galera\/","og_site_name":"ComprarMejor","article_modified_time":"2020-05-11T20:36:02+00:00","og_image":[{"width":423,"height":587,"url":"https:\/\/www.comprarmejor.es\/wp-content\/uploads\/2016\/02\/p_7_0_7_6_7076-La-ciencia-oculta-de-los-viejos-templarios-Antonio-Galera.jpg","type":"image\/jpeg"}],"twitter_card":"summary_large_image","twitter_misc":{"Est. reading time":"1 minute"},"schema":{"@context":"https:\/\/schema.org","@graph":[{"@type":"WebPage","@id":"https:\/\/www.comprarmejor.es\/en\/product\/the-occult-science-of-the-old-templars-antonio-galera\/","url":"https:\/\/www.comprarmejor.es\/en\/product\/the-occult-science-of-the-old-templars-antonio-galera\/","name":"The occult science of the old Templars, Antonio Galera","isPartOf":{"@id":"https:\/\/www.comprarmejor.es\/en\/#website"},"primaryImageOfPage":{"@id":"https:\/\/www.comprarmejor.es\/en\/product\/the-occult-science-of-the-old-templars-antonio-galera\/#primaryimage"},"image":{"@id":"https:\/\/www.comprarmejor.es\/en\/product\/the-occult-science-of-the-old-templars-antonio-galera\/#primaryimage"},"thumbnailUrl":"https:\/\/www.comprarmejor.es\/wp-content\/uploads\/2016\/02\/p_7_0_7_6_7076-La-ciencia-oculta-de-los-viejos-templarios-Antonio-Galera.jpg","datePublished":"2016-02-21T11:53:59+00:00","dateModified":"2020-05-11T20:36:02+00:00","description":"Antonio Galera historical novel about the Templars, published in 2009.","breadcrumb":{"@id":"https:\/\/www.comprarmejor.es\/en\/product\/the-occult-science-of-the-old-templars-antonio-galera\/#breadcrumb"},"inLanguage":"en-US","potentialAction":[{"@type":"ReadAction","target":["https:\/\/www.comprarmejor.es\/en\/product\/the-occult-science-of-the-old-templars-antonio-galera\/"]}]},{"@type":"ImageObject","inLanguage":"en-US","@id":"https:\/\/www.comprarmejor.es\/en\/product\/the-occult-science-of-the-old-templars-antonio-galera\/#primaryimage","url":"https:\/\/www.comprarmejor.es\/wp-content\/uploads\/2016\/02\/p_7_0_7_6_7076-La-ciencia-oculta-de-los-viejos-templarios-Antonio-Galera.jpg","contentUrl":"https:\/\/www.comprarmejor.es\/wp-content\/uploads\/2016\/02\/p_7_0_7_6_7076-La-ciencia-oculta-de-los-viejos-templarios-Antonio-Galera.jpg","width":423,"height":587},{"@type":"BreadcrumbList","@id":"https:\/\/www.comprarmejor.es\/en\/product\/the-occult-science-of-the-old-templars-antonio-galera\/#breadcrumb","itemListElement":[{"@type":"ListItem","position":1,"name":"Portada","item":"https:\/\/www.comprarmejor.es\/en\/"},{"@type":"ListItem","position":2,"name":"Shop","item":"https:\/\/www.comprarmejor.es\/en\/shop\/"},{"@type":"ListItem","position":3,"name":"The occult science of the old Templars, Antonio Galera"}]},{"@type":"WebSite","@id":"https:\/\/www.comprarmejor.es\/en\/#website","url":"https:\/\/www.comprarmejor.es\/en\/","name":"ComprarMejor","description":"ComprarMejor","publisher":{"@id":"https:\/\/www.comprarmejor.es\/en\/#organization"},"potentialAction":[{"@type":"SearchAction","target":{"@type":"EntryPoint","urlTemplate":"https:\/\/www.comprarmejor.es\/en\/?s={search_term_string}"},"query-input":{"@type":"PropertyValueSpecification","valueRequired":true,"valueName":"search_term_string"}}],"inLanguage":"en-US"},{"@type":"Organization","@id":"https:\/\/www.comprarmejor.es\/en\/#organization","name":"COMPRAR MEJOR","url":"https:\/\/www.comprarmejor.es\/en\/","logo":{"@type":"ImageObject","inLanguage":"en-US","@id":"https:\/\/www.comprarmejor.es\/en\/#\/schema\/logo\/image\/","url":"https:\/\/www.comprarmejor.es\/wp-content\/uploads\/2025\/09\/comprarmejortrinidad.jpg","contentUrl":"https:\/\/www.comprarmejor.es\/wp-content\/uploads\/2025\/09\/comprarmejortrinidad.jpg","width":1022,"height":1380,"caption":"COMPRAR MEJOR"},"image":{"@id":"https:\/\/www.comprarmejor.es\/en\/#\/schema\/logo\/image\/"},"sameAs":["https:\/\/www.instagram.com\/amigosdelcodice"]}]}},"_links":{"self":[{"href":"https:\/\/www.comprarmejor.es\/en\/wp-json\/wp\/v2\/product\/53217","targetHints":{"allow":["GET"]}}],"collection":[{"href":"https:\/\/www.comprarmejor.es\/en\/wp-json\/wp\/v2\/product"}],"about":[{"href":"https:\/\/www.comprarmejor.es\/en\/wp-json\/wp\/v2\/types\/product"}],"wp:featuredmedia":[{"embeddable":true,"href":"https:\/\/www.comprarmejor.es\/en\/wp-json\/wp\/v2\/media\/53213"}],"wp:attachment":[{"href":"https:\/\/www.comprarmejor.es\/en\/wp-json\/wp\/v2\/media?parent=53217"}],"wp:term":[{"taxonomy":"product_brand","embeddable":true,"href":"https:\/\/www.comprarmejor.es\/en\/wp-json\/wp\/v2\/product_brand?post=53217"},{"taxonomy":"product_cat","embeddable":true,"href":"https:\/\/www.comprarmejor.es\/en\/wp-json\/wp\/v2\/product_cat?post=53217"},{"taxonomy":"product_tag","embeddable":true,"href":"https:\/\/www.comprarmejor.es\/en\/wp-json\/wp\/v2\/product_tag?post=53217"}],"curies":[{"name":"wp","href":"https:\/\/api.w.org\/{rel}","templated":true}]}}