{"id":53223,"date":"2016-02-22T18:10:26","date_gmt":"2016-02-22T17:10:26","guid":{"rendered":"https:\/\/www.comprarmejor.es\/producto\/canovas-and-economic-concerts-jaime-ignacio-del-burgo\/"},"modified":"2020-05-09T23:08:51","modified_gmt":"2020-05-09T21:08:51","slug":"canovas-and-economic-concerts-jaime-ignacio-del-burgo","status":"publish","type":"product","link":"https:\/\/www.comprarmejor.es\/en\/product\/canovas-and-economic-concerts-jaime-ignacio-del-burgo\/","title":{"rendered":"Canovas and economic concerts, Jaime Ignacio del Burgo"},"content":{"rendered":"<p style=\"text-align: justify;\"><span id=\"result_box\" lang=\"en\" xml:lang=\"en\"><span title=\"C\u00e1novas y los conciertos econ\u00f3micos.\">Canovas and economic concerts. <\/span><span title=\"Agon\u00eda, muerte y resurecci\u00f3n de los fueros vascos.\">Agony, death and resurrection of the Basque privileges. <\/span><span title=\"Por Jaime Ignacio del Burgo.\">By Jaime del Burgo. <\/span><span title=\"Primera edici\u00f3n, 2010.\">First Edition, 2010.<\/span><\/span><\/p>\n<p style=\"text-align: justify;\"><span title=\"Gran volumen de 744 p\u00e1ginas, formato 15,5 x 24 cm.\">Large volume of 744 pages, format 15.5 x 24 cm. <\/span><span title=\"Encuadernado en tapa dura con sobrecubierta a color.\">Bound in hardcover with dust jacket color. <\/span><span title=\"Ejemplar en perfecto estado, nuevo, a estrenar.\">Original in perfect condition, new, brand new.<\/span><\/p>\n<p style=\"text-align: justify;\"><span title=\"&quot;Este libro (escribe en el pr\u00f3logo Marcelino Oreja) es de lectura imprescindible para cuantos quieran aproximarse a una cuesti\u00f3n que durante m\u00e1s de un siglo condicion\u00f3 la vida pol\u00edtica de las Provincias Vascongadas y de la naci\u00f3n entera. Y pone de manifiesto la sin raz\u00f3n de\">&#8220;This book (written in the foreword Marcelino Oreja) is essential reading for those who want to approach an issue for more than a century conditioned the political life of the Basque Provinces and the entire nation. And highlights the unreasonableness of <\/span><span title=\"quienes a pesar de la resurrecci\u00f3n de los fueros y del reconocimiento del pueblo vasco como sujeto pol\u00edtico, que ha sido posible gracias a un Estatuto como el de Guernica que hunde sus ra\u00edces en la Constituci\u00f3n de 1978, se empe\u00f1an en torcer mediante el terror la libre\">who despite the resurrection of the privileges and recognition of the Basque people as a political subject, which has been made possible by a Statute of Guernica as rooted in the 1978 Constitution, they are bent on twisting through terror free <\/span><span title=\"voluntad de la ciudadan\u00eda vasca.&quot;\">will of Basque citizens. &#8220;<\/span><\/p>\n<p style=\"text-align: justify;\"><span title=\"Antonio C\u00e1novas del Castillo ha pasado a la historia como un gran estadista.\">Antonio Canovas del Castillo has gone down in history as a great statesman. <\/span><span title=\"Fue el art\u00edfice de la Restauraci\u00f3n de la Monarqu\u00eda en 1874, r\u00e9gimen que se mantuvo (mal que bien) durante cincuenta a\u00f1os.\">He was the architect of the Restoration of the monarchy in 1874, remained regime (for better or worse) for fifty years. <\/span><span title=\"Entre los vascos, sin embargo, la figura de C\u00e1novas no cuenta con grandes simpat\u00edas porque fue el promotor de la ley de 21 de julio de 1876, abolitoria de los seculares fueros vascongados.\">Among the Basques, however, the figure of Canovas not have much sympathy because he was the promoter of the law of 21 July 1876, abolitoria secular privileges Basques. <\/span><span title=\"Pero muy pocos saben que fue quien otorg\u00f3 el r\u00e9gimen de concierto econ\u00f3mico, pilar de la actual autonom\u00eda vasca.\">But very few know that the one who gave the regime of economic agreement, the current mainstay of Basque autonomy.<\/span><\/p>\n<p style=\"text-align: justify;\"><span title=\"Gastos de env\u00edo por cuenta del comprador, seg\u00fan pedido y destino.\">Shipping by the buyer, upon request and destination.\u00a0<\/span><span title=\"Cons\u00faltenos cualquier duda, as\u00ed como por cualquier otro art\u00edculo que est\u00e9 buscando.\"><a class=\"btn btn-default\" href=\"http:\/\/comprarmejor.es\/en\/contact\">Ask us<\/a> any questions, as well as any other items you are seeking.<\/span><\/p>\n","protected":false},"excerpt":{"rendered":"<p style=\"text-align: justify;\"><span id=\"result_box\" lang=\"en\" xml:lang=\"en\"><span title=\"C\u00e1novas y los conciertos econ\u00f3micos.\">Canovas and economic concerts. <\/span><span title=\"Agon\u00eda, muerte y resurecci\u00f3n de los fueros vascos.\">Agony, death and resurrection of the Basque privileges. <\/span><span title=\"Por Jaime Ignacio del Burgo.\">By Jaime del Burgo. <\/span><span title=\"Primera edici\u00f3n, 2010.\">First Edition, 2010.<\/span><\/span><\/p>\n","protected":false},"featured_media":53219,"template":"","meta":[],"product_brand":[],"product_cat":[2256,2242],"product_tag":[],"class_list":{"0":"post-53223","1":"product","2":"type-product","3":"status-publish","4":"has-post-thumbnail","6":"product_cat-books-in-general","7":"product_cat-first-editions","8":"product_shipping_class-from-0-to-1-kg","9":"description-off","11":"first","12":"instock","13":"sale","14":"taxable","15":"shipping-taxable","16":"purchasable","17":"product-type-simple"},"yoast_head":"<!-- This site is optimized with the Yoast SEO plugin v27.3 - https:\/\/yoast.com\/product\/yoast-seo-wordpress\/ -->\n<title>Canovas and economic concerts, Jaime Ignacio del Burgo<\/title>\n<meta name=\"description\" content=\"Canovas and economic concerts. Agony, death and resurrection of the Basque privileges. By Jaime del Burgo. First Edition, 2010.\" \/>\n<meta name=\"robots\" content=\"index, follow, max-snippet:-1, max-image-preview:large, max-video-preview:-1\" \/>\n<link rel=\"canonical\" href=\"https:\/\/www.comprarmejor.es\/en\/product\/canovas-and-economic-concerts-jaime-ignacio-del-burgo\/\" \/>\n<meta property=\"og:locale\" content=\"en_US\" \/>\n<meta property=\"og:type\" content=\"article\" \/>\n<meta property=\"og:title\" content=\"Canovas and economic concerts, Jaime Ignacio del Burgo\" \/>\n<meta property=\"og:description\" content=\"Canovas and economic concerts. Agony, death and resurrection of the Basque privileges. By Jaime del Burgo. First Edition, 2010.\" \/>\n<meta property=\"og:url\" content=\"https:\/\/www.comprarmejor.es\/en\/product\/canovas-and-economic-concerts-jaime-ignacio-del-burgo\/\" \/>\n<meta property=\"og:site_name\" content=\"ComprarMejor\" \/>\n<meta property=\"article:modified_time\" content=\"2020-05-09T21:08:51+00:00\" \/>\n<meta property=\"og:image\" content=\"https:\/\/www.comprarmejor.es\/wp-content\/uploads\/2016\/02\/p_7_0_7_4_7074-Canovas-y-los-conciertos-economicos-Jaime-Ignacio-del-Burgo.jpg\" \/>\n\t<meta property=\"og:image:width\" content=\"384\" \/>\n\t<meta property=\"og:image:height\" content=\"600\" \/>\n\t<meta property=\"og:image:type\" content=\"image\/jpeg\" \/>\n<meta name=\"twitter:card\" content=\"summary_large_image\" \/>\n<meta name=\"twitter:label1\" content=\"Est. reading time\" \/>\n\t<meta name=\"twitter:data1\" content=\"1 minute\" \/>\n<script type=\"application\/ld+json\" class=\"yoast-schema-graph\">{\"@context\":\"https:\\\/\\\/schema.org\",\"@graph\":[{\"@type\":\"WebPage\",\"@id\":\"https:\\\/\\\/www.comprarmejor.es\\\/en\\\/product\\\/canovas-and-economic-concerts-jaime-ignacio-del-burgo\\\/\",\"url\":\"https:\\\/\\\/www.comprarmejor.es\\\/en\\\/product\\\/canovas-and-economic-concerts-jaime-ignacio-del-burgo\\\/\",\"name\":\"Canovas and economic concerts, Jaime Ignacio del Burgo\",\"isPartOf\":{\"@id\":\"https:\\\/\\\/www.comprarmejor.es\\\/en\\\/#website\"},\"primaryImageOfPage\":{\"@id\":\"https:\\\/\\\/www.comprarmejor.es\\\/en\\\/product\\\/canovas-and-economic-concerts-jaime-ignacio-del-burgo\\\/#primaryimage\"},\"image\":{\"@id\":\"https:\\\/\\\/www.comprarmejor.es\\\/en\\\/product\\\/canovas-and-economic-concerts-jaime-ignacio-del-burgo\\\/#primaryimage\"},\"thumbnailUrl\":\"https:\\\/\\\/www.comprarmejor.es\\\/wp-content\\\/uploads\\\/2016\\\/02\\\/p_7_0_7_4_7074-Canovas-y-los-conciertos-economicos-Jaime-Ignacio-del-Burgo.jpg\",\"datePublished\":\"2016-02-22T17:10:26+00:00\",\"dateModified\":\"2020-05-09T21:08:51+00:00\",\"description\":\"Canovas and economic concerts. Agony, death and resurrection of the Basque privileges. By Jaime del Burgo. First Edition, 2010.\",\"breadcrumb\":{\"@id\":\"https:\\\/\\\/www.comprarmejor.es\\\/en\\\/product\\\/canovas-and-economic-concerts-jaime-ignacio-del-burgo\\\/#breadcrumb\"},\"inLanguage\":\"en-US\",\"potentialAction\":[{\"@type\":\"ReadAction\",\"target\":[\"https:\\\/\\\/www.comprarmejor.es\\\/en\\\/product\\\/canovas-and-economic-concerts-jaime-ignacio-del-burgo\\\/\"]}]},{\"@type\":\"ImageObject\",\"inLanguage\":\"en-US\",\"@id\":\"https:\\\/\\\/www.comprarmejor.es\\\/en\\\/product\\\/canovas-and-economic-concerts-jaime-ignacio-del-burgo\\\/#primaryimage\",\"url\":\"https:\\\/\\\/www.comprarmejor.es\\\/wp-content\\\/uploads\\\/2016\\\/02\\\/p_7_0_7_4_7074-Canovas-y-los-conciertos-economicos-Jaime-Ignacio-del-Burgo.jpg\",\"contentUrl\":\"https:\\\/\\\/www.comprarmejor.es\\\/wp-content\\\/uploads\\\/2016\\\/02\\\/p_7_0_7_4_7074-Canovas-y-los-conciertos-economicos-Jaime-Ignacio-del-Burgo.jpg\",\"width\":384,\"height\":600},{\"@type\":\"BreadcrumbList\",\"@id\":\"https:\\\/\\\/www.comprarmejor.es\\\/en\\\/product\\\/canovas-and-economic-concerts-jaime-ignacio-del-burgo\\\/#breadcrumb\",\"itemListElement\":[{\"@type\":\"ListItem\",\"position\":1,\"name\":\"Portada\",\"item\":\"https:\\\/\\\/www.comprarmejor.es\\\/en\\\/\"},{\"@type\":\"ListItem\",\"position\":2,\"name\":\"Shop\",\"item\":\"https:\\\/\\\/www.comprarmejor.es\\\/en\\\/shop\\\/\"},{\"@type\":\"ListItem\",\"position\":3,\"name\":\"Canovas and economic concerts, Jaime Ignacio del Burgo\"}]},{\"@type\":\"WebSite\",\"@id\":\"https:\\\/\\\/www.comprarmejor.es\\\/en\\\/#website\",\"url\":\"https:\\\/\\\/www.comprarmejor.es\\\/en\\\/\",\"name\":\"ComprarMejor\",\"description\":\"ComprarMejor\",\"publisher\":{\"@id\":\"https:\\\/\\\/www.comprarmejor.es\\\/en\\\/#organization\"},\"potentialAction\":[{\"@type\":\"SearchAction\",\"target\":{\"@type\":\"EntryPoint\",\"urlTemplate\":\"https:\\\/\\\/www.comprarmejor.es\\\/en\\\/?s={search_term_string}\"},\"query-input\":{\"@type\":\"PropertyValueSpecification\",\"valueRequired\":true,\"valueName\":\"search_term_string\"}}],\"inLanguage\":\"en-US\"},{\"@type\":\"Organization\",\"@id\":\"https:\\\/\\\/www.comprarmejor.es\\\/en\\\/#organization\",\"name\":\"COMPRAR MEJOR\",\"url\":\"https:\\\/\\\/www.comprarmejor.es\\\/en\\\/\",\"logo\":{\"@type\":\"ImageObject\",\"inLanguage\":\"en-US\",\"@id\":\"https:\\\/\\\/www.comprarmejor.es\\\/en\\\/#\\\/schema\\\/logo\\\/image\\\/\",\"url\":\"https:\\\/\\\/www.comprarmejor.es\\\/wp-content\\\/uploads\\\/2025\\\/09\\\/comprarmejortrinidad.jpg\",\"contentUrl\":\"https:\\\/\\\/www.comprarmejor.es\\\/wp-content\\\/uploads\\\/2025\\\/09\\\/comprarmejortrinidad.jpg\",\"width\":1022,\"height\":1380,\"caption\":\"COMPRAR MEJOR\"},\"image\":{\"@id\":\"https:\\\/\\\/www.comprarmejor.es\\\/en\\\/#\\\/schema\\\/logo\\\/image\\\/\"},\"sameAs\":[\"https:\\\/\\\/www.instagram.com\\\/amigosdelcodice\"]}]}<\/script>\n<!-- \/ Yoast SEO plugin. -->","yoast_head_json":{"title":"Canovas and economic concerts, Jaime Ignacio del Burgo","description":"Canovas and economic concerts. Agony, death and resurrection of the Basque privileges. By Jaime del Burgo. First Edition, 2010.","robots":{"index":"index","follow":"follow","max-snippet":"max-snippet:-1","max-image-preview":"max-image-preview:large","max-video-preview":"max-video-preview:-1"},"canonical":"https:\/\/www.comprarmejor.es\/en\/product\/canovas-and-economic-concerts-jaime-ignacio-del-burgo\/","og_locale":"en_US","og_type":"article","og_title":"Canovas and economic concerts, Jaime Ignacio del Burgo","og_description":"Canovas and economic concerts. Agony, death and resurrection of the Basque privileges. By Jaime del Burgo. First Edition, 2010.","og_url":"https:\/\/www.comprarmejor.es\/en\/product\/canovas-and-economic-concerts-jaime-ignacio-del-burgo\/","og_site_name":"ComprarMejor","article_modified_time":"2020-05-09T21:08:51+00:00","og_image":[{"width":384,"height":600,"url":"https:\/\/www.comprarmejor.es\/wp-content\/uploads\/2016\/02\/p_7_0_7_4_7074-Canovas-y-los-conciertos-economicos-Jaime-Ignacio-del-Burgo.jpg","type":"image\/jpeg"}],"twitter_card":"summary_large_image","twitter_misc":{"Est. reading time":"1 minute"},"schema":{"@context":"https:\/\/schema.org","@graph":[{"@type":"WebPage","@id":"https:\/\/www.comprarmejor.es\/en\/product\/canovas-and-economic-concerts-jaime-ignacio-del-burgo\/","url":"https:\/\/www.comprarmejor.es\/en\/product\/canovas-and-economic-concerts-jaime-ignacio-del-burgo\/","name":"Canovas and economic concerts, Jaime Ignacio del Burgo","isPartOf":{"@id":"https:\/\/www.comprarmejor.es\/en\/#website"},"primaryImageOfPage":{"@id":"https:\/\/www.comprarmejor.es\/en\/product\/canovas-and-economic-concerts-jaime-ignacio-del-burgo\/#primaryimage"},"image":{"@id":"https:\/\/www.comprarmejor.es\/en\/product\/canovas-and-economic-concerts-jaime-ignacio-del-burgo\/#primaryimage"},"thumbnailUrl":"https:\/\/www.comprarmejor.es\/wp-content\/uploads\/2016\/02\/p_7_0_7_4_7074-Canovas-y-los-conciertos-economicos-Jaime-Ignacio-del-Burgo.jpg","datePublished":"2016-02-22T17:10:26+00:00","dateModified":"2020-05-09T21:08:51+00:00","description":"Canovas and economic concerts. Agony, death and resurrection of the Basque privileges. By Jaime del Burgo. First Edition, 2010.","breadcrumb":{"@id":"https:\/\/www.comprarmejor.es\/en\/product\/canovas-and-economic-concerts-jaime-ignacio-del-burgo\/#breadcrumb"},"inLanguage":"en-US","potentialAction":[{"@type":"ReadAction","target":["https:\/\/www.comprarmejor.es\/en\/product\/canovas-and-economic-concerts-jaime-ignacio-del-burgo\/"]}]},{"@type":"ImageObject","inLanguage":"en-US","@id":"https:\/\/www.comprarmejor.es\/en\/product\/canovas-and-economic-concerts-jaime-ignacio-del-burgo\/#primaryimage","url":"https:\/\/www.comprarmejor.es\/wp-content\/uploads\/2016\/02\/p_7_0_7_4_7074-Canovas-y-los-conciertos-economicos-Jaime-Ignacio-del-Burgo.jpg","contentUrl":"https:\/\/www.comprarmejor.es\/wp-content\/uploads\/2016\/02\/p_7_0_7_4_7074-Canovas-y-los-conciertos-economicos-Jaime-Ignacio-del-Burgo.jpg","width":384,"height":600},{"@type":"BreadcrumbList","@id":"https:\/\/www.comprarmejor.es\/en\/product\/canovas-and-economic-concerts-jaime-ignacio-del-burgo\/#breadcrumb","itemListElement":[{"@type":"ListItem","position":1,"name":"Portada","item":"https:\/\/www.comprarmejor.es\/en\/"},{"@type":"ListItem","position":2,"name":"Shop","item":"https:\/\/www.comprarmejor.es\/en\/shop\/"},{"@type":"ListItem","position":3,"name":"Canovas and economic concerts, Jaime Ignacio del Burgo"}]},{"@type":"WebSite","@id":"https:\/\/www.comprarmejor.es\/en\/#website","url":"https:\/\/www.comprarmejor.es\/en\/","name":"ComprarMejor","description":"ComprarMejor","publisher":{"@id":"https:\/\/www.comprarmejor.es\/en\/#organization"},"potentialAction":[{"@type":"SearchAction","target":{"@type":"EntryPoint","urlTemplate":"https:\/\/www.comprarmejor.es\/en\/?s={search_term_string}"},"query-input":{"@type":"PropertyValueSpecification","valueRequired":true,"valueName":"search_term_string"}}],"inLanguage":"en-US"},{"@type":"Organization","@id":"https:\/\/www.comprarmejor.es\/en\/#organization","name":"COMPRAR MEJOR","url":"https:\/\/www.comprarmejor.es\/en\/","logo":{"@type":"ImageObject","inLanguage":"en-US","@id":"https:\/\/www.comprarmejor.es\/en\/#\/schema\/logo\/image\/","url":"https:\/\/www.comprarmejor.es\/wp-content\/uploads\/2025\/09\/comprarmejortrinidad.jpg","contentUrl":"https:\/\/www.comprarmejor.es\/wp-content\/uploads\/2025\/09\/comprarmejortrinidad.jpg","width":1022,"height":1380,"caption":"COMPRAR MEJOR"},"image":{"@id":"https:\/\/www.comprarmejor.es\/en\/#\/schema\/logo\/image\/"},"sameAs":["https:\/\/www.instagram.com\/amigosdelcodice"]}]}},"_links":{"self":[{"href":"https:\/\/www.comprarmejor.es\/en\/wp-json\/wp\/v2\/product\/53223","targetHints":{"allow":["GET"]}}],"collection":[{"href":"https:\/\/www.comprarmejor.es\/en\/wp-json\/wp\/v2\/product"}],"about":[{"href":"https:\/\/www.comprarmejor.es\/en\/wp-json\/wp\/v2\/types\/product"}],"wp:featuredmedia":[{"embeddable":true,"href":"https:\/\/www.comprarmejor.es\/en\/wp-json\/wp\/v2\/media\/53219"}],"wp:attachment":[{"href":"https:\/\/www.comprarmejor.es\/en\/wp-json\/wp\/v2\/media?parent=53223"}],"wp:term":[{"taxonomy":"product_brand","embeddable":true,"href":"https:\/\/www.comprarmejor.es\/en\/wp-json\/wp\/v2\/product_brand?post=53223"},{"taxonomy":"product_cat","embeddable":true,"href":"https:\/\/www.comprarmejor.es\/en\/wp-json\/wp\/v2\/product_cat?post=53223"},{"taxonomy":"product_tag","embeddable":true,"href":"https:\/\/www.comprarmejor.es\/en\/wp-json\/wp\/v2\/product_tag?post=53223"}],"curies":[{"name":"wp","href":"https:\/\/api.w.org\/{rel}","templated":true}]}}