{"id":53265,"date":"2016-02-26T18:30:08","date_gmt":"2016-02-26T17:30:08","guid":{"rendered":"https:\/\/www.comprarmejor.es\/producto\/the-words-of-john-paul-ii-to-young-people\/"},"modified":"2020-05-06T22:59:31","modified_gmt":"2020-05-06T20:59:31","slug":"the-words-of-john-paul-ii-to-young-people","status":"publish","type":"product","link":"https:\/\/www.comprarmejor.es\/en\/product\/the-words-of-john-paul-ii-to-young-people\/","title":{"rendered":"The words of John Paul II to young people"},"content":{"rendered":"<p style=\"text-align: justify;\"><span id=\"result_box\" lang=\"en\" xml:lang=\"en\"><span title=\"Primera edici\u00f3n en espa\u00f1ol de 2004 de la edici\u00f3n italiana &quot;Voi siete la luce del mondo&quot;: Vosotros sois la luz del mundo.\">Spanish first edition in 2004 of the Italian edition &#8220;Voi siete la luce del mondo&#8221; Ye are the light of the world.<\/span><\/span><\/p>\n<p style=\"text-align: justify;\"><span title=\"Bella edici\u00f3n realizada con una selecci\u00f3n de las palabras que a lo largo de su pontificado, San Juan Pablo II dirigiera a los j\u00f3venes.\">Bella edition made with a selection of words throughout his pontificate, John Paul II directed to young people.<\/span><\/p>\n<p style=\"text-align: justify;\"><span title=\"Vosotros sois la sal de la tierra... Vosotros sois la luz del mundo.\">You are the salt of the earth &#8230; You are the light of the world. <\/span><span title=\"Mateo 5, 13-14.\">Matthew 5: 13-14.<\/span><\/p>\n<p style=\"text-align: justify;\"><span title=\"&quot;Hay que tener valor de caminar en la direcci\u00f3n en que nadie ha caminado hasta ahora.&quot;\">&#8220;It takes courage to walk in the direction that no one has walked so far.&#8221;<\/span><\/p>\n<p style=\"text-align: justify;\"><span title=\"&quot;Sin duda, hay en la vida un valor sagrado y religioso, pero en ning\u00fan modo apela s\u00f3lo a los creyentes: se trata de un valor que cada ser humano puede captar a la luz de la raz\u00f3n, y por ello se refiere necesariamente a todos\">&#8220;Surely there is in life a sacred and religious value, but in no way appeals only to believers: it is a value that every human being can grasp by the light of reason, and therefore necessarily refers to all <\/span><span title=\".&quot;\">. &#8220;<\/span><\/p>\n<p style=\"text-align: justify;\"><span title=\"Libro formato 16,5 x 18 cm.\">Book format 16.5 x 18 cm. <\/span><span title=\"Tapa dura ilustrada.\">Hardback illustrated. <\/span><span title=\"88 p\u00e1ginas sin numerar.\">88 unnumbered pages. <\/span><span title=\"Ilustraciones de Giulia Orecchia.\">Illustrations by Giulia Orecchia. <\/span><span title=\"Traducci\u00f3n de Mari Carmen Llenera.\">Mari Carmen Llenera translation.<\/span><\/p>\n<p style=\"text-align: justify;\"><span title=\"Gastos de env\u00edo por cuenta del comprador, seg\u00fan pedido y destino.\">Shipping by the buyer, upon request and destination.\u00a0<\/span><span title=\"Cons\u00faltenos cualquier duda, as\u00ed como por cualquier otro art\u00edculo que est\u00e9 buscando.\"><a class=\"btn btn-default\" href=\"http:\/\/comprarmejor.es\/en\/contact\">Ask us<\/a> any questions, as well as any other items you are seeking.<\/span><\/p>\n","protected":false},"excerpt":{"rendered":"<p style=\"text-align: justify;\"><span id=\"result_box\" lang=\"en\" xml:lang=\"en\"><span title=\"Primera edici\u00f3n en espa\u00f1ol de 2004 de la edici\u00f3n italiana &quot;Voi siete la luce del mondo&quot;: Vosotros sois la luz del mundo.\">Spanish first edition in 2004 of the Italian edition &#8220;Voi siete la luce del mondo&#8221; Ye are the light of the world.<\/span><\/span><\/p>\n","protected":false},"featured_media":53253,"template":"","meta":[],"product_brand":[],"product_cat":[2188,2256,2242],"product_tag":[],"class_list":{"0":"post-53265","1":"product","2":"type-product","3":"status-publish","4":"has-post-thumbnail","6":"product_cat-books","7":"product_cat-books-in-general","8":"product_cat-first-editions","9":"product_shipping_class-from-0-to-1-kg","10":"description-off","12":"first","13":"instock","14":"taxable","15":"shipping-taxable","16":"purchasable","17":"product-type-simple"},"yoast_head":"<!-- This site is optimized with the Yoast SEO plugin v27.3 - https:\/\/yoast.com\/product\/yoast-seo-wordpress\/ -->\n<title>The words of John Paul II to young people<\/title>\n<meta name=\"description\" content=\"Spanish first edition in 2004 of the Italian edition &quot;Voi siete la luce del mondo&quot; Ye are the light of the world.\" \/>\n<meta name=\"robots\" content=\"index, follow, max-snippet:-1, max-image-preview:large, max-video-preview:-1\" \/>\n<link rel=\"canonical\" href=\"https:\/\/www.comprarmejor.es\/en\/product\/the-words-of-john-paul-ii-to-young-people\/\" \/>\n<meta property=\"og:locale\" content=\"en_US\" \/>\n<meta property=\"og:type\" content=\"article\" \/>\n<meta property=\"og:title\" content=\"The words of John Paul II to young people\" \/>\n<meta property=\"og:description\" content=\"Spanish first edition in 2004 of the Italian edition &quot;Voi siete la luce del mondo&quot; Ye are the light of the world.\" \/>\n<meta property=\"og:url\" content=\"https:\/\/www.comprarmejor.es\/en\/product\/the-words-of-john-paul-ii-to-young-people\/\" \/>\n<meta property=\"og:site_name\" content=\"ComprarMejor\" \/>\n<meta property=\"article:modified_time\" content=\"2020-05-06T20:59:31+00:00\" \/>\n<meta property=\"og:image\" content=\"https:\/\/www.comprarmejor.es\/wp-content\/uploads\/2016\/02\/p_7_0_6_6_7066-Las-palabras-de-Juan-Pablo-II-a-los-jovenes.jpg\" \/>\n\t<meta property=\"og:image:width\" content=\"547\" \/>\n\t<meta property=\"og:image:height\" content=\"595\" \/>\n\t<meta property=\"og:image:type\" content=\"image\/jpeg\" \/>\n<meta name=\"twitter:card\" content=\"summary_large_image\" \/>\n<meta name=\"twitter:label1\" content=\"Est. reading time\" \/>\n\t<meta name=\"twitter:data1\" content=\"1 minute\" \/>\n<script type=\"application\/ld+json\" class=\"yoast-schema-graph\">{\"@context\":\"https:\\\/\\\/schema.org\",\"@graph\":[{\"@type\":\"WebPage\",\"@id\":\"https:\\\/\\\/www.comprarmejor.es\\\/en\\\/product\\\/the-words-of-john-paul-ii-to-young-people\\\/\",\"url\":\"https:\\\/\\\/www.comprarmejor.es\\\/en\\\/product\\\/the-words-of-john-paul-ii-to-young-people\\\/\",\"name\":\"The words of John Paul II to young people\",\"isPartOf\":{\"@id\":\"https:\\\/\\\/www.comprarmejor.es\\\/en\\\/#website\"},\"primaryImageOfPage\":{\"@id\":\"https:\\\/\\\/www.comprarmejor.es\\\/en\\\/product\\\/the-words-of-john-paul-ii-to-young-people\\\/#primaryimage\"},\"image\":{\"@id\":\"https:\\\/\\\/www.comprarmejor.es\\\/en\\\/product\\\/the-words-of-john-paul-ii-to-young-people\\\/#primaryimage\"},\"thumbnailUrl\":\"https:\\\/\\\/www.comprarmejor.es\\\/wp-content\\\/uploads\\\/2016\\\/02\\\/p_7_0_6_6_7066-Las-palabras-de-Juan-Pablo-II-a-los-jovenes.jpg\",\"datePublished\":\"2016-02-26T17:30:08+00:00\",\"dateModified\":\"2020-05-06T20:59:31+00:00\",\"description\":\"Spanish first edition in 2004 of the Italian edition \\\"Voi siete la luce del mondo\\\" Ye are the light of the world.\",\"breadcrumb\":{\"@id\":\"https:\\\/\\\/www.comprarmejor.es\\\/en\\\/product\\\/the-words-of-john-paul-ii-to-young-people\\\/#breadcrumb\"},\"inLanguage\":\"en-US\",\"potentialAction\":[{\"@type\":\"ReadAction\",\"target\":[\"https:\\\/\\\/www.comprarmejor.es\\\/en\\\/product\\\/the-words-of-john-paul-ii-to-young-people\\\/\"]}]},{\"@type\":\"ImageObject\",\"inLanguage\":\"en-US\",\"@id\":\"https:\\\/\\\/www.comprarmejor.es\\\/en\\\/product\\\/the-words-of-john-paul-ii-to-young-people\\\/#primaryimage\",\"url\":\"https:\\\/\\\/www.comprarmejor.es\\\/wp-content\\\/uploads\\\/2016\\\/02\\\/p_7_0_6_6_7066-Las-palabras-de-Juan-Pablo-II-a-los-jovenes.jpg\",\"contentUrl\":\"https:\\\/\\\/www.comprarmejor.es\\\/wp-content\\\/uploads\\\/2016\\\/02\\\/p_7_0_6_6_7066-Las-palabras-de-Juan-Pablo-II-a-los-jovenes.jpg\",\"width\":547,\"height\":595},{\"@type\":\"BreadcrumbList\",\"@id\":\"https:\\\/\\\/www.comprarmejor.es\\\/en\\\/product\\\/the-words-of-john-paul-ii-to-young-people\\\/#breadcrumb\",\"itemListElement\":[{\"@type\":\"ListItem\",\"position\":1,\"name\":\"Portada\",\"item\":\"https:\\\/\\\/www.comprarmejor.es\\\/en\\\/\"},{\"@type\":\"ListItem\",\"position\":2,\"name\":\"Shop\",\"item\":\"https:\\\/\\\/www.comprarmejor.es\\\/en\\\/shop\\\/\"},{\"@type\":\"ListItem\",\"position\":3,\"name\":\"The words of John Paul II to young people\"}]},{\"@type\":\"WebSite\",\"@id\":\"https:\\\/\\\/www.comprarmejor.es\\\/en\\\/#website\",\"url\":\"https:\\\/\\\/www.comprarmejor.es\\\/en\\\/\",\"name\":\"ComprarMejor\",\"description\":\"ComprarMejor\",\"publisher\":{\"@id\":\"https:\\\/\\\/www.comprarmejor.es\\\/en\\\/#organization\"},\"potentialAction\":[{\"@type\":\"SearchAction\",\"target\":{\"@type\":\"EntryPoint\",\"urlTemplate\":\"https:\\\/\\\/www.comprarmejor.es\\\/en\\\/?s={search_term_string}\"},\"query-input\":{\"@type\":\"PropertyValueSpecification\",\"valueRequired\":true,\"valueName\":\"search_term_string\"}}],\"inLanguage\":\"en-US\"},{\"@type\":\"Organization\",\"@id\":\"https:\\\/\\\/www.comprarmejor.es\\\/en\\\/#organization\",\"name\":\"COMPRAR MEJOR\",\"url\":\"https:\\\/\\\/www.comprarmejor.es\\\/en\\\/\",\"logo\":{\"@type\":\"ImageObject\",\"inLanguage\":\"en-US\",\"@id\":\"https:\\\/\\\/www.comprarmejor.es\\\/en\\\/#\\\/schema\\\/logo\\\/image\\\/\",\"url\":\"https:\\\/\\\/www.comprarmejor.es\\\/wp-content\\\/uploads\\\/2025\\\/09\\\/comprarmejortrinidad.jpg\",\"contentUrl\":\"https:\\\/\\\/www.comprarmejor.es\\\/wp-content\\\/uploads\\\/2025\\\/09\\\/comprarmejortrinidad.jpg\",\"width\":1022,\"height\":1380,\"caption\":\"COMPRAR MEJOR\"},\"image\":{\"@id\":\"https:\\\/\\\/www.comprarmejor.es\\\/en\\\/#\\\/schema\\\/logo\\\/image\\\/\"},\"sameAs\":[\"https:\\\/\\\/www.instagram.com\\\/amigosdelcodice\"]}]}<\/script>\n<!-- \/ Yoast SEO plugin. -->","yoast_head_json":{"title":"The words of John Paul II to young people","description":"Spanish first edition in 2004 of the Italian edition \"Voi siete la luce del mondo\" Ye are the light of the world.","robots":{"index":"index","follow":"follow","max-snippet":"max-snippet:-1","max-image-preview":"max-image-preview:large","max-video-preview":"max-video-preview:-1"},"canonical":"https:\/\/www.comprarmejor.es\/en\/product\/the-words-of-john-paul-ii-to-young-people\/","og_locale":"en_US","og_type":"article","og_title":"The words of John Paul II to young people","og_description":"Spanish first edition in 2004 of the Italian edition \"Voi siete la luce del mondo\" Ye are the light of the world.","og_url":"https:\/\/www.comprarmejor.es\/en\/product\/the-words-of-john-paul-ii-to-young-people\/","og_site_name":"ComprarMejor","article_modified_time":"2020-05-06T20:59:31+00:00","og_image":[{"width":547,"height":595,"url":"https:\/\/www.comprarmejor.es\/wp-content\/uploads\/2016\/02\/p_7_0_6_6_7066-Las-palabras-de-Juan-Pablo-II-a-los-jovenes.jpg","type":"image\/jpeg"}],"twitter_card":"summary_large_image","twitter_misc":{"Est. reading time":"1 minute"},"schema":{"@context":"https:\/\/schema.org","@graph":[{"@type":"WebPage","@id":"https:\/\/www.comprarmejor.es\/en\/product\/the-words-of-john-paul-ii-to-young-people\/","url":"https:\/\/www.comprarmejor.es\/en\/product\/the-words-of-john-paul-ii-to-young-people\/","name":"The words of John Paul II to young people","isPartOf":{"@id":"https:\/\/www.comprarmejor.es\/en\/#website"},"primaryImageOfPage":{"@id":"https:\/\/www.comprarmejor.es\/en\/product\/the-words-of-john-paul-ii-to-young-people\/#primaryimage"},"image":{"@id":"https:\/\/www.comprarmejor.es\/en\/product\/the-words-of-john-paul-ii-to-young-people\/#primaryimage"},"thumbnailUrl":"https:\/\/www.comprarmejor.es\/wp-content\/uploads\/2016\/02\/p_7_0_6_6_7066-Las-palabras-de-Juan-Pablo-II-a-los-jovenes.jpg","datePublished":"2016-02-26T17:30:08+00:00","dateModified":"2020-05-06T20:59:31+00:00","description":"Spanish first edition in 2004 of the Italian edition \"Voi siete la luce del mondo\" Ye are the light of the world.","breadcrumb":{"@id":"https:\/\/www.comprarmejor.es\/en\/product\/the-words-of-john-paul-ii-to-young-people\/#breadcrumb"},"inLanguage":"en-US","potentialAction":[{"@type":"ReadAction","target":["https:\/\/www.comprarmejor.es\/en\/product\/the-words-of-john-paul-ii-to-young-people\/"]}]},{"@type":"ImageObject","inLanguage":"en-US","@id":"https:\/\/www.comprarmejor.es\/en\/product\/the-words-of-john-paul-ii-to-young-people\/#primaryimage","url":"https:\/\/www.comprarmejor.es\/wp-content\/uploads\/2016\/02\/p_7_0_6_6_7066-Las-palabras-de-Juan-Pablo-II-a-los-jovenes.jpg","contentUrl":"https:\/\/www.comprarmejor.es\/wp-content\/uploads\/2016\/02\/p_7_0_6_6_7066-Las-palabras-de-Juan-Pablo-II-a-los-jovenes.jpg","width":547,"height":595},{"@type":"BreadcrumbList","@id":"https:\/\/www.comprarmejor.es\/en\/product\/the-words-of-john-paul-ii-to-young-people\/#breadcrumb","itemListElement":[{"@type":"ListItem","position":1,"name":"Portada","item":"https:\/\/www.comprarmejor.es\/en\/"},{"@type":"ListItem","position":2,"name":"Shop","item":"https:\/\/www.comprarmejor.es\/en\/shop\/"},{"@type":"ListItem","position":3,"name":"The words of John Paul II to young people"}]},{"@type":"WebSite","@id":"https:\/\/www.comprarmejor.es\/en\/#website","url":"https:\/\/www.comprarmejor.es\/en\/","name":"ComprarMejor","description":"ComprarMejor","publisher":{"@id":"https:\/\/www.comprarmejor.es\/en\/#organization"},"potentialAction":[{"@type":"SearchAction","target":{"@type":"EntryPoint","urlTemplate":"https:\/\/www.comprarmejor.es\/en\/?s={search_term_string}"},"query-input":{"@type":"PropertyValueSpecification","valueRequired":true,"valueName":"search_term_string"}}],"inLanguage":"en-US"},{"@type":"Organization","@id":"https:\/\/www.comprarmejor.es\/en\/#organization","name":"COMPRAR MEJOR","url":"https:\/\/www.comprarmejor.es\/en\/","logo":{"@type":"ImageObject","inLanguage":"en-US","@id":"https:\/\/www.comprarmejor.es\/en\/#\/schema\/logo\/image\/","url":"https:\/\/www.comprarmejor.es\/wp-content\/uploads\/2025\/09\/comprarmejortrinidad.jpg","contentUrl":"https:\/\/www.comprarmejor.es\/wp-content\/uploads\/2025\/09\/comprarmejortrinidad.jpg","width":1022,"height":1380,"caption":"COMPRAR MEJOR"},"image":{"@id":"https:\/\/www.comprarmejor.es\/en\/#\/schema\/logo\/image\/"},"sameAs":["https:\/\/www.instagram.com\/amigosdelcodice"]}]}},"_links":{"self":[{"href":"https:\/\/www.comprarmejor.es\/en\/wp-json\/wp\/v2\/product\/53265","targetHints":{"allow":["GET"]}}],"collection":[{"href":"https:\/\/www.comprarmejor.es\/en\/wp-json\/wp\/v2\/product"}],"about":[{"href":"https:\/\/www.comprarmejor.es\/en\/wp-json\/wp\/v2\/types\/product"}],"wp:featuredmedia":[{"embeddable":true,"href":"https:\/\/www.comprarmejor.es\/en\/wp-json\/wp\/v2\/media\/53253"}],"wp:attachment":[{"href":"https:\/\/www.comprarmejor.es\/en\/wp-json\/wp\/v2\/media?parent=53265"}],"wp:term":[{"taxonomy":"product_brand","embeddable":true,"href":"https:\/\/www.comprarmejor.es\/en\/wp-json\/wp\/v2\/product_brand?post=53265"},{"taxonomy":"product_cat","embeddable":true,"href":"https:\/\/www.comprarmejor.es\/en\/wp-json\/wp\/v2\/product_cat?post=53265"},{"taxonomy":"product_tag","embeddable":true,"href":"https:\/\/www.comprarmejor.es\/en\/wp-json\/wp\/v2\/product_tag?post=53265"}],"curies":[{"name":"wp","href":"https:\/\/api.w.org\/{rel}","templated":true}]}}