{"id":53319,"date":"2016-02-29T12:44:38","date_gmt":"2016-02-29T11:44:38","guid":{"rendered":"https:\/\/www.comprarmejor.es\/producto\/codices-illustres-the-most-beautiful-illuminated-manuscripts-in-the-world-ed2018\/"},"modified":"2026-03-21T12:40:45","modified_gmt":"2026-03-21T11:40:45","slug":"egypt-a-fascinating-civilization-16-dvds-plus-2-bonus-dvds","status":"publish","type":"product","link":"https:\/\/www.comprarmejor.es\/en\/product\/egypt-a-fascinating-civilization-16-dvds-plus-2-bonus-dvds\/","title":{"rendered":"Egypt, a fascinating civilization. 16 DVDs plus 2 bonus DVDs"},"content":{"rendered":"<p style=\"text-align: justify;\">Indivisible lot consisting of 16 DVDs about EGYPT, a fascinating civilization. New, unused.<\/p>\n<p style=\"text-align: justify;\">Technical specifications: Region-appropriate. Languages: Spanish and English. 4:3 aspect ratio. Stereo. Dolby Digital AC3. PAL system. Direct scene access. Animated menu. DVD 5. Running time per DVD: approximately 60 minutes. Made in the USA. Year of production: 1998.<\/p>\n<p style=\"text-align: justify;\">The chapters are as follows: The Origins of Egypt. The World of Cleopatra. The Mystery of Tutankhamun. The Resurrection Machine. Ramses the Great. The Egyptian Golden Age. The Pyramids of Giza. Gods of Egypt. Karnak: The Temple of the Gods. The Mysteries of the Pyramids. Mummification. Hatshepsut: The Great Queen of Egypt. The Great Builders of Egypt. Akhenaten, the Heretic King. The Library of Alexandria. Howard Carter, Triumph and Treasure.<\/p>\n<p style=\"text-align: justify;\">In addition to these 16 DVDs, we are exclusively offering these two new, unused DVDs:<br \/>\nEgypt, the Civilization of the Pharaohs. Published by Salvat in 2003, in Spanish, digital audio AC3 PAL, approximately 103 minutes.<\/p>\n<p style=\"text-align: justify;\">Mysteries of Egypt. Published by A\u00f1o Cero magazine, no date, in Spanish, Digital DTS Surround, compatible with PAL and NTSC systems, approximately 40 minutes.<\/p>\n<p style=\"text-align: justify;\">Shipping costs vary depending on the order and destination. <span title=\"Cons\u00faltenos cualquier duda, as\u00ed como por cualquier otro art\u00edculo que est\u00e9 buscando.\"><a class=\"btn btn-default\" href=\"https:\/\/www.comprarmejor.es\/en\/contact\/\">Ask us<\/a> <span lang=\"en\" xml:lang=\"en\"><span title=\"Cons\u00faltenos sin compromiso (indicando la referencia del art\u00edculo) cualquier duda.\">without obligation (indicating the reference of the article) any doubt.<\/span><\/span><br \/>\n<\/span><\/p>\n","protected":false},"excerpt":{"rendered":"<p style=\"text-align: justify;\"><span id=\"result_box\" lang=\"en\" xml:lang=\"en\"><span title=\"Han debido pasar m\u00e1s de cuatrocientos a\u00f1os para que alguien se decidiera a acometer el trabajo, arduo y laborioso, de verter al idioma espa\u00f1ol esta obra salida de la pluma de Kepler.\"><span lang=\"en\" xml:lang=\"en\">Indivisible lot consisting of 16 DVDs about EGYPT, a fascinating civilization. New, unused.<span title=\"Representa un cat\u00e1logo de los 167 manuscritos m\u00e1s bellos e importantes de la Edad Media, muchos de ellos al alcance de la mano de cualquier coleccionista gracias a las ediciones facsimilares de lujo de las mejores editoriales europeas.\"><br \/>\n<\/span><\/span><\/span><\/span><\/p>\n","protected":false},"featured_media":106759,"template":"","meta":[],"product_brand":[],"product_cat":[2262,2230],"product_tag":[5100,5120],"class_list":{"0":"post-53319","1":"product","2":"type-product","3":"status-publish","4":"has-post-thumbnail","6":"product_cat-cd-dvd-brd","7":"product_cat-egyptomania","8":"product_tag-dvd-en","9":"product_tag-history-en","10":"product_shipping_class-from-2-to-5-kg","11":"description-off","13":"first","14":"instock","15":"taxable","16":"shipping-taxable","17":"purchasable","18":"product-type-simple"},"yoast_head":"<!-- This site is optimized with the Yoast SEO plugin v27.3 - https:\/\/yoast.com\/product\/yoast-seo-wordpress\/ -->\n<title>Egypt, a fascinating civilization. 16 DVDs plus 2 bonus DVDs<\/title>\n<meta name=\"description\" content=\"Indivisible lot consisting of 16 DVDs about EGYPT, a fascinating civilization. New, unused.\" \/>\n<meta name=\"robots\" content=\"index, follow, max-snippet:-1, max-image-preview:large, max-video-preview:-1\" \/>\n<link rel=\"canonical\" href=\"https:\/\/www.comprarmejor.es\/en\/product\/egypt-a-fascinating-civilization-16-dvds-plus-2-bonus-dvds\/\" \/>\n<meta property=\"og:locale\" content=\"en_US\" \/>\n<meta property=\"og:type\" content=\"article\" \/>\n<meta property=\"og:title\" content=\"Egypt, a fascinating civilization. 16 DVDs plus 2 bonus DVDs\" \/>\n<meta property=\"og:description\" content=\"Indivisible lot consisting of 16 DVDs about EGYPT, a fascinating civilization. New, unused.\" \/>\n<meta property=\"og:url\" content=\"https:\/\/www.comprarmejor.es\/en\/product\/egypt-a-fascinating-civilization-16-dvds-plus-2-bonus-dvds\/\" \/>\n<meta property=\"og:site_name\" content=\"ComprarMejor\" \/>\n<meta property=\"article:modified_time\" content=\"2026-03-21T11:40:45+00:00\" \/>\n<meta property=\"og:image\" content=\"https:\/\/www.comprarmejor.es\/wp-content\/uploads\/2016\/02\/Edvd01.jpg\" \/>\n\t<meta property=\"og:image:width\" content=\"563\" \/>\n\t<meta property=\"og:image:height\" content=\"750\" \/>\n\t<meta property=\"og:image:type\" content=\"image\/jpeg\" \/>\n<meta name=\"twitter:card\" content=\"summary_large_image\" \/>\n<meta name=\"twitter:label1\" content=\"Est. reading time\" \/>\n\t<meta name=\"twitter:data1\" content=\"2 minutes\" \/>\n<script type=\"application\/ld+json\" class=\"yoast-schema-graph\">{\"@context\":\"https:\\\/\\\/schema.org\",\"@graph\":[{\"@type\":\"WebPage\",\"@id\":\"https:\\\/\\\/www.comprarmejor.es\\\/en\\\/product\\\/egypt-a-fascinating-civilization-16-dvds-plus-2-bonus-dvds\\\/\",\"url\":\"https:\\\/\\\/www.comprarmejor.es\\\/en\\\/product\\\/egypt-a-fascinating-civilization-16-dvds-plus-2-bonus-dvds\\\/\",\"name\":\"Egypt, a fascinating civilization. 16 DVDs plus 2 bonus DVDs\",\"isPartOf\":{\"@id\":\"https:\\\/\\\/www.comprarmejor.es\\\/en\\\/#website\"},\"primaryImageOfPage\":{\"@id\":\"https:\\\/\\\/www.comprarmejor.es\\\/en\\\/product\\\/egypt-a-fascinating-civilization-16-dvds-plus-2-bonus-dvds\\\/#primaryimage\"},\"image\":{\"@id\":\"https:\\\/\\\/www.comprarmejor.es\\\/en\\\/product\\\/egypt-a-fascinating-civilization-16-dvds-plus-2-bonus-dvds\\\/#primaryimage\"},\"thumbnailUrl\":\"https:\\\/\\\/www.comprarmejor.es\\\/wp-content\\\/uploads\\\/2016\\\/02\\\/Edvd01.jpg\",\"datePublished\":\"2016-02-29T11:44:38+00:00\",\"dateModified\":\"2026-03-21T11:40:45+00:00\",\"description\":\"Indivisible lot consisting of 16 DVDs about EGYPT, a fascinating civilization. New, unused.\",\"breadcrumb\":{\"@id\":\"https:\\\/\\\/www.comprarmejor.es\\\/en\\\/product\\\/egypt-a-fascinating-civilization-16-dvds-plus-2-bonus-dvds\\\/#breadcrumb\"},\"inLanguage\":\"en-US\",\"potentialAction\":[{\"@type\":\"ReadAction\",\"target\":[\"https:\\\/\\\/www.comprarmejor.es\\\/en\\\/product\\\/egypt-a-fascinating-civilization-16-dvds-plus-2-bonus-dvds\\\/\"]}]},{\"@type\":\"ImageObject\",\"inLanguage\":\"en-US\",\"@id\":\"https:\\\/\\\/www.comprarmejor.es\\\/en\\\/product\\\/egypt-a-fascinating-civilization-16-dvds-plus-2-bonus-dvds\\\/#primaryimage\",\"url\":\"https:\\\/\\\/www.comprarmejor.es\\\/wp-content\\\/uploads\\\/2016\\\/02\\\/Edvd01.jpg\",\"contentUrl\":\"https:\\\/\\\/www.comprarmejor.es\\\/wp-content\\\/uploads\\\/2016\\\/02\\\/Edvd01.jpg\",\"width\":563,\"height\":750},{\"@type\":\"BreadcrumbList\",\"@id\":\"https:\\\/\\\/www.comprarmejor.es\\\/en\\\/product\\\/egypt-a-fascinating-civilization-16-dvds-plus-2-bonus-dvds\\\/#breadcrumb\",\"itemListElement\":[{\"@type\":\"ListItem\",\"position\":1,\"name\":\"Portada\",\"item\":\"https:\\\/\\\/www.comprarmejor.es\\\/en\\\/\"},{\"@type\":\"ListItem\",\"position\":2,\"name\":\"Shop\",\"item\":\"https:\\\/\\\/www.comprarmejor.es\\\/en\\\/shop\\\/\"},{\"@type\":\"ListItem\",\"position\":3,\"name\":\"Egypt, a fascinating civilization. 16 DVDs plus 2 bonus DVDs\"}]},{\"@type\":\"WebSite\",\"@id\":\"https:\\\/\\\/www.comprarmejor.es\\\/en\\\/#website\",\"url\":\"https:\\\/\\\/www.comprarmejor.es\\\/en\\\/\",\"name\":\"ComprarMejor\",\"description\":\"ComprarMejor\",\"publisher\":{\"@id\":\"https:\\\/\\\/www.comprarmejor.es\\\/en\\\/#organization\"},\"potentialAction\":[{\"@type\":\"SearchAction\",\"target\":{\"@type\":\"EntryPoint\",\"urlTemplate\":\"https:\\\/\\\/www.comprarmejor.es\\\/en\\\/?s={search_term_string}\"},\"query-input\":{\"@type\":\"PropertyValueSpecification\",\"valueRequired\":true,\"valueName\":\"search_term_string\"}}],\"inLanguage\":\"en-US\"},{\"@type\":\"Organization\",\"@id\":\"https:\\\/\\\/www.comprarmejor.es\\\/en\\\/#organization\",\"name\":\"COMPRAR MEJOR\",\"url\":\"https:\\\/\\\/www.comprarmejor.es\\\/en\\\/\",\"logo\":{\"@type\":\"ImageObject\",\"inLanguage\":\"en-US\",\"@id\":\"https:\\\/\\\/www.comprarmejor.es\\\/en\\\/#\\\/schema\\\/logo\\\/image\\\/\",\"url\":\"https:\\\/\\\/www.comprarmejor.es\\\/wp-content\\\/uploads\\\/2025\\\/09\\\/comprarmejortrinidad.jpg\",\"contentUrl\":\"https:\\\/\\\/www.comprarmejor.es\\\/wp-content\\\/uploads\\\/2025\\\/09\\\/comprarmejortrinidad.jpg\",\"width\":1022,\"height\":1380,\"caption\":\"COMPRAR MEJOR\"},\"image\":{\"@id\":\"https:\\\/\\\/www.comprarmejor.es\\\/en\\\/#\\\/schema\\\/logo\\\/image\\\/\"},\"sameAs\":[\"https:\\\/\\\/www.instagram.com\\\/amigosdelcodice\"]}]}<\/script>\n<!-- \/ Yoast SEO plugin. -->","yoast_head_json":{"title":"Egypt, a fascinating civilization. 16 DVDs plus 2 bonus DVDs","description":"Indivisible lot consisting of 16 DVDs about EGYPT, a fascinating civilization. New, unused.","robots":{"index":"index","follow":"follow","max-snippet":"max-snippet:-1","max-image-preview":"max-image-preview:large","max-video-preview":"max-video-preview:-1"},"canonical":"https:\/\/www.comprarmejor.es\/en\/product\/egypt-a-fascinating-civilization-16-dvds-plus-2-bonus-dvds\/","og_locale":"en_US","og_type":"article","og_title":"Egypt, a fascinating civilization. 16 DVDs plus 2 bonus DVDs","og_description":"Indivisible lot consisting of 16 DVDs about EGYPT, a fascinating civilization. New, unused.","og_url":"https:\/\/www.comprarmejor.es\/en\/product\/egypt-a-fascinating-civilization-16-dvds-plus-2-bonus-dvds\/","og_site_name":"ComprarMejor","article_modified_time":"2026-03-21T11:40:45+00:00","og_image":[{"width":563,"height":750,"url":"https:\/\/www.comprarmejor.es\/wp-content\/uploads\/2016\/02\/Edvd01.jpg","type":"image\/jpeg"}],"twitter_card":"summary_large_image","twitter_misc":{"Est. reading time":"2 minutes"},"schema":{"@context":"https:\/\/schema.org","@graph":[{"@type":"WebPage","@id":"https:\/\/www.comprarmejor.es\/en\/product\/egypt-a-fascinating-civilization-16-dvds-plus-2-bonus-dvds\/","url":"https:\/\/www.comprarmejor.es\/en\/product\/egypt-a-fascinating-civilization-16-dvds-plus-2-bonus-dvds\/","name":"Egypt, a fascinating civilization. 16 DVDs plus 2 bonus DVDs","isPartOf":{"@id":"https:\/\/www.comprarmejor.es\/en\/#website"},"primaryImageOfPage":{"@id":"https:\/\/www.comprarmejor.es\/en\/product\/egypt-a-fascinating-civilization-16-dvds-plus-2-bonus-dvds\/#primaryimage"},"image":{"@id":"https:\/\/www.comprarmejor.es\/en\/product\/egypt-a-fascinating-civilization-16-dvds-plus-2-bonus-dvds\/#primaryimage"},"thumbnailUrl":"https:\/\/www.comprarmejor.es\/wp-content\/uploads\/2016\/02\/Edvd01.jpg","datePublished":"2016-02-29T11:44:38+00:00","dateModified":"2026-03-21T11:40:45+00:00","description":"Indivisible lot consisting of 16 DVDs about EGYPT, a fascinating civilization. New, unused.","breadcrumb":{"@id":"https:\/\/www.comprarmejor.es\/en\/product\/egypt-a-fascinating-civilization-16-dvds-plus-2-bonus-dvds\/#breadcrumb"},"inLanguage":"en-US","potentialAction":[{"@type":"ReadAction","target":["https:\/\/www.comprarmejor.es\/en\/product\/egypt-a-fascinating-civilization-16-dvds-plus-2-bonus-dvds\/"]}]},{"@type":"ImageObject","inLanguage":"en-US","@id":"https:\/\/www.comprarmejor.es\/en\/product\/egypt-a-fascinating-civilization-16-dvds-plus-2-bonus-dvds\/#primaryimage","url":"https:\/\/www.comprarmejor.es\/wp-content\/uploads\/2016\/02\/Edvd01.jpg","contentUrl":"https:\/\/www.comprarmejor.es\/wp-content\/uploads\/2016\/02\/Edvd01.jpg","width":563,"height":750},{"@type":"BreadcrumbList","@id":"https:\/\/www.comprarmejor.es\/en\/product\/egypt-a-fascinating-civilization-16-dvds-plus-2-bonus-dvds\/#breadcrumb","itemListElement":[{"@type":"ListItem","position":1,"name":"Portada","item":"https:\/\/www.comprarmejor.es\/en\/"},{"@type":"ListItem","position":2,"name":"Shop","item":"https:\/\/www.comprarmejor.es\/en\/shop\/"},{"@type":"ListItem","position":3,"name":"Egypt, a fascinating civilization. 16 DVDs plus 2 bonus DVDs"}]},{"@type":"WebSite","@id":"https:\/\/www.comprarmejor.es\/en\/#website","url":"https:\/\/www.comprarmejor.es\/en\/","name":"ComprarMejor","description":"ComprarMejor","publisher":{"@id":"https:\/\/www.comprarmejor.es\/en\/#organization"},"potentialAction":[{"@type":"SearchAction","target":{"@type":"EntryPoint","urlTemplate":"https:\/\/www.comprarmejor.es\/en\/?s={search_term_string}"},"query-input":{"@type":"PropertyValueSpecification","valueRequired":true,"valueName":"search_term_string"}}],"inLanguage":"en-US"},{"@type":"Organization","@id":"https:\/\/www.comprarmejor.es\/en\/#organization","name":"COMPRAR MEJOR","url":"https:\/\/www.comprarmejor.es\/en\/","logo":{"@type":"ImageObject","inLanguage":"en-US","@id":"https:\/\/www.comprarmejor.es\/en\/#\/schema\/logo\/image\/","url":"https:\/\/www.comprarmejor.es\/wp-content\/uploads\/2025\/09\/comprarmejortrinidad.jpg","contentUrl":"https:\/\/www.comprarmejor.es\/wp-content\/uploads\/2025\/09\/comprarmejortrinidad.jpg","width":1022,"height":1380,"caption":"COMPRAR MEJOR"},"image":{"@id":"https:\/\/www.comprarmejor.es\/en\/#\/schema\/logo\/image\/"},"sameAs":["https:\/\/www.instagram.com\/amigosdelcodice"]}]}},"_links":{"self":[{"href":"https:\/\/www.comprarmejor.es\/en\/wp-json\/wp\/v2\/product\/53319","targetHints":{"allow":["GET"]}}],"collection":[{"href":"https:\/\/www.comprarmejor.es\/en\/wp-json\/wp\/v2\/product"}],"about":[{"href":"https:\/\/www.comprarmejor.es\/en\/wp-json\/wp\/v2\/types\/product"}],"wp:featuredmedia":[{"embeddable":true,"href":"https:\/\/www.comprarmejor.es\/en\/wp-json\/wp\/v2\/media\/106759"}],"wp:attachment":[{"href":"https:\/\/www.comprarmejor.es\/en\/wp-json\/wp\/v2\/media?parent=53319"}],"wp:term":[{"taxonomy":"product_brand","embeddable":true,"href":"https:\/\/www.comprarmejor.es\/en\/wp-json\/wp\/v2\/product_brand?post=53319"},{"taxonomy":"product_cat","embeddable":true,"href":"https:\/\/www.comprarmejor.es\/en\/wp-json\/wp\/v2\/product_cat?post=53319"},{"taxonomy":"product_tag","embeddable":true,"href":"https:\/\/www.comprarmejor.es\/en\/wp-json\/wp\/v2\/product_tag?post=53319"}],"curies":[{"name":"wp","href":"https:\/\/api.w.org\/{rel}","templated":true}]}}