{"id":53375,"date":"2016-03-19T22:45:10","date_gmt":"2016-03-19T21:45:10","guid":{"rendered":"https:\/\/www.comprarmejor.es\/producto\/histoire-dun-gran-coquin-nomme-don-pablo-f-de-quevedo-1942-in-french\/"},"modified":"2019-09-08T23:08:23","modified_gmt":"2019-09-08T21:08:23","slug":"histoire-dun-gran-coquin-nomme-don-pablo-f-de-quevedo-1942-in-french","status":"publish","type":"product","link":"https:\/\/www.comprarmejor.es\/en\/product\/histoire-dun-gran-coquin-nomme-don-pablo-f-de-quevedo-1942-in-french\/","title":{"rendered":"Histoire d\u2019un gran coquin nomm\u00e9 Don Pablo, F. de Quevedo, 1942 (in French)"},"content":{"rendered":"<p style=\"text-align:justify;\"><span id=\"result_box\" lang=\"en\" xml:lang=\"en\"><span title=\"Histoire d\u2019un gran coquin nomm\u00e9 Don Pablo.\">Histoire d&#8217;un coquin nomm\u00e9 great Don Pablo. <\/span><span title=\"Traduite de l\u2019espagnol par Retif de la Bretonne et d\u2019Hermilly, avec des eaux-fortes originales de Joseph Hemard.\">De l&#8217;anglais par Traduite Retif de la Bretonne et d&#8217;Hermilly, avec des eaux-fortes Joseph original Hemard. <\/span><span title=\"Paris, La Tradition, 1942.\">Paris, La Tradition, 1942.<\/p>\n<p><\/span><span title=\"Bella edici\u00f3n francesa de la famosa obra &quot;Historia de la vida del Busc\u00f3n llamado don Pablos; ejemplo de vagamundos y espejo de taca\u00f1os&quot; (m\u00e1s conocida como El Busc\u00f3n) de Francisco de Quevedo, exponente de la literatura espa\u00f1ola del Siglo de Oro, e ilustrada\">Beautiful French edition of the famous work &#8220;History of El Busc\u00f3n called Don Pablos, example of vagabonds and mirror stingy&#8221; (better known as The Busc\u00f3n) of Francisco de Quevedo, exponent of the Spanish literature of the Golden Age, and illustrated <\/span><span title=\"con aguafuertes a varias tintas originales de Joseph Hemard.\">with several original etchings Joseph Hemard inks<\/span><span title=\"Estuche (cubierta anterior adherida al estuche).\"><span lang=\"en\" xml:lang=\"en\"><span title=\"ejemplo de vagamundos y espejo de taca\u00f1os (m\u00e1s conocida como El Busc\u00f3n) de Francisco de Quevedo, exponente de la literatura espa\u00f1ola del Siglo de Oro, e ilustrada con aguafuertes a varias tintas originales de Joseph Hemard.\">.<\/p>\n<p><\/span><span title=\"Ejemplar encuadernado en exclusiva con una bella presentaci\u00f3n.\">I bound copy exclusively with a beautiful presentation. <\/span><span title=\"Ejemplar \u00fanico y en perfecto estado:\"><strong>Original single<\/strong> and in perfect condition:<br \/><\/span><span title=\"Libro formato 20,5 x 25, 224 p\u00e1ginas en papel de gran gramaje;\">Book format 20.5 x 25, 224 pages heavy paper; <\/span><span title=\"encuadernaci\u00f3n en piel y dorados, media holandesa con cantoneras.\">leather binding and gold, Dutch media with corner.<br \/><\/span><span title=\"Carpetilla formato 19,5 x 24,5 cm, conteniendo la suite de los 24 dibujos de Joseph Hemard.\">File folder 19.5 x 24.5 cm format, containing the suite of 24 drawings by Joseph Hemard.<br \/><\/span><span title=\"Ambos presentados en un fuerte estuche abierto, con una reproducci\u00f3n de la portada de la obra adherida al mismo.\">Both presented a strong case open with a reproduction of the cover of the work attached to it.<\/span><\/span><\/p>\n<p><\/span><span title=\"Edici\u00f3n numerada de 645 ejemplares;\">Numbered edition of 625 copies; <\/span><span title=\"\u00e9ste es uno de los 200 numerados sobre papel \u201cV\u00e9lin de Lana\u201d con una suite de los grabados.\">this is one of the 100 numbered on paper &#8220;Lana V\u00e9lin&#8221; <span lang=\"en\" xml:lang=\"en\">and includes a suite of etchings<\/span>.<\/p>\n<p><\/span><span title=\"Gastos de env\u00edo por cuenta del comprador, seg\u00fan pedido y destino.\">Shipping by the buyer, upon request and destination.\u00a0<\/span><span title=\"Cons\u00faltenos cualquier duda, as\u00ed como por cualquier otro art\u00edculo que est\u00e9 buscando.\"><a class=\"btn btn-default\" href=\"http:\/\/comprarmejor.es\/en\/contact\">Ask us<\/a> any questions, as well as any other items you are seeking.<\/span><\/span><\/p>\n","protected":false},"excerpt":{"rendered":"<p style=\"text-align:justify;\"><span id=\"result_box\" lang=\"en\" xml:lang=\"en\"><span title=\"Histoire d\u2019un gran coquin nomm\u00e9 Don Pablo.\">Histoire d&#8217;un coquin nomm\u00e9 great Don Pablo. <\/span><span title=\"Traduite de l\u2019espagnol par Retif de la Bretonne et d\u2019Hermilly, avec des eaux-fortes originales de Joseph Hemard.\">De l&#8217;anglais par Traduite Retif de la Bretonne et d&#8217;Hermilly, avec des eaux-fortes Joseph original Hemard. <\/span><span title=\"Paris, La Tradition, 1942.\">Paris, La Tradition, 1942.<\/span><\/span><\/p>\n","protected":false},"featured_media":53361,"template":"","meta":[],"product_brand":[],"product_cat":[2198,2190,2210,2188,2266,2238],"product_tag":[4304],"class_list":{"0":"post-53375","1":"product","2":"type-product","3":"status-publish","4":"has-post-thumbnail","6":"product_cat-art","7":"product_cat-art-craft-antiques","8":"product_cat-bibliophilia","9":"product_cat-books","10":"product_cat-engravings","11":"product_cat-exclusive-copies","12":"product_tag-quevedo-en","13":"product_shipping_class-from-0-to-1-kg","14":"description-off","16":"first","17":"instock","18":"taxable","19":"shipping-taxable","20":"purchasable","21":"product-type-simple"},"yoast_head":"<!-- This site is optimized with the Yoast SEO plugin v27.3 - https:\/\/yoast.com\/product\/yoast-seo-wordpress\/ -->\n<title>Histoire d\u2019un gran coquin nomm\u00e9 Don Pablo, Quevedo, 1942 (in French)<\/title>\n<meta name=\"description\" content=\"Histoire d&#039;un coquin nomm\u00e9 great Don Pablo. Traduite par Retif de la Bretonne et d&#039;Hermilly, avec des eaux-fortes Joseph original Hemard. Paris, 1942.\" \/>\n<meta name=\"robots\" content=\"index, follow, max-snippet:-1, max-image-preview:large, max-video-preview:-1\" \/>\n<link rel=\"canonical\" href=\"https:\/\/www.comprarmejor.es\/en\/product\/histoire-dun-gran-coquin-nomme-don-pablo-f-de-quevedo-1942-in-french\/\" \/>\n<meta property=\"og:locale\" content=\"en_US\" \/>\n<meta property=\"og:type\" content=\"article\" \/>\n<meta property=\"og:title\" content=\"Histoire d\u2019un gran coquin nomm\u00e9 Don Pablo, Quevedo, 1942 (in French)\" \/>\n<meta property=\"og:description\" content=\"Histoire d&#039;un coquin nomm\u00e9 great Don Pablo. Traduite par Retif de la Bretonne et d&#039;Hermilly, avec des eaux-fortes Joseph original Hemard. Paris, 1942.\" \/>\n<meta property=\"og:url\" content=\"https:\/\/www.comprarmejor.es\/en\/product\/histoire-dun-gran-coquin-nomme-don-pablo-f-de-quevedo-1942-in-french\/\" \/>\n<meta property=\"og:site_name\" content=\"ComprarMejor\" \/>\n<meta property=\"article:modified_time\" content=\"2019-09-08T21:08:23+00:00\" \/>\n<meta property=\"og:image\" content=\"https:\/\/www.comprarmejor.es\/wp-content\/uploads\/2016\/03\/p_6_1_9_3_6193-Histoire-d\u2019un-gran-coquin-nomme-Don-Pablo-F.-de-Quevedo-1942-en-frances.jpg\" \/>\n\t<meta property=\"og:image:width\" content=\"599\" \/>\n\t<meta property=\"og:image:height\" content=\"449\" \/>\n\t<meta property=\"og:image:type\" content=\"image\/jpeg\" \/>\n<meta name=\"twitter:card\" content=\"summary_large_image\" \/>\n<meta name=\"twitter:label1\" content=\"Est. reading time\" \/>\n\t<meta name=\"twitter:data1\" content=\"1 minute\" \/>\n<script type=\"application\/ld+json\" class=\"yoast-schema-graph\">{\"@context\":\"https:\\\/\\\/schema.org\",\"@graph\":[{\"@type\":\"WebPage\",\"@id\":\"https:\\\/\\\/www.comprarmejor.es\\\/en\\\/product\\\/histoire-dun-gran-coquin-nomme-don-pablo-f-de-quevedo-1942-in-french\\\/\",\"url\":\"https:\\\/\\\/www.comprarmejor.es\\\/en\\\/product\\\/histoire-dun-gran-coquin-nomme-don-pablo-f-de-quevedo-1942-in-french\\\/\",\"name\":\"Histoire d\u2019un gran coquin nomm\u00e9 Don Pablo, Quevedo, 1942 (in French)\",\"isPartOf\":{\"@id\":\"https:\\\/\\\/www.comprarmejor.es\\\/en\\\/#website\"},\"primaryImageOfPage\":{\"@id\":\"https:\\\/\\\/www.comprarmejor.es\\\/en\\\/product\\\/histoire-dun-gran-coquin-nomme-don-pablo-f-de-quevedo-1942-in-french\\\/#primaryimage\"},\"image\":{\"@id\":\"https:\\\/\\\/www.comprarmejor.es\\\/en\\\/product\\\/histoire-dun-gran-coquin-nomme-don-pablo-f-de-quevedo-1942-in-french\\\/#primaryimage\"},\"thumbnailUrl\":\"https:\\\/\\\/www.comprarmejor.es\\\/wp-content\\\/uploads\\\/2016\\\/03\\\/p_6_1_9_3_6193-Histoire-d\u2019un-gran-coquin-nomme-Don-Pablo-F.-de-Quevedo-1942-en-frances.jpg\",\"datePublished\":\"2016-03-19T21:45:10+00:00\",\"dateModified\":\"2019-09-08T21:08:23+00:00\",\"description\":\"Histoire d'un coquin nomm\u00e9 great Don Pablo. Traduite par Retif de la Bretonne et d'Hermilly, avec des eaux-fortes Joseph original Hemard. Paris, 1942.\",\"breadcrumb\":{\"@id\":\"https:\\\/\\\/www.comprarmejor.es\\\/en\\\/product\\\/histoire-dun-gran-coquin-nomme-don-pablo-f-de-quevedo-1942-in-french\\\/#breadcrumb\"},\"inLanguage\":\"en-US\",\"potentialAction\":[{\"@type\":\"ReadAction\",\"target\":[\"https:\\\/\\\/www.comprarmejor.es\\\/en\\\/product\\\/histoire-dun-gran-coquin-nomme-don-pablo-f-de-quevedo-1942-in-french\\\/\"]}]},{\"@type\":\"ImageObject\",\"inLanguage\":\"en-US\",\"@id\":\"https:\\\/\\\/www.comprarmejor.es\\\/en\\\/product\\\/histoire-dun-gran-coquin-nomme-don-pablo-f-de-quevedo-1942-in-french\\\/#primaryimage\",\"url\":\"https:\\\/\\\/www.comprarmejor.es\\\/wp-content\\\/uploads\\\/2016\\\/03\\\/p_6_1_9_3_6193-Histoire-d\u2019un-gran-coquin-nomme-Don-Pablo-F.-de-Quevedo-1942-en-frances.jpg\",\"contentUrl\":\"https:\\\/\\\/www.comprarmejor.es\\\/wp-content\\\/uploads\\\/2016\\\/03\\\/p_6_1_9_3_6193-Histoire-d\u2019un-gran-coquin-nomme-Don-Pablo-F.-de-Quevedo-1942-en-frances.jpg\",\"width\":599,\"height\":449},{\"@type\":\"BreadcrumbList\",\"@id\":\"https:\\\/\\\/www.comprarmejor.es\\\/en\\\/product\\\/histoire-dun-gran-coquin-nomme-don-pablo-f-de-quevedo-1942-in-french\\\/#breadcrumb\",\"itemListElement\":[{\"@type\":\"ListItem\",\"position\":1,\"name\":\"Portada\",\"item\":\"https:\\\/\\\/www.comprarmejor.es\\\/en\\\/\"},{\"@type\":\"ListItem\",\"position\":2,\"name\":\"Shop\",\"item\":\"https:\\\/\\\/www.comprarmejor.es\\\/en\\\/shop\\\/\"},{\"@type\":\"ListItem\",\"position\":3,\"name\":\"Histoire d\u2019un gran coquin nomm\u00e9 Don Pablo, F. de Quevedo, 1942 (in French)\"}]},{\"@type\":\"WebSite\",\"@id\":\"https:\\\/\\\/www.comprarmejor.es\\\/en\\\/#website\",\"url\":\"https:\\\/\\\/www.comprarmejor.es\\\/en\\\/\",\"name\":\"ComprarMejor\",\"description\":\"ComprarMejor\",\"publisher\":{\"@id\":\"https:\\\/\\\/www.comprarmejor.es\\\/en\\\/#organization\"},\"potentialAction\":[{\"@type\":\"SearchAction\",\"target\":{\"@type\":\"EntryPoint\",\"urlTemplate\":\"https:\\\/\\\/www.comprarmejor.es\\\/en\\\/?s={search_term_string}\"},\"query-input\":{\"@type\":\"PropertyValueSpecification\",\"valueRequired\":true,\"valueName\":\"search_term_string\"}}],\"inLanguage\":\"en-US\"},{\"@type\":\"Organization\",\"@id\":\"https:\\\/\\\/www.comprarmejor.es\\\/en\\\/#organization\",\"name\":\"COMPRAR MEJOR\",\"url\":\"https:\\\/\\\/www.comprarmejor.es\\\/en\\\/\",\"logo\":{\"@type\":\"ImageObject\",\"inLanguage\":\"en-US\",\"@id\":\"https:\\\/\\\/www.comprarmejor.es\\\/en\\\/#\\\/schema\\\/logo\\\/image\\\/\",\"url\":\"https:\\\/\\\/www.comprarmejor.es\\\/wp-content\\\/uploads\\\/2025\\\/09\\\/comprarmejortrinidad.jpg\",\"contentUrl\":\"https:\\\/\\\/www.comprarmejor.es\\\/wp-content\\\/uploads\\\/2025\\\/09\\\/comprarmejortrinidad.jpg\",\"width\":1022,\"height\":1380,\"caption\":\"COMPRAR MEJOR\"},\"image\":{\"@id\":\"https:\\\/\\\/www.comprarmejor.es\\\/en\\\/#\\\/schema\\\/logo\\\/image\\\/\"},\"sameAs\":[\"https:\\\/\\\/www.instagram.com\\\/amigosdelcodice\"]}]}<\/script>\n<!-- \/ Yoast SEO plugin. -->","yoast_head_json":{"title":"Histoire d\u2019un gran coquin nomm\u00e9 Don Pablo, Quevedo, 1942 (in French)","description":"Histoire d'un coquin nomm\u00e9 great Don Pablo. Traduite par Retif de la Bretonne et d'Hermilly, avec des eaux-fortes Joseph original Hemard. Paris, 1942.","robots":{"index":"index","follow":"follow","max-snippet":"max-snippet:-1","max-image-preview":"max-image-preview:large","max-video-preview":"max-video-preview:-1"},"canonical":"https:\/\/www.comprarmejor.es\/en\/product\/histoire-dun-gran-coquin-nomme-don-pablo-f-de-quevedo-1942-in-french\/","og_locale":"en_US","og_type":"article","og_title":"Histoire d\u2019un gran coquin nomm\u00e9 Don Pablo, Quevedo, 1942 (in French)","og_description":"Histoire d'un coquin nomm\u00e9 great Don Pablo. Traduite par Retif de la Bretonne et d'Hermilly, avec des eaux-fortes Joseph original Hemard. Paris, 1942.","og_url":"https:\/\/www.comprarmejor.es\/en\/product\/histoire-dun-gran-coquin-nomme-don-pablo-f-de-quevedo-1942-in-french\/","og_site_name":"ComprarMejor","article_modified_time":"2019-09-08T21:08:23+00:00","og_image":[{"width":599,"height":449,"url":"https:\/\/www.comprarmejor.es\/wp-content\/uploads\/2016\/03\/p_6_1_9_3_6193-Histoire-d\u2019un-gran-coquin-nomme-Don-Pablo-F.-de-Quevedo-1942-en-frances.jpg","type":"image\/jpeg"}],"twitter_card":"summary_large_image","twitter_misc":{"Est. reading time":"1 minute"},"schema":{"@context":"https:\/\/schema.org","@graph":[{"@type":"WebPage","@id":"https:\/\/www.comprarmejor.es\/en\/product\/histoire-dun-gran-coquin-nomme-don-pablo-f-de-quevedo-1942-in-french\/","url":"https:\/\/www.comprarmejor.es\/en\/product\/histoire-dun-gran-coquin-nomme-don-pablo-f-de-quevedo-1942-in-french\/","name":"Histoire d\u2019un gran coquin nomm\u00e9 Don Pablo, Quevedo, 1942 (in French)","isPartOf":{"@id":"https:\/\/www.comprarmejor.es\/en\/#website"},"primaryImageOfPage":{"@id":"https:\/\/www.comprarmejor.es\/en\/product\/histoire-dun-gran-coquin-nomme-don-pablo-f-de-quevedo-1942-in-french\/#primaryimage"},"image":{"@id":"https:\/\/www.comprarmejor.es\/en\/product\/histoire-dun-gran-coquin-nomme-don-pablo-f-de-quevedo-1942-in-french\/#primaryimage"},"thumbnailUrl":"https:\/\/www.comprarmejor.es\/wp-content\/uploads\/2016\/03\/p_6_1_9_3_6193-Histoire-d\u2019un-gran-coquin-nomme-Don-Pablo-F.-de-Quevedo-1942-en-frances.jpg","datePublished":"2016-03-19T21:45:10+00:00","dateModified":"2019-09-08T21:08:23+00:00","description":"Histoire d'un coquin nomm\u00e9 great Don Pablo. Traduite par Retif de la Bretonne et d'Hermilly, avec des eaux-fortes Joseph original Hemard. Paris, 1942.","breadcrumb":{"@id":"https:\/\/www.comprarmejor.es\/en\/product\/histoire-dun-gran-coquin-nomme-don-pablo-f-de-quevedo-1942-in-french\/#breadcrumb"},"inLanguage":"en-US","potentialAction":[{"@type":"ReadAction","target":["https:\/\/www.comprarmejor.es\/en\/product\/histoire-dun-gran-coquin-nomme-don-pablo-f-de-quevedo-1942-in-french\/"]}]},{"@type":"ImageObject","inLanguage":"en-US","@id":"https:\/\/www.comprarmejor.es\/en\/product\/histoire-dun-gran-coquin-nomme-don-pablo-f-de-quevedo-1942-in-french\/#primaryimage","url":"https:\/\/www.comprarmejor.es\/wp-content\/uploads\/2016\/03\/p_6_1_9_3_6193-Histoire-d\u2019un-gran-coquin-nomme-Don-Pablo-F.-de-Quevedo-1942-en-frances.jpg","contentUrl":"https:\/\/www.comprarmejor.es\/wp-content\/uploads\/2016\/03\/p_6_1_9_3_6193-Histoire-d\u2019un-gran-coquin-nomme-Don-Pablo-F.-de-Quevedo-1942-en-frances.jpg","width":599,"height":449},{"@type":"BreadcrumbList","@id":"https:\/\/www.comprarmejor.es\/en\/product\/histoire-dun-gran-coquin-nomme-don-pablo-f-de-quevedo-1942-in-french\/#breadcrumb","itemListElement":[{"@type":"ListItem","position":1,"name":"Portada","item":"https:\/\/www.comprarmejor.es\/en\/"},{"@type":"ListItem","position":2,"name":"Shop","item":"https:\/\/www.comprarmejor.es\/en\/shop\/"},{"@type":"ListItem","position":3,"name":"Histoire d\u2019un gran coquin nomm\u00e9 Don Pablo, F. de Quevedo, 1942 (in French)"}]},{"@type":"WebSite","@id":"https:\/\/www.comprarmejor.es\/en\/#website","url":"https:\/\/www.comprarmejor.es\/en\/","name":"ComprarMejor","description":"ComprarMejor","publisher":{"@id":"https:\/\/www.comprarmejor.es\/en\/#organization"},"potentialAction":[{"@type":"SearchAction","target":{"@type":"EntryPoint","urlTemplate":"https:\/\/www.comprarmejor.es\/en\/?s={search_term_string}"},"query-input":{"@type":"PropertyValueSpecification","valueRequired":true,"valueName":"search_term_string"}}],"inLanguage":"en-US"},{"@type":"Organization","@id":"https:\/\/www.comprarmejor.es\/en\/#organization","name":"COMPRAR MEJOR","url":"https:\/\/www.comprarmejor.es\/en\/","logo":{"@type":"ImageObject","inLanguage":"en-US","@id":"https:\/\/www.comprarmejor.es\/en\/#\/schema\/logo\/image\/","url":"https:\/\/www.comprarmejor.es\/wp-content\/uploads\/2025\/09\/comprarmejortrinidad.jpg","contentUrl":"https:\/\/www.comprarmejor.es\/wp-content\/uploads\/2025\/09\/comprarmejortrinidad.jpg","width":1022,"height":1380,"caption":"COMPRAR MEJOR"},"image":{"@id":"https:\/\/www.comprarmejor.es\/en\/#\/schema\/logo\/image\/"},"sameAs":["https:\/\/www.instagram.com\/amigosdelcodice"]}]}},"_links":{"self":[{"href":"https:\/\/www.comprarmejor.es\/en\/wp-json\/wp\/v2\/product\/53375","targetHints":{"allow":["GET"]}}],"collection":[{"href":"https:\/\/www.comprarmejor.es\/en\/wp-json\/wp\/v2\/product"}],"about":[{"href":"https:\/\/www.comprarmejor.es\/en\/wp-json\/wp\/v2\/types\/product"}],"wp:featuredmedia":[{"embeddable":true,"href":"https:\/\/www.comprarmejor.es\/en\/wp-json\/wp\/v2\/media\/53361"}],"wp:attachment":[{"href":"https:\/\/www.comprarmejor.es\/en\/wp-json\/wp\/v2\/media?parent=53375"}],"wp:term":[{"taxonomy":"product_brand","embeddable":true,"href":"https:\/\/www.comprarmejor.es\/en\/wp-json\/wp\/v2\/product_brand?post=53375"},{"taxonomy":"product_cat","embeddable":true,"href":"https:\/\/www.comprarmejor.es\/en\/wp-json\/wp\/v2\/product_cat?post=53375"},{"taxonomy":"product_tag","embeddable":true,"href":"https:\/\/www.comprarmejor.es\/en\/wp-json\/wp\/v2\/product_tag?post=53375"}],"curies":[{"name":"wp","href":"https:\/\/api.w.org\/{rel}","templated":true}]}}