{"id":53405,"date":"2016-03-21T17:46:50","date_gmt":"2016-03-21T16:46:50","guid":{"rendered":"https:\/\/www.comprarmejor.es\/producto\/isabel-of-spain-william-thomas-walsh-1938\/"},"modified":"2019-09-15T10:50:35","modified_gmt":"2019-09-15T08:50:35","slug":"isabel-of-spain-william-thomas-walsh-1938","status":"publish","type":"product","link":"https:\/\/www.comprarmejor.es\/en\/product\/isabel-of-spain-william-thomas-walsh-1938\/","title":{"rendered":"Isabel of Spain. William Thomas Walsh. 1938"},"content":{"rendered":"<p style=\"text-align:justify;\"><span id=\"result_box\" lang=\"en\" xml:lang=\"en\"><span title=\"Biograf\u00eda de la reina Isabel la Cat\u00f3lica, realizada por el hispanista William Thomas Walsh y editada en Santander en 1938.\">Biography of Queen Isabel the Catholic, conducted by the Spanish scholar William Thomas Walsh and published in Santander in 1938.<\/p>\n<p><\/span><span title=\"660 p\u00e1ginas.\"><span lang=\"en\" xml:lang=\"en\"><span title=\"Ejemplar \u00fanico presentado en una lujosa, extraordinaria y bella encuadernaci\u00f3n at\u00edpica, totalmente artesanal y realizada en \u00c1vila, en forma de cartera en pergamino r\u00edgido, con refuerzos de cuero en el lomo y adornos (estrellas) en la solapa de la cartera.\"><strong>Single copy<\/strong> presented in a luxurious, extraordinary and beautiful atypical binding, completely handmade and made in Avila, in the form of portfolio in rigid parchment, with leather reinforcements on the back and ornaments (star) on the flap of the portfolio. <\/span><span title=\"Formato 16 x 20,5 cm.\">Format 16 x 20.5 cm.<\/p>\n<p><\/span><span title=\"Encuadernaci\u00f3n realizada sobre la edici\u00f3n de 1938 de la biograf\u00eda que el hispanista William T. Walsh publicara sobre la reina Isabel de Espa\u00f1a;\">Binding made on the 1938 edition of the biography that the Spanish scholar William T. Walsh published on Queen Isabella of Spain; <\/span><span title=\"segunda edici\u00f3n espa\u00f1ola que incorpora un ap\u00e9ndice con el Testamento y Codicilo de la Reina Isabel la Cat\u00f3lica.\">Spanish second edition incorporates an appendix with the will and codicil of Queen Isabella the Catholic. <\/span><span title=\"Traducci\u00f3n de Alberto de Mestas.\">Translation Alberto de Mestas. <\/span><span title=\"Pr\u00f3logo de Mart\u00edn Almagro.\">Foreword by Martin Almagro. <\/span><span title=\"660 p\u00e1ginas.\">660 pages.<\/span><\/span><\/p>\n<p><\/span><span title=\"William Thomas Walsh (1891-1949) fue un poeta, hispanista, historiador y pedagogo estadounidense.\">William Thomas Walsh (1891-1949) was a poet, Spanish scholar, historian and pedagogue American. <\/span><span title=\"Se form\u00f3 en la Universidad de Yale y en la Universidad de Fordham de Nueva York.\">He trained at Yale University and Fordham University in New York. <\/span><span title=\"Como historiador centr\u00f3 su obra en la historia de Espa\u00f1a, destacando sus biograf\u00edas de Isabel la Cat\u00f3lica y de Felipe II y sus estudios sobre la Inquisici\u00f3n espa\u00f1ola.\">As historian focused his work on the history of Spain, highlighting his biographies of Queen Isabella and Philip II and his studies of the Spanish Inquisition. <\/span><span title=\"Su obra parte desde un punto de vista cat\u00f3lico.\">His work starts from a Catholic point of view. <\/span><span title=\"Public\u00f3 tambi\u00e9n novelas y libros de poemas.\">He also published novels and poems.<\/p>\n<p><\/span><span title=\"Gastos de env\u00edo por cuenta del comprador, seg\u00fan pedido y destino.\">Shipping by the buyer, upon request and destination.\u00a0<\/span><span title=\"Cons\u00faltenos cualquier duda, as\u00ed como por cualquier otro art\u00edculo que est\u00e9 buscando.\"><a class=\"btn btn-default\" href=\"http:\/\/comprarmejor.es\/en\/contact\">Ask us<\/a> any questions, as well as any other items you are seeking.<\/span><\/span><\/p>\n","protected":false},"excerpt":{"rendered":"<p style=\"text-align:justify;\"><span id=\"result_box\" lang=\"en\" xml:lang=\"en\"><span title=\"Biograf\u00eda de la reina Isabel la Cat\u00f3lica, realizada por el hispanista William Thomas Walsh y editada en Santander en 1938.\">Biography of Queen Isabel the Catholic, conducted by the Spanish scholar William Thomas Walsh and published in Santander in 1938.<\/span><\/span><\/p>\n","protected":false},"featured_media":53393,"template":"","meta":[],"product_brand":[],"product_cat":[2210,2188,2238],"product_tag":[4398],"class_list":{"0":"post-53405","1":"product","2":"type-product","3":"status-publish","4":"has-post-thumbnail","6":"product_cat-bibliophilia","7":"product_cat-books","8":"product_cat-exclusive-copies","9":"product_tag-walsh-en","10":"product_shipping_class-from-2-to-5-kg","11":"description-off","13":"first","14":"instock","15":"taxable","16":"shipping-taxable","17":"purchasable","18":"product-type-simple"},"yoast_head":"<!-- This site is optimized with the Yoast SEO plugin v27.3 - https:\/\/yoast.com\/product\/yoast-seo-wordpress\/ -->\n<title>Isabel of Spain. William Thomas Walsh. 1938<\/title>\n<meta name=\"description\" content=\"Biography of Queen Isabel the Catholic, conducted by the Spanish scholar William Thomas Walsh and published in Santander in 1938.\" \/>\n<meta name=\"robots\" content=\"index, follow, max-snippet:-1, max-image-preview:large, max-video-preview:-1\" \/>\n<link rel=\"canonical\" href=\"https:\/\/www.comprarmejor.es\/en\/product\/isabel-of-spain-william-thomas-walsh-1938\/\" \/>\n<meta property=\"og:locale\" content=\"en_US\" \/>\n<meta property=\"og:type\" content=\"article\" \/>\n<meta property=\"og:title\" content=\"Isabel of Spain. William Thomas Walsh. 1938\" \/>\n<meta property=\"og:description\" content=\"Biography of Queen Isabel the Catholic, conducted by the Spanish scholar William Thomas Walsh and published in Santander in 1938.\" \/>\n<meta property=\"og:url\" content=\"https:\/\/www.comprarmejor.es\/en\/product\/isabel-of-spain-william-thomas-walsh-1938\/\" \/>\n<meta property=\"og:site_name\" content=\"ComprarMejor\" \/>\n<meta property=\"article:modified_time\" content=\"2019-09-15T08:50:35+00:00\" \/>\n<meta property=\"og:image\" content=\"https:\/\/www.comprarmejor.es\/wp-content\/uploads\/2016\/03\/p_6_2_1_1_6211-Isabel-de-Espana.-William-Thomas-Walsh.-1938.jpg\" \/>\n\t<meta property=\"og:image:width\" content=\"495\" \/>\n\t<meta property=\"og:image:height\" content=\"597\" \/>\n\t<meta property=\"og:image:type\" content=\"image\/jpeg\" \/>\n<meta name=\"twitter:card\" content=\"summary_large_image\" \/>\n<meta name=\"twitter:label1\" content=\"Est. reading time\" \/>\n\t<meta name=\"twitter:data1\" content=\"1 minute\" \/>\n<script type=\"application\/ld+json\" class=\"yoast-schema-graph\">{\"@context\":\"https:\\\/\\\/schema.org\",\"@graph\":[{\"@type\":\"WebPage\",\"@id\":\"https:\\\/\\\/www.comprarmejor.es\\\/en\\\/product\\\/isabel-of-spain-william-thomas-walsh-1938\\\/\",\"url\":\"https:\\\/\\\/www.comprarmejor.es\\\/en\\\/product\\\/isabel-of-spain-william-thomas-walsh-1938\\\/\",\"name\":\"Isabel of Spain. William Thomas Walsh. 1938\",\"isPartOf\":{\"@id\":\"https:\\\/\\\/www.comprarmejor.es\\\/en\\\/#website\"},\"primaryImageOfPage\":{\"@id\":\"https:\\\/\\\/www.comprarmejor.es\\\/en\\\/product\\\/isabel-of-spain-william-thomas-walsh-1938\\\/#primaryimage\"},\"image\":{\"@id\":\"https:\\\/\\\/www.comprarmejor.es\\\/en\\\/product\\\/isabel-of-spain-william-thomas-walsh-1938\\\/#primaryimage\"},\"thumbnailUrl\":\"https:\\\/\\\/www.comprarmejor.es\\\/wp-content\\\/uploads\\\/2016\\\/03\\\/p_6_2_1_1_6211-Isabel-de-Espana.-William-Thomas-Walsh.-1938.jpg\",\"datePublished\":\"2016-03-21T16:46:50+00:00\",\"dateModified\":\"2019-09-15T08:50:35+00:00\",\"description\":\"Biography of Queen Isabel the Catholic, conducted by the Spanish scholar William Thomas Walsh and published in Santander in 1938.\",\"breadcrumb\":{\"@id\":\"https:\\\/\\\/www.comprarmejor.es\\\/en\\\/product\\\/isabel-of-spain-william-thomas-walsh-1938\\\/#breadcrumb\"},\"inLanguage\":\"en-US\",\"potentialAction\":[{\"@type\":\"ReadAction\",\"target\":[\"https:\\\/\\\/www.comprarmejor.es\\\/en\\\/product\\\/isabel-of-spain-william-thomas-walsh-1938\\\/\"]}]},{\"@type\":\"ImageObject\",\"inLanguage\":\"en-US\",\"@id\":\"https:\\\/\\\/www.comprarmejor.es\\\/en\\\/product\\\/isabel-of-spain-william-thomas-walsh-1938\\\/#primaryimage\",\"url\":\"https:\\\/\\\/www.comprarmejor.es\\\/wp-content\\\/uploads\\\/2016\\\/03\\\/p_6_2_1_1_6211-Isabel-de-Espana.-William-Thomas-Walsh.-1938.jpg\",\"contentUrl\":\"https:\\\/\\\/www.comprarmejor.es\\\/wp-content\\\/uploads\\\/2016\\\/03\\\/p_6_2_1_1_6211-Isabel-de-Espana.-William-Thomas-Walsh.-1938.jpg\",\"width\":495,\"height\":597},{\"@type\":\"BreadcrumbList\",\"@id\":\"https:\\\/\\\/www.comprarmejor.es\\\/en\\\/product\\\/isabel-of-spain-william-thomas-walsh-1938\\\/#breadcrumb\",\"itemListElement\":[{\"@type\":\"ListItem\",\"position\":1,\"name\":\"Portada\",\"item\":\"https:\\\/\\\/www.comprarmejor.es\\\/en\\\/\"},{\"@type\":\"ListItem\",\"position\":2,\"name\":\"Shop\",\"item\":\"https:\\\/\\\/www.comprarmejor.es\\\/en\\\/shop\\\/\"},{\"@type\":\"ListItem\",\"position\":3,\"name\":\"Isabel of Spain. William Thomas Walsh. 1938\"}]},{\"@type\":\"WebSite\",\"@id\":\"https:\\\/\\\/www.comprarmejor.es\\\/en\\\/#website\",\"url\":\"https:\\\/\\\/www.comprarmejor.es\\\/en\\\/\",\"name\":\"ComprarMejor\",\"description\":\"ComprarMejor\",\"publisher\":{\"@id\":\"https:\\\/\\\/www.comprarmejor.es\\\/en\\\/#organization\"},\"potentialAction\":[{\"@type\":\"SearchAction\",\"target\":{\"@type\":\"EntryPoint\",\"urlTemplate\":\"https:\\\/\\\/www.comprarmejor.es\\\/en\\\/?s={search_term_string}\"},\"query-input\":{\"@type\":\"PropertyValueSpecification\",\"valueRequired\":true,\"valueName\":\"search_term_string\"}}],\"inLanguage\":\"en-US\"},{\"@type\":\"Organization\",\"@id\":\"https:\\\/\\\/www.comprarmejor.es\\\/en\\\/#organization\",\"name\":\"COMPRAR MEJOR\",\"url\":\"https:\\\/\\\/www.comprarmejor.es\\\/en\\\/\",\"logo\":{\"@type\":\"ImageObject\",\"inLanguage\":\"en-US\",\"@id\":\"https:\\\/\\\/www.comprarmejor.es\\\/en\\\/#\\\/schema\\\/logo\\\/image\\\/\",\"url\":\"https:\\\/\\\/www.comprarmejor.es\\\/wp-content\\\/uploads\\\/2025\\\/09\\\/comprarmejortrinidad.jpg\",\"contentUrl\":\"https:\\\/\\\/www.comprarmejor.es\\\/wp-content\\\/uploads\\\/2025\\\/09\\\/comprarmejortrinidad.jpg\",\"width\":1022,\"height\":1380,\"caption\":\"COMPRAR MEJOR\"},\"image\":{\"@id\":\"https:\\\/\\\/www.comprarmejor.es\\\/en\\\/#\\\/schema\\\/logo\\\/image\\\/\"},\"sameAs\":[\"https:\\\/\\\/www.instagram.com\\\/amigosdelcodice\"]}]}<\/script>\n<!-- \/ Yoast SEO plugin. -->","yoast_head_json":{"title":"Isabel of Spain. William Thomas Walsh. 1938","description":"Biography of Queen Isabel the Catholic, conducted by the Spanish scholar William Thomas Walsh and published in Santander in 1938.","robots":{"index":"index","follow":"follow","max-snippet":"max-snippet:-1","max-image-preview":"max-image-preview:large","max-video-preview":"max-video-preview:-1"},"canonical":"https:\/\/www.comprarmejor.es\/en\/product\/isabel-of-spain-william-thomas-walsh-1938\/","og_locale":"en_US","og_type":"article","og_title":"Isabel of Spain. William Thomas Walsh. 1938","og_description":"Biography of Queen Isabel the Catholic, conducted by the Spanish scholar William Thomas Walsh and published in Santander in 1938.","og_url":"https:\/\/www.comprarmejor.es\/en\/product\/isabel-of-spain-william-thomas-walsh-1938\/","og_site_name":"ComprarMejor","article_modified_time":"2019-09-15T08:50:35+00:00","og_image":[{"width":495,"height":597,"url":"https:\/\/www.comprarmejor.es\/wp-content\/uploads\/2016\/03\/p_6_2_1_1_6211-Isabel-de-Espana.-William-Thomas-Walsh.-1938.jpg","type":"image\/jpeg"}],"twitter_card":"summary_large_image","twitter_misc":{"Est. reading time":"1 minute"},"schema":{"@context":"https:\/\/schema.org","@graph":[{"@type":"WebPage","@id":"https:\/\/www.comprarmejor.es\/en\/product\/isabel-of-spain-william-thomas-walsh-1938\/","url":"https:\/\/www.comprarmejor.es\/en\/product\/isabel-of-spain-william-thomas-walsh-1938\/","name":"Isabel of Spain. William Thomas Walsh. 1938","isPartOf":{"@id":"https:\/\/www.comprarmejor.es\/en\/#website"},"primaryImageOfPage":{"@id":"https:\/\/www.comprarmejor.es\/en\/product\/isabel-of-spain-william-thomas-walsh-1938\/#primaryimage"},"image":{"@id":"https:\/\/www.comprarmejor.es\/en\/product\/isabel-of-spain-william-thomas-walsh-1938\/#primaryimage"},"thumbnailUrl":"https:\/\/www.comprarmejor.es\/wp-content\/uploads\/2016\/03\/p_6_2_1_1_6211-Isabel-de-Espana.-William-Thomas-Walsh.-1938.jpg","datePublished":"2016-03-21T16:46:50+00:00","dateModified":"2019-09-15T08:50:35+00:00","description":"Biography of Queen Isabel the Catholic, conducted by the Spanish scholar William Thomas Walsh and published in Santander in 1938.","breadcrumb":{"@id":"https:\/\/www.comprarmejor.es\/en\/product\/isabel-of-spain-william-thomas-walsh-1938\/#breadcrumb"},"inLanguage":"en-US","potentialAction":[{"@type":"ReadAction","target":["https:\/\/www.comprarmejor.es\/en\/product\/isabel-of-spain-william-thomas-walsh-1938\/"]}]},{"@type":"ImageObject","inLanguage":"en-US","@id":"https:\/\/www.comprarmejor.es\/en\/product\/isabel-of-spain-william-thomas-walsh-1938\/#primaryimage","url":"https:\/\/www.comprarmejor.es\/wp-content\/uploads\/2016\/03\/p_6_2_1_1_6211-Isabel-de-Espana.-William-Thomas-Walsh.-1938.jpg","contentUrl":"https:\/\/www.comprarmejor.es\/wp-content\/uploads\/2016\/03\/p_6_2_1_1_6211-Isabel-de-Espana.-William-Thomas-Walsh.-1938.jpg","width":495,"height":597},{"@type":"BreadcrumbList","@id":"https:\/\/www.comprarmejor.es\/en\/product\/isabel-of-spain-william-thomas-walsh-1938\/#breadcrumb","itemListElement":[{"@type":"ListItem","position":1,"name":"Portada","item":"https:\/\/www.comprarmejor.es\/en\/"},{"@type":"ListItem","position":2,"name":"Shop","item":"https:\/\/www.comprarmejor.es\/en\/shop\/"},{"@type":"ListItem","position":3,"name":"Isabel of Spain. William Thomas Walsh. 1938"}]},{"@type":"WebSite","@id":"https:\/\/www.comprarmejor.es\/en\/#website","url":"https:\/\/www.comprarmejor.es\/en\/","name":"ComprarMejor","description":"ComprarMejor","publisher":{"@id":"https:\/\/www.comprarmejor.es\/en\/#organization"},"potentialAction":[{"@type":"SearchAction","target":{"@type":"EntryPoint","urlTemplate":"https:\/\/www.comprarmejor.es\/en\/?s={search_term_string}"},"query-input":{"@type":"PropertyValueSpecification","valueRequired":true,"valueName":"search_term_string"}}],"inLanguage":"en-US"},{"@type":"Organization","@id":"https:\/\/www.comprarmejor.es\/en\/#organization","name":"COMPRAR MEJOR","url":"https:\/\/www.comprarmejor.es\/en\/","logo":{"@type":"ImageObject","inLanguage":"en-US","@id":"https:\/\/www.comprarmejor.es\/en\/#\/schema\/logo\/image\/","url":"https:\/\/www.comprarmejor.es\/wp-content\/uploads\/2025\/09\/comprarmejortrinidad.jpg","contentUrl":"https:\/\/www.comprarmejor.es\/wp-content\/uploads\/2025\/09\/comprarmejortrinidad.jpg","width":1022,"height":1380,"caption":"COMPRAR MEJOR"},"image":{"@id":"https:\/\/www.comprarmejor.es\/en\/#\/schema\/logo\/image\/"},"sameAs":["https:\/\/www.instagram.com\/amigosdelcodice"]}]}},"_links":{"self":[{"href":"https:\/\/www.comprarmejor.es\/en\/wp-json\/wp\/v2\/product\/53405","targetHints":{"allow":["GET"]}}],"collection":[{"href":"https:\/\/www.comprarmejor.es\/en\/wp-json\/wp\/v2\/product"}],"about":[{"href":"https:\/\/www.comprarmejor.es\/en\/wp-json\/wp\/v2\/types\/product"}],"wp:featuredmedia":[{"embeddable":true,"href":"https:\/\/www.comprarmejor.es\/en\/wp-json\/wp\/v2\/media\/53393"}],"wp:attachment":[{"href":"https:\/\/www.comprarmejor.es\/en\/wp-json\/wp\/v2\/media?parent=53405"}],"wp:term":[{"taxonomy":"product_brand","embeddable":true,"href":"https:\/\/www.comprarmejor.es\/en\/wp-json\/wp\/v2\/product_brand?post=53405"},{"taxonomy":"product_cat","embeddable":true,"href":"https:\/\/www.comprarmejor.es\/en\/wp-json\/wp\/v2\/product_cat?post=53405"},{"taxonomy":"product_tag","embeddable":true,"href":"https:\/\/www.comprarmejor.es\/en\/wp-json\/wp\/v2\/product_tag?post=53405"}],"curies":[{"name":"wp","href":"https:\/\/api.w.org\/{rel}","templated":true}]}}