{"id":53463,"date":"2016-03-22T17:08:01","date_gmt":"2016-03-22T16:08:01","guid":{"rendered":"https:\/\/www.comprarmejor.es\/producto\/book-study-bodmer-viii-papyrus-epistles-of-st-peter-s-iii-and-iv\/"},"modified":"2019-09-15T11:54:50","modified_gmt":"2019-09-15T09:54:50","slug":"book-study-bodmer-viii-papyrus-epistles-of-st-peter-s-iii-and-iv","status":"publish","type":"product","link":"https:\/\/www.comprarmejor.es\/en\/product\/book-study-bodmer-viii-papyrus-epistles-of-st-peter-s-iii-and-iv\/","title":{"rendered":"Book study Bodmer VIII Papyrus, Epistles of St. Peter, s. III and IV"},"content":{"rendered":"<p style=\"text-align:justify;\"><span id=\"result_box\" lang=\"en\" xml:lang=\"en\"><span title=\"Muchos de estos art\u00edculos s\u00f3lo se podr\u00e1n vender a mayores de edad y con la consideraci\u00f3n de art\u00edculos de ornato y de coleccionismo.\"><span lang=\"en\" xml:lang=\"en\"><span title=\"Beati Petri Apostoli Epistulae.\">Beati Petri Apostoli Epistulae. <\/span><span title=\"Ex Papyro Bodmeriana VIII.\">Ex Papyro Bodmeriana VIII. <\/span><span title=\"Transcripci\u00f3n y traducci\u00f3n al espa\u00f1ol.\">Spanish transcription and translation.<\/p>\n<p><\/span><span title=\"Libro estudio de la edici\u00f3n facs\u00edmile (que tambi\u00e9n tenemos a la venta) del conocido como Papiro Bodmer VIII, la parte que contiene las Ep\u00edstolas de San Pedro, y cuyo original se conserva actualmente en la Biblioteca Apost\u00f3lica Vaticana.\">Book study of the facsimile edition (which also we sell) known as the Bodmer Papyrus VIII, the part containing the Epistles of St. Peter, whose original is now preserved in the Vatican Library.<\/p>\n<p><\/span><span title=\"El c\u00f3dice, de forma casi cuadrada, est\u00e1 bien conservado por lo general.\">The codex, almost square, is well preserved generally. <\/span><span title=\"En muchos casos, los m\u00e1rgenes de los folios parecen que est\u00e1n \u00edntegros, lo cual permite calcular las dimensiones originales del c\u00f3dice con bastante aproximaci\u00f3n en unos 16 x 14,5 cm.\">In many cases, the margins of the pages look like they are complete, which allows to calculate the original dimensions of the codex quite closely at about 16 x 14.5 cm. <\/span><span title=\"Fue escrito por varias manos, probablemente cuatro, que se cree se han ido sucediendo entre el inicio del siglo III y la primera mitad del IV despu\u00e9s de Cristo.\">It was written by several hands, probably four, believed to have been happening from the beginning of the third century and the first half of IV after Christ. <\/span><span title=\"La reuni\u00f3n de las varias partes que lo compon\u00edan se debe haber producido en el transcurso del siglo IV.\">The meeting of the various parts composing it must have occurred during the fourth century.<\/p>\n<p><\/span><span title=\"Los folios que constituyen el Papiro Bodmer VIII fueron donados al papa Pablo VI por el coleccionista suizo Mart\u00edn Bodmer en junio de 1969 y mantienen en la Biblioteca Apost\u00f3lica Vaticana la signatura original.\">The pages that make up the Papyrus Bodmer VIII was donated to Pope Paul VI by the Swiss collector Martin Bodmer in June 1969 and kept in the Vatican Library the original document. <\/span><span title=\"Actualmente se conservan desencuadernados, protegidos cada bifolio, como es costumbre, por unas l\u00e1minas protectoras transparentes, mientras que la encuadernaci\u00f3n con que ingres\u00f3 en la Biblioteca Vaticana ha sido incorporada al fondo Encuadernaciones.\">Currently unbound they preserved, protected each bifolio, as usual, by a transparent protective film, while the binder that entered the Vatican Library has been incorporated into the background Encuadernaciones.<\/p>\n<p><\/span><span title=\"Esta espl\u00e9ndida edici\u00f3n facs\u00edmile se realiz\u00f3 por la Biblioteca Vaticana y en coedici\u00f3n con la editorial espa\u00f1ola Testimonio, para conmemorar el 25\u00ba aniversario del Pontificado de San Juan Pablo II.\">This splendid facsimile edition was made by the Vatican Library and published jointly with the Spanish publishing Testimony, to mark the 25th anniversary of the Pontificate of John Paul II.<\/p>\n<p><\/span><span title=\"En este art\u00edculo ofrecemos \u00fanicamente el libro estudio, NO el facs\u00edmile.\">In this article we offer only the book study, NO facsimile. <\/span><span title=\"Libro estudio editado en 2003, encuadernado en tapa dura acolchada e ilustrada, formato 17,5 x 19 cm.\">Book study published in 2003, bound in hard cover padded and illustrated, format 17.5 x 19 cm. <\/span><span title=\"142 p\u00e1ginas.\">142 pages. <\/span><span title=\"Interviene en el mismo el entonces Cardenal Joseph Aloisius Ratzinger, quien luego ser\u00eda nombrado Papa Benedicto XVI.\">Involved in it then Cardinal Joseph Aloisius Ratzinger, who later would be named Pope Benedict XVI.<\/p>\n<p><\/span><span title=\"Ejemplar en perfecto estado, nuevo.\">Original in perfect condition, new.<\/span><\/span><\/p>\n<p><\/span><span title=\"Gastos de env\u00edo por cuenta del comprador, seg\u00fan pedido y destino.\">Shipping by the buyer, upon request and destination.\u00a0<\/span><span title=\"Cons\u00faltenos cualquier duda, as\u00ed como por cualquier otro producto de la marca ALBAINOX.\"><a class=\"btn btn-default\" href=\"http:\/\/comprarmejor.es\/en\/contact\">Ask us<\/a> <span lang=\"en\" xml:lang=\"en\"><span title=\"Cons\u00faltenos sin compromiso cualquier duda, as\u00ed como por cualquier otro facs\u00edmile o art\u00edculo que est\u00e9 buscando.\">without obligation any questions, as well as facsimile or any other item that is looking for.<\/span><\/span><br \/><\/span><\/span><\/p>\n","protected":false},"excerpt":{"rendered":"<p><span id=\"result_box\" lang=\"en\" xml:lang=\"en\"><span title=\"Hermosa katana de la marca TOLE10, fabricada con la mejor calidad en Albacete (Espa\u00f1a) por ALBAINOX.\"><span lang=\"en\" xml:lang=\"en\"><span title=\"Beati Petri Apostoli Epistulae.\">Beati Petri Apostoli Epistulae. <\/span><span title=\"Ex Papyro Bodmeriana VIII.\">Ex Papyro Bodmeriana VIII. <\/span><span title=\"Transcripci\u00f3n y traducci\u00f3n al espa\u00f1ol.\">Spanish transcription and translation.<\/span><\/span><\/span><\/span><\/p>\n","protected":false},"featured_media":53457,"template":"","meta":[],"product_brand":[],"product_cat":[2188,2246],"product_tag":[4394,3999],"class_list":{"0":"post-53463","1":"product","2":"type-product","3":"status-publish","4":"has-post-thumbnail","6":"product_cat-books","7":"product_cat-study-books","8":"product_tag-bodmer-en","9":"product_tag-testimonio-en","10":"product_shipping_class-from-0-to-1-kg","11":"description-off","13":"first","14":"instock","15":"taxable","16":"shipping-taxable","17":"purchasable","18":"product-type-simple"},"yoast_head":"<!-- This site is optimized with the Yoast SEO plugin v27.3 - https:\/\/yoast.com\/product\/yoast-seo-wordpress\/ -->\n<title>Book study Bodmer VIII Papyrus, Epistles of St. Peter, s. III and IV<\/title>\n<meta name=\"description\" content=\"Beati Petri Apostoli Epistulae. Ex Papyro Bodmeriana VIII. Spanish transcription and translation.\" \/>\n<meta name=\"robots\" content=\"index, follow, max-snippet:-1, max-image-preview:large, max-video-preview:-1\" \/>\n<link rel=\"canonical\" href=\"https:\/\/www.comprarmejor.es\/en\/product\/book-study-bodmer-viii-papyrus-epistles-of-st-peter-s-iii-and-iv\/\" \/>\n<meta property=\"og:locale\" content=\"en_US\" \/>\n<meta property=\"og:type\" content=\"article\" \/>\n<meta property=\"og:title\" content=\"Book study Bodmer VIII Papyrus, Epistles of St. Peter, s. III and IV\" \/>\n<meta property=\"og:description\" content=\"Beati Petri Apostoli Epistulae. Ex Papyro Bodmeriana VIII. Spanish transcription and translation.\" \/>\n<meta property=\"og:url\" content=\"https:\/\/www.comprarmejor.es\/en\/product\/book-study-bodmer-viii-papyrus-epistles-of-st-peter-s-iii-and-iv\/\" \/>\n<meta property=\"og:site_name\" content=\"ComprarMejor\" \/>\n<meta property=\"article:modified_time\" content=\"2019-09-15T09:54:50+00:00\" \/>\n<meta property=\"og:image\" content=\"https:\/\/www.comprarmejor.es\/wp-content\/uploads\/2016\/03\/p_7_1_0_7_7107-Libro-estudio-del-Papiro-Bodmer-VIII-Epistolas-de-San-Pedro-s.-III-y-IV.jpg\" \/>\n\t<meta property=\"og:image:width\" content=\"559\" \/>\n\t<meta property=\"og:image:height\" content=\"600\" \/>\n\t<meta property=\"og:image:type\" content=\"image\/jpeg\" \/>\n<meta name=\"twitter:card\" content=\"summary_large_image\" \/>\n<meta name=\"twitter:label1\" content=\"Est. reading time\" \/>\n\t<meta name=\"twitter:data1\" content=\"1 minute\" \/>\n<script type=\"application\/ld+json\" class=\"yoast-schema-graph\">{\"@context\":\"https:\\\/\\\/schema.org\",\"@graph\":[{\"@type\":\"WebPage\",\"@id\":\"https:\\\/\\\/www.comprarmejor.es\\\/en\\\/product\\\/book-study-bodmer-viii-papyrus-epistles-of-st-peter-s-iii-and-iv\\\/\",\"url\":\"https:\\\/\\\/www.comprarmejor.es\\\/en\\\/product\\\/book-study-bodmer-viii-papyrus-epistles-of-st-peter-s-iii-and-iv\\\/\",\"name\":\"Book study Bodmer VIII Papyrus, Epistles of St. Peter, s. III and IV\",\"isPartOf\":{\"@id\":\"https:\\\/\\\/www.comprarmejor.es\\\/en\\\/#website\"},\"primaryImageOfPage\":{\"@id\":\"https:\\\/\\\/www.comprarmejor.es\\\/en\\\/product\\\/book-study-bodmer-viii-papyrus-epistles-of-st-peter-s-iii-and-iv\\\/#primaryimage\"},\"image\":{\"@id\":\"https:\\\/\\\/www.comprarmejor.es\\\/en\\\/product\\\/book-study-bodmer-viii-papyrus-epistles-of-st-peter-s-iii-and-iv\\\/#primaryimage\"},\"thumbnailUrl\":\"https:\\\/\\\/www.comprarmejor.es\\\/wp-content\\\/uploads\\\/2016\\\/03\\\/p_7_1_0_7_7107-Libro-estudio-del-Papiro-Bodmer-VIII-Epistolas-de-San-Pedro-s.-III-y-IV.jpg\",\"datePublished\":\"2016-03-22T16:08:01+00:00\",\"dateModified\":\"2019-09-15T09:54:50+00:00\",\"description\":\"Beati Petri Apostoli Epistulae. Ex Papyro Bodmeriana VIII. Spanish transcription and translation.\",\"breadcrumb\":{\"@id\":\"https:\\\/\\\/www.comprarmejor.es\\\/en\\\/product\\\/book-study-bodmer-viii-papyrus-epistles-of-st-peter-s-iii-and-iv\\\/#breadcrumb\"},\"inLanguage\":\"en-US\",\"potentialAction\":[{\"@type\":\"ReadAction\",\"target\":[\"https:\\\/\\\/www.comprarmejor.es\\\/en\\\/product\\\/book-study-bodmer-viii-papyrus-epistles-of-st-peter-s-iii-and-iv\\\/\"]}]},{\"@type\":\"ImageObject\",\"inLanguage\":\"en-US\",\"@id\":\"https:\\\/\\\/www.comprarmejor.es\\\/en\\\/product\\\/book-study-bodmer-viii-papyrus-epistles-of-st-peter-s-iii-and-iv\\\/#primaryimage\",\"url\":\"https:\\\/\\\/www.comprarmejor.es\\\/wp-content\\\/uploads\\\/2016\\\/03\\\/p_7_1_0_7_7107-Libro-estudio-del-Papiro-Bodmer-VIII-Epistolas-de-San-Pedro-s.-III-y-IV.jpg\",\"contentUrl\":\"https:\\\/\\\/www.comprarmejor.es\\\/wp-content\\\/uploads\\\/2016\\\/03\\\/p_7_1_0_7_7107-Libro-estudio-del-Papiro-Bodmer-VIII-Epistolas-de-San-Pedro-s.-III-y-IV.jpg\",\"width\":559,\"height\":600},{\"@type\":\"BreadcrumbList\",\"@id\":\"https:\\\/\\\/www.comprarmejor.es\\\/en\\\/product\\\/book-study-bodmer-viii-papyrus-epistles-of-st-peter-s-iii-and-iv\\\/#breadcrumb\",\"itemListElement\":[{\"@type\":\"ListItem\",\"position\":1,\"name\":\"Portada\",\"item\":\"https:\\\/\\\/www.comprarmejor.es\\\/en\\\/\"},{\"@type\":\"ListItem\",\"position\":2,\"name\":\"Shop\",\"item\":\"https:\\\/\\\/www.comprarmejor.es\\\/en\\\/shop\\\/\"},{\"@type\":\"ListItem\",\"position\":3,\"name\":\"Book study Bodmer VIII Papyrus, Epistles of St. Peter, s. III and IV\"}]},{\"@type\":\"WebSite\",\"@id\":\"https:\\\/\\\/www.comprarmejor.es\\\/en\\\/#website\",\"url\":\"https:\\\/\\\/www.comprarmejor.es\\\/en\\\/\",\"name\":\"ComprarMejor\",\"description\":\"ComprarMejor\",\"publisher\":{\"@id\":\"https:\\\/\\\/www.comprarmejor.es\\\/en\\\/#organization\"},\"potentialAction\":[{\"@type\":\"SearchAction\",\"target\":{\"@type\":\"EntryPoint\",\"urlTemplate\":\"https:\\\/\\\/www.comprarmejor.es\\\/en\\\/?s={search_term_string}\"},\"query-input\":{\"@type\":\"PropertyValueSpecification\",\"valueRequired\":true,\"valueName\":\"search_term_string\"}}],\"inLanguage\":\"en-US\"},{\"@type\":\"Organization\",\"@id\":\"https:\\\/\\\/www.comprarmejor.es\\\/en\\\/#organization\",\"name\":\"COMPRAR MEJOR\",\"url\":\"https:\\\/\\\/www.comprarmejor.es\\\/en\\\/\",\"logo\":{\"@type\":\"ImageObject\",\"inLanguage\":\"en-US\",\"@id\":\"https:\\\/\\\/www.comprarmejor.es\\\/en\\\/#\\\/schema\\\/logo\\\/image\\\/\",\"url\":\"https:\\\/\\\/www.comprarmejor.es\\\/wp-content\\\/uploads\\\/2025\\\/09\\\/comprarmejortrinidad.jpg\",\"contentUrl\":\"https:\\\/\\\/www.comprarmejor.es\\\/wp-content\\\/uploads\\\/2025\\\/09\\\/comprarmejortrinidad.jpg\",\"width\":1022,\"height\":1380,\"caption\":\"COMPRAR MEJOR\"},\"image\":{\"@id\":\"https:\\\/\\\/www.comprarmejor.es\\\/en\\\/#\\\/schema\\\/logo\\\/image\\\/\"},\"sameAs\":[\"https:\\\/\\\/www.instagram.com\\\/amigosdelcodice\"]}]}<\/script>\n<!-- \/ Yoast SEO plugin. -->","yoast_head_json":{"title":"Book study Bodmer VIII Papyrus, Epistles of St. Peter, s. III and IV","description":"Beati Petri Apostoli Epistulae. Ex Papyro Bodmeriana VIII. Spanish transcription and translation.","robots":{"index":"index","follow":"follow","max-snippet":"max-snippet:-1","max-image-preview":"max-image-preview:large","max-video-preview":"max-video-preview:-1"},"canonical":"https:\/\/www.comprarmejor.es\/en\/product\/book-study-bodmer-viii-papyrus-epistles-of-st-peter-s-iii-and-iv\/","og_locale":"en_US","og_type":"article","og_title":"Book study Bodmer VIII Papyrus, Epistles of St. Peter, s. III and IV","og_description":"Beati Petri Apostoli Epistulae. Ex Papyro Bodmeriana VIII. Spanish transcription and translation.","og_url":"https:\/\/www.comprarmejor.es\/en\/product\/book-study-bodmer-viii-papyrus-epistles-of-st-peter-s-iii-and-iv\/","og_site_name":"ComprarMejor","article_modified_time":"2019-09-15T09:54:50+00:00","og_image":[{"width":559,"height":600,"url":"https:\/\/www.comprarmejor.es\/wp-content\/uploads\/2016\/03\/p_7_1_0_7_7107-Libro-estudio-del-Papiro-Bodmer-VIII-Epistolas-de-San-Pedro-s.-III-y-IV.jpg","type":"image\/jpeg"}],"twitter_card":"summary_large_image","twitter_misc":{"Est. reading time":"1 minute"},"schema":{"@context":"https:\/\/schema.org","@graph":[{"@type":"WebPage","@id":"https:\/\/www.comprarmejor.es\/en\/product\/book-study-bodmer-viii-papyrus-epistles-of-st-peter-s-iii-and-iv\/","url":"https:\/\/www.comprarmejor.es\/en\/product\/book-study-bodmer-viii-papyrus-epistles-of-st-peter-s-iii-and-iv\/","name":"Book study Bodmer VIII Papyrus, Epistles of St. Peter, s. III and IV","isPartOf":{"@id":"https:\/\/www.comprarmejor.es\/en\/#website"},"primaryImageOfPage":{"@id":"https:\/\/www.comprarmejor.es\/en\/product\/book-study-bodmer-viii-papyrus-epistles-of-st-peter-s-iii-and-iv\/#primaryimage"},"image":{"@id":"https:\/\/www.comprarmejor.es\/en\/product\/book-study-bodmer-viii-papyrus-epistles-of-st-peter-s-iii-and-iv\/#primaryimage"},"thumbnailUrl":"https:\/\/www.comprarmejor.es\/wp-content\/uploads\/2016\/03\/p_7_1_0_7_7107-Libro-estudio-del-Papiro-Bodmer-VIII-Epistolas-de-San-Pedro-s.-III-y-IV.jpg","datePublished":"2016-03-22T16:08:01+00:00","dateModified":"2019-09-15T09:54:50+00:00","description":"Beati Petri Apostoli Epistulae. Ex Papyro Bodmeriana VIII. Spanish transcription and translation.","breadcrumb":{"@id":"https:\/\/www.comprarmejor.es\/en\/product\/book-study-bodmer-viii-papyrus-epistles-of-st-peter-s-iii-and-iv\/#breadcrumb"},"inLanguage":"en-US","potentialAction":[{"@type":"ReadAction","target":["https:\/\/www.comprarmejor.es\/en\/product\/book-study-bodmer-viii-papyrus-epistles-of-st-peter-s-iii-and-iv\/"]}]},{"@type":"ImageObject","inLanguage":"en-US","@id":"https:\/\/www.comprarmejor.es\/en\/product\/book-study-bodmer-viii-papyrus-epistles-of-st-peter-s-iii-and-iv\/#primaryimage","url":"https:\/\/www.comprarmejor.es\/wp-content\/uploads\/2016\/03\/p_7_1_0_7_7107-Libro-estudio-del-Papiro-Bodmer-VIII-Epistolas-de-San-Pedro-s.-III-y-IV.jpg","contentUrl":"https:\/\/www.comprarmejor.es\/wp-content\/uploads\/2016\/03\/p_7_1_0_7_7107-Libro-estudio-del-Papiro-Bodmer-VIII-Epistolas-de-San-Pedro-s.-III-y-IV.jpg","width":559,"height":600},{"@type":"BreadcrumbList","@id":"https:\/\/www.comprarmejor.es\/en\/product\/book-study-bodmer-viii-papyrus-epistles-of-st-peter-s-iii-and-iv\/#breadcrumb","itemListElement":[{"@type":"ListItem","position":1,"name":"Portada","item":"https:\/\/www.comprarmejor.es\/en\/"},{"@type":"ListItem","position":2,"name":"Shop","item":"https:\/\/www.comprarmejor.es\/en\/shop\/"},{"@type":"ListItem","position":3,"name":"Book study Bodmer VIII Papyrus, Epistles of St. Peter, s. III and IV"}]},{"@type":"WebSite","@id":"https:\/\/www.comprarmejor.es\/en\/#website","url":"https:\/\/www.comprarmejor.es\/en\/","name":"ComprarMejor","description":"ComprarMejor","publisher":{"@id":"https:\/\/www.comprarmejor.es\/en\/#organization"},"potentialAction":[{"@type":"SearchAction","target":{"@type":"EntryPoint","urlTemplate":"https:\/\/www.comprarmejor.es\/en\/?s={search_term_string}"},"query-input":{"@type":"PropertyValueSpecification","valueRequired":true,"valueName":"search_term_string"}}],"inLanguage":"en-US"},{"@type":"Organization","@id":"https:\/\/www.comprarmejor.es\/en\/#organization","name":"COMPRAR MEJOR","url":"https:\/\/www.comprarmejor.es\/en\/","logo":{"@type":"ImageObject","inLanguage":"en-US","@id":"https:\/\/www.comprarmejor.es\/en\/#\/schema\/logo\/image\/","url":"https:\/\/www.comprarmejor.es\/wp-content\/uploads\/2025\/09\/comprarmejortrinidad.jpg","contentUrl":"https:\/\/www.comprarmejor.es\/wp-content\/uploads\/2025\/09\/comprarmejortrinidad.jpg","width":1022,"height":1380,"caption":"COMPRAR MEJOR"},"image":{"@id":"https:\/\/www.comprarmejor.es\/en\/#\/schema\/logo\/image\/"},"sameAs":["https:\/\/www.instagram.com\/amigosdelcodice"]}]}},"_links":{"self":[{"href":"https:\/\/www.comprarmejor.es\/en\/wp-json\/wp\/v2\/product\/53463","targetHints":{"allow":["GET"]}}],"collection":[{"href":"https:\/\/www.comprarmejor.es\/en\/wp-json\/wp\/v2\/product"}],"about":[{"href":"https:\/\/www.comprarmejor.es\/en\/wp-json\/wp\/v2\/types\/product"}],"wp:featuredmedia":[{"embeddable":true,"href":"https:\/\/www.comprarmejor.es\/en\/wp-json\/wp\/v2\/media\/53457"}],"wp:attachment":[{"href":"https:\/\/www.comprarmejor.es\/en\/wp-json\/wp\/v2\/media?parent=53463"}],"wp:term":[{"taxonomy":"product_brand","embeddable":true,"href":"https:\/\/www.comprarmejor.es\/en\/wp-json\/wp\/v2\/product_brand?post=53463"},{"taxonomy":"product_cat","embeddable":true,"href":"https:\/\/www.comprarmejor.es\/en\/wp-json\/wp\/v2\/product_cat?post=53463"},{"taxonomy":"product_tag","embeddable":true,"href":"https:\/\/www.comprarmejor.es\/en\/wp-json\/wp\/v2\/product_tag?post=53463"}],"curies":[{"name":"wp","href":"https:\/\/api.w.org\/{rel}","templated":true}]}}