{"id":53491,"date":"2016-04-04T18:42:52","date_gmt":"2016-04-04T16:42:52","guid":{"rendered":"https:\/\/www.comprarmejor.es\/producto\/diccionario-enciclopedico-basico-salvat-uno-1985\/"},"modified":"2020-05-06T22:35:38","modified_gmt":"2020-05-06T20:35:38","slug":"diccionario-enciclopedico-basico-salvat-uno-1985","status":"publish","type":"product","link":"https:\/\/www.comprarmejor.es\/en\/product\/diccionario-enciclopedico-basico-salvat-uno-1985\/","title":{"rendered":"Diccionario Enciclopedico Basico Salvat Uno, 1985"},"content":{"rendered":"<p style=\"text-align: justify;\"><span id=\"result_box\" lang=\"en\" xml:lang=\"en\"><span title=\"En nuestra vida diaria nos encontramos con multitud de asuntos que hemos de resolver con rapidez.\">In our daily life we \u200b\u200bfind many issues we have to resolve quickly. <\/span><span title=\"Aqu\u00ed nos falta una cifra, all\u00ed un nombre, ahora una fecha, m\u00e1s tarde un dato o una definici\u00f3n.\">Here we need a figure, there a name, a date now, later a fact or a definition. <\/span><span title=\"Recurrimos, por tanto, a los diccionarios.\">We resorted therefore to dictionaries. <\/span><span title=\"Pero los propiamente l\u00e9xicos s\u00f3lo nos solucionan problemas de expresi\u00f3n, de lenguaje.\">But the actual lexicons only solve us problems of speech, language. <\/span><span title=\"Los enciclop\u00e9dicos, en varios tomos, nos obligan a una consulta m\u00e1s demorada, m\u00e1s compleja.\">Encyclopedic, in several volumes, make us a more delayed consultation, more complex. <\/span><span title=\"Para resolver las cuestiones inmediatas, es preferible acudir a un instrumento de trabajo c\u00f3modo (y nada m\u00e1s c\u00f3modo que un libro), donde podamos hallar, de forma muy sint\u00e9tica, aquella informaci\u00f3n de urgencia que precisamos.\">To address the immediate issues, it is best to go to a comfortable working instrument (and nothing more comfortable than a book), where we can find, very briefly, that we need urgent information.<\/span><\/span><\/p>\n<p style=\"text-align: justify;\"><span title=\"Este Diccionario Enciclop\u00e9dico B\u00e1sico Salvat Uno ha sido concebido para auxiliarle y solucionarle las dudas urgentes.\">This Encyclopedic Dictionary Salvat One Basic is designed to assist him and solve you urgent questions. <\/span><span title=\"Es un libro que puede colocarse f\u00e1cilmente sobre la mesa de un despacho, en el anaquel del estudiante, en la biblioteca del t\u00e9cnico o del hombre del campo.\">It is a book that can easily be placed on the table in an office, on the shelf student, library technician or field man. <\/span><span title=\"El Diccionario Enciclop\u00e9dico B\u00e1sico Salvat Uno es un gran tomo muy manejable de la A a la Z, profusamente ilustrado con im\u00e1genes, ilustraciones, mapas, estad\u00edsticas..., dispuesto a convertirse en el amigo que siempre le ofrecer\u00e1 la respuesta inmediata.\">Encyclopedic Dictionary Salvat One Basic is a great very manageable volume from A to Z, richly illustrated with images, illustrations, maps, statistics &#8230;, ready to become the friend who will always provide an immediate response.<\/span><\/p>\n<p style=\"text-align: justify;\"><span title=\"Si no puede recurrir a las nuevas tecnolog\u00edas, siempre tendr\u00e1 con Salvat Uno al mejor aliado: un libro.\">If you can not use new technologies, with Salvat One always you have the best ally: a book.<\/span><\/p>\n<p style=\"text-align: justify;\"><span title=\"Ejemplar correspondiente a la edici\u00f3n de 1985, y en perfecto estado.\">Copy for the edition of 1985, and in perfect condition. <\/span><span title=\"Volumen muy manejable a pesar de tener 1.514 p\u00e1ginas.\">volume very manageable despite having 1,514 pages.<\/span><\/p>\n<p style=\"text-align: justify;\"><span title=\"Gastos de env\u00edo por cuenta del comprador, seg\u00fan pedido y destino.\">Shipping by the buyer, upon request and destination.\u00a0<\/span><span title=\"Cons\u00faltenos cualquier duda, as\u00ed como por cualquier otro art\u00edculo que est\u00e9 buscando.\"><a class=\"btn btn-default\" href=\"http:\/\/comprarmejor.es\/en\/contact\">Ask us<\/a> any questions, as well as any other items you are seeking.<\/span><\/p>\n","protected":false},"excerpt":{"rendered":"<p style=\"text-align: justify;\"><span id=\"result_box\" lang=\"en\" xml:lang=\"en\"><span title=\"Este Diccionario Enciclop\u00e9dico B\u00e1sico Salvat Uno ha sido concebido para auxiliarle y solucionarle las dudas urgentes.\">This Encyclopedic Dictionary Salvat One Basic is designed to assist him and solve you urgent questions. <\/span><span title=\"Es un libro que puede colocarse f\u00e1cilmente sobre la mesa de un despacho, en el anaquel del estudiante, en la biblioteca del t\u00e9cnico o del hombre del campo.\">It is a book that can easily be placed on the table in an office, on the shelf student, library technician or field man.<\/span><\/span><\/p>\n","protected":false},"featured_media":53481,"template":"","meta":[],"product_brand":[],"product_cat":[2188,2256],"product_tag":[4386],"class_list":{"0":"post-53491","1":"product","2":"type-product","3":"status-publish","4":"has-post-thumbnail","6":"product_cat-books","7":"product_cat-books-in-general","8":"product_tag-salvat-en","9":"product_shipping_class-from-2-to-5-kg","10":"description-off","12":"first","13":"instock","14":"sale","15":"taxable","16":"shipping-taxable","17":"purchasable","18":"product-type-simple"},"yoast_head":"<!-- This site is optimized with the Yoast SEO plugin v27.3 - https:\/\/yoast.com\/product\/yoast-seo-wordpress\/ -->\n<title>Diccionario Enciclopedico Basico Salvat Uno, 1985<\/title>\n<meta name=\"description\" content=\"This Encyclopedic Dictionary Salvat One Basic is designed to assist him and solve you urgent questions. It is a book that can easily be placed on the table in\" \/>\n<meta name=\"robots\" content=\"index, follow, max-snippet:-1, max-image-preview:large, max-video-preview:-1\" \/>\n<link rel=\"canonical\" href=\"https:\/\/www.comprarmejor.es\/en\/product\/diccionario-enciclopedico-basico-salvat-uno-1985\/\" \/>\n<meta property=\"og:locale\" content=\"en_US\" \/>\n<meta property=\"og:type\" content=\"article\" \/>\n<meta property=\"og:title\" content=\"Diccionario Enciclopedico Basico Salvat Uno, 1985\" \/>\n<meta property=\"og:description\" content=\"This Encyclopedic Dictionary Salvat One Basic is designed to assist him and solve you urgent questions. It is a book that can easily be placed on the table in\" \/>\n<meta property=\"og:url\" content=\"https:\/\/www.comprarmejor.es\/en\/product\/diccionario-enciclopedico-basico-salvat-uno-1985\/\" \/>\n<meta property=\"og:site_name\" content=\"ComprarMejor\" \/>\n<meta property=\"article:modified_time\" content=\"2020-05-06T20:35:38+00:00\" \/>\n<meta property=\"og:image\" content=\"https:\/\/www.comprarmejor.es\/wp-content\/uploads\/2016\/04\/p_7_1_6_7_7167-Diccionario-Enciclopedico-Basico-Salvat-Uno-1985.jpg\" \/>\n\t<meta property=\"og:image:width\" content=\"198\" \/>\n\t<meta property=\"og:image:height\" content=\"600\" \/>\n\t<meta property=\"og:image:type\" content=\"image\/jpeg\" \/>\n<meta name=\"twitter:card\" content=\"summary_large_image\" \/>\n<meta name=\"twitter:label1\" content=\"Est. reading time\" \/>\n\t<meta name=\"twitter:data1\" content=\"1 minute\" \/>\n<script type=\"application\/ld+json\" class=\"yoast-schema-graph\">{\"@context\":\"https:\\\/\\\/schema.org\",\"@graph\":[{\"@type\":\"WebPage\",\"@id\":\"https:\\\/\\\/www.comprarmejor.es\\\/en\\\/product\\\/diccionario-enciclopedico-basico-salvat-uno-1985\\\/\",\"url\":\"https:\\\/\\\/www.comprarmejor.es\\\/en\\\/product\\\/diccionario-enciclopedico-basico-salvat-uno-1985\\\/\",\"name\":\"Diccionario Enciclopedico Basico Salvat Uno, 1985\",\"isPartOf\":{\"@id\":\"https:\\\/\\\/www.comprarmejor.es\\\/en\\\/#website\"},\"primaryImageOfPage\":{\"@id\":\"https:\\\/\\\/www.comprarmejor.es\\\/en\\\/product\\\/diccionario-enciclopedico-basico-salvat-uno-1985\\\/#primaryimage\"},\"image\":{\"@id\":\"https:\\\/\\\/www.comprarmejor.es\\\/en\\\/product\\\/diccionario-enciclopedico-basico-salvat-uno-1985\\\/#primaryimage\"},\"thumbnailUrl\":\"https:\\\/\\\/www.comprarmejor.es\\\/wp-content\\\/uploads\\\/2016\\\/04\\\/p_7_1_6_7_7167-Diccionario-Enciclopedico-Basico-Salvat-Uno-1985.jpg\",\"datePublished\":\"2016-04-04T16:42:52+00:00\",\"dateModified\":\"2020-05-06T20:35:38+00:00\",\"description\":\"This Encyclopedic Dictionary Salvat One Basic is designed to assist him and solve you urgent questions. It is a book that can easily be placed on the table in\",\"breadcrumb\":{\"@id\":\"https:\\\/\\\/www.comprarmejor.es\\\/en\\\/product\\\/diccionario-enciclopedico-basico-salvat-uno-1985\\\/#breadcrumb\"},\"inLanguage\":\"en-US\",\"potentialAction\":[{\"@type\":\"ReadAction\",\"target\":[\"https:\\\/\\\/www.comprarmejor.es\\\/en\\\/product\\\/diccionario-enciclopedico-basico-salvat-uno-1985\\\/\"]}]},{\"@type\":\"ImageObject\",\"inLanguage\":\"en-US\",\"@id\":\"https:\\\/\\\/www.comprarmejor.es\\\/en\\\/product\\\/diccionario-enciclopedico-basico-salvat-uno-1985\\\/#primaryimage\",\"url\":\"https:\\\/\\\/www.comprarmejor.es\\\/wp-content\\\/uploads\\\/2016\\\/04\\\/p_7_1_6_7_7167-Diccionario-Enciclopedico-Basico-Salvat-Uno-1985.jpg\",\"contentUrl\":\"https:\\\/\\\/www.comprarmejor.es\\\/wp-content\\\/uploads\\\/2016\\\/04\\\/p_7_1_6_7_7167-Diccionario-Enciclopedico-Basico-Salvat-Uno-1985.jpg\",\"width\":198,\"height\":600},{\"@type\":\"BreadcrumbList\",\"@id\":\"https:\\\/\\\/www.comprarmejor.es\\\/en\\\/product\\\/diccionario-enciclopedico-basico-salvat-uno-1985\\\/#breadcrumb\",\"itemListElement\":[{\"@type\":\"ListItem\",\"position\":1,\"name\":\"Portada\",\"item\":\"https:\\\/\\\/www.comprarmejor.es\\\/en\\\/\"},{\"@type\":\"ListItem\",\"position\":2,\"name\":\"Shop\",\"item\":\"https:\\\/\\\/www.comprarmejor.es\\\/en\\\/shop\\\/\"},{\"@type\":\"ListItem\",\"position\":3,\"name\":\"Diccionario Enciclopedico Basico Salvat Uno, 1985\"}]},{\"@type\":\"WebSite\",\"@id\":\"https:\\\/\\\/www.comprarmejor.es\\\/en\\\/#website\",\"url\":\"https:\\\/\\\/www.comprarmejor.es\\\/en\\\/\",\"name\":\"ComprarMejor\",\"description\":\"ComprarMejor\",\"publisher\":{\"@id\":\"https:\\\/\\\/www.comprarmejor.es\\\/en\\\/#organization\"},\"potentialAction\":[{\"@type\":\"SearchAction\",\"target\":{\"@type\":\"EntryPoint\",\"urlTemplate\":\"https:\\\/\\\/www.comprarmejor.es\\\/en\\\/?s={search_term_string}\"},\"query-input\":{\"@type\":\"PropertyValueSpecification\",\"valueRequired\":true,\"valueName\":\"search_term_string\"}}],\"inLanguage\":\"en-US\"},{\"@type\":\"Organization\",\"@id\":\"https:\\\/\\\/www.comprarmejor.es\\\/en\\\/#organization\",\"name\":\"COMPRAR MEJOR\",\"url\":\"https:\\\/\\\/www.comprarmejor.es\\\/en\\\/\",\"logo\":{\"@type\":\"ImageObject\",\"inLanguage\":\"en-US\",\"@id\":\"https:\\\/\\\/www.comprarmejor.es\\\/en\\\/#\\\/schema\\\/logo\\\/image\\\/\",\"url\":\"https:\\\/\\\/www.comprarmejor.es\\\/wp-content\\\/uploads\\\/2025\\\/09\\\/comprarmejortrinidad.jpg\",\"contentUrl\":\"https:\\\/\\\/www.comprarmejor.es\\\/wp-content\\\/uploads\\\/2025\\\/09\\\/comprarmejortrinidad.jpg\",\"width\":1022,\"height\":1380,\"caption\":\"COMPRAR MEJOR\"},\"image\":{\"@id\":\"https:\\\/\\\/www.comprarmejor.es\\\/en\\\/#\\\/schema\\\/logo\\\/image\\\/\"},\"sameAs\":[\"https:\\\/\\\/www.instagram.com\\\/amigosdelcodice\"]}]}<\/script>\n<!-- \/ Yoast SEO plugin. -->","yoast_head_json":{"title":"Diccionario Enciclopedico Basico Salvat Uno, 1985","description":"This Encyclopedic Dictionary Salvat One Basic is designed to assist him and solve you urgent questions. It is a book that can easily be placed on the table in","robots":{"index":"index","follow":"follow","max-snippet":"max-snippet:-1","max-image-preview":"max-image-preview:large","max-video-preview":"max-video-preview:-1"},"canonical":"https:\/\/www.comprarmejor.es\/en\/product\/diccionario-enciclopedico-basico-salvat-uno-1985\/","og_locale":"en_US","og_type":"article","og_title":"Diccionario Enciclopedico Basico Salvat Uno, 1985","og_description":"This Encyclopedic Dictionary Salvat One Basic is designed to assist him and solve you urgent questions. It is a book that can easily be placed on the table in","og_url":"https:\/\/www.comprarmejor.es\/en\/product\/diccionario-enciclopedico-basico-salvat-uno-1985\/","og_site_name":"ComprarMejor","article_modified_time":"2020-05-06T20:35:38+00:00","og_image":[{"width":198,"height":600,"url":"https:\/\/www.comprarmejor.es\/wp-content\/uploads\/2016\/04\/p_7_1_6_7_7167-Diccionario-Enciclopedico-Basico-Salvat-Uno-1985.jpg","type":"image\/jpeg"}],"twitter_card":"summary_large_image","twitter_misc":{"Est. reading time":"1 minute"},"schema":{"@context":"https:\/\/schema.org","@graph":[{"@type":"WebPage","@id":"https:\/\/www.comprarmejor.es\/en\/product\/diccionario-enciclopedico-basico-salvat-uno-1985\/","url":"https:\/\/www.comprarmejor.es\/en\/product\/diccionario-enciclopedico-basico-salvat-uno-1985\/","name":"Diccionario Enciclopedico Basico Salvat Uno, 1985","isPartOf":{"@id":"https:\/\/www.comprarmejor.es\/en\/#website"},"primaryImageOfPage":{"@id":"https:\/\/www.comprarmejor.es\/en\/product\/diccionario-enciclopedico-basico-salvat-uno-1985\/#primaryimage"},"image":{"@id":"https:\/\/www.comprarmejor.es\/en\/product\/diccionario-enciclopedico-basico-salvat-uno-1985\/#primaryimage"},"thumbnailUrl":"https:\/\/www.comprarmejor.es\/wp-content\/uploads\/2016\/04\/p_7_1_6_7_7167-Diccionario-Enciclopedico-Basico-Salvat-Uno-1985.jpg","datePublished":"2016-04-04T16:42:52+00:00","dateModified":"2020-05-06T20:35:38+00:00","description":"This Encyclopedic Dictionary Salvat One Basic is designed to assist him and solve you urgent questions. It is a book that can easily be placed on the table in","breadcrumb":{"@id":"https:\/\/www.comprarmejor.es\/en\/product\/diccionario-enciclopedico-basico-salvat-uno-1985\/#breadcrumb"},"inLanguage":"en-US","potentialAction":[{"@type":"ReadAction","target":["https:\/\/www.comprarmejor.es\/en\/product\/diccionario-enciclopedico-basico-salvat-uno-1985\/"]}]},{"@type":"ImageObject","inLanguage":"en-US","@id":"https:\/\/www.comprarmejor.es\/en\/product\/diccionario-enciclopedico-basico-salvat-uno-1985\/#primaryimage","url":"https:\/\/www.comprarmejor.es\/wp-content\/uploads\/2016\/04\/p_7_1_6_7_7167-Diccionario-Enciclopedico-Basico-Salvat-Uno-1985.jpg","contentUrl":"https:\/\/www.comprarmejor.es\/wp-content\/uploads\/2016\/04\/p_7_1_6_7_7167-Diccionario-Enciclopedico-Basico-Salvat-Uno-1985.jpg","width":198,"height":600},{"@type":"BreadcrumbList","@id":"https:\/\/www.comprarmejor.es\/en\/product\/diccionario-enciclopedico-basico-salvat-uno-1985\/#breadcrumb","itemListElement":[{"@type":"ListItem","position":1,"name":"Portada","item":"https:\/\/www.comprarmejor.es\/en\/"},{"@type":"ListItem","position":2,"name":"Shop","item":"https:\/\/www.comprarmejor.es\/en\/shop\/"},{"@type":"ListItem","position":3,"name":"Diccionario Enciclopedico Basico Salvat Uno, 1985"}]},{"@type":"WebSite","@id":"https:\/\/www.comprarmejor.es\/en\/#website","url":"https:\/\/www.comprarmejor.es\/en\/","name":"ComprarMejor","description":"ComprarMejor","publisher":{"@id":"https:\/\/www.comprarmejor.es\/en\/#organization"},"potentialAction":[{"@type":"SearchAction","target":{"@type":"EntryPoint","urlTemplate":"https:\/\/www.comprarmejor.es\/en\/?s={search_term_string}"},"query-input":{"@type":"PropertyValueSpecification","valueRequired":true,"valueName":"search_term_string"}}],"inLanguage":"en-US"},{"@type":"Organization","@id":"https:\/\/www.comprarmejor.es\/en\/#organization","name":"COMPRAR MEJOR","url":"https:\/\/www.comprarmejor.es\/en\/","logo":{"@type":"ImageObject","inLanguage":"en-US","@id":"https:\/\/www.comprarmejor.es\/en\/#\/schema\/logo\/image\/","url":"https:\/\/www.comprarmejor.es\/wp-content\/uploads\/2025\/09\/comprarmejortrinidad.jpg","contentUrl":"https:\/\/www.comprarmejor.es\/wp-content\/uploads\/2025\/09\/comprarmejortrinidad.jpg","width":1022,"height":1380,"caption":"COMPRAR MEJOR"},"image":{"@id":"https:\/\/www.comprarmejor.es\/en\/#\/schema\/logo\/image\/"},"sameAs":["https:\/\/www.instagram.com\/amigosdelcodice"]}]}},"_links":{"self":[{"href":"https:\/\/www.comprarmejor.es\/en\/wp-json\/wp\/v2\/product\/53491","targetHints":{"allow":["GET"]}}],"collection":[{"href":"https:\/\/www.comprarmejor.es\/en\/wp-json\/wp\/v2\/product"}],"about":[{"href":"https:\/\/www.comprarmejor.es\/en\/wp-json\/wp\/v2\/types\/product"}],"wp:featuredmedia":[{"embeddable":true,"href":"https:\/\/www.comprarmejor.es\/en\/wp-json\/wp\/v2\/media\/53481"}],"wp:attachment":[{"href":"https:\/\/www.comprarmejor.es\/en\/wp-json\/wp\/v2\/media?parent=53491"}],"wp:term":[{"taxonomy":"product_brand","embeddable":true,"href":"https:\/\/www.comprarmejor.es\/en\/wp-json\/wp\/v2\/product_brand?post=53491"},{"taxonomy":"product_cat","embeddable":true,"href":"https:\/\/www.comprarmejor.es\/en\/wp-json\/wp\/v2\/product_cat?post=53491"},{"taxonomy":"product_tag","embeddable":true,"href":"https:\/\/www.comprarmejor.es\/en\/wp-json\/wp\/v2\/product_tag?post=53491"}],"curies":[{"name":"wp","href":"https:\/\/api.w.org\/{rel}","templated":true}]}}