{"id":53513,"date":"2016-04-12T00:09:11","date_gmt":"2016-04-11T22:09:11","guid":{"rendered":"https:\/\/www.comprarmejor.es\/producto\/apocalypse-carolingian-of-valenciennes-ix-century\/"},"modified":"2024-12-30T17:16:57","modified_gmt":"2024-12-30T16:16:57","slug":"hermann-hesse-volume-i-complete-works-seix-barral-1986","status":"publish","type":"product","link":"https:\/\/www.comprarmejor.es\/en\/product\/hermann-hesse-volume-i-complete-works-seix-barral-1986\/","title":{"rendered":"Hermann Hesse. Volume I Complete Works. Seix Barral 1986"},"content":{"rendered":"<p style=\"text-align: justify;\">Volume I of the Complete Works of Hermann Hesse (1877-1962) by the publisher Seix Barral, 1986, in its collection \u201cSumma Literaria\u201d, of which it is number 3. Texts in Spanish.<\/p>\n<p style=\"text-align: justify;\">This volume contains the works \u201cDemian\u201d (from 1925), \u201cSiddhartha\u201d (An Indian poem) (from 1950), and \u201cThe Steppenwolf\u201d (from 1955).<\/p>\n<p style=\"text-align: justify;\">Hardcover book with gilding, format 16 x 23.5 cm. 416 pages.<\/p>\n<p style=\"text-align: justify;\">The book is in perfect condition, new, unused, although it has 2 small circular stamps from a previous owner.<\/p>\n<p style=\"text-align: justify;\">Shipping costs depend on order and destination<span title=\"Gastos de env\u00edo por cuenta del comprador, seg\u00fan pedido y destino.\">.\u00a0<\/span><span title=\"Cons\u00faltenos cualquier duda, as\u00ed como por cualquier otro facs\u00edmile o art\u00edculo que est\u00e9 buscando.\"><a class=\"btn btn-default\" href=\"https:\/\/www.comprarmejor.es\/en\/contact\">Ask us<\/a> <span class=\"HwtZe\" lang=\"en\"><span class=\"jCAhz ChMk0b\"><span class=\"ryNqvb\">any questions, indicating the item reference.<\/span><\/span><\/span><br \/>\n<\/span><\/p>\n","protected":false},"excerpt":{"rendered":"<p style=\"text-align: justify;\"><span id=\"result_box\" lang=\"en\" xml:lang=\"en\"><span class=\"HwtZe\" lang=\"en\"><span class=\"jCAhz ChMk0b\"><span class=\"ryNqvb\">Volume I of the Complete Works of Hermann Hesse (1877-1962) by the publisher Seix Barral, 1986, in its collection \u201cSumma Literaria\u201d, of which it is number 3.<\/span><\/span><\/span><br \/>\n<\/span><\/p>\n","protected":false},"featured_media":99869,"template":"","meta":[],"product_brand":[],"product_cat":[2256],"product_tag":[],"class_list":{"0":"post-53513","1":"product","2":"type-product","3":"status-publish","4":"has-post-thumbnail","6":"product_cat-books-in-general","7":"product_shipping_class-from-2-to-5-kg","8":"description-off","10":"first","11":"instock","12":"taxable","13":"shipping-taxable","14":"purchasable","15":"product-type-simple"},"yoast_head":"<!-- This site is optimized with the Yoast SEO plugin v27.3 - https:\/\/yoast.com\/product\/yoast-seo-wordpress\/ -->\n<title>Hermann Hesse. Volume I Complete Works. Seix Barral 1986<\/title>\n<meta name=\"description\" content=\"Volume I of the Complete Works of Hermann Hesse (1877-1962) by the publisher Seix Barral, 1986, in its collection \u201cSumma Literaria\u201d, of which it is number 3\" \/>\n<meta name=\"robots\" content=\"index, follow, max-snippet:-1, max-image-preview:large, max-video-preview:-1\" \/>\n<link rel=\"canonical\" href=\"https:\/\/www.comprarmejor.es\/en\/product\/hermann-hesse-volume-i-complete-works-seix-barral-1986\/\" \/>\n<meta property=\"og:locale\" content=\"en_US\" \/>\n<meta property=\"og:type\" content=\"article\" \/>\n<meta property=\"og:title\" content=\"Hermann Hesse. Volume I Complete Works. Seix Barral 1986\" \/>\n<meta property=\"og:description\" content=\"Volume I of the Complete Works of Hermann Hesse (1877-1962) by the publisher Seix Barral, 1986, in its collection \u201cSumma Literaria\u201d, of which it is number 3\" \/>\n<meta property=\"og:url\" content=\"https:\/\/www.comprarmejor.es\/en\/product\/hermann-hesse-volume-i-complete-works-seix-barral-1986\/\" \/>\n<meta property=\"og:site_name\" content=\"ComprarMejor\" \/>\n<meta property=\"article:modified_time\" content=\"2024-12-30T16:16:57+00:00\" \/>\n<meta property=\"og:image\" content=\"https:\/\/www.comprarmejor.es\/wp-content\/uploads\/2016\/04\/OCdHH-1.jpg\" \/>\n\t<meta property=\"og:image:width\" content=\"577\" \/>\n\t<meta property=\"og:image:height\" content=\"760\" \/>\n\t<meta property=\"og:image:type\" content=\"image\/jpeg\" \/>\n<meta name=\"twitter:card\" content=\"summary_large_image\" \/>\n<meta name=\"twitter:label1\" content=\"Est. reading time\" \/>\n\t<meta name=\"twitter:data1\" content=\"1 minute\" \/>\n<script type=\"application\/ld+json\" class=\"yoast-schema-graph\">{\"@context\":\"https:\\\/\\\/schema.org\",\"@graph\":[{\"@type\":\"WebPage\",\"@id\":\"https:\\\/\\\/www.comprarmejor.es\\\/en\\\/product\\\/hermann-hesse-volume-i-complete-works-seix-barral-1986\\\/\",\"url\":\"https:\\\/\\\/www.comprarmejor.es\\\/en\\\/product\\\/hermann-hesse-volume-i-complete-works-seix-barral-1986\\\/\",\"name\":\"Hermann Hesse. Volume I Complete Works. Seix Barral 1986\",\"isPartOf\":{\"@id\":\"https:\\\/\\\/www.comprarmejor.es\\\/en\\\/#website\"},\"primaryImageOfPage\":{\"@id\":\"https:\\\/\\\/www.comprarmejor.es\\\/en\\\/product\\\/hermann-hesse-volume-i-complete-works-seix-barral-1986\\\/#primaryimage\"},\"image\":{\"@id\":\"https:\\\/\\\/www.comprarmejor.es\\\/en\\\/product\\\/hermann-hesse-volume-i-complete-works-seix-barral-1986\\\/#primaryimage\"},\"thumbnailUrl\":\"https:\\\/\\\/www.comprarmejor.es\\\/wp-content\\\/uploads\\\/2016\\\/04\\\/OCdHH-1.jpg\",\"datePublished\":\"2016-04-11T22:09:11+00:00\",\"dateModified\":\"2024-12-30T16:16:57+00:00\",\"description\":\"Volume I of the Complete Works of Hermann Hesse (1877-1962) by the publisher Seix Barral, 1986, in its collection \u201cSumma Literaria\u201d, of which it is number 3\",\"breadcrumb\":{\"@id\":\"https:\\\/\\\/www.comprarmejor.es\\\/en\\\/product\\\/hermann-hesse-volume-i-complete-works-seix-barral-1986\\\/#breadcrumb\"},\"inLanguage\":\"en-US\",\"potentialAction\":[{\"@type\":\"ReadAction\",\"target\":[\"https:\\\/\\\/www.comprarmejor.es\\\/en\\\/product\\\/hermann-hesse-volume-i-complete-works-seix-barral-1986\\\/\"]}]},{\"@type\":\"ImageObject\",\"inLanguage\":\"en-US\",\"@id\":\"https:\\\/\\\/www.comprarmejor.es\\\/en\\\/product\\\/hermann-hesse-volume-i-complete-works-seix-barral-1986\\\/#primaryimage\",\"url\":\"https:\\\/\\\/www.comprarmejor.es\\\/wp-content\\\/uploads\\\/2016\\\/04\\\/OCdHH-1.jpg\",\"contentUrl\":\"https:\\\/\\\/www.comprarmejor.es\\\/wp-content\\\/uploads\\\/2016\\\/04\\\/OCdHH-1.jpg\",\"width\":577,\"height\":760},{\"@type\":\"BreadcrumbList\",\"@id\":\"https:\\\/\\\/www.comprarmejor.es\\\/en\\\/product\\\/hermann-hesse-volume-i-complete-works-seix-barral-1986\\\/#breadcrumb\",\"itemListElement\":[{\"@type\":\"ListItem\",\"position\":1,\"name\":\"Portada\",\"item\":\"https:\\\/\\\/www.comprarmejor.es\\\/en\\\/\"},{\"@type\":\"ListItem\",\"position\":2,\"name\":\"Shop\",\"item\":\"https:\\\/\\\/www.comprarmejor.es\\\/en\\\/shop\\\/\"},{\"@type\":\"ListItem\",\"position\":3,\"name\":\"Hermann Hesse. Volume I Complete Works. Seix Barral 1986\"}]},{\"@type\":\"WebSite\",\"@id\":\"https:\\\/\\\/www.comprarmejor.es\\\/en\\\/#website\",\"url\":\"https:\\\/\\\/www.comprarmejor.es\\\/en\\\/\",\"name\":\"ComprarMejor\",\"description\":\"ComprarMejor\",\"publisher\":{\"@id\":\"https:\\\/\\\/www.comprarmejor.es\\\/en\\\/#organization\"},\"potentialAction\":[{\"@type\":\"SearchAction\",\"target\":{\"@type\":\"EntryPoint\",\"urlTemplate\":\"https:\\\/\\\/www.comprarmejor.es\\\/en\\\/?s={search_term_string}\"},\"query-input\":{\"@type\":\"PropertyValueSpecification\",\"valueRequired\":true,\"valueName\":\"search_term_string\"}}],\"inLanguage\":\"en-US\"},{\"@type\":\"Organization\",\"@id\":\"https:\\\/\\\/www.comprarmejor.es\\\/en\\\/#organization\",\"name\":\"COMPRAR MEJOR\",\"url\":\"https:\\\/\\\/www.comprarmejor.es\\\/en\\\/\",\"logo\":{\"@type\":\"ImageObject\",\"inLanguage\":\"en-US\",\"@id\":\"https:\\\/\\\/www.comprarmejor.es\\\/en\\\/#\\\/schema\\\/logo\\\/image\\\/\",\"url\":\"https:\\\/\\\/www.comprarmejor.es\\\/wp-content\\\/uploads\\\/2025\\\/09\\\/comprarmejortrinidad.jpg\",\"contentUrl\":\"https:\\\/\\\/www.comprarmejor.es\\\/wp-content\\\/uploads\\\/2025\\\/09\\\/comprarmejortrinidad.jpg\",\"width\":1022,\"height\":1380,\"caption\":\"COMPRAR MEJOR\"},\"image\":{\"@id\":\"https:\\\/\\\/www.comprarmejor.es\\\/en\\\/#\\\/schema\\\/logo\\\/image\\\/\"},\"sameAs\":[\"https:\\\/\\\/www.instagram.com\\\/amigosdelcodice\"]}]}<\/script>\n<!-- \/ Yoast SEO plugin. -->","yoast_head_json":{"title":"Hermann Hesse. Volume I Complete Works. Seix Barral 1986","description":"Volume I of the Complete Works of Hermann Hesse (1877-1962) by the publisher Seix Barral, 1986, in its collection \u201cSumma Literaria\u201d, of which it is number 3","robots":{"index":"index","follow":"follow","max-snippet":"max-snippet:-1","max-image-preview":"max-image-preview:large","max-video-preview":"max-video-preview:-1"},"canonical":"https:\/\/www.comprarmejor.es\/en\/product\/hermann-hesse-volume-i-complete-works-seix-barral-1986\/","og_locale":"en_US","og_type":"article","og_title":"Hermann Hesse. Volume I Complete Works. Seix Barral 1986","og_description":"Volume I of the Complete Works of Hermann Hesse (1877-1962) by the publisher Seix Barral, 1986, in its collection \u201cSumma Literaria\u201d, of which it is number 3","og_url":"https:\/\/www.comprarmejor.es\/en\/product\/hermann-hesse-volume-i-complete-works-seix-barral-1986\/","og_site_name":"ComprarMejor","article_modified_time":"2024-12-30T16:16:57+00:00","og_image":[{"width":577,"height":760,"url":"https:\/\/www.comprarmejor.es\/wp-content\/uploads\/2016\/04\/OCdHH-1.jpg","type":"image\/jpeg"}],"twitter_card":"summary_large_image","twitter_misc":{"Est. reading time":"1 minute"},"schema":{"@context":"https:\/\/schema.org","@graph":[{"@type":"WebPage","@id":"https:\/\/www.comprarmejor.es\/en\/product\/hermann-hesse-volume-i-complete-works-seix-barral-1986\/","url":"https:\/\/www.comprarmejor.es\/en\/product\/hermann-hesse-volume-i-complete-works-seix-barral-1986\/","name":"Hermann Hesse. Volume I Complete Works. Seix Barral 1986","isPartOf":{"@id":"https:\/\/www.comprarmejor.es\/en\/#website"},"primaryImageOfPage":{"@id":"https:\/\/www.comprarmejor.es\/en\/product\/hermann-hesse-volume-i-complete-works-seix-barral-1986\/#primaryimage"},"image":{"@id":"https:\/\/www.comprarmejor.es\/en\/product\/hermann-hesse-volume-i-complete-works-seix-barral-1986\/#primaryimage"},"thumbnailUrl":"https:\/\/www.comprarmejor.es\/wp-content\/uploads\/2016\/04\/OCdHH-1.jpg","datePublished":"2016-04-11T22:09:11+00:00","dateModified":"2024-12-30T16:16:57+00:00","description":"Volume I of the Complete Works of Hermann Hesse (1877-1962) by the publisher Seix Barral, 1986, in its collection \u201cSumma Literaria\u201d, of which it is number 3","breadcrumb":{"@id":"https:\/\/www.comprarmejor.es\/en\/product\/hermann-hesse-volume-i-complete-works-seix-barral-1986\/#breadcrumb"},"inLanguage":"en-US","potentialAction":[{"@type":"ReadAction","target":["https:\/\/www.comprarmejor.es\/en\/product\/hermann-hesse-volume-i-complete-works-seix-barral-1986\/"]}]},{"@type":"ImageObject","inLanguage":"en-US","@id":"https:\/\/www.comprarmejor.es\/en\/product\/hermann-hesse-volume-i-complete-works-seix-barral-1986\/#primaryimage","url":"https:\/\/www.comprarmejor.es\/wp-content\/uploads\/2016\/04\/OCdHH-1.jpg","contentUrl":"https:\/\/www.comprarmejor.es\/wp-content\/uploads\/2016\/04\/OCdHH-1.jpg","width":577,"height":760},{"@type":"BreadcrumbList","@id":"https:\/\/www.comprarmejor.es\/en\/product\/hermann-hesse-volume-i-complete-works-seix-barral-1986\/#breadcrumb","itemListElement":[{"@type":"ListItem","position":1,"name":"Portada","item":"https:\/\/www.comprarmejor.es\/en\/"},{"@type":"ListItem","position":2,"name":"Shop","item":"https:\/\/www.comprarmejor.es\/en\/shop\/"},{"@type":"ListItem","position":3,"name":"Hermann Hesse. Volume I Complete Works. Seix Barral 1986"}]},{"@type":"WebSite","@id":"https:\/\/www.comprarmejor.es\/en\/#website","url":"https:\/\/www.comprarmejor.es\/en\/","name":"ComprarMejor","description":"ComprarMejor","publisher":{"@id":"https:\/\/www.comprarmejor.es\/en\/#organization"},"potentialAction":[{"@type":"SearchAction","target":{"@type":"EntryPoint","urlTemplate":"https:\/\/www.comprarmejor.es\/en\/?s={search_term_string}"},"query-input":{"@type":"PropertyValueSpecification","valueRequired":true,"valueName":"search_term_string"}}],"inLanguage":"en-US"},{"@type":"Organization","@id":"https:\/\/www.comprarmejor.es\/en\/#organization","name":"COMPRAR MEJOR","url":"https:\/\/www.comprarmejor.es\/en\/","logo":{"@type":"ImageObject","inLanguage":"en-US","@id":"https:\/\/www.comprarmejor.es\/en\/#\/schema\/logo\/image\/","url":"https:\/\/www.comprarmejor.es\/wp-content\/uploads\/2025\/09\/comprarmejortrinidad.jpg","contentUrl":"https:\/\/www.comprarmejor.es\/wp-content\/uploads\/2025\/09\/comprarmejortrinidad.jpg","width":1022,"height":1380,"caption":"COMPRAR MEJOR"},"image":{"@id":"https:\/\/www.comprarmejor.es\/en\/#\/schema\/logo\/image\/"},"sameAs":["https:\/\/www.instagram.com\/amigosdelcodice"]}]}},"_links":{"self":[{"href":"https:\/\/www.comprarmejor.es\/en\/wp-json\/wp\/v2\/product\/53513","targetHints":{"allow":["GET"]}}],"collection":[{"href":"https:\/\/www.comprarmejor.es\/en\/wp-json\/wp\/v2\/product"}],"about":[{"href":"https:\/\/www.comprarmejor.es\/en\/wp-json\/wp\/v2\/types\/product"}],"wp:featuredmedia":[{"embeddable":true,"href":"https:\/\/www.comprarmejor.es\/en\/wp-json\/wp\/v2\/media\/99869"}],"wp:attachment":[{"href":"https:\/\/www.comprarmejor.es\/en\/wp-json\/wp\/v2\/media?parent=53513"}],"wp:term":[{"taxonomy":"product_brand","embeddable":true,"href":"https:\/\/www.comprarmejor.es\/en\/wp-json\/wp\/v2\/product_brand?post=53513"},{"taxonomy":"product_cat","embeddable":true,"href":"https:\/\/www.comprarmejor.es\/en\/wp-json\/wp\/v2\/product_cat?post=53513"},{"taxonomy":"product_tag","embeddable":true,"href":"https:\/\/www.comprarmejor.es\/en\/wp-json\/wp\/v2\/product_tag?post=53513"}],"curies":[{"name":"wp","href":"https:\/\/api.w.org\/{rel}","templated":true}]}}