{"id":53539,"date":"2016-04-21T19:49:32","date_gmt":"2016-04-21T17:49:32","guid":{"rendered":"https:\/\/www.comprarmejor.es\/producto\/book-of-hours-of-the-seven-deadly-sins-s-xv\/"},"modified":"2026-05-03T11:26:29","modified_gmt":"2026-05-03T09:26:29","slug":"book-of-hours-of-the-seven-deadly-sins-s-xv","status":"publish","type":"product","link":"https:\/\/www.comprarmejor.es\/en\/product\/book-of-hours-of-the-seven-deadly-sins-s-xv\/","title":{"rendered":"Book of Hours of the Seven Deadly Sins, s. XV"},"content":{"rendered":"<p style=\"text-align: justify;\"><span class=\"HwtZe\" lang=\"en\"><span class=\"jCAhz ChMk0b\"><span class=\"ryNqvb\">ARTICLE FOR INFORMATIONAL PURPOSES ONLY<\/span><\/span><\/span><\/p>\n<p style=\"text-align: justify;\"><span id=\"result_box\" lang=\"en\" xml:lang=\"en\"><span title=\"Un c\u00f3dice para la oraci\u00f3n.\">A codex for prayer. <\/span><span title=\"El orgullo, la envidia, la avaricia, la gula, la pereza, la ira y la lujuria;\">Pride, envy, greed, gluttony, sloth, anger and lust; <\/span><span title=\"los Pecados Capitales dan nombre a este c\u00f3dice realizado en Flandes a finales del siglo XV.\">the Deadly Sins give name to this codex made in Flanders in the late fifteenth century.<\/span><\/span><\/p>\n<p style=\"text-align: justify;\"><span title=\"Un libro de eminente car\u00e1cter religioso cuya caracter\u00edstica principal son las siete miniaturas en las que se representa al Rey David con distintos personajes que le muestran las consecuencias de los pecados.\">A book of eminent religious character whose main characteristic are the seven miniatures which represented the King David with different characters that show you the consequences of sin. <\/span><span title=\"Como curiosidad hay que destacar que en cada una de ellas aparece un animal que simboliza uno de los pecados: el pavo, con su cola extendida, representa la soberbia.\">As a curiosity it is noteworthy that in each animal symbolizing one of the sins appears: turkey, with its extended tail, represents pride.<\/span><\/p>\n<p style=\"text-align: justify;\"><span title=\"Uno de los c\u00f3dices m\u00e1s bellos de finales del siglo XV, ya que todas sus p\u00e1ginas est\u00e1n iluminadas con magn\u00edficas miniaturas.\">One of the most beautiful codices of the late fifteenth century, since all its pages are illuminated with magnificent miniatures.<\/span><\/p>\n<p style=\"text-align: justify;\"><span title=\"Original conservado en la Biblioteca Nacional de Espa\u00f1a, signatura Ms. Vit.\">Original preserved in the National Library of Spain, Ms. Vit signature. <\/span><span title=\"24-10.\">24-10. <\/span><span title=\"Datado en el siglo XV y de autor desconocido.\">Dating from the fifteenth century and author unknown.<\/span><\/p>\n<p style=\"text-align: justify;\"><span title=\"Edici\u00f3n facs\u00edmile de 2002, limitada y numerada con acta notarial.\">2002 facsimile edition, limited and numbered deed. <\/span><span title=\"Formato 11 x 16 cm.\">11 x 16 cm format. <\/span><span title=\"428 p\u00e1ginas que contienen 75 miniaturas a p\u00e1gina completa y 332 con orlas marginales.\">428 pages with 75 full-page miniatures 332 marginal borders. <\/span><span title=\"Escrito en lat\u00edn y franc\u00e9s.\">Written in Latin and French. <\/span><span title=\"Encuadernado en piel de cabritilla restaurada de color burdeos, estampaciones en oro y seis nervaduras, cantos dorados.\">Bound in kidskin restored burgundy, gold stampings six ribs, gilt edges.<\/span><\/p>\n<p style=\"text-align: justify;\"><span title=\"Gastos de env\u00edo por cuenta del comprador, seg\u00fan pedido y destino.\">Retail Price: 2.846 \u20ac. <\/span><span title=\"Cons\u00faltenos cualquier duda, as\u00ed como por cualquier otro facs\u00edmile que est\u00e9 buscando.\"><a class=\"btn btn-default\" href=\"https:\/\/www.comprarmejor.es\/en\/contact\/\">Ask us<\/a> any questions and any other fax you are looking for.<\/span><\/p>\n","protected":false},"excerpt":{"rendered":"<p style=\"text-align: justify;\"><span id=\"result_box\" lang=\"en\" xml:lang=\"en\"><span title=\"Un c\u00f3dice para la oraci\u00f3n.\">A codex for prayer. <\/span><span title=\"El orgullo, la envidia, la avaricia, la gula, la pereza, la ira y la lujuria;\">Pride, envy, greed, gluttony, sloth, anger and lust; <\/span><span title=\"los Pecados Capitales dan nombre a este c\u00f3dice realizado en Flandes a finales del siglo XV.\">the Deadly Sins give name to this codex made in Flanders in the late fifteenth century.<\/span><\/span><\/p>\n","protected":false},"featured_media":53527,"template":"","meta":[],"product_brand":[],"product_cat":[2226],"product_tag":[3979,4104,5122],"class_list":{"0":"post-53539","1":"product","2":"type-product","3":"status-publish","4":"has-post-thumbnail","6":"product_cat-books-of-hours","7":"product_tag-ayn-en","8":"product_tag-bne-en","9":"product_tag-hours-en","10":"description-off","12":"first","13":"instock","14":"taxable","15":"shipping-taxable","16":"purchasable","17":"product-type-simple"},"yoast_head":"<!-- This site is optimized with the Yoast SEO plugin v27.3 - https:\/\/yoast.com\/product\/yoast-seo-wordpress\/ -->\n<title>Book of Hours of the Seven Deadly Sins, s. XV<\/title>\n<meta name=\"description\" content=\"A codex for prayer. Pride, envy, greed, gluttony, sloth, anger and lust; the Deadly Sins give name to this codex made in Flanders in the late fifteenth cent\" \/>\n<meta name=\"robots\" content=\"index, follow, max-snippet:-1, max-image-preview:large, max-video-preview:-1\" \/>\n<link rel=\"canonical\" href=\"https:\/\/www.comprarmejor.es\/en\/product\/book-of-hours-of-the-seven-deadly-sins-s-xv\/\" \/>\n<meta property=\"og:locale\" content=\"en_US\" \/>\n<meta property=\"og:type\" content=\"article\" \/>\n<meta property=\"og:title\" content=\"Book of Hours of the Seven Deadly Sins, s. XV\" \/>\n<meta property=\"og:description\" content=\"A codex for prayer. Pride, envy, greed, gluttony, sloth, anger and lust; the Deadly Sins give name to this codex made in Flanders in the late fifteenth cent\" \/>\n<meta property=\"og:url\" content=\"https:\/\/www.comprarmejor.es\/en\/product\/book-of-hours-of-the-seven-deadly-sins-s-xv\/\" \/>\n<meta property=\"og:site_name\" content=\"ComprarMejor\" \/>\n<meta property=\"article:modified_time\" content=\"2026-05-03T09:26:29+00:00\" \/>\n<meta property=\"og:image\" content=\"https:\/\/www.comprarmejor.es\/wp-content\/uploads\/2016\/04\/p_6_3_6_0_6360-Libro-de-Horas-de-los-Siete-Pecados-Capitales-s.-XV.jpg\" \/>\n\t<meta property=\"og:image:width\" content=\"379\" \/>\n\t<meta property=\"og:image:height\" content=\"500\" \/>\n\t<meta property=\"og:image:type\" content=\"image\/jpeg\" \/>\n<meta name=\"twitter:card\" content=\"summary_large_image\" \/>\n<meta name=\"twitter:label1\" content=\"Est. reading time\" \/>\n\t<meta name=\"twitter:data1\" content=\"2 minutes\" \/>\n<script type=\"application\/ld+json\" class=\"yoast-schema-graph\">{\"@context\":\"https:\\\/\\\/schema.org\",\"@graph\":[{\"@type\":\"WebPage\",\"@id\":\"https:\\\/\\\/www.comprarmejor.es\\\/en\\\/product\\\/book-of-hours-of-the-seven-deadly-sins-s-xv\\\/\",\"url\":\"https:\\\/\\\/www.comprarmejor.es\\\/en\\\/product\\\/book-of-hours-of-the-seven-deadly-sins-s-xv\\\/\",\"name\":\"Book of Hours of the Seven Deadly Sins, s. XV\",\"isPartOf\":{\"@id\":\"https:\\\/\\\/www.comprarmejor.es\\\/en\\\/#website\"},\"primaryImageOfPage\":{\"@id\":\"https:\\\/\\\/www.comprarmejor.es\\\/en\\\/product\\\/book-of-hours-of-the-seven-deadly-sins-s-xv\\\/#primaryimage\"},\"image\":{\"@id\":\"https:\\\/\\\/www.comprarmejor.es\\\/en\\\/product\\\/book-of-hours-of-the-seven-deadly-sins-s-xv\\\/#primaryimage\"},\"thumbnailUrl\":\"https:\\\/\\\/www.comprarmejor.es\\\/wp-content\\\/uploads\\\/2016\\\/04\\\/p_6_3_6_0_6360-Libro-de-Horas-de-los-Siete-Pecados-Capitales-s.-XV.jpg\",\"datePublished\":\"2016-04-21T17:49:32+00:00\",\"dateModified\":\"2026-05-03T09:26:29+00:00\",\"description\":\"A codex for prayer. Pride, envy, greed, gluttony, sloth, anger and lust; the Deadly Sins give name to this codex made in Flanders in the late fifteenth cent\",\"breadcrumb\":{\"@id\":\"https:\\\/\\\/www.comprarmejor.es\\\/en\\\/product\\\/book-of-hours-of-the-seven-deadly-sins-s-xv\\\/#breadcrumb\"},\"inLanguage\":\"en-US\",\"potentialAction\":[{\"@type\":\"ReadAction\",\"target\":[\"https:\\\/\\\/www.comprarmejor.es\\\/en\\\/product\\\/book-of-hours-of-the-seven-deadly-sins-s-xv\\\/\"]}]},{\"@type\":\"ImageObject\",\"inLanguage\":\"en-US\",\"@id\":\"https:\\\/\\\/www.comprarmejor.es\\\/en\\\/product\\\/book-of-hours-of-the-seven-deadly-sins-s-xv\\\/#primaryimage\",\"url\":\"https:\\\/\\\/www.comprarmejor.es\\\/wp-content\\\/uploads\\\/2016\\\/04\\\/p_6_3_6_0_6360-Libro-de-Horas-de-los-Siete-Pecados-Capitales-s.-XV.jpg\",\"contentUrl\":\"https:\\\/\\\/www.comprarmejor.es\\\/wp-content\\\/uploads\\\/2016\\\/04\\\/p_6_3_6_0_6360-Libro-de-Horas-de-los-Siete-Pecados-Capitales-s.-XV.jpg\",\"width\":379,\"height\":500},{\"@type\":\"BreadcrumbList\",\"@id\":\"https:\\\/\\\/www.comprarmejor.es\\\/en\\\/product\\\/book-of-hours-of-the-seven-deadly-sins-s-xv\\\/#breadcrumb\",\"itemListElement\":[{\"@type\":\"ListItem\",\"position\":1,\"name\":\"Portada\",\"item\":\"https:\\\/\\\/www.comprarmejor.es\\\/en\\\/\"},{\"@type\":\"ListItem\",\"position\":2,\"name\":\"Shop\",\"item\":\"https:\\\/\\\/www.comprarmejor.es\\\/en\\\/shop\\\/\"},{\"@type\":\"ListItem\",\"position\":3,\"name\":\"Book of Hours of the Seven Deadly Sins, s. XV\"}]},{\"@type\":\"WebSite\",\"@id\":\"https:\\\/\\\/www.comprarmejor.es\\\/en\\\/#website\",\"url\":\"https:\\\/\\\/www.comprarmejor.es\\\/en\\\/\",\"name\":\"ComprarMejor\",\"description\":\"ComprarMejor\",\"publisher\":{\"@id\":\"https:\\\/\\\/www.comprarmejor.es\\\/en\\\/#organization\"},\"potentialAction\":[{\"@type\":\"SearchAction\",\"target\":{\"@type\":\"EntryPoint\",\"urlTemplate\":\"https:\\\/\\\/www.comprarmejor.es\\\/en\\\/?s={search_term_string}\"},\"query-input\":{\"@type\":\"PropertyValueSpecification\",\"valueRequired\":true,\"valueName\":\"search_term_string\"}}],\"inLanguage\":\"en-US\"},{\"@type\":\"Organization\",\"@id\":\"https:\\\/\\\/www.comprarmejor.es\\\/en\\\/#organization\",\"name\":\"COMPRAR MEJOR\",\"url\":\"https:\\\/\\\/www.comprarmejor.es\\\/en\\\/\",\"logo\":{\"@type\":\"ImageObject\",\"inLanguage\":\"en-US\",\"@id\":\"https:\\\/\\\/www.comprarmejor.es\\\/en\\\/#\\\/schema\\\/logo\\\/image\\\/\",\"url\":\"https:\\\/\\\/www.comprarmejor.es\\\/wp-content\\\/uploads\\\/2025\\\/09\\\/comprarmejortrinidad.jpg\",\"contentUrl\":\"https:\\\/\\\/www.comprarmejor.es\\\/wp-content\\\/uploads\\\/2025\\\/09\\\/comprarmejortrinidad.jpg\",\"width\":1022,\"height\":1380,\"caption\":\"COMPRAR MEJOR\"},\"image\":{\"@id\":\"https:\\\/\\\/www.comprarmejor.es\\\/en\\\/#\\\/schema\\\/logo\\\/image\\\/\"},\"sameAs\":[\"https:\\\/\\\/www.instagram.com\\\/amigosdelcodice\"]}]}<\/script>\n<!-- \/ Yoast SEO plugin. -->","yoast_head_json":{"title":"Book of Hours of the Seven Deadly Sins, s. XV","description":"A codex for prayer. Pride, envy, greed, gluttony, sloth, anger and lust; the Deadly Sins give name to this codex made in Flanders in the late fifteenth cent","robots":{"index":"index","follow":"follow","max-snippet":"max-snippet:-1","max-image-preview":"max-image-preview:large","max-video-preview":"max-video-preview:-1"},"canonical":"https:\/\/www.comprarmejor.es\/en\/product\/book-of-hours-of-the-seven-deadly-sins-s-xv\/","og_locale":"en_US","og_type":"article","og_title":"Book of Hours of the Seven Deadly Sins, s. XV","og_description":"A codex for prayer. Pride, envy, greed, gluttony, sloth, anger and lust; the Deadly Sins give name to this codex made in Flanders in the late fifteenth cent","og_url":"https:\/\/www.comprarmejor.es\/en\/product\/book-of-hours-of-the-seven-deadly-sins-s-xv\/","og_site_name":"ComprarMejor","article_modified_time":"2026-05-03T09:26:29+00:00","og_image":[{"width":379,"height":500,"url":"https:\/\/www.comprarmejor.es\/wp-content\/uploads\/2016\/04\/p_6_3_6_0_6360-Libro-de-Horas-de-los-Siete-Pecados-Capitales-s.-XV.jpg","type":"image\/jpeg"}],"twitter_card":"summary_large_image","twitter_misc":{"Est. reading time":"2 minutes"},"schema":{"@context":"https:\/\/schema.org","@graph":[{"@type":"WebPage","@id":"https:\/\/www.comprarmejor.es\/en\/product\/book-of-hours-of-the-seven-deadly-sins-s-xv\/","url":"https:\/\/www.comprarmejor.es\/en\/product\/book-of-hours-of-the-seven-deadly-sins-s-xv\/","name":"Book of Hours of the Seven Deadly Sins, s. XV","isPartOf":{"@id":"https:\/\/www.comprarmejor.es\/en\/#website"},"primaryImageOfPage":{"@id":"https:\/\/www.comprarmejor.es\/en\/product\/book-of-hours-of-the-seven-deadly-sins-s-xv\/#primaryimage"},"image":{"@id":"https:\/\/www.comprarmejor.es\/en\/product\/book-of-hours-of-the-seven-deadly-sins-s-xv\/#primaryimage"},"thumbnailUrl":"https:\/\/www.comprarmejor.es\/wp-content\/uploads\/2016\/04\/p_6_3_6_0_6360-Libro-de-Horas-de-los-Siete-Pecados-Capitales-s.-XV.jpg","datePublished":"2016-04-21T17:49:32+00:00","dateModified":"2026-05-03T09:26:29+00:00","description":"A codex for prayer. Pride, envy, greed, gluttony, sloth, anger and lust; the Deadly Sins give name to this codex made in Flanders in the late fifteenth cent","breadcrumb":{"@id":"https:\/\/www.comprarmejor.es\/en\/product\/book-of-hours-of-the-seven-deadly-sins-s-xv\/#breadcrumb"},"inLanguage":"en-US","potentialAction":[{"@type":"ReadAction","target":["https:\/\/www.comprarmejor.es\/en\/product\/book-of-hours-of-the-seven-deadly-sins-s-xv\/"]}]},{"@type":"ImageObject","inLanguage":"en-US","@id":"https:\/\/www.comprarmejor.es\/en\/product\/book-of-hours-of-the-seven-deadly-sins-s-xv\/#primaryimage","url":"https:\/\/www.comprarmejor.es\/wp-content\/uploads\/2016\/04\/p_6_3_6_0_6360-Libro-de-Horas-de-los-Siete-Pecados-Capitales-s.-XV.jpg","contentUrl":"https:\/\/www.comprarmejor.es\/wp-content\/uploads\/2016\/04\/p_6_3_6_0_6360-Libro-de-Horas-de-los-Siete-Pecados-Capitales-s.-XV.jpg","width":379,"height":500},{"@type":"BreadcrumbList","@id":"https:\/\/www.comprarmejor.es\/en\/product\/book-of-hours-of-the-seven-deadly-sins-s-xv\/#breadcrumb","itemListElement":[{"@type":"ListItem","position":1,"name":"Portada","item":"https:\/\/www.comprarmejor.es\/en\/"},{"@type":"ListItem","position":2,"name":"Shop","item":"https:\/\/www.comprarmejor.es\/en\/shop\/"},{"@type":"ListItem","position":3,"name":"Book of Hours of the Seven Deadly Sins, s. XV"}]},{"@type":"WebSite","@id":"https:\/\/www.comprarmejor.es\/en\/#website","url":"https:\/\/www.comprarmejor.es\/en\/","name":"ComprarMejor","description":"ComprarMejor","publisher":{"@id":"https:\/\/www.comprarmejor.es\/en\/#organization"},"potentialAction":[{"@type":"SearchAction","target":{"@type":"EntryPoint","urlTemplate":"https:\/\/www.comprarmejor.es\/en\/?s={search_term_string}"},"query-input":{"@type":"PropertyValueSpecification","valueRequired":true,"valueName":"search_term_string"}}],"inLanguage":"en-US"},{"@type":"Organization","@id":"https:\/\/www.comprarmejor.es\/en\/#organization","name":"COMPRAR MEJOR","url":"https:\/\/www.comprarmejor.es\/en\/","logo":{"@type":"ImageObject","inLanguage":"en-US","@id":"https:\/\/www.comprarmejor.es\/en\/#\/schema\/logo\/image\/","url":"https:\/\/www.comprarmejor.es\/wp-content\/uploads\/2025\/09\/comprarmejortrinidad.jpg","contentUrl":"https:\/\/www.comprarmejor.es\/wp-content\/uploads\/2025\/09\/comprarmejortrinidad.jpg","width":1022,"height":1380,"caption":"COMPRAR MEJOR"},"image":{"@id":"https:\/\/www.comprarmejor.es\/en\/#\/schema\/logo\/image\/"},"sameAs":["https:\/\/www.instagram.com\/amigosdelcodice"]}]}},"_links":{"self":[{"href":"https:\/\/www.comprarmejor.es\/en\/wp-json\/wp\/v2\/product\/53539","targetHints":{"allow":["GET"]}}],"collection":[{"href":"https:\/\/www.comprarmejor.es\/en\/wp-json\/wp\/v2\/product"}],"about":[{"href":"https:\/\/www.comprarmejor.es\/en\/wp-json\/wp\/v2\/types\/product"}],"wp:featuredmedia":[{"embeddable":true,"href":"https:\/\/www.comprarmejor.es\/en\/wp-json\/wp\/v2\/media\/53527"}],"wp:attachment":[{"href":"https:\/\/www.comprarmejor.es\/en\/wp-json\/wp\/v2\/media?parent=53539"}],"wp:term":[{"taxonomy":"product_brand","embeddable":true,"href":"https:\/\/www.comprarmejor.es\/en\/wp-json\/wp\/v2\/product_brand?post=53539"},{"taxonomy":"product_cat","embeddable":true,"href":"https:\/\/www.comprarmejor.es\/en\/wp-json\/wp\/v2\/product_cat?post=53539"},{"taxonomy":"product_tag","embeddable":true,"href":"https:\/\/www.comprarmejor.es\/en\/wp-json\/wp\/v2\/product_tag?post=53539"}],"curies":[{"name":"wp","href":"https:\/\/api.w.org\/{rel}","templated":true}]}}