{"id":53585,"date":"2016-04-25T13:02:02","date_gmt":"2016-04-25T11:02:02","guid":{"rendered":"https:\/\/www.comprarmejor.es\/producto\/book-of-hours-of-the-virgin-weaver-s-xv\/"},"modified":"2020-05-06T22:43:55","modified_gmt":"2020-05-06T20:43:55","slug":"book-of-hours-of-the-virgin-weaver-s-xv","status":"publish","type":"product","link":"https:\/\/www.comprarmejor.es\/en\/product\/book-of-hours-of-the-virgin-weaver-s-xv\/","title":{"rendered":"Book of Hours of the Virgin Weaver, s. XV"},"content":{"rendered":"<p style=\"text-align: justify;\"><span id=\"result_box\" lang=\"en\" xml:lang=\"en\"><span title=\"El presente manuscrito est\u00e1 elaborado con una fin\u00edsima vitela y pigmentos muy depurados, una t\u00e9cnica artesanal excelente y siendo su decoraci\u00f3n e ilustraci\u00f3n exquisitas;\">This manuscript is made with a very thin vellum and very cleared pigments, excellent craftsmanship and being exquisite decoration and illustration; <\/span><span title=\"la falta de exceso ornamental en el tratamiento de los m\u00e1rgenes de las hojas, la serena belleza de las miniaturas y la elegancia en todos los pormenores convierten a este manuscrito en un ejemplo mod\u00e9lico del estilo franc\u00e9s en su momento de m\u00e1xima perfecci\u00f3n.\">the lack of ornamental excess in the treatment of leaf margins, the serene beauty of the miniatures and elegance in every detail make this manuscript into a textbook example of French style at its peak perfection.<\/span><\/span><\/p>\n<p style=\"text-align: justify;\"><span title=\"Adem\u00e1s de las partes fijas que usualmente tienen los Libros de Horas, tales como el calendario, oficio parvo de la Virgen Mar\u00eda, salmos penitenciales, oficio de difuntos y sufragios, en el presente caso se encuentran adem\u00e1s los elementos can\u00f3nicos Obsecro te y O intemerata,\">In addition to the fixed parts that usually have the Books of Hours, such as calendar, Little Office of the Virgin Mary, penitential psalms, Office of the Dead and vote, in this case also contains the Obsecro canonical elements you and O intemerata, <\/span><span title=\"las Horas de la Cruz, las Horas del Esp\u00edritu Santo y un representativo muestrario de sufragios.\">Hours of the Cross, the Hours of the Holy Spirit and a representative sample of votes.<\/span><\/p>\n<p style=\"text-align: justify;\"><span title=\"Dentro de las tradiciones establecidas en este universo de pr\u00e1cticas piadosas, la aqu\u00ed representada sigue el uso romano.\">Among the traditions established in this universe of pious practices, shown here is the Roman use.<\/span><\/p>\n<p style=\"text-align: justify;\"><span title=\"Las caracter\u00edsticas estil\u00edsticas se acompasaban con las nuevas influencias apreciables en estos registros culturales.\">The stylistic features came in step with new significant cultural influences on these records. <\/span><span title=\"Este manuscrito representa un momento culminante de la t\u00e9cnica literaria por su perfecci\u00f3n cl\u00e1sica.\">This manuscript represents a highlight of literary art for their classical perfection.<\/span><\/p>\n<p style=\"text-align: justify;\"><span title=\"Original conservado en la Fundaci\u00f3n L\u00e1zaro Galdiano.\">Original preserved in the L\u00e1zaro Galdiano Foundation. <\/span><span title=\"Edici\u00f3n facs\u00edmile del a\u00f1o 2002, numerada y limitada a 995 ejemplares, autentificados notarialmente.\">2002 facsimile edition, numbered and limited to 995 copies, authenticated by a notary.<\/span><\/p>\n<p style=\"text-align: justify;\"><span title=\"Facs\u00edmile encuadernado en piel, formato 15,5 x 20,5 cm, 300 p\u00e1ginas.\">Leather-bound facsimile format 15.5 x 20.5 cm, 300 pages. <\/span><span title=\"Papel especial en pergamino tratado y envejecido, pliegos a la antigua usanza y cosidos con hilo vegetal.\">special role in treated and aged, old-fashioned sheets and parchment sewn with vegetable thread. <\/span><span title=\"Acompa\u00f1ado del correspondiente libro estudio (mismo formato, 150 p\u00e1ginas) y ambos presentados en un elegante estuche cerrado.\">Accompanied by the corresponding book study (same format, 150 pages) and both presented in an elegant case closed.<\/span><\/p>\n<p style=\"text-align: justify;\"><span title=\"Gastos de env\u00edo por cuenta del comprador, seg\u00fan pedido y destino.\">Shipping by the buyer, upon request and destination.\u00a0<\/span><span title=\"Cons\u00faltenos cualquier duda, as\u00ed como por cualquier otro facs\u00edmile o art\u00edculo que est\u00e9 buscando.\"><a class=\"btn btn-default\" href=\"http:\/\/comprarmejor.es\/en\/contact\">Ask us<\/a> any questions and facsimile or any other item that is looking for.<\/span><\/p>\n","protected":false},"excerpt":{"rendered":"<p style=\"text-align: justify;\"><span id=\"result_box\" lang=\"en\" xml:lang=\"en\"><span title=\"Las caracter\u00edsticas estil\u00edsticas se acompasaban con las nuevas influencias apreciables en estos registros culturales.\">The stylistic features came in step with new significant cultural influences on these records. <\/span><span title=\"Este manuscrito representa un momento culminante de la t\u00e9cnica literaria por su perfecci\u00f3n cl\u00e1sica.\">This manuscript represents a highlight of literary art for their classical perfection.<\/span><\/span><\/p>\n","protected":false},"featured_media":53577,"template":"","meta":[],"product_brand":[],"product_cat":[2226],"product_tag":[5122,4106],"class_list":{"0":"post-53585","1":"product","2":"type-product","3":"status-publish","4":"has-post-thumbnail","6":"product_cat-books-of-hours","7":"product_tag-hours-en","8":"product_tag-millennium-en","9":"product_shipping_class-from-6-to-10-kg","10":"description-off","12":"first","13":"instock","14":"taxable","15":"shipping-taxable","16":"purchasable","17":"product-type-simple"},"yoast_head":"<!-- This site is optimized with the Yoast SEO plugin v27.3 - https:\/\/yoast.com\/product\/yoast-seo-wordpress\/ -->\n<title>Book of Hours of the Virgin Weaver, s. XV<\/title>\n<meta name=\"description\" content=\"This manuscript is made with a very thin vellum and very cleared pigments, excellent craftsmanship and being exquisite decoration and illustration; the lack of\" \/>\n<meta name=\"robots\" content=\"index, follow, max-snippet:-1, max-image-preview:large, max-video-preview:-1\" \/>\n<link rel=\"canonical\" href=\"https:\/\/www.comprarmejor.es\/en\/product\/book-of-hours-of-the-virgin-weaver-s-xv\/\" \/>\n<meta property=\"og:locale\" content=\"en_US\" \/>\n<meta property=\"og:type\" content=\"article\" \/>\n<meta property=\"og:title\" content=\"Book of Hours of the Virgin Weaver, s. XV\" \/>\n<meta property=\"og:description\" content=\"This manuscript is made with a very thin vellum and very cleared pigments, excellent craftsmanship and being exquisite decoration and illustration; the lack of\" \/>\n<meta property=\"og:url\" content=\"https:\/\/www.comprarmejor.es\/en\/product\/book-of-hours-of-the-virgin-weaver-s-xv\/\" \/>\n<meta property=\"og:site_name\" content=\"ComprarMejor\" \/>\n<meta property=\"article:modified_time\" content=\"2020-05-06T20:43:55+00:00\" \/>\n<meta property=\"og:image\" content=\"https:\/\/www.comprarmejor.es\/wp-content\/uploads\/2016\/04\/p_6_3_9_7_6397-Libro-de-Horas-de-la-Virgen-Tejedora-s.-XV.jpg\" \/>\n\t<meta property=\"og:image:width\" content=\"600\" \/>\n\t<meta property=\"og:image:height\" content=\"600\" \/>\n\t<meta property=\"og:image:type\" content=\"image\/jpeg\" \/>\n<meta name=\"twitter:card\" content=\"summary_large_image\" \/>\n<meta name=\"twitter:label1\" content=\"Est. reading time\" \/>\n\t<meta name=\"twitter:data1\" content=\"1 minute\" \/>\n<script type=\"application\/ld+json\" class=\"yoast-schema-graph\">{\"@context\":\"https:\\\/\\\/schema.org\",\"@graph\":[{\"@type\":\"WebPage\",\"@id\":\"https:\\\/\\\/www.comprarmejor.es\\\/en\\\/product\\\/book-of-hours-of-the-virgin-weaver-s-xv\\\/\",\"url\":\"https:\\\/\\\/www.comprarmejor.es\\\/en\\\/product\\\/book-of-hours-of-the-virgin-weaver-s-xv\\\/\",\"name\":\"Book of Hours of the Virgin Weaver, s. XV\",\"isPartOf\":{\"@id\":\"https:\\\/\\\/www.comprarmejor.es\\\/en\\\/#website\"},\"primaryImageOfPage\":{\"@id\":\"https:\\\/\\\/www.comprarmejor.es\\\/en\\\/product\\\/book-of-hours-of-the-virgin-weaver-s-xv\\\/#primaryimage\"},\"image\":{\"@id\":\"https:\\\/\\\/www.comprarmejor.es\\\/en\\\/product\\\/book-of-hours-of-the-virgin-weaver-s-xv\\\/#primaryimage\"},\"thumbnailUrl\":\"https:\\\/\\\/www.comprarmejor.es\\\/wp-content\\\/uploads\\\/2016\\\/04\\\/p_6_3_9_7_6397-Libro-de-Horas-de-la-Virgen-Tejedora-s.-XV.jpg\",\"datePublished\":\"2016-04-25T11:02:02+00:00\",\"dateModified\":\"2020-05-06T20:43:55+00:00\",\"description\":\"This manuscript is made with a very thin vellum and very cleared pigments, excellent craftsmanship and being exquisite decoration and illustration; the lack of\",\"breadcrumb\":{\"@id\":\"https:\\\/\\\/www.comprarmejor.es\\\/en\\\/product\\\/book-of-hours-of-the-virgin-weaver-s-xv\\\/#breadcrumb\"},\"inLanguage\":\"en-US\",\"potentialAction\":[{\"@type\":\"ReadAction\",\"target\":[\"https:\\\/\\\/www.comprarmejor.es\\\/en\\\/product\\\/book-of-hours-of-the-virgin-weaver-s-xv\\\/\"]}]},{\"@type\":\"ImageObject\",\"inLanguage\":\"en-US\",\"@id\":\"https:\\\/\\\/www.comprarmejor.es\\\/en\\\/product\\\/book-of-hours-of-the-virgin-weaver-s-xv\\\/#primaryimage\",\"url\":\"https:\\\/\\\/www.comprarmejor.es\\\/wp-content\\\/uploads\\\/2016\\\/04\\\/p_6_3_9_7_6397-Libro-de-Horas-de-la-Virgen-Tejedora-s.-XV.jpg\",\"contentUrl\":\"https:\\\/\\\/www.comprarmejor.es\\\/wp-content\\\/uploads\\\/2016\\\/04\\\/p_6_3_9_7_6397-Libro-de-Horas-de-la-Virgen-Tejedora-s.-XV.jpg\",\"width\":600,\"height\":600},{\"@type\":\"BreadcrumbList\",\"@id\":\"https:\\\/\\\/www.comprarmejor.es\\\/en\\\/product\\\/book-of-hours-of-the-virgin-weaver-s-xv\\\/#breadcrumb\",\"itemListElement\":[{\"@type\":\"ListItem\",\"position\":1,\"name\":\"Portada\",\"item\":\"https:\\\/\\\/www.comprarmejor.es\\\/en\\\/\"},{\"@type\":\"ListItem\",\"position\":2,\"name\":\"Shop\",\"item\":\"https:\\\/\\\/www.comprarmejor.es\\\/en\\\/shop\\\/\"},{\"@type\":\"ListItem\",\"position\":3,\"name\":\"Book of Hours of the Virgin Weaver, s. XV\"}]},{\"@type\":\"WebSite\",\"@id\":\"https:\\\/\\\/www.comprarmejor.es\\\/en\\\/#website\",\"url\":\"https:\\\/\\\/www.comprarmejor.es\\\/en\\\/\",\"name\":\"ComprarMejor\",\"description\":\"ComprarMejor\",\"publisher\":{\"@id\":\"https:\\\/\\\/www.comprarmejor.es\\\/en\\\/#organization\"},\"potentialAction\":[{\"@type\":\"SearchAction\",\"target\":{\"@type\":\"EntryPoint\",\"urlTemplate\":\"https:\\\/\\\/www.comprarmejor.es\\\/en\\\/?s={search_term_string}\"},\"query-input\":{\"@type\":\"PropertyValueSpecification\",\"valueRequired\":true,\"valueName\":\"search_term_string\"}}],\"inLanguage\":\"en-US\"},{\"@type\":\"Organization\",\"@id\":\"https:\\\/\\\/www.comprarmejor.es\\\/en\\\/#organization\",\"name\":\"COMPRAR MEJOR\",\"url\":\"https:\\\/\\\/www.comprarmejor.es\\\/en\\\/\",\"logo\":{\"@type\":\"ImageObject\",\"inLanguage\":\"en-US\",\"@id\":\"https:\\\/\\\/www.comprarmejor.es\\\/en\\\/#\\\/schema\\\/logo\\\/image\\\/\",\"url\":\"https:\\\/\\\/www.comprarmejor.es\\\/wp-content\\\/uploads\\\/2025\\\/09\\\/comprarmejortrinidad.jpg\",\"contentUrl\":\"https:\\\/\\\/www.comprarmejor.es\\\/wp-content\\\/uploads\\\/2025\\\/09\\\/comprarmejortrinidad.jpg\",\"width\":1022,\"height\":1380,\"caption\":\"COMPRAR MEJOR\"},\"image\":{\"@id\":\"https:\\\/\\\/www.comprarmejor.es\\\/en\\\/#\\\/schema\\\/logo\\\/image\\\/\"},\"sameAs\":[\"https:\\\/\\\/www.instagram.com\\\/amigosdelcodice\"]}]}<\/script>\n<!-- \/ Yoast SEO plugin. -->","yoast_head_json":{"title":"Book of Hours of the Virgin Weaver, s. XV","description":"This manuscript is made with a very thin vellum and very cleared pigments, excellent craftsmanship and being exquisite decoration and illustration; the lack of","robots":{"index":"index","follow":"follow","max-snippet":"max-snippet:-1","max-image-preview":"max-image-preview:large","max-video-preview":"max-video-preview:-1"},"canonical":"https:\/\/www.comprarmejor.es\/en\/product\/book-of-hours-of-the-virgin-weaver-s-xv\/","og_locale":"en_US","og_type":"article","og_title":"Book of Hours of the Virgin Weaver, s. XV","og_description":"This manuscript is made with a very thin vellum and very cleared pigments, excellent craftsmanship and being exquisite decoration and illustration; the lack of","og_url":"https:\/\/www.comprarmejor.es\/en\/product\/book-of-hours-of-the-virgin-weaver-s-xv\/","og_site_name":"ComprarMejor","article_modified_time":"2020-05-06T20:43:55+00:00","og_image":[{"width":600,"height":600,"url":"https:\/\/www.comprarmejor.es\/wp-content\/uploads\/2016\/04\/p_6_3_9_7_6397-Libro-de-Horas-de-la-Virgen-Tejedora-s.-XV.jpg","type":"image\/jpeg"}],"twitter_card":"summary_large_image","twitter_misc":{"Est. reading time":"1 minute"},"schema":{"@context":"https:\/\/schema.org","@graph":[{"@type":"WebPage","@id":"https:\/\/www.comprarmejor.es\/en\/product\/book-of-hours-of-the-virgin-weaver-s-xv\/","url":"https:\/\/www.comprarmejor.es\/en\/product\/book-of-hours-of-the-virgin-weaver-s-xv\/","name":"Book of Hours of the Virgin Weaver, s. XV","isPartOf":{"@id":"https:\/\/www.comprarmejor.es\/en\/#website"},"primaryImageOfPage":{"@id":"https:\/\/www.comprarmejor.es\/en\/product\/book-of-hours-of-the-virgin-weaver-s-xv\/#primaryimage"},"image":{"@id":"https:\/\/www.comprarmejor.es\/en\/product\/book-of-hours-of-the-virgin-weaver-s-xv\/#primaryimage"},"thumbnailUrl":"https:\/\/www.comprarmejor.es\/wp-content\/uploads\/2016\/04\/p_6_3_9_7_6397-Libro-de-Horas-de-la-Virgen-Tejedora-s.-XV.jpg","datePublished":"2016-04-25T11:02:02+00:00","dateModified":"2020-05-06T20:43:55+00:00","description":"This manuscript is made with a very thin vellum and very cleared pigments, excellent craftsmanship and being exquisite decoration and illustration; the lack of","breadcrumb":{"@id":"https:\/\/www.comprarmejor.es\/en\/product\/book-of-hours-of-the-virgin-weaver-s-xv\/#breadcrumb"},"inLanguage":"en-US","potentialAction":[{"@type":"ReadAction","target":["https:\/\/www.comprarmejor.es\/en\/product\/book-of-hours-of-the-virgin-weaver-s-xv\/"]}]},{"@type":"ImageObject","inLanguage":"en-US","@id":"https:\/\/www.comprarmejor.es\/en\/product\/book-of-hours-of-the-virgin-weaver-s-xv\/#primaryimage","url":"https:\/\/www.comprarmejor.es\/wp-content\/uploads\/2016\/04\/p_6_3_9_7_6397-Libro-de-Horas-de-la-Virgen-Tejedora-s.-XV.jpg","contentUrl":"https:\/\/www.comprarmejor.es\/wp-content\/uploads\/2016\/04\/p_6_3_9_7_6397-Libro-de-Horas-de-la-Virgen-Tejedora-s.-XV.jpg","width":600,"height":600},{"@type":"BreadcrumbList","@id":"https:\/\/www.comprarmejor.es\/en\/product\/book-of-hours-of-the-virgin-weaver-s-xv\/#breadcrumb","itemListElement":[{"@type":"ListItem","position":1,"name":"Portada","item":"https:\/\/www.comprarmejor.es\/en\/"},{"@type":"ListItem","position":2,"name":"Shop","item":"https:\/\/www.comprarmejor.es\/en\/shop\/"},{"@type":"ListItem","position":3,"name":"Book of Hours of the Virgin Weaver, s. XV"}]},{"@type":"WebSite","@id":"https:\/\/www.comprarmejor.es\/en\/#website","url":"https:\/\/www.comprarmejor.es\/en\/","name":"ComprarMejor","description":"ComprarMejor","publisher":{"@id":"https:\/\/www.comprarmejor.es\/en\/#organization"},"potentialAction":[{"@type":"SearchAction","target":{"@type":"EntryPoint","urlTemplate":"https:\/\/www.comprarmejor.es\/en\/?s={search_term_string}"},"query-input":{"@type":"PropertyValueSpecification","valueRequired":true,"valueName":"search_term_string"}}],"inLanguage":"en-US"},{"@type":"Organization","@id":"https:\/\/www.comprarmejor.es\/en\/#organization","name":"COMPRAR MEJOR","url":"https:\/\/www.comprarmejor.es\/en\/","logo":{"@type":"ImageObject","inLanguage":"en-US","@id":"https:\/\/www.comprarmejor.es\/en\/#\/schema\/logo\/image\/","url":"https:\/\/www.comprarmejor.es\/wp-content\/uploads\/2025\/09\/comprarmejortrinidad.jpg","contentUrl":"https:\/\/www.comprarmejor.es\/wp-content\/uploads\/2025\/09\/comprarmejortrinidad.jpg","width":1022,"height":1380,"caption":"COMPRAR MEJOR"},"image":{"@id":"https:\/\/www.comprarmejor.es\/en\/#\/schema\/logo\/image\/"},"sameAs":["https:\/\/www.instagram.com\/amigosdelcodice"]}]}},"_links":{"self":[{"href":"https:\/\/www.comprarmejor.es\/en\/wp-json\/wp\/v2\/product\/53585","targetHints":{"allow":["GET"]}}],"collection":[{"href":"https:\/\/www.comprarmejor.es\/en\/wp-json\/wp\/v2\/product"}],"about":[{"href":"https:\/\/www.comprarmejor.es\/en\/wp-json\/wp\/v2\/types\/product"}],"wp:featuredmedia":[{"embeddable":true,"href":"https:\/\/www.comprarmejor.es\/en\/wp-json\/wp\/v2\/media\/53577"}],"wp:attachment":[{"href":"https:\/\/www.comprarmejor.es\/en\/wp-json\/wp\/v2\/media?parent=53585"}],"wp:term":[{"taxonomy":"product_brand","embeddable":true,"href":"https:\/\/www.comprarmejor.es\/en\/wp-json\/wp\/v2\/product_brand?post=53585"},{"taxonomy":"product_cat","embeddable":true,"href":"https:\/\/www.comprarmejor.es\/en\/wp-json\/wp\/v2\/product_cat?post=53585"},{"taxonomy":"product_tag","embeddable":true,"href":"https:\/\/www.comprarmejor.es\/en\/wp-json\/wp\/v2\/product_tag?post=53585"}],"curies":[{"name":"wp","href":"https:\/\/api.w.org\/{rel}","templated":true}]}}