{"id":53597,"date":"2016-04-29T12:21:40","date_gmt":"2016-04-29T10:21:40","guid":{"rendered":"https:\/\/www.comprarmejor.es\/producto\/armorial-of-salamanca-c-1518\/"},"modified":"2026-05-03T11:15:26","modified_gmt":"2026-05-03T09:15:26","slug":"armorial-of-salamanca-c-1518","status":"publish","type":"product","link":"https:\/\/www.comprarmejor.es\/en\/product\/armorial-of-salamanca-c-1518\/","title":{"rendered":"Armorial of Salamanca, c. 1518"},"content":{"rendered":"<p><span class=\"HwtZe\" lang=\"en\"><span class=\"jCAhz ChMk0b\"><span class=\"ryNqvb\">ARTICLE FOR INFORMATIONAL PURPOSES ONLY<\/span><\/span><\/span><\/p>\n<p style=\"text-align: justify;\"><span id=\"result_box\" lang=\"en\" xml:lang=\"en\"><span title=\"El Armorial de Salamanca de Steve Tamborino, realizado entre los a\u00f1os 1516 y 1519, formaba parte de los fondos bibliogr\u00e1ficos del Colegio Mayor de Cuenca, en Salamanca, hasta principios del siglo XIX cuando pas\u00f3 a la Biblioteca Real del Palacio de Oriente de Madrid, por\">The Armorial Salamanca Steve Tamborino, conducted between 1516 and 1519, was part of the holdings of the College of Cuenca, in Salamanca, until the early nineteenth century when it became the Royal Library of the Palacio de Oriente in Madrid, for <\/span><span title=\"lo que durante mucho tiempo el manuscrito fue conocido como el Armorial de la Real Armer\u00eda.\">so for a long time the manuscript was known as the Royal Armouries Armorial. <\/span><span title=\"En 1954 volvi\u00f3 a Salamanca y fue depositado en la Biblioteca Universitaria.\">In 1954 he returned to Salamanca and was deposited in the University Library.<\/span><\/span><\/p>\n<p style=\"text-align: justify;\"><span title=\"Los armoriales de Steve Tamborino son de suma importancia para el conocimiento de la her\u00e1ldica hisp\u00e1nica de finales del siglo XV y principios del XVI.\">The armorials Steve Tamborino are important for knowledge of Spanish heraldry of the late fifteenth and early sixteenth century. <\/span><span title=\"Dispon\u00eda de un excelente dibujante que pint\u00f3 los escudos con n\u00edtida perfecci\u00f3n y un cabal conocimiento de las caracter\u00edsticas y peculiaridades, a veces min\u00fasculas, del dise\u00f1o her\u00e1ldico.\">It provided an excellent artist who painted the shields with crisp perfection and a thorough understanding of the characteristics and peculiarities, sometimes sensitive, the heraldic design. <\/span><span title=\"Por su parte, Tamborino, dominaba el dif\u00edcil arte de blasonar, o sea, el de dar con las m\u00ednimas e imprescindibles palabras una descripci\u00f3n inequ\u00edvoca de un escudo, de tal suerte que un buen conocedor de la materia se los imaginaba sin error ni duda.\">Meanwhile, Tamborino dominated the difficult art of blazon, that is, of finding the minimum and essential words an unequivocal description of a shield, in such a way that a good knowledge of the matter imagined without error or doubt.<\/span><\/p>\n<p style=\"text-align: justify;\"><span title=\"Edici\u00f3n facs\u00edmile exclusiva, limitada a tan s\u00f3lo 350 ejemplares y numerada notarialmente.\">Limited to only 350 numbered copies and notarized. Exclusive facsimile edition <\/span><span title=\"Una de las ediciones m\u00e1s cortas por volumen de ejemplares que se han realizado hasta la fecha, lo que contribuye tambi\u00e9n a aumentar su valor.\">One of the shorter volume of copies that have been made to date, which also contributes to increase in value issues. <\/span><span title=\"Facs\u00edmile encuadernado artesanalmente en piel verde con metales dorados en esquinas, cierres y portada.\">Fax handmade bound in green leather with gold metal corners, locks and cover. <\/span><span title=\"21,5 x 28 cm.\">21.5 x 28 cm. <\/span><span title=\"166 p\u00e1ginas de papel de gran calidad ondulado simulando el pergamino.\">166 pages of paper simulating high quality corrugated parchment.<\/span><\/p>\n<p style=\"text-align: justify;\"><span title=\"El libro estudio que lo acompa\u00f1a, como es normal en todo tipo de estas obras, contiene adem\u00e1s la transcripci\u00f3n completa de los blasonamientos con una fotograf\u00eda de cada p\u00e1gina del manuscrito original (se echa de menos que la editorial en su momento no incluyera unas p\u00e1ginas m\u00e1s\">The book accompanying study, as is normal in all of these works, also it contains the complete transcription of blasonamientos with a picture of each page of the original manuscript (it misses the publisher at the time did not include a few pages <\/span><span title=\"con la traducci\u00f3n de los textos al espa\u00f1ol) y un \u00edndice alfab\u00e9tico de los escudos integrantes de este Armorial.\">the translation of texts into Spanish) and an index of the members of this Armorial shields. <\/span><span title=\"El libro estudio est\u00e1 encuadernado en lomo piel y tela, a juego con el facs\u00edmile, 200 p\u00e1ginas, 21,5 x 27,5 cm.\">The study book is bound in leather and fabric back to match facsimile, 200 pages, 21.5 x 27.5 cm. <\/span><span title=\"Estudio realizado por Mart\u00edn de Riquer, de la Real Academia Espa\u00f1ola.\">Study by Martin de Riquer, of the Royal Spanish Academy.<\/span><\/p>\n<p style=\"text-align: justify;\"><span title=\"Facs\u00edmile y libro estudio se entregan en una caja estuche de madera forrada de fina tela roja de medidas 267 x 330 x 96 mm., y un peso de 4,15 kgs.\"><span lang=\"en\" xml:lang=\"en\"><span class=\"hps\"><span lang=\"en\" xml:lang=\"en\">The publisher delivers this extraordinary work in a box wooden case lined in fine red cloth, of very poor quality and suitable for delivery and little else. Inside they are both facsimile of the codex and the book study.<\/span><\/span><\/span><\/span><\/p>\n<p style=\"text-align: justify;\"><span title=\"Gastos de env\u00edo por cuenta del comprador, seg\u00fan pedido y destino.\">Retail Price: 3.340 \u20ac. <\/span><span title=\"Cons\u00faltenos cualquier duda, as\u00ed como por cualquier otro facs\u00edmile que est\u00e9 buscando.\"><a class=\"btn btn-default\" href=\"https:\/\/www.comprarmejor.es\/en\/contact\/\">Ask us<\/a> any questions and any other fax you are looking for.<\/span><\/p>\n","protected":false},"excerpt":{"rendered":"<p style=\"text-align: justify;\"><span id=\"result_box\" lang=\"en\" xml:lang=\"en\"><span title=\"El Armorial de Salamanca de Steve Tamborino, realizado entre los a\u00f1os 1516 y 1519, formaba parte de los fondos bibliogr\u00e1ficos del Colegio Mayor de Cuenca, en Salamanca, hasta principios del siglo XIX cuando pas\u00f3 a la Biblioteca Real del Palacio de Oriente de Madrid, por\">The Armorial Salamanca Steve Tamborino, conducted between 1516 and 1519, was part of the holdings of the College of Cuenca, in Salamanca, until the early nineteenth century when it became the Royal Library of the Palacio de Oriente in Madrid, for <\/span><span title=\"lo que durante mucho tiempo el manuscrito fue conocido como el Armorial de la Real Armer\u00eda.\">so for a long time the manuscript was known as the Royal Armouries Armorial.<\/span><\/span><\/p>\n","protected":false},"featured_media":53587,"template":"","meta":[],"product_brand":[],"product_cat":[2250],"product_tag":[4368,4370,3985,4369],"class_list":{"0":"post-53597","1":"product","2":"type-product","3":"status-publish","4":"has-post-thumbnail","6":"product_cat-other-facsimiles","7":"product_tag-armorial-en","8":"product_tag-salamanca-en","9":"product_tag-scriptorium-en","10":"product_tag-tamborino-en","11":"description-off","13":"first","14":"instock","15":"taxable","16":"shipping-taxable","17":"purchasable","18":"product-type-simple"},"yoast_head":"<!-- This site is optimized with the Yoast SEO plugin v27.3 - https:\/\/yoast.com\/product\/yoast-seo-wordpress\/ -->\n<title>Armorial of Salamanca, c. 1518, of Steve Tamborino<\/title>\n<meta name=\"description\" content=\"The armorials Steve Tamborino are of utmost importance for knowledge of Spanish heraldry of the late fifteenth and early sixteenth century.\" \/>\n<meta name=\"robots\" content=\"index, follow, max-snippet:-1, max-image-preview:large, max-video-preview:-1\" \/>\n<link rel=\"canonical\" href=\"https:\/\/www.comprarmejor.es\/en\/product\/armorial-of-salamanca-c-1518\/\" \/>\n<meta property=\"og:locale\" content=\"en_US\" \/>\n<meta property=\"og:type\" content=\"article\" \/>\n<meta property=\"og:title\" content=\"Armorial of Salamanca, c. 1518, of Steve Tamborino\" \/>\n<meta property=\"og:description\" content=\"The armorials Steve Tamborino are of utmost importance for knowledge of Spanish heraldry of the late fifteenth and early sixteenth century.\" \/>\n<meta property=\"og:url\" content=\"https:\/\/www.comprarmejor.es\/en\/product\/armorial-of-salamanca-c-1518\/\" \/>\n<meta property=\"og:site_name\" content=\"ComprarMejor\" \/>\n<meta property=\"article:modified_time\" content=\"2026-05-03T09:15:26+00:00\" \/>\n<meta property=\"og:image\" content=\"https:\/\/www.comprarmejor.es\/wp-content\/uploads\/2016\/04\/p_6_6_8_2_6682-Armorial-de-Salamanca-c.-1518.jpg\" \/>\n\t<meta property=\"og:image:width\" content=\"599\" \/>\n\t<meta property=\"og:image:height\" content=\"449\" \/>\n\t<meta property=\"og:image:type\" content=\"image\/jpeg\" \/>\n<meta name=\"twitter:card\" content=\"summary_large_image\" \/>\n<meta name=\"twitter:label1\" content=\"Est. reading time\" \/>\n\t<meta name=\"twitter:data1\" content=\"2 minutes\" \/>\n<script type=\"application\/ld+json\" class=\"yoast-schema-graph\">{\"@context\":\"https:\\\/\\\/schema.org\",\"@graph\":[{\"@type\":\"WebPage\",\"@id\":\"https:\\\/\\\/www.comprarmejor.es\\\/en\\\/product\\\/armorial-of-salamanca-c-1518\\\/\",\"url\":\"https:\\\/\\\/www.comprarmejor.es\\\/en\\\/product\\\/armorial-of-salamanca-c-1518\\\/\",\"name\":\"Armorial of Salamanca, c. 1518, of Steve Tamborino\",\"isPartOf\":{\"@id\":\"https:\\\/\\\/www.comprarmejor.es\\\/en\\\/#website\"},\"primaryImageOfPage\":{\"@id\":\"https:\\\/\\\/www.comprarmejor.es\\\/en\\\/product\\\/armorial-of-salamanca-c-1518\\\/#primaryimage\"},\"image\":{\"@id\":\"https:\\\/\\\/www.comprarmejor.es\\\/en\\\/product\\\/armorial-of-salamanca-c-1518\\\/#primaryimage\"},\"thumbnailUrl\":\"https:\\\/\\\/www.comprarmejor.es\\\/wp-content\\\/uploads\\\/2016\\\/04\\\/p_6_6_8_2_6682-Armorial-de-Salamanca-c.-1518.jpg\",\"datePublished\":\"2016-04-29T10:21:40+00:00\",\"dateModified\":\"2026-05-03T09:15:26+00:00\",\"description\":\"The armorials Steve Tamborino are of utmost importance for knowledge of Spanish heraldry of the late fifteenth and early sixteenth century.\",\"breadcrumb\":{\"@id\":\"https:\\\/\\\/www.comprarmejor.es\\\/en\\\/product\\\/armorial-of-salamanca-c-1518\\\/#breadcrumb\"},\"inLanguage\":\"en-US\",\"potentialAction\":[{\"@type\":\"ReadAction\",\"target\":[\"https:\\\/\\\/www.comprarmejor.es\\\/en\\\/product\\\/armorial-of-salamanca-c-1518\\\/\"]}]},{\"@type\":\"ImageObject\",\"inLanguage\":\"en-US\",\"@id\":\"https:\\\/\\\/www.comprarmejor.es\\\/en\\\/product\\\/armorial-of-salamanca-c-1518\\\/#primaryimage\",\"url\":\"https:\\\/\\\/www.comprarmejor.es\\\/wp-content\\\/uploads\\\/2016\\\/04\\\/p_6_6_8_2_6682-Armorial-de-Salamanca-c.-1518.jpg\",\"contentUrl\":\"https:\\\/\\\/www.comprarmejor.es\\\/wp-content\\\/uploads\\\/2016\\\/04\\\/p_6_6_8_2_6682-Armorial-de-Salamanca-c.-1518.jpg\",\"width\":599,\"height\":449},{\"@type\":\"BreadcrumbList\",\"@id\":\"https:\\\/\\\/www.comprarmejor.es\\\/en\\\/product\\\/armorial-of-salamanca-c-1518\\\/#breadcrumb\",\"itemListElement\":[{\"@type\":\"ListItem\",\"position\":1,\"name\":\"Portada\",\"item\":\"https:\\\/\\\/www.comprarmejor.es\\\/en\\\/\"},{\"@type\":\"ListItem\",\"position\":2,\"name\":\"Shop\",\"item\":\"https:\\\/\\\/www.comprarmejor.es\\\/en\\\/shop\\\/\"},{\"@type\":\"ListItem\",\"position\":3,\"name\":\"Armorial of Salamanca, c. 1518\"}]},{\"@type\":\"WebSite\",\"@id\":\"https:\\\/\\\/www.comprarmejor.es\\\/en\\\/#website\",\"url\":\"https:\\\/\\\/www.comprarmejor.es\\\/en\\\/\",\"name\":\"ComprarMejor\",\"description\":\"ComprarMejor\",\"publisher\":{\"@id\":\"https:\\\/\\\/www.comprarmejor.es\\\/en\\\/#organization\"},\"potentialAction\":[{\"@type\":\"SearchAction\",\"target\":{\"@type\":\"EntryPoint\",\"urlTemplate\":\"https:\\\/\\\/www.comprarmejor.es\\\/en\\\/?s={search_term_string}\"},\"query-input\":{\"@type\":\"PropertyValueSpecification\",\"valueRequired\":true,\"valueName\":\"search_term_string\"}}],\"inLanguage\":\"en-US\"},{\"@type\":\"Organization\",\"@id\":\"https:\\\/\\\/www.comprarmejor.es\\\/en\\\/#organization\",\"name\":\"COMPRAR MEJOR\",\"url\":\"https:\\\/\\\/www.comprarmejor.es\\\/en\\\/\",\"logo\":{\"@type\":\"ImageObject\",\"inLanguage\":\"en-US\",\"@id\":\"https:\\\/\\\/www.comprarmejor.es\\\/en\\\/#\\\/schema\\\/logo\\\/image\\\/\",\"url\":\"https:\\\/\\\/www.comprarmejor.es\\\/wp-content\\\/uploads\\\/2025\\\/09\\\/comprarmejortrinidad.jpg\",\"contentUrl\":\"https:\\\/\\\/www.comprarmejor.es\\\/wp-content\\\/uploads\\\/2025\\\/09\\\/comprarmejortrinidad.jpg\",\"width\":1022,\"height\":1380,\"caption\":\"COMPRAR MEJOR\"},\"image\":{\"@id\":\"https:\\\/\\\/www.comprarmejor.es\\\/en\\\/#\\\/schema\\\/logo\\\/image\\\/\"},\"sameAs\":[\"https:\\\/\\\/www.instagram.com\\\/amigosdelcodice\"]}]}<\/script>\n<!-- \/ Yoast SEO plugin. -->","yoast_head_json":{"title":"Armorial of Salamanca, c. 1518, of Steve Tamborino","description":"The armorials Steve Tamborino are of utmost importance for knowledge of Spanish heraldry of the late fifteenth and early sixteenth century.","robots":{"index":"index","follow":"follow","max-snippet":"max-snippet:-1","max-image-preview":"max-image-preview:large","max-video-preview":"max-video-preview:-1"},"canonical":"https:\/\/www.comprarmejor.es\/en\/product\/armorial-of-salamanca-c-1518\/","og_locale":"en_US","og_type":"article","og_title":"Armorial of Salamanca, c. 1518, of Steve Tamborino","og_description":"The armorials Steve Tamborino are of utmost importance for knowledge of Spanish heraldry of the late fifteenth and early sixteenth century.","og_url":"https:\/\/www.comprarmejor.es\/en\/product\/armorial-of-salamanca-c-1518\/","og_site_name":"ComprarMejor","article_modified_time":"2026-05-03T09:15:26+00:00","og_image":[{"width":599,"height":449,"url":"https:\/\/www.comprarmejor.es\/wp-content\/uploads\/2016\/04\/p_6_6_8_2_6682-Armorial-de-Salamanca-c.-1518.jpg","type":"image\/jpeg"}],"twitter_card":"summary_large_image","twitter_misc":{"Est. reading time":"2 minutes"},"schema":{"@context":"https:\/\/schema.org","@graph":[{"@type":"WebPage","@id":"https:\/\/www.comprarmejor.es\/en\/product\/armorial-of-salamanca-c-1518\/","url":"https:\/\/www.comprarmejor.es\/en\/product\/armorial-of-salamanca-c-1518\/","name":"Armorial of Salamanca, c. 1518, of Steve Tamborino","isPartOf":{"@id":"https:\/\/www.comprarmejor.es\/en\/#website"},"primaryImageOfPage":{"@id":"https:\/\/www.comprarmejor.es\/en\/product\/armorial-of-salamanca-c-1518\/#primaryimage"},"image":{"@id":"https:\/\/www.comprarmejor.es\/en\/product\/armorial-of-salamanca-c-1518\/#primaryimage"},"thumbnailUrl":"https:\/\/www.comprarmejor.es\/wp-content\/uploads\/2016\/04\/p_6_6_8_2_6682-Armorial-de-Salamanca-c.-1518.jpg","datePublished":"2016-04-29T10:21:40+00:00","dateModified":"2026-05-03T09:15:26+00:00","description":"The armorials Steve Tamborino are of utmost importance for knowledge of Spanish heraldry of the late fifteenth and early sixteenth century.","breadcrumb":{"@id":"https:\/\/www.comprarmejor.es\/en\/product\/armorial-of-salamanca-c-1518\/#breadcrumb"},"inLanguage":"en-US","potentialAction":[{"@type":"ReadAction","target":["https:\/\/www.comprarmejor.es\/en\/product\/armorial-of-salamanca-c-1518\/"]}]},{"@type":"ImageObject","inLanguage":"en-US","@id":"https:\/\/www.comprarmejor.es\/en\/product\/armorial-of-salamanca-c-1518\/#primaryimage","url":"https:\/\/www.comprarmejor.es\/wp-content\/uploads\/2016\/04\/p_6_6_8_2_6682-Armorial-de-Salamanca-c.-1518.jpg","contentUrl":"https:\/\/www.comprarmejor.es\/wp-content\/uploads\/2016\/04\/p_6_6_8_2_6682-Armorial-de-Salamanca-c.-1518.jpg","width":599,"height":449},{"@type":"BreadcrumbList","@id":"https:\/\/www.comprarmejor.es\/en\/product\/armorial-of-salamanca-c-1518\/#breadcrumb","itemListElement":[{"@type":"ListItem","position":1,"name":"Portada","item":"https:\/\/www.comprarmejor.es\/en\/"},{"@type":"ListItem","position":2,"name":"Shop","item":"https:\/\/www.comprarmejor.es\/en\/shop\/"},{"@type":"ListItem","position":3,"name":"Armorial of Salamanca, c. 1518"}]},{"@type":"WebSite","@id":"https:\/\/www.comprarmejor.es\/en\/#website","url":"https:\/\/www.comprarmejor.es\/en\/","name":"ComprarMejor","description":"ComprarMejor","publisher":{"@id":"https:\/\/www.comprarmejor.es\/en\/#organization"},"potentialAction":[{"@type":"SearchAction","target":{"@type":"EntryPoint","urlTemplate":"https:\/\/www.comprarmejor.es\/en\/?s={search_term_string}"},"query-input":{"@type":"PropertyValueSpecification","valueRequired":true,"valueName":"search_term_string"}}],"inLanguage":"en-US"},{"@type":"Organization","@id":"https:\/\/www.comprarmejor.es\/en\/#organization","name":"COMPRAR MEJOR","url":"https:\/\/www.comprarmejor.es\/en\/","logo":{"@type":"ImageObject","inLanguage":"en-US","@id":"https:\/\/www.comprarmejor.es\/en\/#\/schema\/logo\/image\/","url":"https:\/\/www.comprarmejor.es\/wp-content\/uploads\/2025\/09\/comprarmejortrinidad.jpg","contentUrl":"https:\/\/www.comprarmejor.es\/wp-content\/uploads\/2025\/09\/comprarmejortrinidad.jpg","width":1022,"height":1380,"caption":"COMPRAR MEJOR"},"image":{"@id":"https:\/\/www.comprarmejor.es\/en\/#\/schema\/logo\/image\/"},"sameAs":["https:\/\/www.instagram.com\/amigosdelcodice"]}]}},"_links":{"self":[{"href":"https:\/\/www.comprarmejor.es\/en\/wp-json\/wp\/v2\/product\/53597","targetHints":{"allow":["GET"]}}],"collection":[{"href":"https:\/\/www.comprarmejor.es\/en\/wp-json\/wp\/v2\/product"}],"about":[{"href":"https:\/\/www.comprarmejor.es\/en\/wp-json\/wp\/v2\/types\/product"}],"wp:featuredmedia":[{"embeddable":true,"href":"https:\/\/www.comprarmejor.es\/en\/wp-json\/wp\/v2\/media\/53587"}],"wp:attachment":[{"href":"https:\/\/www.comprarmejor.es\/en\/wp-json\/wp\/v2\/media?parent=53597"}],"wp:term":[{"taxonomy":"product_brand","embeddable":true,"href":"https:\/\/www.comprarmejor.es\/en\/wp-json\/wp\/v2\/product_brand?post=53597"},{"taxonomy":"product_cat","embeddable":true,"href":"https:\/\/www.comprarmejor.es\/en\/wp-json\/wp\/v2\/product_cat?post=53597"},{"taxonomy":"product_tag","embeddable":true,"href":"https:\/\/www.comprarmejor.es\/en\/wp-json\/wp\/v2\/product_tag?post=53597"}],"curies":[{"name":"wp","href":"https:\/\/api.w.org\/{rel}","templated":true}]}}