{"id":53675,"date":"2016-05-27T12:48:47","date_gmt":"2016-05-27T10:48:47","guid":{"rendered":"https:\/\/www.comprarmejor.es\/producto\/1951-don-quixote-very-illustrated-edition\/"},"modified":"2024-02-16T10:44:25","modified_gmt":"2024-02-16T09:44:25","slug":"the-life-of-the-virgin-mary-16th-century-on-natural-parchment-5","status":"publish","type":"product","link":"https:\/\/www.comprarmejor.es\/en\/product\/the-life-of-the-virgin-mary-16th-century-on-natural-parchment-5\/","title":{"rendered":"The Life of the Virgin Mary, 16th century (on natural parchment) (5*+)"},"content":{"rendered":"<p style=\"text-align: justify;\">Extraordinary and superb facsimile edition on natural parchment from the Scriptorium publishing house from the year 2023 of the manuscript Leber 146 from the Municipal Library of Rouen (France). A true pictorial museum and a 5-star plus in its Library!<\/p>\n<p style=\"text-align: justify;\">The Life of the Virgin Mary, masterpiece of the library of Francis I. Splendid codex from the 16th century (dated c. 1548) completely minimized with full-page illuminations, without margins, turning it into a small (but large and spectacular) pictorial museum of the French Renaissance.<\/p>\n<p style=\"text-align: justify;\">The grandeur of the pages of this codex indicates, without any doubt, that it was made for a great monarch, Francis I, considered the emblematic monarch of the French Renaissance. His reign allowed an important development of arts and letters in France.<\/p>\n<p style=\"text-align: justify;\">The artist who carried out this ambitious project wanted to make it clear in several of its pages who he was addressing. Proof of this is the miniature in which a portrait of the monarch appears, as well as that of the author on his knees presenting the book to his king. This same miniature includes a dedication inscribed in gold letters. A new dedication will appear in the second folio and, for the third time, at the end of the book.<\/p>\n<p style=\"text-align: justify;\">In several of the miniatures of this beautiful codex, the fleur-de-lys appears, as well as the coat of arms and the emblem of the monarch which is, as is well known, a salamander in a brazier.<\/p>\n<p style=\"text-align: justify;\">However, given the complexity and richness of its pages, this work could not be completed under the reign of Francis I and it was in 1548 when this work saw the light, when Henry II was king of France.<\/p>\n<p style=\"text-align: justify;\">Scenes from the life of the Virgin Mary illustrate the pages of this manuscript, from her birth to her Transition.<\/p>\n<p style=\"text-align: justify;\">The artist adheres to the canons of the time in the execution of the miniatures. The real magnificence of this work is once again evident in the treatment that the author gives to curtains, tablecloths, canopies&#8230; making many of the settings that accompany the figure of the Virgin recreate authentic palatial environments.<\/p>\n<p style=\"text-align: justify;\">Each of its wonderful 46 illuminated pages appears as a unicum within the panorama of French art of the central years of the 16th century, both for its originality and decorative exuberance and for the peculiar style of its scenes.<\/p>\n<p style=\"text-align: justify;\">The Life of the Virgin Mary is revealed as a very interesting example of the end of French miniature that exemplifies, like few others, the diffusion of Fontainebleau models in French art with all its load of fantasy and imagination.<\/p>\n<p style=\"text-align: justify;\">The edition on natural parchment (not parchment paper, nor pergamenata paper, but 100% natural lamb parchment in the traditional way, without chemical treatments), is extremely complex and unique, and makes each of its copies an original copy of the manuscript from the 16th century, especially when an accelerated aging process of about 100 years has been added to the copies of this edition, in a laborious and artisanal process, resulting in a spectacular work as if it were a medieval manuscript. The use of parchment as a support, an organic natural element, as well as manual processes in each copy, including flat and relief gold, according to the illuminations and as found in the original codex, makes each of the copies unique. for themselves. Exclusive facsimiles handcrafted on natural parchment, recovering the beauty and authenticity of the ancient illuminated manuscripts. An excellence for the best libraries, collectors and bibliophiles, a joy for the senses that will last for centuries.<\/p>\n<p style=\"text-align: justify;\">Copy bound by hand and masterfully in aged leather on board, with medieval-style ribs on the spine and with a double binding reproducing the current state. Format 27 x 33.7 cm. 56 pages on real natural lambskin vellum.<br \/>\nPresented in a closed case in pink editorial leather with gold titles on the spine, format 29.3 x 35.7 x 6.5 cm.<br \/>\nAccompanied by the corresponding study book bound in illustrated hardcover, 25 x 32 cm format. 100 pages profusely illustrated in color. Texts in Spanish.<br \/>\nUnique edition in natural parchment, numbered by notarial deed and limited to only 99 copies.<\/p>\n<p style=\"text-align: justify;\">Completely new and innovative copy, as the eighth work on natural parchment from the Scriptorium publishing house.<\/p>\n<p style=\"text-align: justify;\">Free shipping for this item<span title=\"Gastos de env\u00edo por cuenta del comprador, seg\u00fan pedido y destino.\">. <\/span><span title=\"Cons\u00faltenos cualquier duda, as\u00ed como por cualquier otro art\u00edculo que est\u00e9 buscando.\"><a class=\"btn btn-default\" href=\"https:\/\/www.comprarmejor.es\/en\/contact\">Ask us<\/a> <span class=\"VIiyi\" lang=\"en\"><span class=\"JLqJ4b\" data-language-for-alternatives=\"en\" data-language-to-translate-into=\"es\" data-phrase-index=\"0\" data-number-of-phrases=\"1\"><span class=\"Q4iAWc\">any questions you may have, indicating the article reference.<\/span><\/span><\/span><br \/>\n<\/span><\/p>\n","protected":false},"excerpt":{"rendered":"<p style=\"text-align: justify;\"><span id=\"result_box\" lang=\"en\" xml:lang=\"en\"><span title=\"Versi\u00f3n en espa\u00f1ol.\"><span lang=\"en\" xml:lang=\"en\"><span title=\"Versi\u00f3n en espa\u00f1ol.\"><span class=\"tlid-translation translation\"><span title=\"\"><span class=\"VIiyi\" lang=\"en\"><span class=\"JLqJ4b\" data-language-for-alternatives=\"en\" data-language-to-translate-into=\"es\" data-phrase-index=\"0\" data-number-of-phrases=\"1\"><span class=\"Q4iAWc\"><span class=\"HwtZe\" lang=\"en\"><span class=\"jCAhz ChMk0b\"><span class=\"ryNqvb\">The Life of the Virgin Mary on natural parchment from the Scriptorium publishing house from the manuscript Leber 146 from the Municipal Library of Rouen (France)<\/span><\/span><\/span><\/span><\/span><\/span><\/span><\/span><\/span><\/span><\/span><\/span><\/p>\n","protected":false},"featured_media":92850,"template":"","meta":[],"product_brand":[],"product_cat":[5118,2208,2212],"product_tag":[5792,3985],"class_list":{"0":"post-53675","1":"product","2":"type-product","3":"status-publish","4":"has-post-thumbnail","6":"product_cat-bindings","7":"product_cat-grand-luxury-library","8":"product_cat-parchment","9":"product_tag-artesanal-en","10":"product_tag-scriptorium-en","11":"description-off","13":"first","14":"instock","15":"featured","16":"taxable","17":"shipping-taxable","18":"purchasable","19":"product-type-simple"},"yoast_head":"<!-- This site is optimized with the Yoast SEO plugin v27.3 - https:\/\/yoast.com\/product\/yoast-seo-wordpress\/ -->\n<title>The Life of the Virgin Mary, 16th century (on natural parchment)<\/title>\n<meta name=\"description\" content=\"The Life of the Virgin Mary on natural parchment from the Scriptorium publishing house from the manuscript Leber 146 from the Municipal Library of Rouen\" \/>\n<meta name=\"robots\" content=\"index, follow, max-snippet:-1, max-image-preview:large, max-video-preview:-1\" \/>\n<link rel=\"canonical\" href=\"https:\/\/www.comprarmejor.es\/en\/product\/the-life-of-the-virgin-mary-16th-century-on-natural-parchment-5\/\" \/>\n<meta property=\"og:locale\" content=\"en_US\" \/>\n<meta property=\"og:type\" content=\"article\" \/>\n<meta property=\"og:title\" content=\"The Life of the Virgin Mary, 16th century (on natural parchment)\" \/>\n<meta property=\"og:description\" content=\"The Life of the Virgin Mary on natural parchment from the Scriptorium publishing house from the manuscript Leber 146 from the Municipal Library of Rouen\" \/>\n<meta property=\"og:url\" content=\"https:\/\/www.comprarmejor.es\/en\/product\/the-life-of-the-virgin-mary-16th-century-on-natural-parchment-5\/\" \/>\n<meta property=\"og:site_name\" content=\"ComprarMejor\" \/>\n<meta property=\"article:modified_time\" content=\"2024-02-16T09:44:25+00:00\" \/>\n<meta property=\"og:image\" content=\"https:\/\/www.comprarmejor.es\/wp-content\/uploads\/2016\/05\/VVMp-5.jpg\" \/>\n\t<meta property=\"og:image:width\" content=\"753\" \/>\n\t<meta property=\"og:image:height\" content=\"564\" \/>\n\t<meta property=\"og:image:type\" content=\"image\/jpeg\" \/>\n<meta name=\"twitter:card\" content=\"summary_large_image\" \/>\n<meta name=\"twitter:label1\" content=\"Est. reading time\" \/>\n\t<meta name=\"twitter:data1\" content=\"4 minutes\" \/>\n<script type=\"application\/ld+json\" class=\"yoast-schema-graph\">{\"@context\":\"https:\\\/\\\/schema.org\",\"@graph\":[{\"@type\":\"WebPage\",\"@id\":\"https:\\\/\\\/www.comprarmejor.es\\\/en\\\/product\\\/the-life-of-the-virgin-mary-16th-century-on-natural-parchment-5\\\/\",\"url\":\"https:\\\/\\\/www.comprarmejor.es\\\/en\\\/product\\\/the-life-of-the-virgin-mary-16th-century-on-natural-parchment-5\\\/\",\"name\":\"The Life of the Virgin Mary, 16th century (on natural parchment)\",\"isPartOf\":{\"@id\":\"https:\\\/\\\/www.comprarmejor.es\\\/en\\\/#website\"},\"primaryImageOfPage\":{\"@id\":\"https:\\\/\\\/www.comprarmejor.es\\\/en\\\/product\\\/the-life-of-the-virgin-mary-16th-century-on-natural-parchment-5\\\/#primaryimage\"},\"image\":{\"@id\":\"https:\\\/\\\/www.comprarmejor.es\\\/en\\\/product\\\/the-life-of-the-virgin-mary-16th-century-on-natural-parchment-5\\\/#primaryimage\"},\"thumbnailUrl\":\"https:\\\/\\\/www.comprarmejor.es\\\/wp-content\\\/uploads\\\/2016\\\/05\\\/VVMp-5.jpg\",\"datePublished\":\"2016-05-27T10:48:47+00:00\",\"dateModified\":\"2024-02-16T09:44:25+00:00\",\"description\":\"The Life of the Virgin Mary on natural parchment from the Scriptorium publishing house from the manuscript Leber 146 from the Municipal Library of Rouen\",\"breadcrumb\":{\"@id\":\"https:\\\/\\\/www.comprarmejor.es\\\/en\\\/product\\\/the-life-of-the-virgin-mary-16th-century-on-natural-parchment-5\\\/#breadcrumb\"},\"inLanguage\":\"en-US\",\"potentialAction\":[{\"@type\":\"ReadAction\",\"target\":[\"https:\\\/\\\/www.comprarmejor.es\\\/en\\\/product\\\/the-life-of-the-virgin-mary-16th-century-on-natural-parchment-5\\\/\"]}]},{\"@type\":\"ImageObject\",\"inLanguage\":\"en-US\",\"@id\":\"https:\\\/\\\/www.comprarmejor.es\\\/en\\\/product\\\/the-life-of-the-virgin-mary-16th-century-on-natural-parchment-5\\\/#primaryimage\",\"url\":\"https:\\\/\\\/www.comprarmejor.es\\\/wp-content\\\/uploads\\\/2016\\\/05\\\/VVMp-5.jpg\",\"contentUrl\":\"https:\\\/\\\/www.comprarmejor.es\\\/wp-content\\\/uploads\\\/2016\\\/05\\\/VVMp-5.jpg\",\"width\":753,\"height\":564},{\"@type\":\"BreadcrumbList\",\"@id\":\"https:\\\/\\\/www.comprarmejor.es\\\/en\\\/product\\\/the-life-of-the-virgin-mary-16th-century-on-natural-parchment-5\\\/#breadcrumb\",\"itemListElement\":[{\"@type\":\"ListItem\",\"position\":1,\"name\":\"Portada\",\"item\":\"https:\\\/\\\/www.comprarmejor.es\\\/en\\\/\"},{\"@type\":\"ListItem\",\"position\":2,\"name\":\"Shop\",\"item\":\"https:\\\/\\\/www.comprarmejor.es\\\/en\\\/shop\\\/\"},{\"@type\":\"ListItem\",\"position\":3,\"name\":\"The Life of the Virgin Mary, 16th century (on natural parchment) (5*+)\"}]},{\"@type\":\"WebSite\",\"@id\":\"https:\\\/\\\/www.comprarmejor.es\\\/en\\\/#website\",\"url\":\"https:\\\/\\\/www.comprarmejor.es\\\/en\\\/\",\"name\":\"ComprarMejor\",\"description\":\"ComprarMejor\",\"publisher\":{\"@id\":\"https:\\\/\\\/www.comprarmejor.es\\\/en\\\/#organization\"},\"potentialAction\":[{\"@type\":\"SearchAction\",\"target\":{\"@type\":\"EntryPoint\",\"urlTemplate\":\"https:\\\/\\\/www.comprarmejor.es\\\/en\\\/?s={search_term_string}\"},\"query-input\":{\"@type\":\"PropertyValueSpecification\",\"valueRequired\":true,\"valueName\":\"search_term_string\"}}],\"inLanguage\":\"en-US\"},{\"@type\":\"Organization\",\"@id\":\"https:\\\/\\\/www.comprarmejor.es\\\/en\\\/#organization\",\"name\":\"COMPRAR MEJOR\",\"url\":\"https:\\\/\\\/www.comprarmejor.es\\\/en\\\/\",\"logo\":{\"@type\":\"ImageObject\",\"inLanguage\":\"en-US\",\"@id\":\"https:\\\/\\\/www.comprarmejor.es\\\/en\\\/#\\\/schema\\\/logo\\\/image\\\/\",\"url\":\"https:\\\/\\\/www.comprarmejor.es\\\/wp-content\\\/uploads\\\/2025\\\/09\\\/comprarmejortrinidad.jpg\",\"contentUrl\":\"https:\\\/\\\/www.comprarmejor.es\\\/wp-content\\\/uploads\\\/2025\\\/09\\\/comprarmejortrinidad.jpg\",\"width\":1022,\"height\":1380,\"caption\":\"COMPRAR MEJOR\"},\"image\":{\"@id\":\"https:\\\/\\\/www.comprarmejor.es\\\/en\\\/#\\\/schema\\\/logo\\\/image\\\/\"},\"sameAs\":[\"https:\\\/\\\/www.instagram.com\\\/amigosdelcodice\"]}]}<\/script>\n<!-- \/ Yoast SEO plugin. -->","yoast_head_json":{"title":"The Life of the Virgin Mary, 16th century (on natural parchment)","description":"The Life of the Virgin Mary on natural parchment from the Scriptorium publishing house from the manuscript Leber 146 from the Municipal Library of Rouen","robots":{"index":"index","follow":"follow","max-snippet":"max-snippet:-1","max-image-preview":"max-image-preview:large","max-video-preview":"max-video-preview:-1"},"canonical":"https:\/\/www.comprarmejor.es\/en\/product\/the-life-of-the-virgin-mary-16th-century-on-natural-parchment-5\/","og_locale":"en_US","og_type":"article","og_title":"The Life of the Virgin Mary, 16th century (on natural parchment)","og_description":"The Life of the Virgin Mary on natural parchment from the Scriptorium publishing house from the manuscript Leber 146 from the Municipal Library of Rouen","og_url":"https:\/\/www.comprarmejor.es\/en\/product\/the-life-of-the-virgin-mary-16th-century-on-natural-parchment-5\/","og_site_name":"ComprarMejor","article_modified_time":"2024-02-16T09:44:25+00:00","og_image":[{"width":753,"height":564,"url":"https:\/\/www.comprarmejor.es\/wp-content\/uploads\/2016\/05\/VVMp-5.jpg","type":"image\/jpeg"}],"twitter_card":"summary_large_image","twitter_misc":{"Est. reading time":"4 minutes"},"schema":{"@context":"https:\/\/schema.org","@graph":[{"@type":"WebPage","@id":"https:\/\/www.comprarmejor.es\/en\/product\/the-life-of-the-virgin-mary-16th-century-on-natural-parchment-5\/","url":"https:\/\/www.comprarmejor.es\/en\/product\/the-life-of-the-virgin-mary-16th-century-on-natural-parchment-5\/","name":"The Life of the Virgin Mary, 16th century (on natural parchment)","isPartOf":{"@id":"https:\/\/www.comprarmejor.es\/en\/#website"},"primaryImageOfPage":{"@id":"https:\/\/www.comprarmejor.es\/en\/product\/the-life-of-the-virgin-mary-16th-century-on-natural-parchment-5\/#primaryimage"},"image":{"@id":"https:\/\/www.comprarmejor.es\/en\/product\/the-life-of-the-virgin-mary-16th-century-on-natural-parchment-5\/#primaryimage"},"thumbnailUrl":"https:\/\/www.comprarmejor.es\/wp-content\/uploads\/2016\/05\/VVMp-5.jpg","datePublished":"2016-05-27T10:48:47+00:00","dateModified":"2024-02-16T09:44:25+00:00","description":"The Life of the Virgin Mary on natural parchment from the Scriptorium publishing house from the manuscript Leber 146 from the Municipal Library of Rouen","breadcrumb":{"@id":"https:\/\/www.comprarmejor.es\/en\/product\/the-life-of-the-virgin-mary-16th-century-on-natural-parchment-5\/#breadcrumb"},"inLanguage":"en-US","potentialAction":[{"@type":"ReadAction","target":["https:\/\/www.comprarmejor.es\/en\/product\/the-life-of-the-virgin-mary-16th-century-on-natural-parchment-5\/"]}]},{"@type":"ImageObject","inLanguage":"en-US","@id":"https:\/\/www.comprarmejor.es\/en\/product\/the-life-of-the-virgin-mary-16th-century-on-natural-parchment-5\/#primaryimage","url":"https:\/\/www.comprarmejor.es\/wp-content\/uploads\/2016\/05\/VVMp-5.jpg","contentUrl":"https:\/\/www.comprarmejor.es\/wp-content\/uploads\/2016\/05\/VVMp-5.jpg","width":753,"height":564},{"@type":"BreadcrumbList","@id":"https:\/\/www.comprarmejor.es\/en\/product\/the-life-of-the-virgin-mary-16th-century-on-natural-parchment-5\/#breadcrumb","itemListElement":[{"@type":"ListItem","position":1,"name":"Portada","item":"https:\/\/www.comprarmejor.es\/en\/"},{"@type":"ListItem","position":2,"name":"Shop","item":"https:\/\/www.comprarmejor.es\/en\/shop\/"},{"@type":"ListItem","position":3,"name":"The Life of the Virgin Mary, 16th century (on natural parchment) (5*+)"}]},{"@type":"WebSite","@id":"https:\/\/www.comprarmejor.es\/en\/#website","url":"https:\/\/www.comprarmejor.es\/en\/","name":"ComprarMejor","description":"ComprarMejor","publisher":{"@id":"https:\/\/www.comprarmejor.es\/en\/#organization"},"potentialAction":[{"@type":"SearchAction","target":{"@type":"EntryPoint","urlTemplate":"https:\/\/www.comprarmejor.es\/en\/?s={search_term_string}"},"query-input":{"@type":"PropertyValueSpecification","valueRequired":true,"valueName":"search_term_string"}}],"inLanguage":"en-US"},{"@type":"Organization","@id":"https:\/\/www.comprarmejor.es\/en\/#organization","name":"COMPRAR MEJOR","url":"https:\/\/www.comprarmejor.es\/en\/","logo":{"@type":"ImageObject","inLanguage":"en-US","@id":"https:\/\/www.comprarmejor.es\/en\/#\/schema\/logo\/image\/","url":"https:\/\/www.comprarmejor.es\/wp-content\/uploads\/2025\/09\/comprarmejortrinidad.jpg","contentUrl":"https:\/\/www.comprarmejor.es\/wp-content\/uploads\/2025\/09\/comprarmejortrinidad.jpg","width":1022,"height":1380,"caption":"COMPRAR MEJOR"},"image":{"@id":"https:\/\/www.comprarmejor.es\/en\/#\/schema\/logo\/image\/"},"sameAs":["https:\/\/www.instagram.com\/amigosdelcodice"]}]}},"_links":{"self":[{"href":"https:\/\/www.comprarmejor.es\/en\/wp-json\/wp\/v2\/product\/53675","targetHints":{"allow":["GET"]}}],"collection":[{"href":"https:\/\/www.comprarmejor.es\/en\/wp-json\/wp\/v2\/product"}],"about":[{"href":"https:\/\/www.comprarmejor.es\/en\/wp-json\/wp\/v2\/types\/product"}],"wp:featuredmedia":[{"embeddable":true,"href":"https:\/\/www.comprarmejor.es\/en\/wp-json\/wp\/v2\/media\/92850"}],"wp:attachment":[{"href":"https:\/\/www.comprarmejor.es\/en\/wp-json\/wp\/v2\/media?parent=53675"}],"wp:term":[{"taxonomy":"product_brand","embeddable":true,"href":"https:\/\/www.comprarmejor.es\/en\/wp-json\/wp\/v2\/product_brand?post=53675"},{"taxonomy":"product_cat","embeddable":true,"href":"https:\/\/www.comprarmejor.es\/en\/wp-json\/wp\/v2\/product_cat?post=53675"},{"taxonomy":"product_tag","embeddable":true,"href":"https:\/\/www.comprarmejor.es\/en\/wp-json\/wp\/v2\/product_tag?post=53675"}],"curies":[{"name":"wp","href":"https:\/\/api.w.org\/{rel}","templated":true}]}}