{"id":53683,"date":"2016-05-27T23:29:27","date_gmt":"2016-05-27T21:29:27","guid":{"rendered":"https:\/\/www.comprarmejor.es\/producto\/the-royal-monastery-of-el-escorial-fmr-louis-godart\/"},"modified":"2023-08-28T12:04:56","modified_gmt":"2023-08-28T10:04:56","slug":"lot-30-volumes-of-the-classics-of-the-historical-novel-collection-circle-of-friends-of-history","status":"publish","type":"product","link":"https:\/\/www.comprarmejor.es\/en\/product\/lot-30-volumes-of-the-classics-of-the-historical-novel-collection-circle-of-friends-of-history\/","title":{"rendered":"Lot 30 volumes of the Classics of the Historical Novel collection, Circle of Friends of History"},"content":{"rendered":"<p style=\"text-align: justify;\">Lot made up of 30 beautiful volumes from the \u201cCl\u00e1sicos de la Novela Hist\u00f3rica\u201d collection published between 1972 and 1975 by the excellent (and unfortunately extinct) C\u00edrculo de Amigos de la Historia publishing house, in monthly installments without chronological order. Texts in Spanish.<\/p>\n<p style=\"text-align: justify;\">The publisher did not include the name of the collection in any of the volumes, always treating them as completely independent works, although with a homogeneous presentation. In some volumes the ISBN data is wrong or does not appear. We indicate the number that officially appears in the ISBN. We write down the volume number of the collection that the publisher indicates next to the ISBN and Legal Deposit (it does not appear anywhere else).<\/p>\n<p style=\"text-align: justify;\">The batch that we offer is made up of 30 volumes, with a total of 26 works by 18 authors of the 19th century. Although there are previous works on historical themes that are frequently associated with the genre, it is usually understood that the historical novel was born in the 19th century, within the framework of Romanticism, by the Scottish Walter Scott.<\/p>\n<p style=\"text-align: justify;\">Characteristics common to all volumes:<br \/>\nBeautiful black hardcover binding with gilt stamping, spine set with 2 red stamped labels with gilt author and title, guide tape.<br \/>\nFull page illustrations in color and out of pagination.<br \/>\nFormat 12 x 18.2 cm.<br \/>\nAll volumes have 256 pages (plus illustrations) except 5 of them (indicated).<br \/>\nThe volumes marked with an * still have 2 small round buffer stamps from the previous owner.<br \/>\nThe volumes marked with two * keep, in addition to the 2 tampon stamps, an ex libris of a tampon from the previous owner.<br \/>\nAll volumes in perfect condition, unused. Some present very slight signs of the passage of time on paper, without importance.<\/p>\n<p style=\"text-align: justify;\">The composition of the batch is as follows:<\/p>\n<p style=\"text-align: justify;\">Francisco Mart\u00ednez de la Rosa (1787-1862): Do\u00f1a Isabel de Sol\u00eds. 2 volumes<br \/>\n1974. 9788422504337 and 9788422504344. Volumes 28 and 29<\/p>\n<p style=\"text-align: justify;\">* Alexander Pushkin (Aleksandr Sergeevich Pushkin) (1799-1837): The Captain&#8217;s daughter<br \/>\n1973. 9788422515241. Volume 14<\/p>\n<p style=\"text-align: justify;\">Alfred de Vigny (1797-1863): Cinq-Mars<br \/>\n1975. 9788422504733. Volume 37<\/p>\n<p style=\"text-align: justify;\">Patricio de la Escosura (1807-1878): Memoirs of a retired colonel. 2 volumes. The Count of Candespina (in volume II)<br \/>\n1974 and 1973. They do not appear in the ISBN. Volumes 15 and 16<\/p>\n<p style=\"text-align: justify;\">Th\u00e9ophile Gautier (1811-1872): The Captain Fails<br \/>\n1973. 9788422515302. Volume 8<\/p>\n<p style=\"text-align: justify;\">Stendhal (1783-1842): The Charterhouse of Parma. 2 volumes<br \/>\n1973. 9788422542056 and 9788422542063. Volumes 5 and 2<\/p>\n<p style=\"text-align: justify;\">Pedro Antonio de Alarc\u00f3n (1833-1891): Captain Poison<br \/>\n1974. 9788422503828. Volume 20<\/p>\n<p style=\"text-align: justify;\">Pedro Antonio de Alarc\u00f3n: implausible narratives<br \/>\n1974. 9788422504351. Volume 30<\/p>\n<p style=\"text-align: justify;\">Pedro Antonio de Alarc\u00f3n: The three-cornered hat<br \/>\n1974. 9788422503835. Volume 25<\/p>\n<p style=\"text-align: justify;\">* Nicholas Gogol (Nikola\u00ef Vasil&#8217;evich Gogol&#8217;) (1809-1852): Taras Bulba<br \/>\n1975. 9788422504696. Volume 33<\/p>\n<p style=\"text-align: justify;\">* Jos\u00e9 de Espronceda (1808-1842): Sancho Salda\u00f1a<br \/>\n1975. 9788422504702. Volume 34. 288 pages<\/p>\n<p style=\"text-align: justify;\">* * Massimo D&#8217;Azeglio (1798-1866): Hector Fieramosca<br \/>\n1972. 9788422542049. Volume 4<\/p>\n<p style=\"text-align: justify;\">Honor\u00e9 de Balzac (1799-1850): A gloomy affair<br \/>\n1972. 9788422515357. Volume does not appear<\/p>\n<p style=\"text-align: justify;\">Honore de Balzac: Catherine de&#8217; Medici<br \/>\n1973. 9788422542070. Volume 7<\/p>\n<p style=\"text-align: justify;\">* * Walter Scott (1771-1832): Robin Hood<br \/>\n1975. 9788422504719. Volume 36. 240 pages<\/p>\n<p style=\"text-align: justify;\">* * Walter Scott: Quintin Durward<br \/>\n1975. 9788422504689. Volume 32<\/p>\n<p style=\"text-align: justify;\">Robert Louis Stevenson (1850-1894): David Balfour (Memoirs and Adventures in the Year 1751)<br \/>\n1974. 9788422504757. Volume 35<\/p>\n<p style=\"text-align: justify;\">* * Robert Louis Stevenson: The Black Arrow<br \/>\n1974. 9788422503781. Volume 19<\/p>\n<p style=\"text-align: justify;\">* Manuel Fern\u00e1ndez y Gonz\u00e1lez (1821-1888): Mart\u00edn Gil<br \/>\n1973. 9788422515258. Volume 13. 304 pages<\/p>\n<p style=\"text-align: justify;\">* * Manuel Fern\u00e1ndez y Gonz\u00e1lez: The pastry chef of Madrigal<br \/>\n1972. 9788422542032. Volume not listed. 304 pages<\/p>\n<p style=\"text-align: justify;\">* * Manuel Fern\u00e1ndez y Gonz\u00e1lez: His Majesty&#8217;s cook. 2 volumes<br \/>\n1974. 9788422503798 and 9788422504405. Volumes 23 and 23<\/p>\n<p style=\"text-align: justify;\">Gustave Flaubert (1821-1880): Madame Bovary. 2 volumes<br \/>\n1974. 9788422503804 and 9788422503811. Volumes 21 and 22<\/p>\n<p style=\"text-align: justify;\">* Mariano Jos\u00e9 de Larra (1809-1837): The Doncel of Don Enrique<br \/>\n1973. 9788422515296. Volume 9. 288 pages<\/p>\n<p style=\"text-align: justify;\">Charles de Coster (1827-1879): Ulenspiegel<br \/>\n1975. 9788422504726. Volume 39<\/p>\n<p style=\"text-align: justify;\">Alexandre Dumas (1802-1870): The gentleman of the \u201cMaison Rouge\u201d<br \/>\n1975. 9788422504740. Volume 38<\/p>\n<p style=\"text-align: justify;\">Shipping costs according to order and destination<span title=\"Gastos de env\u00edo por cuenta del comprador, seg\u00fan pedido y destino.\">. <\/span><span title=\"Cons\u00faltenos cualquier duda, as\u00ed como por cualquier otro art\u00edculo que est\u00e9 buscando.\"><a class=\"btn btn-default\" href=\"https:\/\/www.comprarmejor.es\/en\/contact\">Ask us<\/a> <span class=\"HwtZe\" lang=\"en\"><span class=\"jCAhz ChMk0b\"><span class=\"ryNqvb\">any questions, indicating the article reference.<\/span><\/span><\/span><br \/>\n<\/span><\/p>\n","protected":false},"excerpt":{"rendered":"<p style=\"text-align: justify;\"><span id=\"result_box\" lang=\"en\" xml:lang=\"en\"><span title=\"Bella edici\u00f3n de 2005 de FMR (Franco Maria Ricci) sobre el monumental conjunto hist\u00f3rico-arquitect\u00f3nico considerado como la octava maravilla del mundo desde finales del siglo XVI: el Real Monasterio de El Escorial.\"><span class=\"HwtZe\" lang=\"en\"><span class=\"jCAhz ChMk0b\"><span class=\"ryNqvb\">Lot made up of 30 beautiful volumes from the \u201cCl\u00e1sicos de la Novela Hist\u00f3rica\u201d collection published between 1972 and 1975 by C\u00edrculo de Amigos de la Historia <\/span><\/span><\/span><\/span><\/span><\/p>\n","protected":false},"featured_media":89637,"template":"","meta":[],"product_brand":[],"product_cat":[2256],"product_tag":[4029,5120],"class_list":{"0":"post-53683","1":"product","2":"type-product","3":"status-publish","4":"has-post-thumbnail","6":"product_cat-books-in-general","7":"product_tag-amigos-en","8":"product_tag-history-en","9":"product_shipping_class-from-6-to-10-kg","10":"description-off","12":"first","13":"instock","14":"sale","15":"taxable","16":"shipping-taxable","17":"purchasable","18":"product-type-simple"},"yoast_head":"<!-- This site is optimized with the Yoast SEO plugin v27.3 - https:\/\/yoast.com\/product\/yoast-seo-wordpress\/ -->\n<title>Lot 30 volumes of the Classics of the Historical Novel collection<\/title>\n<meta name=\"description\" content=\"Lot made up of 30 beautiful volumes from the \u201cCl\u00e1sicos de la Novela Hist\u00f3rica\u201d collection published between 1972 and 1975 by C\u00edrculo de Amigos de la Histor\" \/>\n<meta name=\"robots\" content=\"index, follow, max-snippet:-1, max-image-preview:large, max-video-preview:-1\" \/>\n<link rel=\"canonical\" href=\"https:\/\/www.comprarmejor.es\/en\/product\/lot-30-volumes-of-the-classics-of-the-historical-novel-collection-circle-of-friends-of-history\/\" \/>\n<meta property=\"og:locale\" content=\"en_US\" \/>\n<meta property=\"og:type\" content=\"article\" \/>\n<meta property=\"og:title\" content=\"Lot 30 volumes of the Classics of the Historical Novel collection\" \/>\n<meta property=\"og:description\" content=\"Lot made up of 30 beautiful volumes from the \u201cCl\u00e1sicos de la Novela Hist\u00f3rica\u201d collection published between 1972 and 1975 by C\u00edrculo de Amigos de la Histor\" \/>\n<meta property=\"og:url\" content=\"https:\/\/www.comprarmejor.es\/en\/product\/lot-30-volumes-of-the-classics-of-the-historical-novel-collection-circle-of-friends-of-history\/\" \/>\n<meta property=\"og:site_name\" content=\"ComprarMejor\" \/>\n<meta property=\"article:modified_time\" content=\"2023-08-28T10:04:56+00:00\" \/>\n<meta property=\"og:image\" content=\"https:\/\/www.comprarmejor.es\/wp-content\/uploads\/2016\/05\/CCNH-1.jpg\" \/>\n\t<meta property=\"og:image:width\" content=\"745\" \/>\n\t<meta property=\"og:image:height\" content=\"678\" \/>\n\t<meta property=\"og:image:type\" content=\"image\/jpeg\" \/>\n<meta name=\"twitter:card\" content=\"summary_large_image\" \/>\n<meta name=\"twitter:label1\" content=\"Est. reading time\" \/>\n\t<meta name=\"twitter:data1\" content=\"4 minutes\" \/>\n<script type=\"application\/ld+json\" class=\"yoast-schema-graph\">{\"@context\":\"https:\\\/\\\/schema.org\",\"@graph\":[{\"@type\":\"WebPage\",\"@id\":\"https:\\\/\\\/www.comprarmejor.es\\\/en\\\/product\\\/lot-30-volumes-of-the-classics-of-the-historical-novel-collection-circle-of-friends-of-history\\\/\",\"url\":\"https:\\\/\\\/www.comprarmejor.es\\\/en\\\/product\\\/lot-30-volumes-of-the-classics-of-the-historical-novel-collection-circle-of-friends-of-history\\\/\",\"name\":\"Lot 30 volumes of the Classics of the Historical Novel collection\",\"isPartOf\":{\"@id\":\"https:\\\/\\\/www.comprarmejor.es\\\/en\\\/#website\"},\"primaryImageOfPage\":{\"@id\":\"https:\\\/\\\/www.comprarmejor.es\\\/en\\\/product\\\/lot-30-volumes-of-the-classics-of-the-historical-novel-collection-circle-of-friends-of-history\\\/#primaryimage\"},\"image\":{\"@id\":\"https:\\\/\\\/www.comprarmejor.es\\\/en\\\/product\\\/lot-30-volumes-of-the-classics-of-the-historical-novel-collection-circle-of-friends-of-history\\\/#primaryimage\"},\"thumbnailUrl\":\"https:\\\/\\\/www.comprarmejor.es\\\/wp-content\\\/uploads\\\/2016\\\/05\\\/CCNH-1.jpg\",\"datePublished\":\"2016-05-27T21:29:27+00:00\",\"dateModified\":\"2023-08-28T10:04:56+00:00\",\"description\":\"Lot made up of 30 beautiful volumes from the \u201cCl\u00e1sicos de la Novela Hist\u00f3rica\u201d collection published between 1972 and 1975 by C\u00edrculo de Amigos de la Histor\",\"breadcrumb\":{\"@id\":\"https:\\\/\\\/www.comprarmejor.es\\\/en\\\/product\\\/lot-30-volumes-of-the-classics-of-the-historical-novel-collection-circle-of-friends-of-history\\\/#breadcrumb\"},\"inLanguage\":\"en-US\",\"potentialAction\":[{\"@type\":\"ReadAction\",\"target\":[\"https:\\\/\\\/www.comprarmejor.es\\\/en\\\/product\\\/lot-30-volumes-of-the-classics-of-the-historical-novel-collection-circle-of-friends-of-history\\\/\"]}]},{\"@type\":\"ImageObject\",\"inLanguage\":\"en-US\",\"@id\":\"https:\\\/\\\/www.comprarmejor.es\\\/en\\\/product\\\/lot-30-volumes-of-the-classics-of-the-historical-novel-collection-circle-of-friends-of-history\\\/#primaryimage\",\"url\":\"https:\\\/\\\/www.comprarmejor.es\\\/wp-content\\\/uploads\\\/2016\\\/05\\\/CCNH-1.jpg\",\"contentUrl\":\"https:\\\/\\\/www.comprarmejor.es\\\/wp-content\\\/uploads\\\/2016\\\/05\\\/CCNH-1.jpg\",\"width\":745,\"height\":678},{\"@type\":\"BreadcrumbList\",\"@id\":\"https:\\\/\\\/www.comprarmejor.es\\\/en\\\/product\\\/lot-30-volumes-of-the-classics-of-the-historical-novel-collection-circle-of-friends-of-history\\\/#breadcrumb\",\"itemListElement\":[{\"@type\":\"ListItem\",\"position\":1,\"name\":\"Portada\",\"item\":\"https:\\\/\\\/www.comprarmejor.es\\\/en\\\/\"},{\"@type\":\"ListItem\",\"position\":2,\"name\":\"Shop\",\"item\":\"https:\\\/\\\/www.comprarmejor.es\\\/en\\\/shop\\\/\"},{\"@type\":\"ListItem\",\"position\":3,\"name\":\"Lot 30 volumes of the Classics of the Historical Novel collection, Circle of Friends of History\"}]},{\"@type\":\"WebSite\",\"@id\":\"https:\\\/\\\/www.comprarmejor.es\\\/en\\\/#website\",\"url\":\"https:\\\/\\\/www.comprarmejor.es\\\/en\\\/\",\"name\":\"ComprarMejor\",\"description\":\"ComprarMejor\",\"publisher\":{\"@id\":\"https:\\\/\\\/www.comprarmejor.es\\\/en\\\/#organization\"},\"potentialAction\":[{\"@type\":\"SearchAction\",\"target\":{\"@type\":\"EntryPoint\",\"urlTemplate\":\"https:\\\/\\\/www.comprarmejor.es\\\/en\\\/?s={search_term_string}\"},\"query-input\":{\"@type\":\"PropertyValueSpecification\",\"valueRequired\":true,\"valueName\":\"search_term_string\"}}],\"inLanguage\":\"en-US\"},{\"@type\":\"Organization\",\"@id\":\"https:\\\/\\\/www.comprarmejor.es\\\/en\\\/#organization\",\"name\":\"COMPRAR MEJOR\",\"url\":\"https:\\\/\\\/www.comprarmejor.es\\\/en\\\/\",\"logo\":{\"@type\":\"ImageObject\",\"inLanguage\":\"en-US\",\"@id\":\"https:\\\/\\\/www.comprarmejor.es\\\/en\\\/#\\\/schema\\\/logo\\\/image\\\/\",\"url\":\"https:\\\/\\\/www.comprarmejor.es\\\/wp-content\\\/uploads\\\/2025\\\/09\\\/comprarmejortrinidad.jpg\",\"contentUrl\":\"https:\\\/\\\/www.comprarmejor.es\\\/wp-content\\\/uploads\\\/2025\\\/09\\\/comprarmejortrinidad.jpg\",\"width\":1022,\"height\":1380,\"caption\":\"COMPRAR MEJOR\"},\"image\":{\"@id\":\"https:\\\/\\\/www.comprarmejor.es\\\/en\\\/#\\\/schema\\\/logo\\\/image\\\/\"},\"sameAs\":[\"https:\\\/\\\/www.instagram.com\\\/amigosdelcodice\"]}]}<\/script>\n<!-- \/ Yoast SEO plugin. -->","yoast_head_json":{"title":"Lot 30 volumes of the Classics of the Historical Novel collection","description":"Lot made up of 30 beautiful volumes from the \u201cCl\u00e1sicos de la Novela Hist\u00f3rica\u201d collection published between 1972 and 1975 by C\u00edrculo de Amigos de la Histor","robots":{"index":"index","follow":"follow","max-snippet":"max-snippet:-1","max-image-preview":"max-image-preview:large","max-video-preview":"max-video-preview:-1"},"canonical":"https:\/\/www.comprarmejor.es\/en\/product\/lot-30-volumes-of-the-classics-of-the-historical-novel-collection-circle-of-friends-of-history\/","og_locale":"en_US","og_type":"article","og_title":"Lot 30 volumes of the Classics of the Historical Novel collection","og_description":"Lot made up of 30 beautiful volumes from the \u201cCl\u00e1sicos de la Novela Hist\u00f3rica\u201d collection published between 1972 and 1975 by C\u00edrculo de Amigos de la Histor","og_url":"https:\/\/www.comprarmejor.es\/en\/product\/lot-30-volumes-of-the-classics-of-the-historical-novel-collection-circle-of-friends-of-history\/","og_site_name":"ComprarMejor","article_modified_time":"2023-08-28T10:04:56+00:00","og_image":[{"width":745,"height":678,"url":"https:\/\/www.comprarmejor.es\/wp-content\/uploads\/2016\/05\/CCNH-1.jpg","type":"image\/jpeg"}],"twitter_card":"summary_large_image","twitter_misc":{"Est. reading time":"4 minutes"},"schema":{"@context":"https:\/\/schema.org","@graph":[{"@type":"WebPage","@id":"https:\/\/www.comprarmejor.es\/en\/product\/lot-30-volumes-of-the-classics-of-the-historical-novel-collection-circle-of-friends-of-history\/","url":"https:\/\/www.comprarmejor.es\/en\/product\/lot-30-volumes-of-the-classics-of-the-historical-novel-collection-circle-of-friends-of-history\/","name":"Lot 30 volumes of the Classics of the Historical Novel collection","isPartOf":{"@id":"https:\/\/www.comprarmejor.es\/en\/#website"},"primaryImageOfPage":{"@id":"https:\/\/www.comprarmejor.es\/en\/product\/lot-30-volumes-of-the-classics-of-the-historical-novel-collection-circle-of-friends-of-history\/#primaryimage"},"image":{"@id":"https:\/\/www.comprarmejor.es\/en\/product\/lot-30-volumes-of-the-classics-of-the-historical-novel-collection-circle-of-friends-of-history\/#primaryimage"},"thumbnailUrl":"https:\/\/www.comprarmejor.es\/wp-content\/uploads\/2016\/05\/CCNH-1.jpg","datePublished":"2016-05-27T21:29:27+00:00","dateModified":"2023-08-28T10:04:56+00:00","description":"Lot made up of 30 beautiful volumes from the \u201cCl\u00e1sicos de la Novela Hist\u00f3rica\u201d collection published between 1972 and 1975 by C\u00edrculo de Amigos de la Histor","breadcrumb":{"@id":"https:\/\/www.comprarmejor.es\/en\/product\/lot-30-volumes-of-the-classics-of-the-historical-novel-collection-circle-of-friends-of-history\/#breadcrumb"},"inLanguage":"en-US","potentialAction":[{"@type":"ReadAction","target":["https:\/\/www.comprarmejor.es\/en\/product\/lot-30-volumes-of-the-classics-of-the-historical-novel-collection-circle-of-friends-of-history\/"]}]},{"@type":"ImageObject","inLanguage":"en-US","@id":"https:\/\/www.comprarmejor.es\/en\/product\/lot-30-volumes-of-the-classics-of-the-historical-novel-collection-circle-of-friends-of-history\/#primaryimage","url":"https:\/\/www.comprarmejor.es\/wp-content\/uploads\/2016\/05\/CCNH-1.jpg","contentUrl":"https:\/\/www.comprarmejor.es\/wp-content\/uploads\/2016\/05\/CCNH-1.jpg","width":745,"height":678},{"@type":"BreadcrumbList","@id":"https:\/\/www.comprarmejor.es\/en\/product\/lot-30-volumes-of-the-classics-of-the-historical-novel-collection-circle-of-friends-of-history\/#breadcrumb","itemListElement":[{"@type":"ListItem","position":1,"name":"Portada","item":"https:\/\/www.comprarmejor.es\/en\/"},{"@type":"ListItem","position":2,"name":"Shop","item":"https:\/\/www.comprarmejor.es\/en\/shop\/"},{"@type":"ListItem","position":3,"name":"Lot 30 volumes of the Classics of the Historical Novel collection, Circle of Friends of History"}]},{"@type":"WebSite","@id":"https:\/\/www.comprarmejor.es\/en\/#website","url":"https:\/\/www.comprarmejor.es\/en\/","name":"ComprarMejor","description":"ComprarMejor","publisher":{"@id":"https:\/\/www.comprarmejor.es\/en\/#organization"},"potentialAction":[{"@type":"SearchAction","target":{"@type":"EntryPoint","urlTemplate":"https:\/\/www.comprarmejor.es\/en\/?s={search_term_string}"},"query-input":{"@type":"PropertyValueSpecification","valueRequired":true,"valueName":"search_term_string"}}],"inLanguage":"en-US"},{"@type":"Organization","@id":"https:\/\/www.comprarmejor.es\/en\/#organization","name":"COMPRAR MEJOR","url":"https:\/\/www.comprarmejor.es\/en\/","logo":{"@type":"ImageObject","inLanguage":"en-US","@id":"https:\/\/www.comprarmejor.es\/en\/#\/schema\/logo\/image\/","url":"https:\/\/www.comprarmejor.es\/wp-content\/uploads\/2025\/09\/comprarmejortrinidad.jpg","contentUrl":"https:\/\/www.comprarmejor.es\/wp-content\/uploads\/2025\/09\/comprarmejortrinidad.jpg","width":1022,"height":1380,"caption":"COMPRAR MEJOR"},"image":{"@id":"https:\/\/www.comprarmejor.es\/en\/#\/schema\/logo\/image\/"},"sameAs":["https:\/\/www.instagram.com\/amigosdelcodice"]}]}},"_links":{"self":[{"href":"https:\/\/www.comprarmejor.es\/en\/wp-json\/wp\/v2\/product\/53683","targetHints":{"allow":["GET"]}}],"collection":[{"href":"https:\/\/www.comprarmejor.es\/en\/wp-json\/wp\/v2\/product"}],"about":[{"href":"https:\/\/www.comprarmejor.es\/en\/wp-json\/wp\/v2\/types\/product"}],"wp:featuredmedia":[{"embeddable":true,"href":"https:\/\/www.comprarmejor.es\/en\/wp-json\/wp\/v2\/media\/89637"}],"wp:attachment":[{"href":"https:\/\/www.comprarmejor.es\/en\/wp-json\/wp\/v2\/media?parent=53683"}],"wp:term":[{"taxonomy":"product_brand","embeddable":true,"href":"https:\/\/www.comprarmejor.es\/en\/wp-json\/wp\/v2\/product_brand?post=53683"},{"taxonomy":"product_cat","embeddable":true,"href":"https:\/\/www.comprarmejor.es\/en\/wp-json\/wp\/v2\/product_cat?post=53683"},{"taxonomy":"product_tag","embeddable":true,"href":"https:\/\/www.comprarmejor.es\/en\/wp-json\/wp\/v2\/product_tag?post=53683"}],"curies":[{"name":"wp","href":"https:\/\/api.w.org\/{rel}","templated":true}]}}