{"id":53745,"date":"2016-07-01T12:47:11","date_gmt":"2016-07-01T10:47:11","guid":{"rendered":"https:\/\/www.comprarmejor.es\/producto\/book-profits-of-animals-arabic-codex-1354\/"},"modified":"2023-07-13T13:09:09","modified_gmt":"2023-07-13T11:09:09","slug":"book-profits-of-animals-arabic-codex-1354","status":"publish","type":"product","link":"https:\/\/www.comprarmejor.es\/en\/product\/book-profits-of-animals-arabic-codex-1354\/","title":{"rendered":"Book profits of animals, Arabic codex, 1354"},"content":{"rendered":"<p style=\"text-align: justify;\"><span id=\"result_box\" lang=\"en\" xml:lang=\"en\"><span title=\"Bella edici\u00f3n facs\u00edmile de uno de los c\u00f3dices \u00e1rabes m\u00e1s interesantes de la Biblioteca Real de El Escorial: El libro de las utilidades de los animales, signatura ms.\">Bella facsimile edition of one of the most interesting Arab codices of the Royal Library of El Escorial: The Book of profits of animals, signature ms. <\/span><span title=\"\u00e1rabe 898, cuyo autor fue Ibn al-Durayhim al-Mawsili.\">Arabic 898, authored by Ibn al-Durayhim al-Mawsili.<\/span><\/span><\/p>\n<p style=\"text-align: justify;\"><span title=\"A Felipe II cabe la gloria de reconocer el valor cient\u00edfico de la cultura \u00e1rabe, al coleccionar toda clase de c\u00f3dices procedentes del mundo musulm\u00e1n en El Escorial.\">A Philip II glory be to recognize the scientific value of Arab culture, to collect all kinds of codices from the Muslim world in El Escorial. <\/span><span title=\"Tal como le aconsejaba Arias Montano con estos argumentos: \u201cCuanto se sab\u00eda y estudiaba en Europa de trescientos a\u00f1os atr\u00e1s hasta setecientos manaba de libros ar\u00e1bigos\u2026 Para todo buen suceso es bien que en el tesoro de libros de Su Majestad haya copia de los de esta\">As he advised Arias Montano with these arguments: &#8220;As it was known and studied in Europe three hundred years ago to seven hundred oozed from Arabic books &#8230; For every good event is well into the treasury of books of His Majesty has copies of this <\/span><span title=\"lengua, aunque ahora no se entienda ni se use entre los estudiosos\u201d.\">language, but now it is not understood or used among scholars. &#8220;<\/span><\/p>\n<p style=\"text-align: justify;\"><span title=\"A pesar de que en el incendio de 1671 se destruyeron unos 2.500 c\u00f3dices \u00e1rabes, en la actualidad se conservan en torno a 2.000.\">Although in the fire of 1671 some 2,500 Arab codices were destroyed, now they preserved about 2,000. <\/span><span title=\"Como c\u00f3dices m\u00e1s notables se pueden indicar: el \u201cCor\u00e1n\u201d de Muley Zaydan;\">The most notable codices may indicate: the &#8220;Koran&#8221; Muley Zaydan; <\/span><span title=\"el ms.\">MS. <\/span><span title=\"1623 \u201cConcilios Hispano-Visig\u00f3ticos\u201d;\">1623 &#8220;Hispano-Visigoth Councils&#8221;; <\/span><span title=\"la magn\u00edfica copia n.\">the magnificent copy n. <\/span><span title=\"898 \u201cUtilidades de los animales\u201d;\">898 &#8220;Utilities animals&#8221;; <\/span><span title=\"etc.\">etc.<\/span><\/p>\n<p style=\"text-align: justify;\"><span title=\"En el a\u00f1o 1354 (755 H) Ibn.\">In the year 1354 (755 H) Ibn. <\/span><span title=\"al-Durayhim al-Mawsili termina su preciosa obra titulada Kitab manafi al-hayawan (Libro de las utilidades de los animales), hecho que deja anotado en el colof\u00f3n de la misma, en el que no puede por menos que referirse a \u201csus artes\">al-Durayhim al-Mawsili ends his beautiful work entitled Kitab MANAFI al-hayawan (Book of profits of animals), a fact that leaves scored in the colophon of it, which can not help but refer to &#8220;their arts <\/span><span title=\"maravillosas y raras, ya sus grabados, perfectos y asombrosos\u201d, que \u00e9l mismo realiz\u00f3.\">wonderful and rare, and his prints perfect and amazing &#8220;, which he did. <\/span><span title=\"S\u00f3lo se tiene noticia de un \u00fanico ejemplar de su obra, y es el que se conserva en la Biblioteca Real de El Escorial.\">Only you know of a single copy of his work, and is preserved in the Royal Library of El Escorial.<\/span><\/p>\n<p style=\"text-align: justify;\"><span title=\"La obra hab\u00eda llamado la atenci\u00f3n de Casiri y de Derembourg, en sus respectivos cat\u00e1logos de los fondos \u00e1rabes del Real Monasterio de El Escorial.\">The work had drawn the attention of Casiri and Derembourg in their respective catalogs of Arab funds from the Royal Monastery of El Escorial. <\/span><span title=\"Casiri la calific\u00f3 como un c\u00f3dice ilustrado de un modo extremadamente elegante, y Derembourg afirm\u00f3 que se trataba de una magn\u00edfica copia.\">Casiri described it as an illustrated codex an extremely elegant way, and Derembourg said that it was a magnificent copy. <\/span><span title=\"Por otra parte, los especialistas en pintura \u00e1rabe siempre la consideraron como una obra de gran valor art\u00edstico.\">Moreover, specialists in Arabic painting always regarded it as a work of great artistic value.<\/span><\/p>\n<p style=\"text-align: justify;\"><span title=\"Edici\u00f3n realizada en 1990, numerada, limitada a 995 ejemplares y certificada notarialmente.\">F<\/span><span title=\"Con este ejemplar se regala el libro editado en 1980 por la Fundaci\u00f3n Universitaria Espa\u00f1ola, en tapa dura con sobrecubierta a color, e igualmente en perfecto estado.\"><span lang=\"en\" xml:lang=\"en\"><span title=\"Edici\u00f3n facs\u00edmile realizada en 1990, numerada, limitada a 995 ejemplares y certificada notarialmente.\">acsimile edition in 1990, numbered, limited to 995 copies and notarized. <\/span><span title=\"Facs\u00edmile formato 19 x 27 cm, 155 folios que reproducen el texto ilustrado con figuras de animales y letras doradas.\">Facsimile format 19 x 27 cm, 155 pages reproducing the text illustrated with figures of animals and gold lettering. <\/span><span title=\"Encuadernado en plena piel envejecida.\">Bound in full aged skin. <\/span><span title=\"Libro estudio, con la traducci\u00f3n completa del texto \u00e1rabe al espa\u00f1ol, por Carmen Ruiz Bravo.\">Book study, full text translation from Arabic into Spanish by Carmen Ruiz Bravo. <\/span><span title=\"ISBN 9788486879273. 348 p\u00e1ginas.\">ISBN 9788486879273. 348 pages. <\/span><span title=\"Encuadernado en s\u00edmil piel, formato 19 x 27 cm.\">Bound in leather look, format 19 x 27 cm. <\/span><span title=\"Presentados en caja-estuche abierto formato 19 x 28 x 7 cm.\">Presented in box-case open format 19 x 28 x 7 cm.<\/span><\/span><\/span><\/p>\n<p style=\"text-align: justify;\"><span title=\"Como todo libro \u00e1rabe, este c\u00f3dice se lee al contrario que cualquier libro, lo que para nosotros ser\u00eda desde el final al principio.\">Like all Arab book, this codex is read unlike any book, which for us would be from the end to the beginning.<\/span><\/p>\n<p style=\"text-align: justify;\"><span title=\"Gastos de env\u00edo por cuenta del comprador, seg\u00fan pedido y destino.\"><span class=\"HwtZe\" lang=\"en\"><span class=\"jCAhz ChMk0b\"><span class=\"ryNqvb\">Free shipping for this item<\/span><\/span><\/span>. <\/span><span title=\"Cons\u00faltenos sin compromiso cualquier duda, as\u00ed como por cualquier otro facs\u00edmile o art\u00edculo que est\u00e9 buscando.\"><a class=\"btn btn-default\" href=\"https:\/\/www.comprarmejor.es\/en\/contact\">Consult us<\/a> <span class=\"VIiyi\" lang=\"en\"><span class=\"JLqJ4b ChMk0b\" data-language-for-alternatives=\"en\" data-language-to-translate-into=\"es\" data-phrase-index=\"1\" data-number-of-phrases=\"2\">any questions, indicating the article reference.<\/span><\/span><br \/>\n<\/span><\/p>\n","protected":false},"excerpt":{"rendered":"<p style=\"text-align: justify;\"><span id=\"result_box\" lang=\"en\" xml:lang=\"en\"><span title=\"Bella edici\u00f3n facs\u00edmile de uno de los c\u00f3dices \u00e1rabes m\u00e1s interesantes de la Biblioteca Real de El Escorial: El libro de las utilidades de los animales, signatura ms.\">Bella facsimile edition of one of the most interesting Arab codices of the Royal Library of El Escorial: The Book of profits of animals, signature ms. <\/span><span title=\"\u00e1rabe 898, cuyo autor fue Ibn al-Durayhim al-Mawsili.\">Arabic 898, authored by Ibn al-Durayhim al-Mawsili.<\/span><\/span><\/p>\n","protected":false},"featured_media":53735,"template":"","meta":[],"product_brand":[],"product_cat":[2232,2250],"product_tag":[5781,5784,3979,3984],"class_list":{"0":"post-53745","1":"product","2":"type-product","3":"status-publish","4":"has-post-thumbnail","6":"product_cat-medicine","7":"product_cat-other-facsimiles","8":"product_tag-animales-en","9":"product_tag-arabe-en","10":"product_tag-ayn-en","11":"product_tag-escorial-en-2","12":"description-off","14":"first","15":"instock","16":"taxable","17":"shipping-taxable","18":"purchasable","19":"product-type-simple"},"yoast_head":"<!-- This site is optimized with the Yoast SEO plugin v27.3 - https:\/\/yoast.com\/product\/yoast-seo-wordpress\/ -->\n<title>Book profits of animals, Arabic codex, 1354, Library of El Escorial<\/title>\n<meta name=\"description\" content=\"Facsimile edition of one of the Arab codices of the Library of El Escorial: The Book of profits of animals, authored by Ibn al-Durayhim\" \/>\n<meta name=\"robots\" content=\"index, follow, max-snippet:-1, max-image-preview:large, max-video-preview:-1\" \/>\n<link rel=\"canonical\" href=\"https:\/\/www.comprarmejor.es\/en\/product\/book-profits-of-animals-arabic-codex-1354\/\" \/>\n<meta property=\"og:locale\" content=\"en_US\" \/>\n<meta property=\"og:type\" content=\"article\" \/>\n<meta property=\"og:title\" content=\"Book profits of animals, Arabic codex, 1354, Library of El Escorial\" \/>\n<meta property=\"og:description\" content=\"Facsimile edition of one of the Arab codices of the Library of El Escorial: The Book of profits of animals, authored by Ibn al-Durayhim\" \/>\n<meta property=\"og:url\" content=\"https:\/\/www.comprarmejor.es\/en\/product\/book-profits-of-animals-arabic-codex-1354\/\" \/>\n<meta property=\"og:site_name\" content=\"ComprarMejor\" \/>\n<meta property=\"article:modified_time\" content=\"2023-07-13T11:09:09+00:00\" \/>\n<meta property=\"og:image\" content=\"https:\/\/www.comprarmejor.es\/wp-content\/uploads\/2016\/07\/p_6_1_2_9_6129-Libro-de-las-utilidades-de-los-animales-codice-arabe-ano-1354.jpg\" \/>\n\t<meta property=\"og:image:width\" content=\"599\" \/>\n\t<meta property=\"og:image:height\" content=\"449\" \/>\n\t<meta property=\"og:image:type\" content=\"image\/jpeg\" \/>\n<meta name=\"twitter:card\" content=\"summary_large_image\" \/>\n<meta name=\"twitter:label1\" content=\"Est. reading time\" \/>\n\t<meta name=\"twitter:data1\" content=\"2 minutes\" \/>\n<script type=\"application\/ld+json\" class=\"yoast-schema-graph\">{\"@context\":\"https:\\\/\\\/schema.org\",\"@graph\":[{\"@type\":\"WebPage\",\"@id\":\"https:\\\/\\\/www.comprarmejor.es\\\/en\\\/product\\\/book-profits-of-animals-arabic-codex-1354\\\/\",\"url\":\"https:\\\/\\\/www.comprarmejor.es\\\/en\\\/product\\\/book-profits-of-animals-arabic-codex-1354\\\/\",\"name\":\"Book profits of animals, Arabic codex, 1354, Library of El Escorial\",\"isPartOf\":{\"@id\":\"https:\\\/\\\/www.comprarmejor.es\\\/en\\\/#website\"},\"primaryImageOfPage\":{\"@id\":\"https:\\\/\\\/www.comprarmejor.es\\\/en\\\/product\\\/book-profits-of-animals-arabic-codex-1354\\\/#primaryimage\"},\"image\":{\"@id\":\"https:\\\/\\\/www.comprarmejor.es\\\/en\\\/product\\\/book-profits-of-animals-arabic-codex-1354\\\/#primaryimage\"},\"thumbnailUrl\":\"https:\\\/\\\/www.comprarmejor.es\\\/wp-content\\\/uploads\\\/2016\\\/07\\\/p_6_1_2_9_6129-Libro-de-las-utilidades-de-los-animales-codice-arabe-ano-1354.jpg\",\"datePublished\":\"2016-07-01T10:47:11+00:00\",\"dateModified\":\"2023-07-13T11:09:09+00:00\",\"description\":\"Facsimile edition of one of the Arab codices of the Library of El Escorial: The Book of profits of animals, authored by Ibn al-Durayhim\",\"breadcrumb\":{\"@id\":\"https:\\\/\\\/www.comprarmejor.es\\\/en\\\/product\\\/book-profits-of-animals-arabic-codex-1354\\\/#breadcrumb\"},\"inLanguage\":\"en-US\",\"potentialAction\":[{\"@type\":\"ReadAction\",\"target\":[\"https:\\\/\\\/www.comprarmejor.es\\\/en\\\/product\\\/book-profits-of-animals-arabic-codex-1354\\\/\"]}]},{\"@type\":\"ImageObject\",\"inLanguage\":\"en-US\",\"@id\":\"https:\\\/\\\/www.comprarmejor.es\\\/en\\\/product\\\/book-profits-of-animals-arabic-codex-1354\\\/#primaryimage\",\"url\":\"https:\\\/\\\/www.comprarmejor.es\\\/wp-content\\\/uploads\\\/2016\\\/07\\\/p_6_1_2_9_6129-Libro-de-las-utilidades-de-los-animales-codice-arabe-ano-1354.jpg\",\"contentUrl\":\"https:\\\/\\\/www.comprarmejor.es\\\/wp-content\\\/uploads\\\/2016\\\/07\\\/p_6_1_2_9_6129-Libro-de-las-utilidades-de-los-animales-codice-arabe-ano-1354.jpg\",\"width\":599,\"height\":449},{\"@type\":\"BreadcrumbList\",\"@id\":\"https:\\\/\\\/www.comprarmejor.es\\\/en\\\/product\\\/book-profits-of-animals-arabic-codex-1354\\\/#breadcrumb\",\"itemListElement\":[{\"@type\":\"ListItem\",\"position\":1,\"name\":\"Portada\",\"item\":\"https:\\\/\\\/www.comprarmejor.es\\\/en\\\/\"},{\"@type\":\"ListItem\",\"position\":2,\"name\":\"Shop\",\"item\":\"https:\\\/\\\/www.comprarmejor.es\\\/en\\\/shop\\\/\"},{\"@type\":\"ListItem\",\"position\":3,\"name\":\"Book profits of animals, Arabic codex, 1354\"}]},{\"@type\":\"WebSite\",\"@id\":\"https:\\\/\\\/www.comprarmejor.es\\\/en\\\/#website\",\"url\":\"https:\\\/\\\/www.comprarmejor.es\\\/en\\\/\",\"name\":\"ComprarMejor\",\"description\":\"ComprarMejor\",\"publisher\":{\"@id\":\"https:\\\/\\\/www.comprarmejor.es\\\/en\\\/#organization\"},\"potentialAction\":[{\"@type\":\"SearchAction\",\"target\":{\"@type\":\"EntryPoint\",\"urlTemplate\":\"https:\\\/\\\/www.comprarmejor.es\\\/en\\\/?s={search_term_string}\"},\"query-input\":{\"@type\":\"PropertyValueSpecification\",\"valueRequired\":true,\"valueName\":\"search_term_string\"}}],\"inLanguage\":\"en-US\"},{\"@type\":\"Organization\",\"@id\":\"https:\\\/\\\/www.comprarmejor.es\\\/en\\\/#organization\",\"name\":\"COMPRAR MEJOR\",\"url\":\"https:\\\/\\\/www.comprarmejor.es\\\/en\\\/\",\"logo\":{\"@type\":\"ImageObject\",\"inLanguage\":\"en-US\",\"@id\":\"https:\\\/\\\/www.comprarmejor.es\\\/en\\\/#\\\/schema\\\/logo\\\/image\\\/\",\"url\":\"https:\\\/\\\/www.comprarmejor.es\\\/wp-content\\\/uploads\\\/2025\\\/09\\\/comprarmejortrinidad.jpg\",\"contentUrl\":\"https:\\\/\\\/www.comprarmejor.es\\\/wp-content\\\/uploads\\\/2025\\\/09\\\/comprarmejortrinidad.jpg\",\"width\":1022,\"height\":1380,\"caption\":\"COMPRAR MEJOR\"},\"image\":{\"@id\":\"https:\\\/\\\/www.comprarmejor.es\\\/en\\\/#\\\/schema\\\/logo\\\/image\\\/\"},\"sameAs\":[\"https:\\\/\\\/www.instagram.com\\\/amigosdelcodice\"]}]}<\/script>\n<!-- \/ Yoast SEO plugin. -->","yoast_head_json":{"title":"Book profits of animals, Arabic codex, 1354, Library of El Escorial","description":"Facsimile edition of one of the Arab codices of the Library of El Escorial: The Book of profits of animals, authored by Ibn al-Durayhim","robots":{"index":"index","follow":"follow","max-snippet":"max-snippet:-1","max-image-preview":"max-image-preview:large","max-video-preview":"max-video-preview:-1"},"canonical":"https:\/\/www.comprarmejor.es\/en\/product\/book-profits-of-animals-arabic-codex-1354\/","og_locale":"en_US","og_type":"article","og_title":"Book profits of animals, Arabic codex, 1354, Library of El Escorial","og_description":"Facsimile edition of one of the Arab codices of the Library of El Escorial: The Book of profits of animals, authored by Ibn al-Durayhim","og_url":"https:\/\/www.comprarmejor.es\/en\/product\/book-profits-of-animals-arabic-codex-1354\/","og_site_name":"ComprarMejor","article_modified_time":"2023-07-13T11:09:09+00:00","og_image":[{"width":599,"height":449,"url":"https:\/\/www.comprarmejor.es\/wp-content\/uploads\/2016\/07\/p_6_1_2_9_6129-Libro-de-las-utilidades-de-los-animales-codice-arabe-ano-1354.jpg","type":"image\/jpeg"}],"twitter_card":"summary_large_image","twitter_misc":{"Est. reading time":"2 minutes"},"schema":{"@context":"https:\/\/schema.org","@graph":[{"@type":"WebPage","@id":"https:\/\/www.comprarmejor.es\/en\/product\/book-profits-of-animals-arabic-codex-1354\/","url":"https:\/\/www.comprarmejor.es\/en\/product\/book-profits-of-animals-arabic-codex-1354\/","name":"Book profits of animals, Arabic codex, 1354, Library of El Escorial","isPartOf":{"@id":"https:\/\/www.comprarmejor.es\/en\/#website"},"primaryImageOfPage":{"@id":"https:\/\/www.comprarmejor.es\/en\/product\/book-profits-of-animals-arabic-codex-1354\/#primaryimage"},"image":{"@id":"https:\/\/www.comprarmejor.es\/en\/product\/book-profits-of-animals-arabic-codex-1354\/#primaryimage"},"thumbnailUrl":"https:\/\/www.comprarmejor.es\/wp-content\/uploads\/2016\/07\/p_6_1_2_9_6129-Libro-de-las-utilidades-de-los-animales-codice-arabe-ano-1354.jpg","datePublished":"2016-07-01T10:47:11+00:00","dateModified":"2023-07-13T11:09:09+00:00","description":"Facsimile edition of one of the Arab codices of the Library of El Escorial: The Book of profits of animals, authored by Ibn al-Durayhim","breadcrumb":{"@id":"https:\/\/www.comprarmejor.es\/en\/product\/book-profits-of-animals-arabic-codex-1354\/#breadcrumb"},"inLanguage":"en-US","potentialAction":[{"@type":"ReadAction","target":["https:\/\/www.comprarmejor.es\/en\/product\/book-profits-of-animals-arabic-codex-1354\/"]}]},{"@type":"ImageObject","inLanguage":"en-US","@id":"https:\/\/www.comprarmejor.es\/en\/product\/book-profits-of-animals-arabic-codex-1354\/#primaryimage","url":"https:\/\/www.comprarmejor.es\/wp-content\/uploads\/2016\/07\/p_6_1_2_9_6129-Libro-de-las-utilidades-de-los-animales-codice-arabe-ano-1354.jpg","contentUrl":"https:\/\/www.comprarmejor.es\/wp-content\/uploads\/2016\/07\/p_6_1_2_9_6129-Libro-de-las-utilidades-de-los-animales-codice-arabe-ano-1354.jpg","width":599,"height":449},{"@type":"BreadcrumbList","@id":"https:\/\/www.comprarmejor.es\/en\/product\/book-profits-of-animals-arabic-codex-1354\/#breadcrumb","itemListElement":[{"@type":"ListItem","position":1,"name":"Portada","item":"https:\/\/www.comprarmejor.es\/en\/"},{"@type":"ListItem","position":2,"name":"Shop","item":"https:\/\/www.comprarmejor.es\/en\/shop\/"},{"@type":"ListItem","position":3,"name":"Book profits of animals, Arabic codex, 1354"}]},{"@type":"WebSite","@id":"https:\/\/www.comprarmejor.es\/en\/#website","url":"https:\/\/www.comprarmejor.es\/en\/","name":"ComprarMejor","description":"ComprarMejor","publisher":{"@id":"https:\/\/www.comprarmejor.es\/en\/#organization"},"potentialAction":[{"@type":"SearchAction","target":{"@type":"EntryPoint","urlTemplate":"https:\/\/www.comprarmejor.es\/en\/?s={search_term_string}"},"query-input":{"@type":"PropertyValueSpecification","valueRequired":true,"valueName":"search_term_string"}}],"inLanguage":"en-US"},{"@type":"Organization","@id":"https:\/\/www.comprarmejor.es\/en\/#organization","name":"COMPRAR MEJOR","url":"https:\/\/www.comprarmejor.es\/en\/","logo":{"@type":"ImageObject","inLanguage":"en-US","@id":"https:\/\/www.comprarmejor.es\/en\/#\/schema\/logo\/image\/","url":"https:\/\/www.comprarmejor.es\/wp-content\/uploads\/2025\/09\/comprarmejortrinidad.jpg","contentUrl":"https:\/\/www.comprarmejor.es\/wp-content\/uploads\/2025\/09\/comprarmejortrinidad.jpg","width":1022,"height":1380,"caption":"COMPRAR MEJOR"},"image":{"@id":"https:\/\/www.comprarmejor.es\/en\/#\/schema\/logo\/image\/"},"sameAs":["https:\/\/www.instagram.com\/amigosdelcodice"]}]}},"_links":{"self":[{"href":"https:\/\/www.comprarmejor.es\/en\/wp-json\/wp\/v2\/product\/53745","targetHints":{"allow":["GET"]}}],"collection":[{"href":"https:\/\/www.comprarmejor.es\/en\/wp-json\/wp\/v2\/product"}],"about":[{"href":"https:\/\/www.comprarmejor.es\/en\/wp-json\/wp\/v2\/types\/product"}],"wp:featuredmedia":[{"embeddable":true,"href":"https:\/\/www.comprarmejor.es\/en\/wp-json\/wp\/v2\/media\/53735"}],"wp:attachment":[{"href":"https:\/\/www.comprarmejor.es\/en\/wp-json\/wp\/v2\/media?parent=53745"}],"wp:term":[{"taxonomy":"product_brand","embeddable":true,"href":"https:\/\/www.comprarmejor.es\/en\/wp-json\/wp\/v2\/product_brand?post=53745"},{"taxonomy":"product_cat","embeddable":true,"href":"https:\/\/www.comprarmejor.es\/en\/wp-json\/wp\/v2\/product_cat?post=53745"},{"taxonomy":"product_tag","embeddable":true,"href":"https:\/\/www.comprarmejor.es\/en\/wp-json\/wp\/v2\/product_tag?post=53745"}],"curies":[{"name":"wp","href":"https:\/\/api.w.org\/{rel}","templated":true}]}}