{"id":53761,"date":"2016-07-08T17:01:42","date_gmt":"2016-07-08T15:01:42","guid":{"rendered":"https:\/\/www.comprarmejor.es\/producto\/the-book-of-hours-of-perugino-or-ghislieri-bonaparte-1503\/"},"modified":"2019-09-23T19:42:25","modified_gmt":"2019-09-23T17:42:25","slug":"the-book-of-hours-of-perugino-or-ghislieri-bonaparte-1503","status":"publish","type":"product","link":"https:\/\/www.comprarmejor.es\/en\/product\/the-book-of-hours-of-perugino-or-ghislieri-bonaparte-1503\/","title":{"rendered":"The Book of Hours of Perugino, or Ghislieri Bonaparte, 1503 *****"},"content":{"rendered":"<p style=\"text-align:justify;\"><span id=\"result_box\" lang=\"en\" xml:lang=\"en\"><span title=\"El Libro de Horas de Perugino (Il Libro d'Ore del Perugino), tambi\u00e9n conocido como El Libro de Horas de Bonaparte Ghislieri, forma parte de las obras editadas por Franco Cosimo Panini en su Biblioteca Imposible, quien una vez m\u00e1s, presenta una obra\">The Book of Hours of Perugino (Il Libro d&#8217;Ore Perugino), also known as the Book of Hours of Bonaparte Ghislieri, is part of the works published by Franco Cosimo Panini in his Impossible Library, who once again presents a work <\/span><span title=\"de extraordinaria belleza y que se califica por s\u00ed misma como una pinacoteca en miniatura.\">of extraordinary beauty and qualifies itself as a miniature art gallery. <\/span><span title=\"\u00a1Un 5 estrellas en toda gran Biblioteca!\">A 5 star hotel in every great library!<\/p>\n<p><\/span><span title=\"La edici\u00f3n facs\u00edmile se basa en el original actualmente conservado en la British Library de Londres, signatura Ms. Yates Thompson 29. Datado en Italia en 1503.\">The facsimile edition is based on the original now preserved in the British Library in London, Ms. Yates Thompson symbol 29. Dated in Italy in 1503.<\/p>\n<p><\/span><span title=\"En un intento de ofrecer una peque\u00f1a antolog\u00eda de lo mejor que pod\u00eda ofrecer la miniatura del centro de Italia en aquellos a\u00f1os, Ghislieri quiso reunir a algunos de los artistas m\u00e1s famosos y aclamados de la \u00e9poca, pidi\u00e9ndole a cada uno que realizase una miniatura de p\u00e1gina\">In an attempt to offer a small anthology of the best he could offer the model of central Italy in those years, Ghislieri wanted to bring together some of the most famous and acclaimed artists of the time, asking each to undertake a page thumbnail <\/span><span title=\"completa.\">complete. <\/span><span title=\"Entre las p\u00e1ginas del c\u00f3dice vemos as\u00ed sucederse las manos de Amico Aspertini en la Adoraci\u00f3n de los pastores, de Perugino en la imagen de San Sebasti\u00e1n, de Lorenzo Costa en el Rey David con la c\u00edtara, de Francesco Francia en el retrato de San Jer\u00f3nimo y\">Between the pages of the codex we see and follow one another&#8217;s hands Amico Aspertini in the Adoration of the Shepherds, of Perugino in the image of San Sebastian, Lorenzo Costa in the King David with the harp, Francesco France in the portrait of St. Jerome and <\/span><span title=\", probablemente, de Matteo da Milano en la Anunciaci\u00f3n.\">probably Matteo da Milano at the Annunciation. <\/span><span title=\"Es, por tanto, esta obra un compendio de obras maestras de la pintura renacentista italiana.\">It is therefore this work a compendium of masterpieces of Italian Renaissance painting.<\/p>\n<p><\/span><span title=\"Resulta admirable tambi\u00e9n la decoraci\u00f3n de los marcos de las miniaturas, llenos de motivos florales y de referencias cl\u00e1sicas.\">It also admirable decoration frames miniatures, full of floral motifs and classical references. <\/span><span title=\"De hecho varias p\u00e1ginas se encuentran rodeadas por estampas grotescas, gr\u00e1ciles y extravagantes inspiradas en la decoraci\u00f3n de las grutas del monte Esquilino de Roma, esto es, en los restos subterr\u00e1neos de la Domus Aurea de Ner\u00f3n, descubiertos en 1480, que adquirieron de inmediato una\">In fact, several pages are surrounded by grotesque, graceful and quirky prints inspired by the decoration of the caves of Esquiline Rome, that is, in the underground remains of the Domus Aurea of \u200b\u200bNero, discovered in 1480, they acquired an immediate <\/span><span title=\"gran popularidad entre los pintores de la \u00e9poca.\">popular with painters of the time.<\/p>\n<p><\/span><span title=\"Una menci\u00f3n particular merece la preciosa encuadernaci\u00f3n, caracterizada por estar forrada de cuero marroqu\u00ed finamente grabado con motivos florales sobre un fondo de raso de seda multicolor.\">A particular mention deserves the precious binding, characterized in Moroccan leather lined with finely engraved with floral motifs on a background of multicolored silk satin. <\/span><span title=\"Las cubiertas est\u00e1n adornadas con dos engastes de piedras duras y dos medallones centrales con las figuras de la Anunciaci\u00f3n.\">The covers are adorned with two ouches of hard stones and two central medallions with figures of the Annunciation.<\/p>\n<p><\/span><span title=\"Tirada limitada de 980 copias numeradas.\">limited edition of 980 numbered copies. <\/span><span title=\"Facs\u00edmile de 274 p\u00e1ginas con un formato de 14,5 x 20,7 x 3,5 cm.\">Facsimile 274 pages with a format of 14.5 x 20.7 x 3.5 cm. <\/span><span title=\"Volumen de comentarios a cargo de Massimo Medica.\">Volume of comments by Massimo Medica. <\/span><span title=\"Presentados en elegante caja-estuche.\">Presented in elegant box-case.<\/p>\n<p><\/span><span title=\"Como no podr\u00eda ser de otra forma en todas las obras que componen La Biblioteca Imposible, un extraordinario, elegante y bell\u00edsimo manuscrito iluminado.\">How could it be otherwise in all the works that make up The Impossible Library, an extraordinary, elegant and beautiful illuminated manuscript. <\/span><span title=\"\u00danico ejemplar disponible.\">Single copy available.<\/p>\n<p><\/span><span title=\"Gastos de env\u00edo por cuenta del comprador, seg\u00fan pedido y destino.\">Shipping by the buyer, upon request and destination.\u00a0<\/span><span title=\"Cons\u00faltenos sin compromiso cualquier duda, as\u00ed como por cualquier otro facs\u00edmile o art\u00edculo que est\u00e9 buscando.\"><a class=\"btn btn-default\" href=\"http:\/\/comprarmejor.es\/en\/contact\">Consult us<\/a> without obligation any questions, as well as facsimile or any other item that is looking for.<\/span><\/span><\/p>\n","protected":false},"excerpt":{"rendered":"<p style=\"text-align:justify;\"><span id=\"result_box\" lang=\"en\" xml:lang=\"en\"><span title=\"de extraordinaria belleza y que se califica por s\u00ed misma como una pinacoteca en miniatura.\"><span lang=\"en\" xml:lang=\"en\">This facsimile is part of the <strong>Spectacular Library<\/strong>.<br \/>The Book of Hours of Perugino (Il Libro d&#8217;Ore del Perugino), also known as The Book of Hours by Bonaparte Ghislieri, is part of the works edited by Franco Cosimo Panini in his Imposible Library,<\/span><\/span><\/span><\/p>\n","protected":false},"featured_media":53747,"template":"","meta":[],"product_brand":[],"product_cat":[5118,2226,2186,2184,2200],"product_tag":[4347,5122,4346,4348],"class_list":{"0":"post-53761","1":"product","2":"type-product","3":"status-publish","4":"has-post-thumbnail","6":"product_cat-bindings","7":"product_cat-books-of-hours","8":"product_cat-collections","9":"product_cat-facsimiles-editions","10":"product_cat-spectacular-library","11":"product_tag-ghislieri-en-2","12":"product_tag-hours-en","13":"product_tag-panini-en","14":"product_tag-perugino-en","15":"product_shipping_class-from-11-to-15-kg","16":"description-off","18":"first","19":"instock","20":"sale","21":"taxable","22":"shipping-taxable","23":"purchasable","24":"product-type-simple"},"yoast_head":"<!-- This site is optimized with the Yoast SEO plugin v27.3 - https:\/\/yoast.com\/product\/yoast-seo-wordpress\/ -->\n<title>The Book of Hours of Perugino, or Ghislieri Bonaparte, 1503 *****<\/title>\n<meta name=\"description\" content=\"The Book of Hours of Perugino (Il Libro d&#039;Ore Perugino), or the Book of Hours of Bonaparte Ghislieri, is part of the Impossible Library Panini\" \/>\n<meta name=\"robots\" content=\"index, follow, max-snippet:-1, max-image-preview:large, max-video-preview:-1\" \/>\n<link rel=\"canonical\" href=\"https:\/\/www.comprarmejor.es\/en\/product\/the-book-of-hours-of-perugino-or-ghislieri-bonaparte-1503\/\" \/>\n<meta property=\"og:locale\" content=\"en_US\" \/>\n<meta property=\"og:type\" content=\"article\" \/>\n<meta property=\"og:title\" content=\"The Book of Hours of Perugino, or Ghislieri Bonaparte, 1503 *****\" \/>\n<meta property=\"og:description\" content=\"The Book of Hours of Perugino (Il Libro d&#039;Ore Perugino), or the Book of Hours of Bonaparte Ghislieri, is part of the Impossible Library Panini\" \/>\n<meta property=\"og:url\" content=\"https:\/\/www.comprarmejor.es\/en\/product\/the-book-of-hours-of-perugino-or-ghislieri-bonaparte-1503\/\" \/>\n<meta property=\"og:site_name\" content=\"ComprarMejor\" \/>\n<meta property=\"article:modified_time\" content=\"2019-09-23T17:42:25+00:00\" \/>\n<meta property=\"og:image\" content=\"https:\/\/www.comprarmejor.es\/wp-content\/uploads\/2016\/07\/p_6_0_7_8_6078-El-Libro-de-Horas-de-Perugino-o-de-Bonaparte-Ghislieri-1503.jpg\" \/>\n\t<meta property=\"og:image:width\" content=\"600\" \/>\n\t<meta property=\"og:image:height\" content=\"298\" \/>\n\t<meta property=\"og:image:type\" content=\"image\/jpeg\" \/>\n<meta name=\"twitter:card\" content=\"summary_large_image\" \/>\n<meta name=\"twitter:label1\" content=\"Est. reading time\" \/>\n\t<meta name=\"twitter:data1\" content=\"2 minutes\" \/>\n<script type=\"application\/ld+json\" class=\"yoast-schema-graph\">{\"@context\":\"https:\\\/\\\/schema.org\",\"@graph\":[{\"@type\":\"WebPage\",\"@id\":\"https:\\\/\\\/www.comprarmejor.es\\\/en\\\/product\\\/the-book-of-hours-of-perugino-or-ghislieri-bonaparte-1503\\\/\",\"url\":\"https:\\\/\\\/www.comprarmejor.es\\\/en\\\/product\\\/the-book-of-hours-of-perugino-or-ghislieri-bonaparte-1503\\\/\",\"name\":\"The Book of Hours of Perugino, or Ghislieri Bonaparte, 1503 *****\",\"isPartOf\":{\"@id\":\"https:\\\/\\\/www.comprarmejor.es\\\/en\\\/#website\"},\"primaryImageOfPage\":{\"@id\":\"https:\\\/\\\/www.comprarmejor.es\\\/en\\\/product\\\/the-book-of-hours-of-perugino-or-ghislieri-bonaparte-1503\\\/#primaryimage\"},\"image\":{\"@id\":\"https:\\\/\\\/www.comprarmejor.es\\\/en\\\/product\\\/the-book-of-hours-of-perugino-or-ghislieri-bonaparte-1503\\\/#primaryimage\"},\"thumbnailUrl\":\"https:\\\/\\\/www.comprarmejor.es\\\/wp-content\\\/uploads\\\/2016\\\/07\\\/p_6_0_7_8_6078-El-Libro-de-Horas-de-Perugino-o-de-Bonaparte-Ghislieri-1503.jpg\",\"datePublished\":\"2016-07-08T15:01:42+00:00\",\"dateModified\":\"2019-09-23T17:42:25+00:00\",\"description\":\"The Book of Hours of Perugino (Il Libro d'Ore Perugino), or the Book of Hours of Bonaparte Ghislieri, is part of the Impossible Library Panini\",\"breadcrumb\":{\"@id\":\"https:\\\/\\\/www.comprarmejor.es\\\/en\\\/product\\\/the-book-of-hours-of-perugino-or-ghislieri-bonaparte-1503\\\/#breadcrumb\"},\"inLanguage\":\"en-US\",\"potentialAction\":[{\"@type\":\"ReadAction\",\"target\":[\"https:\\\/\\\/www.comprarmejor.es\\\/en\\\/product\\\/the-book-of-hours-of-perugino-or-ghislieri-bonaparte-1503\\\/\"]}]},{\"@type\":\"ImageObject\",\"inLanguage\":\"en-US\",\"@id\":\"https:\\\/\\\/www.comprarmejor.es\\\/en\\\/product\\\/the-book-of-hours-of-perugino-or-ghislieri-bonaparte-1503\\\/#primaryimage\",\"url\":\"https:\\\/\\\/www.comprarmejor.es\\\/wp-content\\\/uploads\\\/2016\\\/07\\\/p_6_0_7_8_6078-El-Libro-de-Horas-de-Perugino-o-de-Bonaparte-Ghislieri-1503.jpg\",\"contentUrl\":\"https:\\\/\\\/www.comprarmejor.es\\\/wp-content\\\/uploads\\\/2016\\\/07\\\/p_6_0_7_8_6078-El-Libro-de-Horas-de-Perugino-o-de-Bonaparte-Ghislieri-1503.jpg\",\"width\":600,\"height\":298},{\"@type\":\"BreadcrumbList\",\"@id\":\"https:\\\/\\\/www.comprarmejor.es\\\/en\\\/product\\\/the-book-of-hours-of-perugino-or-ghislieri-bonaparte-1503\\\/#breadcrumb\",\"itemListElement\":[{\"@type\":\"ListItem\",\"position\":1,\"name\":\"Portada\",\"item\":\"https:\\\/\\\/www.comprarmejor.es\\\/en\\\/\"},{\"@type\":\"ListItem\",\"position\":2,\"name\":\"Shop\",\"item\":\"https:\\\/\\\/www.comprarmejor.es\\\/en\\\/shop\\\/\"},{\"@type\":\"ListItem\",\"position\":3,\"name\":\"The Book of Hours of Perugino, or Ghislieri Bonaparte, 1503 *****\"}]},{\"@type\":\"WebSite\",\"@id\":\"https:\\\/\\\/www.comprarmejor.es\\\/en\\\/#website\",\"url\":\"https:\\\/\\\/www.comprarmejor.es\\\/en\\\/\",\"name\":\"ComprarMejor\",\"description\":\"ComprarMejor\",\"publisher\":{\"@id\":\"https:\\\/\\\/www.comprarmejor.es\\\/en\\\/#organization\"},\"potentialAction\":[{\"@type\":\"SearchAction\",\"target\":{\"@type\":\"EntryPoint\",\"urlTemplate\":\"https:\\\/\\\/www.comprarmejor.es\\\/en\\\/?s={search_term_string}\"},\"query-input\":{\"@type\":\"PropertyValueSpecification\",\"valueRequired\":true,\"valueName\":\"search_term_string\"}}],\"inLanguage\":\"en-US\"},{\"@type\":\"Organization\",\"@id\":\"https:\\\/\\\/www.comprarmejor.es\\\/en\\\/#organization\",\"name\":\"COMPRAR MEJOR\",\"url\":\"https:\\\/\\\/www.comprarmejor.es\\\/en\\\/\",\"logo\":{\"@type\":\"ImageObject\",\"inLanguage\":\"en-US\",\"@id\":\"https:\\\/\\\/www.comprarmejor.es\\\/en\\\/#\\\/schema\\\/logo\\\/image\\\/\",\"url\":\"https:\\\/\\\/www.comprarmejor.es\\\/wp-content\\\/uploads\\\/2025\\\/09\\\/comprarmejortrinidad.jpg\",\"contentUrl\":\"https:\\\/\\\/www.comprarmejor.es\\\/wp-content\\\/uploads\\\/2025\\\/09\\\/comprarmejortrinidad.jpg\",\"width\":1022,\"height\":1380,\"caption\":\"COMPRAR MEJOR\"},\"image\":{\"@id\":\"https:\\\/\\\/www.comprarmejor.es\\\/en\\\/#\\\/schema\\\/logo\\\/image\\\/\"},\"sameAs\":[\"https:\\\/\\\/www.instagram.com\\\/amigosdelcodice\"]}]}<\/script>\n<!-- \/ Yoast SEO plugin. -->","yoast_head_json":{"title":"The Book of Hours of Perugino, or Ghislieri Bonaparte, 1503 *****","description":"The Book of Hours of Perugino (Il Libro d'Ore Perugino), or the Book of Hours of Bonaparte Ghislieri, is part of the Impossible Library Panini","robots":{"index":"index","follow":"follow","max-snippet":"max-snippet:-1","max-image-preview":"max-image-preview:large","max-video-preview":"max-video-preview:-1"},"canonical":"https:\/\/www.comprarmejor.es\/en\/product\/the-book-of-hours-of-perugino-or-ghislieri-bonaparte-1503\/","og_locale":"en_US","og_type":"article","og_title":"The Book of Hours of Perugino, or Ghislieri Bonaparte, 1503 *****","og_description":"The Book of Hours of Perugino (Il Libro d'Ore Perugino), or the Book of Hours of Bonaparte Ghislieri, is part of the Impossible Library Panini","og_url":"https:\/\/www.comprarmejor.es\/en\/product\/the-book-of-hours-of-perugino-or-ghislieri-bonaparte-1503\/","og_site_name":"ComprarMejor","article_modified_time":"2019-09-23T17:42:25+00:00","og_image":[{"width":600,"height":298,"url":"https:\/\/www.comprarmejor.es\/wp-content\/uploads\/2016\/07\/p_6_0_7_8_6078-El-Libro-de-Horas-de-Perugino-o-de-Bonaparte-Ghislieri-1503.jpg","type":"image\/jpeg"}],"twitter_card":"summary_large_image","twitter_misc":{"Est. reading time":"2 minutes"},"schema":{"@context":"https:\/\/schema.org","@graph":[{"@type":"WebPage","@id":"https:\/\/www.comprarmejor.es\/en\/product\/the-book-of-hours-of-perugino-or-ghislieri-bonaparte-1503\/","url":"https:\/\/www.comprarmejor.es\/en\/product\/the-book-of-hours-of-perugino-or-ghislieri-bonaparte-1503\/","name":"The Book of Hours of Perugino, or Ghislieri Bonaparte, 1503 *****","isPartOf":{"@id":"https:\/\/www.comprarmejor.es\/en\/#website"},"primaryImageOfPage":{"@id":"https:\/\/www.comprarmejor.es\/en\/product\/the-book-of-hours-of-perugino-or-ghislieri-bonaparte-1503\/#primaryimage"},"image":{"@id":"https:\/\/www.comprarmejor.es\/en\/product\/the-book-of-hours-of-perugino-or-ghislieri-bonaparte-1503\/#primaryimage"},"thumbnailUrl":"https:\/\/www.comprarmejor.es\/wp-content\/uploads\/2016\/07\/p_6_0_7_8_6078-El-Libro-de-Horas-de-Perugino-o-de-Bonaparte-Ghislieri-1503.jpg","datePublished":"2016-07-08T15:01:42+00:00","dateModified":"2019-09-23T17:42:25+00:00","description":"The Book of Hours of Perugino (Il Libro d'Ore Perugino), or the Book of Hours of Bonaparte Ghislieri, is part of the Impossible Library Panini","breadcrumb":{"@id":"https:\/\/www.comprarmejor.es\/en\/product\/the-book-of-hours-of-perugino-or-ghislieri-bonaparte-1503\/#breadcrumb"},"inLanguage":"en-US","potentialAction":[{"@type":"ReadAction","target":["https:\/\/www.comprarmejor.es\/en\/product\/the-book-of-hours-of-perugino-or-ghislieri-bonaparte-1503\/"]}]},{"@type":"ImageObject","inLanguage":"en-US","@id":"https:\/\/www.comprarmejor.es\/en\/product\/the-book-of-hours-of-perugino-or-ghislieri-bonaparte-1503\/#primaryimage","url":"https:\/\/www.comprarmejor.es\/wp-content\/uploads\/2016\/07\/p_6_0_7_8_6078-El-Libro-de-Horas-de-Perugino-o-de-Bonaparte-Ghislieri-1503.jpg","contentUrl":"https:\/\/www.comprarmejor.es\/wp-content\/uploads\/2016\/07\/p_6_0_7_8_6078-El-Libro-de-Horas-de-Perugino-o-de-Bonaparte-Ghislieri-1503.jpg","width":600,"height":298},{"@type":"BreadcrumbList","@id":"https:\/\/www.comprarmejor.es\/en\/product\/the-book-of-hours-of-perugino-or-ghislieri-bonaparte-1503\/#breadcrumb","itemListElement":[{"@type":"ListItem","position":1,"name":"Portada","item":"https:\/\/www.comprarmejor.es\/en\/"},{"@type":"ListItem","position":2,"name":"Shop","item":"https:\/\/www.comprarmejor.es\/en\/shop\/"},{"@type":"ListItem","position":3,"name":"The Book of Hours of Perugino, or Ghislieri Bonaparte, 1503 *****"}]},{"@type":"WebSite","@id":"https:\/\/www.comprarmejor.es\/en\/#website","url":"https:\/\/www.comprarmejor.es\/en\/","name":"ComprarMejor","description":"ComprarMejor","publisher":{"@id":"https:\/\/www.comprarmejor.es\/en\/#organization"},"potentialAction":[{"@type":"SearchAction","target":{"@type":"EntryPoint","urlTemplate":"https:\/\/www.comprarmejor.es\/en\/?s={search_term_string}"},"query-input":{"@type":"PropertyValueSpecification","valueRequired":true,"valueName":"search_term_string"}}],"inLanguage":"en-US"},{"@type":"Organization","@id":"https:\/\/www.comprarmejor.es\/en\/#organization","name":"COMPRAR MEJOR","url":"https:\/\/www.comprarmejor.es\/en\/","logo":{"@type":"ImageObject","inLanguage":"en-US","@id":"https:\/\/www.comprarmejor.es\/en\/#\/schema\/logo\/image\/","url":"https:\/\/www.comprarmejor.es\/wp-content\/uploads\/2025\/09\/comprarmejortrinidad.jpg","contentUrl":"https:\/\/www.comprarmejor.es\/wp-content\/uploads\/2025\/09\/comprarmejortrinidad.jpg","width":1022,"height":1380,"caption":"COMPRAR MEJOR"},"image":{"@id":"https:\/\/www.comprarmejor.es\/en\/#\/schema\/logo\/image\/"},"sameAs":["https:\/\/www.instagram.com\/amigosdelcodice"]}]}},"_links":{"self":[{"href":"https:\/\/www.comprarmejor.es\/en\/wp-json\/wp\/v2\/product\/53761","targetHints":{"allow":["GET"]}}],"collection":[{"href":"https:\/\/www.comprarmejor.es\/en\/wp-json\/wp\/v2\/product"}],"about":[{"href":"https:\/\/www.comprarmejor.es\/en\/wp-json\/wp\/v2\/types\/product"}],"wp:featuredmedia":[{"embeddable":true,"href":"https:\/\/www.comprarmejor.es\/en\/wp-json\/wp\/v2\/media\/53747"}],"wp:attachment":[{"href":"https:\/\/www.comprarmejor.es\/en\/wp-json\/wp\/v2\/media?parent=53761"}],"wp:term":[{"taxonomy":"product_brand","embeddable":true,"href":"https:\/\/www.comprarmejor.es\/en\/wp-json\/wp\/v2\/product_brand?post=53761"},{"taxonomy":"product_cat","embeddable":true,"href":"https:\/\/www.comprarmejor.es\/en\/wp-json\/wp\/v2\/product_cat?post=53761"},{"taxonomy":"product_tag","embeddable":true,"href":"https:\/\/www.comprarmejor.es\/en\/wp-json\/wp\/v2\/product_tag?post=53761"}],"curies":[{"name":"wp","href":"https:\/\/api.w.org\/{rel}","templated":true}]}}