{"id":53817,"date":"2016-09-24T00:08:24","date_gmt":"2016-09-23T22:08:24","guid":{"rendered":"https:\/\/www.comprarmejor.es\/producto\/drawings-by-federico-garcia-lorca-between-1926-and-1932\/"},"modified":"2019-09-17T23:21:33","modified_gmt":"2019-09-17T21:21:33","slug":"drawings-by-federico-garcia-lorca-between-1926-and-1932","status":"publish","type":"product","link":"https:\/\/www.comprarmejor.es\/en\/product\/drawings-by-federico-garcia-lorca-between-1926-and-1932\/","title":{"rendered":"Drawings by Federico Garcia Lorca, between 1926 and 1932"},"content":{"rendered":"<p style=\"text-align:justify;\"><span id=\"result_box\" lang=\"en\" xml:lang=\"en\"><span title=\"El pasado 19 de agosto de 2016 fue el 80 aniversario de la muerte uno de los m\u00e1s grandes poetas y dramaturgos de la primera mitad del siglo XX, una de las m\u00e1s famosas v\u00edctimas de la guerra civil espa\u00f1ola.\">On August 19, 2016 was the 80th anniversary of one of the greatest poets and playwrights of the first half of the twentieth century, one of the most famous victims of the Spanish civil war death. <\/span><span title=\"38 a\u00f1os antes de su muerte en 1936, el mismo a\u00f1o que otras dos grandes figuras de la literatura mundial, el americano Hemingway y el alem\u00e1n Brecht, naci\u00f3 en el pueblo de Fuentevaqueros en la provincia de Granada en Andaluc\u00eda, Federico Garc\u00eda Lorca.\">38 years before his death in 1936, the same year as two other great figures of world literature, American and German Brecht Hemingway was born in the village of Fuentevaqueros in the province of Granada in Andalusia, Federico Garc\u00eda Lorca.<\/p>\n<p><\/span><span title=\"La influencia de su regi\u00f3n natal se encuentra en toda su obra, desde las &quot;Primeras Canciones&quot; hasta &quot;La casa de Bernarda Alba&quot;, combinaci\u00f3n de tradici\u00f3n secular y de modernismo del siglo XX.\">The influence of his native region is found throughout his work, from the &#8220;First Songs&#8221; to &#8220;The House of Bernarda Alba&#8221; combination of secular tradition and modernism of the twentieth century. <\/span><span title=\"Un ejemplo de su inter\u00e9s es la Fiesta del Cante Jondo (cante tradicional de Andaluc\u00eda) que organizar\u00e1 en 1922 con otro andaluz, su amigo el compositor Manuel de Falla, nacido en C\u00e1diz.\">An example of interest is the Festival del Cante Jondo (traditional singing of Andalusia) to be organized in 1922 with another Andalusian, his friend the composer Manuel de Falla, born in Cadiz. <\/span><span title=\"11 a\u00f1os despu\u00e9s, Garc\u00eda Lorca participar\u00e1 en las representaciones de la obra maestra de Manuel de Falla, &quot;El amor brujo&quot;, obra muy influenciada por la tradici\u00f3n andaluza y espa\u00f1ola.\">11 years later, Garcia Lorca participate in the representations of the masterpiece of Manuel de Falla, &#8220;El Amor Brujo&#8221;, a work strongly influenced by Andalusian and Spanish tradition.<\/p>\n<p><\/span><span title=\"En 1991, la Fundaci\u00f3n Federico Garc\u00eda Lorca y la editorial Testimonio de Madrid, realizaron una edici\u00f3n facs\u00edmile de 6 de los m\u00e1s significativos dibujos del poeta:\">In 1991, the Federico Garc\u00eda Lorca Foundation and the publishing Testimony of Madrid, made a facsimile edition of 6 of the most significant drawings of the poet:<\/p>\n<p><\/span><span title=\"El joven y su alma.\">The young man and his soul. <\/span><span title=\"Dibujo fechado en Granada en 1926. Federico Garc\u00eda Lorca se lo regal\u00f3 a su buen amigo el pintor Hermenegildo Lanz.\">Drawing Granada dated in 1926. Federico Garc\u00eda Lorca gave it to his good friend the painter Hermenegildo Lanz. <\/span><span title=\"Actualmente pertenece a la colecci\u00f3n privada de Enrique Lanz, Granada.\">Currently it belongs to the private collection of Enrique Lanz, Granada.<\/p>\n<p><\/span><span title=\"Retrato de dama espa\u00f1ola sentada.\">Portrait of lady sitting Spanish. <\/span><span title=\"Dibujo fechado en 1929 en Nueva York, donde Garc\u00eda Lorca se lo regal\u00f3 a sus amigos Amelia y \u00c1ngel del R\u00edo.\">Drawing dated 1929 in New York, where Garcia Lorca gave it to his friends and Angel Amelia River.<\/p>\n<p><\/span><span title=\"Escena de domador y animal fabuloso.\">Scene and fabulous animal tamer. <\/span><span title=\"Dibujo realizado en Nueva York entre 1929 y 1930. Al igual que el anterior, tambi\u00e9n se lo regal\u00f3 Garc\u00eda Lorca a la familia del R\u00edo.\">Drawing held in New York between 1929 and 1930. Like the previous one, also he gave Garcia Lorca&#8217;s family River. <\/span><span title=\"Ambos dibujos pertenecen en la actualidad a la colecci\u00f3n privada de Carmen Pini\u00e9s del R\u00edo, Nueva York.\">Both drawings currently belong to the private collection of Carmen Pini\u00e9s River, New York.<\/p>\n<p><\/span><span title=\"Pancracio.\">Pankration. <\/span><span title=\"Leonarda.\">Leonarda. <\/span><span title=\"Barbero.\">Barber. <\/span><span title=\"Dibujos de los respectivos figurines para los personajes del mismo nombre del entrem\u00e9s \u201cLa cueva de Salamanca\u201d (a veces atribuido a Cervantes).\">Drawings of the respective costumes for the characters of the same name interlude &#8220;The Cave of Salamanca&#8221; (sometimes attributed to Cervantes). <\/span><span title=\"Lo dirigi\u00f3 Federico Garc\u00eda Lorca para \u201cLa Barraca\u201d en 1932. Los 3 dibujos pertenecen en la actualidad a la colecci\u00f3n p\u00fablica del Excmo.\">Federico Garc\u00eda Lorca directed him to &#8220;La Barraca&#8221; in 1932. The 3 drawings belong today to the public collection of the Hon. <\/span><span title=\"Ayuntamiento de Granada, por donaci\u00f3n de los herederos del poeta.\">Granada City Council, by donation of the heirs of the poet.<\/p>\n<p><\/span><span title=\"Caracter\u00edsticas de esta bella e interesante edici\u00f3n:\">Features of this beautiful and interesting issue:<\/p>\n<p><\/span><span title=\"6 l\u00e1minas de gran tama\u00f1o 44,5 x 62 cm en papel verjurado de alto gramaje.\">6 large sheets of 44.5 x 62 cm on heavyweight paper verjurado. <\/span><span title=\"Tama\u00f1o de la huella a color variable en cada dibujo.\">Footprint size variable color in each drawing.<br \/><\/span><span title=\"1 l\u00e1mina con textos.\">1 sheet with texts.<br \/><\/span><span title=\"Presentados en carpeta r\u00edgida, tama\u00f1o 49,5 x 66 cm, forrada en tela verde y decorada con la firma aleg\u00f3rica de Lorca en color.\">Presented in rigid folder, size 49.5 x 66 cm, covered in green cloth and decorated with allegorical Lorca signature color.<br \/><\/span><span title=\"Cada l\u00e1mina numerada y firmada por el Secretario de la Fundaci\u00f3n Federico Garc\u00eda Lorca, al dorso de la misma.\">Each sheet numbered and signed by the Secretary of the Foundation Federico Garc\u00eda Lorca, on the back of it.<br \/><\/span><span title=\"Limitada a 980 ejemplares para su venta exclusiva en Espa\u00f1a y otros 980 para su venta exclusiva al extranjero.\">Limited to 980 copies for exclusive sale in Spain and other 980 for exclusive sale abroad.<\/p>\n<p><\/span><span title=\"Un art\u00edculo especial para coleccionistas, lorquianos, artistas y para regalos institucionales o de empresa.\">A special collector&#8217;s item, Lorca, artists and institutional or corporate gifts. <\/span><span title=\"Cons\u00faltenos, si lo desea, por descuentos seg\u00fan cantidad de ejemplares.\">Ask us, if you wish, discounts according number of copies.<\/p>\n<p><\/span><span title=\"Gastos de env\u00edo por cuenta del comprador, seg\u00fan pedido y destino.\">Shipping by the buyer, upon request and destination.\u00a0<\/span><span title=\"Cons\u00faltenos sin compromiso cualquier duda, as\u00ed como por cualquier otro art\u00edculo que est\u00e9 buscando.\"><a class=\"btn btn-default\" href=\"http:\/\/comprarmejor.es\/en\/contact\">Consult us<\/a> without obligation any questions, as well as any other items you are seeking.<\/span><\/span><\/p>\n","protected":false},"excerpt":{"rendered":"<p style=\"text-align:justify;\"><span id=\"result_box\" lang=\"en\" xml:lang=\"en\"><span title=\"En 1991, la Fundaci\u00f3n Federico Garc\u00eda Lorca y la editorial Testimonio de Madrid, realizaron una edici\u00f3n facs\u00edmile de 6 de los m\u00e1s significativos dibujos del poeta:\">In 1991, the Federico Garc\u00eda Lorca Foundation and the publishing Testimony of Madrid, made a facsimile edition of 6 of the most significant drawings of the poet.<\/span><\/span><\/p>\n","protected":false},"featured_media":53809,"template":"","meta":[],"product_brand":[],"product_cat":[2270],"product_tag":[5791,4156,3999],"class_list":{"0":"post-53817","1":"product","2":"type-product","3":"status-publish","4":"has-post-thumbnail","6":"product_cat-drawings","7":"product_tag-arte-en","8":"product_tag-lorca-en-2","9":"product_tag-testimonio-en","10":"product_shipping_class-from-2-to-5-kg","11":"description-off","13":"first","14":"instock","15":"taxable","16":"shipping-taxable","17":"purchasable","18":"product-type-simple"},"yoast_head":"<!-- This site is optimized with the Yoast SEO plugin v27.3 - https:\/\/yoast.com\/product\/yoast-seo-wordpress\/ -->\n<title>Drawings by Federico Garcia Lorca, between 1926 and 1932<\/title>\n<meta name=\"description\" content=\"In 1991, the Federico Garc\u00eda Lorca Foundation and the publishing Testimony of Madrid, made a facsimile edition of 6 of the most significant drawings of the poet\" \/>\n<meta name=\"robots\" content=\"index, follow, max-snippet:-1, max-image-preview:large, max-video-preview:-1\" \/>\n<link rel=\"canonical\" href=\"https:\/\/www.comprarmejor.es\/en\/product\/drawings-by-federico-garcia-lorca-between-1926-and-1932\/\" \/>\n<meta property=\"og:locale\" content=\"en_US\" \/>\n<meta property=\"og:type\" content=\"article\" \/>\n<meta property=\"og:title\" content=\"Drawings by Federico Garcia Lorca, between 1926 and 1932\" \/>\n<meta property=\"og:description\" content=\"In 1991, the Federico Garc\u00eda Lorca Foundation and the publishing Testimony of Madrid, made a facsimile edition of 6 of the most significant drawings of the poet\" \/>\n<meta property=\"og:url\" content=\"https:\/\/www.comprarmejor.es\/en\/product\/drawings-by-federico-garcia-lorca-between-1926-and-1932\/\" \/>\n<meta property=\"og:site_name\" content=\"ComprarMejor\" \/>\n<meta property=\"article:modified_time\" content=\"2019-09-17T21:21:33+00:00\" \/>\n<meta property=\"og:image\" content=\"https:\/\/www.comprarmejor.es\/wp-content\/uploads\/2016\/09\/p_7_2_5_3_7253-Dibujos-de-Federico-Garcia-Lorca-entre-1926-y-1932.jpg\" \/>\n\t<meta property=\"og:image:width\" content=\"594\" \/>\n\t<meta property=\"og:image:height\" content=\"462\" \/>\n\t<meta property=\"og:image:type\" content=\"image\/jpeg\" \/>\n<meta name=\"twitter:card\" content=\"summary_large_image\" \/>\n<meta name=\"twitter:label1\" content=\"Est. reading time\" \/>\n\t<meta name=\"twitter:data1\" content=\"2 minutes\" \/>\n<script type=\"application\/ld+json\" class=\"yoast-schema-graph\">{\"@context\":\"https:\\\/\\\/schema.org\",\"@graph\":[{\"@type\":\"WebPage\",\"@id\":\"https:\\\/\\\/www.comprarmejor.es\\\/en\\\/product\\\/drawings-by-federico-garcia-lorca-between-1926-and-1932\\\/\",\"url\":\"https:\\\/\\\/www.comprarmejor.es\\\/en\\\/product\\\/drawings-by-federico-garcia-lorca-between-1926-and-1932\\\/\",\"name\":\"Drawings by Federico Garcia Lorca, between 1926 and 1932\",\"isPartOf\":{\"@id\":\"https:\\\/\\\/www.comprarmejor.es\\\/en\\\/#website\"},\"primaryImageOfPage\":{\"@id\":\"https:\\\/\\\/www.comprarmejor.es\\\/en\\\/product\\\/drawings-by-federico-garcia-lorca-between-1926-and-1932\\\/#primaryimage\"},\"image\":{\"@id\":\"https:\\\/\\\/www.comprarmejor.es\\\/en\\\/product\\\/drawings-by-federico-garcia-lorca-between-1926-and-1932\\\/#primaryimage\"},\"thumbnailUrl\":\"https:\\\/\\\/www.comprarmejor.es\\\/wp-content\\\/uploads\\\/2016\\\/09\\\/p_7_2_5_3_7253-Dibujos-de-Federico-Garcia-Lorca-entre-1926-y-1932.jpg\",\"datePublished\":\"2016-09-23T22:08:24+00:00\",\"dateModified\":\"2019-09-17T21:21:33+00:00\",\"description\":\"In 1991, the Federico Garc\u00eda Lorca Foundation and the publishing Testimony of Madrid, made a facsimile edition of 6 of the most significant drawings of the poet\",\"breadcrumb\":{\"@id\":\"https:\\\/\\\/www.comprarmejor.es\\\/en\\\/product\\\/drawings-by-federico-garcia-lorca-between-1926-and-1932\\\/#breadcrumb\"},\"inLanguage\":\"en-US\",\"potentialAction\":[{\"@type\":\"ReadAction\",\"target\":[\"https:\\\/\\\/www.comprarmejor.es\\\/en\\\/product\\\/drawings-by-federico-garcia-lorca-between-1926-and-1932\\\/\"]}]},{\"@type\":\"ImageObject\",\"inLanguage\":\"en-US\",\"@id\":\"https:\\\/\\\/www.comprarmejor.es\\\/en\\\/product\\\/drawings-by-federico-garcia-lorca-between-1926-and-1932\\\/#primaryimage\",\"url\":\"https:\\\/\\\/www.comprarmejor.es\\\/wp-content\\\/uploads\\\/2016\\\/09\\\/p_7_2_5_3_7253-Dibujos-de-Federico-Garcia-Lorca-entre-1926-y-1932.jpg\",\"contentUrl\":\"https:\\\/\\\/www.comprarmejor.es\\\/wp-content\\\/uploads\\\/2016\\\/09\\\/p_7_2_5_3_7253-Dibujos-de-Federico-Garcia-Lorca-entre-1926-y-1932.jpg\",\"width\":594,\"height\":462},{\"@type\":\"BreadcrumbList\",\"@id\":\"https:\\\/\\\/www.comprarmejor.es\\\/en\\\/product\\\/drawings-by-federico-garcia-lorca-between-1926-and-1932\\\/#breadcrumb\",\"itemListElement\":[{\"@type\":\"ListItem\",\"position\":1,\"name\":\"Portada\",\"item\":\"https:\\\/\\\/www.comprarmejor.es\\\/en\\\/\"},{\"@type\":\"ListItem\",\"position\":2,\"name\":\"Shop\",\"item\":\"https:\\\/\\\/www.comprarmejor.es\\\/en\\\/shop\\\/\"},{\"@type\":\"ListItem\",\"position\":3,\"name\":\"Drawings by Federico Garcia Lorca, between 1926 and 1932\"}]},{\"@type\":\"WebSite\",\"@id\":\"https:\\\/\\\/www.comprarmejor.es\\\/en\\\/#website\",\"url\":\"https:\\\/\\\/www.comprarmejor.es\\\/en\\\/\",\"name\":\"ComprarMejor\",\"description\":\"ComprarMejor\",\"publisher\":{\"@id\":\"https:\\\/\\\/www.comprarmejor.es\\\/en\\\/#organization\"},\"potentialAction\":[{\"@type\":\"SearchAction\",\"target\":{\"@type\":\"EntryPoint\",\"urlTemplate\":\"https:\\\/\\\/www.comprarmejor.es\\\/en\\\/?s={search_term_string}\"},\"query-input\":{\"@type\":\"PropertyValueSpecification\",\"valueRequired\":true,\"valueName\":\"search_term_string\"}}],\"inLanguage\":\"en-US\"},{\"@type\":\"Organization\",\"@id\":\"https:\\\/\\\/www.comprarmejor.es\\\/en\\\/#organization\",\"name\":\"COMPRAR MEJOR\",\"url\":\"https:\\\/\\\/www.comprarmejor.es\\\/en\\\/\",\"logo\":{\"@type\":\"ImageObject\",\"inLanguage\":\"en-US\",\"@id\":\"https:\\\/\\\/www.comprarmejor.es\\\/en\\\/#\\\/schema\\\/logo\\\/image\\\/\",\"url\":\"https:\\\/\\\/www.comprarmejor.es\\\/wp-content\\\/uploads\\\/2025\\\/09\\\/comprarmejortrinidad.jpg\",\"contentUrl\":\"https:\\\/\\\/www.comprarmejor.es\\\/wp-content\\\/uploads\\\/2025\\\/09\\\/comprarmejortrinidad.jpg\",\"width\":1022,\"height\":1380,\"caption\":\"COMPRAR MEJOR\"},\"image\":{\"@id\":\"https:\\\/\\\/www.comprarmejor.es\\\/en\\\/#\\\/schema\\\/logo\\\/image\\\/\"},\"sameAs\":[\"https:\\\/\\\/www.instagram.com\\\/amigosdelcodice\"]}]}<\/script>\n<!-- \/ Yoast SEO plugin. -->","yoast_head_json":{"title":"Drawings by Federico Garcia Lorca, between 1926 and 1932","description":"In 1991, the Federico Garc\u00eda Lorca Foundation and the publishing Testimony of Madrid, made a facsimile edition of 6 of the most significant drawings of the poet","robots":{"index":"index","follow":"follow","max-snippet":"max-snippet:-1","max-image-preview":"max-image-preview:large","max-video-preview":"max-video-preview:-1"},"canonical":"https:\/\/www.comprarmejor.es\/en\/product\/drawings-by-federico-garcia-lorca-between-1926-and-1932\/","og_locale":"en_US","og_type":"article","og_title":"Drawings by Federico Garcia Lorca, between 1926 and 1932","og_description":"In 1991, the Federico Garc\u00eda Lorca Foundation and the publishing Testimony of Madrid, made a facsimile edition of 6 of the most significant drawings of the poet","og_url":"https:\/\/www.comprarmejor.es\/en\/product\/drawings-by-federico-garcia-lorca-between-1926-and-1932\/","og_site_name":"ComprarMejor","article_modified_time":"2019-09-17T21:21:33+00:00","og_image":[{"width":594,"height":462,"url":"https:\/\/www.comprarmejor.es\/wp-content\/uploads\/2016\/09\/p_7_2_5_3_7253-Dibujos-de-Federico-Garcia-Lorca-entre-1926-y-1932.jpg","type":"image\/jpeg"}],"twitter_card":"summary_large_image","twitter_misc":{"Est. reading time":"2 minutes"},"schema":{"@context":"https:\/\/schema.org","@graph":[{"@type":"WebPage","@id":"https:\/\/www.comprarmejor.es\/en\/product\/drawings-by-federico-garcia-lorca-between-1926-and-1932\/","url":"https:\/\/www.comprarmejor.es\/en\/product\/drawings-by-federico-garcia-lorca-between-1926-and-1932\/","name":"Drawings by Federico Garcia Lorca, between 1926 and 1932","isPartOf":{"@id":"https:\/\/www.comprarmejor.es\/en\/#website"},"primaryImageOfPage":{"@id":"https:\/\/www.comprarmejor.es\/en\/product\/drawings-by-federico-garcia-lorca-between-1926-and-1932\/#primaryimage"},"image":{"@id":"https:\/\/www.comprarmejor.es\/en\/product\/drawings-by-federico-garcia-lorca-between-1926-and-1932\/#primaryimage"},"thumbnailUrl":"https:\/\/www.comprarmejor.es\/wp-content\/uploads\/2016\/09\/p_7_2_5_3_7253-Dibujos-de-Federico-Garcia-Lorca-entre-1926-y-1932.jpg","datePublished":"2016-09-23T22:08:24+00:00","dateModified":"2019-09-17T21:21:33+00:00","description":"In 1991, the Federico Garc\u00eda Lorca Foundation and the publishing Testimony of Madrid, made a facsimile edition of 6 of the most significant drawings of the poet","breadcrumb":{"@id":"https:\/\/www.comprarmejor.es\/en\/product\/drawings-by-federico-garcia-lorca-between-1926-and-1932\/#breadcrumb"},"inLanguage":"en-US","potentialAction":[{"@type":"ReadAction","target":["https:\/\/www.comprarmejor.es\/en\/product\/drawings-by-federico-garcia-lorca-between-1926-and-1932\/"]}]},{"@type":"ImageObject","inLanguage":"en-US","@id":"https:\/\/www.comprarmejor.es\/en\/product\/drawings-by-federico-garcia-lorca-between-1926-and-1932\/#primaryimage","url":"https:\/\/www.comprarmejor.es\/wp-content\/uploads\/2016\/09\/p_7_2_5_3_7253-Dibujos-de-Federico-Garcia-Lorca-entre-1926-y-1932.jpg","contentUrl":"https:\/\/www.comprarmejor.es\/wp-content\/uploads\/2016\/09\/p_7_2_5_3_7253-Dibujos-de-Federico-Garcia-Lorca-entre-1926-y-1932.jpg","width":594,"height":462},{"@type":"BreadcrumbList","@id":"https:\/\/www.comprarmejor.es\/en\/product\/drawings-by-federico-garcia-lorca-between-1926-and-1932\/#breadcrumb","itemListElement":[{"@type":"ListItem","position":1,"name":"Portada","item":"https:\/\/www.comprarmejor.es\/en\/"},{"@type":"ListItem","position":2,"name":"Shop","item":"https:\/\/www.comprarmejor.es\/en\/shop\/"},{"@type":"ListItem","position":3,"name":"Drawings by Federico Garcia Lorca, between 1926 and 1932"}]},{"@type":"WebSite","@id":"https:\/\/www.comprarmejor.es\/en\/#website","url":"https:\/\/www.comprarmejor.es\/en\/","name":"ComprarMejor","description":"ComprarMejor","publisher":{"@id":"https:\/\/www.comprarmejor.es\/en\/#organization"},"potentialAction":[{"@type":"SearchAction","target":{"@type":"EntryPoint","urlTemplate":"https:\/\/www.comprarmejor.es\/en\/?s={search_term_string}"},"query-input":{"@type":"PropertyValueSpecification","valueRequired":true,"valueName":"search_term_string"}}],"inLanguage":"en-US"},{"@type":"Organization","@id":"https:\/\/www.comprarmejor.es\/en\/#organization","name":"COMPRAR MEJOR","url":"https:\/\/www.comprarmejor.es\/en\/","logo":{"@type":"ImageObject","inLanguage":"en-US","@id":"https:\/\/www.comprarmejor.es\/en\/#\/schema\/logo\/image\/","url":"https:\/\/www.comprarmejor.es\/wp-content\/uploads\/2025\/09\/comprarmejortrinidad.jpg","contentUrl":"https:\/\/www.comprarmejor.es\/wp-content\/uploads\/2025\/09\/comprarmejortrinidad.jpg","width":1022,"height":1380,"caption":"COMPRAR MEJOR"},"image":{"@id":"https:\/\/www.comprarmejor.es\/en\/#\/schema\/logo\/image\/"},"sameAs":["https:\/\/www.instagram.com\/amigosdelcodice"]}]}},"_links":{"self":[{"href":"https:\/\/www.comprarmejor.es\/en\/wp-json\/wp\/v2\/product\/53817","targetHints":{"allow":["GET"]}}],"collection":[{"href":"https:\/\/www.comprarmejor.es\/en\/wp-json\/wp\/v2\/product"}],"about":[{"href":"https:\/\/www.comprarmejor.es\/en\/wp-json\/wp\/v2\/types\/product"}],"wp:featuredmedia":[{"embeddable":true,"href":"https:\/\/www.comprarmejor.es\/en\/wp-json\/wp\/v2\/media\/53809"}],"wp:attachment":[{"href":"https:\/\/www.comprarmejor.es\/en\/wp-json\/wp\/v2\/media?parent=53817"}],"wp:term":[{"taxonomy":"product_brand","embeddable":true,"href":"https:\/\/www.comprarmejor.es\/en\/wp-json\/wp\/v2\/product_brand?post=53817"},{"taxonomy":"product_cat","embeddable":true,"href":"https:\/\/www.comprarmejor.es\/en\/wp-json\/wp\/v2\/product_cat?post=53817"},{"taxonomy":"product_tag","embeddable":true,"href":"https:\/\/www.comprarmejor.es\/en\/wp-json\/wp\/v2\/product_tag?post=53817"}],"curies":[{"name":"wp","href":"https:\/\/api.w.org\/{rel}","templated":true}]}}