{"id":53889,"date":"2016-10-03T19:09:49","date_gmt":"2016-10-03T17:09:49","guid":{"rendered":"https:\/\/www.comprarmejor.es\/producto\/book-of-hours-of-mencia-de-mendoza-s-xvi-mini-book\/"},"modified":"2020-05-03T18:24:28","modified_gmt":"2020-05-03T16:24:28","slug":"book-of-hours-of-mencia-de-mendoza-s-xvi-mini-book","status":"publish","type":"product","link":"https:\/\/www.comprarmejor.es\/en\/product\/book-of-hours-of-mencia-de-mendoza-s-xvi-mini-book\/","title":{"rendered":"Book of Hours of Mencia de Mendoza, s. XVI (mini book)"},"content":{"rendered":"<p style=\"text-align: justify;\"><span id=\"result_box\" lang=\"en\" xml:lang=\"en\"><span title=\"De todos los libros de horas que encarg\u00f3 Do\u00f1a Menc\u00eda de Mendoza se conserva, al menos, uno en el Instituto Valencia de Don Juan en Madrid (26-III-41).\">Of all the books of hours commissioned Dona Mencia de Mendoza at least keeps one in the Valencia Institute of Don Juan in Madrid (26-III-41). <\/span><span title=\"La edici\u00f3n facsimilar de este peque\u00f1o libro, cuenta con 202 folios en pergamino, 404 p\u00e1ginas, escritos hasta el folio 196, el resto aparecen en blanco.\">The facsimile edition of this little book has 202 pages in parchment, 404 pages, written to the sheet 196, the rest are blank. <\/span><span title=\"Presenta 17 miniaturas a p\u00e1gina entera con sus correspondientes orlas y en ellas se representan los temas siguientes:\">It has 17 full-page miniatures with their borders and they represent the following topics:<\/span><\/span><\/p>\n<p style=\"text-align: justify;\"><span title=\"Anunciaci\u00f3n (f. 1), San Juan Evangelista (f 21), San Lucas (f. 23v), San Mateo (f.26), San Marcos (f. 28v), Resurrecci\u00f3n de L\u00e1zaro (f. 35v), Visitaci\u00f3n de\">Annunciation (f. 1), San Juan Evangelista (f 21), Luke (f. 23v), San Mateo (F.26), San Marcos (f. 28v), Resurrection of Lazarus (f. 35v), Visitation <\/span><span title=\"Mar\u00eda a Santa Isabel (f. 108), Natividad (f. 128v), Adoraci\u00f3n de los Magos (f. 145), Presentaci\u00f3n del Ni\u00f1o en el Templo (f. 153), Huida a Egipto (f. 161), Coronaci\u00f3n de\">Mary to St. Elizabeth (d. 108), Natividad (f. 128V), Adoration of the Magi (d. 145), Presentation in the Temple (f. 153), Flight into Egypt (d. 161), Crowning <\/span><span title=\"la Virgen (f. 175), San Juan Evangelista (f. 186v), Santiago (f. 190), Santa Catalina (f. 193) y Santa Isabel de Hungr\u00eda (f. 194v).\">Virgin (d. 175), San Juan Evangelista (f. 186v), Santiago (d. 190), Santa Catalina (d. 193) and St. Elizabeth of Hungary (f. 194v).<\/span><\/p>\n<p style=\"text-align: justify;\"><span title=\"Adem\u00e1s, en el folio 35, aparece a p\u00e1gina entera el escudo del Conde Enrique de Nassau, primer esposo de Do\u00f1a Menc\u00eda.\">In addition, sheet 35, the shield of Count Henry of Nassau, first husband of Do\u00f1a Mencia entire page appears. <\/span><span title=\"En la orla de la miniatura de Santiago est\u00e1 dibujada el \u00e1guila bic\u00e9fala y el lema &quot;plus ultra&quot; y en la orla correspondiente a Santa Isabel de Hungr\u00eda y en la opuesta el escudo de Do\u00f1a Menc\u00eda como Marquesa del Zenete, reproducido hasta cuatro veces.\">On the border of the thumbnail of Santiago the two headed eagle and the slogan &#8220;ultra plus&#8221; and on the border corresponding to Saint Elizabeth of Hungary and the opposite shield of Do\u00f1a Mencia as Marquise of Zenete, reproduced four times.<\/span><\/p>\n<p style=\"text-align: justify;\"><span title=\"El texto se reparte de la siguiente manera: el calendario (ff. 2v-20);\">The text is divided as follows: the calendar (2v-20 ff.); <\/span><span title=\"fragmentos de los Evangelios de San Juan (I, 1-14) (ff. 21-23),San Lucas (I, 26-35) (ff. 23-25v), San Mateo (II, 1-12) (ff\">fragments of the Gospel of St. John (I, 1-14) (ff. 21-23), Luke (I, 26-35) (ff. 23-25v), San Mateo (II, 1-12) (ff <\/span><span title=\". 26-28v) y San Marcos (XVI, 12-20) (ff. 28v-30v), oraci\u00f3n del Venerable Beda, presb\u00edtero, sobre las 7 palabras dichas por Cristo en la cruz (ff. 30v-34v);\">. 26-28v) and San Marcos (XVI, 12-20) (ff 28v-30v), prayer of the Venerable Bede, priest, around 7 words spoken by Christ on the cross (ff 30v-34v)..; <\/span><span title=\"oficio de difuntos (ff. 36-75v), oficio de la Virgen (ff. 76-185v): laudes (f. 107v), prima (f. 128), sexta (f. 144v), nona (f. 152v)\">Office of the Dead (ff 36-75v.), Office of the Virgin (ff 76-185v.): Lauds (f 107v.), premium (128 f.), sixth (f 144V.), nona (f 152v.) <\/span><span title=\", v\u00edsperas (f. 160v) y completas (f. 174v);\">eve (f 160v.) and complete (174V f.); <\/span><span title=\"ant\u00edfonas y oraciones para la fiesta de los Santos: San Juan Bautista (ff. 187-187v), San Juan Evangelista (ff. 188-189v), Santiago (ff. 189v-191v), Santa Ana (ff. 191v- 192)\">anthems and prayers for the feast of Saints: San Juan Bautista (. ff 187-187v), San Juan Evangelista (ff 188-189v.), Santiago (189V-191v ff.), Santa Ana (191v- 192 ff.) <\/span><span title=\", Santa Catalina (ff. 192v-194) y Santa Isabel de Hungr\u00eda (ff 194-195v).\">Santa Catalina (ff. 192v-194) and St. Elizabeth of Hungary (ff 194-195v).<\/span><\/p>\n<p style=\"text-align: justify;\"><span title=\"Se ha prestado mucho cuidado en la reproducci\u00f3n de la encuadernaci\u00f3n y en el cofre original en el que se conserva este libro ya que son de gran belleza y detalle.\">It has been given great care in reproducing the binding and in the original box in which this book is preserved as they are of great beauty and detail. <\/span><span title=\"La encuadernaci\u00f3n est\u00e1 realizada en piel, estampada con una decoraci\u00f3n en oro y asimismo cuenta con una peque\u00f1a caja de madera forrada en su exterior en terciopelo rojo envejecido y raso rojo en el interior.\">The binding is made in leather, embossed with a gold decoration and also has a small wooden box lined in red velvet exterior aged and red satin inside. <\/span><span title=\"El cofre est\u00e1 enmarcado con herrajes ba\u00f1ados en plata envejecida y adem\u00e1s, como el original, tiene una cerradura con llave.\">The chest is framed with antique silver plated hardware and also as the original, has a key lock. <\/span><span title=\"Todos estos elementos son iguales a los del original y son fieles reproducciones.\">All these elements are equal to those of the original and are faithful reproductions.<\/span><\/p>\n<p style=\"text-align: justify;\"><span title=\"Extraordinaria y bella edici\u00f3n facs\u00edmile realizada en 2002, numerada y limitada a 980 ejemplares.\">Extraordinary beautiful facsimile edition in 2002, numbered and limited to 980 copies.<br \/>\n<\/span><span title=\"Facs\u00edmile formato 8 x 9 cm.\">Facsimile format 8 x 9 cm. <\/span><span title=\"Cantos irregulares y dorados.\">irregular and gilt edges. <\/span><span title=\"Cosido a mano.\">Hand sewn. <\/span><span title=\"Encuadernado en piel de cabra marr\u00f3n.\">Leatherbound brown goat. <\/span><span title=\"Estampado en oro por ambos lados con herrajes en bronce reproducidos del original.\">Gold stamping on both sides with bronze fittings reproduced the original.<br \/>\n<\/span><span title=\"Cofre contenedor del c\u00f3dice, fiel reproducci\u00f3n del original, formato 10,5 x 12 x 7,5 cm.\">Coffer container codex, faithful reproduction of the original, format 10.5 x 12 x 7.5 cm.<br \/>\n<\/span><span title=\"Libro estudio encuadernado en tapa dura acolchada e ilustrada, formato 16,5 x 23 cm.\">Book study padded hardcover bound and illustrated, format 16.5 x 23 cm. <\/span><span title=\"118 p\u00e1ginas, a cargo de De Juana Hidalgo Ogayar, Profesora titular de Historia del Arte de la Universidad de Alcal\u00e1.\">118 pages, by Ogayar De Juana Hidalgo, Professor of Art History at the University of Alcal\u00e1.<\/span><\/p>\n<p style=\"text-align: justify;\"><span title=\"Gastos de env\u00edo por cuenta del comprador, seg\u00fan pedido y destino.\">Shipping by the buyer, upon request and destination.\u00a0<\/span><span title=\"Cons\u00faltenos sin compromiso cualquier duda, as\u00ed como por cualquier otro facs\u00edmile o art\u00edculo que est\u00e9 buscando.\"><a class=\"btn btn-default\" href=\"http:\/\/comprarmejor.es\/en\/contact\">Consult us<\/a> without obligation any questions, as well as facsimile or any other item that is looking for.<\/span><\/p>\n","protected":false},"excerpt":{"rendered":"<p style=\"text-align: justify;\"><span id=\"result_box\" lang=\"en\" xml:lang=\"en\"><span title=\"De todos los libros de horas que encarg\u00f3 Do\u00f1a Menc\u00eda de Mendoza se conserva, al menos, uno en el Instituto Valencia de Don Juan en Madrid (26-III-41).\">Of all the books of hours commissioned Dona Mencia de Mendoza at least keeps one in the Valencia Institute of Don Juan in Madrid (26-III-41). <\/span><span title=\"La edici\u00f3n facsimilar de este peque\u00f1o libro, cuenta con 202 folios en pergamino, 404 p\u00e1ginas, escritos hasta el folio 196, el resto aparecen en blanco.\">The facsimile edition of this little book has 202 pages in parchment, 404 pages, written to the sheet 196, the rest are blank.<\/span><\/span><\/p>\n","protected":false},"featured_media":53877,"template":"","meta":[],"product_brand":[],"product_cat":[2226],"product_tag":[5122,5157,3999],"class_list":{"0":"post-53889","1":"product","2":"type-product","3":"status-publish","4":"has-post-thumbnail","6":"product_cat-books-of-hours","7":"product_tag-hours-en","8":"product_tag-mini-book-en","9":"product_tag-testimonio-en","10":"product_shipping_class-from-0-to-1-kg","11":"description-off","13":"first","14":"instock","15":"taxable","16":"shipping-taxable","17":"purchasable","18":"product-type-simple"},"yoast_head":"<!-- This site is optimized with the Yoast SEO plugin v27.3 - https:\/\/yoast.com\/product\/yoast-seo-wordpress\/ -->\n<title>Book of Hours of Mencia de Mendoza, s. XVI (mini book)<\/title>\n<meta name=\"description\" content=\"Of all the books of hours commissioned Dona Mencia de Mendoza at least keeps one in the Valencia Institute of Don Juan in Madrid (26-III-41). The facsimile edit\" \/>\n<meta name=\"robots\" content=\"index, follow, max-snippet:-1, max-image-preview:large, max-video-preview:-1\" \/>\n<link rel=\"canonical\" href=\"https:\/\/www.comprarmejor.es\/en\/product\/book-of-hours-of-mencia-de-mendoza-s-xvi-mini-book\/\" \/>\n<meta property=\"og:locale\" content=\"en_US\" \/>\n<meta property=\"og:type\" content=\"article\" \/>\n<meta property=\"og:title\" content=\"Book of Hours of Mencia de Mendoza, s. XVI (mini book)\" \/>\n<meta property=\"og:description\" content=\"Of all the books of hours commissioned Dona Mencia de Mendoza at least keeps one in the Valencia Institute of Don Juan in Madrid (26-III-41). The facsimile edit\" \/>\n<meta property=\"og:url\" content=\"https:\/\/www.comprarmejor.es\/en\/product\/book-of-hours-of-mencia-de-mendoza-s-xvi-mini-book\/\" \/>\n<meta property=\"og:site_name\" content=\"ComprarMejor\" \/>\n<meta property=\"article:modified_time\" content=\"2020-05-03T16:24:28+00:00\" \/>\n<meta property=\"og:image\" content=\"https:\/\/www.comprarmejor.es\/wp-content\/uploads\/2016\/10\/p_6_3_4_4_6344-Libro-de-Horas-de-Mencia-de-Mendoza-s.-XVI-mini-libro.jpg\" \/>\n\t<meta property=\"og:image:width\" content=\"505\" \/>\n\t<meta property=\"og:image:height\" content=\"350\" \/>\n\t<meta property=\"og:image:type\" content=\"image\/jpeg\" \/>\n<meta name=\"twitter:card\" content=\"summary_large_image\" \/>\n<meta name=\"twitter:label1\" content=\"Est. reading time\" \/>\n\t<meta name=\"twitter:data1\" content=\"3 minutes\" \/>\n<script type=\"application\/ld+json\" class=\"yoast-schema-graph\">{\"@context\":\"https:\\\/\\\/schema.org\",\"@graph\":[{\"@type\":\"WebPage\",\"@id\":\"https:\\\/\\\/www.comprarmejor.es\\\/en\\\/product\\\/book-of-hours-of-mencia-de-mendoza-s-xvi-mini-book\\\/\",\"url\":\"https:\\\/\\\/www.comprarmejor.es\\\/en\\\/product\\\/book-of-hours-of-mencia-de-mendoza-s-xvi-mini-book\\\/\",\"name\":\"Book of Hours of Mencia de Mendoza, s. XVI (mini book)\",\"isPartOf\":{\"@id\":\"https:\\\/\\\/www.comprarmejor.es\\\/en\\\/#website\"},\"primaryImageOfPage\":{\"@id\":\"https:\\\/\\\/www.comprarmejor.es\\\/en\\\/product\\\/book-of-hours-of-mencia-de-mendoza-s-xvi-mini-book\\\/#primaryimage\"},\"image\":{\"@id\":\"https:\\\/\\\/www.comprarmejor.es\\\/en\\\/product\\\/book-of-hours-of-mencia-de-mendoza-s-xvi-mini-book\\\/#primaryimage\"},\"thumbnailUrl\":\"https:\\\/\\\/www.comprarmejor.es\\\/wp-content\\\/uploads\\\/2016\\\/10\\\/p_6_3_4_4_6344-Libro-de-Horas-de-Mencia-de-Mendoza-s.-XVI-mini-libro.jpg\",\"datePublished\":\"2016-10-03T17:09:49+00:00\",\"dateModified\":\"2020-05-03T16:24:28+00:00\",\"description\":\"Of all the books of hours commissioned Dona Mencia de Mendoza at least keeps one in the Valencia Institute of Don Juan in Madrid (26-III-41). The facsimile edit\",\"breadcrumb\":{\"@id\":\"https:\\\/\\\/www.comprarmejor.es\\\/en\\\/product\\\/book-of-hours-of-mencia-de-mendoza-s-xvi-mini-book\\\/#breadcrumb\"},\"inLanguage\":\"en-US\",\"potentialAction\":[{\"@type\":\"ReadAction\",\"target\":[\"https:\\\/\\\/www.comprarmejor.es\\\/en\\\/product\\\/book-of-hours-of-mencia-de-mendoza-s-xvi-mini-book\\\/\"]}]},{\"@type\":\"ImageObject\",\"inLanguage\":\"en-US\",\"@id\":\"https:\\\/\\\/www.comprarmejor.es\\\/en\\\/product\\\/book-of-hours-of-mencia-de-mendoza-s-xvi-mini-book\\\/#primaryimage\",\"url\":\"https:\\\/\\\/www.comprarmejor.es\\\/wp-content\\\/uploads\\\/2016\\\/10\\\/p_6_3_4_4_6344-Libro-de-Horas-de-Mencia-de-Mendoza-s.-XVI-mini-libro.jpg\",\"contentUrl\":\"https:\\\/\\\/www.comprarmejor.es\\\/wp-content\\\/uploads\\\/2016\\\/10\\\/p_6_3_4_4_6344-Libro-de-Horas-de-Mencia-de-Mendoza-s.-XVI-mini-libro.jpg\",\"width\":505,\"height\":350},{\"@type\":\"BreadcrumbList\",\"@id\":\"https:\\\/\\\/www.comprarmejor.es\\\/en\\\/product\\\/book-of-hours-of-mencia-de-mendoza-s-xvi-mini-book\\\/#breadcrumb\",\"itemListElement\":[{\"@type\":\"ListItem\",\"position\":1,\"name\":\"Portada\",\"item\":\"https:\\\/\\\/www.comprarmejor.es\\\/en\\\/\"},{\"@type\":\"ListItem\",\"position\":2,\"name\":\"Shop\",\"item\":\"https:\\\/\\\/www.comprarmejor.es\\\/en\\\/shop\\\/\"},{\"@type\":\"ListItem\",\"position\":3,\"name\":\"Book of Hours of Mencia de Mendoza, s. XVI (mini book)\"}]},{\"@type\":\"WebSite\",\"@id\":\"https:\\\/\\\/www.comprarmejor.es\\\/en\\\/#website\",\"url\":\"https:\\\/\\\/www.comprarmejor.es\\\/en\\\/\",\"name\":\"ComprarMejor\",\"description\":\"ComprarMejor\",\"publisher\":{\"@id\":\"https:\\\/\\\/www.comprarmejor.es\\\/en\\\/#organization\"},\"potentialAction\":[{\"@type\":\"SearchAction\",\"target\":{\"@type\":\"EntryPoint\",\"urlTemplate\":\"https:\\\/\\\/www.comprarmejor.es\\\/en\\\/?s={search_term_string}\"},\"query-input\":{\"@type\":\"PropertyValueSpecification\",\"valueRequired\":true,\"valueName\":\"search_term_string\"}}],\"inLanguage\":\"en-US\"},{\"@type\":\"Organization\",\"@id\":\"https:\\\/\\\/www.comprarmejor.es\\\/en\\\/#organization\",\"name\":\"COMPRAR MEJOR\",\"url\":\"https:\\\/\\\/www.comprarmejor.es\\\/en\\\/\",\"logo\":{\"@type\":\"ImageObject\",\"inLanguage\":\"en-US\",\"@id\":\"https:\\\/\\\/www.comprarmejor.es\\\/en\\\/#\\\/schema\\\/logo\\\/image\\\/\",\"url\":\"https:\\\/\\\/www.comprarmejor.es\\\/wp-content\\\/uploads\\\/2025\\\/09\\\/comprarmejortrinidad.jpg\",\"contentUrl\":\"https:\\\/\\\/www.comprarmejor.es\\\/wp-content\\\/uploads\\\/2025\\\/09\\\/comprarmejortrinidad.jpg\",\"width\":1022,\"height\":1380,\"caption\":\"COMPRAR MEJOR\"},\"image\":{\"@id\":\"https:\\\/\\\/www.comprarmejor.es\\\/en\\\/#\\\/schema\\\/logo\\\/image\\\/\"},\"sameAs\":[\"https:\\\/\\\/www.instagram.com\\\/amigosdelcodice\"]}]}<\/script>\n<!-- \/ Yoast SEO plugin. -->","yoast_head_json":{"title":"Book of Hours of Mencia de Mendoza, s. XVI (mini book)","description":"Of all the books of hours commissioned Dona Mencia de Mendoza at least keeps one in the Valencia Institute of Don Juan in Madrid (26-III-41). The facsimile edit","robots":{"index":"index","follow":"follow","max-snippet":"max-snippet:-1","max-image-preview":"max-image-preview:large","max-video-preview":"max-video-preview:-1"},"canonical":"https:\/\/www.comprarmejor.es\/en\/product\/book-of-hours-of-mencia-de-mendoza-s-xvi-mini-book\/","og_locale":"en_US","og_type":"article","og_title":"Book of Hours of Mencia de Mendoza, s. XVI (mini book)","og_description":"Of all the books of hours commissioned Dona Mencia de Mendoza at least keeps one in the Valencia Institute of Don Juan in Madrid (26-III-41). The facsimile edit","og_url":"https:\/\/www.comprarmejor.es\/en\/product\/book-of-hours-of-mencia-de-mendoza-s-xvi-mini-book\/","og_site_name":"ComprarMejor","article_modified_time":"2020-05-03T16:24:28+00:00","og_image":[{"width":505,"height":350,"url":"https:\/\/www.comprarmejor.es\/wp-content\/uploads\/2016\/10\/p_6_3_4_4_6344-Libro-de-Horas-de-Mencia-de-Mendoza-s.-XVI-mini-libro.jpg","type":"image\/jpeg"}],"twitter_card":"summary_large_image","twitter_misc":{"Est. reading time":"3 minutes"},"schema":{"@context":"https:\/\/schema.org","@graph":[{"@type":"WebPage","@id":"https:\/\/www.comprarmejor.es\/en\/product\/book-of-hours-of-mencia-de-mendoza-s-xvi-mini-book\/","url":"https:\/\/www.comprarmejor.es\/en\/product\/book-of-hours-of-mencia-de-mendoza-s-xvi-mini-book\/","name":"Book of Hours of Mencia de Mendoza, s. XVI (mini book)","isPartOf":{"@id":"https:\/\/www.comprarmejor.es\/en\/#website"},"primaryImageOfPage":{"@id":"https:\/\/www.comprarmejor.es\/en\/product\/book-of-hours-of-mencia-de-mendoza-s-xvi-mini-book\/#primaryimage"},"image":{"@id":"https:\/\/www.comprarmejor.es\/en\/product\/book-of-hours-of-mencia-de-mendoza-s-xvi-mini-book\/#primaryimage"},"thumbnailUrl":"https:\/\/www.comprarmejor.es\/wp-content\/uploads\/2016\/10\/p_6_3_4_4_6344-Libro-de-Horas-de-Mencia-de-Mendoza-s.-XVI-mini-libro.jpg","datePublished":"2016-10-03T17:09:49+00:00","dateModified":"2020-05-03T16:24:28+00:00","description":"Of all the books of hours commissioned Dona Mencia de Mendoza at least keeps one in the Valencia Institute of Don Juan in Madrid (26-III-41). The facsimile edit","breadcrumb":{"@id":"https:\/\/www.comprarmejor.es\/en\/product\/book-of-hours-of-mencia-de-mendoza-s-xvi-mini-book\/#breadcrumb"},"inLanguage":"en-US","potentialAction":[{"@type":"ReadAction","target":["https:\/\/www.comprarmejor.es\/en\/product\/book-of-hours-of-mencia-de-mendoza-s-xvi-mini-book\/"]}]},{"@type":"ImageObject","inLanguage":"en-US","@id":"https:\/\/www.comprarmejor.es\/en\/product\/book-of-hours-of-mencia-de-mendoza-s-xvi-mini-book\/#primaryimage","url":"https:\/\/www.comprarmejor.es\/wp-content\/uploads\/2016\/10\/p_6_3_4_4_6344-Libro-de-Horas-de-Mencia-de-Mendoza-s.-XVI-mini-libro.jpg","contentUrl":"https:\/\/www.comprarmejor.es\/wp-content\/uploads\/2016\/10\/p_6_3_4_4_6344-Libro-de-Horas-de-Mencia-de-Mendoza-s.-XVI-mini-libro.jpg","width":505,"height":350},{"@type":"BreadcrumbList","@id":"https:\/\/www.comprarmejor.es\/en\/product\/book-of-hours-of-mencia-de-mendoza-s-xvi-mini-book\/#breadcrumb","itemListElement":[{"@type":"ListItem","position":1,"name":"Portada","item":"https:\/\/www.comprarmejor.es\/en\/"},{"@type":"ListItem","position":2,"name":"Shop","item":"https:\/\/www.comprarmejor.es\/en\/shop\/"},{"@type":"ListItem","position":3,"name":"Book of Hours of Mencia de Mendoza, s. XVI (mini book)"}]},{"@type":"WebSite","@id":"https:\/\/www.comprarmejor.es\/en\/#website","url":"https:\/\/www.comprarmejor.es\/en\/","name":"ComprarMejor","description":"ComprarMejor","publisher":{"@id":"https:\/\/www.comprarmejor.es\/en\/#organization"},"potentialAction":[{"@type":"SearchAction","target":{"@type":"EntryPoint","urlTemplate":"https:\/\/www.comprarmejor.es\/en\/?s={search_term_string}"},"query-input":{"@type":"PropertyValueSpecification","valueRequired":true,"valueName":"search_term_string"}}],"inLanguage":"en-US"},{"@type":"Organization","@id":"https:\/\/www.comprarmejor.es\/en\/#organization","name":"COMPRAR MEJOR","url":"https:\/\/www.comprarmejor.es\/en\/","logo":{"@type":"ImageObject","inLanguage":"en-US","@id":"https:\/\/www.comprarmejor.es\/en\/#\/schema\/logo\/image\/","url":"https:\/\/www.comprarmejor.es\/wp-content\/uploads\/2025\/09\/comprarmejortrinidad.jpg","contentUrl":"https:\/\/www.comprarmejor.es\/wp-content\/uploads\/2025\/09\/comprarmejortrinidad.jpg","width":1022,"height":1380,"caption":"COMPRAR MEJOR"},"image":{"@id":"https:\/\/www.comprarmejor.es\/en\/#\/schema\/logo\/image\/"},"sameAs":["https:\/\/www.instagram.com\/amigosdelcodice"]}]}},"_links":{"self":[{"href":"https:\/\/www.comprarmejor.es\/en\/wp-json\/wp\/v2\/product\/53889","targetHints":{"allow":["GET"]}}],"collection":[{"href":"https:\/\/www.comprarmejor.es\/en\/wp-json\/wp\/v2\/product"}],"about":[{"href":"https:\/\/www.comprarmejor.es\/en\/wp-json\/wp\/v2\/types\/product"}],"wp:featuredmedia":[{"embeddable":true,"href":"https:\/\/www.comprarmejor.es\/en\/wp-json\/wp\/v2\/media\/53877"}],"wp:attachment":[{"href":"https:\/\/www.comprarmejor.es\/en\/wp-json\/wp\/v2\/media?parent=53889"}],"wp:term":[{"taxonomy":"product_brand","embeddable":true,"href":"https:\/\/www.comprarmejor.es\/en\/wp-json\/wp\/v2\/product_brand?post=53889"},{"taxonomy":"product_cat","embeddable":true,"href":"https:\/\/www.comprarmejor.es\/en\/wp-json\/wp\/v2\/product_cat?post=53889"},{"taxonomy":"product_tag","embeddable":true,"href":"https:\/\/www.comprarmejor.es\/en\/wp-json\/wp\/v2\/product_tag?post=53889"}],"curies":[{"name":"wp","href":"https:\/\/api.w.org\/{rel}","templated":true}]}}