{"id":53901,"date":"2016-10-04T00:04:49","date_gmt":"2016-10-03T22:04:49","guid":{"rendered":"https:\/\/www.comprarmejor.es\/producto\/virgilio-riccardiano-c-1460\/"},"modified":"2019-12-29T23:42:55","modified_gmt":"2019-12-29T22:42:55","slug":"virgilio-riccardiano-c-1460","status":"publish","type":"product","link":"https:\/\/www.comprarmejor.es\/en\/product\/virgilio-riccardiano-c-1460\/","title":{"rendered":"Virgilio Riccardiano, c. 1460 (5*)"},"content":{"rendered":"<p style=\"text-align: justify;\"><span class=\"tlid-translation translation\" lang=\"en\">Extraordinary facsimile edition of the original kept in the Riccardiana Library, Florence, Italy. Signature ms. Ricc. 492. Dated around 1460. A 5 star in every great Library!<\/p>\n<p>For the three great works of Publio Virgilio Mar\u00f3n (Buc\u00f3licas &#8211; Ge\u00f3rgicas &#8211; Eneida), this manuscript was designed by the renowned Illuminator Apollonio di Giovanni for the Medici court.<\/p>\n<p>This beautiful codex of the Renaissance is of an exclusive elegance, and owes its charm to the configuration of the Aeneas trip in the splendor of the Florence of Lorenzo the Magnificent. Admiring the high-precision miniatures, the eye is lost in the infinitely small places of Alberti and Brunelleschi, in an original and seductive combination of the classic and Renaissance.<\/p>\n<p>This Virgil codex represents an incredible document of Renaissance Florence, full of references to architecture, clothing, weapons and agricultural tools. Through its pages you can see a true vision of the life of the workshops, with the processing steps of the full-text thumbnails. The Ge\u00f3rgicas, Buc\u00f3licas and Eneida de Virgilio took place in the workshop of the famous Apolonio de Juan, where the art of the Italian renaissance in the miniature reached the height of crafts.<\/p>\n<p>The history of this codex has always attracted the attention of scholars because of the puzzles that are intertwined in its pages. Both the buyer and the recipient of this manuscript have always been a mystery. Only recently is it known that political interests of the time are behind this famous work, opening new horizons for the study of one of the most fascinating creations of the Renaissance.<\/p>\n<p>The enigma of the recipient is reflected in the image of the hedgehog in the center of the opening miniature, perhaps a young Lorenzo de Medici, who is engaged in his work? Only recent studies have discovered the true recipient of the codex and the profound significance of this exceptional Florentine production.<\/p>\n<p>In the description of the taking of Troy, the Greeks are presented with obsolete clothes and weapons. War scenes with raw violence do not fit Virgil&#8217;s text. Finally, a disturbing flag with the Black Eagle on a yellow background constantly appears to emphasize a clear message. The costumes and architecture represented are those of Florence, recognizing several times the Medici Riccardi Palace of Via Larga.<\/p>\n<p>Due to a tragic unexpected event, the codex had to be interrupted and its lighting was not completed. Rarely in history do you have the opportunity to penetrate the secrets of the transformation of a work like this. What made the author of this gigantic work stop its development, leaving many incomplete miniatures? The Aeneid contains most of the beautiful illuminations, some with a lot of gold and all with threads of gold and silver; the Buc\u00f3licas and the Ge\u00f3rgicas contain a main illumination at the beginning of the work. The multi-decorated and golden capitals that make up the work make up the chapter of the illuminations.<\/p>\n<p>Facsimile Features:<br \/>\nComplete reproduction of the Ricc codex. 492 preserved in the Riccardiana Library of Florence.<br \/>\nHandmade leather binding, ribs, 2 closures, 22 x 32 cm format, same as the original. 508 pages on special parchment paper.<br \/>\nLimited edition of 999 copies, numbered and certified by the editor in the study book.<br \/>\nHardcover study book with illustrated dust jacket, 20.5 x 31.3 cm format. 176 pages with texts in Italian.<br \/>\nBoth books are presented in a beautiful and luxurious case of fine wood, with gold embossed shield and lock, format 33.8 x 43.2 x 12 cm.<\/p>\n<p>Full copy and in perfect condition<\/span><span title=\"Edici\u00f3n limitada a 999 ejemplares, numerados y certificados.\">.<\/span><\/p>\n<p style=\"text-align: justify;\"><span title=\"Gastos de env\u00edo por cuenta del comprador, seg\u00fan pedido y destino.\">Shipping by the buyer, upon request and destination.\u00a0<\/span><span title=\"Cons\u00faltenos sin compromiso cualquier duda, as\u00ed como por cualquier otro facs\u00edmile o art\u00edculo que est\u00e9 buscando.\"><a class=\"btn btn-default\" href=\"http:\/\/comprarmejor.es\/en\/contact\">Consult us<\/a> without obligation any questions, as well as facsimile or any other item that is looking for.<\/span><\/p>\n","protected":false},"excerpt":{"rendered":"<p style=\"text-align: justify;\"><span id=\"result_box\" lang=\"en\" xml:lang=\"en\"><span title=\"492. Datado alrededor de 1460. \u00a1Un 5 estrellas en toda gran Biblioteca!\"><span lang=\"en\" xml:lang=\"en\">This facsimile is part of the <strong>Spectacular Library<\/strong>.<br \/>\nExtraordinary facsimile edition of the original curated in the Riccardiana Library, Florence, Italy. Signatura ms. Ricc. 492. Dated around 1460. A 5 stars in every great Library!<\/span><\/span><\/span><\/p>\n","protected":false},"featured_media":57733,"template":"","meta":[],"product_brand":[],"product_cat":[2250,2200],"product_tag":[5783,4330],"class_list":{"0":"post-53901","1":"product","2":"type-product","3":"status-publish","4":"has-post-thumbnail","6":"product_cat-other-facsimiles","7":"product_cat-spectacular-library","8":"product_tag-apolonio-en","9":"product_tag-artcodex-en","10":"product_shipping_class-from-11-to-15-kg","11":"description-off","13":"first","14":"instock","15":"sale","16":"taxable","17":"shipping-taxable","18":"purchasable","19":"product-type-simple"},"yoast_head":"<!-- This site is optimized with the Yoast SEO plugin v27.3 - https:\/\/yoast.com\/product\/yoast-seo-wordpress\/ -->\n<title>Virgilio Riccardiano 1460 Publio Virgilio Mar\u00f3n Buc\u00f3licas-Ge\u00f3rgicas-Eneid<\/title>\n<meta name=\"description\" content=\"Special facsimile edition of the original kept in Riccardiana Library, Florence, Italy. Signatura ms. Ricc. 492. A 5 star hotel in every great library!\" \/>\n<meta name=\"robots\" content=\"index, follow, max-snippet:-1, max-image-preview:large, max-video-preview:-1\" \/>\n<link rel=\"canonical\" href=\"https:\/\/www.comprarmejor.es\/en\/product\/virgilio-riccardiano-c-1460\/\" \/>\n<meta property=\"og:locale\" content=\"en_US\" \/>\n<meta property=\"og:type\" content=\"article\" \/>\n<meta property=\"og:title\" content=\"Virgilio Riccardiano 1460 Publio Virgilio Mar\u00f3n Buc\u00f3licas-Ge\u00f3rgicas-Eneid\" \/>\n<meta property=\"og:description\" content=\"Special facsimile edition of the original kept in Riccardiana Library, Florence, Italy. Signatura ms. Ricc. 492. A 5 star hotel in every great library!\" \/>\n<meta property=\"og:url\" content=\"https:\/\/www.comprarmejor.es\/en\/product\/virgilio-riccardiano-c-1460\/\" \/>\n<meta property=\"og:site_name\" content=\"ComprarMejor\" \/>\n<meta property=\"article:modified_time\" content=\"2019-12-29T22:42:55+00:00\" \/>\n<meta property=\"og:image\" content=\"https:\/\/www.comprarmejor.es\/wp-content\/uploads\/2016\/10\/VRAC-18.jpg\" \/>\n\t<meta property=\"og:image:width\" content=\"600\" \/>\n\t<meta property=\"og:image:height\" content=\"386\" \/>\n\t<meta property=\"og:image:type\" content=\"image\/jpeg\" \/>\n<meta name=\"twitter:card\" content=\"summary_large_image\" \/>\n<meta name=\"twitter:label1\" content=\"Est. reading time\" \/>\n\t<meta name=\"twitter:data1\" content=\"3 minutes\" \/>\n<script type=\"application\/ld+json\" class=\"yoast-schema-graph\">{\"@context\":\"https:\\\/\\\/schema.org\",\"@graph\":[{\"@type\":\"WebPage\",\"@id\":\"https:\\\/\\\/www.comprarmejor.es\\\/en\\\/product\\\/virgilio-riccardiano-c-1460\\\/\",\"url\":\"https:\\\/\\\/www.comprarmejor.es\\\/en\\\/product\\\/virgilio-riccardiano-c-1460\\\/\",\"name\":\"Virgilio Riccardiano 1460 Publio Virgilio Mar\u00f3n Buc\u00f3licas-Ge\u00f3rgicas-Eneid\",\"isPartOf\":{\"@id\":\"https:\\\/\\\/www.comprarmejor.es\\\/en\\\/#website\"},\"primaryImageOfPage\":{\"@id\":\"https:\\\/\\\/www.comprarmejor.es\\\/en\\\/product\\\/virgilio-riccardiano-c-1460\\\/#primaryimage\"},\"image\":{\"@id\":\"https:\\\/\\\/www.comprarmejor.es\\\/en\\\/product\\\/virgilio-riccardiano-c-1460\\\/#primaryimage\"},\"thumbnailUrl\":\"https:\\\/\\\/www.comprarmejor.es\\\/wp-content\\\/uploads\\\/2016\\\/10\\\/VRAC-18.jpg\",\"datePublished\":\"2016-10-03T22:04:49+00:00\",\"dateModified\":\"2019-12-29T22:42:55+00:00\",\"description\":\"Special facsimile edition of the original kept in Riccardiana Library, Florence, Italy. Signatura ms. Ricc. 492. A 5 star hotel in every great library!\",\"breadcrumb\":{\"@id\":\"https:\\\/\\\/www.comprarmejor.es\\\/en\\\/product\\\/virgilio-riccardiano-c-1460\\\/#breadcrumb\"},\"inLanguage\":\"en-US\",\"potentialAction\":[{\"@type\":\"ReadAction\",\"target\":[\"https:\\\/\\\/www.comprarmejor.es\\\/en\\\/product\\\/virgilio-riccardiano-c-1460\\\/\"]}]},{\"@type\":\"ImageObject\",\"inLanguage\":\"en-US\",\"@id\":\"https:\\\/\\\/www.comprarmejor.es\\\/en\\\/product\\\/virgilio-riccardiano-c-1460\\\/#primaryimage\",\"url\":\"https:\\\/\\\/www.comprarmejor.es\\\/wp-content\\\/uploads\\\/2016\\\/10\\\/VRAC-18.jpg\",\"contentUrl\":\"https:\\\/\\\/www.comprarmejor.es\\\/wp-content\\\/uploads\\\/2016\\\/10\\\/VRAC-18.jpg\",\"width\":600,\"height\":386},{\"@type\":\"BreadcrumbList\",\"@id\":\"https:\\\/\\\/www.comprarmejor.es\\\/en\\\/product\\\/virgilio-riccardiano-c-1460\\\/#breadcrumb\",\"itemListElement\":[{\"@type\":\"ListItem\",\"position\":1,\"name\":\"Portada\",\"item\":\"https:\\\/\\\/www.comprarmejor.es\\\/en\\\/\"},{\"@type\":\"ListItem\",\"position\":2,\"name\":\"Shop\",\"item\":\"https:\\\/\\\/www.comprarmejor.es\\\/en\\\/shop\\\/\"},{\"@type\":\"ListItem\",\"position\":3,\"name\":\"Virgilio Riccardiano, c. 1460 (5*)\"}]},{\"@type\":\"WebSite\",\"@id\":\"https:\\\/\\\/www.comprarmejor.es\\\/en\\\/#website\",\"url\":\"https:\\\/\\\/www.comprarmejor.es\\\/en\\\/\",\"name\":\"ComprarMejor\",\"description\":\"ComprarMejor\",\"publisher\":{\"@id\":\"https:\\\/\\\/www.comprarmejor.es\\\/en\\\/#organization\"},\"potentialAction\":[{\"@type\":\"SearchAction\",\"target\":{\"@type\":\"EntryPoint\",\"urlTemplate\":\"https:\\\/\\\/www.comprarmejor.es\\\/en\\\/?s={search_term_string}\"},\"query-input\":{\"@type\":\"PropertyValueSpecification\",\"valueRequired\":true,\"valueName\":\"search_term_string\"}}],\"inLanguage\":\"en-US\"},{\"@type\":\"Organization\",\"@id\":\"https:\\\/\\\/www.comprarmejor.es\\\/en\\\/#organization\",\"name\":\"COMPRAR MEJOR\",\"url\":\"https:\\\/\\\/www.comprarmejor.es\\\/en\\\/\",\"logo\":{\"@type\":\"ImageObject\",\"inLanguage\":\"en-US\",\"@id\":\"https:\\\/\\\/www.comprarmejor.es\\\/en\\\/#\\\/schema\\\/logo\\\/image\\\/\",\"url\":\"https:\\\/\\\/www.comprarmejor.es\\\/wp-content\\\/uploads\\\/2025\\\/09\\\/comprarmejortrinidad.jpg\",\"contentUrl\":\"https:\\\/\\\/www.comprarmejor.es\\\/wp-content\\\/uploads\\\/2025\\\/09\\\/comprarmejortrinidad.jpg\",\"width\":1022,\"height\":1380,\"caption\":\"COMPRAR MEJOR\"},\"image\":{\"@id\":\"https:\\\/\\\/www.comprarmejor.es\\\/en\\\/#\\\/schema\\\/logo\\\/image\\\/\"},\"sameAs\":[\"https:\\\/\\\/www.instagram.com\\\/amigosdelcodice\"]}]}<\/script>\n<!-- \/ Yoast SEO plugin. -->","yoast_head_json":{"title":"Virgilio Riccardiano 1460 Publio Virgilio Mar\u00f3n Buc\u00f3licas-Ge\u00f3rgicas-Eneid","description":"Special facsimile edition of the original kept in Riccardiana Library, Florence, Italy. Signatura ms. Ricc. 492. A 5 star hotel in every great library!","robots":{"index":"index","follow":"follow","max-snippet":"max-snippet:-1","max-image-preview":"max-image-preview:large","max-video-preview":"max-video-preview:-1"},"canonical":"https:\/\/www.comprarmejor.es\/en\/product\/virgilio-riccardiano-c-1460\/","og_locale":"en_US","og_type":"article","og_title":"Virgilio Riccardiano 1460 Publio Virgilio Mar\u00f3n Buc\u00f3licas-Ge\u00f3rgicas-Eneid","og_description":"Special facsimile edition of the original kept in Riccardiana Library, Florence, Italy. Signatura ms. Ricc. 492. A 5 star hotel in every great library!","og_url":"https:\/\/www.comprarmejor.es\/en\/product\/virgilio-riccardiano-c-1460\/","og_site_name":"ComprarMejor","article_modified_time":"2019-12-29T22:42:55+00:00","og_image":[{"width":600,"height":386,"url":"https:\/\/www.comprarmejor.es\/wp-content\/uploads\/2016\/10\/VRAC-18.jpg","type":"image\/jpeg"}],"twitter_card":"summary_large_image","twitter_misc":{"Est. reading time":"3 minutes"},"schema":{"@context":"https:\/\/schema.org","@graph":[{"@type":"WebPage","@id":"https:\/\/www.comprarmejor.es\/en\/product\/virgilio-riccardiano-c-1460\/","url":"https:\/\/www.comprarmejor.es\/en\/product\/virgilio-riccardiano-c-1460\/","name":"Virgilio Riccardiano 1460 Publio Virgilio Mar\u00f3n Buc\u00f3licas-Ge\u00f3rgicas-Eneid","isPartOf":{"@id":"https:\/\/www.comprarmejor.es\/en\/#website"},"primaryImageOfPage":{"@id":"https:\/\/www.comprarmejor.es\/en\/product\/virgilio-riccardiano-c-1460\/#primaryimage"},"image":{"@id":"https:\/\/www.comprarmejor.es\/en\/product\/virgilio-riccardiano-c-1460\/#primaryimage"},"thumbnailUrl":"https:\/\/www.comprarmejor.es\/wp-content\/uploads\/2016\/10\/VRAC-18.jpg","datePublished":"2016-10-03T22:04:49+00:00","dateModified":"2019-12-29T22:42:55+00:00","description":"Special facsimile edition of the original kept in Riccardiana Library, Florence, Italy. Signatura ms. Ricc. 492. A 5 star hotel in every great library!","breadcrumb":{"@id":"https:\/\/www.comprarmejor.es\/en\/product\/virgilio-riccardiano-c-1460\/#breadcrumb"},"inLanguage":"en-US","potentialAction":[{"@type":"ReadAction","target":["https:\/\/www.comprarmejor.es\/en\/product\/virgilio-riccardiano-c-1460\/"]}]},{"@type":"ImageObject","inLanguage":"en-US","@id":"https:\/\/www.comprarmejor.es\/en\/product\/virgilio-riccardiano-c-1460\/#primaryimage","url":"https:\/\/www.comprarmejor.es\/wp-content\/uploads\/2016\/10\/VRAC-18.jpg","contentUrl":"https:\/\/www.comprarmejor.es\/wp-content\/uploads\/2016\/10\/VRAC-18.jpg","width":600,"height":386},{"@type":"BreadcrumbList","@id":"https:\/\/www.comprarmejor.es\/en\/product\/virgilio-riccardiano-c-1460\/#breadcrumb","itemListElement":[{"@type":"ListItem","position":1,"name":"Portada","item":"https:\/\/www.comprarmejor.es\/en\/"},{"@type":"ListItem","position":2,"name":"Shop","item":"https:\/\/www.comprarmejor.es\/en\/shop\/"},{"@type":"ListItem","position":3,"name":"Virgilio Riccardiano, c. 1460 (5*)"}]},{"@type":"WebSite","@id":"https:\/\/www.comprarmejor.es\/en\/#website","url":"https:\/\/www.comprarmejor.es\/en\/","name":"ComprarMejor","description":"ComprarMejor","publisher":{"@id":"https:\/\/www.comprarmejor.es\/en\/#organization"},"potentialAction":[{"@type":"SearchAction","target":{"@type":"EntryPoint","urlTemplate":"https:\/\/www.comprarmejor.es\/en\/?s={search_term_string}"},"query-input":{"@type":"PropertyValueSpecification","valueRequired":true,"valueName":"search_term_string"}}],"inLanguage":"en-US"},{"@type":"Organization","@id":"https:\/\/www.comprarmejor.es\/en\/#organization","name":"COMPRAR MEJOR","url":"https:\/\/www.comprarmejor.es\/en\/","logo":{"@type":"ImageObject","inLanguage":"en-US","@id":"https:\/\/www.comprarmejor.es\/en\/#\/schema\/logo\/image\/","url":"https:\/\/www.comprarmejor.es\/wp-content\/uploads\/2025\/09\/comprarmejortrinidad.jpg","contentUrl":"https:\/\/www.comprarmejor.es\/wp-content\/uploads\/2025\/09\/comprarmejortrinidad.jpg","width":1022,"height":1380,"caption":"COMPRAR MEJOR"},"image":{"@id":"https:\/\/www.comprarmejor.es\/en\/#\/schema\/logo\/image\/"},"sameAs":["https:\/\/www.instagram.com\/amigosdelcodice"]}]}},"_links":{"self":[{"href":"https:\/\/www.comprarmejor.es\/en\/wp-json\/wp\/v2\/product\/53901","targetHints":{"allow":["GET"]}}],"collection":[{"href":"https:\/\/www.comprarmejor.es\/en\/wp-json\/wp\/v2\/product"}],"about":[{"href":"https:\/\/www.comprarmejor.es\/en\/wp-json\/wp\/v2\/types\/product"}],"wp:featuredmedia":[{"embeddable":true,"href":"https:\/\/www.comprarmejor.es\/en\/wp-json\/wp\/v2\/media\/57733"}],"wp:attachment":[{"href":"https:\/\/www.comprarmejor.es\/en\/wp-json\/wp\/v2\/media?parent=53901"}],"wp:term":[{"taxonomy":"product_brand","embeddable":true,"href":"https:\/\/www.comprarmejor.es\/en\/wp-json\/wp\/v2\/product_brand?post=53901"},{"taxonomy":"product_cat","embeddable":true,"href":"https:\/\/www.comprarmejor.es\/en\/wp-json\/wp\/v2\/product_cat?post=53901"},{"taxonomy":"product_tag","embeddable":true,"href":"https:\/\/www.comprarmejor.es\/en\/wp-json\/wp\/v2\/product_tag?post=53901"}],"curies":[{"name":"wp","href":"https:\/\/api.w.org\/{rel}","templated":true}]}}