{"id":53911,"date":"2016-10-04T18:42:51","date_gmt":"2016-10-04T16:42:51","guid":{"rendered":"https:\/\/www.comprarmejor.es\/producto\/le-beatus-de-la-seu-durgell-et-toutes-ses-miniatures\/"},"modified":"2020-05-06T18:20:18","modified_gmt":"2020-05-06T16:20:18","slug":"le-beatus-de-la-seu-durgell-et-toutes-ses-miniatures","status":"publish","type":"product","link":"https:\/\/www.comprarmejor.es\/en\/product\/le-beatus-de-la-seu-durgell-et-toutes-ses-miniatures\/","title":{"rendered":"Le Beatus de la Seu d\u2019Urgell et toutes ses miniatures"},"content":{"rendered":"<p style=\"text-align: justify;\"><span id=\"result_box\" lang=\"en\" xml:lang=\"en\"><span title=\"Ejemplar en perfecto estado y precintado, por lo que no podemos ofrecerle im\u00e1genes de su interior.\"><span lang=\"en\" xml:lang=\"en\"><span title=\"Puede dejar la sobrecubierta, aconsejamos, o quitarla y dejar el libro con su encuadernaci\u00f3n azul.\"><span lang=\"en\" xml:lang=\"en\"><span title=\"Le Beatus de la Seu d'Urgell et toutes ses miniatures: un livre du premier mill\u00e9naire aux messages d'actualit\u00e9.\">Le Beatus de la Seu d&#8217;Urgell et toutes ses miniatures: a free du premier mill\u00e9naire aux messages d&#8217;actualit\u00e9. <\/span><span title=\"Edici\u00f3n de 2005 de un estudio complementario sobre el Beato de la Seo de Urgel, con textos en franc\u00e9s.\">2005 edition of a complementary study on the Blessed of the Seo of Urgel, with texts in French.<\/span><\/span><\/span><\/span><\/span><\/span><\/p>\n<p style=\"text-align: justify;\"><span title=\"Edici\u00f3n con textos en franc\u00e9s de la obra \u201cEl Beato de la Seo de Urgel y todas sus miniaturas\u201d, de Antonio Cagig\u00f3s Soro, editada por el Museo Diocesano de Urgel en 2005.\">Editing with French texts of the work &#8220;The Beatus of the Seo of Urgel and all its miniatures&#8221;, by Antonio Cagig\u00f3s Soro, edited by the Diocesan Museum of Urgel in 2005.<\/span><\/p>\n<p style=\"text-align: justify;\"><span title=\"Libro encuadernado en tapa dura forrada en tela impresa y decorada con una l\u00e1mina a color de la miniatura 83 (folio 196v), \u201cEl asedio de Jerusal\u00e9n\u201d, y con sobrecubierta.\">Book bound in hardcover printed in cloth and decorated with a color plate of the miniature 83 (folio 196v), &#8220;The siege of Jerusalem&#8221;, and with a jacket. <\/span><span title=\"Formato 24 x 32 cm.\">Format 24 x 32 cm. <\/span><span title=\"240 p\u00e1ginas ilustradas en papel de alto gramaje.\">240 pages illustrated on heavyweight paper.<\/span><\/p>\n<p style=\"text-align: justify;\"><span title=\"Este libro no es el libro estudio que acompa\u00f1\u00f3 al extraordinario facs\u00edmile que de este Beato realiz\u00f3 la editorial Testimonio de Madrid en 1997 (disponible en esta misma web);\">This book is not the study book that accompanied the extraordinary facsimile that of this Blessed realized the publishing Testimonio of Madrid in 1997 (available in this same web); <\/span><span title=\"no obstante, es un libro que bien pudiera considerarse como imprescindible y complementario al mismo y de enorme inter\u00e9s para su comprensi\u00f3n.\">Nevertheless, it is a book that could well be considered as essential and complementary to it and of enormous interest for its understanding.<\/span><\/p>\n<p style=\"text-align: justify;\"><span title=\"Esta misma obra est\u00e1 disponible tambi\u00e9n en esta misma web en idiomas espa\u00f1ol e ingl\u00e9s.\">This same work is also available on this website in Spanish and English.<\/span><\/p>\n<p style=\"text-align: justify;\"><span title=\"El Beato de la Seu d\u2019Urgell y todas sus miniaturas, un libro del primer milenio con mensajes para hoy, le fue entregado al Papa San Juan Pablo II.\">The Blessed of Seu d&#8217;Urgell and all his miniatures, a book of the first millennium with messages for today, was given to Pope John Paul II. <\/span><span title=\"Una fotograf\u00eda de dicho acto se incorpora al principio del libro.\">A photograph of this act is incorporated at the beginning of the book.<\/span><\/p>\n<p style=\"text-align: justify;\"><span title=\"Quien hojea por primera vez un Beato, tiene una sensaci\u00f3n desconcertante.\">Whoever flies a Blessed for the first time has a bewildering feeling. <\/span><span title=\"Tiene la impresi\u00f3n de hab\u00e9rselas con un libro escrito en clave y en cierto sentido lo es.\">He has the impression of having them with a book written in code and in a sense it is. <\/span><span title=\"El v\u00e9rtigo le asalta ante unas im\u00e1genes atrevidas y fant\u00e1sticas hasta lo inveros\u00edmil.\">The vertigo assails before a daring and fantastic images until the improbable thing. <\/span><span title=\"Las representaciones de los Beatos son ins\u00f3litas y fascinantes.\">The representations of the Blesseds are unusual and fascinating. <\/span><span title=\"Pero sobre todo son simb\u00f3licas.\">But above all they are symbolic.<br \/>\n<\/span><span title=\"Sin claves de interpretaci\u00f3n los s\u00edmbolos pueden hacer de este libro un relato sellado con siete sellos, es decir, incomprensible.\">Without symbols of interpretation the symbols can make of this book a sealed story with seven seals, that is to say, incomprehensible. <\/span><span title=\"Una vez descifrado su lenguaje, es un libro abierto cuyo significado trasciende el tiempo de sus destinatarios inmediatos.\">Once its language is deciphered, it is an open book whose meaning transcends the time of its immediate recipients. <\/span><span title=\"Tambi\u00e9n nosotros, ahora, somos sus destinatarios.\">We, too, are now its recipients. <\/span><span title=\"Los conflictos entre el bien y el mal, las persecuciones, las manipulaciones, y hasta los absolutismos, no han cambiado tanto, o al menos los tenemos tambi\u00e9n ahora, aunque vestidos de otra manera.\">The conflicts between good and evil, persecutions, manipulations, even absolutism, have not changed so much, or at least we have them now, even if they are dressed differently.<br \/>\n<\/span><span title=\"Nuestro Beato de la Seu d\u2019Urgell fue escrito e ilustrado hace unos mil a\u00f1os.\">Our Blessed de la Seu d&#8217;Urgell was written and illustrated a thousand years ago. <\/span><span title=\"Uno se imagina a los an\u00f3nimos miniaturistas de un convento, escribi\u00e9ndolo y pint\u00e1ndolo a la luz de una vela, en las largas y oscuras veladas de invierno.\">One imagines the anonymous miniaturists of a convent, writing and painting it in the light of a candle, in the long, dark winter evenings.<br \/>\n<\/span><span title=\"Al escribir este libro, s\u00f3lo quisiera ser una sencilla vela que ilumine un poco el laberinto de simbolismos que siempre es un Beato.\">In writing this book, I would just like to be a simple candle that illuminates a little the labyrinth of symbolism that is always a Blessed. <\/span><span title=\"Una vela que proyecte un poco de luz sobre las miniaturas del c\u00f3dice, y sobre su significado para ayer y para hoy.\">A candle that projects a little light on the miniatures of the codex, and its meaning for yesterday and today. <\/span><span title=\"Proyectar, digo, porque me conformo con ser un espejo difusor de la luz que los especialistas ya han encendido.\">Projecting, I say, because I&#8217;m satisfied with being a diffusing mirror of light that specialists have already ignited.<br \/>\n<\/span><span title=\"(De la nota del autor).\">(From the author&#8217;s note).<\/span><\/p>\n<p style=\"text-align: justify;\"><span title=\"Gastos de env\u00edo por cuenta del comprador, seg\u00fan pedido y destino.\">Shipping by the buyer, upon request and destination.\u00a0<\/span><span title=\"Cons\u00faltenos sin compromiso cualquier duda, as\u00ed como por cualquier otro facs\u00edmile o art\u00edculo que est\u00e9 buscando.\"><a class=\"btn btn-default\" href=\"http:\/\/comprarmejor.es\/en\/contact\">Consult us<\/a> without obligation any questions, <span lang=\"en\" xml:lang=\"en\"><span title=\"Cons\u00faltenos sin compromiso cualquier duda, as\u00ed como por cualquier otro art\u00edculo que est\u00e9 buscando.\">as well as any other item you are looking for<\/span><\/span>.<\/span><\/p>\n","protected":false},"excerpt":{"rendered":"<p style=\"text-align: justify;\"><span id=\"result_box\" lang=\"en\" xml:lang=\"en\"><span title=\"Gran libro estudio que acompa\u00f1a al facs\u00edmile de la editorial Silo\u00e9 sobre el Atlas de Pedro Texeira, considerado un\u00e1nimemente como el proyecto cartogr\u00e1fico espa\u00f1ol m\u00e1s importante del siglo XVII.\"><span lang=\"en\" xml:lang=\"en\"><span title=\"Gran libro estudio que acompa\u00f1a al facs\u00edmile de la editorial Silo\u00e9 sobre el Atlas de Pedro Texeira, considerado un\u00e1nimemente como el proyecto cartogr\u00e1fico m\u00e1s importante del siglo XVII, siendo al mismo tiempo, uno de los atlas de mayor valor y belleza de toda la historia de Espa\u00f1a\"><span lang=\"en\" xml:lang=\"en\"><span title=\"Le Beatus de la Seu d'Urgell et toutes ses miniatures: un livre du premier mill\u00e9naire aux messages d'actualit\u00e9.\">Le Beatus de la Seu d&#8217;Urgell et toutes ses miniatures: a free du premier mill\u00e9naire aux messages d&#8217;actualit\u00e9. <\/span><span title=\"Edici\u00f3n de 2005 de un estudio complementario sobre el Beato de la Seo de Urgel, con textos en franc\u00e9s.\">2005 edition of a complementary study on the Blessed of the Seo of Urgel, with texts in French.<\/span><\/span><\/span><\/span><\/span><\/span><\/p>\n","protected":false},"featured_media":53903,"template":"","meta":[],"product_brand":[],"product_cat":[2188,2246],"product_tag":[5135,4280],"class_list":{"0":"post-53911","1":"product","2":"type-product","3":"status-publish","4":"has-post-thumbnail","6":"product_cat-books","7":"product_cat-study-books","8":"product_tag-beato-en","9":"product_tag-seo-en","10":"product_shipping_class-from-0-to-1-kg","11":"description-off","13":"first","14":"instock","15":"taxable","16":"shipping-taxable","17":"purchasable","18":"product-type-simple"},"yoast_head":"<!-- This site is optimized with the Yoast SEO plugin v27.3 - https:\/\/yoast.com\/product\/yoast-seo-wordpress\/ -->\n<title>Le Beatus de la Seu d\u2019Urgell et toutes ses miniatures<\/title>\n<meta name=\"description\" content=\"French edition of the work &quot;The Beatus of the Seo of Urgel and all its miniatures&quot;, by Antonio Cagig\u00f3s Soro, edited by the Diocesan Museum of Urgel in 2005.\" \/>\n<meta name=\"robots\" content=\"index, follow, max-snippet:-1, max-image-preview:large, max-video-preview:-1\" \/>\n<link rel=\"canonical\" href=\"https:\/\/www.comprarmejor.es\/en\/product\/le-beatus-de-la-seu-durgell-et-toutes-ses-miniatures\/\" \/>\n<meta property=\"og:locale\" content=\"en_US\" \/>\n<meta property=\"og:type\" content=\"article\" \/>\n<meta property=\"og:title\" content=\"Le Beatus de la Seu d\u2019Urgell et toutes ses miniatures\" \/>\n<meta property=\"og:description\" content=\"French edition of the work &quot;The Beatus of the Seo of Urgel and all its miniatures&quot;, by Antonio Cagig\u00f3s Soro, edited by the Diocesan Museum of Urgel in 2005.\" \/>\n<meta property=\"og:url\" content=\"https:\/\/www.comprarmejor.es\/en\/product\/le-beatus-de-la-seu-durgell-et-toutes-ses-miniatures\/\" \/>\n<meta property=\"og:site_name\" content=\"ComprarMejor\" \/>\n<meta property=\"article:modified_time\" content=\"2020-05-06T16:20:18+00:00\" \/>\n<meta property=\"og:image\" content=\"https:\/\/www.comprarmejor.es\/wp-content\/uploads\/2016\/10\/p_5_9_9_7_5997-Le-Beatus-de-la-Seu-d\u2019Urgell-et-toutes-ses-miniatures.jpg\" \/>\n\t<meta property=\"og:image:width\" content=\"532\" \/>\n\t<meta property=\"og:image:height\" content=\"600\" \/>\n\t<meta property=\"og:image:type\" content=\"image\/jpeg\" \/>\n<meta name=\"twitter:card\" content=\"summary_large_image\" \/>\n<meta name=\"twitter:label1\" content=\"Est. reading time\" \/>\n\t<meta name=\"twitter:data1\" content=\"2 minutes\" \/>\n<script type=\"application\/ld+json\" class=\"yoast-schema-graph\">{\"@context\":\"https:\\\/\\\/schema.org\",\"@graph\":[{\"@type\":\"WebPage\",\"@id\":\"https:\\\/\\\/www.comprarmejor.es\\\/en\\\/product\\\/le-beatus-de-la-seu-durgell-et-toutes-ses-miniatures\\\/\",\"url\":\"https:\\\/\\\/www.comprarmejor.es\\\/en\\\/product\\\/le-beatus-de-la-seu-durgell-et-toutes-ses-miniatures\\\/\",\"name\":\"Le Beatus de la Seu d\u2019Urgell et toutes ses miniatures\",\"isPartOf\":{\"@id\":\"https:\\\/\\\/www.comprarmejor.es\\\/en\\\/#website\"},\"primaryImageOfPage\":{\"@id\":\"https:\\\/\\\/www.comprarmejor.es\\\/en\\\/product\\\/le-beatus-de-la-seu-durgell-et-toutes-ses-miniatures\\\/#primaryimage\"},\"image\":{\"@id\":\"https:\\\/\\\/www.comprarmejor.es\\\/en\\\/product\\\/le-beatus-de-la-seu-durgell-et-toutes-ses-miniatures\\\/#primaryimage\"},\"thumbnailUrl\":\"https:\\\/\\\/www.comprarmejor.es\\\/wp-content\\\/uploads\\\/2016\\\/10\\\/p_5_9_9_7_5997-Le-Beatus-de-la-Seu-d\u2019Urgell-et-toutes-ses-miniatures.jpg\",\"datePublished\":\"2016-10-04T16:42:51+00:00\",\"dateModified\":\"2020-05-06T16:20:18+00:00\",\"description\":\"French edition of the work \\\"The Beatus of the Seo of Urgel and all its miniatures\\\", by Antonio Cagig\u00f3s Soro, edited by the Diocesan Museum of Urgel in 2005.\",\"breadcrumb\":{\"@id\":\"https:\\\/\\\/www.comprarmejor.es\\\/en\\\/product\\\/le-beatus-de-la-seu-durgell-et-toutes-ses-miniatures\\\/#breadcrumb\"},\"inLanguage\":\"en-US\",\"potentialAction\":[{\"@type\":\"ReadAction\",\"target\":[\"https:\\\/\\\/www.comprarmejor.es\\\/en\\\/product\\\/le-beatus-de-la-seu-durgell-et-toutes-ses-miniatures\\\/\"]}]},{\"@type\":\"ImageObject\",\"inLanguage\":\"en-US\",\"@id\":\"https:\\\/\\\/www.comprarmejor.es\\\/en\\\/product\\\/le-beatus-de-la-seu-durgell-et-toutes-ses-miniatures\\\/#primaryimage\",\"url\":\"https:\\\/\\\/www.comprarmejor.es\\\/wp-content\\\/uploads\\\/2016\\\/10\\\/p_5_9_9_7_5997-Le-Beatus-de-la-Seu-d\u2019Urgell-et-toutes-ses-miniatures.jpg\",\"contentUrl\":\"https:\\\/\\\/www.comprarmejor.es\\\/wp-content\\\/uploads\\\/2016\\\/10\\\/p_5_9_9_7_5997-Le-Beatus-de-la-Seu-d\u2019Urgell-et-toutes-ses-miniatures.jpg\",\"width\":532,\"height\":600},{\"@type\":\"BreadcrumbList\",\"@id\":\"https:\\\/\\\/www.comprarmejor.es\\\/en\\\/product\\\/le-beatus-de-la-seu-durgell-et-toutes-ses-miniatures\\\/#breadcrumb\",\"itemListElement\":[{\"@type\":\"ListItem\",\"position\":1,\"name\":\"Portada\",\"item\":\"https:\\\/\\\/www.comprarmejor.es\\\/en\\\/\"},{\"@type\":\"ListItem\",\"position\":2,\"name\":\"Shop\",\"item\":\"https:\\\/\\\/www.comprarmejor.es\\\/en\\\/shop\\\/\"},{\"@type\":\"ListItem\",\"position\":3,\"name\":\"Le Beatus de la Seu d\u2019Urgell et toutes ses miniatures\"}]},{\"@type\":\"WebSite\",\"@id\":\"https:\\\/\\\/www.comprarmejor.es\\\/en\\\/#website\",\"url\":\"https:\\\/\\\/www.comprarmejor.es\\\/en\\\/\",\"name\":\"ComprarMejor\",\"description\":\"ComprarMejor\",\"publisher\":{\"@id\":\"https:\\\/\\\/www.comprarmejor.es\\\/en\\\/#organization\"},\"potentialAction\":[{\"@type\":\"SearchAction\",\"target\":{\"@type\":\"EntryPoint\",\"urlTemplate\":\"https:\\\/\\\/www.comprarmejor.es\\\/en\\\/?s={search_term_string}\"},\"query-input\":{\"@type\":\"PropertyValueSpecification\",\"valueRequired\":true,\"valueName\":\"search_term_string\"}}],\"inLanguage\":\"en-US\"},{\"@type\":\"Organization\",\"@id\":\"https:\\\/\\\/www.comprarmejor.es\\\/en\\\/#organization\",\"name\":\"COMPRAR MEJOR\",\"url\":\"https:\\\/\\\/www.comprarmejor.es\\\/en\\\/\",\"logo\":{\"@type\":\"ImageObject\",\"inLanguage\":\"en-US\",\"@id\":\"https:\\\/\\\/www.comprarmejor.es\\\/en\\\/#\\\/schema\\\/logo\\\/image\\\/\",\"url\":\"https:\\\/\\\/www.comprarmejor.es\\\/wp-content\\\/uploads\\\/2025\\\/09\\\/comprarmejortrinidad.jpg\",\"contentUrl\":\"https:\\\/\\\/www.comprarmejor.es\\\/wp-content\\\/uploads\\\/2025\\\/09\\\/comprarmejortrinidad.jpg\",\"width\":1022,\"height\":1380,\"caption\":\"COMPRAR MEJOR\"},\"image\":{\"@id\":\"https:\\\/\\\/www.comprarmejor.es\\\/en\\\/#\\\/schema\\\/logo\\\/image\\\/\"},\"sameAs\":[\"https:\\\/\\\/www.instagram.com\\\/amigosdelcodice\"]}]}<\/script>\n<!-- \/ Yoast SEO plugin. -->","yoast_head_json":{"title":"Le Beatus de la Seu d\u2019Urgell et toutes ses miniatures","description":"French edition of the work \"The Beatus of the Seo of Urgel and all its miniatures\", by Antonio Cagig\u00f3s Soro, edited by the Diocesan Museum of Urgel in 2005.","robots":{"index":"index","follow":"follow","max-snippet":"max-snippet:-1","max-image-preview":"max-image-preview:large","max-video-preview":"max-video-preview:-1"},"canonical":"https:\/\/www.comprarmejor.es\/en\/product\/le-beatus-de-la-seu-durgell-et-toutes-ses-miniatures\/","og_locale":"en_US","og_type":"article","og_title":"Le Beatus de la Seu d\u2019Urgell et toutes ses miniatures","og_description":"French edition of the work \"The Beatus of the Seo of Urgel and all its miniatures\", by Antonio Cagig\u00f3s Soro, edited by the Diocesan Museum of Urgel in 2005.","og_url":"https:\/\/www.comprarmejor.es\/en\/product\/le-beatus-de-la-seu-durgell-et-toutes-ses-miniatures\/","og_site_name":"ComprarMejor","article_modified_time":"2020-05-06T16:20:18+00:00","og_image":[{"width":532,"height":600,"url":"https:\/\/www.comprarmejor.es\/wp-content\/uploads\/2016\/10\/p_5_9_9_7_5997-Le-Beatus-de-la-Seu-d\u2019Urgell-et-toutes-ses-miniatures.jpg","type":"image\/jpeg"}],"twitter_card":"summary_large_image","twitter_misc":{"Est. reading time":"2 minutes"},"schema":{"@context":"https:\/\/schema.org","@graph":[{"@type":"WebPage","@id":"https:\/\/www.comprarmejor.es\/en\/product\/le-beatus-de-la-seu-durgell-et-toutes-ses-miniatures\/","url":"https:\/\/www.comprarmejor.es\/en\/product\/le-beatus-de-la-seu-durgell-et-toutes-ses-miniatures\/","name":"Le Beatus de la Seu d\u2019Urgell et toutes ses miniatures","isPartOf":{"@id":"https:\/\/www.comprarmejor.es\/en\/#website"},"primaryImageOfPage":{"@id":"https:\/\/www.comprarmejor.es\/en\/product\/le-beatus-de-la-seu-durgell-et-toutes-ses-miniatures\/#primaryimage"},"image":{"@id":"https:\/\/www.comprarmejor.es\/en\/product\/le-beatus-de-la-seu-durgell-et-toutes-ses-miniatures\/#primaryimage"},"thumbnailUrl":"https:\/\/www.comprarmejor.es\/wp-content\/uploads\/2016\/10\/p_5_9_9_7_5997-Le-Beatus-de-la-Seu-d\u2019Urgell-et-toutes-ses-miniatures.jpg","datePublished":"2016-10-04T16:42:51+00:00","dateModified":"2020-05-06T16:20:18+00:00","description":"French edition of the work \"The Beatus of the Seo of Urgel and all its miniatures\", by Antonio Cagig\u00f3s Soro, edited by the Diocesan Museum of Urgel in 2005.","breadcrumb":{"@id":"https:\/\/www.comprarmejor.es\/en\/product\/le-beatus-de-la-seu-durgell-et-toutes-ses-miniatures\/#breadcrumb"},"inLanguage":"en-US","potentialAction":[{"@type":"ReadAction","target":["https:\/\/www.comprarmejor.es\/en\/product\/le-beatus-de-la-seu-durgell-et-toutes-ses-miniatures\/"]}]},{"@type":"ImageObject","inLanguage":"en-US","@id":"https:\/\/www.comprarmejor.es\/en\/product\/le-beatus-de-la-seu-durgell-et-toutes-ses-miniatures\/#primaryimage","url":"https:\/\/www.comprarmejor.es\/wp-content\/uploads\/2016\/10\/p_5_9_9_7_5997-Le-Beatus-de-la-Seu-d\u2019Urgell-et-toutes-ses-miniatures.jpg","contentUrl":"https:\/\/www.comprarmejor.es\/wp-content\/uploads\/2016\/10\/p_5_9_9_7_5997-Le-Beatus-de-la-Seu-d\u2019Urgell-et-toutes-ses-miniatures.jpg","width":532,"height":600},{"@type":"BreadcrumbList","@id":"https:\/\/www.comprarmejor.es\/en\/product\/le-beatus-de-la-seu-durgell-et-toutes-ses-miniatures\/#breadcrumb","itemListElement":[{"@type":"ListItem","position":1,"name":"Portada","item":"https:\/\/www.comprarmejor.es\/en\/"},{"@type":"ListItem","position":2,"name":"Shop","item":"https:\/\/www.comprarmejor.es\/en\/shop\/"},{"@type":"ListItem","position":3,"name":"Le Beatus de la Seu d\u2019Urgell et toutes ses miniatures"}]},{"@type":"WebSite","@id":"https:\/\/www.comprarmejor.es\/en\/#website","url":"https:\/\/www.comprarmejor.es\/en\/","name":"ComprarMejor","description":"ComprarMejor","publisher":{"@id":"https:\/\/www.comprarmejor.es\/en\/#organization"},"potentialAction":[{"@type":"SearchAction","target":{"@type":"EntryPoint","urlTemplate":"https:\/\/www.comprarmejor.es\/en\/?s={search_term_string}"},"query-input":{"@type":"PropertyValueSpecification","valueRequired":true,"valueName":"search_term_string"}}],"inLanguage":"en-US"},{"@type":"Organization","@id":"https:\/\/www.comprarmejor.es\/en\/#organization","name":"COMPRAR MEJOR","url":"https:\/\/www.comprarmejor.es\/en\/","logo":{"@type":"ImageObject","inLanguage":"en-US","@id":"https:\/\/www.comprarmejor.es\/en\/#\/schema\/logo\/image\/","url":"https:\/\/www.comprarmejor.es\/wp-content\/uploads\/2025\/09\/comprarmejortrinidad.jpg","contentUrl":"https:\/\/www.comprarmejor.es\/wp-content\/uploads\/2025\/09\/comprarmejortrinidad.jpg","width":1022,"height":1380,"caption":"COMPRAR MEJOR"},"image":{"@id":"https:\/\/www.comprarmejor.es\/en\/#\/schema\/logo\/image\/"},"sameAs":["https:\/\/www.instagram.com\/amigosdelcodice"]}]}},"_links":{"self":[{"href":"https:\/\/www.comprarmejor.es\/en\/wp-json\/wp\/v2\/product\/53911","targetHints":{"allow":["GET"]}}],"collection":[{"href":"https:\/\/www.comprarmejor.es\/en\/wp-json\/wp\/v2\/product"}],"about":[{"href":"https:\/\/www.comprarmejor.es\/en\/wp-json\/wp\/v2\/types\/product"}],"wp:featuredmedia":[{"embeddable":true,"href":"https:\/\/www.comprarmejor.es\/en\/wp-json\/wp\/v2\/media\/53903"}],"wp:attachment":[{"href":"https:\/\/www.comprarmejor.es\/en\/wp-json\/wp\/v2\/media?parent=53911"}],"wp:term":[{"taxonomy":"product_brand","embeddable":true,"href":"https:\/\/www.comprarmejor.es\/en\/wp-json\/wp\/v2\/product_brand?post=53911"},{"taxonomy":"product_cat","embeddable":true,"href":"https:\/\/www.comprarmejor.es\/en\/wp-json\/wp\/v2\/product_cat?post=53911"},{"taxonomy":"product_tag","embeddable":true,"href":"https:\/\/www.comprarmejor.es\/en\/wp-json\/wp\/v2\/product_tag?post=53911"}],"curies":[{"name":"wp","href":"https:\/\/api.w.org\/{rel}","templated":true}]}}