{"id":53953,"date":"2016-10-07T10:31:07","date_gmt":"2016-10-07T08:31:07","guid":{"rendered":"https:\/\/www.comprarmejor.es\/producto\/ticket-or-series-of-national-lottery-spain-saturdays\/"},"modified":"2021-08-03T13:39:37","modified_gmt":"2021-08-03T11:39:37","slug":"lot-of-4-gilt-paintings-ancient-egypt-plates","status":"publish","type":"product","link":"https:\/\/www.comprarmejor.es\/en\/product\/lot-of-4-gilt-paintings-ancient-egypt-plates\/","title":{"rendered":"Lot of 4 gilt paintings Ancient Egypt plates"},"content":{"rendered":"<p style=\"text-align: justify;\">Beautiful lot with 4 pictures of sheets framed on papyri and images of Ancient Egypt. Glass and golden frame format 35 x 40.5 cm.<\/p>\n<p style=\"text-align: justify;\">Look at the photos and note the reflections in the glass and in the frames. They are very decorative.<\/p>\n<p style=\"text-align: justify;\">The indicated price is for the complete lot. If you want one in particular, the price is \u20ac 10 for a single painting.<\/p>\n<p style=\"text-align: justify;\">They are over 30 years old but are quite well preserved and are sold as is.<\/p>\n<p style=\"text-align: justify;\"><span title=\"Gastos de env\u00edo por cuenta del comprador, seg\u00fan pedido y destino.\">Shipping by the buyer, upon request and destination.\u00a0<\/span><span title=\"Cons\u00faltenos sin compromiso cualquier duda, as\u00ed como por cualquier otro facs\u00edmile o art\u00edculo que est\u00e9 buscando.\"><a class=\"btn btn-default\" href=\"https:\/\/www.comprarmejor.es\/en\/contact\">Consult us<\/a> <span class=\"VIiyi\" lang=\"en\"><span class=\"JLqJ4b\" data-language-for-alternatives=\"en\" data-language-to-translate-into=\"es\" data-phrase-index=\"0\">without obligation (indicating the reference of the article) any questions.<\/span><\/span><br \/>\n<\/span><\/p>\n","protected":false},"excerpt":{"rendered":"<p style=\"text-align: justify;\"><span id=\"result_box\" lang=\"en\" xml:lang=\"en\"><span title=\"Libro estudio de la edici\u00f3n facs\u00edmile del Breviario de Mart\u00edn el Humano, seg\u00fan el original que se conserva en la Biblioteca Nacional de Francia, realizado por Reales Sitios en 2010. Autora: Josefina Planas Badenas.\"><span lang=\"en\" xml:lang=\"en\"><span title=\"Precio indicado por un billete o serie.\"><span class=\"VIiyi\" lang=\"en\"><span class=\"JLqJ4b\" data-language-for-alternatives=\"en\" data-language-to-translate-into=\"es\" data-phrase-index=\"0\">Beautiful lot with 4 pictures of sheets framed on papyri and images of Ancient Egypt. Glass and golden frame format 35 x 40.5 cm.<\/span><\/span><\/span><\/span><\/span><\/span><\/p>\n","protected":false},"featured_media":69440,"template":"","meta":[],"product_brand":[],"product_cat":[2230,5386],"product_tag":[],"class_list":{"0":"post-53953","1":"product","2":"type-product","3":"status-publish","4":"has-post-thumbnail","6":"product_cat-egyptomania","7":"product_cat-home-decoration","8":"product_shipping_class-from-6-to-10-kg","9":"description-off","11":"first","12":"instock","13":"taxable","14":"shipping-taxable","15":"purchasable","16":"product-type-simple"},"yoast_head":"<!-- This site is optimized with the Yoast SEO plugin v27.3 - https:\/\/yoast.com\/product\/yoast-seo-wordpress\/ -->\n<title>Lot of 4 gilt paintings Ancient Egypt prints to hang on the wall<\/title>\n<meta name=\"description\" content=\"Beautiful lot with 4 pictures of sheets framed on papyri and images of Ancient Egypt. Glass and golden frame format 35 x 40.5 cm.\" \/>\n<meta name=\"robots\" content=\"index, follow, max-snippet:-1, max-image-preview:large, max-video-preview:-1\" \/>\n<link rel=\"canonical\" href=\"https:\/\/www.comprarmejor.es\/en\/product\/lot-of-4-gilt-paintings-ancient-egypt-plates\/\" \/>\n<meta property=\"og:locale\" content=\"en_US\" \/>\n<meta property=\"og:type\" content=\"article\" \/>\n<meta property=\"og:title\" content=\"Lot of 4 gilt paintings Ancient Egypt prints to hang on the wall\" \/>\n<meta property=\"og:description\" content=\"Beautiful lot with 4 pictures of sheets framed on papyri and images of Ancient Egypt. Glass and golden frame format 35 x 40.5 cm.\" \/>\n<meta property=\"og:url\" content=\"https:\/\/www.comprarmejor.es\/en\/product\/lot-of-4-gilt-paintings-ancient-egypt-plates\/\" \/>\n<meta property=\"og:site_name\" content=\"ComprarMejor\" \/>\n<meta property=\"article:modified_time\" content=\"2021-08-03T11:39:37+00:00\" \/>\n<meta property=\"og:image\" content=\"https:\/\/www.comprarmejor.es\/wp-content\/uploads\/2016\/10\/DSC02292.jpg\" \/>\n\t<meta property=\"og:image:width\" content=\"504\" \/>\n\t<meta property=\"og:image:height\" content=\"600\" \/>\n\t<meta property=\"og:image:type\" content=\"image\/jpeg\" \/>\n<meta name=\"twitter:card\" content=\"summary_large_image\" \/>\n<meta name=\"twitter:label1\" content=\"Est. reading time\" \/>\n\t<meta name=\"twitter:data1\" content=\"1 minute\" \/>\n<script type=\"application\/ld+json\" class=\"yoast-schema-graph\">{\"@context\":\"https:\\\/\\\/schema.org\",\"@graph\":[{\"@type\":\"WebPage\",\"@id\":\"https:\\\/\\\/www.comprarmejor.es\\\/en\\\/product\\\/lot-of-4-gilt-paintings-ancient-egypt-plates\\\/\",\"url\":\"https:\\\/\\\/www.comprarmejor.es\\\/en\\\/product\\\/lot-of-4-gilt-paintings-ancient-egypt-plates\\\/\",\"name\":\"Lot of 4 gilt paintings Ancient Egypt prints to hang on the wall\",\"isPartOf\":{\"@id\":\"https:\\\/\\\/www.comprarmejor.es\\\/en\\\/#website\"},\"primaryImageOfPage\":{\"@id\":\"https:\\\/\\\/www.comprarmejor.es\\\/en\\\/product\\\/lot-of-4-gilt-paintings-ancient-egypt-plates\\\/#primaryimage\"},\"image\":{\"@id\":\"https:\\\/\\\/www.comprarmejor.es\\\/en\\\/product\\\/lot-of-4-gilt-paintings-ancient-egypt-plates\\\/#primaryimage\"},\"thumbnailUrl\":\"https:\\\/\\\/www.comprarmejor.es\\\/wp-content\\\/uploads\\\/2016\\\/10\\\/DSC02292.jpg\",\"datePublished\":\"2016-10-07T08:31:07+00:00\",\"dateModified\":\"2021-08-03T11:39:37+00:00\",\"description\":\"Beautiful lot with 4 pictures of sheets framed on papyri and images of Ancient Egypt. Glass and golden frame format 35 x 40.5 cm.\",\"breadcrumb\":{\"@id\":\"https:\\\/\\\/www.comprarmejor.es\\\/en\\\/product\\\/lot-of-4-gilt-paintings-ancient-egypt-plates\\\/#breadcrumb\"},\"inLanguage\":\"en-US\",\"potentialAction\":[{\"@type\":\"ReadAction\",\"target\":[\"https:\\\/\\\/www.comprarmejor.es\\\/en\\\/product\\\/lot-of-4-gilt-paintings-ancient-egypt-plates\\\/\"]}]},{\"@type\":\"ImageObject\",\"inLanguage\":\"en-US\",\"@id\":\"https:\\\/\\\/www.comprarmejor.es\\\/en\\\/product\\\/lot-of-4-gilt-paintings-ancient-egypt-plates\\\/#primaryimage\",\"url\":\"https:\\\/\\\/www.comprarmejor.es\\\/wp-content\\\/uploads\\\/2016\\\/10\\\/DSC02292.jpg\",\"contentUrl\":\"https:\\\/\\\/www.comprarmejor.es\\\/wp-content\\\/uploads\\\/2016\\\/10\\\/DSC02292.jpg\",\"width\":504,\"height\":600},{\"@type\":\"BreadcrumbList\",\"@id\":\"https:\\\/\\\/www.comprarmejor.es\\\/en\\\/product\\\/lot-of-4-gilt-paintings-ancient-egypt-plates\\\/#breadcrumb\",\"itemListElement\":[{\"@type\":\"ListItem\",\"position\":1,\"name\":\"Portada\",\"item\":\"https:\\\/\\\/www.comprarmejor.es\\\/en\\\/\"},{\"@type\":\"ListItem\",\"position\":2,\"name\":\"Shop\",\"item\":\"https:\\\/\\\/www.comprarmejor.es\\\/en\\\/shop\\\/\"},{\"@type\":\"ListItem\",\"position\":3,\"name\":\"Lot of 4 gilt paintings Ancient Egypt plates\"}]},{\"@type\":\"WebSite\",\"@id\":\"https:\\\/\\\/www.comprarmejor.es\\\/en\\\/#website\",\"url\":\"https:\\\/\\\/www.comprarmejor.es\\\/en\\\/\",\"name\":\"ComprarMejor\",\"description\":\"ComprarMejor\",\"publisher\":{\"@id\":\"https:\\\/\\\/www.comprarmejor.es\\\/en\\\/#organization\"},\"potentialAction\":[{\"@type\":\"SearchAction\",\"target\":{\"@type\":\"EntryPoint\",\"urlTemplate\":\"https:\\\/\\\/www.comprarmejor.es\\\/en\\\/?s={search_term_string}\"},\"query-input\":{\"@type\":\"PropertyValueSpecification\",\"valueRequired\":true,\"valueName\":\"search_term_string\"}}],\"inLanguage\":\"en-US\"},{\"@type\":\"Organization\",\"@id\":\"https:\\\/\\\/www.comprarmejor.es\\\/en\\\/#organization\",\"name\":\"COMPRAR MEJOR\",\"url\":\"https:\\\/\\\/www.comprarmejor.es\\\/en\\\/\",\"logo\":{\"@type\":\"ImageObject\",\"inLanguage\":\"en-US\",\"@id\":\"https:\\\/\\\/www.comprarmejor.es\\\/en\\\/#\\\/schema\\\/logo\\\/image\\\/\",\"url\":\"https:\\\/\\\/www.comprarmejor.es\\\/wp-content\\\/uploads\\\/2025\\\/09\\\/comprarmejortrinidad.jpg\",\"contentUrl\":\"https:\\\/\\\/www.comprarmejor.es\\\/wp-content\\\/uploads\\\/2025\\\/09\\\/comprarmejortrinidad.jpg\",\"width\":1022,\"height\":1380,\"caption\":\"COMPRAR MEJOR\"},\"image\":{\"@id\":\"https:\\\/\\\/www.comprarmejor.es\\\/en\\\/#\\\/schema\\\/logo\\\/image\\\/\"},\"sameAs\":[\"https:\\\/\\\/www.instagram.com\\\/amigosdelcodice\"]}]}<\/script>\n<!-- \/ Yoast SEO plugin. -->","yoast_head_json":{"title":"Lot of 4 gilt paintings Ancient Egypt prints to hang on the wall","description":"Beautiful lot with 4 pictures of sheets framed on papyri and images of Ancient Egypt. Glass and golden frame format 35 x 40.5 cm.","robots":{"index":"index","follow":"follow","max-snippet":"max-snippet:-1","max-image-preview":"max-image-preview:large","max-video-preview":"max-video-preview:-1"},"canonical":"https:\/\/www.comprarmejor.es\/en\/product\/lot-of-4-gilt-paintings-ancient-egypt-plates\/","og_locale":"en_US","og_type":"article","og_title":"Lot of 4 gilt paintings Ancient Egypt prints to hang on the wall","og_description":"Beautiful lot with 4 pictures of sheets framed on papyri and images of Ancient Egypt. Glass and golden frame format 35 x 40.5 cm.","og_url":"https:\/\/www.comprarmejor.es\/en\/product\/lot-of-4-gilt-paintings-ancient-egypt-plates\/","og_site_name":"ComprarMejor","article_modified_time":"2021-08-03T11:39:37+00:00","og_image":[{"width":504,"height":600,"url":"https:\/\/www.comprarmejor.es\/wp-content\/uploads\/2016\/10\/DSC02292.jpg","type":"image\/jpeg"}],"twitter_card":"summary_large_image","twitter_misc":{"Est. reading time":"1 minute"},"schema":{"@context":"https:\/\/schema.org","@graph":[{"@type":"WebPage","@id":"https:\/\/www.comprarmejor.es\/en\/product\/lot-of-4-gilt-paintings-ancient-egypt-plates\/","url":"https:\/\/www.comprarmejor.es\/en\/product\/lot-of-4-gilt-paintings-ancient-egypt-plates\/","name":"Lot of 4 gilt paintings Ancient Egypt prints to hang on the wall","isPartOf":{"@id":"https:\/\/www.comprarmejor.es\/en\/#website"},"primaryImageOfPage":{"@id":"https:\/\/www.comprarmejor.es\/en\/product\/lot-of-4-gilt-paintings-ancient-egypt-plates\/#primaryimage"},"image":{"@id":"https:\/\/www.comprarmejor.es\/en\/product\/lot-of-4-gilt-paintings-ancient-egypt-plates\/#primaryimage"},"thumbnailUrl":"https:\/\/www.comprarmejor.es\/wp-content\/uploads\/2016\/10\/DSC02292.jpg","datePublished":"2016-10-07T08:31:07+00:00","dateModified":"2021-08-03T11:39:37+00:00","description":"Beautiful lot with 4 pictures of sheets framed on papyri and images of Ancient Egypt. Glass and golden frame format 35 x 40.5 cm.","breadcrumb":{"@id":"https:\/\/www.comprarmejor.es\/en\/product\/lot-of-4-gilt-paintings-ancient-egypt-plates\/#breadcrumb"},"inLanguage":"en-US","potentialAction":[{"@type":"ReadAction","target":["https:\/\/www.comprarmejor.es\/en\/product\/lot-of-4-gilt-paintings-ancient-egypt-plates\/"]}]},{"@type":"ImageObject","inLanguage":"en-US","@id":"https:\/\/www.comprarmejor.es\/en\/product\/lot-of-4-gilt-paintings-ancient-egypt-plates\/#primaryimage","url":"https:\/\/www.comprarmejor.es\/wp-content\/uploads\/2016\/10\/DSC02292.jpg","contentUrl":"https:\/\/www.comprarmejor.es\/wp-content\/uploads\/2016\/10\/DSC02292.jpg","width":504,"height":600},{"@type":"BreadcrumbList","@id":"https:\/\/www.comprarmejor.es\/en\/product\/lot-of-4-gilt-paintings-ancient-egypt-plates\/#breadcrumb","itemListElement":[{"@type":"ListItem","position":1,"name":"Portada","item":"https:\/\/www.comprarmejor.es\/en\/"},{"@type":"ListItem","position":2,"name":"Shop","item":"https:\/\/www.comprarmejor.es\/en\/shop\/"},{"@type":"ListItem","position":3,"name":"Lot of 4 gilt paintings Ancient Egypt plates"}]},{"@type":"WebSite","@id":"https:\/\/www.comprarmejor.es\/en\/#website","url":"https:\/\/www.comprarmejor.es\/en\/","name":"ComprarMejor","description":"ComprarMejor","publisher":{"@id":"https:\/\/www.comprarmejor.es\/en\/#organization"},"potentialAction":[{"@type":"SearchAction","target":{"@type":"EntryPoint","urlTemplate":"https:\/\/www.comprarmejor.es\/en\/?s={search_term_string}"},"query-input":{"@type":"PropertyValueSpecification","valueRequired":true,"valueName":"search_term_string"}}],"inLanguage":"en-US"},{"@type":"Organization","@id":"https:\/\/www.comprarmejor.es\/en\/#organization","name":"COMPRAR MEJOR","url":"https:\/\/www.comprarmejor.es\/en\/","logo":{"@type":"ImageObject","inLanguage":"en-US","@id":"https:\/\/www.comprarmejor.es\/en\/#\/schema\/logo\/image\/","url":"https:\/\/www.comprarmejor.es\/wp-content\/uploads\/2025\/09\/comprarmejortrinidad.jpg","contentUrl":"https:\/\/www.comprarmejor.es\/wp-content\/uploads\/2025\/09\/comprarmejortrinidad.jpg","width":1022,"height":1380,"caption":"COMPRAR MEJOR"},"image":{"@id":"https:\/\/www.comprarmejor.es\/en\/#\/schema\/logo\/image\/"},"sameAs":["https:\/\/www.instagram.com\/amigosdelcodice"]}]}},"_links":{"self":[{"href":"https:\/\/www.comprarmejor.es\/en\/wp-json\/wp\/v2\/product\/53953","targetHints":{"allow":["GET"]}}],"collection":[{"href":"https:\/\/www.comprarmejor.es\/en\/wp-json\/wp\/v2\/product"}],"about":[{"href":"https:\/\/www.comprarmejor.es\/en\/wp-json\/wp\/v2\/types\/product"}],"wp:featuredmedia":[{"embeddable":true,"href":"https:\/\/www.comprarmejor.es\/en\/wp-json\/wp\/v2\/media\/69440"}],"wp:attachment":[{"href":"https:\/\/www.comprarmejor.es\/en\/wp-json\/wp\/v2\/media?parent=53953"}],"wp:term":[{"taxonomy":"product_brand","embeddable":true,"href":"https:\/\/www.comprarmejor.es\/en\/wp-json\/wp\/v2\/product_brand?post=53953"},{"taxonomy":"product_cat","embeddable":true,"href":"https:\/\/www.comprarmejor.es\/en\/wp-json\/wp\/v2\/product_cat?post=53953"},{"taxonomy":"product_tag","embeddable":true,"href":"https:\/\/www.comprarmejor.es\/en\/wp-json\/wp\/v2\/product_tag?post=53953"}],"curies":[{"name":"wp","href":"https:\/\/api.w.org\/{rel}","templated":true}]}}