{"id":53967,"date":"2016-10-07T12:01:33","date_gmt":"2016-10-07T10:01:33","guid":{"rendered":"https:\/\/www.comprarmejor.es\/producto\/madrid-philip-v-establishment-of-a-dynasty-2001\/"},"modified":"2019-09-18T21:55:18","modified_gmt":"2019-09-18T19:55:18","slug":"madrid-philip-v-establishment-of-a-dynasty-2001","status":"publish","type":"product","link":"https:\/\/www.comprarmejor.es\/en\/product\/madrid-philip-v-establishment-of-a-dynasty-2001\/","title":{"rendered":"Madrid Philip V. Establishment of a dynasty, 2001"},"content":{"rendered":"<p style=\"text-align:justify;\"><span id=\"result_box\" lang=\"en\" xml:lang=\"en\"><span title=\"Gastos de env\u00edo por cuenta del comprador, seg\u00fan pedido y destino.\"><span lang=\"en\" xml:lang=\"en\"><span title=\"Bella edici\u00f3n realizada en 2001 por el Ayuntamiento de Madrid y el editor Guillermo Bl\u00e1zquez, con motivo del III Centenario de la instauraci\u00f3n de la Dinast\u00eda de los Borbones en el Reino de Espa\u00f1a.\">Bella edition in 2001 by the Madrid City Council and editor Guillermo Blazquez, to mark the third anniversary of the establishment of the Bourbon dynasty in the Kingdom of Spain.<\/p>\n<p><\/span><span title=\"Textos a cargo de Jos\u00e9 Antonio Calvo Torija, Mar\u00eda Carmen Cayetano Mart\u00edn, Mar\u00eda Dolores Antig\u00fcedad del Castillo-Olivares, Francisco L\u00f3pez Izquierdo y Pascual Mill\u00e1n.\">Texts by Jos\u00e9 Antonio Calvo Torija, Maria Carmen Cayetano Martin, Maria Dolores Castillo-Olivares Age, Francisco Pascual L\u00f3pez Izquierdo and Mill\u00e1n. <\/span><span title=\"Cap\u00edtulos: Felipe V el Animoso, Felipe V y Madrid, El Madrid de Felipe V, Del antiguo Alc\u00e1zar al Palacio nuevo, Felipe V y la construcci\u00f3n del Palacio de la Granja, Madrid y los toros, y Los toros y Felipe V.\">Chapters: Felipe V the Animoso, Felipe V and Madrid, the Madrid of Felipe V, the Old Fortress the new Palace, Felipe V and the construction of the Palace of La Granja, Madrid and bulls, and bulls and Felipe V.<\/p>\n<p><\/span><span title=\"Encuadernado en tapa dura forrada en seda azul estampada en planos y lomo con hierros dorados y rojos, con el escudo de Felipe V en el plano superior y el del Ayuntamiento de Madrid en el posterior.\">Bound in hardcover lined in blue silk printed on flat and back with gold and red iron, with the shield of Philip V in the top and the Madrid City Council in the post. <\/span><span title=\"Formato 25 x 34,5 cm.\">Format 25 x 34.5 cm. <\/span><span title=\"188 p\u00e1ginas con numerosas ilustraciones entre texto, en negro y sepia, sacadas de grabados y pinturas de la \u00e9poca, y 40 l\u00e1minas a toda plana en color, complementadas con frontis y capitulares.\">188 pages with numerous illustrations from text in black and sepia, taken from prints and paintings of the time, and 40 full-page plates in color, complemented with frontispiece and <\/span><\/span><span lang=\"en\" xml:lang=\"en\"><span title=\"188 p\u00e1ginas con numerosas ilustraciones entre texto, en negro y sepia, sacadas de grabados y pinturas de la \u00e9poca, y 40 l\u00e1minas a toda plana en color, complementadas con frontis y capitulares.\">Chapter.<\/p>\n<p><\/span><span title=\"Edici\u00f3n limitada de mil ejemplares, no numerados, estampados con t\u00e9cnicas artesanas, sobre papel hilo Conqueror.\">Limited edition of one thousand copies, not numbered, stamped with craft techniques, bond paper Conqueror.<\/p>\n<p><\/span><span title=\"Gastos de env\u00edo por cuenta del comprador, seg\u00fan pedido y destino.\">Shipping by the buyer, upon request and destination<\/span><\/span>.\u00a0<\/span><span title=\"Cons\u00faltenos sin compromiso cualquier duda, as\u00ed como por cualquier otro facs\u00edmile o libro estudio que est\u00e9 buscando.\"><a class=\"btn btn-default\" href=\"http:\/\/comprarmejor.es\/en\/contact\">Consult us<\/a> <span lang=\"en\" xml:lang=\"en\"><span title=\"Cons\u00faltenos sin compromiso cualquier duda, as\u00ed como por cualquier otro art\u00edculo que est\u00e9 buscando.\">without obligation any questions, as well as any other items you are seeking.<\/span><\/span><br \/><\/span><\/span><\/p>\n","protected":false},"excerpt":{"rendered":"<p style=\"text-align:justify;\"><span id=\"result_box\" lang=\"en\" xml:lang=\"en\"><span title=\"Libro estudio del facs\u00edmile del Libro de Horas de los Z\u00fa\u00f1iga, del siglo XV, cuyo original se conserva en la Biblioteca Real del Monasterio de El Escorial.\"><span lang=\"en\" xml:lang=\"en\"><span title=\"Bella edici\u00f3n realizada en 2001 por el Ayuntamiento de Madrid y el editor Guillermo Bl\u00e1zquez, con motivo del III Centenario de la instauraci\u00f3n de la Dinast\u00eda de los Borbones en el Reino de Espa\u00f1a.\">Bella edition in 2001 by the Madrid City Council and editor Guillermo Blazquez, to mark the third anniversary of the establishment of the Bourbon dynasty in the Kingdom of Spain.<\/span><\/span><\/span><\/span><\/p>\n","protected":false},"featured_media":53955,"template":"","meta":[],"product_brand":[],"product_cat":[2210,5118],"product_tag":[5120,4324],"class_list":{"0":"post-53967","1":"product","2":"type-product","3":"status-publish","4":"has-post-thumbnail","6":"product_cat-bibliophilia","7":"product_cat-bindings","8":"product_tag-history-en","9":"product_tag-madrid-en","10":"product_shipping_class-from-2-to-5-kg","11":"description-off","13":"first","14":"instock","15":"sale","16":"taxable","17":"shipping-taxable","18":"purchasable","19":"product-type-simple"},"yoast_head":"<!-- This site is optimized with the Yoast SEO plugin v27.3 - https:\/\/yoast.com\/product\/yoast-seo-wordpress\/ -->\n<title>Madrid Philip V. Establishment of a dynasty, 2001<\/title>\n<meta name=\"description\" content=\"Edition in 2001 by the Madrid City Council and Blazquez, to mark the third anniversary of the establishment of the Bourbon dynasty in the Kingdom of Spain\" \/>\n<meta name=\"robots\" content=\"index, follow, max-snippet:-1, max-image-preview:large, max-video-preview:-1\" \/>\n<link rel=\"canonical\" href=\"https:\/\/www.comprarmejor.es\/en\/product\/madrid-philip-v-establishment-of-a-dynasty-2001\/\" \/>\n<meta property=\"og:locale\" content=\"en_US\" \/>\n<meta property=\"og:type\" content=\"article\" \/>\n<meta property=\"og:title\" content=\"Madrid Philip V. Establishment of a dynasty, 2001\" \/>\n<meta property=\"og:description\" content=\"Edition in 2001 by the Madrid City Council and Blazquez, to mark the third anniversary of the establishment of the Bourbon dynasty in the Kingdom of Spain\" \/>\n<meta property=\"og:url\" content=\"https:\/\/www.comprarmejor.es\/en\/product\/madrid-philip-v-establishment-of-a-dynasty-2001\/\" \/>\n<meta property=\"og:site_name\" content=\"ComprarMejor\" \/>\n<meta property=\"article:modified_time\" content=\"2019-09-18T19:55:18+00:00\" \/>\n<meta property=\"og:image\" content=\"https:\/\/www.comprarmejor.es\/wp-content\/uploads\/2016\/10\/p_6_9_1_0_6910-El-Madrid-de-Felipe-V.-Instauracion-de-una-Dinastia-2001.jpg\" \/>\n\t<meta property=\"og:image:width\" content=\"508\" \/>\n\t<meta property=\"og:image:height\" content=\"596\" \/>\n\t<meta property=\"og:image:type\" content=\"image\/jpeg\" \/>\n<meta name=\"twitter:card\" content=\"summary_large_image\" \/>\n<meta name=\"twitter:label1\" content=\"Est. reading time\" \/>\n\t<meta name=\"twitter:data1\" content=\"1 minute\" \/>\n<script type=\"application\/ld+json\" class=\"yoast-schema-graph\">{\"@context\":\"https:\\\/\\\/schema.org\",\"@graph\":[{\"@type\":\"WebPage\",\"@id\":\"https:\\\/\\\/www.comprarmejor.es\\\/en\\\/product\\\/madrid-philip-v-establishment-of-a-dynasty-2001\\\/\",\"url\":\"https:\\\/\\\/www.comprarmejor.es\\\/en\\\/product\\\/madrid-philip-v-establishment-of-a-dynasty-2001\\\/\",\"name\":\"Madrid Philip V. Establishment of a dynasty, 2001\",\"isPartOf\":{\"@id\":\"https:\\\/\\\/www.comprarmejor.es\\\/en\\\/#website\"},\"primaryImageOfPage\":{\"@id\":\"https:\\\/\\\/www.comprarmejor.es\\\/en\\\/product\\\/madrid-philip-v-establishment-of-a-dynasty-2001\\\/#primaryimage\"},\"image\":{\"@id\":\"https:\\\/\\\/www.comprarmejor.es\\\/en\\\/product\\\/madrid-philip-v-establishment-of-a-dynasty-2001\\\/#primaryimage\"},\"thumbnailUrl\":\"https:\\\/\\\/www.comprarmejor.es\\\/wp-content\\\/uploads\\\/2016\\\/10\\\/p_6_9_1_0_6910-El-Madrid-de-Felipe-V.-Instauracion-de-una-Dinastia-2001.jpg\",\"datePublished\":\"2016-10-07T10:01:33+00:00\",\"dateModified\":\"2019-09-18T19:55:18+00:00\",\"description\":\"Edition in 2001 by the Madrid City Council and Blazquez, to mark the third anniversary of the establishment of the Bourbon dynasty in the Kingdom of Spain\",\"breadcrumb\":{\"@id\":\"https:\\\/\\\/www.comprarmejor.es\\\/en\\\/product\\\/madrid-philip-v-establishment-of-a-dynasty-2001\\\/#breadcrumb\"},\"inLanguage\":\"en-US\",\"potentialAction\":[{\"@type\":\"ReadAction\",\"target\":[\"https:\\\/\\\/www.comprarmejor.es\\\/en\\\/product\\\/madrid-philip-v-establishment-of-a-dynasty-2001\\\/\"]}]},{\"@type\":\"ImageObject\",\"inLanguage\":\"en-US\",\"@id\":\"https:\\\/\\\/www.comprarmejor.es\\\/en\\\/product\\\/madrid-philip-v-establishment-of-a-dynasty-2001\\\/#primaryimage\",\"url\":\"https:\\\/\\\/www.comprarmejor.es\\\/wp-content\\\/uploads\\\/2016\\\/10\\\/p_6_9_1_0_6910-El-Madrid-de-Felipe-V.-Instauracion-de-una-Dinastia-2001.jpg\",\"contentUrl\":\"https:\\\/\\\/www.comprarmejor.es\\\/wp-content\\\/uploads\\\/2016\\\/10\\\/p_6_9_1_0_6910-El-Madrid-de-Felipe-V.-Instauracion-de-una-Dinastia-2001.jpg\",\"width\":508,\"height\":596},{\"@type\":\"BreadcrumbList\",\"@id\":\"https:\\\/\\\/www.comprarmejor.es\\\/en\\\/product\\\/madrid-philip-v-establishment-of-a-dynasty-2001\\\/#breadcrumb\",\"itemListElement\":[{\"@type\":\"ListItem\",\"position\":1,\"name\":\"Portada\",\"item\":\"https:\\\/\\\/www.comprarmejor.es\\\/en\\\/\"},{\"@type\":\"ListItem\",\"position\":2,\"name\":\"Shop\",\"item\":\"https:\\\/\\\/www.comprarmejor.es\\\/en\\\/shop\\\/\"},{\"@type\":\"ListItem\",\"position\":3,\"name\":\"Madrid Philip V. Establishment of a dynasty, 2001\"}]},{\"@type\":\"WebSite\",\"@id\":\"https:\\\/\\\/www.comprarmejor.es\\\/en\\\/#website\",\"url\":\"https:\\\/\\\/www.comprarmejor.es\\\/en\\\/\",\"name\":\"ComprarMejor\",\"description\":\"ComprarMejor\",\"publisher\":{\"@id\":\"https:\\\/\\\/www.comprarmejor.es\\\/en\\\/#organization\"},\"potentialAction\":[{\"@type\":\"SearchAction\",\"target\":{\"@type\":\"EntryPoint\",\"urlTemplate\":\"https:\\\/\\\/www.comprarmejor.es\\\/en\\\/?s={search_term_string}\"},\"query-input\":{\"@type\":\"PropertyValueSpecification\",\"valueRequired\":true,\"valueName\":\"search_term_string\"}}],\"inLanguage\":\"en-US\"},{\"@type\":\"Organization\",\"@id\":\"https:\\\/\\\/www.comprarmejor.es\\\/en\\\/#organization\",\"name\":\"COMPRAR MEJOR\",\"url\":\"https:\\\/\\\/www.comprarmejor.es\\\/en\\\/\",\"logo\":{\"@type\":\"ImageObject\",\"inLanguage\":\"en-US\",\"@id\":\"https:\\\/\\\/www.comprarmejor.es\\\/en\\\/#\\\/schema\\\/logo\\\/image\\\/\",\"url\":\"https:\\\/\\\/www.comprarmejor.es\\\/wp-content\\\/uploads\\\/2025\\\/09\\\/comprarmejortrinidad.jpg\",\"contentUrl\":\"https:\\\/\\\/www.comprarmejor.es\\\/wp-content\\\/uploads\\\/2025\\\/09\\\/comprarmejortrinidad.jpg\",\"width\":1022,\"height\":1380,\"caption\":\"COMPRAR MEJOR\"},\"image\":{\"@id\":\"https:\\\/\\\/www.comprarmejor.es\\\/en\\\/#\\\/schema\\\/logo\\\/image\\\/\"},\"sameAs\":[\"https:\\\/\\\/www.instagram.com\\\/amigosdelcodice\"]}]}<\/script>\n<!-- \/ Yoast SEO plugin. -->","yoast_head_json":{"title":"Madrid Philip V. Establishment of a dynasty, 2001","description":"Edition in 2001 by the Madrid City Council and Blazquez, to mark the third anniversary of the establishment of the Bourbon dynasty in the Kingdom of Spain","robots":{"index":"index","follow":"follow","max-snippet":"max-snippet:-1","max-image-preview":"max-image-preview:large","max-video-preview":"max-video-preview:-1"},"canonical":"https:\/\/www.comprarmejor.es\/en\/product\/madrid-philip-v-establishment-of-a-dynasty-2001\/","og_locale":"en_US","og_type":"article","og_title":"Madrid Philip V. Establishment of a dynasty, 2001","og_description":"Edition in 2001 by the Madrid City Council and Blazquez, to mark the third anniversary of the establishment of the Bourbon dynasty in the Kingdom of Spain","og_url":"https:\/\/www.comprarmejor.es\/en\/product\/madrid-philip-v-establishment-of-a-dynasty-2001\/","og_site_name":"ComprarMejor","article_modified_time":"2019-09-18T19:55:18+00:00","og_image":[{"width":508,"height":596,"url":"https:\/\/www.comprarmejor.es\/wp-content\/uploads\/2016\/10\/p_6_9_1_0_6910-El-Madrid-de-Felipe-V.-Instauracion-de-una-Dinastia-2001.jpg","type":"image\/jpeg"}],"twitter_card":"summary_large_image","twitter_misc":{"Est. reading time":"1 minute"},"schema":{"@context":"https:\/\/schema.org","@graph":[{"@type":"WebPage","@id":"https:\/\/www.comprarmejor.es\/en\/product\/madrid-philip-v-establishment-of-a-dynasty-2001\/","url":"https:\/\/www.comprarmejor.es\/en\/product\/madrid-philip-v-establishment-of-a-dynasty-2001\/","name":"Madrid Philip V. Establishment of a dynasty, 2001","isPartOf":{"@id":"https:\/\/www.comprarmejor.es\/en\/#website"},"primaryImageOfPage":{"@id":"https:\/\/www.comprarmejor.es\/en\/product\/madrid-philip-v-establishment-of-a-dynasty-2001\/#primaryimage"},"image":{"@id":"https:\/\/www.comprarmejor.es\/en\/product\/madrid-philip-v-establishment-of-a-dynasty-2001\/#primaryimage"},"thumbnailUrl":"https:\/\/www.comprarmejor.es\/wp-content\/uploads\/2016\/10\/p_6_9_1_0_6910-El-Madrid-de-Felipe-V.-Instauracion-de-una-Dinastia-2001.jpg","datePublished":"2016-10-07T10:01:33+00:00","dateModified":"2019-09-18T19:55:18+00:00","description":"Edition in 2001 by the Madrid City Council and Blazquez, to mark the third anniversary of the establishment of the Bourbon dynasty in the Kingdom of Spain","breadcrumb":{"@id":"https:\/\/www.comprarmejor.es\/en\/product\/madrid-philip-v-establishment-of-a-dynasty-2001\/#breadcrumb"},"inLanguage":"en-US","potentialAction":[{"@type":"ReadAction","target":["https:\/\/www.comprarmejor.es\/en\/product\/madrid-philip-v-establishment-of-a-dynasty-2001\/"]}]},{"@type":"ImageObject","inLanguage":"en-US","@id":"https:\/\/www.comprarmejor.es\/en\/product\/madrid-philip-v-establishment-of-a-dynasty-2001\/#primaryimage","url":"https:\/\/www.comprarmejor.es\/wp-content\/uploads\/2016\/10\/p_6_9_1_0_6910-El-Madrid-de-Felipe-V.-Instauracion-de-una-Dinastia-2001.jpg","contentUrl":"https:\/\/www.comprarmejor.es\/wp-content\/uploads\/2016\/10\/p_6_9_1_0_6910-El-Madrid-de-Felipe-V.-Instauracion-de-una-Dinastia-2001.jpg","width":508,"height":596},{"@type":"BreadcrumbList","@id":"https:\/\/www.comprarmejor.es\/en\/product\/madrid-philip-v-establishment-of-a-dynasty-2001\/#breadcrumb","itemListElement":[{"@type":"ListItem","position":1,"name":"Portada","item":"https:\/\/www.comprarmejor.es\/en\/"},{"@type":"ListItem","position":2,"name":"Shop","item":"https:\/\/www.comprarmejor.es\/en\/shop\/"},{"@type":"ListItem","position":3,"name":"Madrid Philip V. Establishment of a dynasty, 2001"}]},{"@type":"WebSite","@id":"https:\/\/www.comprarmejor.es\/en\/#website","url":"https:\/\/www.comprarmejor.es\/en\/","name":"ComprarMejor","description":"ComprarMejor","publisher":{"@id":"https:\/\/www.comprarmejor.es\/en\/#organization"},"potentialAction":[{"@type":"SearchAction","target":{"@type":"EntryPoint","urlTemplate":"https:\/\/www.comprarmejor.es\/en\/?s={search_term_string}"},"query-input":{"@type":"PropertyValueSpecification","valueRequired":true,"valueName":"search_term_string"}}],"inLanguage":"en-US"},{"@type":"Organization","@id":"https:\/\/www.comprarmejor.es\/en\/#organization","name":"COMPRAR MEJOR","url":"https:\/\/www.comprarmejor.es\/en\/","logo":{"@type":"ImageObject","inLanguage":"en-US","@id":"https:\/\/www.comprarmejor.es\/en\/#\/schema\/logo\/image\/","url":"https:\/\/www.comprarmejor.es\/wp-content\/uploads\/2025\/09\/comprarmejortrinidad.jpg","contentUrl":"https:\/\/www.comprarmejor.es\/wp-content\/uploads\/2025\/09\/comprarmejortrinidad.jpg","width":1022,"height":1380,"caption":"COMPRAR MEJOR"},"image":{"@id":"https:\/\/www.comprarmejor.es\/en\/#\/schema\/logo\/image\/"},"sameAs":["https:\/\/www.instagram.com\/amigosdelcodice"]}]}},"_links":{"self":[{"href":"https:\/\/www.comprarmejor.es\/en\/wp-json\/wp\/v2\/product\/53967","targetHints":{"allow":["GET"]}}],"collection":[{"href":"https:\/\/www.comprarmejor.es\/en\/wp-json\/wp\/v2\/product"}],"about":[{"href":"https:\/\/www.comprarmejor.es\/en\/wp-json\/wp\/v2\/types\/product"}],"wp:featuredmedia":[{"embeddable":true,"href":"https:\/\/www.comprarmejor.es\/en\/wp-json\/wp\/v2\/media\/53955"}],"wp:attachment":[{"href":"https:\/\/www.comprarmejor.es\/en\/wp-json\/wp\/v2\/media?parent=53967"}],"wp:term":[{"taxonomy":"product_brand","embeddable":true,"href":"https:\/\/www.comprarmejor.es\/en\/wp-json\/wp\/v2\/product_brand?post=53967"},{"taxonomy":"product_cat","embeddable":true,"href":"https:\/\/www.comprarmejor.es\/en\/wp-json\/wp\/v2\/product_cat?post=53967"},{"taxonomy":"product_tag","embeddable":true,"href":"https:\/\/www.comprarmejor.es\/en\/wp-json\/wp\/v2\/product_tag?post=53967"}],"curies":[{"name":"wp","href":"https:\/\/api.w.org\/{rel}","templated":true}]}}