{"id":53977,"date":"2016-10-07T18:57:24","date_gmt":"2016-10-07T16:57:24","guid":{"rendered":"https:\/\/www.comprarmejor.es\/producto\/book-of-hours-of-zuniga-s-xv\/"},"modified":"2026-05-03T10:37:14","modified_gmt":"2026-05-03T08:37:14","slug":"book-of-hours-of-zuniga-s-xv","status":"publish","type":"product","link":"https:\/\/www.comprarmejor.es\/en\/product\/book-of-hours-of-zuniga-s-xv\/","title":{"rendered":"Book of Hours of Zuniga, s. XV"},"content":{"rendered":"<p><span class=\"HwtZe\" lang=\"en\"><span class=\"jCAhz ChMk0b\"><span class=\"ryNqvb\">ARTICLE FOR INFORMATIONAL PURPOSES ONLY<\/span><\/span><\/span><\/p>\n<p style=\"text-align: justify;\"><span id=\"result_box\" lang=\"en\" xml:lang=\"en\"><span title=\"Durante el siglo XV, la nobleza castellana, a imitaci\u00f3n de los monarcas como Juan II o Isabel la Cat\u00f3lica, se aficiona a los buenos libros y forman magn\u00edficas bibliotecas, de la que puede ser paradigma la del Marqu\u00e9s de Santillana.\">During the fifteenth century, the Castilian nobility, in imitation of monarchs Juan II and Isabel the Catholic, is fond of good books and form great libraries, which can be paradigm the Marquis de Santillana. <\/span><span title=\"Tambi\u00e9n la Casa de Z\u00fa\u00f1iga destac\u00f3 en su amor a los libros, en especial el que fue maestre de la Orden militar de Alc\u00e1ntara, don Juan de Z\u00fa\u00f1iga, para el que se escribieron y miniaron obras espl\u00e9ndidas, como el Jouvencel de Juan de Breuil, en\">the House of Z\u00fa\u00f1iga also stressed in his love of books, especially the one who was Master of the Military Order of Alcantara, Don Juan de Zuniga, for which they were written and miniaron splendid works such as Jouvencel of Juan de Breuil, in <\/span><span title=\"franc\u00e9s, que se expone en El Escorial, y probablemente el Libro de Horas que nos ocupa.\">French, which is exposed in El Escorial, and probably the Book of Hours in question. <\/span><span title=\"Un descendiente del maestre llamado Alonso de Z\u00fa\u00f1iga lo regal\u00f3 al rey Felipe II cuando supo de su prop\u00f3sito de formar en El Escorial una gran biblioteca de libros manuscritos.\">A descendant of the master Alonso de Zuniga gave it to King Philip II when he learned of his intention to form in El Escorial a large library of manuscript books. <\/span><span title=\"Hoy se expone, entre otras muchas obras de arte, en la Vitrina 10 de la Biblioteca Real del monasterio.\">Today exposed, among many other works of art in the display case 10 of the Royal Library of the monastery.<\/span><\/span><\/p>\n<p style=\"text-align: justify;\"><span title=\"La reproducci\u00f3n facs\u00edmile del c\u00f3dice, formado por 254 folios, de 19 x 25,6 cm., y su contenido responden al modelo de los libros de horas que se difundieron de forma extraordinaria en el siglo XV para satisfacer la piedad de los seglares, los\">The facsimile reproduction of the codex, consisting of 254 folios, 19 x 25.6 cm., And its contents correspond to the model of the books of hours spread dramatically in the fifteenth century to meet the piety of the laity, the <\/span><span title=\"cuales proced\u00edan en su mayor\u00eda de los Pa\u00edses Bajos y tambi\u00e9n de Italia.\">which came mostly from the Netherlands and Italy. <\/span><span title=\"Este ejemplar de los Z\u00fa\u00f1iga, por el contrario, fue escrito y miniado por un espa\u00f1ol, de origen castellano, que se muestra muy bien informado de las t\u00e9cnicas flamencas de las miniaturas, pero que aporta tambi\u00e9n soluciones francesas y algunas t\u00edpicamente espa\u00f1olas en la representaci\u00f3n del\">This issue of the Z\u00fa\u00f1iga, however, was written and illustrated by a Spanish, of Castilian origin, who is very knowledgeable of the Flemish techniques of miniatures, but also brings French solutions and some typically Spanish in the representation of <\/span><span title=\"paisaje, en la decoraci\u00f3n de las orlas con temas del mud\u00e9jar toledano y en la adopci\u00f3n de falsas inscripciones que imitan los rasgos de la escritura \u00e1rabe.\">landscape, decorating the borders with issues of Toledo Mudejar and adopting false inscriptions that mimic the features of the Arabic script.<\/span><\/p>\n<p style=\"text-align: justify;\"><span title=\"El manuscrito, escrito en una g\u00f3tica caligr\u00e1fica, contiene 19 miniaturas a folio pleno en las que se van representando los grandes hitos de la vida de Cristo: Anunciaci\u00f3n a Mar\u00eda (en su parte inferior figura el escudo de los Z\u00fa\u00f1iga), Visitaci\u00f3n, Navidad,\">The manuscript, written in a calligraphic Gothic, contains 19 miniatures to full folio which will represent the major milestones of the life of Christ: Annunciation (on the bottom appears the shield of the Z\u00fa\u00f1iga), Visitation, Christmas, <\/span><span title=\"Anuncio a los pastores, etc., etc., todas de una misma y magistral mano.\">annunciation to the shepherds, etc., etc., all of the same masterly hand. <\/span><span title=\"Las orlas que enmarcan las pinturas, que no se repiten, son de un color y lujo extraordinarios.\">The borders that frame the paintings, which are not repeated, are of a color and extraordinary luxury. <\/span><span title=\"Desde el folio 223, las capitales, que hasta all\u00ed ven\u00edan s\u00f3lo adornadas, cambian para introducir en su interior vi\u00f1etas de gran calidad, verdaderos cuadros en miniatura.\">From folio 223, the capitals which adorned only came there, change to introduce vignettes inside high quality, real pictures in miniature. <\/span><span title=\"En el calendario con el que, como es habitual, se inicia la obra, cada mes tiene en su parte superior una reproducci\u00f3n de los trabajos t\u00edpicos que en \u00e9l se llevaban a cabo y en la parte inferior el signo del zodiaco correspondiente.\">In the calendar with which, as usual, the work starts, each month has at its top a reproduction of the typical work that he carried out and in the bottom of the corresponding zodiac sign. <\/span><span title=\"As\u00ed, por ejemplo, en enero aparecen el signo de acuario y un hombre sentado c\u00f3modamente ante la chimenea mientras come y bebe.\">For example, in January the sign of Aquarius and a man sitting comfortably at the fireplace while eating and drinking appear.<\/span><\/p>\n<p style=\"text-align: justify;\"><span title=\"Extraordinaria y bella edici\u00f3n facs\u00edmile realizada en Madrid en 2003, limitada y numerada.\">Extraordinary beautiful facsimile edition in Madrid in 2003, limited and numbered. <\/span><span title=\"Encuadernado en piel de cabra marr\u00f3n, estampada en negro por ambos lados, formato 21,2 x 27 cm.\">Brown leather-bound goat, printed in black on both sides, format 21,2 x 27 cm. <\/span><span title=\"512 p\u00e1ginas, cosido en telar a mano, cantos dorados.\">512 pages, sewn in handloom, gilt edges.<\/span><\/p>\n<p style=\"text-align: justify;\"><span title=\"Libro estudio publicado en 2007 y elaborado por los catedr\u00e1ticos de la Universidad de Valladolid, Jos\u00e9 Manuel Ruiz Asencio y Salvador Andr\u00e9s Ordax.\">Book study published in 2007 and written by the professors of the University of Valladolid, Jose Manuel Ruiz Asencio and Salvador Andr\u00e9s Ordax. <\/span><span title=\"Encuadernado en tapa dura en tela ilustrada y dorada, guardas con ilustraciones facs\u00edmiles con oros.\">Bound in hardcover in illustrated and gold cloth, guards with facsimiles illustrations with gold. <\/span><span title=\"Formato 20,8 x 27 cm.\">20.8 x 27 cm format. <\/span><span title=\"168 p\u00e1ginas.\">168 pages. <\/span><span title=\"Textos en espa\u00f1ol.\">Texts in Spanish.<\/span><\/p>\n<p style=\"text-align: justify;\"><span title=\"Este bello Libro de Horas tambi\u00e9n fue llamado originariamente de Don Gutierre de Sotomayor, conde de Belalc\u00e1zar.\">This beautiful Book of Hours was also originally called Don Gutierre de Sotomayor, Count of Belalc\u00e1zar.<\/span><\/p>\n<p style=\"text-align: justify;\"><span title=\"Gastos de env\u00edo por cuenta del comprador, seg\u00fan pedido y destino.\"><span class=\"HwtZe\" lang=\"en\"><span class=\"jCAhz ChMk0b\"><span class=\"ryNqvb\">Retail Price: 5.376 \u20ac<\/span><\/span><\/span>. <\/span><span title=\"Cons\u00faltenos sin compromiso cualquier duda, as\u00ed como por cualquier otro facs\u00edmile o libro estudio que est\u00e9 buscando.\"><a class=\"btn btn-default\" href=\"https:\/\/www.comprarmejor.es\/en\/contact\/\">Consult us<\/a> <span class=\"HwtZe\" lang=\"en\"><span class=\"jCAhz ChMk0b\"><span class=\"ryNqvb\">with any questions, indicating the item reference and delivery time.<\/span><\/span><\/span><br \/>\n<\/span><\/p>\n","protected":false},"excerpt":{"rendered":"<p style=\"text-align: justify;\"><span id=\"result_box\" lang=\"en\" xml:lang=\"en\"><span title=\"Durante el siglo XV, la nobleza castellana, a imitaci\u00f3n de los monarcas como Juan II o Isabel la Cat\u00f3lica, se aficiona a los buenos libros y forman magn\u00edficas bibliotecas, de la que puede ser paradigma la del Marqu\u00e9s de Santillana.\">During the fifteenth century, the Castilian nobility, in imitation of monarchs Juan II and Isabel the Catholic, is fond of good books and form great libraries, which can be paradigm the Marquis de Santillana. <\/span><span title=\"Tambi\u00e9n la Casa de Z\u00fa\u00f1iga destac\u00f3 en su amor a los libros, en especial el que fue maestre de la Orden militar de Alc\u00e1ntara, don Juan de Z\u00fa\u00f1iga, para el que se escribieron y miniaron obras espl\u00e9ndidas, como el Jouvencel de Juan de Breuil, en\">the House of Z\u00fa\u00f1iga also stressed in his love of books, especially the one who was Master of the Military Order of Alcantara, Don Juan de Zuniga,<br \/>\n<\/span><\/span><\/p>\n","protected":false},"featured_media":53969,"template":"","meta":[],"product_brand":[],"product_cat":[2226],"product_tag":[3984,5122,3999],"class_list":{"0":"post-53977","1":"product","2":"type-product","3":"status-publish","4":"has-post-thumbnail","6":"product_cat-books-of-hours","7":"product_tag-escorial-en-2","8":"product_tag-hours-en","9":"product_tag-testimonio-en","10":"description-off","12":"first","13":"instock","14":"taxable","15":"shipping-taxable","16":"purchasable","17":"product-type-simple"},"yoast_head":"<!-- This site is optimized with the Yoast SEO plugin v27.3 - https:\/\/yoast.com\/product\/yoast-seo-wordpress\/ -->\n<title>Book of Hours of the Z\u00fa\u00f1iga, XV century, Breviary, Castilian nobility<\/title>\n<meta name=\"description\" content=\"During the s. XV, the Castilian nobility, in imitation of monarchs like Juan II or Isabel la Cat\u00f3lica, is fond of good books and they form magnificent\" \/>\n<meta name=\"robots\" content=\"index, follow, max-snippet:-1, max-image-preview:large, max-video-preview:-1\" \/>\n<link rel=\"canonical\" href=\"https:\/\/www.comprarmejor.es\/en\/product\/book-of-hours-of-zuniga-s-xv\/\" \/>\n<meta property=\"og:locale\" content=\"en_US\" \/>\n<meta property=\"og:type\" content=\"article\" \/>\n<meta property=\"og:title\" content=\"Book of Hours of the Z\u00fa\u00f1iga, XV century, Breviary, Castilian nobility\" \/>\n<meta property=\"og:description\" content=\"During the s. XV, the Castilian nobility, in imitation of monarchs like Juan II or Isabel la Cat\u00f3lica, is fond of good books and they form magnificent\" \/>\n<meta property=\"og:url\" content=\"https:\/\/www.comprarmejor.es\/en\/product\/book-of-hours-of-zuniga-s-xv\/\" \/>\n<meta property=\"og:site_name\" content=\"ComprarMejor\" \/>\n<meta property=\"article:modified_time\" content=\"2026-05-03T08:37:14+00:00\" \/>\n<meta property=\"og:image\" content=\"https:\/\/www.comprarmejor.es\/wp-content\/uploads\/2016\/10\/p_6_4_2_2_6422-Libro-de-Horas-de-los-Zuniga-s.-XV.jpg\" \/>\n\t<meta property=\"og:image:width\" content=\"542\" \/>\n\t<meta property=\"og:image:height\" content=\"339\" \/>\n\t<meta property=\"og:image:type\" content=\"image\/jpeg\" \/>\n<meta name=\"twitter:card\" content=\"summary_large_image\" \/>\n<meta name=\"twitter:label1\" content=\"Est. reading time\" \/>\n\t<meta name=\"twitter:data1\" content=\"3 minutes\" \/>\n<script type=\"application\/ld+json\" class=\"yoast-schema-graph\">{\"@context\":\"https:\\\/\\\/schema.org\",\"@graph\":[{\"@type\":\"WebPage\",\"@id\":\"https:\\\/\\\/www.comprarmejor.es\\\/en\\\/product\\\/book-of-hours-of-zuniga-s-xv\\\/\",\"url\":\"https:\\\/\\\/www.comprarmejor.es\\\/en\\\/product\\\/book-of-hours-of-zuniga-s-xv\\\/\",\"name\":\"Book of Hours of the Z\u00fa\u00f1iga, XV century, Breviary, Castilian nobility\",\"isPartOf\":{\"@id\":\"https:\\\/\\\/www.comprarmejor.es\\\/en\\\/#website\"},\"primaryImageOfPage\":{\"@id\":\"https:\\\/\\\/www.comprarmejor.es\\\/en\\\/product\\\/book-of-hours-of-zuniga-s-xv\\\/#primaryimage\"},\"image\":{\"@id\":\"https:\\\/\\\/www.comprarmejor.es\\\/en\\\/product\\\/book-of-hours-of-zuniga-s-xv\\\/#primaryimage\"},\"thumbnailUrl\":\"https:\\\/\\\/www.comprarmejor.es\\\/wp-content\\\/uploads\\\/2016\\\/10\\\/p_6_4_2_2_6422-Libro-de-Horas-de-los-Zuniga-s.-XV.jpg\",\"datePublished\":\"2016-10-07T16:57:24+00:00\",\"dateModified\":\"2026-05-03T08:37:14+00:00\",\"description\":\"During the s. XV, the Castilian nobility, in imitation of monarchs like Juan II or Isabel la Cat\u00f3lica, is fond of good books and they form magnificent\",\"breadcrumb\":{\"@id\":\"https:\\\/\\\/www.comprarmejor.es\\\/en\\\/product\\\/book-of-hours-of-zuniga-s-xv\\\/#breadcrumb\"},\"inLanguage\":\"en-US\",\"potentialAction\":[{\"@type\":\"ReadAction\",\"target\":[\"https:\\\/\\\/www.comprarmejor.es\\\/en\\\/product\\\/book-of-hours-of-zuniga-s-xv\\\/\"]}]},{\"@type\":\"ImageObject\",\"inLanguage\":\"en-US\",\"@id\":\"https:\\\/\\\/www.comprarmejor.es\\\/en\\\/product\\\/book-of-hours-of-zuniga-s-xv\\\/#primaryimage\",\"url\":\"https:\\\/\\\/www.comprarmejor.es\\\/wp-content\\\/uploads\\\/2016\\\/10\\\/p_6_4_2_2_6422-Libro-de-Horas-de-los-Zuniga-s.-XV.jpg\",\"contentUrl\":\"https:\\\/\\\/www.comprarmejor.es\\\/wp-content\\\/uploads\\\/2016\\\/10\\\/p_6_4_2_2_6422-Libro-de-Horas-de-los-Zuniga-s.-XV.jpg\",\"width\":542,\"height\":339},{\"@type\":\"BreadcrumbList\",\"@id\":\"https:\\\/\\\/www.comprarmejor.es\\\/en\\\/product\\\/book-of-hours-of-zuniga-s-xv\\\/#breadcrumb\",\"itemListElement\":[{\"@type\":\"ListItem\",\"position\":1,\"name\":\"Portada\",\"item\":\"https:\\\/\\\/www.comprarmejor.es\\\/en\\\/\"},{\"@type\":\"ListItem\",\"position\":2,\"name\":\"Shop\",\"item\":\"https:\\\/\\\/www.comprarmejor.es\\\/en\\\/shop\\\/\"},{\"@type\":\"ListItem\",\"position\":3,\"name\":\"Book of Hours of Zuniga, s. XV\"}]},{\"@type\":\"WebSite\",\"@id\":\"https:\\\/\\\/www.comprarmejor.es\\\/en\\\/#website\",\"url\":\"https:\\\/\\\/www.comprarmejor.es\\\/en\\\/\",\"name\":\"ComprarMejor\",\"description\":\"ComprarMejor\",\"publisher\":{\"@id\":\"https:\\\/\\\/www.comprarmejor.es\\\/en\\\/#organization\"},\"potentialAction\":[{\"@type\":\"SearchAction\",\"target\":{\"@type\":\"EntryPoint\",\"urlTemplate\":\"https:\\\/\\\/www.comprarmejor.es\\\/en\\\/?s={search_term_string}\"},\"query-input\":{\"@type\":\"PropertyValueSpecification\",\"valueRequired\":true,\"valueName\":\"search_term_string\"}}],\"inLanguage\":\"en-US\"},{\"@type\":\"Organization\",\"@id\":\"https:\\\/\\\/www.comprarmejor.es\\\/en\\\/#organization\",\"name\":\"COMPRAR MEJOR\",\"url\":\"https:\\\/\\\/www.comprarmejor.es\\\/en\\\/\",\"logo\":{\"@type\":\"ImageObject\",\"inLanguage\":\"en-US\",\"@id\":\"https:\\\/\\\/www.comprarmejor.es\\\/en\\\/#\\\/schema\\\/logo\\\/image\\\/\",\"url\":\"https:\\\/\\\/www.comprarmejor.es\\\/wp-content\\\/uploads\\\/2025\\\/09\\\/comprarmejortrinidad.jpg\",\"contentUrl\":\"https:\\\/\\\/www.comprarmejor.es\\\/wp-content\\\/uploads\\\/2025\\\/09\\\/comprarmejortrinidad.jpg\",\"width\":1022,\"height\":1380,\"caption\":\"COMPRAR MEJOR\"},\"image\":{\"@id\":\"https:\\\/\\\/www.comprarmejor.es\\\/en\\\/#\\\/schema\\\/logo\\\/image\\\/\"},\"sameAs\":[\"https:\\\/\\\/www.instagram.com\\\/amigosdelcodice\"]}]}<\/script>\n<!-- \/ Yoast SEO plugin. -->","yoast_head_json":{"title":"Book of Hours of the Z\u00fa\u00f1iga, XV century, Breviary, Castilian nobility","description":"During the s. XV, the Castilian nobility, in imitation of monarchs like Juan II or Isabel la Cat\u00f3lica, is fond of good books and they form magnificent","robots":{"index":"index","follow":"follow","max-snippet":"max-snippet:-1","max-image-preview":"max-image-preview:large","max-video-preview":"max-video-preview:-1"},"canonical":"https:\/\/www.comprarmejor.es\/en\/product\/book-of-hours-of-zuniga-s-xv\/","og_locale":"en_US","og_type":"article","og_title":"Book of Hours of the Z\u00fa\u00f1iga, XV century, Breviary, Castilian nobility","og_description":"During the s. XV, the Castilian nobility, in imitation of monarchs like Juan II or Isabel la Cat\u00f3lica, is fond of good books and they form magnificent","og_url":"https:\/\/www.comprarmejor.es\/en\/product\/book-of-hours-of-zuniga-s-xv\/","og_site_name":"ComprarMejor","article_modified_time":"2026-05-03T08:37:14+00:00","og_image":[{"width":542,"height":339,"url":"https:\/\/www.comprarmejor.es\/wp-content\/uploads\/2016\/10\/p_6_4_2_2_6422-Libro-de-Horas-de-los-Zuniga-s.-XV.jpg","type":"image\/jpeg"}],"twitter_card":"summary_large_image","twitter_misc":{"Est. reading time":"3 minutes"},"schema":{"@context":"https:\/\/schema.org","@graph":[{"@type":"WebPage","@id":"https:\/\/www.comprarmejor.es\/en\/product\/book-of-hours-of-zuniga-s-xv\/","url":"https:\/\/www.comprarmejor.es\/en\/product\/book-of-hours-of-zuniga-s-xv\/","name":"Book of Hours of the Z\u00fa\u00f1iga, XV century, Breviary, Castilian nobility","isPartOf":{"@id":"https:\/\/www.comprarmejor.es\/en\/#website"},"primaryImageOfPage":{"@id":"https:\/\/www.comprarmejor.es\/en\/product\/book-of-hours-of-zuniga-s-xv\/#primaryimage"},"image":{"@id":"https:\/\/www.comprarmejor.es\/en\/product\/book-of-hours-of-zuniga-s-xv\/#primaryimage"},"thumbnailUrl":"https:\/\/www.comprarmejor.es\/wp-content\/uploads\/2016\/10\/p_6_4_2_2_6422-Libro-de-Horas-de-los-Zuniga-s.-XV.jpg","datePublished":"2016-10-07T16:57:24+00:00","dateModified":"2026-05-03T08:37:14+00:00","description":"During the s. XV, the Castilian nobility, in imitation of monarchs like Juan II or Isabel la Cat\u00f3lica, is fond of good books and they form magnificent","breadcrumb":{"@id":"https:\/\/www.comprarmejor.es\/en\/product\/book-of-hours-of-zuniga-s-xv\/#breadcrumb"},"inLanguage":"en-US","potentialAction":[{"@type":"ReadAction","target":["https:\/\/www.comprarmejor.es\/en\/product\/book-of-hours-of-zuniga-s-xv\/"]}]},{"@type":"ImageObject","inLanguage":"en-US","@id":"https:\/\/www.comprarmejor.es\/en\/product\/book-of-hours-of-zuniga-s-xv\/#primaryimage","url":"https:\/\/www.comprarmejor.es\/wp-content\/uploads\/2016\/10\/p_6_4_2_2_6422-Libro-de-Horas-de-los-Zuniga-s.-XV.jpg","contentUrl":"https:\/\/www.comprarmejor.es\/wp-content\/uploads\/2016\/10\/p_6_4_2_2_6422-Libro-de-Horas-de-los-Zuniga-s.-XV.jpg","width":542,"height":339},{"@type":"BreadcrumbList","@id":"https:\/\/www.comprarmejor.es\/en\/product\/book-of-hours-of-zuniga-s-xv\/#breadcrumb","itemListElement":[{"@type":"ListItem","position":1,"name":"Portada","item":"https:\/\/www.comprarmejor.es\/en\/"},{"@type":"ListItem","position":2,"name":"Shop","item":"https:\/\/www.comprarmejor.es\/en\/shop\/"},{"@type":"ListItem","position":3,"name":"Book of Hours of Zuniga, s. XV"}]},{"@type":"WebSite","@id":"https:\/\/www.comprarmejor.es\/en\/#website","url":"https:\/\/www.comprarmejor.es\/en\/","name":"ComprarMejor","description":"ComprarMejor","publisher":{"@id":"https:\/\/www.comprarmejor.es\/en\/#organization"},"potentialAction":[{"@type":"SearchAction","target":{"@type":"EntryPoint","urlTemplate":"https:\/\/www.comprarmejor.es\/en\/?s={search_term_string}"},"query-input":{"@type":"PropertyValueSpecification","valueRequired":true,"valueName":"search_term_string"}}],"inLanguage":"en-US"},{"@type":"Organization","@id":"https:\/\/www.comprarmejor.es\/en\/#organization","name":"COMPRAR MEJOR","url":"https:\/\/www.comprarmejor.es\/en\/","logo":{"@type":"ImageObject","inLanguage":"en-US","@id":"https:\/\/www.comprarmejor.es\/en\/#\/schema\/logo\/image\/","url":"https:\/\/www.comprarmejor.es\/wp-content\/uploads\/2025\/09\/comprarmejortrinidad.jpg","contentUrl":"https:\/\/www.comprarmejor.es\/wp-content\/uploads\/2025\/09\/comprarmejortrinidad.jpg","width":1022,"height":1380,"caption":"COMPRAR MEJOR"},"image":{"@id":"https:\/\/www.comprarmejor.es\/en\/#\/schema\/logo\/image\/"},"sameAs":["https:\/\/www.instagram.com\/amigosdelcodice"]}]}},"_links":{"self":[{"href":"https:\/\/www.comprarmejor.es\/en\/wp-json\/wp\/v2\/product\/53977","targetHints":{"allow":["GET"]}}],"collection":[{"href":"https:\/\/www.comprarmejor.es\/en\/wp-json\/wp\/v2\/product"}],"about":[{"href":"https:\/\/www.comprarmejor.es\/en\/wp-json\/wp\/v2\/types\/product"}],"wp:featuredmedia":[{"embeddable":true,"href":"https:\/\/www.comprarmejor.es\/en\/wp-json\/wp\/v2\/media\/53969"}],"wp:attachment":[{"href":"https:\/\/www.comprarmejor.es\/en\/wp-json\/wp\/v2\/media?parent=53977"}],"wp:term":[{"taxonomy":"product_brand","embeddable":true,"href":"https:\/\/www.comprarmejor.es\/en\/wp-json\/wp\/v2\/product_brand?post=53977"},{"taxonomy":"product_cat","embeddable":true,"href":"https:\/\/www.comprarmejor.es\/en\/wp-json\/wp\/v2\/product_cat?post=53977"},{"taxonomy":"product_tag","embeddable":true,"href":"https:\/\/www.comprarmejor.es\/en\/wp-json\/wp\/v2\/product_tag?post=53977"}],"curies":[{"name":"wp","href":"https:\/\/api.w.org\/{rel}","templated":true}]}}