{"id":53999,"date":"2016-10-10T17:48:01","date_gmt":"2016-10-10T15:48:01","guid":{"rendered":"https:\/\/www.comprarmejor.es\/producto\/book-study-tudela-codex-or-codex-museum-of-america-s-xvi\/"},"modified":"2023-07-08T13:44:16","modified_gmt":"2023-07-08T11:44:16","slug":"i-disegni-di-leonardo-da-vinci-della-gran-bretagna-giunty-2010","status":"publish","type":"product","link":"https:\/\/www.comprarmejor.es\/en\/product\/i-disegni-di-leonardo-da-vinci-della-gran-bretagna-giunty-2010\/","title":{"rendered":"I Disegni di Leonardo da Vinci\u2026 della Gran Bretagna. Giunty, 2010"},"content":{"rendered":"<p style=\"text-align: justify;\">I Disegni di Leonardo da Vinci e della sua cerchia de \u00e9l nelle collezioni della Gran Bretagna. Ordinated and presented by Martin Kemp and Juliana Barone. English translation by Domenico Laurenza. Giunty, 2010.<br \/>\nLeonardo da Vinci&#8217;s drawings and his circle in the collections of Great Britain. Arranged and hosted by Martin Kemp and Juliana Barone. Translation from English by Domenico Laurenza. Giunty, 2010.<\/p>\n<p style=\"text-align: justify;\">Works by:<br \/>\nBirmingham: Barber Institute of Dine Arts<br \/>\nCambridge: Fitzwilliam Museum<br \/>\nChatsworth: Dukes of Devonshire Collection<br \/>\nEdinburgh: National Gallery of Scotland<br \/>\nLondon: British Museum. Courtauld Institute of Art. National Gallery. Victoria and Albert Museum<br \/>\nOxford: Ashmolean Museum. Christ Church Picture Gallery<\/p>\n<p style=\"text-align: justify;\">Edizione Nazionale dei manoscritti e dei disegni di Leonardo da Vinci posta sotto l&#8217;Alto Patronato del Presidente della Repubblica Italiana. Volumi gi\u00e0 pubblicati nella serie \u201cI Disegni di Leonardo da Vinci e della sua cerchia de \u00e9l\u201d.<br \/>\nNational edition of Leonardo da Vinci&#8217;s manuscripts and drawings under the High Patronage of the President of the Italian Republic. 5 volumes (all of them independent, although with the same format) already published from the series &#8220;Leonardo da Vinci&#8217;s drawings and his circle&#8221;, this is number VI.<\/p>\n<p style=\"text-align: justify;\">Numbered facsimile edition, notarized and limited to 998 copies.<\/p>\n<p style=\"text-align: justify;\">Presented the 139 drawings in a large volume full leather box-case, 5 rib spine and gilt title, format 35.5 x 49 x 10.5 cm. The drawings of different sizes and reproduced on thick uniform paper in single sheets and some of them in double format.<br \/>\nIt also includes a study volume in paperback with paper lining, format 31.5 x 45 cm. 240 pages. Texts in Italian.<\/p>\n<p style=\"text-align: justify;\">Complete copy, revised and in perfect condition, unused. Keeps the original editorial packaging.<\/p>\n<p style=\"text-align: justify;\">Free shipping for this item. <span title=\"Cons\u00faltenos sin compromiso cualquier duda, as\u00ed como por cualquier otro facs\u00edmile o art\u00edculo que est\u00e9 buscando.\"><a class=\"btn btn-default\" href=\"https:\/\/www.comprarmejor.es\/en\/contact\">Consult us<\/a> <span class=\"HwtZe\" lang=\"en\"><span class=\"jCAhz ChMk0b\"><span class=\"ryNqvb\">any questions, indicating the article reference.<\/span><\/span><\/span><br \/>\n<\/span><\/p>\n","protected":false},"excerpt":{"rendered":"<p style=\"text-align: justify;\"><span id=\"result_box\" lang=\"en\" xml:lang=\"en\"><span title=\"de Am\u00e9rica.\"><span class=\"VIiyi\" lang=\"en\"><span class=\"HwtZe\" lang=\"en\"><span class=\"jCAhz ChMk0b\"><span class=\"ryNqvb\">I Disegni di Leonardo da Vinci e della sua cerchia de \u00e9l nelle collezioni della Gran Bretagna.<\/span><\/span> <span class=\"jCAhz ChMk0b\"><span class=\"ryNqvb\">Ordinated and presented by Martin Kemp and Juliana Barone.<\/span><\/span><\/span><span class=\"JLqJ4b ChMk0b\" data-language-for-alternatives=\"en\" data-language-to-translate-into=\"es\" data-phrase-index=\"7\" data-number-of-phrases=\"18\"><br \/>\n<\/span><\/span><\/span><\/span><\/p>\n","protected":false},"featured_media":88752,"template":"","meta":[],"product_brand":[],"product_cat":[2270,2250,2220],"product_tag":[4412],"class_list":{"0":"post-53999","1":"product","2":"type-product","3":"status-publish","4":"has-post-thumbnail","6":"product_cat-drawings","7":"product_cat-other-facsimiles","8":"product_cat-special-offers","9":"product_tag-leonardo-en-2","10":"description-off","12":"first","13":"instock","14":"sale","15":"taxable","16":"shipping-taxable","17":"purchasable","18":"product-type-simple"},"yoast_head":"<!-- This site is optimized with the Yoast SEO plugin v27.3 - https:\/\/yoast.com\/product\/yoast-seo-wordpress\/ -->\n<title>I Disegni di Leonardo da Vinci\u2026 della Gran Bretagna. Giunty, 2010<\/title>\n<meta name=\"description\" content=\"I Disegni di Leonardo da Vinci e della sua cerchia de \u00e9l nelle collezioni della Gran Bretagna. Ordinated and presented by Martin Kemp and Juliana Barone.\" \/>\n<meta name=\"robots\" content=\"index, follow, max-snippet:-1, max-image-preview:large, max-video-preview:-1\" \/>\n<link rel=\"canonical\" href=\"https:\/\/www.comprarmejor.es\/en\/product\/i-disegni-di-leonardo-da-vinci-della-gran-bretagna-giunty-2010\/\" \/>\n<meta property=\"og:locale\" content=\"en_US\" \/>\n<meta property=\"og:type\" content=\"article\" \/>\n<meta property=\"og:title\" content=\"I Disegni di Leonardo da Vinci\u2026 della Gran Bretagna. Giunty, 2010\" \/>\n<meta property=\"og:description\" content=\"I Disegni di Leonardo da Vinci e della sua cerchia de \u00e9l nelle collezioni della Gran Bretagna. Ordinated and presented by Martin Kemp and Juliana Barone.\" \/>\n<meta property=\"og:url\" content=\"https:\/\/www.comprarmejor.es\/en\/product\/i-disegni-di-leonardo-da-vinci-della-gran-bretagna-giunty-2010\/\" \/>\n<meta property=\"og:site_name\" content=\"ComprarMejor\" \/>\n<meta property=\"article:modified_time\" content=\"2023-07-08T11:44:16+00:00\" \/>\n<meta property=\"og:image\" content=\"https:\/\/www.comprarmejor.es\/wp-content\/uploads\/2016\/10\/LdVGB-1.jpg\" \/>\n\t<meta property=\"og:image:width\" content=\"576\" \/>\n\t<meta property=\"og:image:height\" content=\"768\" \/>\n\t<meta property=\"og:image:type\" content=\"image\/jpeg\" \/>\n<meta name=\"twitter:card\" content=\"summary_large_image\" \/>\n<meta name=\"twitter:label1\" content=\"Est. reading time\" \/>\n\t<meta name=\"twitter:data1\" content=\"2 minutes\" \/>\n<script type=\"application\/ld+json\" class=\"yoast-schema-graph\">{\"@context\":\"https:\\\/\\\/schema.org\",\"@graph\":[{\"@type\":\"WebPage\",\"@id\":\"https:\\\/\\\/www.comprarmejor.es\\\/en\\\/product\\\/i-disegni-di-leonardo-da-vinci-della-gran-bretagna-giunty-2010\\\/\",\"url\":\"https:\\\/\\\/www.comprarmejor.es\\\/en\\\/product\\\/i-disegni-di-leonardo-da-vinci-della-gran-bretagna-giunty-2010\\\/\",\"name\":\"I Disegni di Leonardo da Vinci\u2026 della Gran Bretagna. Giunty, 2010\",\"isPartOf\":{\"@id\":\"https:\\\/\\\/www.comprarmejor.es\\\/en\\\/#website\"},\"primaryImageOfPage\":{\"@id\":\"https:\\\/\\\/www.comprarmejor.es\\\/en\\\/product\\\/i-disegni-di-leonardo-da-vinci-della-gran-bretagna-giunty-2010\\\/#primaryimage\"},\"image\":{\"@id\":\"https:\\\/\\\/www.comprarmejor.es\\\/en\\\/product\\\/i-disegni-di-leonardo-da-vinci-della-gran-bretagna-giunty-2010\\\/#primaryimage\"},\"thumbnailUrl\":\"https:\\\/\\\/www.comprarmejor.es\\\/wp-content\\\/uploads\\\/2016\\\/10\\\/LdVGB-1.jpg\",\"datePublished\":\"2016-10-10T15:48:01+00:00\",\"dateModified\":\"2023-07-08T11:44:16+00:00\",\"description\":\"I Disegni di Leonardo da Vinci e della sua cerchia de \u00e9l nelle collezioni della Gran Bretagna. Ordinated and presented by Martin Kemp and Juliana Barone.\",\"breadcrumb\":{\"@id\":\"https:\\\/\\\/www.comprarmejor.es\\\/en\\\/product\\\/i-disegni-di-leonardo-da-vinci-della-gran-bretagna-giunty-2010\\\/#breadcrumb\"},\"inLanguage\":\"en-US\",\"potentialAction\":[{\"@type\":\"ReadAction\",\"target\":[\"https:\\\/\\\/www.comprarmejor.es\\\/en\\\/product\\\/i-disegni-di-leonardo-da-vinci-della-gran-bretagna-giunty-2010\\\/\"]}]},{\"@type\":\"ImageObject\",\"inLanguage\":\"en-US\",\"@id\":\"https:\\\/\\\/www.comprarmejor.es\\\/en\\\/product\\\/i-disegni-di-leonardo-da-vinci-della-gran-bretagna-giunty-2010\\\/#primaryimage\",\"url\":\"https:\\\/\\\/www.comprarmejor.es\\\/wp-content\\\/uploads\\\/2016\\\/10\\\/LdVGB-1.jpg\",\"contentUrl\":\"https:\\\/\\\/www.comprarmejor.es\\\/wp-content\\\/uploads\\\/2016\\\/10\\\/LdVGB-1.jpg\",\"width\":576,\"height\":768},{\"@type\":\"BreadcrumbList\",\"@id\":\"https:\\\/\\\/www.comprarmejor.es\\\/en\\\/product\\\/i-disegni-di-leonardo-da-vinci-della-gran-bretagna-giunty-2010\\\/#breadcrumb\",\"itemListElement\":[{\"@type\":\"ListItem\",\"position\":1,\"name\":\"Portada\",\"item\":\"https:\\\/\\\/www.comprarmejor.es\\\/en\\\/\"},{\"@type\":\"ListItem\",\"position\":2,\"name\":\"Shop\",\"item\":\"https:\\\/\\\/www.comprarmejor.es\\\/en\\\/shop\\\/\"},{\"@type\":\"ListItem\",\"position\":3,\"name\":\"I Disegni di Leonardo da Vinci\u2026 della Gran Bretagna. Giunty, 2010\"}]},{\"@type\":\"WebSite\",\"@id\":\"https:\\\/\\\/www.comprarmejor.es\\\/en\\\/#website\",\"url\":\"https:\\\/\\\/www.comprarmejor.es\\\/en\\\/\",\"name\":\"ComprarMejor\",\"description\":\"ComprarMejor\",\"publisher\":{\"@id\":\"https:\\\/\\\/www.comprarmejor.es\\\/en\\\/#organization\"},\"potentialAction\":[{\"@type\":\"SearchAction\",\"target\":{\"@type\":\"EntryPoint\",\"urlTemplate\":\"https:\\\/\\\/www.comprarmejor.es\\\/en\\\/?s={search_term_string}\"},\"query-input\":{\"@type\":\"PropertyValueSpecification\",\"valueRequired\":true,\"valueName\":\"search_term_string\"}}],\"inLanguage\":\"en-US\"},{\"@type\":\"Organization\",\"@id\":\"https:\\\/\\\/www.comprarmejor.es\\\/en\\\/#organization\",\"name\":\"COMPRAR MEJOR\",\"url\":\"https:\\\/\\\/www.comprarmejor.es\\\/en\\\/\",\"logo\":{\"@type\":\"ImageObject\",\"inLanguage\":\"en-US\",\"@id\":\"https:\\\/\\\/www.comprarmejor.es\\\/en\\\/#\\\/schema\\\/logo\\\/image\\\/\",\"url\":\"https:\\\/\\\/www.comprarmejor.es\\\/wp-content\\\/uploads\\\/2025\\\/09\\\/comprarmejortrinidad.jpg\",\"contentUrl\":\"https:\\\/\\\/www.comprarmejor.es\\\/wp-content\\\/uploads\\\/2025\\\/09\\\/comprarmejortrinidad.jpg\",\"width\":1022,\"height\":1380,\"caption\":\"COMPRAR MEJOR\"},\"image\":{\"@id\":\"https:\\\/\\\/www.comprarmejor.es\\\/en\\\/#\\\/schema\\\/logo\\\/image\\\/\"},\"sameAs\":[\"https:\\\/\\\/www.instagram.com\\\/amigosdelcodice\"]}]}<\/script>\n<!-- \/ Yoast SEO plugin. -->","yoast_head_json":{"title":"I Disegni di Leonardo da Vinci\u2026 della Gran Bretagna. Giunty, 2010","description":"I Disegni di Leonardo da Vinci e della sua cerchia de \u00e9l nelle collezioni della Gran Bretagna. Ordinated and presented by Martin Kemp and Juliana Barone.","robots":{"index":"index","follow":"follow","max-snippet":"max-snippet:-1","max-image-preview":"max-image-preview:large","max-video-preview":"max-video-preview:-1"},"canonical":"https:\/\/www.comprarmejor.es\/en\/product\/i-disegni-di-leonardo-da-vinci-della-gran-bretagna-giunty-2010\/","og_locale":"en_US","og_type":"article","og_title":"I Disegni di Leonardo da Vinci\u2026 della Gran Bretagna. Giunty, 2010","og_description":"I Disegni di Leonardo da Vinci e della sua cerchia de \u00e9l nelle collezioni della Gran Bretagna. Ordinated and presented by Martin Kemp and Juliana Barone.","og_url":"https:\/\/www.comprarmejor.es\/en\/product\/i-disegni-di-leonardo-da-vinci-della-gran-bretagna-giunty-2010\/","og_site_name":"ComprarMejor","article_modified_time":"2023-07-08T11:44:16+00:00","og_image":[{"width":576,"height":768,"url":"https:\/\/www.comprarmejor.es\/wp-content\/uploads\/2016\/10\/LdVGB-1.jpg","type":"image\/jpeg"}],"twitter_card":"summary_large_image","twitter_misc":{"Est. reading time":"2 minutes"},"schema":{"@context":"https:\/\/schema.org","@graph":[{"@type":"WebPage","@id":"https:\/\/www.comprarmejor.es\/en\/product\/i-disegni-di-leonardo-da-vinci-della-gran-bretagna-giunty-2010\/","url":"https:\/\/www.comprarmejor.es\/en\/product\/i-disegni-di-leonardo-da-vinci-della-gran-bretagna-giunty-2010\/","name":"I Disegni di Leonardo da Vinci\u2026 della Gran Bretagna. Giunty, 2010","isPartOf":{"@id":"https:\/\/www.comprarmejor.es\/en\/#website"},"primaryImageOfPage":{"@id":"https:\/\/www.comprarmejor.es\/en\/product\/i-disegni-di-leonardo-da-vinci-della-gran-bretagna-giunty-2010\/#primaryimage"},"image":{"@id":"https:\/\/www.comprarmejor.es\/en\/product\/i-disegni-di-leonardo-da-vinci-della-gran-bretagna-giunty-2010\/#primaryimage"},"thumbnailUrl":"https:\/\/www.comprarmejor.es\/wp-content\/uploads\/2016\/10\/LdVGB-1.jpg","datePublished":"2016-10-10T15:48:01+00:00","dateModified":"2023-07-08T11:44:16+00:00","description":"I Disegni di Leonardo da Vinci e della sua cerchia de \u00e9l nelle collezioni della Gran Bretagna. Ordinated and presented by Martin Kemp and Juliana Barone.","breadcrumb":{"@id":"https:\/\/www.comprarmejor.es\/en\/product\/i-disegni-di-leonardo-da-vinci-della-gran-bretagna-giunty-2010\/#breadcrumb"},"inLanguage":"en-US","potentialAction":[{"@type":"ReadAction","target":["https:\/\/www.comprarmejor.es\/en\/product\/i-disegni-di-leonardo-da-vinci-della-gran-bretagna-giunty-2010\/"]}]},{"@type":"ImageObject","inLanguage":"en-US","@id":"https:\/\/www.comprarmejor.es\/en\/product\/i-disegni-di-leonardo-da-vinci-della-gran-bretagna-giunty-2010\/#primaryimage","url":"https:\/\/www.comprarmejor.es\/wp-content\/uploads\/2016\/10\/LdVGB-1.jpg","contentUrl":"https:\/\/www.comprarmejor.es\/wp-content\/uploads\/2016\/10\/LdVGB-1.jpg","width":576,"height":768},{"@type":"BreadcrumbList","@id":"https:\/\/www.comprarmejor.es\/en\/product\/i-disegni-di-leonardo-da-vinci-della-gran-bretagna-giunty-2010\/#breadcrumb","itemListElement":[{"@type":"ListItem","position":1,"name":"Portada","item":"https:\/\/www.comprarmejor.es\/en\/"},{"@type":"ListItem","position":2,"name":"Shop","item":"https:\/\/www.comprarmejor.es\/en\/shop\/"},{"@type":"ListItem","position":3,"name":"I Disegni di Leonardo da Vinci\u2026 della Gran Bretagna. Giunty, 2010"}]},{"@type":"WebSite","@id":"https:\/\/www.comprarmejor.es\/en\/#website","url":"https:\/\/www.comprarmejor.es\/en\/","name":"ComprarMejor","description":"ComprarMejor","publisher":{"@id":"https:\/\/www.comprarmejor.es\/en\/#organization"},"potentialAction":[{"@type":"SearchAction","target":{"@type":"EntryPoint","urlTemplate":"https:\/\/www.comprarmejor.es\/en\/?s={search_term_string}"},"query-input":{"@type":"PropertyValueSpecification","valueRequired":true,"valueName":"search_term_string"}}],"inLanguage":"en-US"},{"@type":"Organization","@id":"https:\/\/www.comprarmejor.es\/en\/#organization","name":"COMPRAR MEJOR","url":"https:\/\/www.comprarmejor.es\/en\/","logo":{"@type":"ImageObject","inLanguage":"en-US","@id":"https:\/\/www.comprarmejor.es\/en\/#\/schema\/logo\/image\/","url":"https:\/\/www.comprarmejor.es\/wp-content\/uploads\/2025\/09\/comprarmejortrinidad.jpg","contentUrl":"https:\/\/www.comprarmejor.es\/wp-content\/uploads\/2025\/09\/comprarmejortrinidad.jpg","width":1022,"height":1380,"caption":"COMPRAR MEJOR"},"image":{"@id":"https:\/\/www.comprarmejor.es\/en\/#\/schema\/logo\/image\/"},"sameAs":["https:\/\/www.instagram.com\/amigosdelcodice"]}]}},"_links":{"self":[{"href":"https:\/\/www.comprarmejor.es\/en\/wp-json\/wp\/v2\/product\/53999","targetHints":{"allow":["GET"]}}],"collection":[{"href":"https:\/\/www.comprarmejor.es\/en\/wp-json\/wp\/v2\/product"}],"about":[{"href":"https:\/\/www.comprarmejor.es\/en\/wp-json\/wp\/v2\/types\/product"}],"wp:featuredmedia":[{"embeddable":true,"href":"https:\/\/www.comprarmejor.es\/en\/wp-json\/wp\/v2\/media\/88752"}],"wp:attachment":[{"href":"https:\/\/www.comprarmejor.es\/en\/wp-json\/wp\/v2\/media?parent=53999"}],"wp:term":[{"taxonomy":"product_brand","embeddable":true,"href":"https:\/\/www.comprarmejor.es\/en\/wp-json\/wp\/v2\/product_brand?post=53999"},{"taxonomy":"product_cat","embeddable":true,"href":"https:\/\/www.comprarmejor.es\/en\/wp-json\/wp\/v2\/product_cat?post=53999"},{"taxonomy":"product_tag","embeddable":true,"href":"https:\/\/www.comprarmejor.es\/en\/wp-json\/wp\/v2\/product_tag?post=53999"}],"curies":[{"name":"wp","href":"https:\/\/api.w.org\/{rel}","templated":true}]}}