{"id":54007,"date":"2016-10-13T13:32:26","date_gmt":"2016-10-13T11:32:26","guid":{"rendered":"https:\/\/www.comprarmejor.es\/producto\/national-lottery-thursday-number-42574-complete\/"},"modified":"2026-01-21T23:18:57","modified_gmt":"2026-01-21T22:18:57","slug":"figurative-apocalypse-of-the-abbey-of-saint-victor-13th-century","status":"publish","type":"product","link":"https:\/\/www.comprarmejor.es\/en\/product\/figurative-apocalypse-of-the-abbey-of-saint-victor-13th-century\/","title":{"rendered":"Figurative Apocalypse of the Abbey of Saint Victor, 13th Century"},"content":{"rendered":"<p style=\"text-align: justify;\">2023 facsimile edition of the Latin manuscript 14410 from the National Library of France, \u201cFigurative Apocalypse of the Abbey of Saint Victor,\u201d 13th century (ca. 1275\u20131300). The enigma of the Apocalypse in images.<\/p>\n<p style=\"text-align: justify;\">Bound in brown leather with blind tooling, raised bands with title label, 23.5 x 32.5 cm. 84 beautifully illustrated pages with 83 miniatures embellished with gold. Written in Latin and produced in France.<\/p>\n<p style=\"text-align: justify;\">Presented in a protective slipcase of wood and illustrated cloth, 27.5 x 36 x 4 cm.<\/p>\n<p style=\"text-align: justify;\">Includes a companion study book, bound in illustrated hardcover, 21.7 x 30.5 cm. Texts by Elisa Ruiz Garc\u00eda and Dieter R\u00f6schel.<\/p>\n<p style=\"text-align: justify;\">Limited edition of 505 copies without Roman numerals, authenticated by a notary public. Copy in perfect condition, complete, new, unused.<\/p>\n<p style=\"text-align: justify;\">The style of the 83 miniatures contained in this elegant codex can be identified with the prolific Norman school, characterized by its marked influence from late 13th-century English miniatures. Stained-glass windows produced in Normandy, particularly in \u00c9vreux and Coutances, show a stylistic similarity, perhaps relevant to understanding its Norman origin.<\/p>\n<p style=\"text-align: justify;\">While apocalyptic miniatures contemporary to this manuscript reflect pain and horror in their figures and are often charged with aggression (the monsters roar, and one can almost feel their fiery breath and the earth trembling beneath their feet), the images that fill the folios of the Apocalypse of the Abbey of Saint Victor radiate an extraordinary sensitivity and refinement.<\/p>\n<p style=\"text-align: justify;\">The style of his miniatures, characterized by the elegant, slow movements of the figures, the rich nuances of the colors used, and the realism in the portraits, is unparalleled in Parisian or English painting of the first half of the 14th century.<\/p>\n<p style=\"text-align: justify;\">Free shipping on this item. <span title=\"Cons\u00faltenos sin compromiso cualquier duda, as\u00ed como por cualquier otro facs\u00edmile o art\u00edculo que est\u00e9 buscando.\"><a class=\"btn btn-default\" href=\"https:\/\/www.comprarmejor.es\/en\/contact\/\">Consult us<\/a> <span class=\"VIiyi\" lang=\"en\"><span class=\"JLqJ4b\" data-language-for-alternatives=\"en\" data-language-to-translate-into=\"es\" data-phrase-index=\"0\" data-number-of-phrases=\"1\">without obligation (indicating the reference of the article) any questions.<\/span><\/span><br \/>\n<\/span><\/p>\n","protected":false},"excerpt":{"rendered":"<p style=\"text-align: justify;\"><span id=\"result_box\" lang=\"en\" xml:lang=\"en\"><span title=\"Actualmente la obra completa se conserva en la Biblioteca Real del monasterio de El Escorial.\"><span lang=\"en\" xml:lang=\"en\"><span class=\"VIiyi\" lang=\"en\"><span class=\"JLqJ4b\" data-language-for-alternatives=\"en\" data-language-to-translate-into=\"es\" data-phrase-index=\"0\" data-number-of-phrases=\"1\">Facsimile edition of Latin manuscript 14410 from the National Library of France, \u201cFigurative Apocalypse of the Abbey of Saint Victor,\u201d 13th century (ca. 1275-1300). The enigma of the Apocalypse in images.<\/span><\/span><\/span><\/span><\/span><\/p>\n","protected":false},"featured_media":105593,"template":"","meta":[],"product_brand":[],"product_cat":[2204],"product_tag":[5256,3975,4002],"class_list":{"0":"post-54007","1":"product","2":"type-product","3":"status-publish","4":"has-post-thumbnail","6":"product_cat-beatus-of-liebana","7":"product_tag-apocalipsis-en","8":"product_tag-bnf-en","9":"product_tag-orbis-en","10":"description-off","12":"first","13":"instock","14":"taxable","15":"shipping-taxable","16":"purchasable","17":"product-type-simple"},"yoast_head":"<!-- This site is optimized with the Yoast SEO plugin v27.3 - https:\/\/yoast.com\/product\/yoast-seo-wordpress\/ -->\n<title>Figurative Apocalypse of the Abbey of Saint Victor, 13th Century<\/title>\n<meta name=\"description\" content=\"Facsimile edition of Latin manuscript 14410 from the National Library of France, \u201cFigurative Apocalypse of the Abbey of Saint Victor,\u201d 13th century\" \/>\n<meta name=\"robots\" content=\"index, follow, max-snippet:-1, max-image-preview:large, max-video-preview:-1\" \/>\n<link rel=\"canonical\" href=\"https:\/\/www.comprarmejor.es\/en\/product\/figurative-apocalypse-of-the-abbey-of-saint-victor-13th-century\/\" \/>\n<meta property=\"og:locale\" content=\"en_US\" \/>\n<meta property=\"og:type\" content=\"article\" \/>\n<meta property=\"og:title\" content=\"Figurative Apocalypse of the Abbey of Saint Victor, 13th Century\" \/>\n<meta property=\"og:description\" content=\"Facsimile edition of Latin manuscript 14410 from the National Library of France, \u201cFigurative Apocalypse of the Abbey of Saint Victor,\u201d 13th century\" \/>\n<meta property=\"og:url\" content=\"https:\/\/www.comprarmejor.es\/en\/product\/figurative-apocalypse-of-the-abbey-of-saint-victor-13th-century\/\" \/>\n<meta property=\"og:site_name\" content=\"ComprarMejor\" \/>\n<meta property=\"article:modified_time\" content=\"2026-01-21T22:18:57+00:00\" \/>\n<meta property=\"og:image\" content=\"https:\/\/www.comprarmejor.es\/wp-content\/uploads\/2016\/10\/AFAbadSV-1.jpg\" \/>\n\t<meta property=\"og:image:width\" content=\"750\" \/>\n\t<meta property=\"og:image:height\" content=\"563\" \/>\n\t<meta property=\"og:image:type\" content=\"image\/jpeg\" \/>\n<meta name=\"twitter:card\" content=\"summary_large_image\" \/>\n<meta name=\"twitter:label1\" content=\"Est. reading time\" \/>\n\t<meta name=\"twitter:data1\" content=\"2 minutes\" \/>\n<script type=\"application\/ld+json\" class=\"yoast-schema-graph\">{\"@context\":\"https:\\\/\\\/schema.org\",\"@graph\":[{\"@type\":\"WebPage\",\"@id\":\"https:\\\/\\\/www.comprarmejor.es\\\/en\\\/product\\\/figurative-apocalypse-of-the-abbey-of-saint-victor-13th-century\\\/\",\"url\":\"https:\\\/\\\/www.comprarmejor.es\\\/en\\\/product\\\/figurative-apocalypse-of-the-abbey-of-saint-victor-13th-century\\\/\",\"name\":\"Figurative Apocalypse of the Abbey of Saint Victor, 13th Century\",\"isPartOf\":{\"@id\":\"https:\\\/\\\/www.comprarmejor.es\\\/en\\\/#website\"},\"primaryImageOfPage\":{\"@id\":\"https:\\\/\\\/www.comprarmejor.es\\\/en\\\/product\\\/figurative-apocalypse-of-the-abbey-of-saint-victor-13th-century\\\/#primaryimage\"},\"image\":{\"@id\":\"https:\\\/\\\/www.comprarmejor.es\\\/en\\\/product\\\/figurative-apocalypse-of-the-abbey-of-saint-victor-13th-century\\\/#primaryimage\"},\"thumbnailUrl\":\"https:\\\/\\\/www.comprarmejor.es\\\/wp-content\\\/uploads\\\/2016\\\/10\\\/AFAbadSV-1.jpg\",\"datePublished\":\"2016-10-13T11:32:26+00:00\",\"dateModified\":\"2026-01-21T22:18:57+00:00\",\"description\":\"Facsimile edition of Latin manuscript 14410 from the National Library of France, \u201cFigurative Apocalypse of the Abbey of Saint Victor,\u201d 13th century\",\"breadcrumb\":{\"@id\":\"https:\\\/\\\/www.comprarmejor.es\\\/en\\\/product\\\/figurative-apocalypse-of-the-abbey-of-saint-victor-13th-century\\\/#breadcrumb\"},\"inLanguage\":\"en-US\",\"potentialAction\":[{\"@type\":\"ReadAction\",\"target\":[\"https:\\\/\\\/www.comprarmejor.es\\\/en\\\/product\\\/figurative-apocalypse-of-the-abbey-of-saint-victor-13th-century\\\/\"]}]},{\"@type\":\"ImageObject\",\"inLanguage\":\"en-US\",\"@id\":\"https:\\\/\\\/www.comprarmejor.es\\\/en\\\/product\\\/figurative-apocalypse-of-the-abbey-of-saint-victor-13th-century\\\/#primaryimage\",\"url\":\"https:\\\/\\\/www.comprarmejor.es\\\/wp-content\\\/uploads\\\/2016\\\/10\\\/AFAbadSV-1.jpg\",\"contentUrl\":\"https:\\\/\\\/www.comprarmejor.es\\\/wp-content\\\/uploads\\\/2016\\\/10\\\/AFAbadSV-1.jpg\",\"width\":750,\"height\":563},{\"@type\":\"BreadcrumbList\",\"@id\":\"https:\\\/\\\/www.comprarmejor.es\\\/en\\\/product\\\/figurative-apocalypse-of-the-abbey-of-saint-victor-13th-century\\\/#breadcrumb\",\"itemListElement\":[{\"@type\":\"ListItem\",\"position\":1,\"name\":\"Portada\",\"item\":\"https:\\\/\\\/www.comprarmejor.es\\\/en\\\/\"},{\"@type\":\"ListItem\",\"position\":2,\"name\":\"Shop\",\"item\":\"https:\\\/\\\/www.comprarmejor.es\\\/en\\\/shop\\\/\"},{\"@type\":\"ListItem\",\"position\":3,\"name\":\"Figurative Apocalypse of the Abbey of Saint Victor, 13th Century\"}]},{\"@type\":\"WebSite\",\"@id\":\"https:\\\/\\\/www.comprarmejor.es\\\/en\\\/#website\",\"url\":\"https:\\\/\\\/www.comprarmejor.es\\\/en\\\/\",\"name\":\"ComprarMejor\",\"description\":\"ComprarMejor\",\"publisher\":{\"@id\":\"https:\\\/\\\/www.comprarmejor.es\\\/en\\\/#organization\"},\"potentialAction\":[{\"@type\":\"SearchAction\",\"target\":{\"@type\":\"EntryPoint\",\"urlTemplate\":\"https:\\\/\\\/www.comprarmejor.es\\\/en\\\/?s={search_term_string}\"},\"query-input\":{\"@type\":\"PropertyValueSpecification\",\"valueRequired\":true,\"valueName\":\"search_term_string\"}}],\"inLanguage\":\"en-US\"},{\"@type\":\"Organization\",\"@id\":\"https:\\\/\\\/www.comprarmejor.es\\\/en\\\/#organization\",\"name\":\"COMPRAR MEJOR\",\"url\":\"https:\\\/\\\/www.comprarmejor.es\\\/en\\\/\",\"logo\":{\"@type\":\"ImageObject\",\"inLanguage\":\"en-US\",\"@id\":\"https:\\\/\\\/www.comprarmejor.es\\\/en\\\/#\\\/schema\\\/logo\\\/image\\\/\",\"url\":\"https:\\\/\\\/www.comprarmejor.es\\\/wp-content\\\/uploads\\\/2025\\\/09\\\/comprarmejortrinidad.jpg\",\"contentUrl\":\"https:\\\/\\\/www.comprarmejor.es\\\/wp-content\\\/uploads\\\/2025\\\/09\\\/comprarmejortrinidad.jpg\",\"width\":1022,\"height\":1380,\"caption\":\"COMPRAR MEJOR\"},\"image\":{\"@id\":\"https:\\\/\\\/www.comprarmejor.es\\\/en\\\/#\\\/schema\\\/logo\\\/image\\\/\"},\"sameAs\":[\"https:\\\/\\\/www.instagram.com\\\/amigosdelcodice\"]}]}<\/script>\n<!-- \/ Yoast SEO plugin. -->","yoast_head_json":{"title":"Figurative Apocalypse of the Abbey of Saint Victor, 13th Century","description":"Facsimile edition of Latin manuscript 14410 from the National Library of France, \u201cFigurative Apocalypse of the Abbey of Saint Victor,\u201d 13th century","robots":{"index":"index","follow":"follow","max-snippet":"max-snippet:-1","max-image-preview":"max-image-preview:large","max-video-preview":"max-video-preview:-1"},"canonical":"https:\/\/www.comprarmejor.es\/en\/product\/figurative-apocalypse-of-the-abbey-of-saint-victor-13th-century\/","og_locale":"en_US","og_type":"article","og_title":"Figurative Apocalypse of the Abbey of Saint Victor, 13th Century","og_description":"Facsimile edition of Latin manuscript 14410 from the National Library of France, \u201cFigurative Apocalypse of the Abbey of Saint Victor,\u201d 13th century","og_url":"https:\/\/www.comprarmejor.es\/en\/product\/figurative-apocalypse-of-the-abbey-of-saint-victor-13th-century\/","og_site_name":"ComprarMejor","article_modified_time":"2026-01-21T22:18:57+00:00","og_image":[{"width":750,"height":563,"url":"https:\/\/www.comprarmejor.es\/wp-content\/uploads\/2016\/10\/AFAbadSV-1.jpg","type":"image\/jpeg"}],"twitter_card":"summary_large_image","twitter_misc":{"Est. reading time":"2 minutes"},"schema":{"@context":"https:\/\/schema.org","@graph":[{"@type":"WebPage","@id":"https:\/\/www.comprarmejor.es\/en\/product\/figurative-apocalypse-of-the-abbey-of-saint-victor-13th-century\/","url":"https:\/\/www.comprarmejor.es\/en\/product\/figurative-apocalypse-of-the-abbey-of-saint-victor-13th-century\/","name":"Figurative Apocalypse of the Abbey of Saint Victor, 13th Century","isPartOf":{"@id":"https:\/\/www.comprarmejor.es\/en\/#website"},"primaryImageOfPage":{"@id":"https:\/\/www.comprarmejor.es\/en\/product\/figurative-apocalypse-of-the-abbey-of-saint-victor-13th-century\/#primaryimage"},"image":{"@id":"https:\/\/www.comprarmejor.es\/en\/product\/figurative-apocalypse-of-the-abbey-of-saint-victor-13th-century\/#primaryimage"},"thumbnailUrl":"https:\/\/www.comprarmejor.es\/wp-content\/uploads\/2016\/10\/AFAbadSV-1.jpg","datePublished":"2016-10-13T11:32:26+00:00","dateModified":"2026-01-21T22:18:57+00:00","description":"Facsimile edition of Latin manuscript 14410 from the National Library of France, \u201cFigurative Apocalypse of the Abbey of Saint Victor,\u201d 13th century","breadcrumb":{"@id":"https:\/\/www.comprarmejor.es\/en\/product\/figurative-apocalypse-of-the-abbey-of-saint-victor-13th-century\/#breadcrumb"},"inLanguage":"en-US","potentialAction":[{"@type":"ReadAction","target":["https:\/\/www.comprarmejor.es\/en\/product\/figurative-apocalypse-of-the-abbey-of-saint-victor-13th-century\/"]}]},{"@type":"ImageObject","inLanguage":"en-US","@id":"https:\/\/www.comprarmejor.es\/en\/product\/figurative-apocalypse-of-the-abbey-of-saint-victor-13th-century\/#primaryimage","url":"https:\/\/www.comprarmejor.es\/wp-content\/uploads\/2016\/10\/AFAbadSV-1.jpg","contentUrl":"https:\/\/www.comprarmejor.es\/wp-content\/uploads\/2016\/10\/AFAbadSV-1.jpg","width":750,"height":563},{"@type":"BreadcrumbList","@id":"https:\/\/www.comprarmejor.es\/en\/product\/figurative-apocalypse-of-the-abbey-of-saint-victor-13th-century\/#breadcrumb","itemListElement":[{"@type":"ListItem","position":1,"name":"Portada","item":"https:\/\/www.comprarmejor.es\/en\/"},{"@type":"ListItem","position":2,"name":"Shop","item":"https:\/\/www.comprarmejor.es\/en\/shop\/"},{"@type":"ListItem","position":3,"name":"Figurative Apocalypse of the Abbey of Saint Victor, 13th Century"}]},{"@type":"WebSite","@id":"https:\/\/www.comprarmejor.es\/en\/#website","url":"https:\/\/www.comprarmejor.es\/en\/","name":"ComprarMejor","description":"ComprarMejor","publisher":{"@id":"https:\/\/www.comprarmejor.es\/en\/#organization"},"potentialAction":[{"@type":"SearchAction","target":{"@type":"EntryPoint","urlTemplate":"https:\/\/www.comprarmejor.es\/en\/?s={search_term_string}"},"query-input":{"@type":"PropertyValueSpecification","valueRequired":true,"valueName":"search_term_string"}}],"inLanguage":"en-US"},{"@type":"Organization","@id":"https:\/\/www.comprarmejor.es\/en\/#organization","name":"COMPRAR MEJOR","url":"https:\/\/www.comprarmejor.es\/en\/","logo":{"@type":"ImageObject","inLanguage":"en-US","@id":"https:\/\/www.comprarmejor.es\/en\/#\/schema\/logo\/image\/","url":"https:\/\/www.comprarmejor.es\/wp-content\/uploads\/2025\/09\/comprarmejortrinidad.jpg","contentUrl":"https:\/\/www.comprarmejor.es\/wp-content\/uploads\/2025\/09\/comprarmejortrinidad.jpg","width":1022,"height":1380,"caption":"COMPRAR MEJOR"},"image":{"@id":"https:\/\/www.comprarmejor.es\/en\/#\/schema\/logo\/image\/"},"sameAs":["https:\/\/www.instagram.com\/amigosdelcodice"]}]}},"_links":{"self":[{"href":"https:\/\/www.comprarmejor.es\/en\/wp-json\/wp\/v2\/product\/54007","targetHints":{"allow":["GET"]}}],"collection":[{"href":"https:\/\/www.comprarmejor.es\/en\/wp-json\/wp\/v2\/product"}],"about":[{"href":"https:\/\/www.comprarmejor.es\/en\/wp-json\/wp\/v2\/types\/product"}],"wp:featuredmedia":[{"embeddable":true,"href":"https:\/\/www.comprarmejor.es\/en\/wp-json\/wp\/v2\/media\/105593"}],"wp:attachment":[{"href":"https:\/\/www.comprarmejor.es\/en\/wp-json\/wp\/v2\/media?parent=54007"}],"wp:term":[{"taxonomy":"product_brand","embeddable":true,"href":"https:\/\/www.comprarmejor.es\/en\/wp-json\/wp\/v2\/product_brand?post=54007"},{"taxonomy":"product_cat","embeddable":true,"href":"https:\/\/www.comprarmejor.es\/en\/wp-json\/wp\/v2\/product_cat?post=54007"},{"taxonomy":"product_tag","embeddable":true,"href":"https:\/\/www.comprarmejor.es\/en\/wp-json\/wp\/v2\/product_tag?post=54007"}],"curies":[{"name":"wp","href":"https:\/\/api.w.org\/{rel}","templated":true}]}}